{"id":36802,"date":"2021-03-15T17:24:52","date_gmt":"2021-03-15T16:24:52","guid":{"rendered":"http:\/\/dafinoo.eu\/mirmar\/product\/gss-23-ae-professional\/"},"modified":"2021-04-21T15:28:01","modified_gmt":"2021-04-21T13:28:01","slug":"gss-23-ae-professional","status":"publish","type":"product","link":"http:\/\/dafinoo.eu\/mirmar\/obchod\/gss-23-ae-professional\/","title":{"rendered":"Bosch GSS 23 AE Professional"},"content":{"rendered":"<p>Prednosti: GSS 23 AE Professional<br \/>\nSo syst\u00e9mom Easy-Fit na upevnenie ak\u00e9hoko\u013evek br\u00fasneho papiera.<\/p>\n<p>    * Syst\u00e9m Easy Fit s automatick\u00fdm nap\u00ednan\u00edm papiera pre perfektn\u00e9 dr\u017eanie kot\u00fa\u010dov\u00e9ho papiera alebo papiera na up\u00ednanie such\u00fdm zipsom<br \/>\n    * Najvy\u0161\u0161ia kvalita povrchu v\u010faka perfektn\u00e9mu upnutiu br\u00fasneho listu a optim\u00e1lna interakcia s mikrofiltrom pre bezpra\u0161n\u00fa pr\u00e1cu<br \/>\n    * Regula\u010dn\u00e1 elektronika pre pr\u00e1cu pod\u013ea povahy materi\u00e1lu (jedin\u00fd v tejto cenovej kateg\u00f3rii)<br \/>\n    * N\u00edzka \u00farove\u0148 vibr\u00e1ci\u00ed pre neunavuj\u00facu pr\u00e1cu<br \/>\n    * Dlh\u00e1 \u017eivotnos\u0165 v\u010faka utesnen\u00fdm gu\u013e\u00f4\u010dkov\u00fdm lo\u017eisk\u00e1m a vysokokvalitnej bielej br\u00fasnej platni<br \/>\n    * Pr\u00edkon 190 W pre vysok\u00fd \u00faberov\u00fd v\u00fdkon<\/p>\n","protected":false},"excerpt":{"rendered":"<p>Technick\u00e9 parametre: GSS 23 AE Professional<br \/>\nMenovit\u00fd pr\u00edkon \t190 W<br \/>\nVo\u013enobe\u017en\u00e9 ot\u00e1\u010dky \t7.000 \u2013 12.000 min-1<br \/>\nPo\u010det kmitov vo vo\u013enobehu \t14.000 \u2013 24.000 min-1<br \/>\nPriemer kmitov, \u00d8 \t2,0 mm<br \/>\nHmotnos\u0165 \t1,7 kg<br \/>\nBr\u00fasna plocha<br \/>\nBr\u00fasna doska, \u0161\u00edrka \t92 mm<br \/>\nBr\u00fasna doska, d\u013a\u017eka \t182 mm<br \/>\nBr\u00fasny list na strme\u0148ov\u00e9 up\u00ednanie, \u0161\u00edrka \t93 mm<br \/>\nBr\u00fasny list na strme\u0148ov\u00e9 up\u00ednanie, d\u013a\u017eka \t230 mm<br \/>\nBr\u00fasny list s velkronov\u00fdm up\u00ednan\u00edm, \u0161\u00edrka \t93 mm<br \/>\nBr\u00fasny list s velkronov\u00fdm up\u00ednan\u00edm, d\u013a\u017eka \t185 mm<br \/>\nFunkcie<\/p>\n<p>    * Velkronov\u00e9 up\u00ednanie<br \/>\n    * Ods\u00e1vanie prachu<br \/>\n    * Elektronika<\/p>\n<p>Inform\u00e1cia o hlu\u010dnosti a vibr\u00e1ci\u00e1ch<\/p>\n<p>Hodnoty merania zisten\u00e9 pod\u013ea EN 60745<br \/>\nCelkov\u00e9 hodnoty vibr\u00e1ci\u00ed (s\u00fa\u010det vektorov v troch smeroch)<br \/>\nHodnota emisie vibr\u00e1ci\u00ed ah \t4.5 m\/s\u00b2<br \/>\nNepresnos\u0165 K \t1.5 m\/s\u00b2<\/p>\n<p>\u00darove\u0148 hluku elektrick\u00e9ho n\u00e1radia s hodnoten\u00edm A je typicky: hladina akustick\u00e9ho tlaku 80 dB(A); hladina akustick\u00e9ho v\u00fdkonu 91 dB(A). Neistota K= 3 dB.<\/p>\n","protected":false},"featured_media":36803,"comment_status":"closed","ping_status":"open","template":"","meta":{"_lmt_disableupdate":"","_lmt_disable":""},"product_cat":[3217,3106,3218],"product_tag":[],"class_list":{"0":"post-36802","1":"product","2":"type-product","3":"status-publish","4":"has-post-thumbnail","6":"product_cat-brusky-hobliky","7":"product_cat-bosch","8":"product_cat-vibracne-brusky-brusky-hobliky","9":"ts_product_brand-bosh","11":"first","12":"instock","13":"taxable","14":"shipping-taxable","15":"purchasable","16":"product-type-simple"},"yoast_head":"<!-- This site is optimized with the Yoast SEO plugin v27.3 - https:\/\/yoast.com\/product\/yoast-seo-wordpress\/ -->\n<title>Bosch GSS 23 AE Professional - MIR-MAR<\/title>\n<meta name=\"robots\" content=\"index, follow, max-snippet:-1, max-image-preview:large, max-video-preview:-1\" \/>\n<link rel=\"canonical\" href=\"http:\/\/dafinoo.eu\/mirmar\/obchod\/gss-23-ae-professional\/\" \/>\n<meta property=\"og:locale\" content=\"sk_SK\" \/>\n<meta property=\"og:type\" content=\"article\" \/>\n<meta property=\"og:title\" content=\"Bosch GSS 23 AE Professional - MIR-MAR\" \/>\n<meta property=\"og:description\" content=\"Technick\u00e9 parametre: GSS 23 AE Professional Menovit\u00fd pr\u00edkon 190 W Vo\u013enobe\u017en\u00e9 ot\u00e1\u010dky 7.000 \u2013 12.000 min-1 Po\u010det kmitov vo vo\u013enobehu 14.000 \u2013 24.000 min-1 Priemer kmitov, \u00d8 2,0 mm Hmotnos\u0165 1,7 kg Br\u00fasna plocha  Br\u00fasna doska, \u0161\u00edrka 92 mm Br\u00fasna doska, d\u013a\u017eka 182 mm Br\u00fasny list na strme\u0148ov\u00e9 up\u00ednanie, \u0161\u00edrka 93 mm Br\u00fasny list na strme\u0148ov\u00e9 up\u00ednanie, d\u013a\u017eka 230 mm Br\u00fasny list s velkronov\u00fdm up\u00ednan\u00edm, \u0161\u00edrka 93 mm Br\u00fasny list s velkronov\u00fdm up\u00ednan\u00edm, d\u013a\u017eka 185 mm Funkcie   * Velkronov\u00e9 up\u00ednanie   * Ods\u00e1vanie prachu   * Elektronika Inform\u00e1cia o hlu\u010dnosti a vibr\u00e1ci\u00e1ch Hodnoty merania zisten\u00e9 pod\u013ea EN 60745 Celkov\u00e9 hodnoty vibr\u00e1ci\u00ed (s\u00fa\u010det vektorov v troch smeroch) Hodnota emisie vibr\u00e1ci\u00ed ah 4.5 m\/s\u00b2 Nepresnos\u0165 K 1.5 m\/s\u00b2 \u00darove\u0148 hluku elektrick\u00e9ho n\u00e1radia s hodnoten\u00edm A je typicky: hladina akustick\u00e9ho tlaku 80 dB(A); hladina akustick\u00e9ho v\u00fdkonu 91 dB(A). Neistota K= 3 dB.\" \/>\n<meta property=\"og:url\" content=\"http:\/\/dafinoo.eu\/mirmar\/obchod\/gss-23-ae-professional\/\" \/>\n<meta property=\"og:site_name\" content=\"MIR-MAR\" \/>\n<meta property=\"article:publisher\" content=\"https:\/\/facebook.com\/mirmareshop\" \/>\n<meta property=\"article:modified_time\" content=\"2021-04-21T13:28:01+00:00\" \/>\n<meta property=\"og:image\" content=\"https:\/\/i1.wp.com\/www.mirmar.sk\/wp-content\/uploads\/2021\/03\/gss_23_ae_professional_1.jpg?fit=258%2C195&ssl=1\" \/>\n\t<meta property=\"og:image:width\" content=\"258\" \/>\n\t<meta property=\"og:image:height\" content=\"195\" \/>\n\t<meta property=\"og:image:type\" content=\"image\/jpeg\" \/>\n<meta name=\"twitter:label1\" content=\"Predpokladan\u00fd \u010das \u010d\u00edtania\" \/>\n\t<meta name=\"twitter:data1\" content=\"1 min\u00fata\" \/>\n<script type=\"application\/ld+json\" class=\"yoast-schema-graph\">{\"@context\":\"https:\\\/\\\/schema.org\",\"@graph\":[{\"@type\":\"WebPage\",\"@id\":\"http:\\\/\\\/dafinoo.eu\\\/mirmar\\\/obchod\\\/gss-23-ae-professional\\\/\",\"url\":\"http:\\\/\\\/dafinoo.eu\\\/mirmar\\\/obchod\\\/gss-23-ae-professional\\\/\",\"name\":\"Bosch GSS 23 AE Professional - MIR-MAR\",\"isPartOf\":{\"@id\":\"http:\\\/\\\/dafinoo.eu\\\/mirmar\\\/#website\"},\"primaryImageOfPage\":{\"@id\":\"http:\\\/\\\/dafinoo.eu\\\/mirmar\\\/obchod\\\/gss-23-ae-professional\\\/#primaryimage\"},\"image\":{\"@id\":\"http:\\\/\\\/dafinoo.eu\\\/mirmar\\\/obchod\\\/gss-23-ae-professional\\\/#primaryimage\"},\"thumbnailUrl\":\"http:\\\/\\\/dafinoo.eu\\\/mirmar\\\/wp-content\\\/uploads\\\/2021\\\/03\\\/gss_23_ae_professional_1.jpg\",\"datePublished\":\"2021-03-15T16:24:52+00:00\",\"dateModified\":\"2021-04-21T13:28:01+00:00\",\"breadcrumb\":{\"@id\":\"http:\\\/\\\/dafinoo.eu\\\/mirmar\\\/obchod\\\/gss-23-ae-professional\\\/#breadcrumb\"},\"inLanguage\":\"sk-SK\",\"potentialAction\":[{\"@type\":\"ReadAction\",\"target\":[\"http:\\\/\\\/dafinoo.eu\\\/mirmar\\\/obchod\\\/gss-23-ae-professional\\\/\"]}]},{\"@type\":\"ImageObject\",\"inLanguage\":\"sk-SK\",\"@id\":\"http:\\\/\\\/dafinoo.eu\\\/mirmar\\\/obchod\\\/gss-23-ae-professional\\\/#primaryimage\",\"url\":\"http:\\\/\\\/dafinoo.eu\\\/mirmar\\\/wp-content\\\/uploads\\\/2021\\\/03\\\/gss_23_ae_professional_1.jpg\",\"contentUrl\":\"http:\\\/\\\/dafinoo.eu\\\/mirmar\\\/wp-content\\\/uploads\\\/2021\\\/03\\\/gss_23_ae_professional_1.jpg\",\"width\":258,\"height\":195},{\"@type\":\"BreadcrumbList\",\"@id\":\"http:\\\/\\\/dafinoo.eu\\\/mirmar\\\/obchod\\\/gss-23-ae-professional\\\/#breadcrumb\",\"itemListElement\":[{\"@type\":\"ListItem\",\"position\":1,\"name\":\"Domovsk\u00e1 str\u00e1nka\",\"item\":\"http:\\\/\\\/dafinoo.eu\\\/mirmar\\\/\"},{\"@type\":\"ListItem\",\"position\":2,\"name\":\"Obchod\",\"item\":\"http:\\\/\\\/dafinoo.eu\\\/mirmar\\\/obchod\\\/\"},{\"@type\":\"ListItem\",\"position\":3,\"name\":\"Bosch GSS 23 AE Professional\"}]},{\"@type\":\"WebSite\",\"@id\":\"http:\\\/\\\/dafinoo.eu\\\/mirmar\\\/#website\",\"url\":\"http:\\\/\\\/dafinoo.eu\\\/mirmar\\\/\",\"name\":\"MIR-MAR\",\"description\":\"Eshop s n\u00e1rad\u00edm\",\"publisher\":{\"@id\":\"http:\\\/\\\/dafinoo.eu\\\/mirmar\\\/#organization\"},\"potentialAction\":[{\"@type\":\"SearchAction\",\"target\":{\"@type\":\"EntryPoint\",\"urlTemplate\":\"http:\\\/\\\/dafinoo.eu\\\/mirmar\\\/?s={search_term_string}\"},\"query-input\":{\"@type\":\"PropertyValueSpecification\",\"valueRequired\":true,\"valueName\":\"search_term_string\"}}],\"inLanguage\":\"sk-SK\"},{\"@type\":\"Organization\",\"@id\":\"http:\\\/\\\/dafinoo.eu\\\/mirmar\\\/#organization\",\"name\":\"MIR-MAR\",\"url\":\"http:\\\/\\\/dafinoo.eu\\\/mirmar\\\/\",\"logo\":{\"@type\":\"ImageObject\",\"inLanguage\":\"sk-SK\",\"@id\":\"http:\\\/\\\/dafinoo.eu\\\/mirmar\\\/#\\\/schema\\\/logo\\\/image\\\/\",\"url\":\"http:\\\/\\\/dafinoo.eu\\\/mirmar\\\/wp-content\\\/uploads\\\/2021\\\/03\\\/mirmar_logo.png\",\"contentUrl\":\"http:\\\/\\\/dafinoo.eu\\\/mirmar\\\/wp-content\\\/uploads\\\/2021\\\/03\\\/mirmar_logo.png\",\"width\":256,\"height\":60,\"caption\":\"MIR-MAR\"},\"image\":{\"@id\":\"http:\\\/\\\/dafinoo.eu\\\/mirmar\\\/#\\\/schema\\\/logo\\\/image\\\/\"},\"sameAs\":[\"https:\\\/\\\/facebook.com\\\/mirmareshop\"]}]}<\/script>\n<!-- \/ Yoast SEO plugin. -->","yoast_head_json":{"title":"Bosch GSS 23 AE Professional - MIR-MAR","robots":{"index":"index","follow":"follow","max-snippet":"max-snippet:-1","max-image-preview":"max-image-preview:large","max-video-preview":"max-video-preview:-1"},"canonical":"http:\/\/dafinoo.eu\/mirmar\/obchod\/gss-23-ae-professional\/","og_locale":"sk_SK","og_type":"article","og_title":"Bosch GSS 23 AE Professional - MIR-MAR","og_description":"Technick\u00e9 parametre: GSS 23 AE Professional Menovit\u00fd pr\u00edkon 190 W Vo\u013enobe\u017en\u00e9 ot\u00e1\u010dky 7.000 \u2013 12.000 min-1 Po\u010det kmitov vo vo\u013enobehu 14.000 \u2013 24.000 min-1 Priemer kmitov, \u00d8 2,0 mm Hmotnos\u0165 1,7 kg Br\u00fasna plocha  Br\u00fasna doska, \u0161\u00edrka 92 mm Br\u00fasna doska, d\u013a\u017eka 182 mm Br\u00fasny list na strme\u0148ov\u00e9 up\u00ednanie, \u0161\u00edrka 93 mm Br\u00fasny list na strme\u0148ov\u00e9 up\u00ednanie, d\u013a\u017eka 230 mm Br\u00fasny list s velkronov\u00fdm up\u00ednan\u00edm, \u0161\u00edrka 93 mm Br\u00fasny list s velkronov\u00fdm up\u00ednan\u00edm, d\u013a\u017eka 185 mm Funkcie   * Velkronov\u00e9 up\u00ednanie   * Ods\u00e1vanie prachu   * Elektronika Inform\u00e1cia o hlu\u010dnosti a vibr\u00e1ci\u00e1ch Hodnoty merania zisten\u00e9 pod\u013ea EN 60745 Celkov\u00e9 hodnoty vibr\u00e1ci\u00ed (s\u00fa\u010det vektorov v troch smeroch) Hodnota emisie vibr\u00e1ci\u00ed ah 4.5 m\/s\u00b2 Nepresnos\u0165 K 1.5 m\/s\u00b2 \u00darove\u0148 hluku elektrick\u00e9ho n\u00e1radia s hodnoten\u00edm A je typicky: hladina akustick\u00e9ho tlaku 80 dB(A); hladina akustick\u00e9ho v\u00fdkonu 91 dB(A). Neistota K= 3 dB.","og_url":"http:\/\/dafinoo.eu\/mirmar\/obchod\/gss-23-ae-professional\/","og_site_name":"MIR-MAR","article_publisher":"https:\/\/facebook.com\/mirmareshop","article_modified_time":"2021-04-21T13:28:01+00:00","og_image":[{"width":258,"height":195,"url":"https:\/\/i1.wp.com\/www.mirmar.sk\/wp-content\/uploads\/2021\/03\/gss_23_ae_professional_1.jpg?fit=258%2C195&ssl=1","type":"image\/jpeg"}],"twitter_misc":{"Predpokladan\u00fd \u010das \u010d\u00edtania":"1 min\u00fata"},"schema":{"@context":"https:\/\/schema.org","@graph":[{"@type":"WebPage","@id":"http:\/\/dafinoo.eu\/mirmar\/obchod\/gss-23-ae-professional\/","url":"http:\/\/dafinoo.eu\/mirmar\/obchod\/gss-23-ae-professional\/","name":"Bosch GSS 23 AE Professional - MIR-MAR","isPartOf":{"@id":"http:\/\/dafinoo.eu\/mirmar\/#website"},"primaryImageOfPage":{"@id":"http:\/\/dafinoo.eu\/mirmar\/obchod\/gss-23-ae-professional\/#primaryimage"},"image":{"@id":"http:\/\/dafinoo.eu\/mirmar\/obchod\/gss-23-ae-professional\/#primaryimage"},"thumbnailUrl":"http:\/\/dafinoo.eu\/mirmar\/wp-content\/uploads\/2021\/03\/gss_23_ae_professional_1.jpg","datePublished":"2021-03-15T16:24:52+00:00","dateModified":"2021-04-21T13:28:01+00:00","breadcrumb":{"@id":"http:\/\/dafinoo.eu\/mirmar\/obchod\/gss-23-ae-professional\/#breadcrumb"},"inLanguage":"sk-SK","potentialAction":[{"@type":"ReadAction","target":["http:\/\/dafinoo.eu\/mirmar\/obchod\/gss-23-ae-professional\/"]}]},{"@type":"ImageObject","inLanguage":"sk-SK","@id":"http:\/\/dafinoo.eu\/mirmar\/obchod\/gss-23-ae-professional\/#primaryimage","url":"http:\/\/dafinoo.eu\/mirmar\/wp-content\/uploads\/2021\/03\/gss_23_ae_professional_1.jpg","contentUrl":"http:\/\/dafinoo.eu\/mirmar\/wp-content\/uploads\/2021\/03\/gss_23_ae_professional_1.jpg","width":258,"height":195},{"@type":"BreadcrumbList","@id":"http:\/\/dafinoo.eu\/mirmar\/obchod\/gss-23-ae-professional\/#breadcrumb","itemListElement":[{"@type":"ListItem","position":1,"name":"Domovsk\u00e1 str\u00e1nka","item":"http:\/\/dafinoo.eu\/mirmar\/"},{"@type":"ListItem","position":2,"name":"Obchod","item":"http:\/\/dafinoo.eu\/mirmar\/obchod\/"},{"@type":"ListItem","position":3,"name":"Bosch GSS 23 AE Professional"}]},{"@type":"WebSite","@id":"http:\/\/dafinoo.eu\/mirmar\/#website","url":"http:\/\/dafinoo.eu\/mirmar\/","name":"MIR-MAR","description":"Eshop s n\u00e1rad\u00edm","publisher":{"@id":"http:\/\/dafinoo.eu\/mirmar\/#organization"},"potentialAction":[{"@type":"SearchAction","target":{"@type":"EntryPoint","urlTemplate":"http:\/\/dafinoo.eu\/mirmar\/?s={search_term_string}"},"query-input":{"@type":"PropertyValueSpecification","valueRequired":true,"valueName":"search_term_string"}}],"inLanguage":"sk-SK"},{"@type":"Organization","@id":"http:\/\/dafinoo.eu\/mirmar\/#organization","name":"MIR-MAR","url":"http:\/\/dafinoo.eu\/mirmar\/","logo":{"@type":"ImageObject","inLanguage":"sk-SK","@id":"http:\/\/dafinoo.eu\/mirmar\/#\/schema\/logo\/image\/","url":"http:\/\/dafinoo.eu\/mirmar\/wp-content\/uploads\/2021\/03\/mirmar_logo.png","contentUrl":"http:\/\/dafinoo.eu\/mirmar\/wp-content\/uploads\/2021\/03\/mirmar_logo.png","width":256,"height":60,"caption":"MIR-MAR"},"image":{"@id":"http:\/\/dafinoo.eu\/mirmar\/#\/schema\/logo\/image\/"},"sameAs":["https:\/\/facebook.com\/mirmareshop"]}]}},"_links":{"self":[{"href":"http:\/\/dafinoo.eu\/mirmar\/wp-json\/wp\/v2\/product\/36802","targetHints":{"allow":["GET"]}}],"collection":[{"href":"http:\/\/dafinoo.eu\/mirmar\/wp-json\/wp\/v2\/product"}],"about":[{"href":"http:\/\/dafinoo.eu\/mirmar\/wp-json\/wp\/v2\/types\/product"}],"replies":[{"embeddable":true,"href":"http:\/\/dafinoo.eu\/mirmar\/wp-json\/wp\/v2\/comments?post=36802"}],"wp:featuredmedia":[{"embeddable":true,"href":"http:\/\/dafinoo.eu\/mirmar\/wp-json\/wp\/v2\/media\/36803"}],"wp:attachment":[{"href":"http:\/\/dafinoo.eu\/mirmar\/wp-json\/wp\/v2\/media?parent=36802"}],"wp:term":[{"taxonomy":"product_cat","embeddable":true,"href":"http:\/\/dafinoo.eu\/mirmar\/wp-json\/wp\/v2\/product_cat?post=36802"},{"taxonomy":"product_tag","embeddable":true,"href":"http:\/\/dafinoo.eu\/mirmar\/wp-json\/wp\/v2\/product_tag?post=36802"}],"curies":[{"name":"wp","href":"https:\/\/api.w.org\/{rel}","templated":true}]}}