{"id":36806,"date":"2021-03-15T17:24:52","date_gmt":"2021-03-15T16:24:52","guid":{"rendered":"http:\/\/dafinoo.eu\/mirmar\/product\/gss-280-ae-professional\/"},"modified":"2021-04-21T15:27:59","modified_gmt":"2021-04-21T13:27:59","slug":"gss-280-ae-professional","status":"publish","type":"product","link":"http:\/\/dafinoo.eu\/mirmar\/obchod\/gss-280-ae-professional\/","title":{"rendered":"Bosch GSS 280 AE Professional"},"content":{"rendered":"<p>Prednosti: GSS 280 AE Professional<br \/>\nBr\u00faska pre najvy\u0161\u0161iu kvalitu povrchu<\/p>\n<p>    * Kvalitn\u00e9 br\u00fasne dosky pre t\u00fa najvy\u0161\u0161iu kvalitu povrchu a p\u00e4\u0165kr\u00e1t dlh\u0161iu \u017eivotnos\u0165 ako maj\u00fa br\u00fasne dosky z gumy<br \/>\n    * Tich\u00e9 a bez vibr\u00e1ci\u00ed pre pr\u00edjemn\u00fa pr\u00e1cu<br \/>\n    * Najlep\u0161ie utesnenie lo\u017e\u00edsk a hodnotn\u00e1 hlin\u00edkov\u00e1 lo\u017eiskov\u00e1 pr\u00edruba pre tich\u00fd chod a dlh\u00fa \u017eivotnos\u0165 motora<br \/>\n    * Br\u00fasenie pri okraji z \u010delnej strany v\u010faka odn\u00edmate\u013enej pr\u00eddavnej rukov\u00e4ti<br \/>\n    * Mikrofiltra\u010dn\u00fd syst\u00e9m Bosch: mobiln\u00e9 ods\u00e1vanie dotiahnut\u00e9 do dokonalosti<br \/>\n    * Pohodln\u00e1 manipul\u00e1cia i pri pou\u017e\u00edvan\u00ed \u013eav\u00e1kmi<\/p>\n","protected":false},"excerpt":{"rendered":"<p>Technick\u00e9 parametre: GSS 280 AE Professional<br \/>\nMenovit\u00fd pr\u00edkon \t330 W<br \/>\nVo\u013enobe\u017en\u00e9 ot\u00e1\u010dky \t5.500 \u2013 11.000 min-1<br \/>\nPo\u010det kmitov vo vo\u013enobehu \t11.000 \u2013 22.000 min-1<br \/>\nPriemer kmitov, \u00d8 \t2,4 mm<br \/>\nHmotnos\u0165 \t2,6 kg<br \/>\nBr\u00fasna plocha<br \/>\nBr\u00fasna doska, \u0161\u00edrka \t114 mm<br \/>\nBr\u00fasna doska, d\u013a\u017eka \t226 mm<br \/>\nBr\u00fasny list na strme\u0148ov\u00e9 up\u00ednanie, \u0161\u00edrka \t115 mm<br \/>\nBr\u00fasny list na strme\u0148ov\u00e9 up\u00ednanie, d\u013a\u017eka \t280 mm<br \/>\nBr\u00fasny list s velkronov\u00fdm up\u00ednan\u00edm, \u0161\u00edrka \t115 mm<br \/>\nBr\u00fasny list s velkronov\u00fdm up\u00ednan\u00edm, d\u013a\u017eka \t230 mm<br \/>\nFunkcie<\/p>\n<p>    * Velkronov\u00e9 up\u00ednanie<br \/>\n    * Ods\u00e1vanie prachu<br \/>\n    * Elektronika<\/p>\n<p>Inform\u00e1cia o hlu\u010dnosti a vibr\u00e1ci\u00e1ch<\/p>\n<p>Hodnoty merania zisten\u00e9 pod\u013ea EN 60745<br \/>\nCelkov\u00e9 hodnoty vibr\u00e1ci\u00ed (s\u00fa\u010det vektorov v troch smeroch)<br \/>\nHodnota emisie vibr\u00e1ci\u00ed ah \t4.5 m\/s\u00b2<br \/>\nNepresnos\u0165 K \t1.5 m\/s\u00b2<\/p>\n<p>\u00darove\u0148 hluku elektrick\u00e9ho n\u00e1radia s hodnoten\u00edm A je typicky: hladina akustick\u00e9ho tlaku 76 dB(A); hladina akustick\u00e9ho v\u00fdkonu 80 dB(A). Neistota K= 3 dB.<\/p>\n","protected":false},"featured_media":36807,"comment_status":"closed","ping_status":"open","template":"","meta":{"_lmt_disableupdate":"","_lmt_disable":""},"product_cat":[3217,3106,3218],"product_tag":[],"class_list":{"0":"post-36806","1":"product","2":"type-product","3":"status-publish","4":"has-post-thumbnail","6":"product_cat-brusky-hobliky","7":"product_cat-bosch","8":"product_cat-vibracne-brusky-brusky-hobliky","9":"ts_product_brand-bosh","11":"first","12":"instock","13":"taxable","14":"shipping-taxable","15":"purchasable","16":"product-type-simple"},"yoast_head":"<!-- This site is optimized with the Yoast SEO plugin v27.3 - https:\/\/yoast.com\/product\/yoast-seo-wordpress\/ -->\n<title>Bosch GSS 280 AE Professional - MIR-MAR<\/title>\n<meta name=\"robots\" content=\"index, follow, max-snippet:-1, max-image-preview:large, max-video-preview:-1\" \/>\n<link rel=\"canonical\" href=\"http:\/\/dafinoo.eu\/mirmar\/obchod\/gss-280-ae-professional\/\" \/>\n<meta property=\"og:locale\" content=\"sk_SK\" \/>\n<meta property=\"og:type\" content=\"article\" \/>\n<meta property=\"og:title\" content=\"Bosch GSS 280 AE Professional - MIR-MAR\" \/>\n<meta property=\"og:description\" content=\"Technick\u00e9 parametre: GSS 280 AE Professional Menovit\u00fd pr\u00edkon 330 W Vo\u013enobe\u017en\u00e9 ot\u00e1\u010dky 5.500 \u2013 11.000 min-1 Po\u010det kmitov vo vo\u013enobehu 11.000 \u2013 22.000 min-1 Priemer kmitov, \u00d8 2,4 mm Hmotnos\u0165 2,6 kg Br\u00fasna plocha  Br\u00fasna doska, \u0161\u00edrka 114 mm Br\u00fasna doska, d\u013a\u017eka 226 mm Br\u00fasny list na strme\u0148ov\u00e9 up\u00ednanie, \u0161\u00edrka 115 mm Br\u00fasny list na strme\u0148ov\u00e9 up\u00ednanie, d\u013a\u017eka 280 mm Br\u00fasny list s velkronov\u00fdm up\u00ednan\u00edm, \u0161\u00edrka 115 mm Br\u00fasny list s velkronov\u00fdm up\u00ednan\u00edm, d\u013a\u017eka 230 mm Funkcie   * Velkronov\u00e9 up\u00ednanie   * Ods\u00e1vanie prachu   * Elektronika Inform\u00e1cia o hlu\u010dnosti a vibr\u00e1ci\u00e1ch Hodnoty merania zisten\u00e9 pod\u013ea EN 60745 Celkov\u00e9 hodnoty vibr\u00e1ci\u00ed (s\u00fa\u010det vektorov v troch smeroch) Hodnota emisie vibr\u00e1ci\u00ed ah 4.5 m\/s\u00b2 Nepresnos\u0165 K 1.5 m\/s\u00b2 \u00darove\u0148 hluku elektrick\u00e9ho n\u00e1radia s hodnoten\u00edm A je typicky: hladina akustick\u00e9ho tlaku 76 dB(A); hladina akustick\u00e9ho v\u00fdkonu 80 dB(A). Neistota K= 3 dB.\" \/>\n<meta property=\"og:url\" content=\"http:\/\/dafinoo.eu\/mirmar\/obchod\/gss-280-ae-professional\/\" \/>\n<meta property=\"og:site_name\" content=\"MIR-MAR\" \/>\n<meta property=\"article:publisher\" content=\"https:\/\/facebook.com\/mirmareshop\" \/>\n<meta property=\"article:modified_time\" content=\"2021-04-21T13:27:59+00:00\" \/>\n<meta property=\"og:image\" content=\"https:\/\/i2.wp.com\/www.mirmar.sk\/wp-content\/uploads\/2021\/03\/gss_280_ae_professional_1.jpg?fit=267%2C188&ssl=1\" \/>\n\t<meta property=\"og:image:width\" content=\"267\" \/>\n\t<meta property=\"og:image:height\" content=\"188\" \/>\n\t<meta property=\"og:image:type\" content=\"image\/jpeg\" \/>\n<meta name=\"twitter:label1\" content=\"Predpokladan\u00fd \u010das \u010d\u00edtania\" \/>\n\t<meta name=\"twitter:data1\" content=\"1 min\u00fata\" \/>\n<script type=\"application\/ld+json\" class=\"yoast-schema-graph\">{\"@context\":\"https:\\\/\\\/schema.org\",\"@graph\":[{\"@type\":\"WebPage\",\"@id\":\"http:\\\/\\\/dafinoo.eu\\\/mirmar\\\/obchod\\\/gss-280-ae-professional\\\/\",\"url\":\"http:\\\/\\\/dafinoo.eu\\\/mirmar\\\/obchod\\\/gss-280-ae-professional\\\/\",\"name\":\"Bosch GSS 280 AE Professional - MIR-MAR\",\"isPartOf\":{\"@id\":\"http:\\\/\\\/dafinoo.eu\\\/mirmar\\\/#website\"},\"primaryImageOfPage\":{\"@id\":\"http:\\\/\\\/dafinoo.eu\\\/mirmar\\\/obchod\\\/gss-280-ae-professional\\\/#primaryimage\"},\"image\":{\"@id\":\"http:\\\/\\\/dafinoo.eu\\\/mirmar\\\/obchod\\\/gss-280-ae-professional\\\/#primaryimage\"},\"thumbnailUrl\":\"http:\\\/\\\/dafinoo.eu\\\/mirmar\\\/wp-content\\\/uploads\\\/2021\\\/03\\\/gss_280_ae_professional_1.jpg\",\"datePublished\":\"2021-03-15T16:24:52+00:00\",\"dateModified\":\"2021-04-21T13:27:59+00:00\",\"breadcrumb\":{\"@id\":\"http:\\\/\\\/dafinoo.eu\\\/mirmar\\\/obchod\\\/gss-280-ae-professional\\\/#breadcrumb\"},\"inLanguage\":\"sk-SK\",\"potentialAction\":[{\"@type\":\"ReadAction\",\"target\":[\"http:\\\/\\\/dafinoo.eu\\\/mirmar\\\/obchod\\\/gss-280-ae-professional\\\/\"]}]},{\"@type\":\"ImageObject\",\"inLanguage\":\"sk-SK\",\"@id\":\"http:\\\/\\\/dafinoo.eu\\\/mirmar\\\/obchod\\\/gss-280-ae-professional\\\/#primaryimage\",\"url\":\"http:\\\/\\\/dafinoo.eu\\\/mirmar\\\/wp-content\\\/uploads\\\/2021\\\/03\\\/gss_280_ae_professional_1.jpg\",\"contentUrl\":\"http:\\\/\\\/dafinoo.eu\\\/mirmar\\\/wp-content\\\/uploads\\\/2021\\\/03\\\/gss_280_ae_professional_1.jpg\",\"width\":267,\"height\":188},{\"@type\":\"BreadcrumbList\",\"@id\":\"http:\\\/\\\/dafinoo.eu\\\/mirmar\\\/obchod\\\/gss-280-ae-professional\\\/#breadcrumb\",\"itemListElement\":[{\"@type\":\"ListItem\",\"position\":1,\"name\":\"Domovsk\u00e1 str\u00e1nka\",\"item\":\"http:\\\/\\\/dafinoo.eu\\\/mirmar\\\/\"},{\"@type\":\"ListItem\",\"position\":2,\"name\":\"Obchod\",\"item\":\"http:\\\/\\\/dafinoo.eu\\\/mirmar\\\/obchod\\\/\"},{\"@type\":\"ListItem\",\"position\":3,\"name\":\"Bosch GSS 280 AE Professional\"}]},{\"@type\":\"WebSite\",\"@id\":\"http:\\\/\\\/dafinoo.eu\\\/mirmar\\\/#website\",\"url\":\"http:\\\/\\\/dafinoo.eu\\\/mirmar\\\/\",\"name\":\"MIR-MAR\",\"description\":\"Eshop s n\u00e1rad\u00edm\",\"publisher\":{\"@id\":\"http:\\\/\\\/dafinoo.eu\\\/mirmar\\\/#organization\"},\"potentialAction\":[{\"@type\":\"SearchAction\",\"target\":{\"@type\":\"EntryPoint\",\"urlTemplate\":\"http:\\\/\\\/dafinoo.eu\\\/mirmar\\\/?s={search_term_string}\"},\"query-input\":{\"@type\":\"PropertyValueSpecification\",\"valueRequired\":true,\"valueName\":\"search_term_string\"}}],\"inLanguage\":\"sk-SK\"},{\"@type\":\"Organization\",\"@id\":\"http:\\\/\\\/dafinoo.eu\\\/mirmar\\\/#organization\",\"name\":\"MIR-MAR\",\"url\":\"http:\\\/\\\/dafinoo.eu\\\/mirmar\\\/\",\"logo\":{\"@type\":\"ImageObject\",\"inLanguage\":\"sk-SK\",\"@id\":\"http:\\\/\\\/dafinoo.eu\\\/mirmar\\\/#\\\/schema\\\/logo\\\/image\\\/\",\"url\":\"http:\\\/\\\/dafinoo.eu\\\/mirmar\\\/wp-content\\\/uploads\\\/2021\\\/03\\\/mirmar_logo.png\",\"contentUrl\":\"http:\\\/\\\/dafinoo.eu\\\/mirmar\\\/wp-content\\\/uploads\\\/2021\\\/03\\\/mirmar_logo.png\",\"width\":256,\"height\":60,\"caption\":\"MIR-MAR\"},\"image\":{\"@id\":\"http:\\\/\\\/dafinoo.eu\\\/mirmar\\\/#\\\/schema\\\/logo\\\/image\\\/\"},\"sameAs\":[\"https:\\\/\\\/facebook.com\\\/mirmareshop\"]}]}<\/script>\n<!-- \/ Yoast SEO plugin. -->","yoast_head_json":{"title":"Bosch GSS 280 AE Professional - MIR-MAR","robots":{"index":"index","follow":"follow","max-snippet":"max-snippet:-1","max-image-preview":"max-image-preview:large","max-video-preview":"max-video-preview:-1"},"canonical":"http:\/\/dafinoo.eu\/mirmar\/obchod\/gss-280-ae-professional\/","og_locale":"sk_SK","og_type":"article","og_title":"Bosch GSS 280 AE Professional - MIR-MAR","og_description":"Technick\u00e9 parametre: GSS 280 AE Professional Menovit\u00fd pr\u00edkon 330 W Vo\u013enobe\u017en\u00e9 ot\u00e1\u010dky 5.500 \u2013 11.000 min-1 Po\u010det kmitov vo vo\u013enobehu 11.000 \u2013 22.000 min-1 Priemer kmitov, \u00d8 2,4 mm Hmotnos\u0165 2,6 kg Br\u00fasna plocha  Br\u00fasna doska, \u0161\u00edrka 114 mm Br\u00fasna doska, d\u013a\u017eka 226 mm Br\u00fasny list na strme\u0148ov\u00e9 up\u00ednanie, \u0161\u00edrka 115 mm Br\u00fasny list na strme\u0148ov\u00e9 up\u00ednanie, d\u013a\u017eka 280 mm Br\u00fasny list s velkronov\u00fdm up\u00ednan\u00edm, \u0161\u00edrka 115 mm Br\u00fasny list s velkronov\u00fdm up\u00ednan\u00edm, d\u013a\u017eka 230 mm Funkcie   * Velkronov\u00e9 up\u00ednanie   * Ods\u00e1vanie prachu   * Elektronika Inform\u00e1cia o hlu\u010dnosti a vibr\u00e1ci\u00e1ch Hodnoty merania zisten\u00e9 pod\u013ea EN 60745 Celkov\u00e9 hodnoty vibr\u00e1ci\u00ed (s\u00fa\u010det vektorov v troch smeroch) Hodnota emisie vibr\u00e1ci\u00ed ah 4.5 m\/s\u00b2 Nepresnos\u0165 K 1.5 m\/s\u00b2 \u00darove\u0148 hluku elektrick\u00e9ho n\u00e1radia s hodnoten\u00edm A je typicky: hladina akustick\u00e9ho tlaku 76 dB(A); hladina akustick\u00e9ho v\u00fdkonu 80 dB(A). Neistota K= 3 dB.","og_url":"http:\/\/dafinoo.eu\/mirmar\/obchod\/gss-280-ae-professional\/","og_site_name":"MIR-MAR","article_publisher":"https:\/\/facebook.com\/mirmareshop","article_modified_time":"2021-04-21T13:27:59+00:00","og_image":[{"width":267,"height":188,"url":"https:\/\/i2.wp.com\/www.mirmar.sk\/wp-content\/uploads\/2021\/03\/gss_280_ae_professional_1.jpg?fit=267%2C188&ssl=1","type":"image\/jpeg"}],"twitter_misc":{"Predpokladan\u00fd \u010das \u010d\u00edtania":"1 min\u00fata"},"schema":{"@context":"https:\/\/schema.org","@graph":[{"@type":"WebPage","@id":"http:\/\/dafinoo.eu\/mirmar\/obchod\/gss-280-ae-professional\/","url":"http:\/\/dafinoo.eu\/mirmar\/obchod\/gss-280-ae-professional\/","name":"Bosch GSS 280 AE Professional - MIR-MAR","isPartOf":{"@id":"http:\/\/dafinoo.eu\/mirmar\/#website"},"primaryImageOfPage":{"@id":"http:\/\/dafinoo.eu\/mirmar\/obchod\/gss-280-ae-professional\/#primaryimage"},"image":{"@id":"http:\/\/dafinoo.eu\/mirmar\/obchod\/gss-280-ae-professional\/#primaryimage"},"thumbnailUrl":"http:\/\/dafinoo.eu\/mirmar\/wp-content\/uploads\/2021\/03\/gss_280_ae_professional_1.jpg","datePublished":"2021-03-15T16:24:52+00:00","dateModified":"2021-04-21T13:27:59+00:00","breadcrumb":{"@id":"http:\/\/dafinoo.eu\/mirmar\/obchod\/gss-280-ae-professional\/#breadcrumb"},"inLanguage":"sk-SK","potentialAction":[{"@type":"ReadAction","target":["http:\/\/dafinoo.eu\/mirmar\/obchod\/gss-280-ae-professional\/"]}]},{"@type":"ImageObject","inLanguage":"sk-SK","@id":"http:\/\/dafinoo.eu\/mirmar\/obchod\/gss-280-ae-professional\/#primaryimage","url":"http:\/\/dafinoo.eu\/mirmar\/wp-content\/uploads\/2021\/03\/gss_280_ae_professional_1.jpg","contentUrl":"http:\/\/dafinoo.eu\/mirmar\/wp-content\/uploads\/2021\/03\/gss_280_ae_professional_1.jpg","width":267,"height":188},{"@type":"BreadcrumbList","@id":"http:\/\/dafinoo.eu\/mirmar\/obchod\/gss-280-ae-professional\/#breadcrumb","itemListElement":[{"@type":"ListItem","position":1,"name":"Domovsk\u00e1 str\u00e1nka","item":"http:\/\/dafinoo.eu\/mirmar\/"},{"@type":"ListItem","position":2,"name":"Obchod","item":"http:\/\/dafinoo.eu\/mirmar\/obchod\/"},{"@type":"ListItem","position":3,"name":"Bosch GSS 280 AE Professional"}]},{"@type":"WebSite","@id":"http:\/\/dafinoo.eu\/mirmar\/#website","url":"http:\/\/dafinoo.eu\/mirmar\/","name":"MIR-MAR","description":"Eshop s n\u00e1rad\u00edm","publisher":{"@id":"http:\/\/dafinoo.eu\/mirmar\/#organization"},"potentialAction":[{"@type":"SearchAction","target":{"@type":"EntryPoint","urlTemplate":"http:\/\/dafinoo.eu\/mirmar\/?s={search_term_string}"},"query-input":{"@type":"PropertyValueSpecification","valueRequired":true,"valueName":"search_term_string"}}],"inLanguage":"sk-SK"},{"@type":"Organization","@id":"http:\/\/dafinoo.eu\/mirmar\/#organization","name":"MIR-MAR","url":"http:\/\/dafinoo.eu\/mirmar\/","logo":{"@type":"ImageObject","inLanguage":"sk-SK","@id":"http:\/\/dafinoo.eu\/mirmar\/#\/schema\/logo\/image\/","url":"http:\/\/dafinoo.eu\/mirmar\/wp-content\/uploads\/2021\/03\/mirmar_logo.png","contentUrl":"http:\/\/dafinoo.eu\/mirmar\/wp-content\/uploads\/2021\/03\/mirmar_logo.png","width":256,"height":60,"caption":"MIR-MAR"},"image":{"@id":"http:\/\/dafinoo.eu\/mirmar\/#\/schema\/logo\/image\/"},"sameAs":["https:\/\/facebook.com\/mirmareshop"]}]}},"_links":{"self":[{"href":"http:\/\/dafinoo.eu\/mirmar\/wp-json\/wp\/v2\/product\/36806","targetHints":{"allow":["GET"]}}],"collection":[{"href":"http:\/\/dafinoo.eu\/mirmar\/wp-json\/wp\/v2\/product"}],"about":[{"href":"http:\/\/dafinoo.eu\/mirmar\/wp-json\/wp\/v2\/types\/product"}],"replies":[{"embeddable":true,"href":"http:\/\/dafinoo.eu\/mirmar\/wp-json\/wp\/v2\/comments?post=36806"}],"wp:featuredmedia":[{"embeddable":true,"href":"http:\/\/dafinoo.eu\/mirmar\/wp-json\/wp\/v2\/media\/36807"}],"wp:attachment":[{"href":"http:\/\/dafinoo.eu\/mirmar\/wp-json\/wp\/v2\/media?parent=36806"}],"wp:term":[{"taxonomy":"product_cat","embeddable":true,"href":"http:\/\/dafinoo.eu\/mirmar\/wp-json\/wp\/v2\/product_cat?post=36806"},{"taxonomy":"product_tag","embeddable":true,"href":"http:\/\/dafinoo.eu\/mirmar\/wp-json\/wp\/v2\/product_tag?post=36806"}],"curies":[{"name":"wp","href":"https:\/\/api.w.org\/{rel}","templated":true}]}}