{"id":36824,"date":"2021-03-15T17:25:01","date_gmt":"2021-03-15T16:25:01","guid":{"rendered":"http:\/\/dafinoo.eu\/mirmar\/product\/gho-40-82-c-professional\/"},"modified":"2021-04-21T15:27:42","modified_gmt":"2021-04-21T13:27:42","slug":"gho-40-82-c-professional","status":"publish","type":"product","link":"http:\/\/dafinoo.eu\/mirmar\/obchod\/gho-40-82-c-professional\/","title":{"rendered":"Bosch GHO 40-82 C Professional"},"content":{"rendered":"<p>Prednosti: GHO 40-82 C Professional<br \/>\nHobl\u00edk pre najvy\u0161\u0161iu kvalitu povrchu<\/p>\n<p>    * Najvy\u0161\u0161ia kvalita povrchu v\u010faka ultraostr\u00fdm no\u017eom a kon\u0161tantn\u00fdm ot\u00e1\u010dkam aj pri pr\u00e1ci s tvrd\u00fdm drevom<br \/>\n    * Najr\u00fdchlej\u0161ia a najlacnej\u0161ia v\u00fdmena no\u017eov na trhu v\u010faka oto\u010dn\u00fdm no\u017eom Woodrazor s dlhou \u017eivotnos\u0165ou a najjednoduch\u0161iemu nastavovaniu<br \/>\n    * Najdlh\u0161ia \u017eivotnos\u0165 v\u010faka presn\u00fdm hlin\u00edkov\u00fdm puzdr\u00e1m lo\u017e\u00edsk a termodynamickej ochrane motora<br \/>\n    * Jednoduch\u00e9 a presn\u00e9 nastavovanie hr\u00fabky triesky s dobr\u00fdm od\u010d\u00edtavan\u00edm<br \/>\n    * Komfortn\u00e1 pr\u00e1ca v\u010faka volite\u013en\u00e9mu vyhadzovaniu triesok vpravo alebo v\u013eavo<br \/>\n    * 3 dr\u00e1\u017eky tvaru V pre jednoduch\u00e9 a flexibiln\u00e9 zn\u00e1\u0161anie hr\u00e1n<br \/>\n    * Ochrana obrobku v\u010faka odkladacej opierke<br \/>\n    * Areta\u010dn\u00e9 tla\u010didlo proti spusteniu pre \u013eav\u00e1kov a prav\u00e1kov<br \/>\n    * Z\u00e1sobn\u00edk na hob\u013eovacie no\u017ee a k\u013e\u00fa\u010d<br \/>\n    * Rukov\u00e4\u0165 a vodiaca rukov\u00e4\u0165 s m\u00e4kkou tlmiacou vlo\u017ekou<br \/>\n    * S kompletn\u00fdm pr\u00edslu\u0161enstvom (hob\u013eovacie no\u017ee z tvrd\u00e9ho kovu, h\u013abkov\u00fd doraz, doraz pre hob\u013eovanie poldr\u00e1\u017eky)<\/p>\n","protected":false},"excerpt":{"rendered":"<p>Technick\u00e9 parametre: GHO 40-82 C Professional<br \/>\nMenovit\u00fd pr\u00edkon \t850 W<br \/>\nV\u00fdkon \t450 W<br \/>\nNastavite\u013en\u00e1 hr\u00fabka triesky \t0 \u2013 4,0 mm<br \/>\nHmotnos\u0165 \t3,2 kg<br \/>\nNastavenie h\u013abky poldr\u00e1\u017eky \t0 \u2013 24 mm<br \/>\nVo\u013enobe\u017en\u00e9 ot\u00e1\u010dky \t14.000 min-1<br \/>\nD\u013a\u017eka \t296,0 mm<br \/>\n\u0160\u00edrka \t169,0 mm<br \/>\nV\u00fd\u0161ka \t173,0 mm<br \/>\nHob\u013eovacia \u0161\u00edrka \t82 mm<br \/>\nFunkcie<\/p>\n<p>    * Kon\u0161tantn\u00e1 elektronika<br \/>\n    * Ods\u00e1vanie prachu<\/p>\n<p>Inform\u00e1cia o hlu\u010dnosti a vibr\u00e1ci\u00e1ch<\/p>\n<p>Hodnoty merania zisten\u00e9 pod\u013ea EN 60745<br \/>\nCelkov\u00e9 hodnoty vibr\u00e1ci\u00ed (s\u00fa\u010det vektorov v troch smeroch)<br \/>\nHodnota emisie vibr\u00e1ci\u00ed ah \t5.5 m\/s\u00b2<br \/>\nNepresnos\u0165 K \t1.5 m\/s\u00b2<\/p>\n<p>\u00darove\u0148 hluku elektrick\u00e9ho n\u00e1radia s hodnoten\u00edm A je typicky: hladina akustick\u00e9ho tlaku 85 dB(A); hladina akustick\u00e9ho v\u00fdkonu 96 dB(A). Neistota K= 3 dB.<\/p>\n","protected":false},"featured_media":36825,"comment_status":"closed","ping_status":"open","template":"","meta":{"_lmt_disableupdate":"","_lmt_disable":""},"product_cat":[3217,3106,3221],"product_tag":[],"class_list":{"0":"post-36824","1":"product","2":"type-product","3":"status-publish","4":"has-post-thumbnail","6":"product_cat-brusky-hobliky","7":"product_cat-bosch","8":"product_cat-hobliky","9":"ts_product_brand-bosh","11":"first","12":"instock","13":"taxable","14":"shipping-taxable","15":"purchasable","16":"product-type-simple"},"yoast_head":"<!-- This site is optimized with the Yoast SEO plugin v27.3 - https:\/\/yoast.com\/product\/yoast-seo-wordpress\/ -->\n<title>Bosch GHO 40-82 C Professional - MIR-MAR<\/title>\n<meta name=\"robots\" content=\"index, follow, max-snippet:-1, max-image-preview:large, max-video-preview:-1\" \/>\n<link rel=\"canonical\" href=\"http:\/\/dafinoo.eu\/mirmar\/obchod\/gho-40-82-c-professional\/\" \/>\n<meta property=\"og:locale\" content=\"sk_SK\" \/>\n<meta property=\"og:type\" content=\"article\" \/>\n<meta property=\"og:title\" content=\"Bosch GHO 40-82 C Professional - MIR-MAR\" \/>\n<meta property=\"og:description\" content=\"Technick\u00e9 parametre: GHO 40-82 C Professional Menovit\u00fd pr\u00edkon 850 W V\u00fdkon 450 W Nastavite\u013en\u00e1 hr\u00fabka triesky 0 \u2013 4,0 mm Hmotnos\u0165 3,2 kg Nastavenie h\u013abky poldr\u00e1\u017eky 0 \u2013 24 mm Vo\u013enobe\u017en\u00e9 ot\u00e1\u010dky 14.000 min-1 D\u013a\u017eka 296,0 mm \u0160\u00edrka 169,0 mm V\u00fd\u0161ka 173,0 mm Hob\u013eovacia \u0161\u00edrka 82 mm Funkcie   * Kon\u0161tantn\u00e1 elektronika   * Ods\u00e1vanie prachu Inform\u00e1cia o hlu\u010dnosti a vibr\u00e1ci\u00e1ch Hodnoty merania zisten\u00e9 pod\u013ea EN 60745 Celkov\u00e9 hodnoty vibr\u00e1ci\u00ed (s\u00fa\u010det vektorov v troch smeroch) Hodnota emisie vibr\u00e1ci\u00ed ah 5.5 m\/s\u00b2 Nepresnos\u0165 K 1.5 m\/s\u00b2 \u00darove\u0148 hluku elektrick\u00e9ho n\u00e1radia s hodnoten\u00edm A je typicky: hladina akustick\u00e9ho tlaku 85 dB(A); hladina akustick\u00e9ho v\u00fdkonu 96 dB(A). Neistota K= 3 dB.\" \/>\n<meta property=\"og:url\" content=\"http:\/\/dafinoo.eu\/mirmar\/obchod\/gho-40-82-c-professional\/\" \/>\n<meta property=\"og:site_name\" content=\"MIR-MAR\" \/>\n<meta property=\"article:publisher\" content=\"https:\/\/facebook.com\/mirmareshop\" \/>\n<meta property=\"article:modified_time\" content=\"2021-04-21T13:27:42+00:00\" \/>\n<meta property=\"og:image\" content=\"https:\/\/i1.wp.com\/www.mirmar.sk\/wp-content\/uploads\/2021\/03\/gho_40-82_c_professional_1.jpg?fit=264%2C191&ssl=1\" \/>\n\t<meta property=\"og:image:width\" content=\"264\" \/>\n\t<meta property=\"og:image:height\" content=\"191\" \/>\n\t<meta property=\"og:image:type\" content=\"image\/jpeg\" \/>\n<meta name=\"twitter:label1\" content=\"Predpokladan\u00fd \u010das \u010d\u00edtania\" \/>\n\t<meta name=\"twitter:data1\" content=\"1 min\u00fata\" \/>\n<script type=\"application\/ld+json\" class=\"yoast-schema-graph\">{\"@context\":\"https:\\\/\\\/schema.org\",\"@graph\":[{\"@type\":\"WebPage\",\"@id\":\"http:\\\/\\\/dafinoo.eu\\\/mirmar\\\/obchod\\\/gho-40-82-c-professional\\\/\",\"url\":\"http:\\\/\\\/dafinoo.eu\\\/mirmar\\\/obchod\\\/gho-40-82-c-professional\\\/\",\"name\":\"Bosch GHO 40-82 C Professional - MIR-MAR\",\"isPartOf\":{\"@id\":\"http:\\\/\\\/dafinoo.eu\\\/mirmar\\\/#website\"},\"primaryImageOfPage\":{\"@id\":\"http:\\\/\\\/dafinoo.eu\\\/mirmar\\\/obchod\\\/gho-40-82-c-professional\\\/#primaryimage\"},\"image\":{\"@id\":\"http:\\\/\\\/dafinoo.eu\\\/mirmar\\\/obchod\\\/gho-40-82-c-professional\\\/#primaryimage\"},\"thumbnailUrl\":\"http:\\\/\\\/dafinoo.eu\\\/mirmar\\\/wp-content\\\/uploads\\\/2021\\\/03\\\/gho_40-82_c_professional_1.jpg\",\"datePublished\":\"2021-03-15T16:25:01+00:00\",\"dateModified\":\"2021-04-21T13:27:42+00:00\",\"breadcrumb\":{\"@id\":\"http:\\\/\\\/dafinoo.eu\\\/mirmar\\\/obchod\\\/gho-40-82-c-professional\\\/#breadcrumb\"},\"inLanguage\":\"sk-SK\",\"potentialAction\":[{\"@type\":\"ReadAction\",\"target\":[\"http:\\\/\\\/dafinoo.eu\\\/mirmar\\\/obchod\\\/gho-40-82-c-professional\\\/\"]}]},{\"@type\":\"ImageObject\",\"inLanguage\":\"sk-SK\",\"@id\":\"http:\\\/\\\/dafinoo.eu\\\/mirmar\\\/obchod\\\/gho-40-82-c-professional\\\/#primaryimage\",\"url\":\"http:\\\/\\\/dafinoo.eu\\\/mirmar\\\/wp-content\\\/uploads\\\/2021\\\/03\\\/gho_40-82_c_professional_1.jpg\",\"contentUrl\":\"http:\\\/\\\/dafinoo.eu\\\/mirmar\\\/wp-content\\\/uploads\\\/2021\\\/03\\\/gho_40-82_c_professional_1.jpg\",\"width\":264,\"height\":191},{\"@type\":\"BreadcrumbList\",\"@id\":\"http:\\\/\\\/dafinoo.eu\\\/mirmar\\\/obchod\\\/gho-40-82-c-professional\\\/#breadcrumb\",\"itemListElement\":[{\"@type\":\"ListItem\",\"position\":1,\"name\":\"Domovsk\u00e1 str\u00e1nka\",\"item\":\"http:\\\/\\\/dafinoo.eu\\\/mirmar\\\/\"},{\"@type\":\"ListItem\",\"position\":2,\"name\":\"Obchod\",\"item\":\"http:\\\/\\\/dafinoo.eu\\\/mirmar\\\/obchod\\\/\"},{\"@type\":\"ListItem\",\"position\":3,\"name\":\"Bosch GHO 40-82 C Professional\"}]},{\"@type\":\"WebSite\",\"@id\":\"http:\\\/\\\/dafinoo.eu\\\/mirmar\\\/#website\",\"url\":\"http:\\\/\\\/dafinoo.eu\\\/mirmar\\\/\",\"name\":\"MIR-MAR\",\"description\":\"Eshop s n\u00e1rad\u00edm\",\"publisher\":{\"@id\":\"http:\\\/\\\/dafinoo.eu\\\/mirmar\\\/#organization\"},\"potentialAction\":[{\"@type\":\"SearchAction\",\"target\":{\"@type\":\"EntryPoint\",\"urlTemplate\":\"http:\\\/\\\/dafinoo.eu\\\/mirmar\\\/?s={search_term_string}\"},\"query-input\":{\"@type\":\"PropertyValueSpecification\",\"valueRequired\":true,\"valueName\":\"search_term_string\"}}],\"inLanguage\":\"sk-SK\"},{\"@type\":\"Organization\",\"@id\":\"http:\\\/\\\/dafinoo.eu\\\/mirmar\\\/#organization\",\"name\":\"MIR-MAR\",\"url\":\"http:\\\/\\\/dafinoo.eu\\\/mirmar\\\/\",\"logo\":{\"@type\":\"ImageObject\",\"inLanguage\":\"sk-SK\",\"@id\":\"http:\\\/\\\/dafinoo.eu\\\/mirmar\\\/#\\\/schema\\\/logo\\\/image\\\/\",\"url\":\"http:\\\/\\\/dafinoo.eu\\\/mirmar\\\/wp-content\\\/uploads\\\/2021\\\/03\\\/mirmar_logo.png\",\"contentUrl\":\"http:\\\/\\\/dafinoo.eu\\\/mirmar\\\/wp-content\\\/uploads\\\/2021\\\/03\\\/mirmar_logo.png\",\"width\":256,\"height\":60,\"caption\":\"MIR-MAR\"},\"image\":{\"@id\":\"http:\\\/\\\/dafinoo.eu\\\/mirmar\\\/#\\\/schema\\\/logo\\\/image\\\/\"},\"sameAs\":[\"https:\\\/\\\/facebook.com\\\/mirmareshop\"]}]}<\/script>\n<!-- \/ Yoast SEO plugin. -->","yoast_head_json":{"title":"Bosch GHO 40-82 C Professional - MIR-MAR","robots":{"index":"index","follow":"follow","max-snippet":"max-snippet:-1","max-image-preview":"max-image-preview:large","max-video-preview":"max-video-preview:-1"},"canonical":"http:\/\/dafinoo.eu\/mirmar\/obchod\/gho-40-82-c-professional\/","og_locale":"sk_SK","og_type":"article","og_title":"Bosch GHO 40-82 C Professional - MIR-MAR","og_description":"Technick\u00e9 parametre: GHO 40-82 C Professional Menovit\u00fd pr\u00edkon 850 W V\u00fdkon 450 W Nastavite\u013en\u00e1 hr\u00fabka triesky 0 \u2013 4,0 mm Hmotnos\u0165 3,2 kg Nastavenie h\u013abky poldr\u00e1\u017eky 0 \u2013 24 mm Vo\u013enobe\u017en\u00e9 ot\u00e1\u010dky 14.000 min-1 D\u013a\u017eka 296,0 mm \u0160\u00edrka 169,0 mm V\u00fd\u0161ka 173,0 mm Hob\u013eovacia \u0161\u00edrka 82 mm Funkcie   * Kon\u0161tantn\u00e1 elektronika   * Ods\u00e1vanie prachu Inform\u00e1cia o hlu\u010dnosti a vibr\u00e1ci\u00e1ch Hodnoty merania zisten\u00e9 pod\u013ea EN 60745 Celkov\u00e9 hodnoty vibr\u00e1ci\u00ed (s\u00fa\u010det vektorov v troch smeroch) Hodnota emisie vibr\u00e1ci\u00ed ah 5.5 m\/s\u00b2 Nepresnos\u0165 K 1.5 m\/s\u00b2 \u00darove\u0148 hluku elektrick\u00e9ho n\u00e1radia s hodnoten\u00edm A je typicky: hladina akustick\u00e9ho tlaku 85 dB(A); hladina akustick\u00e9ho v\u00fdkonu 96 dB(A). Neistota K= 3 dB.","og_url":"http:\/\/dafinoo.eu\/mirmar\/obchod\/gho-40-82-c-professional\/","og_site_name":"MIR-MAR","article_publisher":"https:\/\/facebook.com\/mirmareshop","article_modified_time":"2021-04-21T13:27:42+00:00","og_image":[{"width":264,"height":191,"url":"https:\/\/i1.wp.com\/www.mirmar.sk\/wp-content\/uploads\/2021\/03\/gho_40-82_c_professional_1.jpg?fit=264%2C191&ssl=1","type":"image\/jpeg"}],"twitter_misc":{"Predpokladan\u00fd \u010das \u010d\u00edtania":"1 min\u00fata"},"schema":{"@context":"https:\/\/schema.org","@graph":[{"@type":"WebPage","@id":"http:\/\/dafinoo.eu\/mirmar\/obchod\/gho-40-82-c-professional\/","url":"http:\/\/dafinoo.eu\/mirmar\/obchod\/gho-40-82-c-professional\/","name":"Bosch GHO 40-82 C Professional - MIR-MAR","isPartOf":{"@id":"http:\/\/dafinoo.eu\/mirmar\/#website"},"primaryImageOfPage":{"@id":"http:\/\/dafinoo.eu\/mirmar\/obchod\/gho-40-82-c-professional\/#primaryimage"},"image":{"@id":"http:\/\/dafinoo.eu\/mirmar\/obchod\/gho-40-82-c-professional\/#primaryimage"},"thumbnailUrl":"http:\/\/dafinoo.eu\/mirmar\/wp-content\/uploads\/2021\/03\/gho_40-82_c_professional_1.jpg","datePublished":"2021-03-15T16:25:01+00:00","dateModified":"2021-04-21T13:27:42+00:00","breadcrumb":{"@id":"http:\/\/dafinoo.eu\/mirmar\/obchod\/gho-40-82-c-professional\/#breadcrumb"},"inLanguage":"sk-SK","potentialAction":[{"@type":"ReadAction","target":["http:\/\/dafinoo.eu\/mirmar\/obchod\/gho-40-82-c-professional\/"]}]},{"@type":"ImageObject","inLanguage":"sk-SK","@id":"http:\/\/dafinoo.eu\/mirmar\/obchod\/gho-40-82-c-professional\/#primaryimage","url":"http:\/\/dafinoo.eu\/mirmar\/wp-content\/uploads\/2021\/03\/gho_40-82_c_professional_1.jpg","contentUrl":"http:\/\/dafinoo.eu\/mirmar\/wp-content\/uploads\/2021\/03\/gho_40-82_c_professional_1.jpg","width":264,"height":191},{"@type":"BreadcrumbList","@id":"http:\/\/dafinoo.eu\/mirmar\/obchod\/gho-40-82-c-professional\/#breadcrumb","itemListElement":[{"@type":"ListItem","position":1,"name":"Domovsk\u00e1 str\u00e1nka","item":"http:\/\/dafinoo.eu\/mirmar\/"},{"@type":"ListItem","position":2,"name":"Obchod","item":"http:\/\/dafinoo.eu\/mirmar\/obchod\/"},{"@type":"ListItem","position":3,"name":"Bosch GHO 40-82 C Professional"}]},{"@type":"WebSite","@id":"http:\/\/dafinoo.eu\/mirmar\/#website","url":"http:\/\/dafinoo.eu\/mirmar\/","name":"MIR-MAR","description":"Eshop s n\u00e1rad\u00edm","publisher":{"@id":"http:\/\/dafinoo.eu\/mirmar\/#organization"},"potentialAction":[{"@type":"SearchAction","target":{"@type":"EntryPoint","urlTemplate":"http:\/\/dafinoo.eu\/mirmar\/?s={search_term_string}"},"query-input":{"@type":"PropertyValueSpecification","valueRequired":true,"valueName":"search_term_string"}}],"inLanguage":"sk-SK"},{"@type":"Organization","@id":"http:\/\/dafinoo.eu\/mirmar\/#organization","name":"MIR-MAR","url":"http:\/\/dafinoo.eu\/mirmar\/","logo":{"@type":"ImageObject","inLanguage":"sk-SK","@id":"http:\/\/dafinoo.eu\/mirmar\/#\/schema\/logo\/image\/","url":"http:\/\/dafinoo.eu\/mirmar\/wp-content\/uploads\/2021\/03\/mirmar_logo.png","contentUrl":"http:\/\/dafinoo.eu\/mirmar\/wp-content\/uploads\/2021\/03\/mirmar_logo.png","width":256,"height":60,"caption":"MIR-MAR"},"image":{"@id":"http:\/\/dafinoo.eu\/mirmar\/#\/schema\/logo\/image\/"},"sameAs":["https:\/\/facebook.com\/mirmareshop"]}]}},"_links":{"self":[{"href":"http:\/\/dafinoo.eu\/mirmar\/wp-json\/wp\/v2\/product\/36824","targetHints":{"allow":["GET"]}}],"collection":[{"href":"http:\/\/dafinoo.eu\/mirmar\/wp-json\/wp\/v2\/product"}],"about":[{"href":"http:\/\/dafinoo.eu\/mirmar\/wp-json\/wp\/v2\/types\/product"}],"replies":[{"embeddable":true,"href":"http:\/\/dafinoo.eu\/mirmar\/wp-json\/wp\/v2\/comments?post=36824"}],"wp:featuredmedia":[{"embeddable":true,"href":"http:\/\/dafinoo.eu\/mirmar\/wp-json\/wp\/v2\/media\/36825"}],"wp:attachment":[{"href":"http:\/\/dafinoo.eu\/mirmar\/wp-json\/wp\/v2\/media?parent=36824"}],"wp:term":[{"taxonomy":"product_cat","embeddable":true,"href":"http:\/\/dafinoo.eu\/mirmar\/wp-json\/wp\/v2\/product_cat?post=36824"},{"taxonomy":"product_tag","embeddable":true,"href":"http:\/\/dafinoo.eu\/mirmar\/wp-json\/wp\/v2\/product_tag?post=36824"}],"curies":[{"name":"wp","href":"https:\/\/api.w.org\/{rel}","templated":true}]}}