{"id":36838,"date":"2021-03-15T17:25:01","date_gmt":"2021-03-15T16:25:01","guid":{"rendered":"http:\/\/dafinoo.eu\/mirmar\/product\/gop-250-ce-professional\/"},"modified":"2021-04-21T15:27:31","modified_gmt":"2021-04-21T13:27:31","slug":"gop-250-ce-professional","status":"publish","type":"product","link":"http:\/\/dafinoo.eu\/mirmar\/obchod\/gop-250-ce-professional\/","title":{"rendered":"Bosch GOP 250 CE Professional"},"content":{"rendered":"<p>Prednosti: GOP 250 CE Professional<br \/>\nVesm\u00edr pln\u00fd mo\u017enost\u00ed &#8211; modr\u00fd pomocn\u00edk na rie\u0161enie probl\u00e9mov<\/p>\n<p>    * V\u00fdkonn\u00fd motor s pr\u00edkonom 250 W s kon\u0161tantnou elektronikou pre rovnomern\u00fd postup pr\u00e1ce pri ka\u017edom pou\u017eit\u00ed<br \/>\n    * Mal\u00fd obvod rukov\u00e4te pre pohodlnej\u0161iu pr\u00e1cu pri presnom a dlhotrvaj\u00facom pou\u017e\u00edvan\u00ed<br \/>\n    * Jednoduch\u00e9 a presn\u00e9 prilo\u017eenie v\u010faka oscila\u010dn\u00e9mu pohybu umo\u017e\u0148uje cielen\u00e9 odde\u013eovanie a rezanie a zabra\u0148uje po\u0161kodeniu hodnotn\u00fdch pracovn\u00fdch materi\u00e1lov<br \/>\n    * Predvo\u013eba ot\u00e1\u010dok na perfektn\u00e9 nastavenie pre najrozli\u010dnej\u0161ie pr\u00edslu\u0161enstvo a pracovn\u00e9 materi\u00e1ly<br \/>\n    * Rozsiahly program pr\u00edslu\u0161enstva pon\u00faka rie\u0161enia pre rozmanit\u00e9 mo\u017enosti pou\u017eitia<br \/>\n    * Pogumovan\u00e1 plocha rukov\u00e4ti umo\u017e\u0148uje pr\u00edjemn\u00fa pr\u00e1cu v r\u00f4znych poloh\u00e1ch<br \/>\n    * Integrovan\u00fd gu\u013eov\u00fd \u010dap zvy\u0161uje pohyblivos\u0165 a zabra\u0148uje zlomeniu k\u00e1bla<\/p>\n","protected":false},"excerpt":{"rendered":"<p>Technick\u00e9 parametre: GOP 250 CE Professional<br \/>\nMenovit\u00fd pr\u00edkon \t250 W<br \/>\nVo\u013enobe\u017en\u00e9 ot\u00e1\u010dky \t8.000 \u2013 20.000 min-1<br \/>\nOscila\u010dn\u00fd uhol v\u013eavo\/vpravo \t1,4 \u00b0<br \/>\nHmotnos\u0165 \t1,3 kg<br \/>\nFunkcie<\/p>\n<p>    * Kon\u0161tantn\u00e1 elektronika<br \/>\n    * M\u00e4kk\u00e1 tlmiaca vlo\u017eka rukov\u00e4te<\/p>\n<p>Inform\u00e1cia o hlu\u010dnosti a vibr\u00e1ci\u00e1ch<\/p>\n<p>Hodnoty merania zisten\u00e9 pod\u013ea EN 60745<br \/>\nCelkov\u00e9 hodnoty vibr\u00e1ci\u00ed (s\u00fa\u010det vektorov v troch smeroch)<br \/>\nP\u00edlenie s p\u00edlov\u00fdm listom so zanoren\u00edm<br \/>\nHodnota emisie vibr\u00e1ci\u00ed ah \t10.0 m\/s\u00b2<br \/>\nNepresnos\u0165 K \t1.5 m\/s\u00b2<br \/>\nP\u00edlenie so segmentovan\u00fdm p\u00edlov\u00fdm listom<br \/>\nHodnota emisie vibr\u00e1ci\u00ed ah \t6.5 m\/s\u00b2<br \/>\nNepresnos\u0165 K \t1.5 m\/s\u00b2<br \/>\n\u0160krabanie<br \/>\nHodnota emisie vibr\u00e1ci\u00ed ah \t4.5 m\/s\u00b2<br \/>\nNepresnos\u0165 K \t1.5 m\/s\u00b2<br \/>\nBr\u00fasenie<br \/>\nHodnota emisie vibr\u00e1ci\u00ed ah \t2.0 m\/s\u00b2<br \/>\nNepresnos\u0165 K \t1.5 m\/s\u00b2<\/p>\n","protected":false},"featured_media":36839,"comment_status":"closed","ping_status":"open","template":"","meta":{"_lmt_disableupdate":"","_lmt_disable":""},"product_cat":[3227,3106],"product_tag":[],"class_list":{"0":"post-36838","1":"product","2":"type-product","3":"status-publish","4":"has-post-thumbnail","6":"product_cat-multi-cutter-bosch","7":"product_cat-bosch","8":"ts_product_brand-bosh","10":"first","11":"instock","12":"taxable","13":"shipping-taxable","14":"purchasable","15":"product-type-simple"},"yoast_head":"<!-- This site is optimized with the Yoast SEO plugin v27.3 - https:\/\/yoast.com\/product\/yoast-seo-wordpress\/ -->\n<title>Bosch GOP 250 CE Professional - MIR-MAR<\/title>\n<meta name=\"robots\" content=\"index, follow, max-snippet:-1, max-image-preview:large, max-video-preview:-1\" \/>\n<link rel=\"canonical\" href=\"http:\/\/dafinoo.eu\/mirmar\/obchod\/gop-250-ce-professional\/\" \/>\n<meta property=\"og:locale\" content=\"sk_SK\" \/>\n<meta property=\"og:type\" content=\"article\" \/>\n<meta property=\"og:title\" content=\"Bosch GOP 250 CE Professional - MIR-MAR\" \/>\n<meta property=\"og:description\" content=\"Technick\u00e9 parametre: GOP 250 CE Professional Menovit\u00fd pr\u00edkon 250 W Vo\u013enobe\u017en\u00e9 ot\u00e1\u010dky 8.000 \u2013 20.000 min-1 Oscila\u010dn\u00fd uhol v\u013eavo\/vpravo 1,4 \u00b0 Hmotnos\u0165 1,3 kg Funkcie   * Kon\u0161tantn\u00e1 elektronika   * M\u00e4kk\u00e1 tlmiaca vlo\u017eka rukov\u00e4te Inform\u00e1cia o hlu\u010dnosti a vibr\u00e1ci\u00e1ch Hodnoty merania zisten\u00e9 pod\u013ea EN 60745 Celkov\u00e9 hodnoty vibr\u00e1ci\u00ed (s\u00fa\u010det vektorov v troch smeroch) P\u00edlenie s p\u00edlov\u00fdm listom so zanoren\u00edm  Hodnota emisie vibr\u00e1ci\u00ed ah 10.0 m\/s\u00b2 Nepresnos\u0165 K 1.5 m\/s\u00b2 P\u00edlenie so segmentovan\u00fdm p\u00edlov\u00fdm listom  Hodnota emisie vibr\u00e1ci\u00ed ah 6.5 m\/s\u00b2 Nepresnos\u0165 K 1.5 m\/s\u00b2 \u0160krabanie  Hodnota emisie vibr\u00e1ci\u00ed ah 4.5 m\/s\u00b2 Nepresnos\u0165 K 1.5 m\/s\u00b2 Br\u00fasenie  Hodnota emisie vibr\u00e1ci\u00ed ah 2.0 m\/s\u00b2 Nepresnos\u0165 K 1.5 m\/s\u00b2\" \/>\n<meta property=\"og:url\" content=\"http:\/\/dafinoo.eu\/mirmar\/obchod\/gop-250-ce-professional\/\" \/>\n<meta property=\"og:site_name\" content=\"MIR-MAR\" \/>\n<meta property=\"article:publisher\" content=\"https:\/\/facebook.com\/mirmareshop\" \/>\n<meta property=\"article:modified_time\" content=\"2021-04-21T13:27:31+00:00\" \/>\n<meta property=\"og:image\" content=\"https:\/\/i1.wp.com\/www.mirmar.sk\/wp-content\/uploads\/2021\/03\/gop_250_ce_professional_1.jpg?fit=326%2C154&ssl=1\" \/>\n\t<meta property=\"og:image:width\" content=\"326\" \/>\n\t<meta property=\"og:image:height\" content=\"154\" \/>\n\t<meta property=\"og:image:type\" content=\"image\/jpeg\" \/>\n<meta name=\"twitter:label1\" content=\"Predpokladan\u00fd \u010das \u010d\u00edtania\" \/>\n\t<meta name=\"twitter:data1\" content=\"1 min\u00fata\" \/>\n<script type=\"application\/ld+json\" class=\"yoast-schema-graph\">{\"@context\":\"https:\\\/\\\/schema.org\",\"@graph\":[{\"@type\":\"WebPage\",\"@id\":\"http:\\\/\\\/dafinoo.eu\\\/mirmar\\\/obchod\\\/gop-250-ce-professional\\\/\",\"url\":\"http:\\\/\\\/dafinoo.eu\\\/mirmar\\\/obchod\\\/gop-250-ce-professional\\\/\",\"name\":\"Bosch GOP 250 CE Professional - MIR-MAR\",\"isPartOf\":{\"@id\":\"http:\\\/\\\/dafinoo.eu\\\/mirmar\\\/#website\"},\"primaryImageOfPage\":{\"@id\":\"http:\\\/\\\/dafinoo.eu\\\/mirmar\\\/obchod\\\/gop-250-ce-professional\\\/#primaryimage\"},\"image\":{\"@id\":\"http:\\\/\\\/dafinoo.eu\\\/mirmar\\\/obchod\\\/gop-250-ce-professional\\\/#primaryimage\"},\"thumbnailUrl\":\"http:\\\/\\\/dafinoo.eu\\\/mirmar\\\/wp-content\\\/uploads\\\/2021\\\/03\\\/gop_250_ce_professional_1.jpg\",\"datePublished\":\"2021-03-15T16:25:01+00:00\",\"dateModified\":\"2021-04-21T13:27:31+00:00\",\"breadcrumb\":{\"@id\":\"http:\\\/\\\/dafinoo.eu\\\/mirmar\\\/obchod\\\/gop-250-ce-professional\\\/#breadcrumb\"},\"inLanguage\":\"sk-SK\",\"potentialAction\":[{\"@type\":\"ReadAction\",\"target\":[\"http:\\\/\\\/dafinoo.eu\\\/mirmar\\\/obchod\\\/gop-250-ce-professional\\\/\"]}]},{\"@type\":\"ImageObject\",\"inLanguage\":\"sk-SK\",\"@id\":\"http:\\\/\\\/dafinoo.eu\\\/mirmar\\\/obchod\\\/gop-250-ce-professional\\\/#primaryimage\",\"url\":\"http:\\\/\\\/dafinoo.eu\\\/mirmar\\\/wp-content\\\/uploads\\\/2021\\\/03\\\/gop_250_ce_professional_1.jpg\",\"contentUrl\":\"http:\\\/\\\/dafinoo.eu\\\/mirmar\\\/wp-content\\\/uploads\\\/2021\\\/03\\\/gop_250_ce_professional_1.jpg\",\"width\":326,\"height\":154},{\"@type\":\"BreadcrumbList\",\"@id\":\"http:\\\/\\\/dafinoo.eu\\\/mirmar\\\/obchod\\\/gop-250-ce-professional\\\/#breadcrumb\",\"itemListElement\":[{\"@type\":\"ListItem\",\"position\":1,\"name\":\"Domovsk\u00e1 str\u00e1nka\",\"item\":\"http:\\\/\\\/dafinoo.eu\\\/mirmar\\\/\"},{\"@type\":\"ListItem\",\"position\":2,\"name\":\"Obchod\",\"item\":\"http:\\\/\\\/dafinoo.eu\\\/mirmar\\\/obchod\\\/\"},{\"@type\":\"ListItem\",\"position\":3,\"name\":\"Bosch GOP 250 CE Professional\"}]},{\"@type\":\"WebSite\",\"@id\":\"http:\\\/\\\/dafinoo.eu\\\/mirmar\\\/#website\",\"url\":\"http:\\\/\\\/dafinoo.eu\\\/mirmar\\\/\",\"name\":\"MIR-MAR\",\"description\":\"Eshop s n\u00e1rad\u00edm\",\"publisher\":{\"@id\":\"http:\\\/\\\/dafinoo.eu\\\/mirmar\\\/#organization\"},\"potentialAction\":[{\"@type\":\"SearchAction\",\"target\":{\"@type\":\"EntryPoint\",\"urlTemplate\":\"http:\\\/\\\/dafinoo.eu\\\/mirmar\\\/?s={search_term_string}\"},\"query-input\":{\"@type\":\"PropertyValueSpecification\",\"valueRequired\":true,\"valueName\":\"search_term_string\"}}],\"inLanguage\":\"sk-SK\"},{\"@type\":\"Organization\",\"@id\":\"http:\\\/\\\/dafinoo.eu\\\/mirmar\\\/#organization\",\"name\":\"MIR-MAR\",\"url\":\"http:\\\/\\\/dafinoo.eu\\\/mirmar\\\/\",\"logo\":{\"@type\":\"ImageObject\",\"inLanguage\":\"sk-SK\",\"@id\":\"http:\\\/\\\/dafinoo.eu\\\/mirmar\\\/#\\\/schema\\\/logo\\\/image\\\/\",\"url\":\"http:\\\/\\\/dafinoo.eu\\\/mirmar\\\/wp-content\\\/uploads\\\/2021\\\/03\\\/mirmar_logo.png\",\"contentUrl\":\"http:\\\/\\\/dafinoo.eu\\\/mirmar\\\/wp-content\\\/uploads\\\/2021\\\/03\\\/mirmar_logo.png\",\"width\":256,\"height\":60,\"caption\":\"MIR-MAR\"},\"image\":{\"@id\":\"http:\\\/\\\/dafinoo.eu\\\/mirmar\\\/#\\\/schema\\\/logo\\\/image\\\/\"},\"sameAs\":[\"https:\\\/\\\/facebook.com\\\/mirmareshop\"]}]}<\/script>\n<!-- \/ Yoast SEO plugin. -->","yoast_head_json":{"title":"Bosch GOP 250 CE Professional - MIR-MAR","robots":{"index":"index","follow":"follow","max-snippet":"max-snippet:-1","max-image-preview":"max-image-preview:large","max-video-preview":"max-video-preview:-1"},"canonical":"http:\/\/dafinoo.eu\/mirmar\/obchod\/gop-250-ce-professional\/","og_locale":"sk_SK","og_type":"article","og_title":"Bosch GOP 250 CE Professional - MIR-MAR","og_description":"Technick\u00e9 parametre: GOP 250 CE Professional Menovit\u00fd pr\u00edkon 250 W Vo\u013enobe\u017en\u00e9 ot\u00e1\u010dky 8.000 \u2013 20.000 min-1 Oscila\u010dn\u00fd uhol v\u013eavo\/vpravo 1,4 \u00b0 Hmotnos\u0165 1,3 kg Funkcie   * Kon\u0161tantn\u00e1 elektronika   * M\u00e4kk\u00e1 tlmiaca vlo\u017eka rukov\u00e4te Inform\u00e1cia o hlu\u010dnosti a vibr\u00e1ci\u00e1ch Hodnoty merania zisten\u00e9 pod\u013ea EN 60745 Celkov\u00e9 hodnoty vibr\u00e1ci\u00ed (s\u00fa\u010det vektorov v troch smeroch) P\u00edlenie s p\u00edlov\u00fdm listom so zanoren\u00edm  Hodnota emisie vibr\u00e1ci\u00ed ah 10.0 m\/s\u00b2 Nepresnos\u0165 K 1.5 m\/s\u00b2 P\u00edlenie so segmentovan\u00fdm p\u00edlov\u00fdm listom  Hodnota emisie vibr\u00e1ci\u00ed ah 6.5 m\/s\u00b2 Nepresnos\u0165 K 1.5 m\/s\u00b2 \u0160krabanie  Hodnota emisie vibr\u00e1ci\u00ed ah 4.5 m\/s\u00b2 Nepresnos\u0165 K 1.5 m\/s\u00b2 Br\u00fasenie  Hodnota emisie vibr\u00e1ci\u00ed ah 2.0 m\/s\u00b2 Nepresnos\u0165 K 1.5 m\/s\u00b2","og_url":"http:\/\/dafinoo.eu\/mirmar\/obchod\/gop-250-ce-professional\/","og_site_name":"MIR-MAR","article_publisher":"https:\/\/facebook.com\/mirmareshop","article_modified_time":"2021-04-21T13:27:31+00:00","og_image":[{"width":326,"height":154,"url":"https:\/\/i1.wp.com\/www.mirmar.sk\/wp-content\/uploads\/2021\/03\/gop_250_ce_professional_1.jpg?fit=326%2C154&ssl=1","type":"image\/jpeg"}],"twitter_misc":{"Predpokladan\u00fd \u010das \u010d\u00edtania":"1 min\u00fata"},"schema":{"@context":"https:\/\/schema.org","@graph":[{"@type":"WebPage","@id":"http:\/\/dafinoo.eu\/mirmar\/obchod\/gop-250-ce-professional\/","url":"http:\/\/dafinoo.eu\/mirmar\/obchod\/gop-250-ce-professional\/","name":"Bosch GOP 250 CE Professional - MIR-MAR","isPartOf":{"@id":"http:\/\/dafinoo.eu\/mirmar\/#website"},"primaryImageOfPage":{"@id":"http:\/\/dafinoo.eu\/mirmar\/obchod\/gop-250-ce-professional\/#primaryimage"},"image":{"@id":"http:\/\/dafinoo.eu\/mirmar\/obchod\/gop-250-ce-professional\/#primaryimage"},"thumbnailUrl":"http:\/\/dafinoo.eu\/mirmar\/wp-content\/uploads\/2021\/03\/gop_250_ce_professional_1.jpg","datePublished":"2021-03-15T16:25:01+00:00","dateModified":"2021-04-21T13:27:31+00:00","breadcrumb":{"@id":"http:\/\/dafinoo.eu\/mirmar\/obchod\/gop-250-ce-professional\/#breadcrumb"},"inLanguage":"sk-SK","potentialAction":[{"@type":"ReadAction","target":["http:\/\/dafinoo.eu\/mirmar\/obchod\/gop-250-ce-professional\/"]}]},{"@type":"ImageObject","inLanguage":"sk-SK","@id":"http:\/\/dafinoo.eu\/mirmar\/obchod\/gop-250-ce-professional\/#primaryimage","url":"http:\/\/dafinoo.eu\/mirmar\/wp-content\/uploads\/2021\/03\/gop_250_ce_professional_1.jpg","contentUrl":"http:\/\/dafinoo.eu\/mirmar\/wp-content\/uploads\/2021\/03\/gop_250_ce_professional_1.jpg","width":326,"height":154},{"@type":"BreadcrumbList","@id":"http:\/\/dafinoo.eu\/mirmar\/obchod\/gop-250-ce-professional\/#breadcrumb","itemListElement":[{"@type":"ListItem","position":1,"name":"Domovsk\u00e1 str\u00e1nka","item":"http:\/\/dafinoo.eu\/mirmar\/"},{"@type":"ListItem","position":2,"name":"Obchod","item":"http:\/\/dafinoo.eu\/mirmar\/obchod\/"},{"@type":"ListItem","position":3,"name":"Bosch GOP 250 CE Professional"}]},{"@type":"WebSite","@id":"http:\/\/dafinoo.eu\/mirmar\/#website","url":"http:\/\/dafinoo.eu\/mirmar\/","name":"MIR-MAR","description":"Eshop s n\u00e1rad\u00edm","publisher":{"@id":"http:\/\/dafinoo.eu\/mirmar\/#organization"},"potentialAction":[{"@type":"SearchAction","target":{"@type":"EntryPoint","urlTemplate":"http:\/\/dafinoo.eu\/mirmar\/?s={search_term_string}"},"query-input":{"@type":"PropertyValueSpecification","valueRequired":true,"valueName":"search_term_string"}}],"inLanguage":"sk-SK"},{"@type":"Organization","@id":"http:\/\/dafinoo.eu\/mirmar\/#organization","name":"MIR-MAR","url":"http:\/\/dafinoo.eu\/mirmar\/","logo":{"@type":"ImageObject","inLanguage":"sk-SK","@id":"http:\/\/dafinoo.eu\/mirmar\/#\/schema\/logo\/image\/","url":"http:\/\/dafinoo.eu\/mirmar\/wp-content\/uploads\/2021\/03\/mirmar_logo.png","contentUrl":"http:\/\/dafinoo.eu\/mirmar\/wp-content\/uploads\/2021\/03\/mirmar_logo.png","width":256,"height":60,"caption":"MIR-MAR"},"image":{"@id":"http:\/\/dafinoo.eu\/mirmar\/#\/schema\/logo\/image\/"},"sameAs":["https:\/\/facebook.com\/mirmareshop"]}]}},"_links":{"self":[{"href":"http:\/\/dafinoo.eu\/mirmar\/wp-json\/wp\/v2\/product\/36838","targetHints":{"allow":["GET"]}}],"collection":[{"href":"http:\/\/dafinoo.eu\/mirmar\/wp-json\/wp\/v2\/product"}],"about":[{"href":"http:\/\/dafinoo.eu\/mirmar\/wp-json\/wp\/v2\/types\/product"}],"replies":[{"embeddable":true,"href":"http:\/\/dafinoo.eu\/mirmar\/wp-json\/wp\/v2\/comments?post=36838"}],"wp:featuredmedia":[{"embeddable":true,"href":"http:\/\/dafinoo.eu\/mirmar\/wp-json\/wp\/v2\/media\/36839"}],"wp:attachment":[{"href":"http:\/\/dafinoo.eu\/mirmar\/wp-json\/wp\/v2\/media?parent=36838"}],"wp:term":[{"taxonomy":"product_cat","embeddable":true,"href":"http:\/\/dafinoo.eu\/mirmar\/wp-json\/wp\/v2\/product_cat?post=36838"},{"taxonomy":"product_tag","embeddable":true,"href":"http:\/\/dafinoo.eu\/mirmar\/wp-json\/wp\/v2\/product_tag?post=36838"}],"curies":[{"name":"wp","href":"https:\/\/api.w.org\/{rel}","templated":true}]}}