{"id":36842,"date":"2021-03-15T17:25:01","date_gmt":"2021-03-15T16:25:01","guid":{"rendered":"http:\/\/dafinoo.eu\/mirmar\/product\/gst-90-be-professional\/"},"modified":"2021-04-21T15:27:27","modified_gmt":"2021-04-21T13:27:27","slug":"gst-90-be-professional","status":"publish","type":"product","link":"http:\/\/dafinoo.eu\/mirmar\/obchod\/gst-90-be-professional\/","title":{"rendered":"Bosch GST 90 BE Professional"},"content":{"rendered":"<p>Prednosti: GST 90 BE Professional<br \/>\nPrvotriedny komfort<\/p>\n<p>    * Spo\u013eahliv\u00fd partner na ka\u017edodenn\u00e9 pou\u017e\u00edvanie<br \/>\n    * Vysok\u00fd komfort v\u010faka syst\u00e9mu Bosch \u201eSDS\u201c, najjednoduch\u0161ej, bezn\u00e1strojovej v\u00fdmene p\u00edlov\u00fdch listov<br \/>\n    * V\u00fdkonn\u00fd motor s pr\u00edkonom 650 W pre r\u00fdchly postup pr\u00e1ce<br \/>\n    * Zlep\u0161en\u00fd syst\u00e9m up\u00ednania p\u00edlov\u00fdch listov pre vy\u0161\u0161iu presnos\u0165 rezu<br \/>\n    * Ohybu odol\u00e1vaj\u00faca oce\u013eov\u00e1 z\u00e1kladn\u00e1 doska<br \/>\n    * Pr\u00edkladne pokojn\u00fd chod pri p\u00edlen\u00ed pre najlep\u0161ie pracovn\u00e9 v\u00fdsledky a neunavuj\u00facu pr\u00e1cu<br \/>\n    * 4-stup\u0148ov\u00fd v\u00fdkyv na rezy bez vyt\u0155hania materi\u00e1lu<br \/>\n    * Regula\u010dn\u00e1 elektronika pre pr\u00e1cu pod\u013ea povahy materi\u00e1lu<br \/>\n    * Odfukovanie pil\u00edn pre vo\u013en\u00fd v\u00fdh\u013ead, vyp\u00ednate\u013en\u00e9 pre \u00fa\u010dinn\u00e9 ods\u00e1vanie pil\u00edn<\/p>\n","protected":false},"excerpt":{"rendered":"<p>Technick\u00e9 parametre: GST 90 BE Professional<br \/>\nMenovit\u00fd pr\u00edkon \t650 W<br \/>\nPo\u010det zdvihov vo vo\u013enobehu \t500 \u2013 3.100 min-1<br \/>\nHmotnos\u0165 \t2,6 kg<br \/>\nD\u013a\u017eka sie\u0165ovej \u0161n\u00fary \t2,5 m<br \/>\nV\u00fd\u0161ka zdvihu \t26 mm<br \/>\nH\u013abka rezu<br \/>\nH\u013abka rezu do dreva \t90 mm<br \/>\nH\u013abka rezu do hlin\u00edka \t20 mm<br \/>\nH\u013abka rezu do nelegovanej ocele \t10 mm<br \/>\nFunkcie<\/p>\n<p>    * Nastavenie orbit\u00e1lneho v\u00fdkyvu<br \/>\n    * Ods\u00e1vanie prachu<br \/>\n    * Syst\u00e9m Bosch SDS<br \/>\n    * Elektronika<br \/>\n    * V\u00fdkyv p\u00edlov\u00e9ho listu<\/p>\n<p>Inform\u00e1cia o hlu\u010dnosti a vibr\u00e1ci\u00e1ch<\/p>\n<p>Hodnoty merania zisten\u00e9 pod\u013ea EN 60745<br \/>\nCelkov\u00e9 hodnoty vibr\u00e1ci\u00ed (s\u00fa\u010det vektorov v troch smeroch)<br \/>\nP\u00edlenie dreva<br \/>\nHodnota emisie vibr\u00e1ci\u00ed ah \t6.0 m\/s\u00b2<br \/>\nNepresnos\u0165 K \t1.5 m\/s\u00b2<br \/>\nP\u00edlenie plechu<br \/>\nHodnota emisie vibr\u00e1ci\u00ed ah \t6.0 m\/s\u00b2<br \/>\nNepresnos\u0165 K \t1.5 m\/s\u00b2<\/p>\n<p>\u00darove\u0148 hluku elektrick\u00e9ho n\u00e1radia s hodnoten\u00edm A je typicky: hladina akustick\u00e9ho tlaku 84 dB(A); hladina akustick\u00e9ho v\u00fdkonu 95 dB(A). Neistota K= 1,5 dB.<\/p>\n","protected":false},"featured_media":36843,"comment_status":"closed","ping_status":"open","template":"","meta":{"_lmt_disableupdate":"","_lmt_disable":""},"product_cat":[3230,3228,3106],"product_tag":[],"class_list":{"0":"post-36842","1":"product","2":"type-product","3":"status-publish","4":"has-post-thumbnail","6":"product_cat-priamociare-pily-pily-pily-bosch","7":"product_cat-pily-bosch","8":"product_cat-bosch","9":"ts_product_brand-bosh","11":"first","12":"instock","13":"taxable","14":"shipping-taxable","15":"purchasable","16":"product-type-simple"},"yoast_head":"<!-- This site is optimized with the Yoast SEO plugin v27.3 - https:\/\/yoast.com\/product\/yoast-seo-wordpress\/ -->\n<title>Bosch GST 90 BE Professional - MIR-MAR<\/title>\n<meta name=\"robots\" content=\"index, follow, max-snippet:-1, max-image-preview:large, max-video-preview:-1\" \/>\n<link rel=\"canonical\" href=\"http:\/\/dafinoo.eu\/mirmar\/obchod\/gst-90-be-professional\/\" \/>\n<meta property=\"og:locale\" content=\"sk_SK\" \/>\n<meta property=\"og:type\" content=\"article\" \/>\n<meta property=\"og:title\" content=\"Bosch GST 90 BE Professional - MIR-MAR\" \/>\n<meta property=\"og:description\" content=\"Technick\u00e9 parametre: GST 90 BE Professional Menovit\u00fd pr\u00edkon 650 W Po\u010det zdvihov vo vo\u013enobehu 500 \u2013 3.100 min-1 Hmotnos\u0165 2,6 kg D\u013a\u017eka sie\u0165ovej \u0161n\u00fary 2,5 m V\u00fd\u0161ka zdvihu 26 mm H\u013abka rezu  H\u013abka rezu do dreva 90 mm H\u013abka rezu do hlin\u00edka 20 mm H\u013abka rezu do nelegovanej ocele 10 mm Funkcie   * Nastavenie orbit\u00e1lneho v\u00fdkyvu   * Ods\u00e1vanie prachu   * Syst\u00e9m Bosch SDS   * Elektronika   * V\u00fdkyv p\u00edlov\u00e9ho listu Inform\u00e1cia o hlu\u010dnosti a vibr\u00e1ci\u00e1ch Hodnoty merania zisten\u00e9 pod\u013ea EN 60745 Celkov\u00e9 hodnoty vibr\u00e1ci\u00ed (s\u00fa\u010det vektorov v troch smeroch) P\u00edlenie dreva  Hodnota emisie vibr\u00e1ci\u00ed ah 6.0 m\/s\u00b2 Nepresnos\u0165 K 1.5 m\/s\u00b2 P\u00edlenie plechu  Hodnota emisie vibr\u00e1ci\u00ed ah 6.0 m\/s\u00b2 Nepresnos\u0165 K 1.5 m\/s\u00b2 \u00darove\u0148 hluku elektrick\u00e9ho n\u00e1radia s hodnoten\u00edm A je typicky: hladina akustick\u00e9ho tlaku 84 dB(A); hladina akustick\u00e9ho v\u00fdkonu 95 dB(A). Neistota K= 1,5 dB.\" \/>\n<meta property=\"og:url\" content=\"http:\/\/dafinoo.eu\/mirmar\/obchod\/gst-90-be-professional\/\" \/>\n<meta property=\"og:site_name\" content=\"MIR-MAR\" \/>\n<meta property=\"article:publisher\" content=\"https:\/\/facebook.com\/mirmareshop\" \/>\n<meta property=\"article:modified_time\" content=\"2021-04-21T13:27:27+00:00\" \/>\n<meta property=\"og:image\" content=\"https:\/\/i0.wp.com\/www.mirmar.sk\/wp-content\/uploads\/2021\/03\/gst_90_be_professional_1.jpg?fit=260%2C194&ssl=1\" \/>\n\t<meta property=\"og:image:width\" content=\"260\" \/>\n\t<meta property=\"og:image:height\" content=\"194\" \/>\n\t<meta property=\"og:image:type\" content=\"image\/jpeg\" \/>\n<meta name=\"twitter:label1\" content=\"Predpokladan\u00fd \u010das \u010d\u00edtania\" \/>\n\t<meta name=\"twitter:data1\" content=\"1 min\u00fata\" \/>\n<script type=\"application\/ld+json\" class=\"yoast-schema-graph\">{\"@context\":\"https:\\\/\\\/schema.org\",\"@graph\":[{\"@type\":\"WebPage\",\"@id\":\"http:\\\/\\\/dafinoo.eu\\\/mirmar\\\/obchod\\\/gst-90-be-professional\\\/\",\"url\":\"http:\\\/\\\/dafinoo.eu\\\/mirmar\\\/obchod\\\/gst-90-be-professional\\\/\",\"name\":\"Bosch GST 90 BE Professional - MIR-MAR\",\"isPartOf\":{\"@id\":\"http:\\\/\\\/dafinoo.eu\\\/mirmar\\\/#website\"},\"primaryImageOfPage\":{\"@id\":\"http:\\\/\\\/dafinoo.eu\\\/mirmar\\\/obchod\\\/gst-90-be-professional\\\/#primaryimage\"},\"image\":{\"@id\":\"http:\\\/\\\/dafinoo.eu\\\/mirmar\\\/obchod\\\/gst-90-be-professional\\\/#primaryimage\"},\"thumbnailUrl\":\"http:\\\/\\\/dafinoo.eu\\\/mirmar\\\/wp-content\\\/uploads\\\/2021\\\/03\\\/gst_90_be_professional_1.jpg\",\"datePublished\":\"2021-03-15T16:25:01+00:00\",\"dateModified\":\"2021-04-21T13:27:27+00:00\",\"breadcrumb\":{\"@id\":\"http:\\\/\\\/dafinoo.eu\\\/mirmar\\\/obchod\\\/gst-90-be-professional\\\/#breadcrumb\"},\"inLanguage\":\"sk-SK\",\"potentialAction\":[{\"@type\":\"ReadAction\",\"target\":[\"http:\\\/\\\/dafinoo.eu\\\/mirmar\\\/obchod\\\/gst-90-be-professional\\\/\"]}]},{\"@type\":\"ImageObject\",\"inLanguage\":\"sk-SK\",\"@id\":\"http:\\\/\\\/dafinoo.eu\\\/mirmar\\\/obchod\\\/gst-90-be-professional\\\/#primaryimage\",\"url\":\"http:\\\/\\\/dafinoo.eu\\\/mirmar\\\/wp-content\\\/uploads\\\/2021\\\/03\\\/gst_90_be_professional_1.jpg\",\"contentUrl\":\"http:\\\/\\\/dafinoo.eu\\\/mirmar\\\/wp-content\\\/uploads\\\/2021\\\/03\\\/gst_90_be_professional_1.jpg\",\"width\":260,\"height\":194},{\"@type\":\"BreadcrumbList\",\"@id\":\"http:\\\/\\\/dafinoo.eu\\\/mirmar\\\/obchod\\\/gst-90-be-professional\\\/#breadcrumb\",\"itemListElement\":[{\"@type\":\"ListItem\",\"position\":1,\"name\":\"Domovsk\u00e1 str\u00e1nka\",\"item\":\"http:\\\/\\\/dafinoo.eu\\\/mirmar\\\/\"},{\"@type\":\"ListItem\",\"position\":2,\"name\":\"Obchod\",\"item\":\"http:\\\/\\\/dafinoo.eu\\\/mirmar\\\/obchod\\\/\"},{\"@type\":\"ListItem\",\"position\":3,\"name\":\"Bosch GST 90 BE Professional\"}]},{\"@type\":\"WebSite\",\"@id\":\"http:\\\/\\\/dafinoo.eu\\\/mirmar\\\/#website\",\"url\":\"http:\\\/\\\/dafinoo.eu\\\/mirmar\\\/\",\"name\":\"MIR-MAR\",\"description\":\"Eshop s n\u00e1rad\u00edm\",\"publisher\":{\"@id\":\"http:\\\/\\\/dafinoo.eu\\\/mirmar\\\/#organization\"},\"potentialAction\":[{\"@type\":\"SearchAction\",\"target\":{\"@type\":\"EntryPoint\",\"urlTemplate\":\"http:\\\/\\\/dafinoo.eu\\\/mirmar\\\/?s={search_term_string}\"},\"query-input\":{\"@type\":\"PropertyValueSpecification\",\"valueRequired\":true,\"valueName\":\"search_term_string\"}}],\"inLanguage\":\"sk-SK\"},{\"@type\":\"Organization\",\"@id\":\"http:\\\/\\\/dafinoo.eu\\\/mirmar\\\/#organization\",\"name\":\"MIR-MAR\",\"url\":\"http:\\\/\\\/dafinoo.eu\\\/mirmar\\\/\",\"logo\":{\"@type\":\"ImageObject\",\"inLanguage\":\"sk-SK\",\"@id\":\"http:\\\/\\\/dafinoo.eu\\\/mirmar\\\/#\\\/schema\\\/logo\\\/image\\\/\",\"url\":\"http:\\\/\\\/dafinoo.eu\\\/mirmar\\\/wp-content\\\/uploads\\\/2021\\\/03\\\/mirmar_logo.png\",\"contentUrl\":\"http:\\\/\\\/dafinoo.eu\\\/mirmar\\\/wp-content\\\/uploads\\\/2021\\\/03\\\/mirmar_logo.png\",\"width\":256,\"height\":60,\"caption\":\"MIR-MAR\"},\"image\":{\"@id\":\"http:\\\/\\\/dafinoo.eu\\\/mirmar\\\/#\\\/schema\\\/logo\\\/image\\\/\"},\"sameAs\":[\"https:\\\/\\\/facebook.com\\\/mirmareshop\"]}]}<\/script>\n<!-- \/ Yoast SEO plugin. -->","yoast_head_json":{"title":"Bosch GST 90 BE Professional - MIR-MAR","robots":{"index":"index","follow":"follow","max-snippet":"max-snippet:-1","max-image-preview":"max-image-preview:large","max-video-preview":"max-video-preview:-1"},"canonical":"http:\/\/dafinoo.eu\/mirmar\/obchod\/gst-90-be-professional\/","og_locale":"sk_SK","og_type":"article","og_title":"Bosch GST 90 BE Professional - MIR-MAR","og_description":"Technick\u00e9 parametre: GST 90 BE Professional Menovit\u00fd pr\u00edkon 650 W Po\u010det zdvihov vo vo\u013enobehu 500 \u2013 3.100 min-1 Hmotnos\u0165 2,6 kg D\u013a\u017eka sie\u0165ovej \u0161n\u00fary 2,5 m V\u00fd\u0161ka zdvihu 26 mm H\u013abka rezu  H\u013abka rezu do dreva 90 mm H\u013abka rezu do hlin\u00edka 20 mm H\u013abka rezu do nelegovanej ocele 10 mm Funkcie   * Nastavenie orbit\u00e1lneho v\u00fdkyvu   * Ods\u00e1vanie prachu   * Syst\u00e9m Bosch SDS   * Elektronika   * V\u00fdkyv p\u00edlov\u00e9ho listu Inform\u00e1cia o hlu\u010dnosti a vibr\u00e1ci\u00e1ch Hodnoty merania zisten\u00e9 pod\u013ea EN 60745 Celkov\u00e9 hodnoty vibr\u00e1ci\u00ed (s\u00fa\u010det vektorov v troch smeroch) P\u00edlenie dreva  Hodnota emisie vibr\u00e1ci\u00ed ah 6.0 m\/s\u00b2 Nepresnos\u0165 K 1.5 m\/s\u00b2 P\u00edlenie plechu  Hodnota emisie vibr\u00e1ci\u00ed ah 6.0 m\/s\u00b2 Nepresnos\u0165 K 1.5 m\/s\u00b2 \u00darove\u0148 hluku elektrick\u00e9ho n\u00e1radia s hodnoten\u00edm A je typicky: hladina akustick\u00e9ho tlaku 84 dB(A); hladina akustick\u00e9ho v\u00fdkonu 95 dB(A). Neistota K= 1,5 dB.","og_url":"http:\/\/dafinoo.eu\/mirmar\/obchod\/gst-90-be-professional\/","og_site_name":"MIR-MAR","article_publisher":"https:\/\/facebook.com\/mirmareshop","article_modified_time":"2021-04-21T13:27:27+00:00","og_image":[{"width":260,"height":194,"url":"https:\/\/i0.wp.com\/www.mirmar.sk\/wp-content\/uploads\/2021\/03\/gst_90_be_professional_1.jpg?fit=260%2C194&ssl=1","type":"image\/jpeg"}],"twitter_misc":{"Predpokladan\u00fd \u010das \u010d\u00edtania":"1 min\u00fata"},"schema":{"@context":"https:\/\/schema.org","@graph":[{"@type":"WebPage","@id":"http:\/\/dafinoo.eu\/mirmar\/obchod\/gst-90-be-professional\/","url":"http:\/\/dafinoo.eu\/mirmar\/obchod\/gst-90-be-professional\/","name":"Bosch GST 90 BE Professional - MIR-MAR","isPartOf":{"@id":"http:\/\/dafinoo.eu\/mirmar\/#website"},"primaryImageOfPage":{"@id":"http:\/\/dafinoo.eu\/mirmar\/obchod\/gst-90-be-professional\/#primaryimage"},"image":{"@id":"http:\/\/dafinoo.eu\/mirmar\/obchod\/gst-90-be-professional\/#primaryimage"},"thumbnailUrl":"http:\/\/dafinoo.eu\/mirmar\/wp-content\/uploads\/2021\/03\/gst_90_be_professional_1.jpg","datePublished":"2021-03-15T16:25:01+00:00","dateModified":"2021-04-21T13:27:27+00:00","breadcrumb":{"@id":"http:\/\/dafinoo.eu\/mirmar\/obchod\/gst-90-be-professional\/#breadcrumb"},"inLanguage":"sk-SK","potentialAction":[{"@type":"ReadAction","target":["http:\/\/dafinoo.eu\/mirmar\/obchod\/gst-90-be-professional\/"]}]},{"@type":"ImageObject","inLanguage":"sk-SK","@id":"http:\/\/dafinoo.eu\/mirmar\/obchod\/gst-90-be-professional\/#primaryimage","url":"http:\/\/dafinoo.eu\/mirmar\/wp-content\/uploads\/2021\/03\/gst_90_be_professional_1.jpg","contentUrl":"http:\/\/dafinoo.eu\/mirmar\/wp-content\/uploads\/2021\/03\/gst_90_be_professional_1.jpg","width":260,"height":194},{"@type":"BreadcrumbList","@id":"http:\/\/dafinoo.eu\/mirmar\/obchod\/gst-90-be-professional\/#breadcrumb","itemListElement":[{"@type":"ListItem","position":1,"name":"Domovsk\u00e1 str\u00e1nka","item":"http:\/\/dafinoo.eu\/mirmar\/"},{"@type":"ListItem","position":2,"name":"Obchod","item":"http:\/\/dafinoo.eu\/mirmar\/obchod\/"},{"@type":"ListItem","position":3,"name":"Bosch GST 90 BE Professional"}]},{"@type":"WebSite","@id":"http:\/\/dafinoo.eu\/mirmar\/#website","url":"http:\/\/dafinoo.eu\/mirmar\/","name":"MIR-MAR","description":"Eshop s n\u00e1rad\u00edm","publisher":{"@id":"http:\/\/dafinoo.eu\/mirmar\/#organization"},"potentialAction":[{"@type":"SearchAction","target":{"@type":"EntryPoint","urlTemplate":"http:\/\/dafinoo.eu\/mirmar\/?s={search_term_string}"},"query-input":{"@type":"PropertyValueSpecification","valueRequired":true,"valueName":"search_term_string"}}],"inLanguage":"sk-SK"},{"@type":"Organization","@id":"http:\/\/dafinoo.eu\/mirmar\/#organization","name":"MIR-MAR","url":"http:\/\/dafinoo.eu\/mirmar\/","logo":{"@type":"ImageObject","inLanguage":"sk-SK","@id":"http:\/\/dafinoo.eu\/mirmar\/#\/schema\/logo\/image\/","url":"http:\/\/dafinoo.eu\/mirmar\/wp-content\/uploads\/2021\/03\/mirmar_logo.png","contentUrl":"http:\/\/dafinoo.eu\/mirmar\/wp-content\/uploads\/2021\/03\/mirmar_logo.png","width":256,"height":60,"caption":"MIR-MAR"},"image":{"@id":"http:\/\/dafinoo.eu\/mirmar\/#\/schema\/logo\/image\/"},"sameAs":["https:\/\/facebook.com\/mirmareshop"]}]}},"_links":{"self":[{"href":"http:\/\/dafinoo.eu\/mirmar\/wp-json\/wp\/v2\/product\/36842","targetHints":{"allow":["GET"]}}],"collection":[{"href":"http:\/\/dafinoo.eu\/mirmar\/wp-json\/wp\/v2\/product"}],"about":[{"href":"http:\/\/dafinoo.eu\/mirmar\/wp-json\/wp\/v2\/types\/product"}],"replies":[{"embeddable":true,"href":"http:\/\/dafinoo.eu\/mirmar\/wp-json\/wp\/v2\/comments?post=36842"}],"wp:featuredmedia":[{"embeddable":true,"href":"http:\/\/dafinoo.eu\/mirmar\/wp-json\/wp\/v2\/media\/36843"}],"wp:attachment":[{"href":"http:\/\/dafinoo.eu\/mirmar\/wp-json\/wp\/v2\/media?parent=36842"}],"wp:term":[{"taxonomy":"product_cat","embeddable":true,"href":"http:\/\/dafinoo.eu\/mirmar\/wp-json\/wp\/v2\/product_cat?post=36842"},{"taxonomy":"product_tag","embeddable":true,"href":"http:\/\/dafinoo.eu\/mirmar\/wp-json\/wp\/v2\/product_tag?post=36842"}],"curies":[{"name":"wp","href":"https:\/\/api.w.org\/{rel}","templated":true}]}}