{"id":36848,"date":"2021-03-15T17:25:09","date_gmt":"2021-03-15T16:25:09","guid":{"rendered":"http:\/\/dafinoo.eu\/mirmar\/product\/gst-135-ce-professional\/"},"modified":"2021-04-21T15:27:22","modified_gmt":"2021-04-21T13:27:22","slug":"gst-135-ce-professional","status":"publish","type":"product","link":"http:\/\/dafinoo.eu\/mirmar\/obchod\/gst-135-ce-professional\/","title":{"rendered":"Bosch GST 135 CE Professional"},"content":{"rendered":"<p>Prednosti: GST 135 CE Professional<br \/>\nJedine\u010dn\u00e1: presnos\u0165 na stla\u010denie gomb\u00edka<\/p>\n<p>    * Po stla\u010den\u00ed tla\u010didla sa vodiace \u010de\u013euste \u201ePrecision Control\u201c automaticky nastavia na r\u00f4zne hr\u00fabky p\u00edlov\u00fdch listov pre uhlovo presn\u00e9 rezy a presnej\u0161ie vedenie<br \/>\n    * Najvy\u0161\u0161\u00ed komfort v\u010faka syst\u00e9mu Bosch \u201eSDS\u201c, najjednoduch\u0161ej v\u00fdmene p\u00edlov\u00fdch listov jednou rukou na svete<br \/>\n    * Kon\u0161tantn\u00e1 r\u00fdchlos\u0165 rezu aj v z\u00e1\u0165a\u017ei v\u010faka kon\u0161tantnej elektronike<br \/>\n    * Pr\u00edkladne pokojn\u00fd chod pri p\u00edlen\u00ed pre najlep\u0161ie pracovn\u00e9 v\u00fdsledky a neunavuj\u00facu pr\u00e1cu<br \/>\n    * Predvo\u013eba ot\u00e1\u010dok na pr\u00e1cu pod\u013ea povahy materi\u00e1lu<br \/>\n    * A\u017e p\u00e4\u0165kr\u00e1t dlh\u0161ia \u017eivotnos\u0165 v porovnan\u00ed s be\u017en\u00fdm n\u00e1rad\u00edm pri extr\u00e9mnom nam\u00e1han\u00ed<br \/>\n    * Zmena nastavenia z\u00e1kladnej dosky bez n\u00e1strojov (+\/- 45\u00b0, ako aj 15 mm dopredu\/dozadu)<br \/>\n    * Pohodln\u00fd servis v\u010faka jednoduchej v\u00fdmene sie\u0165ovej \u0161n\u00fary a uhl\u00edkov<br \/>\n    * Robustn\u00e1 z\u00e1kladn\u00e1 doska z hlin\u00edka s oce\u013eovou vlo\u017ekou, taktie\u017e ide\u00e1lna na p\u00edlenie kovov<br \/>\n    * Odfukovanie pil\u00edn pre vo\u013en\u00fd v\u00fdh\u013ead, vyp\u00ednate\u013en\u00e9 pre \u00fa\u010dinn\u00e9 ods\u00e1vanie pil\u00edn<br \/>\n    * \u0160tvorstup\u0148ov\u00fd orbit\u00e1lny v\u00fdkyv pre hladk\u00e9 a\u017e po agres\u00edvne rezy<\/p>\n","protected":false},"excerpt":{"rendered":"<p>Technick\u00e9 parametre: GST 135 CE Professional<br \/>\nMenovit\u00fd pr\u00edkon \t720 W<br \/>\nPo\u010det zdvihov vo vo\u013enobehu \t500 \u2013 2.800 min-1<br \/>\nHmotnos\u0165 \t2,6 kg<br \/>\nD\u013a\u017eka sie\u0165ovej \u0161n\u00fary \t4 m<br \/>\nV\u00fd\u0161ka zdvihu \t26 mm<br \/>\nH\u013abka rezu<br \/>\nH\u013abka rezu do dreva \t135 mm<br \/>\nH\u013abka rezu do hlin\u00edka \t20 mm<br \/>\nH\u013abka rezu do nelegovanej ocele \t10 mm<br \/>\nFunkcie<\/p>\n<p>    * Nastavenie orbit\u00e1lneho v\u00fdkyvu<br \/>\n    * Ods\u00e1vanie prachu<br \/>\n    * Syst\u00e9m Bosch SDS<br \/>\n    * Elektronika<br \/>\n    * Kon\u0161tantn\u00e1 elektronika<br \/>\n    * V\u00fdkyv p\u00edlov\u00e9ho listu<\/p>\n<p>Inform\u00e1cia o hlu\u010dnosti a vibr\u00e1ci\u00e1ch<\/p>\n<p>Hodnoty merania zisten\u00e9 pod\u013ea EN 60745<br \/>\nCelkov\u00e9 hodnoty vibr\u00e1ci\u00ed (s\u00fa\u010det vektorov v troch smeroch)<br \/>\nP\u00edlenie dreva<br \/>\nHodnota emisie vibr\u00e1ci\u00ed ah \t6.0 m\/s\u00b2<br \/>\nNepresnos\u0165 K \t2.0 m\/s\u00b2<br \/>\nP\u00edlenie plechu<br \/>\nHodnota emisie vibr\u00e1ci\u00ed ah \t6.0 m\/s\u00b2<br \/>\nNepresnos\u0165 K \t1.5 m\/s\u00b2<\/p>\n<p>\u00darove\u0148 hluku elektrick\u00e9ho n\u00e1radia s hodnoten\u00edm A je typicky: hladina akustick\u00e9ho tlaku 84 dB(A); hladina akustick\u00e9ho v\u00fdkonu 95 dB(A). Neistota K= 3 dB.<\/p>\n","protected":false},"featured_media":36849,"comment_status":"closed","ping_status":"open","template":"","meta":{"_lmt_disableupdate":"","_lmt_disable":""},"product_cat":[3230,3228,3106],"product_tag":[],"class_list":{"0":"post-36848","1":"product","2":"type-product","3":"status-publish","4":"has-post-thumbnail","6":"product_cat-priamociare-pily-pily-pily-bosch","7":"product_cat-pily-bosch","8":"product_cat-bosch","9":"ts_product_brand-bosh","11":"first","12":"instock","13":"taxable","14":"shipping-taxable","15":"purchasable","16":"product-type-simple"},"yoast_head":"<!-- This site is optimized with the Yoast SEO plugin v27.3 - https:\/\/yoast.com\/product\/yoast-seo-wordpress\/ -->\n<title>Bosch GST 135 CE Professional - MIR-MAR<\/title>\n<meta name=\"robots\" content=\"index, follow, max-snippet:-1, max-image-preview:large, max-video-preview:-1\" \/>\n<link rel=\"canonical\" href=\"http:\/\/dafinoo.eu\/mirmar\/obchod\/gst-135-ce-professional\/\" \/>\n<meta property=\"og:locale\" content=\"sk_SK\" \/>\n<meta property=\"og:type\" content=\"article\" \/>\n<meta property=\"og:title\" content=\"Bosch GST 135 CE Professional - MIR-MAR\" \/>\n<meta property=\"og:description\" content=\"Technick\u00e9 parametre: GST 135 CE Professional Menovit\u00fd pr\u00edkon 720 W Po\u010det zdvihov vo vo\u013enobehu 500 \u2013 2.800 min-1 Hmotnos\u0165 2,6 kg D\u013a\u017eka sie\u0165ovej \u0161n\u00fary 4 m V\u00fd\u0161ka zdvihu 26 mm H\u013abka rezu  H\u013abka rezu do dreva 135 mm H\u013abka rezu do hlin\u00edka 20 mm H\u013abka rezu do nelegovanej ocele 10 mm Funkcie   * Nastavenie orbit\u00e1lneho v\u00fdkyvu   * Ods\u00e1vanie prachu   * Syst\u00e9m Bosch SDS   * Elektronika   * Kon\u0161tantn\u00e1 elektronika   * V\u00fdkyv p\u00edlov\u00e9ho listu Inform\u00e1cia o hlu\u010dnosti a vibr\u00e1ci\u00e1ch Hodnoty merania zisten\u00e9 pod\u013ea EN 60745 Celkov\u00e9 hodnoty vibr\u00e1ci\u00ed (s\u00fa\u010det vektorov v troch smeroch) P\u00edlenie dreva  Hodnota emisie vibr\u00e1ci\u00ed ah 6.0 m\/s\u00b2 Nepresnos\u0165 K 2.0 m\/s\u00b2 P\u00edlenie plechu  Hodnota emisie vibr\u00e1ci\u00ed ah 6.0 m\/s\u00b2 Nepresnos\u0165 K 1.5 m\/s\u00b2 \u00darove\u0148 hluku elektrick\u00e9ho n\u00e1radia s hodnoten\u00edm A je typicky: hladina akustick\u00e9ho tlaku 84 dB(A); hladina akustick\u00e9ho v\u00fdkonu 95 dB(A). Neistota K= 3 dB.\" \/>\n<meta property=\"og:url\" content=\"http:\/\/dafinoo.eu\/mirmar\/obchod\/gst-135-ce-professional\/\" \/>\n<meta property=\"og:site_name\" content=\"MIR-MAR\" \/>\n<meta property=\"article:publisher\" content=\"https:\/\/facebook.com\/mirmareshop\" \/>\n<meta property=\"article:modified_time\" content=\"2021-04-21T13:27:22+00:00\" \/>\n<meta property=\"og:image\" content=\"https:\/\/i2.wp.com\/www.mirmar.sk\/wp-content\/uploads\/2021\/03\/gst_135_ce_professional_1.jpg?fit=225%2C225&ssl=1\" \/>\n\t<meta property=\"og:image:width\" content=\"225\" \/>\n\t<meta property=\"og:image:height\" content=\"225\" \/>\n\t<meta property=\"og:image:type\" content=\"image\/jpeg\" \/>\n<meta name=\"twitter:label1\" content=\"Predpokladan\u00fd \u010das \u010d\u00edtania\" \/>\n\t<meta name=\"twitter:data1\" content=\"1 min\u00fata\" \/>\n<script type=\"application\/ld+json\" class=\"yoast-schema-graph\">{\"@context\":\"https:\\\/\\\/schema.org\",\"@graph\":[{\"@type\":\"WebPage\",\"@id\":\"http:\\\/\\\/dafinoo.eu\\\/mirmar\\\/obchod\\\/gst-135-ce-professional\\\/\",\"url\":\"http:\\\/\\\/dafinoo.eu\\\/mirmar\\\/obchod\\\/gst-135-ce-professional\\\/\",\"name\":\"Bosch GST 135 CE Professional - MIR-MAR\",\"isPartOf\":{\"@id\":\"http:\\\/\\\/dafinoo.eu\\\/mirmar\\\/#website\"},\"primaryImageOfPage\":{\"@id\":\"http:\\\/\\\/dafinoo.eu\\\/mirmar\\\/obchod\\\/gst-135-ce-professional\\\/#primaryimage\"},\"image\":{\"@id\":\"http:\\\/\\\/dafinoo.eu\\\/mirmar\\\/obchod\\\/gst-135-ce-professional\\\/#primaryimage\"},\"thumbnailUrl\":\"http:\\\/\\\/dafinoo.eu\\\/mirmar\\\/wp-content\\\/uploads\\\/2021\\\/03\\\/gst_135_ce_professional_1.jpg\",\"datePublished\":\"2021-03-15T16:25:09+00:00\",\"dateModified\":\"2021-04-21T13:27:22+00:00\",\"breadcrumb\":{\"@id\":\"http:\\\/\\\/dafinoo.eu\\\/mirmar\\\/obchod\\\/gst-135-ce-professional\\\/#breadcrumb\"},\"inLanguage\":\"sk-SK\",\"potentialAction\":[{\"@type\":\"ReadAction\",\"target\":[\"http:\\\/\\\/dafinoo.eu\\\/mirmar\\\/obchod\\\/gst-135-ce-professional\\\/\"]}]},{\"@type\":\"ImageObject\",\"inLanguage\":\"sk-SK\",\"@id\":\"http:\\\/\\\/dafinoo.eu\\\/mirmar\\\/obchod\\\/gst-135-ce-professional\\\/#primaryimage\",\"url\":\"http:\\\/\\\/dafinoo.eu\\\/mirmar\\\/wp-content\\\/uploads\\\/2021\\\/03\\\/gst_135_ce_professional_1.jpg\",\"contentUrl\":\"http:\\\/\\\/dafinoo.eu\\\/mirmar\\\/wp-content\\\/uploads\\\/2021\\\/03\\\/gst_135_ce_professional_1.jpg\",\"width\":225,\"height\":225},{\"@type\":\"BreadcrumbList\",\"@id\":\"http:\\\/\\\/dafinoo.eu\\\/mirmar\\\/obchod\\\/gst-135-ce-professional\\\/#breadcrumb\",\"itemListElement\":[{\"@type\":\"ListItem\",\"position\":1,\"name\":\"Domovsk\u00e1 str\u00e1nka\",\"item\":\"http:\\\/\\\/dafinoo.eu\\\/mirmar\\\/\"},{\"@type\":\"ListItem\",\"position\":2,\"name\":\"Obchod\",\"item\":\"http:\\\/\\\/dafinoo.eu\\\/mirmar\\\/obchod\\\/\"},{\"@type\":\"ListItem\",\"position\":3,\"name\":\"Bosch GST 135 CE Professional\"}]},{\"@type\":\"WebSite\",\"@id\":\"http:\\\/\\\/dafinoo.eu\\\/mirmar\\\/#website\",\"url\":\"http:\\\/\\\/dafinoo.eu\\\/mirmar\\\/\",\"name\":\"MIR-MAR\",\"description\":\"Eshop s n\u00e1rad\u00edm\",\"publisher\":{\"@id\":\"http:\\\/\\\/dafinoo.eu\\\/mirmar\\\/#organization\"},\"potentialAction\":[{\"@type\":\"SearchAction\",\"target\":{\"@type\":\"EntryPoint\",\"urlTemplate\":\"http:\\\/\\\/dafinoo.eu\\\/mirmar\\\/?s={search_term_string}\"},\"query-input\":{\"@type\":\"PropertyValueSpecification\",\"valueRequired\":true,\"valueName\":\"search_term_string\"}}],\"inLanguage\":\"sk-SK\"},{\"@type\":\"Organization\",\"@id\":\"http:\\\/\\\/dafinoo.eu\\\/mirmar\\\/#organization\",\"name\":\"MIR-MAR\",\"url\":\"http:\\\/\\\/dafinoo.eu\\\/mirmar\\\/\",\"logo\":{\"@type\":\"ImageObject\",\"inLanguage\":\"sk-SK\",\"@id\":\"http:\\\/\\\/dafinoo.eu\\\/mirmar\\\/#\\\/schema\\\/logo\\\/image\\\/\",\"url\":\"http:\\\/\\\/dafinoo.eu\\\/mirmar\\\/wp-content\\\/uploads\\\/2021\\\/03\\\/mirmar_logo.png\",\"contentUrl\":\"http:\\\/\\\/dafinoo.eu\\\/mirmar\\\/wp-content\\\/uploads\\\/2021\\\/03\\\/mirmar_logo.png\",\"width\":256,\"height\":60,\"caption\":\"MIR-MAR\"},\"image\":{\"@id\":\"http:\\\/\\\/dafinoo.eu\\\/mirmar\\\/#\\\/schema\\\/logo\\\/image\\\/\"},\"sameAs\":[\"https:\\\/\\\/facebook.com\\\/mirmareshop\"]}]}<\/script>\n<!-- \/ Yoast SEO plugin. -->","yoast_head_json":{"title":"Bosch GST 135 CE Professional - MIR-MAR","robots":{"index":"index","follow":"follow","max-snippet":"max-snippet:-1","max-image-preview":"max-image-preview:large","max-video-preview":"max-video-preview:-1"},"canonical":"http:\/\/dafinoo.eu\/mirmar\/obchod\/gst-135-ce-professional\/","og_locale":"sk_SK","og_type":"article","og_title":"Bosch GST 135 CE Professional - MIR-MAR","og_description":"Technick\u00e9 parametre: GST 135 CE Professional Menovit\u00fd pr\u00edkon 720 W Po\u010det zdvihov vo vo\u013enobehu 500 \u2013 2.800 min-1 Hmotnos\u0165 2,6 kg D\u013a\u017eka sie\u0165ovej \u0161n\u00fary 4 m V\u00fd\u0161ka zdvihu 26 mm H\u013abka rezu  H\u013abka rezu do dreva 135 mm H\u013abka rezu do hlin\u00edka 20 mm H\u013abka rezu do nelegovanej ocele 10 mm Funkcie   * Nastavenie orbit\u00e1lneho v\u00fdkyvu   * Ods\u00e1vanie prachu   * Syst\u00e9m Bosch SDS   * Elektronika   * Kon\u0161tantn\u00e1 elektronika   * V\u00fdkyv p\u00edlov\u00e9ho listu Inform\u00e1cia o hlu\u010dnosti a vibr\u00e1ci\u00e1ch Hodnoty merania zisten\u00e9 pod\u013ea EN 60745 Celkov\u00e9 hodnoty vibr\u00e1ci\u00ed (s\u00fa\u010det vektorov v troch smeroch) P\u00edlenie dreva  Hodnota emisie vibr\u00e1ci\u00ed ah 6.0 m\/s\u00b2 Nepresnos\u0165 K 2.0 m\/s\u00b2 P\u00edlenie plechu  Hodnota emisie vibr\u00e1ci\u00ed ah 6.0 m\/s\u00b2 Nepresnos\u0165 K 1.5 m\/s\u00b2 \u00darove\u0148 hluku elektrick\u00e9ho n\u00e1radia s hodnoten\u00edm A je typicky: hladina akustick\u00e9ho tlaku 84 dB(A); hladina akustick\u00e9ho v\u00fdkonu 95 dB(A). Neistota K= 3 dB.","og_url":"http:\/\/dafinoo.eu\/mirmar\/obchod\/gst-135-ce-professional\/","og_site_name":"MIR-MAR","article_publisher":"https:\/\/facebook.com\/mirmareshop","article_modified_time":"2021-04-21T13:27:22+00:00","og_image":[{"width":225,"height":225,"url":"https:\/\/i2.wp.com\/www.mirmar.sk\/wp-content\/uploads\/2021\/03\/gst_135_ce_professional_1.jpg?fit=225%2C225&ssl=1","type":"image\/jpeg"}],"twitter_misc":{"Predpokladan\u00fd \u010das \u010d\u00edtania":"1 min\u00fata"},"schema":{"@context":"https:\/\/schema.org","@graph":[{"@type":"WebPage","@id":"http:\/\/dafinoo.eu\/mirmar\/obchod\/gst-135-ce-professional\/","url":"http:\/\/dafinoo.eu\/mirmar\/obchod\/gst-135-ce-professional\/","name":"Bosch GST 135 CE Professional - MIR-MAR","isPartOf":{"@id":"http:\/\/dafinoo.eu\/mirmar\/#website"},"primaryImageOfPage":{"@id":"http:\/\/dafinoo.eu\/mirmar\/obchod\/gst-135-ce-professional\/#primaryimage"},"image":{"@id":"http:\/\/dafinoo.eu\/mirmar\/obchod\/gst-135-ce-professional\/#primaryimage"},"thumbnailUrl":"http:\/\/dafinoo.eu\/mirmar\/wp-content\/uploads\/2021\/03\/gst_135_ce_professional_1.jpg","datePublished":"2021-03-15T16:25:09+00:00","dateModified":"2021-04-21T13:27:22+00:00","breadcrumb":{"@id":"http:\/\/dafinoo.eu\/mirmar\/obchod\/gst-135-ce-professional\/#breadcrumb"},"inLanguage":"sk-SK","potentialAction":[{"@type":"ReadAction","target":["http:\/\/dafinoo.eu\/mirmar\/obchod\/gst-135-ce-professional\/"]}]},{"@type":"ImageObject","inLanguage":"sk-SK","@id":"http:\/\/dafinoo.eu\/mirmar\/obchod\/gst-135-ce-professional\/#primaryimage","url":"http:\/\/dafinoo.eu\/mirmar\/wp-content\/uploads\/2021\/03\/gst_135_ce_professional_1.jpg","contentUrl":"http:\/\/dafinoo.eu\/mirmar\/wp-content\/uploads\/2021\/03\/gst_135_ce_professional_1.jpg","width":225,"height":225},{"@type":"BreadcrumbList","@id":"http:\/\/dafinoo.eu\/mirmar\/obchod\/gst-135-ce-professional\/#breadcrumb","itemListElement":[{"@type":"ListItem","position":1,"name":"Domovsk\u00e1 str\u00e1nka","item":"http:\/\/dafinoo.eu\/mirmar\/"},{"@type":"ListItem","position":2,"name":"Obchod","item":"http:\/\/dafinoo.eu\/mirmar\/obchod\/"},{"@type":"ListItem","position":3,"name":"Bosch GST 135 CE Professional"}]},{"@type":"WebSite","@id":"http:\/\/dafinoo.eu\/mirmar\/#website","url":"http:\/\/dafinoo.eu\/mirmar\/","name":"MIR-MAR","description":"Eshop s n\u00e1rad\u00edm","publisher":{"@id":"http:\/\/dafinoo.eu\/mirmar\/#organization"},"potentialAction":[{"@type":"SearchAction","target":{"@type":"EntryPoint","urlTemplate":"http:\/\/dafinoo.eu\/mirmar\/?s={search_term_string}"},"query-input":{"@type":"PropertyValueSpecification","valueRequired":true,"valueName":"search_term_string"}}],"inLanguage":"sk-SK"},{"@type":"Organization","@id":"http:\/\/dafinoo.eu\/mirmar\/#organization","name":"MIR-MAR","url":"http:\/\/dafinoo.eu\/mirmar\/","logo":{"@type":"ImageObject","inLanguage":"sk-SK","@id":"http:\/\/dafinoo.eu\/mirmar\/#\/schema\/logo\/image\/","url":"http:\/\/dafinoo.eu\/mirmar\/wp-content\/uploads\/2021\/03\/mirmar_logo.png","contentUrl":"http:\/\/dafinoo.eu\/mirmar\/wp-content\/uploads\/2021\/03\/mirmar_logo.png","width":256,"height":60,"caption":"MIR-MAR"},"image":{"@id":"http:\/\/dafinoo.eu\/mirmar\/#\/schema\/logo\/image\/"},"sameAs":["https:\/\/facebook.com\/mirmareshop"]}]}},"_links":{"self":[{"href":"http:\/\/dafinoo.eu\/mirmar\/wp-json\/wp\/v2\/product\/36848","targetHints":{"allow":["GET"]}}],"collection":[{"href":"http:\/\/dafinoo.eu\/mirmar\/wp-json\/wp\/v2\/product"}],"about":[{"href":"http:\/\/dafinoo.eu\/mirmar\/wp-json\/wp\/v2\/types\/product"}],"replies":[{"embeddable":true,"href":"http:\/\/dafinoo.eu\/mirmar\/wp-json\/wp\/v2\/comments?post=36848"}],"wp:featuredmedia":[{"embeddable":true,"href":"http:\/\/dafinoo.eu\/mirmar\/wp-json\/wp\/v2\/media\/36849"}],"wp:attachment":[{"href":"http:\/\/dafinoo.eu\/mirmar\/wp-json\/wp\/v2\/media?parent=36848"}],"wp:term":[{"taxonomy":"product_cat","embeddable":true,"href":"http:\/\/dafinoo.eu\/mirmar\/wp-json\/wp\/v2\/product_cat?post=36848"},{"taxonomy":"product_tag","embeddable":true,"href":"http:\/\/dafinoo.eu\/mirmar\/wp-json\/wp\/v2\/product_tag?post=36848"}],"curies":[{"name":"wp","href":"https:\/\/api.w.org\/{rel}","templated":true}]}}