{"id":36862,"date":"2021-03-15T17:25:09","date_gmt":"2021-03-15T16:25:09","guid":{"rendered":"http:\/\/dafinoo.eu\/mirmar\/product\/gke-35-bce-professional\/"},"modified":"2021-04-21T15:27:09","modified_gmt":"2021-04-21T13:27:09","slug":"gke-35-bce-professional","status":"publish","type":"product","link":"http:\/\/dafinoo.eu\/mirmar\/obchod\/gke-35-bce-professional\/","title":{"rendered":"Bosch GKE 35 BCE Professional"},"content":{"rendered":"<p>Prednosti: GKE 35 BCE Professional<br \/>\nVysok\u00fd v\u00fdkon i v z\u00e1\u0165a\u017ei<\/p>\n<p>    * Motor s pr\u00edkonom 2 100 W pre vysok\u00fd v\u00fdkon<br \/>\n    * Kon\u0161tantn\u00e1 elektronika pre rovnomern\u00fa r\u00fdchlos\u0165 rezu i pri za\u0165a\u017een\u00ed<br \/>\n    * V\u00fdmena a nap\u00ednanie re\u0165aze bez n\u00e1strojov (Bosch SDS)<br \/>\n    * Kompaktn\u00fd dizajn s optim\u00e1lnym vyv\u00e1\u017een\u00edm n\u00e1radia a ergon\u00f3miou rukov\u00e4t\u00ed pre neunavuj\u00facu pr\u00e1cu<br \/>\n    * Ochrana motora proti pre\u0165a\u017eeniu a plynul\u00fd rozbeh pre dlh\u00fa \u017eivotnos\u0165<br \/>\n    * Vysok\u00e1 ochrana v\u010faka r\u00e1zovej a dobehovej brzde s \u010dasom brzdenia < 1,0 s\n    * Kvalitn\u00e1 li\u0161ta a re\u0165az s\u00fa z\u00e1rukou dlh\u00e9ho a t\u00fdm aj hospod\u00e1rneho vyu\u017e\u00edvania\n<\/p>\n","protected":false},"excerpt":{"rendered":"<p>Technick\u00e9 parametre: GKE 35 BCE Professional<br \/>\nMenovit\u00fd pr\u00edkon \t2.100 W<br \/>\nHmotnos\u0165 \t4,6 kg<br \/>\nLi\u0161ta, d\u013a\u017eka \t350 mm<br \/>\nDelenie re\u0165aze \t3\/8 &#8221;<br \/>\nR\u00fdchlos\u0165 re\u0165aze \t12,00 m\/s<br \/>\nD\u013a\u017eka sie\u0165ovej \u0161n\u00fary \t2,5 m<br \/>\nHr\u00fabka hnac\u00edch \u010dl\u00e1nkov \t1,3 mm<br \/>\nReak\u010dn\u00fd \u010das bezpe\u010dnostnej brzdy \t<= 0,1 s\nReak\u010dn\u00fd \u010das dobehovej brzdy \t<= 1 s\nOprac\u00favate\u013en\u00fd materi\u00e1l \tDrevo \nD\u013a\u017eka \t780 mm\n\u0160\u00edrka \t255 mm\nV\u00fd\u0161ka \t200 mm\nFunkcie\n\n    * Kon\u0161tantn\u00e1 elektronika\n\nInform\u00e1cia o hlu\u010dnosti a vibr\u00e1ci\u00e1ch\n\nHodnoty merania zisten\u00e9 pod\u013ea EN 60745\nCelkov\u00e9 hodnoty vibr\u00e1ci\u00ed (s\u00fa\u010det vektorov v troch smeroch)\nHodnota emisie vibr\u00e1ci\u00ed ah \t4.8 m\/s\u00b2\nNepresnos\u0165 K \t1.5 m\/s\u00b2\n\n\u00darove\u0148 hluku elektrick\u00e9ho n\u00e1radia s hodnoten\u00edm A je typicky: hladina akustick\u00e9ho tlaku 96 dB(A); hladina akustick\u00e9ho v\u00fdkonu 105 dB(A). Neistota K= 3 dB.\n<\/p>\n","protected":false},"featured_media":36863,"comment_status":"closed","ping_status":"open","template":"","meta":{"_lmt_disableupdate":"","_lmt_disable":""},"product_cat":[3232,3228,3106],"product_tag":[],"class_list":{"0":"post-36862","1":"product","2":"type-product","3":"status-publish","4":"has-post-thumbnail","6":"product_cat-retazove-pily-pily-pily-bosch","7":"product_cat-pily-bosch","8":"product_cat-bosch","9":"ts_product_brand-bosh","11":"first","12":"instock","13":"taxable","14":"shipping-taxable","15":"purchasable","16":"product-type-simple"},"yoast_head":"<!-- This site is optimized with the Yoast SEO plugin v27.3 - https:\/\/yoast.com\/product\/yoast-seo-wordpress\/ -->\n<title>Bosch GKE 35 BCE Professional - MIR-MAR<\/title>\n<meta name=\"robots\" content=\"index, follow, max-snippet:-1, max-image-preview:large, max-video-preview:-1\" \/>\n<link rel=\"canonical\" href=\"http:\/\/dafinoo.eu\/mirmar\/obchod\/gke-35-bce-professional\/\" \/>\n<meta property=\"og:locale\" content=\"sk_SK\" \/>\n<meta property=\"og:type\" content=\"article\" \/>\n<meta property=\"og:title\" content=\"Bosch GKE 35 BCE Professional - MIR-MAR\" \/>\n<meta property=\"og:description\" content=\"Technick\u00e9 parametre: GKE 35 BCE Professional Menovit\u00fd pr\u00edkon 2.100 W Hmotnos\u0165 4,6 kg Li\u0161ta, d\u013a\u017eka 350 mm Delenie re\u0165aze 3\/8 &quot; R\u00fdchlos\u0165 re\u0165aze 12,00 m\/s D\u013a\u017eka sie\u0165ovej \u0161n\u00fary 2,5 m Hr\u00fabka hnac\u00edch \u010dl\u00e1nkov 1,3 mm Reak\u010dn\u00fd \u010das bezpe\u010dnostnej brzdy\" \/>\n<meta property=\"og:url\" content=\"http:\/\/dafinoo.eu\/mirmar\/obchod\/gke-35-bce-professional\/\" \/>\n<meta property=\"og:site_name\" content=\"MIR-MAR\" \/>\n<meta property=\"article:publisher\" content=\"https:\/\/facebook.com\/mirmareshop\" \/>\n<meta property=\"article:modified_time\" content=\"2021-04-21T13:27:09+00:00\" \/>\n<meta property=\"og:image\" content=\"https:\/\/i1.wp.com\/www.mirmar.sk\/wp-content\/uploads\/2021\/03\/gke_35_bce_professional_1.jpg?fit=231%2C139&ssl=1\" \/>\n\t<meta property=\"og:image:width\" content=\"231\" \/>\n\t<meta property=\"og:image:height\" content=\"139\" \/>\n\t<meta property=\"og:image:type\" content=\"image\/jpeg\" \/>\n<meta name=\"twitter:label1\" content=\"Predpokladan\u00fd \u010das \u010d\u00edtania\" \/>\n\t<meta name=\"twitter:data1\" content=\"1 min\u00fata\" \/>\n<script type=\"application\/ld+json\" class=\"yoast-schema-graph\">{\"@context\":\"https:\\\/\\\/schema.org\",\"@graph\":[{\"@type\":\"WebPage\",\"@id\":\"http:\\\/\\\/dafinoo.eu\\\/mirmar\\\/obchod\\\/gke-35-bce-professional\\\/\",\"url\":\"http:\\\/\\\/dafinoo.eu\\\/mirmar\\\/obchod\\\/gke-35-bce-professional\\\/\",\"name\":\"Bosch GKE 35 BCE Professional - MIR-MAR\",\"isPartOf\":{\"@id\":\"http:\\\/\\\/dafinoo.eu\\\/mirmar\\\/#website\"},\"primaryImageOfPage\":{\"@id\":\"http:\\\/\\\/dafinoo.eu\\\/mirmar\\\/obchod\\\/gke-35-bce-professional\\\/#primaryimage\"},\"image\":{\"@id\":\"http:\\\/\\\/dafinoo.eu\\\/mirmar\\\/obchod\\\/gke-35-bce-professional\\\/#primaryimage\"},\"thumbnailUrl\":\"http:\\\/\\\/dafinoo.eu\\\/mirmar\\\/wp-content\\\/uploads\\\/2021\\\/03\\\/gke_35_bce_professional_1.jpg\",\"datePublished\":\"2021-03-15T16:25:09+00:00\",\"dateModified\":\"2021-04-21T13:27:09+00:00\",\"breadcrumb\":{\"@id\":\"http:\\\/\\\/dafinoo.eu\\\/mirmar\\\/obchod\\\/gke-35-bce-professional\\\/#breadcrumb\"},\"inLanguage\":\"sk-SK\",\"potentialAction\":[{\"@type\":\"ReadAction\",\"target\":[\"http:\\\/\\\/dafinoo.eu\\\/mirmar\\\/obchod\\\/gke-35-bce-professional\\\/\"]}]},{\"@type\":\"ImageObject\",\"inLanguage\":\"sk-SK\",\"@id\":\"http:\\\/\\\/dafinoo.eu\\\/mirmar\\\/obchod\\\/gke-35-bce-professional\\\/#primaryimage\",\"url\":\"http:\\\/\\\/dafinoo.eu\\\/mirmar\\\/wp-content\\\/uploads\\\/2021\\\/03\\\/gke_35_bce_professional_1.jpg\",\"contentUrl\":\"http:\\\/\\\/dafinoo.eu\\\/mirmar\\\/wp-content\\\/uploads\\\/2021\\\/03\\\/gke_35_bce_professional_1.jpg\",\"width\":231,\"height\":139},{\"@type\":\"BreadcrumbList\",\"@id\":\"http:\\\/\\\/dafinoo.eu\\\/mirmar\\\/obchod\\\/gke-35-bce-professional\\\/#breadcrumb\",\"itemListElement\":[{\"@type\":\"ListItem\",\"position\":1,\"name\":\"Domovsk\u00e1 str\u00e1nka\",\"item\":\"http:\\\/\\\/dafinoo.eu\\\/mirmar\\\/\"},{\"@type\":\"ListItem\",\"position\":2,\"name\":\"Obchod\",\"item\":\"http:\\\/\\\/dafinoo.eu\\\/mirmar\\\/obchod\\\/\"},{\"@type\":\"ListItem\",\"position\":3,\"name\":\"Bosch GKE 35 BCE Professional\"}]},{\"@type\":\"WebSite\",\"@id\":\"http:\\\/\\\/dafinoo.eu\\\/mirmar\\\/#website\",\"url\":\"http:\\\/\\\/dafinoo.eu\\\/mirmar\\\/\",\"name\":\"MIR-MAR\",\"description\":\"Eshop s n\u00e1rad\u00edm\",\"publisher\":{\"@id\":\"http:\\\/\\\/dafinoo.eu\\\/mirmar\\\/#organization\"},\"potentialAction\":[{\"@type\":\"SearchAction\",\"target\":{\"@type\":\"EntryPoint\",\"urlTemplate\":\"http:\\\/\\\/dafinoo.eu\\\/mirmar\\\/?s={search_term_string}\"},\"query-input\":{\"@type\":\"PropertyValueSpecification\",\"valueRequired\":true,\"valueName\":\"search_term_string\"}}],\"inLanguage\":\"sk-SK\"},{\"@type\":\"Organization\",\"@id\":\"http:\\\/\\\/dafinoo.eu\\\/mirmar\\\/#organization\",\"name\":\"MIR-MAR\",\"url\":\"http:\\\/\\\/dafinoo.eu\\\/mirmar\\\/\",\"logo\":{\"@type\":\"ImageObject\",\"inLanguage\":\"sk-SK\",\"@id\":\"http:\\\/\\\/dafinoo.eu\\\/mirmar\\\/#\\\/schema\\\/logo\\\/image\\\/\",\"url\":\"http:\\\/\\\/dafinoo.eu\\\/mirmar\\\/wp-content\\\/uploads\\\/2021\\\/03\\\/mirmar_logo.png\",\"contentUrl\":\"http:\\\/\\\/dafinoo.eu\\\/mirmar\\\/wp-content\\\/uploads\\\/2021\\\/03\\\/mirmar_logo.png\",\"width\":256,\"height\":60,\"caption\":\"MIR-MAR\"},\"image\":{\"@id\":\"http:\\\/\\\/dafinoo.eu\\\/mirmar\\\/#\\\/schema\\\/logo\\\/image\\\/\"},\"sameAs\":[\"https:\\\/\\\/facebook.com\\\/mirmareshop\"]}]}<\/script>\n<!-- \/ Yoast SEO plugin. -->","yoast_head_json":{"title":"Bosch GKE 35 BCE Professional - MIR-MAR","robots":{"index":"index","follow":"follow","max-snippet":"max-snippet:-1","max-image-preview":"max-image-preview:large","max-video-preview":"max-video-preview:-1"},"canonical":"http:\/\/dafinoo.eu\/mirmar\/obchod\/gke-35-bce-professional\/","og_locale":"sk_SK","og_type":"article","og_title":"Bosch GKE 35 BCE Professional - MIR-MAR","og_description":"Technick\u00e9 parametre: GKE 35 BCE Professional Menovit\u00fd pr\u00edkon 2.100 W Hmotnos\u0165 4,6 kg Li\u0161ta, d\u013a\u017eka 350 mm Delenie re\u0165aze 3\/8 \" R\u00fdchlos\u0165 re\u0165aze 12,00 m\/s D\u013a\u017eka sie\u0165ovej \u0161n\u00fary 2,5 m Hr\u00fabka hnac\u00edch \u010dl\u00e1nkov 1,3 mm Reak\u010dn\u00fd \u010das bezpe\u010dnostnej brzdy","og_url":"http:\/\/dafinoo.eu\/mirmar\/obchod\/gke-35-bce-professional\/","og_site_name":"MIR-MAR","article_publisher":"https:\/\/facebook.com\/mirmareshop","article_modified_time":"2021-04-21T13:27:09+00:00","og_image":[{"width":231,"height":139,"url":"https:\/\/i1.wp.com\/www.mirmar.sk\/wp-content\/uploads\/2021\/03\/gke_35_bce_professional_1.jpg?fit=231%2C139&ssl=1","type":"image\/jpeg"}],"twitter_misc":{"Predpokladan\u00fd \u010das \u010d\u00edtania":"1 min\u00fata"},"schema":{"@context":"https:\/\/schema.org","@graph":[{"@type":"WebPage","@id":"http:\/\/dafinoo.eu\/mirmar\/obchod\/gke-35-bce-professional\/","url":"http:\/\/dafinoo.eu\/mirmar\/obchod\/gke-35-bce-professional\/","name":"Bosch GKE 35 BCE Professional - MIR-MAR","isPartOf":{"@id":"http:\/\/dafinoo.eu\/mirmar\/#website"},"primaryImageOfPage":{"@id":"http:\/\/dafinoo.eu\/mirmar\/obchod\/gke-35-bce-professional\/#primaryimage"},"image":{"@id":"http:\/\/dafinoo.eu\/mirmar\/obchod\/gke-35-bce-professional\/#primaryimage"},"thumbnailUrl":"http:\/\/dafinoo.eu\/mirmar\/wp-content\/uploads\/2021\/03\/gke_35_bce_professional_1.jpg","datePublished":"2021-03-15T16:25:09+00:00","dateModified":"2021-04-21T13:27:09+00:00","breadcrumb":{"@id":"http:\/\/dafinoo.eu\/mirmar\/obchod\/gke-35-bce-professional\/#breadcrumb"},"inLanguage":"sk-SK","potentialAction":[{"@type":"ReadAction","target":["http:\/\/dafinoo.eu\/mirmar\/obchod\/gke-35-bce-professional\/"]}]},{"@type":"ImageObject","inLanguage":"sk-SK","@id":"http:\/\/dafinoo.eu\/mirmar\/obchod\/gke-35-bce-professional\/#primaryimage","url":"http:\/\/dafinoo.eu\/mirmar\/wp-content\/uploads\/2021\/03\/gke_35_bce_professional_1.jpg","contentUrl":"http:\/\/dafinoo.eu\/mirmar\/wp-content\/uploads\/2021\/03\/gke_35_bce_professional_1.jpg","width":231,"height":139},{"@type":"BreadcrumbList","@id":"http:\/\/dafinoo.eu\/mirmar\/obchod\/gke-35-bce-professional\/#breadcrumb","itemListElement":[{"@type":"ListItem","position":1,"name":"Domovsk\u00e1 str\u00e1nka","item":"http:\/\/dafinoo.eu\/mirmar\/"},{"@type":"ListItem","position":2,"name":"Obchod","item":"http:\/\/dafinoo.eu\/mirmar\/obchod\/"},{"@type":"ListItem","position":3,"name":"Bosch GKE 35 BCE Professional"}]},{"@type":"WebSite","@id":"http:\/\/dafinoo.eu\/mirmar\/#website","url":"http:\/\/dafinoo.eu\/mirmar\/","name":"MIR-MAR","description":"Eshop s n\u00e1rad\u00edm","publisher":{"@id":"http:\/\/dafinoo.eu\/mirmar\/#organization"},"potentialAction":[{"@type":"SearchAction","target":{"@type":"EntryPoint","urlTemplate":"http:\/\/dafinoo.eu\/mirmar\/?s={search_term_string}"},"query-input":{"@type":"PropertyValueSpecification","valueRequired":true,"valueName":"search_term_string"}}],"inLanguage":"sk-SK"},{"@type":"Organization","@id":"http:\/\/dafinoo.eu\/mirmar\/#organization","name":"MIR-MAR","url":"http:\/\/dafinoo.eu\/mirmar\/","logo":{"@type":"ImageObject","inLanguage":"sk-SK","@id":"http:\/\/dafinoo.eu\/mirmar\/#\/schema\/logo\/image\/","url":"http:\/\/dafinoo.eu\/mirmar\/wp-content\/uploads\/2021\/03\/mirmar_logo.png","contentUrl":"http:\/\/dafinoo.eu\/mirmar\/wp-content\/uploads\/2021\/03\/mirmar_logo.png","width":256,"height":60,"caption":"MIR-MAR"},"image":{"@id":"http:\/\/dafinoo.eu\/mirmar\/#\/schema\/logo\/image\/"},"sameAs":["https:\/\/facebook.com\/mirmareshop"]}]}},"_links":{"self":[{"href":"http:\/\/dafinoo.eu\/mirmar\/wp-json\/wp\/v2\/product\/36862","targetHints":{"allow":["GET"]}}],"collection":[{"href":"http:\/\/dafinoo.eu\/mirmar\/wp-json\/wp\/v2\/product"}],"about":[{"href":"http:\/\/dafinoo.eu\/mirmar\/wp-json\/wp\/v2\/types\/product"}],"replies":[{"embeddable":true,"href":"http:\/\/dafinoo.eu\/mirmar\/wp-json\/wp\/v2\/comments?post=36862"}],"wp:featuredmedia":[{"embeddable":true,"href":"http:\/\/dafinoo.eu\/mirmar\/wp-json\/wp\/v2\/media\/36863"}],"wp:attachment":[{"href":"http:\/\/dafinoo.eu\/mirmar\/wp-json\/wp\/v2\/media?parent=36862"}],"wp:term":[{"taxonomy":"product_cat","embeddable":true,"href":"http:\/\/dafinoo.eu\/mirmar\/wp-json\/wp\/v2\/product_cat?post=36862"},{"taxonomy":"product_tag","embeddable":true,"href":"http:\/\/dafinoo.eu\/mirmar\/wp-json\/wp\/v2\/product_tag?post=36862"}],"curies":[{"name":"wp","href":"https:\/\/api.w.org\/{rel}","templated":true}]}}