{"id":36894,"date":"2021-03-15T17:25:17","date_gmt":"2021-03-15T16:25:17","guid":{"rendered":"http:\/\/dafinoo.eu\/mirmar\/product\/grl-300-hvg-professional\/"},"modified":"2021-04-21T15:26:30","modified_gmt":"2021-04-21T13:26:30","slug":"grl-300-hvg-professional","status":"publish","type":"product","link":"http:\/\/dafinoo.eu\/mirmar\/obchod\/grl-300-hvg-professional\/","title":{"rendered":"Bosch GRL 300 HVG Professional"},"content":{"rendered":"<p>Prednosti: GRL 300 HVG Professional<br \/>\nVynikaj\u00faca vidite\u013enos\u0165 na pou\u017eitie v interi\u00e9ri<\/p>\n<p>    * Zelen\u00e1 laserov\u00e1 \u010diara: a\u017e \u0161tvorn\u00e1sobne lep\u0161ia vidite\u013enos\u0165 v porovnan\u00ed s \u010dervenou \u010diarou<br \/>\n    * R\u00fdchlo nastavite\u013en\u00fd v horizont\u00e1lnom a vertik\u00e1lnom pou\u017eit\u00ed, pomocou automatickej samonivel\u00e1cie 8 % (\u00b1 5\u00b0)<br \/>\n    * Zap\u00ednate\u013en\u00e1 funkcia upozornenia v pr\u00edpade v\u00fdskytu otrasov predch\u00e1dza nivela\u010dn\u00fdm chyb\u00e1m v pr\u00edpade vibr\u00e1ci\u00ed alebo otrasov<\/p>\n","protected":false},"excerpt":{"rendered":"<p>Technick\u00e9 parametre: GRL 300 HVG Professional<br \/>\nLaserov\u00e1 di\u00f3da \t532 nm, < 5 mW \nTrieda lasera \t3R \nPracovn\u00fd rozsah s prij\u00edma\u010dom \t300 m (priemer) \nPresnos\u0165 nivel\u00e1cie \t\u00b1 0,1 mm\/m \nRozsah samonivel\u00e1cie \t\u00b1 5\u00b0 (8 %) \nOchrana proti prachu a striekaj\u00facej vode \tIP 54 \nR\u00fdchlos\u0165 rot\u00e1cie \t150, 300, 600 ot\/min \nNap\u00e1janie \t2 x 1,2 V HR20 (D) (9 Ah) \n\u010cas prev\u00e1dzky, max. \tAkumul\u00e1tory (NiMH) 20 h \nStat\u00edvov\u00fd z\u00e1vit \t5\/8\" \nHmotnos\u0165, cca \t1,8 kg\nD\u013a\u017eka \t190 mm\n\u0160\u00edrka \t180 mm\nV\u00fd\u0161ka \t170 mm\nFarba laserovej l\u00ednie \tzelen\u00e1\n<\/p>\n","protected":false},"featured_media":36895,"comment_status":"closed","ping_status":"open","template":"","meta":{"_lmt_disableupdate":"","_lmt_disable":""},"product_cat":[3238,3236,3106],"product_tag":[],"class_list":{"0":"post-36894","1":"product","2":"type-product","3":"status-publish","4":"has-post-thumbnail","6":"product_cat-rotacny-laser","7":"product_cat-meracia-technika","8":"product_cat-bosch","9":"ts_product_brand-bosh","11":"first","12":"instock","13":"taxable","14":"shipping-taxable","15":"purchasable","16":"product-type-simple"},"yoast_head":"<!-- This site is optimized with the Yoast SEO plugin v27.3 - https:\/\/yoast.com\/product\/yoast-seo-wordpress\/ -->\n<title>Bosch GRL 300 HVG Professional - MIR-MAR<\/title>\n<meta name=\"robots\" content=\"index, follow, max-snippet:-1, max-image-preview:large, max-video-preview:-1\" \/>\n<link rel=\"canonical\" href=\"http:\/\/dafinoo.eu\/mirmar\/obchod\/grl-300-hvg-professional\/\" \/>\n<meta property=\"og:locale\" content=\"sk_SK\" \/>\n<meta property=\"og:type\" content=\"article\" \/>\n<meta property=\"og:title\" content=\"Bosch GRL 300 HVG Professional - MIR-MAR\" \/>\n<meta property=\"og:description\" content=\"Technick\u00e9 parametre: GRL 300 HVG Professional Laserov\u00e1 di\u00f3da 532 nm, &lt; 5 mW Trieda lasera 3R Pracovn\u00fd rozsah s prij\u00edma\u010dom 300 m (priemer) Presnos\u0165 nivel\u00e1cie \u00b1 0,1 mm\/m Rozsah samonivel\u00e1cie \u00b1 5\u00b0 (8 %) Ochrana proti prachu a striekaj\u00facej vode IP 54 R\u00fdchlos\u0165 rot\u00e1cie 150, 300, 600 ot\/min Nap\u00e1janie 2 x 1,2 V HR20 (D) (9 Ah) \u010cas prev\u00e1dzky, max. Akumul\u00e1tory (NiMH) 20 h Stat\u00edvov\u00fd z\u00e1vit 5\/8&quot; Hmotnos\u0165, cca 1,8 kg D\u013a\u017eka 190 mm \u0160\u00edrka 180 mm V\u00fd\u0161ka 170 mm Farba laserovej l\u00ednie zelen\u00e1\" \/>\n<meta property=\"og:url\" content=\"http:\/\/dafinoo.eu\/mirmar\/obchod\/grl-300-hvg-professional\/\" \/>\n<meta property=\"og:site_name\" content=\"MIR-MAR\" \/>\n<meta property=\"article:publisher\" content=\"https:\/\/facebook.com\/mirmareshop\" \/>\n<meta property=\"article:modified_time\" content=\"2021-04-21T13:26:30+00:00\" \/>\n<meta property=\"og:image\" content=\"https:\/\/i0.wp.com\/www.mirmar.sk\/wp-content\/uploads\/2021\/03\/grl_300_hvg_professional_1.jpg?fit=225%2C225&ssl=1\" \/>\n\t<meta property=\"og:image:width\" content=\"225\" \/>\n\t<meta property=\"og:image:height\" content=\"225\" \/>\n\t<meta property=\"og:image:type\" content=\"image\/jpeg\" \/>\n<script type=\"application\/ld+json\" class=\"yoast-schema-graph\">{\"@context\":\"https:\\\/\\\/schema.org\",\"@graph\":[{\"@type\":\"WebPage\",\"@id\":\"http:\\\/\\\/dafinoo.eu\\\/mirmar\\\/obchod\\\/grl-300-hvg-professional\\\/\",\"url\":\"http:\\\/\\\/dafinoo.eu\\\/mirmar\\\/obchod\\\/grl-300-hvg-professional\\\/\",\"name\":\"Bosch GRL 300 HVG Professional - MIR-MAR\",\"isPartOf\":{\"@id\":\"http:\\\/\\\/dafinoo.eu\\\/mirmar\\\/#website\"},\"primaryImageOfPage\":{\"@id\":\"http:\\\/\\\/dafinoo.eu\\\/mirmar\\\/obchod\\\/grl-300-hvg-professional\\\/#primaryimage\"},\"image\":{\"@id\":\"http:\\\/\\\/dafinoo.eu\\\/mirmar\\\/obchod\\\/grl-300-hvg-professional\\\/#primaryimage\"},\"thumbnailUrl\":\"http:\\\/\\\/dafinoo.eu\\\/mirmar\\\/wp-content\\\/uploads\\\/2021\\\/03\\\/grl_300_hvg_professional_1.jpg\",\"datePublished\":\"2021-03-15T16:25:17+00:00\",\"dateModified\":\"2021-04-21T13:26:30+00:00\",\"breadcrumb\":{\"@id\":\"http:\\\/\\\/dafinoo.eu\\\/mirmar\\\/obchod\\\/grl-300-hvg-professional\\\/#breadcrumb\"},\"inLanguage\":\"sk-SK\",\"potentialAction\":[{\"@type\":\"ReadAction\",\"target\":[\"http:\\\/\\\/dafinoo.eu\\\/mirmar\\\/obchod\\\/grl-300-hvg-professional\\\/\"]}]},{\"@type\":\"ImageObject\",\"inLanguage\":\"sk-SK\",\"@id\":\"http:\\\/\\\/dafinoo.eu\\\/mirmar\\\/obchod\\\/grl-300-hvg-professional\\\/#primaryimage\",\"url\":\"http:\\\/\\\/dafinoo.eu\\\/mirmar\\\/wp-content\\\/uploads\\\/2021\\\/03\\\/grl_300_hvg_professional_1.jpg\",\"contentUrl\":\"http:\\\/\\\/dafinoo.eu\\\/mirmar\\\/wp-content\\\/uploads\\\/2021\\\/03\\\/grl_300_hvg_professional_1.jpg\",\"width\":225,\"height\":225},{\"@type\":\"BreadcrumbList\",\"@id\":\"http:\\\/\\\/dafinoo.eu\\\/mirmar\\\/obchod\\\/grl-300-hvg-professional\\\/#breadcrumb\",\"itemListElement\":[{\"@type\":\"ListItem\",\"position\":1,\"name\":\"Domovsk\u00e1 str\u00e1nka\",\"item\":\"http:\\\/\\\/dafinoo.eu\\\/mirmar\\\/\"},{\"@type\":\"ListItem\",\"position\":2,\"name\":\"Obchod\",\"item\":\"http:\\\/\\\/dafinoo.eu\\\/mirmar\\\/obchod\\\/\"},{\"@type\":\"ListItem\",\"position\":3,\"name\":\"Bosch GRL 300 HVG Professional\"}]},{\"@type\":\"WebSite\",\"@id\":\"http:\\\/\\\/dafinoo.eu\\\/mirmar\\\/#website\",\"url\":\"http:\\\/\\\/dafinoo.eu\\\/mirmar\\\/\",\"name\":\"MIR-MAR\",\"description\":\"Eshop s n\u00e1rad\u00edm\",\"publisher\":{\"@id\":\"http:\\\/\\\/dafinoo.eu\\\/mirmar\\\/#organization\"},\"potentialAction\":[{\"@type\":\"SearchAction\",\"target\":{\"@type\":\"EntryPoint\",\"urlTemplate\":\"http:\\\/\\\/dafinoo.eu\\\/mirmar\\\/?s={search_term_string}\"},\"query-input\":{\"@type\":\"PropertyValueSpecification\",\"valueRequired\":true,\"valueName\":\"search_term_string\"}}],\"inLanguage\":\"sk-SK\"},{\"@type\":\"Organization\",\"@id\":\"http:\\\/\\\/dafinoo.eu\\\/mirmar\\\/#organization\",\"name\":\"MIR-MAR\",\"url\":\"http:\\\/\\\/dafinoo.eu\\\/mirmar\\\/\",\"logo\":{\"@type\":\"ImageObject\",\"inLanguage\":\"sk-SK\",\"@id\":\"http:\\\/\\\/dafinoo.eu\\\/mirmar\\\/#\\\/schema\\\/logo\\\/image\\\/\",\"url\":\"http:\\\/\\\/dafinoo.eu\\\/mirmar\\\/wp-content\\\/uploads\\\/2021\\\/03\\\/mirmar_logo.png\",\"contentUrl\":\"http:\\\/\\\/dafinoo.eu\\\/mirmar\\\/wp-content\\\/uploads\\\/2021\\\/03\\\/mirmar_logo.png\",\"width\":256,\"height\":60,\"caption\":\"MIR-MAR\"},\"image\":{\"@id\":\"http:\\\/\\\/dafinoo.eu\\\/mirmar\\\/#\\\/schema\\\/logo\\\/image\\\/\"},\"sameAs\":[\"https:\\\/\\\/facebook.com\\\/mirmareshop\"]}]}<\/script>\n<!-- \/ Yoast SEO plugin. -->","yoast_head_json":{"title":"Bosch GRL 300 HVG Professional - MIR-MAR","robots":{"index":"index","follow":"follow","max-snippet":"max-snippet:-1","max-image-preview":"max-image-preview:large","max-video-preview":"max-video-preview:-1"},"canonical":"http:\/\/dafinoo.eu\/mirmar\/obchod\/grl-300-hvg-professional\/","og_locale":"sk_SK","og_type":"article","og_title":"Bosch GRL 300 HVG Professional - MIR-MAR","og_description":"Technick\u00e9 parametre: GRL 300 HVG Professional Laserov\u00e1 di\u00f3da 532 nm, < 5 mW Trieda lasera 3R Pracovn\u00fd rozsah s prij\u00edma\u010dom 300 m (priemer) Presnos\u0165 nivel\u00e1cie \u00b1 0,1 mm\/m Rozsah samonivel\u00e1cie \u00b1 5\u00b0 (8 %) Ochrana proti prachu a striekaj\u00facej vode IP 54 R\u00fdchlos\u0165 rot\u00e1cie 150, 300, 600 ot\/min Nap\u00e1janie 2 x 1,2 V HR20 (D) (9 Ah) \u010cas prev\u00e1dzky, max. Akumul\u00e1tory (NiMH) 20 h Stat\u00edvov\u00fd z\u00e1vit 5\/8\" Hmotnos\u0165, cca 1,8 kg D\u013a\u017eka 190 mm \u0160\u00edrka 180 mm V\u00fd\u0161ka 170 mm Farba laserovej l\u00ednie zelen\u00e1","og_url":"http:\/\/dafinoo.eu\/mirmar\/obchod\/grl-300-hvg-professional\/","og_site_name":"MIR-MAR","article_publisher":"https:\/\/facebook.com\/mirmareshop","article_modified_time":"2021-04-21T13:26:30+00:00","og_image":[{"width":225,"height":225,"url":"https:\/\/i0.wp.com\/www.mirmar.sk\/wp-content\/uploads\/2021\/03\/grl_300_hvg_professional_1.jpg?fit=225%2C225&ssl=1","type":"image\/jpeg"}],"schema":{"@context":"https:\/\/schema.org","@graph":[{"@type":"WebPage","@id":"http:\/\/dafinoo.eu\/mirmar\/obchod\/grl-300-hvg-professional\/","url":"http:\/\/dafinoo.eu\/mirmar\/obchod\/grl-300-hvg-professional\/","name":"Bosch GRL 300 HVG Professional - MIR-MAR","isPartOf":{"@id":"http:\/\/dafinoo.eu\/mirmar\/#website"},"primaryImageOfPage":{"@id":"http:\/\/dafinoo.eu\/mirmar\/obchod\/grl-300-hvg-professional\/#primaryimage"},"image":{"@id":"http:\/\/dafinoo.eu\/mirmar\/obchod\/grl-300-hvg-professional\/#primaryimage"},"thumbnailUrl":"http:\/\/dafinoo.eu\/mirmar\/wp-content\/uploads\/2021\/03\/grl_300_hvg_professional_1.jpg","datePublished":"2021-03-15T16:25:17+00:00","dateModified":"2021-04-21T13:26:30+00:00","breadcrumb":{"@id":"http:\/\/dafinoo.eu\/mirmar\/obchod\/grl-300-hvg-professional\/#breadcrumb"},"inLanguage":"sk-SK","potentialAction":[{"@type":"ReadAction","target":["http:\/\/dafinoo.eu\/mirmar\/obchod\/grl-300-hvg-professional\/"]}]},{"@type":"ImageObject","inLanguage":"sk-SK","@id":"http:\/\/dafinoo.eu\/mirmar\/obchod\/grl-300-hvg-professional\/#primaryimage","url":"http:\/\/dafinoo.eu\/mirmar\/wp-content\/uploads\/2021\/03\/grl_300_hvg_professional_1.jpg","contentUrl":"http:\/\/dafinoo.eu\/mirmar\/wp-content\/uploads\/2021\/03\/grl_300_hvg_professional_1.jpg","width":225,"height":225},{"@type":"BreadcrumbList","@id":"http:\/\/dafinoo.eu\/mirmar\/obchod\/grl-300-hvg-professional\/#breadcrumb","itemListElement":[{"@type":"ListItem","position":1,"name":"Domovsk\u00e1 str\u00e1nka","item":"http:\/\/dafinoo.eu\/mirmar\/"},{"@type":"ListItem","position":2,"name":"Obchod","item":"http:\/\/dafinoo.eu\/mirmar\/obchod\/"},{"@type":"ListItem","position":3,"name":"Bosch GRL 300 HVG Professional"}]},{"@type":"WebSite","@id":"http:\/\/dafinoo.eu\/mirmar\/#website","url":"http:\/\/dafinoo.eu\/mirmar\/","name":"MIR-MAR","description":"Eshop s n\u00e1rad\u00edm","publisher":{"@id":"http:\/\/dafinoo.eu\/mirmar\/#organization"},"potentialAction":[{"@type":"SearchAction","target":{"@type":"EntryPoint","urlTemplate":"http:\/\/dafinoo.eu\/mirmar\/?s={search_term_string}"},"query-input":{"@type":"PropertyValueSpecification","valueRequired":true,"valueName":"search_term_string"}}],"inLanguage":"sk-SK"},{"@type":"Organization","@id":"http:\/\/dafinoo.eu\/mirmar\/#organization","name":"MIR-MAR","url":"http:\/\/dafinoo.eu\/mirmar\/","logo":{"@type":"ImageObject","inLanguage":"sk-SK","@id":"http:\/\/dafinoo.eu\/mirmar\/#\/schema\/logo\/image\/","url":"http:\/\/dafinoo.eu\/mirmar\/wp-content\/uploads\/2021\/03\/mirmar_logo.png","contentUrl":"http:\/\/dafinoo.eu\/mirmar\/wp-content\/uploads\/2021\/03\/mirmar_logo.png","width":256,"height":60,"caption":"MIR-MAR"},"image":{"@id":"http:\/\/dafinoo.eu\/mirmar\/#\/schema\/logo\/image\/"},"sameAs":["https:\/\/facebook.com\/mirmareshop"]}]}},"_links":{"self":[{"href":"http:\/\/dafinoo.eu\/mirmar\/wp-json\/wp\/v2\/product\/36894","targetHints":{"allow":["GET"]}}],"collection":[{"href":"http:\/\/dafinoo.eu\/mirmar\/wp-json\/wp\/v2\/product"}],"about":[{"href":"http:\/\/dafinoo.eu\/mirmar\/wp-json\/wp\/v2\/types\/product"}],"replies":[{"embeddable":true,"href":"http:\/\/dafinoo.eu\/mirmar\/wp-json\/wp\/v2\/comments?post=36894"}],"wp:featuredmedia":[{"embeddable":true,"href":"http:\/\/dafinoo.eu\/mirmar\/wp-json\/wp\/v2\/media\/36895"}],"wp:attachment":[{"href":"http:\/\/dafinoo.eu\/mirmar\/wp-json\/wp\/v2\/media?parent=36894"}],"wp:term":[{"taxonomy":"product_cat","embeddable":true,"href":"http:\/\/dafinoo.eu\/mirmar\/wp-json\/wp\/v2\/product_cat?post=36894"},{"taxonomy":"product_tag","embeddable":true,"href":"http:\/\/dafinoo.eu\/mirmar\/wp-json\/wp\/v2\/product_tag?post=36894"}],"curies":[{"name":"wp","href":"https:\/\/api.w.org\/{rel}","templated":true}]}}