{"id":36898,"date":"2021-03-15T17:25:17","date_gmt":"2021-03-15T16:25:17","guid":{"rendered":"http:\/\/dafinoo.eu\/mirmar\/product\/bosch-bl-200-gc-professional\/"},"modified":"2021-04-19T19:43:14","modified_gmt":"2021-04-19T17:43:14","slug":"bosch-bl-200-gc-professional","status":"publish","type":"product","link":"http:\/\/dafinoo.eu\/mirmar\/obchod\/bosch-bl-200-gc-professional\/","title":{"rendered":"Bosch BL 200 GC Professional"},"content":{"rendered":"<p>Prednosti: BL 200 GC Professional<br \/>\nRobustn\u00fd, na ka\u017ed\u00e9 stavenisko<\/p>\n<p>    * Ide\u00e1lny na pou\u017eitie vonku a za zl\u00fdch poveternostn\u00fdch podmienok, v\u010faka silnej ochrane proti prachu a striekaj\u00facej vode (IP 66), ako aj prizmatick\u00e9mu krytu<br \/>\n    * V\u00fdkonn\u00e1 \u0161o\u0161ovka prij\u00edma\u010da a prij\u00edma\u010d BLE 200 Professional pre nivel\u00e1ciu a\u017e do 200 m<br \/>\n    * Extr\u00e9mne prec\u00edzny (1 mm\/20 m) pre presn\u00fa pr\u00e1cu aj na ve\u013ek\u00e9 vzdialenosti<br \/>\n    * Horizont\u00e1lna a vertik\u00e1lna samonivel\u00e1cia do \u00b18 % (\u00b15\u00b0)<br \/>\n    * Bodov\u00fd, \u010diarov\u00fd a rota\u010dn\u00fd re\u017eim pre lep\u0161iu vidite\u013enos\u0165 laserov\u00e9ho l\u00fa\u010da<br \/>\n    * Ve\u013ek\u00e1 robustnos\u0165: plne funk\u010dn\u00fd dokonca aj po p\u00e1de z v\u00fd\u0161ky 1 m<br \/>\n    * Bodov\u00fd a referen\u010dn\u00fd l\u00fa\u010d na r\u00fdchle vyrovnanie<\/p>\n","protected":false},"excerpt":{"rendered":"<p>Technick\u00e9 parametre: BL 200 GC Professional<br \/>\nLaserov\u00e1 di\u00f3da \t635 nm, < 5 mW \nPracovn\u00e1 teplota \t-20 \u2013 50 \u00b0C\nSkladovacia teplota \t-20 \u2013 70 \u00b0C\nTrieda lasera \t3R \nPracovn\u00fd rozsah \t75 m\nPracovn\u00fd rozsah s prij\u00edma\u010dom \t400 m (priemer) \nPresnos\u0165 nivel\u00e1cie \t\u00b1 0,05 mm\/m \nRozsah samonivel\u00e1cie \t\u00b1 5\u00b0 (8 %) \nOchrana proti prachu a striekaj\u00facej vode \tIP 66 \nR\u00fdchlos\u0165 rot\u00e1cie \t10, 50, 200, 600 ot\/min \nPriemer l\u00fa\u010da \tcca 8 mm na pr\u00edstroji \nNap\u00e1janie \t4 x 1,2 V KR20 (D) (5000 mAh) \n\u010cas prev\u00e1dzky, max. \tAkumul\u00e1tory (NiMH) 30 h \nStat\u00edvov\u00fd z\u00e1vit \tStat\u00edvov\u00fd z\u00e1vit 5\/8\", v horizont\u00e1lnej i vertik\u00e1lnej polohe \nHmotnos\u0165, cca \t3 kg\nD\u013a\u017eka \t211 mm\n\u0160\u00edrka \t180 mm\nV\u00fd\u0161ka \t190 mm\nFarba laserovej l\u00ednie \t\u010derven\u00e1\n<\/p>\n","protected":false},"featured_media":36899,"comment_status":"closed","ping_status":"open","template":"","meta":{"_lmt_disableupdate":"","_lmt_disable":""},"product_cat":[3238,3236,3106],"product_tag":[],"class_list":{"0":"post-36898","1":"product","2":"type-product","3":"status-publish","4":"has-post-thumbnail","6":"product_cat-rotacny-laser","7":"product_cat-meracia-technika","8":"product_cat-bosch","9":"ts_product_brand-bosh","11":"first","12":"instock","13":"taxable","14":"shipping-taxable","15":"purchasable","16":"product-type-simple"},"yoast_head":"<!-- This site is optimized with the Yoast SEO plugin v27.3 - https:\/\/yoast.com\/product\/yoast-seo-wordpress\/ -->\n<title>Bosch BL 200 GC Professional - MIR-MAR<\/title>\n<meta name=\"robots\" content=\"index, follow, max-snippet:-1, max-image-preview:large, max-video-preview:-1\" \/>\n<link rel=\"canonical\" href=\"http:\/\/dafinoo.eu\/mirmar\/obchod\/bosch-bl-200-gc-professional\/\" \/>\n<meta property=\"og:locale\" content=\"sk_SK\" \/>\n<meta property=\"og:type\" content=\"article\" \/>\n<meta property=\"og:title\" content=\"Bosch BL 200 GC Professional - MIR-MAR\" \/>\n<meta property=\"og:description\" content=\"Technick\u00e9 parametre: BL 200 GC Professional Laserov\u00e1 di\u00f3da 635 nm, &lt; 5 mW Pracovn\u00e1 teplota -20 \u2013 50 \u00b0C Skladovacia teplota -20 \u2013 70 \u00b0C Trieda lasera 3R Pracovn\u00fd rozsah 75 m Pracovn\u00fd rozsah s prij\u00edma\u010dom 400 m (priemer) Presnos\u0165 nivel\u00e1cie \u00b1 0,05 mm\/m Rozsah samonivel\u00e1cie \u00b1 5\u00b0 (8 %) Ochrana proti prachu a striekaj\u00facej vode IP 66 R\u00fdchlos\u0165 rot\u00e1cie 10, 50, 200, 600 ot\/min Priemer l\u00fa\u010da cca 8 mm na pr\u00edstroji Nap\u00e1janie 4 x 1,2 V KR20 (D) (5000 mAh) \u010cas prev\u00e1dzky, max. Akumul\u00e1tory (NiMH) 30 h Stat\u00edvov\u00fd z\u00e1vit Stat\u00edvov\u00fd z\u00e1vit 5\/8&quot;, v horizont\u00e1lnej i vertik\u00e1lnej polohe Hmotnos\u0165, cca 3 kg D\u013a\u017eka 211 mm \u0160\u00edrka 180 mm V\u00fd\u0161ka 190 mm Farba laserovej l\u00ednie \u010derven\u00e1\" \/>\n<meta property=\"og:url\" content=\"http:\/\/dafinoo.eu\/mirmar\/obchod\/bosch-bl-200-gc-professional\/\" \/>\n<meta property=\"og:site_name\" content=\"MIR-MAR\" \/>\n<meta property=\"article:publisher\" content=\"https:\/\/facebook.com\/mirmareshop\" \/>\n<meta property=\"article:modified_time\" content=\"2021-04-19T17:43:14+00:00\" \/>\n<meta property=\"og:image\" content=\"https:\/\/i1.wp.com\/www.mirmar.sk\/wp-content\/uploads\/2021\/03\/bl_200_gc_professional_1.jpg?fit=285%2C177&ssl=1\" \/>\n\t<meta property=\"og:image:width\" content=\"285\" \/>\n\t<meta property=\"og:image:height\" content=\"177\" \/>\n\t<meta property=\"og:image:type\" content=\"image\/jpeg\" \/>\n<meta name=\"twitter:label1\" content=\"Predpokladan\u00fd \u010das \u010d\u00edtania\" \/>\n\t<meta name=\"twitter:data1\" content=\"1 min\u00fata\" \/>\n<script type=\"application\/ld+json\" class=\"yoast-schema-graph\">{\"@context\":\"https:\\\/\\\/schema.org\",\"@graph\":[{\"@type\":\"WebPage\",\"@id\":\"http:\\\/\\\/dafinoo.eu\\\/mirmar\\\/obchod\\\/bosch-bl-200-gc-professional\\\/\",\"url\":\"http:\\\/\\\/dafinoo.eu\\\/mirmar\\\/obchod\\\/bosch-bl-200-gc-professional\\\/\",\"name\":\"Bosch BL 200 GC Professional - MIR-MAR\",\"isPartOf\":{\"@id\":\"http:\\\/\\\/dafinoo.eu\\\/mirmar\\\/#website\"},\"primaryImageOfPage\":{\"@id\":\"http:\\\/\\\/dafinoo.eu\\\/mirmar\\\/obchod\\\/bosch-bl-200-gc-professional\\\/#primaryimage\"},\"image\":{\"@id\":\"http:\\\/\\\/dafinoo.eu\\\/mirmar\\\/obchod\\\/bosch-bl-200-gc-professional\\\/#primaryimage\"},\"thumbnailUrl\":\"http:\\\/\\\/dafinoo.eu\\\/mirmar\\\/wp-content\\\/uploads\\\/2021\\\/03\\\/bl_200_gc_professional_1.jpg\",\"datePublished\":\"2021-03-15T16:25:17+00:00\",\"dateModified\":\"2021-04-19T17:43:14+00:00\",\"breadcrumb\":{\"@id\":\"http:\\\/\\\/dafinoo.eu\\\/mirmar\\\/obchod\\\/bosch-bl-200-gc-professional\\\/#breadcrumb\"},\"inLanguage\":\"sk-SK\",\"potentialAction\":[{\"@type\":\"ReadAction\",\"target\":[\"http:\\\/\\\/dafinoo.eu\\\/mirmar\\\/obchod\\\/bosch-bl-200-gc-professional\\\/\"]}]},{\"@type\":\"ImageObject\",\"inLanguage\":\"sk-SK\",\"@id\":\"http:\\\/\\\/dafinoo.eu\\\/mirmar\\\/obchod\\\/bosch-bl-200-gc-professional\\\/#primaryimage\",\"url\":\"http:\\\/\\\/dafinoo.eu\\\/mirmar\\\/wp-content\\\/uploads\\\/2021\\\/03\\\/bl_200_gc_professional_1.jpg\",\"contentUrl\":\"http:\\\/\\\/dafinoo.eu\\\/mirmar\\\/wp-content\\\/uploads\\\/2021\\\/03\\\/bl_200_gc_professional_1.jpg\",\"width\":285,\"height\":177},{\"@type\":\"BreadcrumbList\",\"@id\":\"http:\\\/\\\/dafinoo.eu\\\/mirmar\\\/obchod\\\/bosch-bl-200-gc-professional\\\/#breadcrumb\",\"itemListElement\":[{\"@type\":\"ListItem\",\"position\":1,\"name\":\"Domovsk\u00e1 str\u00e1nka\",\"item\":\"http:\\\/\\\/dafinoo.eu\\\/mirmar\\\/\"},{\"@type\":\"ListItem\",\"position\":2,\"name\":\"Obchod\",\"item\":\"http:\\\/\\\/dafinoo.eu\\\/mirmar\\\/obchod\\\/\"},{\"@type\":\"ListItem\",\"position\":3,\"name\":\"Bosch BL 200 GC Professional\"}]},{\"@type\":\"WebSite\",\"@id\":\"http:\\\/\\\/dafinoo.eu\\\/mirmar\\\/#website\",\"url\":\"http:\\\/\\\/dafinoo.eu\\\/mirmar\\\/\",\"name\":\"MIR-MAR\",\"description\":\"Eshop s n\u00e1rad\u00edm\",\"publisher\":{\"@id\":\"http:\\\/\\\/dafinoo.eu\\\/mirmar\\\/#organization\"},\"potentialAction\":[{\"@type\":\"SearchAction\",\"target\":{\"@type\":\"EntryPoint\",\"urlTemplate\":\"http:\\\/\\\/dafinoo.eu\\\/mirmar\\\/?s={search_term_string}\"},\"query-input\":{\"@type\":\"PropertyValueSpecification\",\"valueRequired\":true,\"valueName\":\"search_term_string\"}}],\"inLanguage\":\"sk-SK\"},{\"@type\":\"Organization\",\"@id\":\"http:\\\/\\\/dafinoo.eu\\\/mirmar\\\/#organization\",\"name\":\"MIR-MAR\",\"url\":\"http:\\\/\\\/dafinoo.eu\\\/mirmar\\\/\",\"logo\":{\"@type\":\"ImageObject\",\"inLanguage\":\"sk-SK\",\"@id\":\"http:\\\/\\\/dafinoo.eu\\\/mirmar\\\/#\\\/schema\\\/logo\\\/image\\\/\",\"url\":\"http:\\\/\\\/dafinoo.eu\\\/mirmar\\\/wp-content\\\/uploads\\\/2021\\\/03\\\/mirmar_logo.png\",\"contentUrl\":\"http:\\\/\\\/dafinoo.eu\\\/mirmar\\\/wp-content\\\/uploads\\\/2021\\\/03\\\/mirmar_logo.png\",\"width\":256,\"height\":60,\"caption\":\"MIR-MAR\"},\"image\":{\"@id\":\"http:\\\/\\\/dafinoo.eu\\\/mirmar\\\/#\\\/schema\\\/logo\\\/image\\\/\"},\"sameAs\":[\"https:\\\/\\\/facebook.com\\\/mirmareshop\"]}]}<\/script>\n<!-- \/ Yoast SEO plugin. -->","yoast_head_json":{"title":"Bosch BL 200 GC Professional - MIR-MAR","robots":{"index":"index","follow":"follow","max-snippet":"max-snippet:-1","max-image-preview":"max-image-preview:large","max-video-preview":"max-video-preview:-1"},"canonical":"http:\/\/dafinoo.eu\/mirmar\/obchod\/bosch-bl-200-gc-professional\/","og_locale":"sk_SK","og_type":"article","og_title":"Bosch BL 200 GC Professional - MIR-MAR","og_description":"Technick\u00e9 parametre: BL 200 GC Professional Laserov\u00e1 di\u00f3da 635 nm, < 5 mW Pracovn\u00e1 teplota -20 \u2013 50 \u00b0C Skladovacia teplota -20 \u2013 70 \u00b0C Trieda lasera 3R Pracovn\u00fd rozsah 75 m Pracovn\u00fd rozsah s prij\u00edma\u010dom 400 m (priemer) Presnos\u0165 nivel\u00e1cie \u00b1 0,05 mm\/m Rozsah samonivel\u00e1cie \u00b1 5\u00b0 (8 %) Ochrana proti prachu a striekaj\u00facej vode IP 66 R\u00fdchlos\u0165 rot\u00e1cie 10, 50, 200, 600 ot\/min Priemer l\u00fa\u010da cca 8 mm na pr\u00edstroji Nap\u00e1janie 4 x 1,2 V KR20 (D) (5000 mAh) \u010cas prev\u00e1dzky, max. Akumul\u00e1tory (NiMH) 30 h Stat\u00edvov\u00fd z\u00e1vit Stat\u00edvov\u00fd z\u00e1vit 5\/8\", v horizont\u00e1lnej i vertik\u00e1lnej polohe Hmotnos\u0165, cca 3 kg D\u013a\u017eka 211 mm \u0160\u00edrka 180 mm V\u00fd\u0161ka 190 mm Farba laserovej l\u00ednie \u010derven\u00e1","og_url":"http:\/\/dafinoo.eu\/mirmar\/obchod\/bosch-bl-200-gc-professional\/","og_site_name":"MIR-MAR","article_publisher":"https:\/\/facebook.com\/mirmareshop","article_modified_time":"2021-04-19T17:43:14+00:00","og_image":[{"width":285,"height":177,"url":"https:\/\/i1.wp.com\/www.mirmar.sk\/wp-content\/uploads\/2021\/03\/bl_200_gc_professional_1.jpg?fit=285%2C177&ssl=1","type":"image\/jpeg"}],"twitter_misc":{"Predpokladan\u00fd \u010das \u010d\u00edtania":"1 min\u00fata"},"schema":{"@context":"https:\/\/schema.org","@graph":[{"@type":"WebPage","@id":"http:\/\/dafinoo.eu\/mirmar\/obchod\/bosch-bl-200-gc-professional\/","url":"http:\/\/dafinoo.eu\/mirmar\/obchod\/bosch-bl-200-gc-professional\/","name":"Bosch BL 200 GC Professional - MIR-MAR","isPartOf":{"@id":"http:\/\/dafinoo.eu\/mirmar\/#website"},"primaryImageOfPage":{"@id":"http:\/\/dafinoo.eu\/mirmar\/obchod\/bosch-bl-200-gc-professional\/#primaryimage"},"image":{"@id":"http:\/\/dafinoo.eu\/mirmar\/obchod\/bosch-bl-200-gc-professional\/#primaryimage"},"thumbnailUrl":"http:\/\/dafinoo.eu\/mirmar\/wp-content\/uploads\/2021\/03\/bl_200_gc_professional_1.jpg","datePublished":"2021-03-15T16:25:17+00:00","dateModified":"2021-04-19T17:43:14+00:00","breadcrumb":{"@id":"http:\/\/dafinoo.eu\/mirmar\/obchod\/bosch-bl-200-gc-professional\/#breadcrumb"},"inLanguage":"sk-SK","potentialAction":[{"@type":"ReadAction","target":["http:\/\/dafinoo.eu\/mirmar\/obchod\/bosch-bl-200-gc-professional\/"]}]},{"@type":"ImageObject","inLanguage":"sk-SK","@id":"http:\/\/dafinoo.eu\/mirmar\/obchod\/bosch-bl-200-gc-professional\/#primaryimage","url":"http:\/\/dafinoo.eu\/mirmar\/wp-content\/uploads\/2021\/03\/bl_200_gc_professional_1.jpg","contentUrl":"http:\/\/dafinoo.eu\/mirmar\/wp-content\/uploads\/2021\/03\/bl_200_gc_professional_1.jpg","width":285,"height":177},{"@type":"BreadcrumbList","@id":"http:\/\/dafinoo.eu\/mirmar\/obchod\/bosch-bl-200-gc-professional\/#breadcrumb","itemListElement":[{"@type":"ListItem","position":1,"name":"Domovsk\u00e1 str\u00e1nka","item":"http:\/\/dafinoo.eu\/mirmar\/"},{"@type":"ListItem","position":2,"name":"Obchod","item":"http:\/\/dafinoo.eu\/mirmar\/obchod\/"},{"@type":"ListItem","position":3,"name":"Bosch BL 200 GC Professional"}]},{"@type":"WebSite","@id":"http:\/\/dafinoo.eu\/mirmar\/#website","url":"http:\/\/dafinoo.eu\/mirmar\/","name":"MIR-MAR","description":"Eshop s n\u00e1rad\u00edm","publisher":{"@id":"http:\/\/dafinoo.eu\/mirmar\/#organization"},"potentialAction":[{"@type":"SearchAction","target":{"@type":"EntryPoint","urlTemplate":"http:\/\/dafinoo.eu\/mirmar\/?s={search_term_string}"},"query-input":{"@type":"PropertyValueSpecification","valueRequired":true,"valueName":"search_term_string"}}],"inLanguage":"sk-SK"},{"@type":"Organization","@id":"http:\/\/dafinoo.eu\/mirmar\/#organization","name":"MIR-MAR","url":"http:\/\/dafinoo.eu\/mirmar\/","logo":{"@type":"ImageObject","inLanguage":"sk-SK","@id":"http:\/\/dafinoo.eu\/mirmar\/#\/schema\/logo\/image\/","url":"http:\/\/dafinoo.eu\/mirmar\/wp-content\/uploads\/2021\/03\/mirmar_logo.png","contentUrl":"http:\/\/dafinoo.eu\/mirmar\/wp-content\/uploads\/2021\/03\/mirmar_logo.png","width":256,"height":60,"caption":"MIR-MAR"},"image":{"@id":"http:\/\/dafinoo.eu\/mirmar\/#\/schema\/logo\/image\/"},"sameAs":["https:\/\/facebook.com\/mirmareshop"]}]}},"_links":{"self":[{"href":"http:\/\/dafinoo.eu\/mirmar\/wp-json\/wp\/v2\/product\/36898","targetHints":{"allow":["GET"]}}],"collection":[{"href":"http:\/\/dafinoo.eu\/mirmar\/wp-json\/wp\/v2\/product"}],"about":[{"href":"http:\/\/dafinoo.eu\/mirmar\/wp-json\/wp\/v2\/types\/product"}],"replies":[{"embeddable":true,"href":"http:\/\/dafinoo.eu\/mirmar\/wp-json\/wp\/v2\/comments?post=36898"}],"wp:featuredmedia":[{"embeddable":true,"href":"http:\/\/dafinoo.eu\/mirmar\/wp-json\/wp\/v2\/media\/36899"}],"wp:attachment":[{"href":"http:\/\/dafinoo.eu\/mirmar\/wp-json\/wp\/v2\/media?parent=36898"}],"wp:term":[{"taxonomy":"product_cat","embeddable":true,"href":"http:\/\/dafinoo.eu\/mirmar\/wp-json\/wp\/v2\/product_cat?post=36898"},{"taxonomy":"product_tag","embeddable":true,"href":"http:\/\/dafinoo.eu\/mirmar\/wp-json\/wp\/v2\/product_tag?post=36898"}],"curies":[{"name":"wp","href":"https:\/\/api.w.org\/{rel}","templated":true}]}}