{"id":36906,"date":"2021-03-15T17:25:17","date_gmt":"2021-03-15T16:25:17","guid":{"rendered":"http:\/\/dafinoo.eu\/mirmar\/product\/bosch-gll-3-80-p-professional\/"},"modified":"2021-04-19T19:43:07","modified_gmt":"2021-04-19T17:43:07","slug":"bosch-gll-3-80-p-professional","status":"publish","type":"product","link":"http:\/\/dafinoo.eu\/mirmar\/obchod\/bosch-gll-3-80-p-professional\/","title":{"rendered":"Bosch GLL 3-80 P Professional"},"content":{"rendered":"<p>Prednosti: GLL 3-80 P Professional<br \/>\nKompaktn\u00fd multifunk\u010dn\u00fd l\u00edniov\u00fd laser na v\u0161etky aplik\u00e1cie v interi\u00e9ri<\/p>\n<p>    * Neobmedzen\u00e9 mo\u017enosti pou\u017eitia: jedna horizont\u00e1lna a dve vertik\u00e1lne 360\u00b0 l\u00ednie umo\u017e\u0148uj\u00fa mnoho nov\u00fdch aplik\u00e1ci\u00ed &#8211; na s\u00fa\u010dasn\u00e9 ozna\u010dovanie, vyrovn\u00e1vanie a nivelovanie v interi\u00e9ri<br \/>\n    * Samonivela\u010dn\u00fd (4\u00b0 za 4 sek.), ve\u013emi presn\u00fd (\u00b1 0,2 mm\/m) a s prij\u00edma\u010dom a\u017e do dosahu 80 m<br \/>\n    * Kompaktn\u00fd, s jednoduchou manipul\u00e1ciou a mimoriadnou odolnos\u0165ou (IP 54)<\/p>\n","protected":false},"excerpt":{"rendered":"<p>Technick\u00e9 parametre: GLL 3-80 P Professional<br \/>\nLaserov\u00e1 di\u00f3da \t640 nm, < 1 mW \nTrieda lasera \t2 \nPracovn\u00fd rozsah \t40 m\nPracovn\u00fd rozsah s prij\u00edma\u010dom \t80 m (priemer) \nPracovn\u00e1 oblas\u0165 bez prij\u00edma\u010da \t40 m (priemer) \nPracovn\u00e1 oblas\u0165 s cie\u013eovou platni\u010dkou \t20 m\nPresnos\u0165 nivel\u00e1cie \t\u00b1 0,2 mm\/m \nRozsah samonivel\u00e1cie \t\u00b1 4\u00b0 \nOchrana proti prachu a striekaj\u00facej vode \tIP 54 \nNap\u00e1janie \t4 bat\u00e9rie LR6, 1,5 V (AA) \n\u010cas prev\u00e1dzky, max. \t18 h v re\u017eime jednej l\u00ednie \nStat\u00edvov\u00fd z\u00e1vit \t1\/4\", 5\/8\" \nHmotnos\u0165, cca \t0,76 kg\nD\u013a\u017eka \t159 mm\n\u0160\u00edrka \t75 mm\nV\u00fd\u0161ka \t141 mm\nProjekcia \t3 x 360\u00b0 l\u00ednia\n<\/p>\n","protected":false},"featured_media":36907,"comment_status":"closed","ping_status":"open","template":"","meta":{"_lmt_disableupdate":"","_lmt_disable":""},"product_cat":[3239,3236,3106],"product_tag":[],"class_list":{"0":"post-36906","1":"product","2":"type-product","3":"status-publish","4":"has-post-thumbnail","6":"product_cat-ciarovy-laser","7":"product_cat-meracia-technika","8":"product_cat-bosch","9":"ts_product_brand-bosh","11":"first","12":"instock","13":"sale","14":"taxable","15":"shipping-taxable","16":"purchasable","17":"product-type-simple"},"yoast_head":"<!-- This site is optimized with the Yoast SEO plugin v27.3 - https:\/\/yoast.com\/product\/yoast-seo-wordpress\/ -->\n<title>Bosch GLL 3-80 P Professional - MIR-MAR<\/title>\n<meta name=\"robots\" content=\"index, follow, max-snippet:-1, max-image-preview:large, max-video-preview:-1\" \/>\n<link rel=\"canonical\" href=\"http:\/\/dafinoo.eu\/mirmar\/obchod\/bosch-gll-3-80-p-professional\/\" \/>\n<meta property=\"og:locale\" content=\"sk_SK\" \/>\n<meta property=\"og:type\" content=\"article\" \/>\n<meta property=\"og:title\" content=\"Bosch GLL 3-80 P Professional - MIR-MAR\" \/>\n<meta property=\"og:description\" content=\"Technick\u00e9 parametre: GLL 3-80 P Professional Laserov\u00e1 di\u00f3da 640 nm, &lt; 1 mW Trieda lasera 2 Pracovn\u00fd rozsah 40 m Pracovn\u00fd rozsah s prij\u00edma\u010dom 80 m (priemer) Pracovn\u00e1 oblas\u0165 bez prij\u00edma\u010da 40 m (priemer) Pracovn\u00e1 oblas\u0165 s cie\u013eovou platni\u010dkou 20 m Presnos\u0165 nivel\u00e1cie \u00b1 0,2 mm\/m Rozsah samonivel\u00e1cie \u00b1 4\u00b0 Ochrana proti prachu a striekaj\u00facej vode IP 54 Nap\u00e1janie 4 bat\u00e9rie LR6, 1,5 V (AA) \u010cas prev\u00e1dzky, max. 18 h v re\u017eime jednej l\u00ednie Stat\u00edvov\u00fd z\u00e1vit 1\/4&quot;, 5\/8&quot; Hmotnos\u0165, cca 0,76 kg D\u013a\u017eka 159 mm \u0160\u00edrka 75 mm V\u00fd\u0161ka 141 mm Projekcia 3 x 360\u00b0 l\u00ednia\" \/>\n<meta property=\"og:url\" content=\"http:\/\/dafinoo.eu\/mirmar\/obchod\/bosch-gll-3-80-p-professional\/\" \/>\n<meta property=\"og:site_name\" content=\"MIR-MAR\" \/>\n<meta property=\"article:publisher\" content=\"https:\/\/facebook.com\/mirmareshop\" \/>\n<meta property=\"article:modified_time\" content=\"2021-04-19T17:43:07+00:00\" \/>\n<meta property=\"og:image\" content=\"https:\/\/i0.wp.com\/www.mirmar.sk\/wp-content\/uploads\/2021\/03\/gll_3-80_p_professional_1.jpg?fit=259%2C194&ssl=1\" \/>\n\t<meta property=\"og:image:width\" content=\"259\" \/>\n\t<meta property=\"og:image:height\" content=\"194\" \/>\n\t<meta property=\"og:image:type\" content=\"image\/jpeg\" \/>\n<script type=\"application\/ld+json\" class=\"yoast-schema-graph\">{\"@context\":\"https:\\\/\\\/schema.org\",\"@graph\":[{\"@type\":\"WebPage\",\"@id\":\"http:\\\/\\\/dafinoo.eu\\\/mirmar\\\/obchod\\\/bosch-gll-3-80-p-professional\\\/\",\"url\":\"http:\\\/\\\/dafinoo.eu\\\/mirmar\\\/obchod\\\/bosch-gll-3-80-p-professional\\\/\",\"name\":\"Bosch GLL 3-80 P Professional - MIR-MAR\",\"isPartOf\":{\"@id\":\"http:\\\/\\\/dafinoo.eu\\\/mirmar\\\/#website\"},\"primaryImageOfPage\":{\"@id\":\"http:\\\/\\\/dafinoo.eu\\\/mirmar\\\/obchod\\\/bosch-gll-3-80-p-professional\\\/#primaryimage\"},\"image\":{\"@id\":\"http:\\\/\\\/dafinoo.eu\\\/mirmar\\\/obchod\\\/bosch-gll-3-80-p-professional\\\/#primaryimage\"},\"thumbnailUrl\":\"http:\\\/\\\/dafinoo.eu\\\/mirmar\\\/wp-content\\\/uploads\\\/2021\\\/03\\\/gll_3-80_p_professional_1.jpg\",\"datePublished\":\"2021-03-15T16:25:17+00:00\",\"dateModified\":\"2021-04-19T17:43:07+00:00\",\"breadcrumb\":{\"@id\":\"http:\\\/\\\/dafinoo.eu\\\/mirmar\\\/obchod\\\/bosch-gll-3-80-p-professional\\\/#breadcrumb\"},\"inLanguage\":\"sk-SK\",\"potentialAction\":[{\"@type\":\"ReadAction\",\"target\":[\"http:\\\/\\\/dafinoo.eu\\\/mirmar\\\/obchod\\\/bosch-gll-3-80-p-professional\\\/\"]}]},{\"@type\":\"ImageObject\",\"inLanguage\":\"sk-SK\",\"@id\":\"http:\\\/\\\/dafinoo.eu\\\/mirmar\\\/obchod\\\/bosch-gll-3-80-p-professional\\\/#primaryimage\",\"url\":\"http:\\\/\\\/dafinoo.eu\\\/mirmar\\\/wp-content\\\/uploads\\\/2021\\\/03\\\/gll_3-80_p_professional_1.jpg\",\"contentUrl\":\"http:\\\/\\\/dafinoo.eu\\\/mirmar\\\/wp-content\\\/uploads\\\/2021\\\/03\\\/gll_3-80_p_professional_1.jpg\",\"width\":259,\"height\":194},{\"@type\":\"BreadcrumbList\",\"@id\":\"http:\\\/\\\/dafinoo.eu\\\/mirmar\\\/obchod\\\/bosch-gll-3-80-p-professional\\\/#breadcrumb\",\"itemListElement\":[{\"@type\":\"ListItem\",\"position\":1,\"name\":\"Domovsk\u00e1 str\u00e1nka\",\"item\":\"http:\\\/\\\/dafinoo.eu\\\/mirmar\\\/\"},{\"@type\":\"ListItem\",\"position\":2,\"name\":\"Obchod\",\"item\":\"http:\\\/\\\/dafinoo.eu\\\/mirmar\\\/obchod\\\/\"},{\"@type\":\"ListItem\",\"position\":3,\"name\":\"Bosch GLL 3-80 P Professional\"}]},{\"@type\":\"WebSite\",\"@id\":\"http:\\\/\\\/dafinoo.eu\\\/mirmar\\\/#website\",\"url\":\"http:\\\/\\\/dafinoo.eu\\\/mirmar\\\/\",\"name\":\"MIR-MAR\",\"description\":\"Eshop s n\u00e1rad\u00edm\",\"publisher\":{\"@id\":\"http:\\\/\\\/dafinoo.eu\\\/mirmar\\\/#organization\"},\"potentialAction\":[{\"@type\":\"SearchAction\",\"target\":{\"@type\":\"EntryPoint\",\"urlTemplate\":\"http:\\\/\\\/dafinoo.eu\\\/mirmar\\\/?s={search_term_string}\"},\"query-input\":{\"@type\":\"PropertyValueSpecification\",\"valueRequired\":true,\"valueName\":\"search_term_string\"}}],\"inLanguage\":\"sk-SK\"},{\"@type\":\"Organization\",\"@id\":\"http:\\\/\\\/dafinoo.eu\\\/mirmar\\\/#organization\",\"name\":\"MIR-MAR\",\"url\":\"http:\\\/\\\/dafinoo.eu\\\/mirmar\\\/\",\"logo\":{\"@type\":\"ImageObject\",\"inLanguage\":\"sk-SK\",\"@id\":\"http:\\\/\\\/dafinoo.eu\\\/mirmar\\\/#\\\/schema\\\/logo\\\/image\\\/\",\"url\":\"http:\\\/\\\/dafinoo.eu\\\/mirmar\\\/wp-content\\\/uploads\\\/2021\\\/03\\\/mirmar_logo.png\",\"contentUrl\":\"http:\\\/\\\/dafinoo.eu\\\/mirmar\\\/wp-content\\\/uploads\\\/2021\\\/03\\\/mirmar_logo.png\",\"width\":256,\"height\":60,\"caption\":\"MIR-MAR\"},\"image\":{\"@id\":\"http:\\\/\\\/dafinoo.eu\\\/mirmar\\\/#\\\/schema\\\/logo\\\/image\\\/\"},\"sameAs\":[\"https:\\\/\\\/facebook.com\\\/mirmareshop\"]}]}<\/script>\n<!-- \/ Yoast SEO plugin. -->","yoast_head_json":{"title":"Bosch GLL 3-80 P Professional - MIR-MAR","robots":{"index":"index","follow":"follow","max-snippet":"max-snippet:-1","max-image-preview":"max-image-preview:large","max-video-preview":"max-video-preview:-1"},"canonical":"http:\/\/dafinoo.eu\/mirmar\/obchod\/bosch-gll-3-80-p-professional\/","og_locale":"sk_SK","og_type":"article","og_title":"Bosch GLL 3-80 P Professional - MIR-MAR","og_description":"Technick\u00e9 parametre: GLL 3-80 P Professional Laserov\u00e1 di\u00f3da 640 nm, < 1 mW Trieda lasera 2 Pracovn\u00fd rozsah 40 m Pracovn\u00fd rozsah s prij\u00edma\u010dom 80 m (priemer) Pracovn\u00e1 oblas\u0165 bez prij\u00edma\u010da 40 m (priemer) Pracovn\u00e1 oblas\u0165 s cie\u013eovou platni\u010dkou 20 m Presnos\u0165 nivel\u00e1cie \u00b1 0,2 mm\/m Rozsah samonivel\u00e1cie \u00b1 4\u00b0 Ochrana proti prachu a striekaj\u00facej vode IP 54 Nap\u00e1janie 4 bat\u00e9rie LR6, 1,5 V (AA) \u010cas prev\u00e1dzky, max. 18 h v re\u017eime jednej l\u00ednie Stat\u00edvov\u00fd z\u00e1vit 1\/4\", 5\/8\" Hmotnos\u0165, cca 0,76 kg D\u013a\u017eka 159 mm \u0160\u00edrka 75 mm V\u00fd\u0161ka 141 mm Projekcia 3 x 360\u00b0 l\u00ednia","og_url":"http:\/\/dafinoo.eu\/mirmar\/obchod\/bosch-gll-3-80-p-professional\/","og_site_name":"MIR-MAR","article_publisher":"https:\/\/facebook.com\/mirmareshop","article_modified_time":"2021-04-19T17:43:07+00:00","og_image":[{"width":259,"height":194,"url":"https:\/\/i0.wp.com\/www.mirmar.sk\/wp-content\/uploads\/2021\/03\/gll_3-80_p_professional_1.jpg?fit=259%2C194&ssl=1","type":"image\/jpeg"}],"schema":{"@context":"https:\/\/schema.org","@graph":[{"@type":"WebPage","@id":"http:\/\/dafinoo.eu\/mirmar\/obchod\/bosch-gll-3-80-p-professional\/","url":"http:\/\/dafinoo.eu\/mirmar\/obchod\/bosch-gll-3-80-p-professional\/","name":"Bosch GLL 3-80 P Professional - MIR-MAR","isPartOf":{"@id":"http:\/\/dafinoo.eu\/mirmar\/#website"},"primaryImageOfPage":{"@id":"http:\/\/dafinoo.eu\/mirmar\/obchod\/bosch-gll-3-80-p-professional\/#primaryimage"},"image":{"@id":"http:\/\/dafinoo.eu\/mirmar\/obchod\/bosch-gll-3-80-p-professional\/#primaryimage"},"thumbnailUrl":"http:\/\/dafinoo.eu\/mirmar\/wp-content\/uploads\/2021\/03\/gll_3-80_p_professional_1.jpg","datePublished":"2021-03-15T16:25:17+00:00","dateModified":"2021-04-19T17:43:07+00:00","breadcrumb":{"@id":"http:\/\/dafinoo.eu\/mirmar\/obchod\/bosch-gll-3-80-p-professional\/#breadcrumb"},"inLanguage":"sk-SK","potentialAction":[{"@type":"ReadAction","target":["http:\/\/dafinoo.eu\/mirmar\/obchod\/bosch-gll-3-80-p-professional\/"]}]},{"@type":"ImageObject","inLanguage":"sk-SK","@id":"http:\/\/dafinoo.eu\/mirmar\/obchod\/bosch-gll-3-80-p-professional\/#primaryimage","url":"http:\/\/dafinoo.eu\/mirmar\/wp-content\/uploads\/2021\/03\/gll_3-80_p_professional_1.jpg","contentUrl":"http:\/\/dafinoo.eu\/mirmar\/wp-content\/uploads\/2021\/03\/gll_3-80_p_professional_1.jpg","width":259,"height":194},{"@type":"BreadcrumbList","@id":"http:\/\/dafinoo.eu\/mirmar\/obchod\/bosch-gll-3-80-p-professional\/#breadcrumb","itemListElement":[{"@type":"ListItem","position":1,"name":"Domovsk\u00e1 str\u00e1nka","item":"http:\/\/dafinoo.eu\/mirmar\/"},{"@type":"ListItem","position":2,"name":"Obchod","item":"http:\/\/dafinoo.eu\/mirmar\/obchod\/"},{"@type":"ListItem","position":3,"name":"Bosch GLL 3-80 P Professional"}]},{"@type":"WebSite","@id":"http:\/\/dafinoo.eu\/mirmar\/#website","url":"http:\/\/dafinoo.eu\/mirmar\/","name":"MIR-MAR","description":"Eshop s n\u00e1rad\u00edm","publisher":{"@id":"http:\/\/dafinoo.eu\/mirmar\/#organization"},"potentialAction":[{"@type":"SearchAction","target":{"@type":"EntryPoint","urlTemplate":"http:\/\/dafinoo.eu\/mirmar\/?s={search_term_string}"},"query-input":{"@type":"PropertyValueSpecification","valueRequired":true,"valueName":"search_term_string"}}],"inLanguage":"sk-SK"},{"@type":"Organization","@id":"http:\/\/dafinoo.eu\/mirmar\/#organization","name":"MIR-MAR","url":"http:\/\/dafinoo.eu\/mirmar\/","logo":{"@type":"ImageObject","inLanguage":"sk-SK","@id":"http:\/\/dafinoo.eu\/mirmar\/#\/schema\/logo\/image\/","url":"http:\/\/dafinoo.eu\/mirmar\/wp-content\/uploads\/2021\/03\/mirmar_logo.png","contentUrl":"http:\/\/dafinoo.eu\/mirmar\/wp-content\/uploads\/2021\/03\/mirmar_logo.png","width":256,"height":60,"caption":"MIR-MAR"},"image":{"@id":"http:\/\/dafinoo.eu\/mirmar\/#\/schema\/logo\/image\/"},"sameAs":["https:\/\/facebook.com\/mirmareshop"]}]}},"_links":{"self":[{"href":"http:\/\/dafinoo.eu\/mirmar\/wp-json\/wp\/v2\/product\/36906","targetHints":{"allow":["GET"]}}],"collection":[{"href":"http:\/\/dafinoo.eu\/mirmar\/wp-json\/wp\/v2\/product"}],"about":[{"href":"http:\/\/dafinoo.eu\/mirmar\/wp-json\/wp\/v2\/types\/product"}],"replies":[{"embeddable":true,"href":"http:\/\/dafinoo.eu\/mirmar\/wp-json\/wp\/v2\/comments?post=36906"}],"wp:featuredmedia":[{"embeddable":true,"href":"http:\/\/dafinoo.eu\/mirmar\/wp-json\/wp\/v2\/media\/36907"}],"wp:attachment":[{"href":"http:\/\/dafinoo.eu\/mirmar\/wp-json\/wp\/v2\/media?parent=36906"}],"wp:term":[{"taxonomy":"product_cat","embeddable":true,"href":"http:\/\/dafinoo.eu\/mirmar\/wp-json\/wp\/v2\/product_cat?post=36906"},{"taxonomy":"product_tag","embeddable":true,"href":"http:\/\/dafinoo.eu\/mirmar\/wp-json\/wp\/v2\/product_tag?post=36906"}],"curies":[{"name":"wp","href":"https:\/\/api.w.org\/{rel}","templated":true}]}}