{"id":36912,"date":"2021-03-15T17:25:17","date_gmt":"2021-03-15T16:25:17","guid":{"rendered":"http:\/\/dafinoo.eu\/mirmar\/product\/gtl-3-professional\/"},"modified":"2021-04-21T15:26:22","modified_gmt":"2021-04-21T13:26:22","slug":"gtl-3-professional","status":"publish","type":"product","link":"http:\/\/dafinoo.eu\/mirmar\/obchod\/gtl-3-professional\/","title":{"rendered":"Bosch GTL 3 Professional"},"content":{"rendered":"<p>Prednosti: GTL 3 Professional<br \/>\nR\u00fdchle kladenie obklada\u010diek v\u010faka pr\u00eddavnej l\u00ednii v uhle 45\u00b0<\/p>\n<p>    * Okrem dvoch laserov\u00fdch l\u00edni\u00ed s uhlom 90\u00b0 z\u00e1rove\u0148 premieta tretiu l\u00edniu s uhlom 45\u00b0 pre presn\u00e9 a r\u00fdchle vyrovnanie a kladenie obklada\u010diek a dla\u017ed\u00edc<br \/>\n    * Vysok\u00e1 presnos\u0165 0,2 mm\/m<br \/>\n    * Kompaktn\u00fd a \u013eahk\u00fd dizajn pre optim\u00e1lne ovl\u00e1danie<br \/>\n    * Vyrovn\u00e1vacia doska pre lep\u0161iu stabilitu pri pr\u00e1ci na nerovnej podlahe a pre upevnenie na stenu<br \/>\n    * Dobre vidite\u013en\u00e9 laserov\u00e9 l\u00ednie pre pou\u017e\u00edvanie v interi\u00e9roch<br \/>\n    * Ochrana proti prachu a striekaj\u00facej vode (IP 54)<br \/>\n    * Automatick\u00e9 vyp\u00ednanie na zn\u00ed\u017eenie spotreby bat\u00e9ri\u00ed<\/p>\n","protected":false},"excerpt":{"rendered":"<p>Technick\u00e9 parametre: GTL 3 Professional<br \/>\nLaserov\u00e1 di\u00f3da \t635 nm, < 1 mW \nTrieda lasera \t2 \nPracovn\u00e1 oblas\u0165 s cie\u013eovou platni\u010dkou \t20 m\nUhlov\u00e1 presnos\u0165 (0-90\u00b0 uhol) \t\u00b1 0,2 mm\/m\nOchrana proti prachu a striekaj\u00facej vode \tIP 54 \nNap\u00e1janie \t4 bat\u00e9rie LR6, 1,5 V (AA) \n\u010cas prev\u00e1dzky, max. \t18 h v re\u017eime 2 l\u00edni\u00ed \nHmotnos\u0165, cca \t0,5 kg\nD\u013a\u017eka \t156 mm\n\u0160\u00edrka \t102 mm\nV\u00fd\u0161ka \t98 mm\nProjekcia \t3 l\u00ednie\n<\/p>\n","protected":false},"featured_media":36913,"comment_status":"closed","ping_status":"open","template":"","meta":{"_lmt_disableupdate":"","_lmt_disable":""},"product_cat":[3239,3236,3106],"product_tag":[],"class_list":{"0":"post-36912","1":"product","2":"type-product","3":"status-publish","4":"has-post-thumbnail","6":"product_cat-ciarovy-laser","7":"product_cat-meracia-technika","8":"product_cat-bosch","9":"ts_product_brand-bosh","11":"first","12":"instock","13":"taxable","14":"shipping-taxable","15":"purchasable","16":"product-type-simple"},"yoast_head":"<!-- This site is optimized with the Yoast SEO plugin v27.3 - https:\/\/yoast.com\/product\/yoast-seo-wordpress\/ -->\n<title>Bosch GTL 3 Professional - MIR-MAR<\/title>\n<meta name=\"robots\" content=\"index, follow, max-snippet:-1, max-image-preview:large, max-video-preview:-1\" \/>\n<link rel=\"canonical\" href=\"http:\/\/dafinoo.eu\/mirmar\/obchod\/gtl-3-professional\/\" \/>\n<meta property=\"og:locale\" content=\"sk_SK\" \/>\n<meta property=\"og:type\" content=\"article\" \/>\n<meta property=\"og:title\" content=\"Bosch GTL 3 Professional - MIR-MAR\" \/>\n<meta property=\"og:description\" content=\"Technick\u00e9 parametre: GTL 3 Professional Laserov\u00e1 di\u00f3da 635 nm, &lt; 1 mW Trieda lasera 2 Pracovn\u00e1 oblas\u0165 s cie\u013eovou platni\u010dkou 20 m Uhlov\u00e1 presnos\u0165 (0-90\u00b0 uhol) \u00b1 0,2 mm\/m Ochrana proti prachu a striekaj\u00facej vode IP 54 Nap\u00e1janie 4 bat\u00e9rie LR6, 1,5 V (AA) \u010cas prev\u00e1dzky, max. 18 h v re\u017eime 2 l\u00edni\u00ed Hmotnos\u0165, cca 0,5 kg D\u013a\u017eka 156 mm \u0160\u00edrka 102 mm V\u00fd\u0161ka 98 mm Projekcia 3 l\u00ednie\" \/>\n<meta property=\"og:url\" content=\"http:\/\/dafinoo.eu\/mirmar\/obchod\/gtl-3-professional\/\" \/>\n<meta property=\"og:site_name\" content=\"MIR-MAR\" \/>\n<meta property=\"article:publisher\" content=\"https:\/\/facebook.com\/mirmareshop\" \/>\n<meta property=\"article:modified_time\" content=\"2021-04-21T13:26:22+00:00\" \/>\n<meta property=\"og:image\" content=\"https:\/\/i2.wp.com\/www.mirmar.sk\/wp-content\/uploads\/2021\/03\/gtl_3_professional_1.jpg?fit=251%2C201&ssl=1\" \/>\n\t<meta property=\"og:image:width\" content=\"251\" \/>\n\t<meta property=\"og:image:height\" content=\"201\" \/>\n\t<meta property=\"og:image:type\" content=\"image\/jpeg\" \/>\n<meta name=\"twitter:label1\" content=\"Predpokladan\u00fd \u010das \u010d\u00edtania\" \/>\n\t<meta name=\"twitter:data1\" content=\"1 min\u00fata\" \/>\n<script type=\"application\/ld+json\" class=\"yoast-schema-graph\">{\"@context\":\"https:\\\/\\\/schema.org\",\"@graph\":[{\"@type\":\"WebPage\",\"@id\":\"http:\\\/\\\/dafinoo.eu\\\/mirmar\\\/obchod\\\/gtl-3-professional\\\/\",\"url\":\"http:\\\/\\\/dafinoo.eu\\\/mirmar\\\/obchod\\\/gtl-3-professional\\\/\",\"name\":\"Bosch GTL 3 Professional - MIR-MAR\",\"isPartOf\":{\"@id\":\"http:\\\/\\\/dafinoo.eu\\\/mirmar\\\/#website\"},\"primaryImageOfPage\":{\"@id\":\"http:\\\/\\\/dafinoo.eu\\\/mirmar\\\/obchod\\\/gtl-3-professional\\\/#primaryimage\"},\"image\":{\"@id\":\"http:\\\/\\\/dafinoo.eu\\\/mirmar\\\/obchod\\\/gtl-3-professional\\\/#primaryimage\"},\"thumbnailUrl\":\"http:\\\/\\\/dafinoo.eu\\\/mirmar\\\/wp-content\\\/uploads\\\/2021\\\/03\\\/gtl_3_professional_1.jpg\",\"datePublished\":\"2021-03-15T16:25:17+00:00\",\"dateModified\":\"2021-04-21T13:26:22+00:00\",\"breadcrumb\":{\"@id\":\"http:\\\/\\\/dafinoo.eu\\\/mirmar\\\/obchod\\\/gtl-3-professional\\\/#breadcrumb\"},\"inLanguage\":\"sk-SK\",\"potentialAction\":[{\"@type\":\"ReadAction\",\"target\":[\"http:\\\/\\\/dafinoo.eu\\\/mirmar\\\/obchod\\\/gtl-3-professional\\\/\"]}]},{\"@type\":\"ImageObject\",\"inLanguage\":\"sk-SK\",\"@id\":\"http:\\\/\\\/dafinoo.eu\\\/mirmar\\\/obchod\\\/gtl-3-professional\\\/#primaryimage\",\"url\":\"http:\\\/\\\/dafinoo.eu\\\/mirmar\\\/wp-content\\\/uploads\\\/2021\\\/03\\\/gtl_3_professional_1.jpg\",\"contentUrl\":\"http:\\\/\\\/dafinoo.eu\\\/mirmar\\\/wp-content\\\/uploads\\\/2021\\\/03\\\/gtl_3_professional_1.jpg\",\"width\":251,\"height\":201},{\"@type\":\"BreadcrumbList\",\"@id\":\"http:\\\/\\\/dafinoo.eu\\\/mirmar\\\/obchod\\\/gtl-3-professional\\\/#breadcrumb\",\"itemListElement\":[{\"@type\":\"ListItem\",\"position\":1,\"name\":\"Domovsk\u00e1 str\u00e1nka\",\"item\":\"http:\\\/\\\/dafinoo.eu\\\/mirmar\\\/\"},{\"@type\":\"ListItem\",\"position\":2,\"name\":\"Obchod\",\"item\":\"http:\\\/\\\/dafinoo.eu\\\/mirmar\\\/obchod\\\/\"},{\"@type\":\"ListItem\",\"position\":3,\"name\":\"Bosch GTL 3 Professional\"}]},{\"@type\":\"WebSite\",\"@id\":\"http:\\\/\\\/dafinoo.eu\\\/mirmar\\\/#website\",\"url\":\"http:\\\/\\\/dafinoo.eu\\\/mirmar\\\/\",\"name\":\"MIR-MAR\",\"description\":\"Eshop s n\u00e1rad\u00edm\",\"publisher\":{\"@id\":\"http:\\\/\\\/dafinoo.eu\\\/mirmar\\\/#organization\"},\"potentialAction\":[{\"@type\":\"SearchAction\",\"target\":{\"@type\":\"EntryPoint\",\"urlTemplate\":\"http:\\\/\\\/dafinoo.eu\\\/mirmar\\\/?s={search_term_string}\"},\"query-input\":{\"@type\":\"PropertyValueSpecification\",\"valueRequired\":true,\"valueName\":\"search_term_string\"}}],\"inLanguage\":\"sk-SK\"},{\"@type\":\"Organization\",\"@id\":\"http:\\\/\\\/dafinoo.eu\\\/mirmar\\\/#organization\",\"name\":\"MIR-MAR\",\"url\":\"http:\\\/\\\/dafinoo.eu\\\/mirmar\\\/\",\"logo\":{\"@type\":\"ImageObject\",\"inLanguage\":\"sk-SK\",\"@id\":\"http:\\\/\\\/dafinoo.eu\\\/mirmar\\\/#\\\/schema\\\/logo\\\/image\\\/\",\"url\":\"http:\\\/\\\/dafinoo.eu\\\/mirmar\\\/wp-content\\\/uploads\\\/2021\\\/03\\\/mirmar_logo.png\",\"contentUrl\":\"http:\\\/\\\/dafinoo.eu\\\/mirmar\\\/wp-content\\\/uploads\\\/2021\\\/03\\\/mirmar_logo.png\",\"width\":256,\"height\":60,\"caption\":\"MIR-MAR\"},\"image\":{\"@id\":\"http:\\\/\\\/dafinoo.eu\\\/mirmar\\\/#\\\/schema\\\/logo\\\/image\\\/\"},\"sameAs\":[\"https:\\\/\\\/facebook.com\\\/mirmareshop\"]}]}<\/script>\n<!-- \/ Yoast SEO plugin. -->","yoast_head_json":{"title":"Bosch GTL 3 Professional - MIR-MAR","robots":{"index":"index","follow":"follow","max-snippet":"max-snippet:-1","max-image-preview":"max-image-preview:large","max-video-preview":"max-video-preview:-1"},"canonical":"http:\/\/dafinoo.eu\/mirmar\/obchod\/gtl-3-professional\/","og_locale":"sk_SK","og_type":"article","og_title":"Bosch GTL 3 Professional - MIR-MAR","og_description":"Technick\u00e9 parametre: GTL 3 Professional Laserov\u00e1 di\u00f3da 635 nm, < 1 mW Trieda lasera 2 Pracovn\u00e1 oblas\u0165 s cie\u013eovou platni\u010dkou 20 m Uhlov\u00e1 presnos\u0165 (0-90\u00b0 uhol) \u00b1 0,2 mm\/m Ochrana proti prachu a striekaj\u00facej vode IP 54 Nap\u00e1janie 4 bat\u00e9rie LR6, 1,5 V (AA) \u010cas prev\u00e1dzky, max. 18 h v re\u017eime 2 l\u00edni\u00ed Hmotnos\u0165, cca 0,5 kg D\u013a\u017eka 156 mm \u0160\u00edrka 102 mm V\u00fd\u0161ka 98 mm Projekcia 3 l\u00ednie","og_url":"http:\/\/dafinoo.eu\/mirmar\/obchod\/gtl-3-professional\/","og_site_name":"MIR-MAR","article_publisher":"https:\/\/facebook.com\/mirmareshop","article_modified_time":"2021-04-21T13:26:22+00:00","og_image":[{"width":251,"height":201,"url":"https:\/\/i2.wp.com\/www.mirmar.sk\/wp-content\/uploads\/2021\/03\/gtl_3_professional_1.jpg?fit=251%2C201&ssl=1","type":"image\/jpeg"}],"twitter_misc":{"Predpokladan\u00fd \u010das \u010d\u00edtania":"1 min\u00fata"},"schema":{"@context":"https:\/\/schema.org","@graph":[{"@type":"WebPage","@id":"http:\/\/dafinoo.eu\/mirmar\/obchod\/gtl-3-professional\/","url":"http:\/\/dafinoo.eu\/mirmar\/obchod\/gtl-3-professional\/","name":"Bosch GTL 3 Professional - MIR-MAR","isPartOf":{"@id":"http:\/\/dafinoo.eu\/mirmar\/#website"},"primaryImageOfPage":{"@id":"http:\/\/dafinoo.eu\/mirmar\/obchod\/gtl-3-professional\/#primaryimage"},"image":{"@id":"http:\/\/dafinoo.eu\/mirmar\/obchod\/gtl-3-professional\/#primaryimage"},"thumbnailUrl":"http:\/\/dafinoo.eu\/mirmar\/wp-content\/uploads\/2021\/03\/gtl_3_professional_1.jpg","datePublished":"2021-03-15T16:25:17+00:00","dateModified":"2021-04-21T13:26:22+00:00","breadcrumb":{"@id":"http:\/\/dafinoo.eu\/mirmar\/obchod\/gtl-3-professional\/#breadcrumb"},"inLanguage":"sk-SK","potentialAction":[{"@type":"ReadAction","target":["http:\/\/dafinoo.eu\/mirmar\/obchod\/gtl-3-professional\/"]}]},{"@type":"ImageObject","inLanguage":"sk-SK","@id":"http:\/\/dafinoo.eu\/mirmar\/obchod\/gtl-3-professional\/#primaryimage","url":"http:\/\/dafinoo.eu\/mirmar\/wp-content\/uploads\/2021\/03\/gtl_3_professional_1.jpg","contentUrl":"http:\/\/dafinoo.eu\/mirmar\/wp-content\/uploads\/2021\/03\/gtl_3_professional_1.jpg","width":251,"height":201},{"@type":"BreadcrumbList","@id":"http:\/\/dafinoo.eu\/mirmar\/obchod\/gtl-3-professional\/#breadcrumb","itemListElement":[{"@type":"ListItem","position":1,"name":"Domovsk\u00e1 str\u00e1nka","item":"http:\/\/dafinoo.eu\/mirmar\/"},{"@type":"ListItem","position":2,"name":"Obchod","item":"http:\/\/dafinoo.eu\/mirmar\/obchod\/"},{"@type":"ListItem","position":3,"name":"Bosch GTL 3 Professional"}]},{"@type":"WebSite","@id":"http:\/\/dafinoo.eu\/mirmar\/#website","url":"http:\/\/dafinoo.eu\/mirmar\/","name":"MIR-MAR","description":"Eshop s n\u00e1rad\u00edm","publisher":{"@id":"http:\/\/dafinoo.eu\/mirmar\/#organization"},"potentialAction":[{"@type":"SearchAction","target":{"@type":"EntryPoint","urlTemplate":"http:\/\/dafinoo.eu\/mirmar\/?s={search_term_string}"},"query-input":{"@type":"PropertyValueSpecification","valueRequired":true,"valueName":"search_term_string"}}],"inLanguage":"sk-SK"},{"@type":"Organization","@id":"http:\/\/dafinoo.eu\/mirmar\/#organization","name":"MIR-MAR","url":"http:\/\/dafinoo.eu\/mirmar\/","logo":{"@type":"ImageObject","inLanguage":"sk-SK","@id":"http:\/\/dafinoo.eu\/mirmar\/#\/schema\/logo\/image\/","url":"http:\/\/dafinoo.eu\/mirmar\/wp-content\/uploads\/2021\/03\/mirmar_logo.png","contentUrl":"http:\/\/dafinoo.eu\/mirmar\/wp-content\/uploads\/2021\/03\/mirmar_logo.png","width":256,"height":60,"caption":"MIR-MAR"},"image":{"@id":"http:\/\/dafinoo.eu\/mirmar\/#\/schema\/logo\/image\/"},"sameAs":["https:\/\/facebook.com\/mirmareshop"]}]}},"_links":{"self":[{"href":"http:\/\/dafinoo.eu\/mirmar\/wp-json\/wp\/v2\/product\/36912","targetHints":{"allow":["GET"]}}],"collection":[{"href":"http:\/\/dafinoo.eu\/mirmar\/wp-json\/wp\/v2\/product"}],"about":[{"href":"http:\/\/dafinoo.eu\/mirmar\/wp-json\/wp\/v2\/types\/product"}],"replies":[{"embeddable":true,"href":"http:\/\/dafinoo.eu\/mirmar\/wp-json\/wp\/v2\/comments?post=36912"}],"wp:featuredmedia":[{"embeddable":true,"href":"http:\/\/dafinoo.eu\/mirmar\/wp-json\/wp\/v2\/media\/36913"}],"wp:attachment":[{"href":"http:\/\/dafinoo.eu\/mirmar\/wp-json\/wp\/v2\/media?parent=36912"}],"wp:term":[{"taxonomy":"product_cat","embeddable":true,"href":"http:\/\/dafinoo.eu\/mirmar\/wp-json\/wp\/v2\/product_cat?post=36912"},{"taxonomy":"product_tag","embeddable":true,"href":"http:\/\/dafinoo.eu\/mirmar\/wp-json\/wp\/v2\/product_tag?post=36912"}],"curies":[{"name":"wp","href":"https:\/\/api.w.org\/{rel}","templated":true}]}}