{"id":36918,"date":"2021-03-15T17:25:17","date_gmt":"2021-03-15T16:25:17","guid":{"rendered":"http:\/\/dafinoo.eu\/mirmar\/product\/gpl-5-c-professional-professional\/"},"modified":"2021-04-21T15:26:18","modified_gmt":"2021-04-21T13:26:18","slug":"gpl-5-c-professional-professional","status":"publish","type":"product","link":"http:\/\/dafinoo.eu\/mirmar\/obchod\/gpl-5-c-professional-professional\/","title":{"rendered":"Bosch GPL 5 C Professional Professional"},"content":{"rendered":"<p>Prednosti: GPL 5 C Professional Professional<br \/>\nPren\u00e1\u0161anie a vyrovn\u00e1vanie \u010di zameriavanie v rekordnom \u010dase<\/p>\n<p>    * Samonivel\u00e1cia po\u010das 4 s do sklonu a\u017e 4\u00b0, akustick\u00e9 varovanie (s mo\u017enos\u0165ou vypnutia) pri vych\u00fdlen\u00ed<br \/>\n    * Jednoduch\u00e1 obsluha v\u010faka zrozumite\u013en\u00e9mu prep\u00edna\u010du prev\u00e1dzky na vo\u013ebu jednotliv\u00fdch premietan\u00fdch vzorov<br \/>\n    * Robustn\u00fd pre pou\u017eitie na stavbe v\u010faka ochrane proti prachu a striekaj\u00facej vode IP 54<br \/>\n    * Dostupn\u00fd s univerz\u00e1lnym dr\u017eiakom na fixovanie na objektoch pomocou magnetu (kov) alebo skrutkov\u00e9ho spoja (drevo)<\/p>\n","protected":false},"excerpt":{"rendered":"<p>Technick\u00e9 parametre: GPL 5 C Professional Professional<br \/>\nLaserov\u00e1 di\u00f3da \t635 nm, < 1 mW \nTrieda lasera \t2 \nPracovn\u00fd rozsah \ta\u017e do 30 m\nPresnos\u0165 nivel\u00e1cie \t\u00b1 0,2 mm\/m horizont\u00e1lne \nPracovn\u00e1 oblas\u0165 laserov\u00fdch bodov, max. \t30 m horizont\u00e1lne \nPracovn\u00e1 oblas\u0165 laserov\u00fdch kr\u00ed\u017eov \t7 m (hore) \nUhlov\u00e1 presnos\u0165 (0-90\u00b0 uhol) \t\u00b1 0,4 mm\/m\nRozsah samonivel\u00e1cie \ta\u017e \u00b1 4\u00b0 \nOchrana proti prachu a striekaj\u00facej vode \tIP 54 \nNap\u00e1janie \t4 bat\u00e9rie LR6, 1,5 V (AA) \n\u010cas prev\u00e1dzky, max. \t20 h (v re\u017eime troch bodov) \nStat\u00edvov\u00fd z\u00e1vit \t1\/4\", 5\/8\" \nHmotnos\u0165, cca \t0,6 kg\nD\u013a\u017eka \t146 mm\n\u0160\u00edrka \t57 mm\nV\u00fd\u0161ka \t119 mm\n<\/p>\n","protected":false},"featured_media":36919,"comment_status":"closed","ping_status":"open","template":"","meta":{"_lmt_disableupdate":"","_lmt_disable":""},"product_cat":[3240,3236,3106],"product_tag":[],"class_list":{"0":"post-36918","1":"product","2":"type-product","3":"status-publish","4":"has-post-thumbnail","6":"product_cat-bodove-lasery","7":"product_cat-meracia-technika","8":"product_cat-bosch","9":"ts_product_brand-bosh","11":"first","12":"instock","13":"taxable","14":"shipping-taxable","15":"purchasable","16":"product-type-simple"},"yoast_head":"<!-- This site is optimized with the Yoast SEO plugin v27.3 - https:\/\/yoast.com\/product\/yoast-seo-wordpress\/ -->\n<title>Bosch GPL 5 C Professional Professional - MIR-MAR<\/title>\n<meta name=\"robots\" content=\"index, follow, max-snippet:-1, max-image-preview:large, max-video-preview:-1\" \/>\n<link rel=\"canonical\" href=\"http:\/\/dafinoo.eu\/mirmar\/obchod\/gpl-5-c-professional-professional\/\" \/>\n<meta property=\"og:locale\" content=\"sk_SK\" \/>\n<meta property=\"og:type\" content=\"article\" \/>\n<meta property=\"og:title\" content=\"Bosch GPL 5 C Professional Professional - MIR-MAR\" \/>\n<meta property=\"og:description\" content=\"Technick\u00e9 parametre: GPL 5 C Professional Professional Laserov\u00e1 di\u00f3da 635 nm, &lt; 1 mW Trieda lasera 2 Pracovn\u00fd rozsah a\u017e do 30 m Presnos\u0165 nivel\u00e1cie \u00b1 0,2 mm\/m horizont\u00e1lne Pracovn\u00e1 oblas\u0165 laserov\u00fdch bodov, max. 30 m horizont\u00e1lne Pracovn\u00e1 oblas\u0165 laserov\u00fdch kr\u00ed\u017eov 7 m (hore) Uhlov\u00e1 presnos\u0165 (0-90\u00b0 uhol) \u00b1 0,4 mm\/m Rozsah samonivel\u00e1cie a\u017e \u00b1 4\u00b0 Ochrana proti prachu a striekaj\u00facej vode IP 54 Nap\u00e1janie 4 bat\u00e9rie LR6, 1,5 V (AA) \u010cas prev\u00e1dzky, max. 20 h (v re\u017eime troch bodov) Stat\u00edvov\u00fd z\u00e1vit 1\/4&quot;, 5\/8&quot; Hmotnos\u0165, cca 0,6 kg D\u013a\u017eka 146 mm \u0160\u00edrka 57 mm V\u00fd\u0161ka 119 mm\" \/>\n<meta property=\"og:url\" content=\"http:\/\/dafinoo.eu\/mirmar\/obchod\/gpl-5-c-professional-professional\/\" \/>\n<meta property=\"og:site_name\" content=\"MIR-MAR\" \/>\n<meta property=\"article:publisher\" content=\"https:\/\/facebook.com\/mirmareshop\" \/>\n<meta property=\"article:modified_time\" content=\"2021-04-21T13:26:18+00:00\" \/>\n<meta property=\"og:image\" content=\"https:\/\/i1.wp.com\/www.mirmar.sk\/wp-content\/uploads\/2021\/03\/gpl_5_c_professional_professional_1.jpg?fit=259%2C194&ssl=1\" \/>\n\t<meta property=\"og:image:width\" content=\"259\" \/>\n\t<meta property=\"og:image:height\" content=\"194\" \/>\n\t<meta property=\"og:image:type\" content=\"image\/jpeg\" \/>\n<script type=\"application\/ld+json\" class=\"yoast-schema-graph\">{\"@context\":\"https:\\\/\\\/schema.org\",\"@graph\":[{\"@type\":\"WebPage\",\"@id\":\"http:\\\/\\\/dafinoo.eu\\\/mirmar\\\/obchod\\\/gpl-5-c-professional-professional\\\/\",\"url\":\"http:\\\/\\\/dafinoo.eu\\\/mirmar\\\/obchod\\\/gpl-5-c-professional-professional\\\/\",\"name\":\"Bosch GPL 5 C Professional Professional - MIR-MAR\",\"isPartOf\":{\"@id\":\"http:\\\/\\\/dafinoo.eu\\\/mirmar\\\/#website\"},\"primaryImageOfPage\":{\"@id\":\"http:\\\/\\\/dafinoo.eu\\\/mirmar\\\/obchod\\\/gpl-5-c-professional-professional\\\/#primaryimage\"},\"image\":{\"@id\":\"http:\\\/\\\/dafinoo.eu\\\/mirmar\\\/obchod\\\/gpl-5-c-professional-professional\\\/#primaryimage\"},\"thumbnailUrl\":\"http:\\\/\\\/dafinoo.eu\\\/mirmar\\\/wp-content\\\/uploads\\\/2021\\\/03\\\/gpl_5_c_professional_professional_1.jpg\",\"datePublished\":\"2021-03-15T16:25:17+00:00\",\"dateModified\":\"2021-04-21T13:26:18+00:00\",\"breadcrumb\":{\"@id\":\"http:\\\/\\\/dafinoo.eu\\\/mirmar\\\/obchod\\\/gpl-5-c-professional-professional\\\/#breadcrumb\"},\"inLanguage\":\"sk-SK\",\"potentialAction\":[{\"@type\":\"ReadAction\",\"target\":[\"http:\\\/\\\/dafinoo.eu\\\/mirmar\\\/obchod\\\/gpl-5-c-professional-professional\\\/\"]}]},{\"@type\":\"ImageObject\",\"inLanguage\":\"sk-SK\",\"@id\":\"http:\\\/\\\/dafinoo.eu\\\/mirmar\\\/obchod\\\/gpl-5-c-professional-professional\\\/#primaryimage\",\"url\":\"http:\\\/\\\/dafinoo.eu\\\/mirmar\\\/wp-content\\\/uploads\\\/2021\\\/03\\\/gpl_5_c_professional_professional_1.jpg\",\"contentUrl\":\"http:\\\/\\\/dafinoo.eu\\\/mirmar\\\/wp-content\\\/uploads\\\/2021\\\/03\\\/gpl_5_c_professional_professional_1.jpg\",\"width\":259,\"height\":194},{\"@type\":\"BreadcrumbList\",\"@id\":\"http:\\\/\\\/dafinoo.eu\\\/mirmar\\\/obchod\\\/gpl-5-c-professional-professional\\\/#breadcrumb\",\"itemListElement\":[{\"@type\":\"ListItem\",\"position\":1,\"name\":\"Domovsk\u00e1 str\u00e1nka\",\"item\":\"http:\\\/\\\/dafinoo.eu\\\/mirmar\\\/\"},{\"@type\":\"ListItem\",\"position\":2,\"name\":\"Obchod\",\"item\":\"http:\\\/\\\/dafinoo.eu\\\/mirmar\\\/obchod\\\/\"},{\"@type\":\"ListItem\",\"position\":3,\"name\":\"Bosch GPL 5 C Professional Professional\"}]},{\"@type\":\"WebSite\",\"@id\":\"http:\\\/\\\/dafinoo.eu\\\/mirmar\\\/#website\",\"url\":\"http:\\\/\\\/dafinoo.eu\\\/mirmar\\\/\",\"name\":\"MIR-MAR\",\"description\":\"Eshop s n\u00e1rad\u00edm\",\"publisher\":{\"@id\":\"http:\\\/\\\/dafinoo.eu\\\/mirmar\\\/#organization\"},\"potentialAction\":[{\"@type\":\"SearchAction\",\"target\":{\"@type\":\"EntryPoint\",\"urlTemplate\":\"http:\\\/\\\/dafinoo.eu\\\/mirmar\\\/?s={search_term_string}\"},\"query-input\":{\"@type\":\"PropertyValueSpecification\",\"valueRequired\":true,\"valueName\":\"search_term_string\"}}],\"inLanguage\":\"sk-SK\"},{\"@type\":\"Organization\",\"@id\":\"http:\\\/\\\/dafinoo.eu\\\/mirmar\\\/#organization\",\"name\":\"MIR-MAR\",\"url\":\"http:\\\/\\\/dafinoo.eu\\\/mirmar\\\/\",\"logo\":{\"@type\":\"ImageObject\",\"inLanguage\":\"sk-SK\",\"@id\":\"http:\\\/\\\/dafinoo.eu\\\/mirmar\\\/#\\\/schema\\\/logo\\\/image\\\/\",\"url\":\"http:\\\/\\\/dafinoo.eu\\\/mirmar\\\/wp-content\\\/uploads\\\/2021\\\/03\\\/mirmar_logo.png\",\"contentUrl\":\"http:\\\/\\\/dafinoo.eu\\\/mirmar\\\/wp-content\\\/uploads\\\/2021\\\/03\\\/mirmar_logo.png\",\"width\":256,\"height\":60,\"caption\":\"MIR-MAR\"},\"image\":{\"@id\":\"http:\\\/\\\/dafinoo.eu\\\/mirmar\\\/#\\\/schema\\\/logo\\\/image\\\/\"},\"sameAs\":[\"https:\\\/\\\/facebook.com\\\/mirmareshop\"]}]}<\/script>\n<!-- \/ Yoast SEO plugin. -->","yoast_head_json":{"title":"Bosch GPL 5 C Professional Professional - MIR-MAR","robots":{"index":"index","follow":"follow","max-snippet":"max-snippet:-1","max-image-preview":"max-image-preview:large","max-video-preview":"max-video-preview:-1"},"canonical":"http:\/\/dafinoo.eu\/mirmar\/obchod\/gpl-5-c-professional-professional\/","og_locale":"sk_SK","og_type":"article","og_title":"Bosch GPL 5 C Professional Professional - MIR-MAR","og_description":"Technick\u00e9 parametre: GPL 5 C Professional Professional Laserov\u00e1 di\u00f3da 635 nm, < 1 mW Trieda lasera 2 Pracovn\u00fd rozsah a\u017e do 30 m Presnos\u0165 nivel\u00e1cie \u00b1 0,2 mm\/m horizont\u00e1lne Pracovn\u00e1 oblas\u0165 laserov\u00fdch bodov, max. 30 m horizont\u00e1lne Pracovn\u00e1 oblas\u0165 laserov\u00fdch kr\u00ed\u017eov 7 m (hore) Uhlov\u00e1 presnos\u0165 (0-90\u00b0 uhol) \u00b1 0,4 mm\/m Rozsah samonivel\u00e1cie a\u017e \u00b1 4\u00b0 Ochrana proti prachu a striekaj\u00facej vode IP 54 Nap\u00e1janie 4 bat\u00e9rie LR6, 1,5 V (AA) \u010cas prev\u00e1dzky, max. 20 h (v re\u017eime troch bodov) Stat\u00edvov\u00fd z\u00e1vit 1\/4\", 5\/8\" Hmotnos\u0165, cca 0,6 kg D\u013a\u017eka 146 mm \u0160\u00edrka 57 mm V\u00fd\u0161ka 119 mm","og_url":"http:\/\/dafinoo.eu\/mirmar\/obchod\/gpl-5-c-professional-professional\/","og_site_name":"MIR-MAR","article_publisher":"https:\/\/facebook.com\/mirmareshop","article_modified_time":"2021-04-21T13:26:18+00:00","og_image":[{"width":259,"height":194,"url":"https:\/\/i1.wp.com\/www.mirmar.sk\/wp-content\/uploads\/2021\/03\/gpl_5_c_professional_professional_1.jpg?fit=259%2C194&ssl=1","type":"image\/jpeg"}],"schema":{"@context":"https:\/\/schema.org","@graph":[{"@type":"WebPage","@id":"http:\/\/dafinoo.eu\/mirmar\/obchod\/gpl-5-c-professional-professional\/","url":"http:\/\/dafinoo.eu\/mirmar\/obchod\/gpl-5-c-professional-professional\/","name":"Bosch GPL 5 C Professional Professional - MIR-MAR","isPartOf":{"@id":"http:\/\/dafinoo.eu\/mirmar\/#website"},"primaryImageOfPage":{"@id":"http:\/\/dafinoo.eu\/mirmar\/obchod\/gpl-5-c-professional-professional\/#primaryimage"},"image":{"@id":"http:\/\/dafinoo.eu\/mirmar\/obchod\/gpl-5-c-professional-professional\/#primaryimage"},"thumbnailUrl":"http:\/\/dafinoo.eu\/mirmar\/wp-content\/uploads\/2021\/03\/gpl_5_c_professional_professional_1.jpg","datePublished":"2021-03-15T16:25:17+00:00","dateModified":"2021-04-21T13:26:18+00:00","breadcrumb":{"@id":"http:\/\/dafinoo.eu\/mirmar\/obchod\/gpl-5-c-professional-professional\/#breadcrumb"},"inLanguage":"sk-SK","potentialAction":[{"@type":"ReadAction","target":["http:\/\/dafinoo.eu\/mirmar\/obchod\/gpl-5-c-professional-professional\/"]}]},{"@type":"ImageObject","inLanguage":"sk-SK","@id":"http:\/\/dafinoo.eu\/mirmar\/obchod\/gpl-5-c-professional-professional\/#primaryimage","url":"http:\/\/dafinoo.eu\/mirmar\/wp-content\/uploads\/2021\/03\/gpl_5_c_professional_professional_1.jpg","contentUrl":"http:\/\/dafinoo.eu\/mirmar\/wp-content\/uploads\/2021\/03\/gpl_5_c_professional_professional_1.jpg","width":259,"height":194},{"@type":"BreadcrumbList","@id":"http:\/\/dafinoo.eu\/mirmar\/obchod\/gpl-5-c-professional-professional\/#breadcrumb","itemListElement":[{"@type":"ListItem","position":1,"name":"Domovsk\u00e1 str\u00e1nka","item":"http:\/\/dafinoo.eu\/mirmar\/"},{"@type":"ListItem","position":2,"name":"Obchod","item":"http:\/\/dafinoo.eu\/mirmar\/obchod\/"},{"@type":"ListItem","position":3,"name":"Bosch GPL 5 C Professional Professional"}]},{"@type":"WebSite","@id":"http:\/\/dafinoo.eu\/mirmar\/#website","url":"http:\/\/dafinoo.eu\/mirmar\/","name":"MIR-MAR","description":"Eshop s n\u00e1rad\u00edm","publisher":{"@id":"http:\/\/dafinoo.eu\/mirmar\/#organization"},"potentialAction":[{"@type":"SearchAction","target":{"@type":"EntryPoint","urlTemplate":"http:\/\/dafinoo.eu\/mirmar\/?s={search_term_string}"},"query-input":{"@type":"PropertyValueSpecification","valueRequired":true,"valueName":"search_term_string"}}],"inLanguage":"sk-SK"},{"@type":"Organization","@id":"http:\/\/dafinoo.eu\/mirmar\/#organization","name":"MIR-MAR","url":"http:\/\/dafinoo.eu\/mirmar\/","logo":{"@type":"ImageObject","inLanguage":"sk-SK","@id":"http:\/\/dafinoo.eu\/mirmar\/#\/schema\/logo\/image\/","url":"http:\/\/dafinoo.eu\/mirmar\/wp-content\/uploads\/2021\/03\/mirmar_logo.png","contentUrl":"http:\/\/dafinoo.eu\/mirmar\/wp-content\/uploads\/2021\/03\/mirmar_logo.png","width":256,"height":60,"caption":"MIR-MAR"},"image":{"@id":"http:\/\/dafinoo.eu\/mirmar\/#\/schema\/logo\/image\/"},"sameAs":["https:\/\/facebook.com\/mirmareshop"]}]}},"_links":{"self":[{"href":"http:\/\/dafinoo.eu\/mirmar\/wp-json\/wp\/v2\/product\/36918","targetHints":{"allow":["GET"]}}],"collection":[{"href":"http:\/\/dafinoo.eu\/mirmar\/wp-json\/wp\/v2\/product"}],"about":[{"href":"http:\/\/dafinoo.eu\/mirmar\/wp-json\/wp\/v2\/types\/product"}],"replies":[{"embeddable":true,"href":"http:\/\/dafinoo.eu\/mirmar\/wp-json\/wp\/v2\/comments?post=36918"}],"wp:featuredmedia":[{"embeddable":true,"href":"http:\/\/dafinoo.eu\/mirmar\/wp-json\/wp\/v2\/media\/36919"}],"wp:attachment":[{"href":"http:\/\/dafinoo.eu\/mirmar\/wp-json\/wp\/v2\/media?parent=36918"}],"wp:term":[{"taxonomy":"product_cat","embeddable":true,"href":"http:\/\/dafinoo.eu\/mirmar\/wp-json\/wp\/v2\/product_cat?post=36918"},{"taxonomy":"product_tag","embeddable":true,"href":"http:\/\/dafinoo.eu\/mirmar\/wp-json\/wp\/v2\/product_tag?post=36918"}],"curies":[{"name":"wp","href":"https:\/\/api.w.org\/{rel}","templated":true}]}}