{"id":36938,"date":"2021-03-15T17:25:26","date_gmt":"2021-03-15T16:25:26","guid":{"rendered":"http:\/\/dafinoo.eu\/mirmar\/product\/wallscanner-d-tect-150-professional\/"},"modified":"2021-04-21T15:26:13","modified_gmt":"2021-04-21T13:26:13","slug":"wallscanner-d-tect-150-professional","status":"publish","type":"product","link":"http:\/\/dafinoo.eu\/mirmar\/obchod\/wallscanner-d-tect-150-professional\/","title":{"rendered":"Bosch Wallscanner D-tect 150 Professional"},"content":{"rendered":"<p>Prednosti: Wallscanner D-tect 150 Professional<br \/>\nBud\u00facnos\u0165 detegovacej techniky \u2013 presnos\u0165 na tej najvy\u0161\u0161ej \u00farovni<\/p>\n<p>    * Ultra-\u0161irokop\u00e1smov\u00e1 radarov\u00e1 senzorika na milimetrovo presn\u00e9 detegovanie \u017eelezn\u00fdch\/ne\u017eelezn\u00fdch kovov, veden\u00ed pod nap\u00e4t\u00edm, dreven\u00fdch tr\u00e1mov a plastov\u00fdch r\u00far, ako s\u00fa r\u00fary podlahov\u00e9ho k\u00farenia a k\u00farenia v stene<br \/>\n    * Presn\u00e9 detegovanie armovacieho \u017eeleza v bet\u00f3ne, a\u017e do h\u013abky 15 cm<br \/>\n    * Digit\u00e1lne zobrazovanie vlastnost\u00ed materi\u00e1lu a maxim\u00e1lnej pr\u00edpustnej h\u013abky v\u0155tania<\/p>\n","protected":false},"excerpt":{"rendered":"<p>Technick\u00e9 parametre: Wallscanner D-tect 150 Professional<br \/>\nDetekovate\u013en\u00e9 materi\u00e1ly \tPlastov\u00e9 r\u00fary, \u017eelezn\u00e9 kovy, ne\u017eelezn\u00e9 kovy, spodn\u00e9 dreven\u00e9 kon\u0161trukcie, vedenia pod nap\u00e4t\u00edm<br \/>\nMax. h\u013abka detegovania \t150 mm<br \/>\nH\u013abka detekcie, oce\u013e, max. \t150 mm<br \/>\nPresnos\u0165 \t\u00b1 5 mm<br \/>\nAutomatick\u00e9 vypnutie po cca \t5 min<br \/>\nNap\u00e1janie \t4 bat\u00e9rie LR6, 1,5 V (AA)<br \/>\nHmotnos\u0165 cca \t0,7 kg<br \/>\nD\u013a\u017eka \t220 mm<br \/>\n\u0160\u00edrka \t97 mm<br \/>\nV\u00fd\u0161ka \t120 mm<br \/>\nOchrana proti prachu a vode \tIP 54<\/p>\n","protected":false},"featured_media":36939,"comment_status":"closed","ping_status":"open","template":"","meta":{"_lmt_disableupdate":"","_lmt_disable":""},"product_cat":[3243,3236,3106],"product_tag":[],"class_list":{"0":"post-36938","1":"product","2":"type-product","3":"status-publish","4":"has-post-thumbnail","6":"product_cat-detektory-a-hladace","7":"product_cat-meracia-technika","8":"product_cat-bosch","9":"ts_product_brand-bosh","11":"first","12":"instock","13":"taxable","14":"shipping-taxable","15":"purchasable","16":"product-type-simple"},"yoast_head":"<!-- This site is optimized with the Yoast SEO plugin v27.3 - https:\/\/yoast.com\/product\/yoast-seo-wordpress\/ -->\n<title>Bosch Wallscanner D-tect 150 Professional - MIR-MAR<\/title>\n<meta name=\"robots\" content=\"index, follow, max-snippet:-1, max-image-preview:large, max-video-preview:-1\" \/>\n<link rel=\"canonical\" href=\"http:\/\/dafinoo.eu\/mirmar\/obchod\/wallscanner-d-tect-150-professional\/\" \/>\n<meta property=\"og:locale\" content=\"sk_SK\" \/>\n<meta property=\"og:type\" content=\"article\" \/>\n<meta property=\"og:title\" content=\"Bosch Wallscanner D-tect 150 Professional - MIR-MAR\" \/>\n<meta property=\"og:description\" content=\"Technick\u00e9 parametre: Wallscanner D-tect 150 Professional Detekovate\u013en\u00e9 materi\u00e1ly Plastov\u00e9 r\u00fary, \u017eelezn\u00e9 kovy, ne\u017eelezn\u00e9 kovy, spodn\u00e9 dreven\u00e9 kon\u0161trukcie, vedenia pod nap\u00e4t\u00edm Max. h\u013abka detegovania 150 mm H\u013abka detekcie, oce\u013e, max. 150 mm Presnos\u0165 \u00b1 5 mm Automatick\u00e9 vypnutie po cca 5 min Nap\u00e1janie 4 bat\u00e9rie LR6, 1,5 V (AA) Hmotnos\u0165 cca 0,7 kg D\u013a\u017eka 220 mm \u0160\u00edrka 97 mm V\u00fd\u0161ka 120 mm Ochrana proti prachu a vode IP 54\" \/>\n<meta property=\"og:url\" content=\"http:\/\/dafinoo.eu\/mirmar\/obchod\/wallscanner-d-tect-150-professional\/\" \/>\n<meta property=\"og:site_name\" content=\"MIR-MAR\" \/>\n<meta property=\"article:publisher\" content=\"https:\/\/facebook.com\/mirmareshop\" \/>\n<meta property=\"article:modified_time\" content=\"2021-04-21T13:26:13+00:00\" \/>\n<meta property=\"og:image\" content=\"https:\/\/i1.wp.com\/www.mirmar.sk\/wp-content\/uploads\/2021\/03\/wallscanner_d-tect_150_professional_1.jpg?fit=259%2C194&ssl=1\" \/>\n\t<meta property=\"og:image:width\" content=\"259\" \/>\n\t<meta property=\"og:image:height\" content=\"194\" \/>\n\t<meta property=\"og:image:type\" content=\"image\/jpeg\" \/>\n<script type=\"application\/ld+json\" class=\"yoast-schema-graph\">{\"@context\":\"https:\\\/\\\/schema.org\",\"@graph\":[{\"@type\":\"WebPage\",\"@id\":\"http:\\\/\\\/dafinoo.eu\\\/mirmar\\\/obchod\\\/wallscanner-d-tect-150-professional\\\/\",\"url\":\"http:\\\/\\\/dafinoo.eu\\\/mirmar\\\/obchod\\\/wallscanner-d-tect-150-professional\\\/\",\"name\":\"Bosch Wallscanner D-tect 150 Professional - MIR-MAR\",\"isPartOf\":{\"@id\":\"http:\\\/\\\/dafinoo.eu\\\/mirmar\\\/#website\"},\"primaryImageOfPage\":{\"@id\":\"http:\\\/\\\/dafinoo.eu\\\/mirmar\\\/obchod\\\/wallscanner-d-tect-150-professional\\\/#primaryimage\"},\"image\":{\"@id\":\"http:\\\/\\\/dafinoo.eu\\\/mirmar\\\/obchod\\\/wallscanner-d-tect-150-professional\\\/#primaryimage\"},\"thumbnailUrl\":\"http:\\\/\\\/dafinoo.eu\\\/mirmar\\\/wp-content\\\/uploads\\\/2021\\\/03\\\/wallscanner_d-tect_150_professional_1.jpg\",\"datePublished\":\"2021-03-15T16:25:26+00:00\",\"dateModified\":\"2021-04-21T13:26:13+00:00\",\"breadcrumb\":{\"@id\":\"http:\\\/\\\/dafinoo.eu\\\/mirmar\\\/obchod\\\/wallscanner-d-tect-150-professional\\\/#breadcrumb\"},\"inLanguage\":\"sk-SK\",\"potentialAction\":[{\"@type\":\"ReadAction\",\"target\":[\"http:\\\/\\\/dafinoo.eu\\\/mirmar\\\/obchod\\\/wallscanner-d-tect-150-professional\\\/\"]}]},{\"@type\":\"ImageObject\",\"inLanguage\":\"sk-SK\",\"@id\":\"http:\\\/\\\/dafinoo.eu\\\/mirmar\\\/obchod\\\/wallscanner-d-tect-150-professional\\\/#primaryimage\",\"url\":\"http:\\\/\\\/dafinoo.eu\\\/mirmar\\\/wp-content\\\/uploads\\\/2021\\\/03\\\/wallscanner_d-tect_150_professional_1.jpg\",\"contentUrl\":\"http:\\\/\\\/dafinoo.eu\\\/mirmar\\\/wp-content\\\/uploads\\\/2021\\\/03\\\/wallscanner_d-tect_150_professional_1.jpg\",\"width\":259,\"height\":194},{\"@type\":\"BreadcrumbList\",\"@id\":\"http:\\\/\\\/dafinoo.eu\\\/mirmar\\\/obchod\\\/wallscanner-d-tect-150-professional\\\/#breadcrumb\",\"itemListElement\":[{\"@type\":\"ListItem\",\"position\":1,\"name\":\"Domovsk\u00e1 str\u00e1nka\",\"item\":\"http:\\\/\\\/dafinoo.eu\\\/mirmar\\\/\"},{\"@type\":\"ListItem\",\"position\":2,\"name\":\"Obchod\",\"item\":\"http:\\\/\\\/dafinoo.eu\\\/mirmar\\\/obchod\\\/\"},{\"@type\":\"ListItem\",\"position\":3,\"name\":\"Bosch Wallscanner D-tect 150 Professional\"}]},{\"@type\":\"WebSite\",\"@id\":\"http:\\\/\\\/dafinoo.eu\\\/mirmar\\\/#website\",\"url\":\"http:\\\/\\\/dafinoo.eu\\\/mirmar\\\/\",\"name\":\"MIR-MAR\",\"description\":\"Eshop s n\u00e1rad\u00edm\",\"publisher\":{\"@id\":\"http:\\\/\\\/dafinoo.eu\\\/mirmar\\\/#organization\"},\"potentialAction\":[{\"@type\":\"SearchAction\",\"target\":{\"@type\":\"EntryPoint\",\"urlTemplate\":\"http:\\\/\\\/dafinoo.eu\\\/mirmar\\\/?s={search_term_string}\"},\"query-input\":{\"@type\":\"PropertyValueSpecification\",\"valueRequired\":true,\"valueName\":\"search_term_string\"}}],\"inLanguage\":\"sk-SK\"},{\"@type\":\"Organization\",\"@id\":\"http:\\\/\\\/dafinoo.eu\\\/mirmar\\\/#organization\",\"name\":\"MIR-MAR\",\"url\":\"http:\\\/\\\/dafinoo.eu\\\/mirmar\\\/\",\"logo\":{\"@type\":\"ImageObject\",\"inLanguage\":\"sk-SK\",\"@id\":\"http:\\\/\\\/dafinoo.eu\\\/mirmar\\\/#\\\/schema\\\/logo\\\/image\\\/\",\"url\":\"http:\\\/\\\/dafinoo.eu\\\/mirmar\\\/wp-content\\\/uploads\\\/2021\\\/03\\\/mirmar_logo.png\",\"contentUrl\":\"http:\\\/\\\/dafinoo.eu\\\/mirmar\\\/wp-content\\\/uploads\\\/2021\\\/03\\\/mirmar_logo.png\",\"width\":256,\"height\":60,\"caption\":\"MIR-MAR\"},\"image\":{\"@id\":\"http:\\\/\\\/dafinoo.eu\\\/mirmar\\\/#\\\/schema\\\/logo\\\/image\\\/\"},\"sameAs\":[\"https:\\\/\\\/facebook.com\\\/mirmareshop\"]}]}<\/script>\n<!-- \/ Yoast SEO plugin. -->","yoast_head_json":{"title":"Bosch Wallscanner D-tect 150 Professional - MIR-MAR","robots":{"index":"index","follow":"follow","max-snippet":"max-snippet:-1","max-image-preview":"max-image-preview:large","max-video-preview":"max-video-preview:-1"},"canonical":"http:\/\/dafinoo.eu\/mirmar\/obchod\/wallscanner-d-tect-150-professional\/","og_locale":"sk_SK","og_type":"article","og_title":"Bosch Wallscanner D-tect 150 Professional - MIR-MAR","og_description":"Technick\u00e9 parametre: Wallscanner D-tect 150 Professional Detekovate\u013en\u00e9 materi\u00e1ly Plastov\u00e9 r\u00fary, \u017eelezn\u00e9 kovy, ne\u017eelezn\u00e9 kovy, spodn\u00e9 dreven\u00e9 kon\u0161trukcie, vedenia pod nap\u00e4t\u00edm Max. h\u013abka detegovania 150 mm H\u013abka detekcie, oce\u013e, max. 150 mm Presnos\u0165 \u00b1 5 mm Automatick\u00e9 vypnutie po cca 5 min Nap\u00e1janie 4 bat\u00e9rie LR6, 1,5 V (AA) Hmotnos\u0165 cca 0,7 kg D\u013a\u017eka 220 mm \u0160\u00edrka 97 mm V\u00fd\u0161ka 120 mm Ochrana proti prachu a vode IP 54","og_url":"http:\/\/dafinoo.eu\/mirmar\/obchod\/wallscanner-d-tect-150-professional\/","og_site_name":"MIR-MAR","article_publisher":"https:\/\/facebook.com\/mirmareshop","article_modified_time":"2021-04-21T13:26:13+00:00","og_image":[{"width":259,"height":194,"url":"https:\/\/i1.wp.com\/www.mirmar.sk\/wp-content\/uploads\/2021\/03\/wallscanner_d-tect_150_professional_1.jpg?fit=259%2C194&ssl=1","type":"image\/jpeg"}],"schema":{"@context":"https:\/\/schema.org","@graph":[{"@type":"WebPage","@id":"http:\/\/dafinoo.eu\/mirmar\/obchod\/wallscanner-d-tect-150-professional\/","url":"http:\/\/dafinoo.eu\/mirmar\/obchod\/wallscanner-d-tect-150-professional\/","name":"Bosch Wallscanner D-tect 150 Professional - MIR-MAR","isPartOf":{"@id":"http:\/\/dafinoo.eu\/mirmar\/#website"},"primaryImageOfPage":{"@id":"http:\/\/dafinoo.eu\/mirmar\/obchod\/wallscanner-d-tect-150-professional\/#primaryimage"},"image":{"@id":"http:\/\/dafinoo.eu\/mirmar\/obchod\/wallscanner-d-tect-150-professional\/#primaryimage"},"thumbnailUrl":"http:\/\/dafinoo.eu\/mirmar\/wp-content\/uploads\/2021\/03\/wallscanner_d-tect_150_professional_1.jpg","datePublished":"2021-03-15T16:25:26+00:00","dateModified":"2021-04-21T13:26:13+00:00","breadcrumb":{"@id":"http:\/\/dafinoo.eu\/mirmar\/obchod\/wallscanner-d-tect-150-professional\/#breadcrumb"},"inLanguage":"sk-SK","potentialAction":[{"@type":"ReadAction","target":["http:\/\/dafinoo.eu\/mirmar\/obchod\/wallscanner-d-tect-150-professional\/"]}]},{"@type":"ImageObject","inLanguage":"sk-SK","@id":"http:\/\/dafinoo.eu\/mirmar\/obchod\/wallscanner-d-tect-150-professional\/#primaryimage","url":"http:\/\/dafinoo.eu\/mirmar\/wp-content\/uploads\/2021\/03\/wallscanner_d-tect_150_professional_1.jpg","contentUrl":"http:\/\/dafinoo.eu\/mirmar\/wp-content\/uploads\/2021\/03\/wallscanner_d-tect_150_professional_1.jpg","width":259,"height":194},{"@type":"BreadcrumbList","@id":"http:\/\/dafinoo.eu\/mirmar\/obchod\/wallscanner-d-tect-150-professional\/#breadcrumb","itemListElement":[{"@type":"ListItem","position":1,"name":"Domovsk\u00e1 str\u00e1nka","item":"http:\/\/dafinoo.eu\/mirmar\/"},{"@type":"ListItem","position":2,"name":"Obchod","item":"http:\/\/dafinoo.eu\/mirmar\/obchod\/"},{"@type":"ListItem","position":3,"name":"Bosch Wallscanner D-tect 150 Professional"}]},{"@type":"WebSite","@id":"http:\/\/dafinoo.eu\/mirmar\/#website","url":"http:\/\/dafinoo.eu\/mirmar\/","name":"MIR-MAR","description":"Eshop s n\u00e1rad\u00edm","publisher":{"@id":"http:\/\/dafinoo.eu\/mirmar\/#organization"},"potentialAction":[{"@type":"SearchAction","target":{"@type":"EntryPoint","urlTemplate":"http:\/\/dafinoo.eu\/mirmar\/?s={search_term_string}"},"query-input":{"@type":"PropertyValueSpecification","valueRequired":true,"valueName":"search_term_string"}}],"inLanguage":"sk-SK"},{"@type":"Organization","@id":"http:\/\/dafinoo.eu\/mirmar\/#organization","name":"MIR-MAR","url":"http:\/\/dafinoo.eu\/mirmar\/","logo":{"@type":"ImageObject","inLanguage":"sk-SK","@id":"http:\/\/dafinoo.eu\/mirmar\/#\/schema\/logo\/image\/","url":"http:\/\/dafinoo.eu\/mirmar\/wp-content\/uploads\/2021\/03\/mirmar_logo.png","contentUrl":"http:\/\/dafinoo.eu\/mirmar\/wp-content\/uploads\/2021\/03\/mirmar_logo.png","width":256,"height":60,"caption":"MIR-MAR"},"image":{"@id":"http:\/\/dafinoo.eu\/mirmar\/#\/schema\/logo\/image\/"},"sameAs":["https:\/\/facebook.com\/mirmareshop"]}]}},"_links":{"self":[{"href":"http:\/\/dafinoo.eu\/mirmar\/wp-json\/wp\/v2\/product\/36938","targetHints":{"allow":["GET"]}}],"collection":[{"href":"http:\/\/dafinoo.eu\/mirmar\/wp-json\/wp\/v2\/product"}],"about":[{"href":"http:\/\/dafinoo.eu\/mirmar\/wp-json\/wp\/v2\/types\/product"}],"replies":[{"embeddable":true,"href":"http:\/\/dafinoo.eu\/mirmar\/wp-json\/wp\/v2\/comments?post=36938"}],"wp:featuredmedia":[{"embeddable":true,"href":"http:\/\/dafinoo.eu\/mirmar\/wp-json\/wp\/v2\/media\/36939"}],"wp:attachment":[{"href":"http:\/\/dafinoo.eu\/mirmar\/wp-json\/wp\/v2\/media?parent=36938"}],"wp:term":[{"taxonomy":"product_cat","embeddable":true,"href":"http:\/\/dafinoo.eu\/mirmar\/wp-json\/wp\/v2\/product_cat?post=36938"},{"taxonomy":"product_tag","embeddable":true,"href":"http:\/\/dafinoo.eu\/mirmar\/wp-json\/wp\/v2\/product_tag?post=36938"}],"curies":[{"name":"wp","href":"https:\/\/api.w.org\/{rel}","templated":true}]}}