{"id":36952,"date":"2021-03-15T17:25:26","date_gmt":"2021-03-15T16:25:26","guid":{"rendered":"http:\/\/dafinoo.eu\/mirmar\/product\/bosch-gam-220-mf-professional\/"},"modified":"2021-04-19T19:43:18","modified_gmt":"2021-04-19T17:43:18","slug":"bosch-gam-220-mf-professional","status":"publish","type":"product","link":"http:\/\/dafinoo.eu\/mirmar\/obchod\/bosch-gam-220-mf-professional\/","title":{"rendered":"Bosch GAM 220 MF Professional"},"content":{"rendered":"<p>Prednosti: GAM 220 MF Professional<br \/>\nPresn\u00e9 \u0161ikm\u00e9 uhly stla\u010den\u00edm tla\u010didla<\/p>\n<p>    * Automatick\u00fd v\u00fdpo\u010det jednoduch\u00fdch a dvojit\u00fdch uhlov skr\u00e1tenia a \u0161ikm\u00fdch uhlov bez \u010fal\u0161\u00edch pom\u00f4cok<br \/>\n    * R\u00fdchly v\u00fdpo\u010det a prenos uhlov v\u010faka funkcii ulo\u017eenia do pam\u00e4te pre \u010dasto pou\u017e\u00edvan\u00e9 rozmery uhlov<br \/>\n    * Vr\u00e1tane pred\u013a\u017eenia ramena pre meranie na zle pr\u00edstupn\u00fdch miestach<br \/>\n    * Jednoduch\u00e1 obsluha: akustick\u00e9 signaliz\u00e1tory, funkcie pam\u00e4te a vypo\u010d\u00edtavania ako aj displeje \u010ditate\u013en\u00e9 aj nad hlavou v\u00e1m u\u013eah\u010duj\u00fa pr\u00e1cu<\/p>\n","protected":false},"excerpt":{"rendered":"<p>Technick\u00e9 parametre: GAM 220 MF Professional<br \/>\nRozsah merania \t0\u00b0-220\u00b0<br \/>\nPresnos\u0165 merania, uhol \t\u00b1 0,1\u00b0<br \/>\nPresnos\u0165 merania, libely \t\u00b1 0,05\u00b0<br \/>\nPresnos\u0165 vypo\u010d\u00edtavania uhlov \t\u00b1 0,1\u00b0<br \/>\nNap\u00e1janie \t4 bat\u00e9rie LR6, 1,5 V (AA)<br \/>\nAutomatick\u00e9 vypnutie po cca \t3 min<br \/>\nD\u013a\u017eka ramien \t40 cm<br \/>\nHmotnos\u0165, cca \t1,1 kg<br \/>\nD\u013a\u017eka \t432 mm<br \/>\n\u0160\u00edrka \t35 mm<br \/>\nV\u00fd\u0161ka \t61 mm<br \/>\nFunkcie<\/p>\n<p>    * Funkcia vypo\u010d\u00edtavania<br \/>\n    * Pam\u00e4\u0165ov\u00e1 funkcia<\/p>\n","protected":false},"featured_media":36953,"comment_status":"closed","ping_status":"open","template":"","meta":{"_lmt_disableupdate":"","_lmt_disable":""},"product_cat":[3245,3236,3106],"product_tag":[],"class_list":{"0":"post-36952","1":"product","2":"type-product","3":"status-publish","4":"has-post-thumbnail","6":"product_cat-uhlomery-a-vodovahy","7":"product_cat-meracia-technika","8":"product_cat-bosch","9":"ts_product_brand-bosh","11":"first","12":"instock","13":"taxable","14":"shipping-taxable","15":"purchasable","16":"product-type-simple"},"yoast_head":"<!-- This site is optimized with the Yoast SEO plugin v27.3 - https:\/\/yoast.com\/product\/yoast-seo-wordpress\/ -->\n<title>Bosch GAM 220 MF Professional - MIR-MAR<\/title>\n<meta name=\"robots\" content=\"index, follow, max-snippet:-1, max-image-preview:large, max-video-preview:-1\" \/>\n<link rel=\"canonical\" href=\"http:\/\/dafinoo.eu\/mirmar\/obchod\/bosch-gam-220-mf-professional\/\" \/>\n<meta property=\"og:locale\" content=\"sk_SK\" \/>\n<meta property=\"og:type\" content=\"article\" \/>\n<meta property=\"og:title\" content=\"Bosch GAM 220 MF Professional - MIR-MAR\" \/>\n<meta property=\"og:description\" content=\"Technick\u00e9 parametre: GAM 220 MF Professional Rozsah merania 0\u00b0-220\u00b0 Presnos\u0165 merania, uhol \u00b1 0,1\u00b0 Presnos\u0165 merania, libely \u00b1 0,05\u00b0 Presnos\u0165 vypo\u010d\u00edtavania uhlov \u00b1 0,1\u00b0 Nap\u00e1janie 4 bat\u00e9rie LR6, 1,5 V (AA) Automatick\u00e9 vypnutie po cca 3 min D\u013a\u017eka ramien 40 cm Hmotnos\u0165, cca 1,1 kg D\u013a\u017eka 432 mm \u0160\u00edrka 35 mm V\u00fd\u0161ka 61 mm Funkcie   * Funkcia vypo\u010d\u00edtavania   * Pam\u00e4\u0165ov\u00e1 funkcia\" \/>\n<meta property=\"og:url\" content=\"http:\/\/dafinoo.eu\/mirmar\/obchod\/bosch-gam-220-mf-professional\/\" \/>\n<meta property=\"og:site_name\" content=\"MIR-MAR\" \/>\n<meta property=\"article:publisher\" content=\"https:\/\/facebook.com\/mirmareshop\" \/>\n<meta property=\"article:modified_time\" content=\"2021-04-19T17:43:18+00:00\" \/>\n<meta property=\"og:image\" content=\"https:\/\/i0.wp.com\/www.mirmar.sk\/wp-content\/uploads\/2021\/03\/gam_220_mf_professional_1.jpg?fit=165%2C158&ssl=1\" \/>\n\t<meta property=\"og:image:width\" content=\"165\" \/>\n\t<meta property=\"og:image:height\" content=\"158\" \/>\n\t<meta property=\"og:image:type\" content=\"image\/jpeg\" \/>\n<script type=\"application\/ld+json\" class=\"yoast-schema-graph\">{\"@context\":\"https:\\\/\\\/schema.org\",\"@graph\":[{\"@type\":\"WebPage\",\"@id\":\"http:\\\/\\\/dafinoo.eu\\\/mirmar\\\/obchod\\\/bosch-gam-220-mf-professional\\\/\",\"url\":\"http:\\\/\\\/dafinoo.eu\\\/mirmar\\\/obchod\\\/bosch-gam-220-mf-professional\\\/\",\"name\":\"Bosch GAM 220 MF Professional - MIR-MAR\",\"isPartOf\":{\"@id\":\"http:\\\/\\\/dafinoo.eu\\\/mirmar\\\/#website\"},\"primaryImageOfPage\":{\"@id\":\"http:\\\/\\\/dafinoo.eu\\\/mirmar\\\/obchod\\\/bosch-gam-220-mf-professional\\\/#primaryimage\"},\"image\":{\"@id\":\"http:\\\/\\\/dafinoo.eu\\\/mirmar\\\/obchod\\\/bosch-gam-220-mf-professional\\\/#primaryimage\"},\"thumbnailUrl\":\"http:\\\/\\\/dafinoo.eu\\\/mirmar\\\/wp-content\\\/uploads\\\/2021\\\/03\\\/gam_220_mf_professional_1.jpg\",\"datePublished\":\"2021-03-15T16:25:26+00:00\",\"dateModified\":\"2021-04-19T17:43:18+00:00\",\"breadcrumb\":{\"@id\":\"http:\\\/\\\/dafinoo.eu\\\/mirmar\\\/obchod\\\/bosch-gam-220-mf-professional\\\/#breadcrumb\"},\"inLanguage\":\"sk-SK\",\"potentialAction\":[{\"@type\":\"ReadAction\",\"target\":[\"http:\\\/\\\/dafinoo.eu\\\/mirmar\\\/obchod\\\/bosch-gam-220-mf-professional\\\/\"]}]},{\"@type\":\"ImageObject\",\"inLanguage\":\"sk-SK\",\"@id\":\"http:\\\/\\\/dafinoo.eu\\\/mirmar\\\/obchod\\\/bosch-gam-220-mf-professional\\\/#primaryimage\",\"url\":\"http:\\\/\\\/dafinoo.eu\\\/mirmar\\\/wp-content\\\/uploads\\\/2021\\\/03\\\/gam_220_mf_professional_1.jpg\",\"contentUrl\":\"http:\\\/\\\/dafinoo.eu\\\/mirmar\\\/wp-content\\\/uploads\\\/2021\\\/03\\\/gam_220_mf_professional_1.jpg\",\"width\":165,\"height\":158},{\"@type\":\"BreadcrumbList\",\"@id\":\"http:\\\/\\\/dafinoo.eu\\\/mirmar\\\/obchod\\\/bosch-gam-220-mf-professional\\\/#breadcrumb\",\"itemListElement\":[{\"@type\":\"ListItem\",\"position\":1,\"name\":\"Domovsk\u00e1 str\u00e1nka\",\"item\":\"http:\\\/\\\/dafinoo.eu\\\/mirmar\\\/\"},{\"@type\":\"ListItem\",\"position\":2,\"name\":\"Obchod\",\"item\":\"http:\\\/\\\/dafinoo.eu\\\/mirmar\\\/obchod\\\/\"},{\"@type\":\"ListItem\",\"position\":3,\"name\":\"Bosch GAM 220 MF Professional\"}]},{\"@type\":\"WebSite\",\"@id\":\"http:\\\/\\\/dafinoo.eu\\\/mirmar\\\/#website\",\"url\":\"http:\\\/\\\/dafinoo.eu\\\/mirmar\\\/\",\"name\":\"MIR-MAR\",\"description\":\"Eshop s n\u00e1rad\u00edm\",\"publisher\":{\"@id\":\"http:\\\/\\\/dafinoo.eu\\\/mirmar\\\/#organization\"},\"potentialAction\":[{\"@type\":\"SearchAction\",\"target\":{\"@type\":\"EntryPoint\",\"urlTemplate\":\"http:\\\/\\\/dafinoo.eu\\\/mirmar\\\/?s={search_term_string}\"},\"query-input\":{\"@type\":\"PropertyValueSpecification\",\"valueRequired\":true,\"valueName\":\"search_term_string\"}}],\"inLanguage\":\"sk-SK\"},{\"@type\":\"Organization\",\"@id\":\"http:\\\/\\\/dafinoo.eu\\\/mirmar\\\/#organization\",\"name\":\"MIR-MAR\",\"url\":\"http:\\\/\\\/dafinoo.eu\\\/mirmar\\\/\",\"logo\":{\"@type\":\"ImageObject\",\"inLanguage\":\"sk-SK\",\"@id\":\"http:\\\/\\\/dafinoo.eu\\\/mirmar\\\/#\\\/schema\\\/logo\\\/image\\\/\",\"url\":\"http:\\\/\\\/dafinoo.eu\\\/mirmar\\\/wp-content\\\/uploads\\\/2021\\\/03\\\/mirmar_logo.png\",\"contentUrl\":\"http:\\\/\\\/dafinoo.eu\\\/mirmar\\\/wp-content\\\/uploads\\\/2021\\\/03\\\/mirmar_logo.png\",\"width\":256,\"height\":60,\"caption\":\"MIR-MAR\"},\"image\":{\"@id\":\"http:\\\/\\\/dafinoo.eu\\\/mirmar\\\/#\\\/schema\\\/logo\\\/image\\\/\"},\"sameAs\":[\"https:\\\/\\\/facebook.com\\\/mirmareshop\"]}]}<\/script>\n<!-- \/ Yoast SEO plugin. -->","yoast_head_json":{"title":"Bosch GAM 220 MF Professional - MIR-MAR","robots":{"index":"index","follow":"follow","max-snippet":"max-snippet:-1","max-image-preview":"max-image-preview:large","max-video-preview":"max-video-preview:-1"},"canonical":"http:\/\/dafinoo.eu\/mirmar\/obchod\/bosch-gam-220-mf-professional\/","og_locale":"sk_SK","og_type":"article","og_title":"Bosch GAM 220 MF Professional - MIR-MAR","og_description":"Technick\u00e9 parametre: GAM 220 MF Professional Rozsah merania 0\u00b0-220\u00b0 Presnos\u0165 merania, uhol \u00b1 0,1\u00b0 Presnos\u0165 merania, libely \u00b1 0,05\u00b0 Presnos\u0165 vypo\u010d\u00edtavania uhlov \u00b1 0,1\u00b0 Nap\u00e1janie 4 bat\u00e9rie LR6, 1,5 V (AA) Automatick\u00e9 vypnutie po cca 3 min D\u013a\u017eka ramien 40 cm Hmotnos\u0165, cca 1,1 kg D\u013a\u017eka 432 mm \u0160\u00edrka 35 mm V\u00fd\u0161ka 61 mm Funkcie   * Funkcia vypo\u010d\u00edtavania   * Pam\u00e4\u0165ov\u00e1 funkcia","og_url":"http:\/\/dafinoo.eu\/mirmar\/obchod\/bosch-gam-220-mf-professional\/","og_site_name":"MIR-MAR","article_publisher":"https:\/\/facebook.com\/mirmareshop","article_modified_time":"2021-04-19T17:43:18+00:00","og_image":[{"width":165,"height":158,"url":"https:\/\/i0.wp.com\/www.mirmar.sk\/wp-content\/uploads\/2021\/03\/gam_220_mf_professional_1.jpg?fit=165%2C158&ssl=1","type":"image\/jpeg"}],"schema":{"@context":"https:\/\/schema.org","@graph":[{"@type":"WebPage","@id":"http:\/\/dafinoo.eu\/mirmar\/obchod\/bosch-gam-220-mf-professional\/","url":"http:\/\/dafinoo.eu\/mirmar\/obchod\/bosch-gam-220-mf-professional\/","name":"Bosch GAM 220 MF Professional - MIR-MAR","isPartOf":{"@id":"http:\/\/dafinoo.eu\/mirmar\/#website"},"primaryImageOfPage":{"@id":"http:\/\/dafinoo.eu\/mirmar\/obchod\/bosch-gam-220-mf-professional\/#primaryimage"},"image":{"@id":"http:\/\/dafinoo.eu\/mirmar\/obchod\/bosch-gam-220-mf-professional\/#primaryimage"},"thumbnailUrl":"http:\/\/dafinoo.eu\/mirmar\/wp-content\/uploads\/2021\/03\/gam_220_mf_professional_1.jpg","datePublished":"2021-03-15T16:25:26+00:00","dateModified":"2021-04-19T17:43:18+00:00","breadcrumb":{"@id":"http:\/\/dafinoo.eu\/mirmar\/obchod\/bosch-gam-220-mf-professional\/#breadcrumb"},"inLanguage":"sk-SK","potentialAction":[{"@type":"ReadAction","target":["http:\/\/dafinoo.eu\/mirmar\/obchod\/bosch-gam-220-mf-professional\/"]}]},{"@type":"ImageObject","inLanguage":"sk-SK","@id":"http:\/\/dafinoo.eu\/mirmar\/obchod\/bosch-gam-220-mf-professional\/#primaryimage","url":"http:\/\/dafinoo.eu\/mirmar\/wp-content\/uploads\/2021\/03\/gam_220_mf_professional_1.jpg","contentUrl":"http:\/\/dafinoo.eu\/mirmar\/wp-content\/uploads\/2021\/03\/gam_220_mf_professional_1.jpg","width":165,"height":158},{"@type":"BreadcrumbList","@id":"http:\/\/dafinoo.eu\/mirmar\/obchod\/bosch-gam-220-mf-professional\/#breadcrumb","itemListElement":[{"@type":"ListItem","position":1,"name":"Domovsk\u00e1 str\u00e1nka","item":"http:\/\/dafinoo.eu\/mirmar\/"},{"@type":"ListItem","position":2,"name":"Obchod","item":"http:\/\/dafinoo.eu\/mirmar\/obchod\/"},{"@type":"ListItem","position":3,"name":"Bosch GAM 220 MF Professional"}]},{"@type":"WebSite","@id":"http:\/\/dafinoo.eu\/mirmar\/#website","url":"http:\/\/dafinoo.eu\/mirmar\/","name":"MIR-MAR","description":"Eshop s n\u00e1rad\u00edm","publisher":{"@id":"http:\/\/dafinoo.eu\/mirmar\/#organization"},"potentialAction":[{"@type":"SearchAction","target":{"@type":"EntryPoint","urlTemplate":"http:\/\/dafinoo.eu\/mirmar\/?s={search_term_string}"},"query-input":{"@type":"PropertyValueSpecification","valueRequired":true,"valueName":"search_term_string"}}],"inLanguage":"sk-SK"},{"@type":"Organization","@id":"http:\/\/dafinoo.eu\/mirmar\/#organization","name":"MIR-MAR","url":"http:\/\/dafinoo.eu\/mirmar\/","logo":{"@type":"ImageObject","inLanguage":"sk-SK","@id":"http:\/\/dafinoo.eu\/mirmar\/#\/schema\/logo\/image\/","url":"http:\/\/dafinoo.eu\/mirmar\/wp-content\/uploads\/2021\/03\/mirmar_logo.png","contentUrl":"http:\/\/dafinoo.eu\/mirmar\/wp-content\/uploads\/2021\/03\/mirmar_logo.png","width":256,"height":60,"caption":"MIR-MAR"},"image":{"@id":"http:\/\/dafinoo.eu\/mirmar\/#\/schema\/logo\/image\/"},"sameAs":["https:\/\/facebook.com\/mirmareshop"]}]}},"_links":{"self":[{"href":"http:\/\/dafinoo.eu\/mirmar\/wp-json\/wp\/v2\/product\/36952","targetHints":{"allow":["GET"]}}],"collection":[{"href":"http:\/\/dafinoo.eu\/mirmar\/wp-json\/wp\/v2\/product"}],"about":[{"href":"http:\/\/dafinoo.eu\/mirmar\/wp-json\/wp\/v2\/types\/product"}],"replies":[{"embeddable":true,"href":"http:\/\/dafinoo.eu\/mirmar\/wp-json\/wp\/v2\/comments?post=36952"}],"wp:featuredmedia":[{"embeddable":true,"href":"http:\/\/dafinoo.eu\/mirmar\/wp-json\/wp\/v2\/media\/36953"}],"wp:attachment":[{"href":"http:\/\/dafinoo.eu\/mirmar\/wp-json\/wp\/v2\/media?parent=36952"}],"wp:term":[{"taxonomy":"product_cat","embeddable":true,"href":"http:\/\/dafinoo.eu\/mirmar\/wp-json\/wp\/v2\/product_cat?post=36952"},{"taxonomy":"product_tag","embeddable":true,"href":"http:\/\/dafinoo.eu\/mirmar\/wp-json\/wp\/v2\/product_tag?post=36952"}],"curies":[{"name":"wp","href":"https:\/\/api.w.org\/{rel}","templated":true}]}}