{"id":36980,"date":"2021-03-15T17:25:34","date_gmt":"2021-03-15T16:25:34","guid":{"rendered":"http:\/\/dafinoo.eu\/mirmar\/product\/gsk-64-professional\/"},"modified":"2021-04-21T15:25:45","modified_gmt":"2021-04-21T13:25:45","slug":"gsk-64-professional","status":"publish","type":"product","link":"http:\/\/dafinoo.eu\/mirmar\/obchod\/gsk-64-professional\/","title":{"rendered":"Bosch GSK 64 Professional"},"content":{"rendered":"<p>Prednosti: GSK 64 Professional<br \/>\nKompaktn\u00e9 n\u00e1radie na ka\u017ed\u00fa pracovn\u00fa polohu<\/p>\n<p>    * Ve\u013emi kompaktn\u00fd tvar n\u00e1radia umo\u017e\u0148uje pr\u00e1cu aj na \u0165a\u017eko pr\u00edstupn\u00fdch miestach<br \/>\n    * R\u00fdchle a jednoduch\u00e9 prisp\u00f4sobenie h\u013abky zat\u013akania v\u010faka bezn\u00e1strojov\u00e9mu nastavovaniu na n\u00e1rad\u00ed<br \/>\n    * \u017diadne sp\u00fa\u0161\u0165anie napr\u00e1zdno v\u010faka syst\u00e9mu na ochranu dreva Wood Protection System pre pr\u00e1cu chr\u00e1niacu obrobok<br \/>\n    * R\u00fdchly postup pri pr\u00e1ci v\u010faka bezn\u00e1strojov\u00e9mu odstra\u0148ovaniu vzprie\u010den\u00fdch klincov v odpa\u013eovacom kan\u00e1li<br \/>\n    * Ve\u013ek\u00e1 \u017eivotnos\u0165 opotrebov\u00e1van\u00fdch \u010dast\u00ed pre hospod\u00e1rnu pr\u00e1cu<br \/>\n    * Odoln\u00e1 kon\u0161trukcia so stabiln\u00fdm hor\u010d\u00edkov\u00fdm krytom pre ve\u013ek\u00fa spo\u013eahlivos\u0165 pri ka\u017edom pou\u017eit\u00ed<\/p>\n","protected":false},"excerpt":{"rendered":"<p>Technick\u00e9 parametre: GSK 64 Professional<br \/>\nUhol z\u00e1sobn\u00edka \t0 \u00b0<br \/>\n\u00d8 klinca \t1,6 mm<br \/>\nD\u013a\u017eka klinca \t25 \u2013 64 mm<br \/>\nTyp klinca \tKlinec so z\u00e1vernou hlavi\u010dkou<br \/>\nPracovn\u00fd tlak \t4 \u2013 8 bar<br \/>\nSyst\u00e9m sp\u00fa\u0161\u0165ania \tJednotliv\u00e9 sp\u00fa\u0161\u0165anie a kontaktn\u00e9 sp\u00fa\u0161\u0165anie<br \/>\nHmotnos\u0165 \t1,6 kg<br \/>\nD\u013a\u017eka \t309 mm<br \/>\n\u0160\u00edrka \t73 mm<br \/>\nV\u00fd\u0161ka \t273 mm<\/p>\n","protected":false},"featured_media":36981,"comment_status":"closed","ping_status":"open","template":"","meta":{"_lmt_disableupdate":"","_lmt_disable":""},"product_cat":[3252,3106],"product_tag":[],"class_list":{"0":"post-36980","1":"product","2":"type-product","3":"status-publish","4":"has-post-thumbnail","6":"product_cat-pneumaticky-zatlkac-klincov","7":"product_cat-bosch","8":"ts_product_brand-bosh","10":"first","11":"instock","12":"taxable","13":"shipping-taxable","14":"purchasable","15":"product-type-simple"},"yoast_head":"<!-- This site is optimized with the Yoast SEO plugin v27.3 - https:\/\/yoast.com\/product\/yoast-seo-wordpress\/ -->\n<title>Bosch GSK 64 Professional - MIR-MAR<\/title>\n<meta name=\"robots\" content=\"index, follow, max-snippet:-1, max-image-preview:large, max-video-preview:-1\" \/>\n<link rel=\"canonical\" href=\"http:\/\/dafinoo.eu\/mirmar\/obchod\/gsk-64-professional\/\" \/>\n<meta property=\"og:locale\" content=\"sk_SK\" \/>\n<meta property=\"og:type\" content=\"article\" \/>\n<meta property=\"og:title\" content=\"Bosch GSK 64 Professional - MIR-MAR\" \/>\n<meta property=\"og:description\" content=\"Technick\u00e9 parametre: GSK 64 Professional Uhol z\u00e1sobn\u00edka 0 \u00b0 \u00d8 klinca 1,6 mm D\u013a\u017eka klinca 25 \u2013 64 mm Typ klinca Klinec so z\u00e1vernou hlavi\u010dkou Pracovn\u00fd tlak 4 \u2013 8 bar Syst\u00e9m sp\u00fa\u0161\u0165ania Jednotliv\u00e9 sp\u00fa\u0161\u0165anie a kontaktn\u00e9 sp\u00fa\u0161\u0165anie Hmotnos\u0165 1,6 kg D\u013a\u017eka 309 mm \u0160\u00edrka 73 mm V\u00fd\u0161ka 273 mm\" \/>\n<meta property=\"og:url\" content=\"http:\/\/dafinoo.eu\/mirmar\/obchod\/gsk-64-professional\/\" \/>\n<meta property=\"og:site_name\" content=\"MIR-MAR\" \/>\n<meta property=\"article:publisher\" content=\"https:\/\/facebook.com\/mirmareshop\" \/>\n<meta property=\"article:modified_time\" content=\"2021-04-21T13:25:45+00:00\" \/>\n<meta property=\"og:image\" content=\"https:\/\/i1.wp.com\/www.mirmar.sk\/wp-content\/uploads\/2021\/03\/gsk_64_professional_1.jpg?fit=204%2C247&ssl=1\" \/>\n\t<meta property=\"og:image:width\" content=\"204\" \/>\n\t<meta property=\"og:image:height\" content=\"247\" \/>\n\t<meta property=\"og:image:type\" content=\"image\/jpeg\" \/>\n<meta name=\"twitter:label1\" content=\"Predpokladan\u00fd \u010das \u010d\u00edtania\" \/>\n\t<meta name=\"twitter:data1\" content=\"1 min\u00fata\" \/>\n<script type=\"application\/ld+json\" class=\"yoast-schema-graph\">{\"@context\":\"https:\\\/\\\/schema.org\",\"@graph\":[{\"@type\":\"WebPage\",\"@id\":\"http:\\\/\\\/dafinoo.eu\\\/mirmar\\\/obchod\\\/gsk-64-professional\\\/\",\"url\":\"http:\\\/\\\/dafinoo.eu\\\/mirmar\\\/obchod\\\/gsk-64-professional\\\/\",\"name\":\"Bosch GSK 64 Professional - MIR-MAR\",\"isPartOf\":{\"@id\":\"http:\\\/\\\/dafinoo.eu\\\/mirmar\\\/#website\"},\"primaryImageOfPage\":{\"@id\":\"http:\\\/\\\/dafinoo.eu\\\/mirmar\\\/obchod\\\/gsk-64-professional\\\/#primaryimage\"},\"image\":{\"@id\":\"http:\\\/\\\/dafinoo.eu\\\/mirmar\\\/obchod\\\/gsk-64-professional\\\/#primaryimage\"},\"thumbnailUrl\":\"http:\\\/\\\/dafinoo.eu\\\/mirmar\\\/wp-content\\\/uploads\\\/2021\\\/03\\\/gsk_64_professional_1.jpg\",\"datePublished\":\"2021-03-15T16:25:34+00:00\",\"dateModified\":\"2021-04-21T13:25:45+00:00\",\"breadcrumb\":{\"@id\":\"http:\\\/\\\/dafinoo.eu\\\/mirmar\\\/obchod\\\/gsk-64-professional\\\/#breadcrumb\"},\"inLanguage\":\"sk-SK\",\"potentialAction\":[{\"@type\":\"ReadAction\",\"target\":[\"http:\\\/\\\/dafinoo.eu\\\/mirmar\\\/obchod\\\/gsk-64-professional\\\/\"]}]},{\"@type\":\"ImageObject\",\"inLanguage\":\"sk-SK\",\"@id\":\"http:\\\/\\\/dafinoo.eu\\\/mirmar\\\/obchod\\\/gsk-64-professional\\\/#primaryimage\",\"url\":\"http:\\\/\\\/dafinoo.eu\\\/mirmar\\\/wp-content\\\/uploads\\\/2021\\\/03\\\/gsk_64_professional_1.jpg\",\"contentUrl\":\"http:\\\/\\\/dafinoo.eu\\\/mirmar\\\/wp-content\\\/uploads\\\/2021\\\/03\\\/gsk_64_professional_1.jpg\",\"width\":204,\"height\":247},{\"@type\":\"BreadcrumbList\",\"@id\":\"http:\\\/\\\/dafinoo.eu\\\/mirmar\\\/obchod\\\/gsk-64-professional\\\/#breadcrumb\",\"itemListElement\":[{\"@type\":\"ListItem\",\"position\":1,\"name\":\"Domovsk\u00e1 str\u00e1nka\",\"item\":\"http:\\\/\\\/dafinoo.eu\\\/mirmar\\\/\"},{\"@type\":\"ListItem\",\"position\":2,\"name\":\"Obchod\",\"item\":\"http:\\\/\\\/dafinoo.eu\\\/mirmar\\\/obchod\\\/\"},{\"@type\":\"ListItem\",\"position\":3,\"name\":\"Bosch GSK 64 Professional\"}]},{\"@type\":\"WebSite\",\"@id\":\"http:\\\/\\\/dafinoo.eu\\\/mirmar\\\/#website\",\"url\":\"http:\\\/\\\/dafinoo.eu\\\/mirmar\\\/\",\"name\":\"MIR-MAR\",\"description\":\"Eshop s n\u00e1rad\u00edm\",\"publisher\":{\"@id\":\"http:\\\/\\\/dafinoo.eu\\\/mirmar\\\/#organization\"},\"potentialAction\":[{\"@type\":\"SearchAction\",\"target\":{\"@type\":\"EntryPoint\",\"urlTemplate\":\"http:\\\/\\\/dafinoo.eu\\\/mirmar\\\/?s={search_term_string}\"},\"query-input\":{\"@type\":\"PropertyValueSpecification\",\"valueRequired\":true,\"valueName\":\"search_term_string\"}}],\"inLanguage\":\"sk-SK\"},{\"@type\":\"Organization\",\"@id\":\"http:\\\/\\\/dafinoo.eu\\\/mirmar\\\/#organization\",\"name\":\"MIR-MAR\",\"url\":\"http:\\\/\\\/dafinoo.eu\\\/mirmar\\\/\",\"logo\":{\"@type\":\"ImageObject\",\"inLanguage\":\"sk-SK\",\"@id\":\"http:\\\/\\\/dafinoo.eu\\\/mirmar\\\/#\\\/schema\\\/logo\\\/image\\\/\",\"url\":\"http:\\\/\\\/dafinoo.eu\\\/mirmar\\\/wp-content\\\/uploads\\\/2021\\\/03\\\/mirmar_logo.png\",\"contentUrl\":\"http:\\\/\\\/dafinoo.eu\\\/mirmar\\\/wp-content\\\/uploads\\\/2021\\\/03\\\/mirmar_logo.png\",\"width\":256,\"height\":60,\"caption\":\"MIR-MAR\"},\"image\":{\"@id\":\"http:\\\/\\\/dafinoo.eu\\\/mirmar\\\/#\\\/schema\\\/logo\\\/image\\\/\"},\"sameAs\":[\"https:\\\/\\\/facebook.com\\\/mirmareshop\"]}]}<\/script>\n<!-- \/ Yoast SEO plugin. -->","yoast_head_json":{"title":"Bosch GSK 64 Professional - MIR-MAR","robots":{"index":"index","follow":"follow","max-snippet":"max-snippet:-1","max-image-preview":"max-image-preview:large","max-video-preview":"max-video-preview:-1"},"canonical":"http:\/\/dafinoo.eu\/mirmar\/obchod\/gsk-64-professional\/","og_locale":"sk_SK","og_type":"article","og_title":"Bosch GSK 64 Professional - MIR-MAR","og_description":"Technick\u00e9 parametre: GSK 64 Professional Uhol z\u00e1sobn\u00edka 0 \u00b0 \u00d8 klinca 1,6 mm D\u013a\u017eka klinca 25 \u2013 64 mm Typ klinca Klinec so z\u00e1vernou hlavi\u010dkou Pracovn\u00fd tlak 4 \u2013 8 bar Syst\u00e9m sp\u00fa\u0161\u0165ania Jednotliv\u00e9 sp\u00fa\u0161\u0165anie a kontaktn\u00e9 sp\u00fa\u0161\u0165anie Hmotnos\u0165 1,6 kg D\u013a\u017eka 309 mm \u0160\u00edrka 73 mm V\u00fd\u0161ka 273 mm","og_url":"http:\/\/dafinoo.eu\/mirmar\/obchod\/gsk-64-professional\/","og_site_name":"MIR-MAR","article_publisher":"https:\/\/facebook.com\/mirmareshop","article_modified_time":"2021-04-21T13:25:45+00:00","og_image":[{"width":204,"height":247,"url":"https:\/\/i1.wp.com\/www.mirmar.sk\/wp-content\/uploads\/2021\/03\/gsk_64_professional_1.jpg?fit=204%2C247&ssl=1","type":"image\/jpeg"}],"twitter_misc":{"Predpokladan\u00fd \u010das \u010d\u00edtania":"1 min\u00fata"},"schema":{"@context":"https:\/\/schema.org","@graph":[{"@type":"WebPage","@id":"http:\/\/dafinoo.eu\/mirmar\/obchod\/gsk-64-professional\/","url":"http:\/\/dafinoo.eu\/mirmar\/obchod\/gsk-64-professional\/","name":"Bosch GSK 64 Professional - MIR-MAR","isPartOf":{"@id":"http:\/\/dafinoo.eu\/mirmar\/#website"},"primaryImageOfPage":{"@id":"http:\/\/dafinoo.eu\/mirmar\/obchod\/gsk-64-professional\/#primaryimage"},"image":{"@id":"http:\/\/dafinoo.eu\/mirmar\/obchod\/gsk-64-professional\/#primaryimage"},"thumbnailUrl":"http:\/\/dafinoo.eu\/mirmar\/wp-content\/uploads\/2021\/03\/gsk_64_professional_1.jpg","datePublished":"2021-03-15T16:25:34+00:00","dateModified":"2021-04-21T13:25:45+00:00","breadcrumb":{"@id":"http:\/\/dafinoo.eu\/mirmar\/obchod\/gsk-64-professional\/#breadcrumb"},"inLanguage":"sk-SK","potentialAction":[{"@type":"ReadAction","target":["http:\/\/dafinoo.eu\/mirmar\/obchod\/gsk-64-professional\/"]}]},{"@type":"ImageObject","inLanguage":"sk-SK","@id":"http:\/\/dafinoo.eu\/mirmar\/obchod\/gsk-64-professional\/#primaryimage","url":"http:\/\/dafinoo.eu\/mirmar\/wp-content\/uploads\/2021\/03\/gsk_64_professional_1.jpg","contentUrl":"http:\/\/dafinoo.eu\/mirmar\/wp-content\/uploads\/2021\/03\/gsk_64_professional_1.jpg","width":204,"height":247},{"@type":"BreadcrumbList","@id":"http:\/\/dafinoo.eu\/mirmar\/obchod\/gsk-64-professional\/#breadcrumb","itemListElement":[{"@type":"ListItem","position":1,"name":"Domovsk\u00e1 str\u00e1nka","item":"http:\/\/dafinoo.eu\/mirmar\/"},{"@type":"ListItem","position":2,"name":"Obchod","item":"http:\/\/dafinoo.eu\/mirmar\/obchod\/"},{"@type":"ListItem","position":3,"name":"Bosch GSK 64 Professional"}]},{"@type":"WebSite","@id":"http:\/\/dafinoo.eu\/mirmar\/#website","url":"http:\/\/dafinoo.eu\/mirmar\/","name":"MIR-MAR","description":"Eshop s n\u00e1rad\u00edm","publisher":{"@id":"http:\/\/dafinoo.eu\/mirmar\/#organization"},"potentialAction":[{"@type":"SearchAction","target":{"@type":"EntryPoint","urlTemplate":"http:\/\/dafinoo.eu\/mirmar\/?s={search_term_string}"},"query-input":{"@type":"PropertyValueSpecification","valueRequired":true,"valueName":"search_term_string"}}],"inLanguage":"sk-SK"},{"@type":"Organization","@id":"http:\/\/dafinoo.eu\/mirmar\/#organization","name":"MIR-MAR","url":"http:\/\/dafinoo.eu\/mirmar\/","logo":{"@type":"ImageObject","inLanguage":"sk-SK","@id":"http:\/\/dafinoo.eu\/mirmar\/#\/schema\/logo\/image\/","url":"http:\/\/dafinoo.eu\/mirmar\/wp-content\/uploads\/2021\/03\/mirmar_logo.png","contentUrl":"http:\/\/dafinoo.eu\/mirmar\/wp-content\/uploads\/2021\/03\/mirmar_logo.png","width":256,"height":60,"caption":"MIR-MAR"},"image":{"@id":"http:\/\/dafinoo.eu\/mirmar\/#\/schema\/logo\/image\/"},"sameAs":["https:\/\/facebook.com\/mirmareshop"]}]}},"_links":{"self":[{"href":"http:\/\/dafinoo.eu\/mirmar\/wp-json\/wp\/v2\/product\/36980","targetHints":{"allow":["GET"]}}],"collection":[{"href":"http:\/\/dafinoo.eu\/mirmar\/wp-json\/wp\/v2\/product"}],"about":[{"href":"http:\/\/dafinoo.eu\/mirmar\/wp-json\/wp\/v2\/types\/product"}],"replies":[{"embeddable":true,"href":"http:\/\/dafinoo.eu\/mirmar\/wp-json\/wp\/v2\/comments?post=36980"}],"wp:featuredmedia":[{"embeddable":true,"href":"http:\/\/dafinoo.eu\/mirmar\/wp-json\/wp\/v2\/media\/36981"}],"wp:attachment":[{"href":"http:\/\/dafinoo.eu\/mirmar\/wp-json\/wp\/v2\/media?parent=36980"}],"wp:term":[{"taxonomy":"product_cat","embeddable":true,"href":"http:\/\/dafinoo.eu\/mirmar\/wp-json\/wp\/v2\/product_cat?post=36980"},{"taxonomy":"product_tag","embeddable":true,"href":"http:\/\/dafinoo.eu\/mirmar\/wp-json\/wp\/v2\/product_tag?post=36980"}],"curies":[{"name":"wp","href":"https:\/\/api.w.org\/{rel}","templated":true}]}}