{"id":37002,"date":"2021-03-15T17:25:34","date_gmt":"2021-03-15T16:25:34","guid":{"rendered":"http:\/\/dafinoo.eu\/mirmar\/product\/gas-15-l-professional\/"},"modified":"2021-04-21T15:25:33","modified_gmt":"2021-04-21T13:25:33","slug":"gas-15-l-professional","status":"publish","type":"product","link":"http:\/\/dafinoo.eu\/mirmar\/obchod\/gas-15-l-professional\/","title":{"rendered":"Bosch GAS 15 L Professional"},"content":{"rendered":"<p>Prednosti: GAS 15 L Professional<br \/>\nV\u0161estrann\u00fd univerz\u00e1lny vys\u00e1va\u010d s integrovanou funkciou odfukovania<\/p>\n<p>    * Vysok\u00fd sac\u00ed v\u00fdkon v\u010faka 1\u2009200 W nas\u00e1vacej turb\u00edne &#8211; pre v\u0161estrann\u00e9 pou\u017eitie za suchej a mokrej prev\u00e1dzky<br \/>\n    * Integrovan\u00e1 funkcia odfukovania na r\u00fdchle a jednoduch\u00e9 su\u0161enie, napr\u00edklad farieb a in\u00fdch schn\u00facich tekut\u00fdch l\u00e1tok<br \/>\n    * Jednoduch\u00e9 \u010distenie filtra v\u010faka poloautomatick\u00e9mu syst\u00e9mu \u010distenia filtra<br \/>\n    * Na prach s MAK hodnotami > 1 mg\/m2 a triedou prachu L pod\u013ea eur\u00f3pskej normy<br \/>\n    * Z\u00e1suvka na pripojenie elektrick\u00e9ho n\u00e1radia<br \/>\n    * Integrovan\u00e9 dr\u017eiaky pr\u00edslu\u0161enstva priamo na hornej \u010dasti vys\u00e1va\u010da a praktick\u00fd dr\u017eiak k\u00e1bla a hadice<br \/>\n    * Automatick\u00e9 vyp\u00ednanie pri dosiahnut\u00ed max. stavu kvapaliny<br \/>\n    * Jednoduch\u00e1 v\u00fdmena \u010dast\u00ed pr\u00edslu\u0161enstva<\/p>\n","protected":false},"excerpt":{"rendered":"<p>Technick\u00e9 parametre: GAS 15 L Professional<br \/>\nMenovit\u00fd pr\u00edkon \t1.200 W<br \/>\nHmotnos\u0165 \t6,0 kg<br \/>\nObjem \t15 l<br \/>\nObjem n\u00e1doby brutto \t19 l<br \/>\nObjem n\u00e1doby netto (s vodou) \t7,5 l<br \/>\nObjem n\u00e1doby netto (prach) \t10 l<br \/>\nObjem vrecka na prach (netto) \t6,7 l<br \/>\nD\u013a\u017eka \t440,0 mm<br \/>\n\u0160\u00edrka \t376,0 mm<br \/>\nV\u00fd\u0161ka \t482,0 mm<br \/>\nPlocha filtra \t2.800 cm\u00b2<br \/>\nKateg\u00f3ria pou\u017eitia filtra \tL<br \/>\nPo\u010det koliesok \t4<br \/>\nMax. prietok vzduchu \t62 l\/s (pri turb\u00edne)<br \/>\nMax. podtlak \t215 mbar (pri turb\u00edne)<\/p>\n","protected":false},"featured_media":37003,"comment_status":"closed","ping_status":"open","template":"","meta":{"_lmt_disableupdate":"","_lmt_disable":""},"product_cat":[3256,3253,3106],"product_tag":[],"class_list":{"0":"post-37002","1":"product","2":"type-product","3":"status-publish","4":"has-post-thumbnail","6":"product_cat-odsavacie-systemy","7":"product_cat-systemove-prislusenstvo","8":"product_cat-bosch","9":"ts_product_brand-bosh","11":"first","12":"instock","13":"taxable","14":"shipping-taxable","15":"purchasable","16":"product-type-simple"},"yoast_head":"<!-- This site is optimized with the Yoast SEO plugin v27.3 - https:\/\/yoast.com\/product\/yoast-seo-wordpress\/ -->\n<title>Bosch GAS 15 L Professional - MIR-MAR<\/title>\n<meta name=\"robots\" content=\"index, follow, max-snippet:-1, max-image-preview:large, max-video-preview:-1\" \/>\n<link rel=\"canonical\" href=\"http:\/\/dafinoo.eu\/mirmar\/obchod\/gas-15-l-professional\/\" \/>\n<meta property=\"og:locale\" content=\"sk_SK\" \/>\n<meta property=\"og:type\" content=\"article\" \/>\n<meta property=\"og:title\" content=\"Bosch GAS 15 L Professional - MIR-MAR\" \/>\n<meta property=\"og:description\" content=\"Technick\u00e9 parametre: GAS 15 L Professional Menovit\u00fd pr\u00edkon 1.200 W Hmotnos\u0165 6,0 kg Objem 15 l Objem n\u00e1doby brutto 19 l Objem n\u00e1doby netto (s vodou) 7,5 l Objem n\u00e1doby netto (prach) 10 l Objem vrecka na prach (netto) 6,7 l D\u013a\u017eka 440,0 mm \u0160\u00edrka 376,0 mm V\u00fd\u0161ka 482,0 mm Plocha filtra 2.800 cm\u00b2 Kateg\u00f3ria pou\u017eitia filtra L Po\u010det koliesok 4 Max. prietok vzduchu 62 l\/s (pri turb\u00edne) Max. podtlak 215 mbar (pri turb\u00edne)\" \/>\n<meta property=\"og:url\" content=\"http:\/\/dafinoo.eu\/mirmar\/obchod\/gas-15-l-professional\/\" \/>\n<meta property=\"og:site_name\" content=\"MIR-MAR\" \/>\n<meta property=\"article:publisher\" content=\"https:\/\/facebook.com\/mirmareshop\" \/>\n<meta property=\"article:modified_time\" content=\"2021-04-21T13:25:33+00:00\" \/>\n<meta property=\"og:image\" content=\"https:\/\/i2.wp.com\/www.mirmar.sk\/wp-content\/uploads\/2021\/03\/gas_15_l_professional_1.jpg?fit=140%2C140&ssl=1\" \/>\n\t<meta property=\"og:image:width\" content=\"140\" \/>\n\t<meta property=\"og:image:height\" content=\"140\" \/>\n\t<meta property=\"og:image:type\" content=\"image\/jpeg\" \/>\n<meta name=\"twitter:label1\" content=\"Predpokladan\u00fd \u010das \u010d\u00edtania\" \/>\n\t<meta name=\"twitter:data1\" content=\"1 min\u00fata\" \/>\n<script type=\"application\/ld+json\" class=\"yoast-schema-graph\">{\"@context\":\"https:\\\/\\\/schema.org\",\"@graph\":[{\"@type\":\"WebPage\",\"@id\":\"http:\\\/\\\/dafinoo.eu\\\/mirmar\\\/obchod\\\/gas-15-l-professional\\\/\",\"url\":\"http:\\\/\\\/dafinoo.eu\\\/mirmar\\\/obchod\\\/gas-15-l-professional\\\/\",\"name\":\"Bosch GAS 15 L Professional - MIR-MAR\",\"isPartOf\":{\"@id\":\"http:\\\/\\\/dafinoo.eu\\\/mirmar\\\/#website\"},\"primaryImageOfPage\":{\"@id\":\"http:\\\/\\\/dafinoo.eu\\\/mirmar\\\/obchod\\\/gas-15-l-professional\\\/#primaryimage\"},\"image\":{\"@id\":\"http:\\\/\\\/dafinoo.eu\\\/mirmar\\\/obchod\\\/gas-15-l-professional\\\/#primaryimage\"},\"thumbnailUrl\":\"http:\\\/\\\/dafinoo.eu\\\/mirmar\\\/wp-content\\\/uploads\\\/2021\\\/03\\\/gas_15_l_professional_1.jpg\",\"datePublished\":\"2021-03-15T16:25:34+00:00\",\"dateModified\":\"2021-04-21T13:25:33+00:00\",\"breadcrumb\":{\"@id\":\"http:\\\/\\\/dafinoo.eu\\\/mirmar\\\/obchod\\\/gas-15-l-professional\\\/#breadcrumb\"},\"inLanguage\":\"sk-SK\",\"potentialAction\":[{\"@type\":\"ReadAction\",\"target\":[\"http:\\\/\\\/dafinoo.eu\\\/mirmar\\\/obchod\\\/gas-15-l-professional\\\/\"]}]},{\"@type\":\"ImageObject\",\"inLanguage\":\"sk-SK\",\"@id\":\"http:\\\/\\\/dafinoo.eu\\\/mirmar\\\/obchod\\\/gas-15-l-professional\\\/#primaryimage\",\"url\":\"http:\\\/\\\/dafinoo.eu\\\/mirmar\\\/wp-content\\\/uploads\\\/2021\\\/03\\\/gas_15_l_professional_1.jpg\",\"contentUrl\":\"http:\\\/\\\/dafinoo.eu\\\/mirmar\\\/wp-content\\\/uploads\\\/2021\\\/03\\\/gas_15_l_professional_1.jpg\",\"width\":140,\"height\":140},{\"@type\":\"BreadcrumbList\",\"@id\":\"http:\\\/\\\/dafinoo.eu\\\/mirmar\\\/obchod\\\/gas-15-l-professional\\\/#breadcrumb\",\"itemListElement\":[{\"@type\":\"ListItem\",\"position\":1,\"name\":\"Domovsk\u00e1 str\u00e1nka\",\"item\":\"http:\\\/\\\/dafinoo.eu\\\/mirmar\\\/\"},{\"@type\":\"ListItem\",\"position\":2,\"name\":\"Obchod\",\"item\":\"http:\\\/\\\/dafinoo.eu\\\/mirmar\\\/obchod\\\/\"},{\"@type\":\"ListItem\",\"position\":3,\"name\":\"Bosch GAS 15 L Professional\"}]},{\"@type\":\"WebSite\",\"@id\":\"http:\\\/\\\/dafinoo.eu\\\/mirmar\\\/#website\",\"url\":\"http:\\\/\\\/dafinoo.eu\\\/mirmar\\\/\",\"name\":\"MIR-MAR\",\"description\":\"Eshop s n\u00e1rad\u00edm\",\"publisher\":{\"@id\":\"http:\\\/\\\/dafinoo.eu\\\/mirmar\\\/#organization\"},\"potentialAction\":[{\"@type\":\"SearchAction\",\"target\":{\"@type\":\"EntryPoint\",\"urlTemplate\":\"http:\\\/\\\/dafinoo.eu\\\/mirmar\\\/?s={search_term_string}\"},\"query-input\":{\"@type\":\"PropertyValueSpecification\",\"valueRequired\":true,\"valueName\":\"search_term_string\"}}],\"inLanguage\":\"sk-SK\"},{\"@type\":\"Organization\",\"@id\":\"http:\\\/\\\/dafinoo.eu\\\/mirmar\\\/#organization\",\"name\":\"MIR-MAR\",\"url\":\"http:\\\/\\\/dafinoo.eu\\\/mirmar\\\/\",\"logo\":{\"@type\":\"ImageObject\",\"inLanguage\":\"sk-SK\",\"@id\":\"http:\\\/\\\/dafinoo.eu\\\/mirmar\\\/#\\\/schema\\\/logo\\\/image\\\/\",\"url\":\"http:\\\/\\\/dafinoo.eu\\\/mirmar\\\/wp-content\\\/uploads\\\/2021\\\/03\\\/mirmar_logo.png\",\"contentUrl\":\"http:\\\/\\\/dafinoo.eu\\\/mirmar\\\/wp-content\\\/uploads\\\/2021\\\/03\\\/mirmar_logo.png\",\"width\":256,\"height\":60,\"caption\":\"MIR-MAR\"},\"image\":{\"@id\":\"http:\\\/\\\/dafinoo.eu\\\/mirmar\\\/#\\\/schema\\\/logo\\\/image\\\/\"},\"sameAs\":[\"https:\\\/\\\/facebook.com\\\/mirmareshop\"]}]}<\/script>\n<!-- \/ Yoast SEO plugin. -->","yoast_head_json":{"title":"Bosch GAS 15 L Professional - MIR-MAR","robots":{"index":"index","follow":"follow","max-snippet":"max-snippet:-1","max-image-preview":"max-image-preview:large","max-video-preview":"max-video-preview:-1"},"canonical":"http:\/\/dafinoo.eu\/mirmar\/obchod\/gas-15-l-professional\/","og_locale":"sk_SK","og_type":"article","og_title":"Bosch GAS 15 L Professional - MIR-MAR","og_description":"Technick\u00e9 parametre: GAS 15 L Professional Menovit\u00fd pr\u00edkon 1.200 W Hmotnos\u0165 6,0 kg Objem 15 l Objem n\u00e1doby brutto 19 l Objem n\u00e1doby netto (s vodou) 7,5 l Objem n\u00e1doby netto (prach) 10 l Objem vrecka na prach (netto) 6,7 l D\u013a\u017eka 440,0 mm \u0160\u00edrka 376,0 mm V\u00fd\u0161ka 482,0 mm Plocha filtra 2.800 cm\u00b2 Kateg\u00f3ria pou\u017eitia filtra L Po\u010det koliesok 4 Max. prietok vzduchu 62 l\/s (pri turb\u00edne) Max. podtlak 215 mbar (pri turb\u00edne)","og_url":"http:\/\/dafinoo.eu\/mirmar\/obchod\/gas-15-l-professional\/","og_site_name":"MIR-MAR","article_publisher":"https:\/\/facebook.com\/mirmareshop","article_modified_time":"2021-04-21T13:25:33+00:00","og_image":[{"width":140,"height":140,"url":"https:\/\/i2.wp.com\/www.mirmar.sk\/wp-content\/uploads\/2021\/03\/gas_15_l_professional_1.jpg?fit=140%2C140&ssl=1","type":"image\/jpeg"}],"twitter_misc":{"Predpokladan\u00fd \u010das \u010d\u00edtania":"1 min\u00fata"},"schema":{"@context":"https:\/\/schema.org","@graph":[{"@type":"WebPage","@id":"http:\/\/dafinoo.eu\/mirmar\/obchod\/gas-15-l-professional\/","url":"http:\/\/dafinoo.eu\/mirmar\/obchod\/gas-15-l-professional\/","name":"Bosch GAS 15 L Professional - MIR-MAR","isPartOf":{"@id":"http:\/\/dafinoo.eu\/mirmar\/#website"},"primaryImageOfPage":{"@id":"http:\/\/dafinoo.eu\/mirmar\/obchod\/gas-15-l-professional\/#primaryimage"},"image":{"@id":"http:\/\/dafinoo.eu\/mirmar\/obchod\/gas-15-l-professional\/#primaryimage"},"thumbnailUrl":"http:\/\/dafinoo.eu\/mirmar\/wp-content\/uploads\/2021\/03\/gas_15_l_professional_1.jpg","datePublished":"2021-03-15T16:25:34+00:00","dateModified":"2021-04-21T13:25:33+00:00","breadcrumb":{"@id":"http:\/\/dafinoo.eu\/mirmar\/obchod\/gas-15-l-professional\/#breadcrumb"},"inLanguage":"sk-SK","potentialAction":[{"@type":"ReadAction","target":["http:\/\/dafinoo.eu\/mirmar\/obchod\/gas-15-l-professional\/"]}]},{"@type":"ImageObject","inLanguage":"sk-SK","@id":"http:\/\/dafinoo.eu\/mirmar\/obchod\/gas-15-l-professional\/#primaryimage","url":"http:\/\/dafinoo.eu\/mirmar\/wp-content\/uploads\/2021\/03\/gas_15_l_professional_1.jpg","contentUrl":"http:\/\/dafinoo.eu\/mirmar\/wp-content\/uploads\/2021\/03\/gas_15_l_professional_1.jpg","width":140,"height":140},{"@type":"BreadcrumbList","@id":"http:\/\/dafinoo.eu\/mirmar\/obchod\/gas-15-l-professional\/#breadcrumb","itemListElement":[{"@type":"ListItem","position":1,"name":"Domovsk\u00e1 str\u00e1nka","item":"http:\/\/dafinoo.eu\/mirmar\/"},{"@type":"ListItem","position":2,"name":"Obchod","item":"http:\/\/dafinoo.eu\/mirmar\/obchod\/"},{"@type":"ListItem","position":3,"name":"Bosch GAS 15 L Professional"}]},{"@type":"WebSite","@id":"http:\/\/dafinoo.eu\/mirmar\/#website","url":"http:\/\/dafinoo.eu\/mirmar\/","name":"MIR-MAR","description":"Eshop s n\u00e1rad\u00edm","publisher":{"@id":"http:\/\/dafinoo.eu\/mirmar\/#organization"},"potentialAction":[{"@type":"SearchAction","target":{"@type":"EntryPoint","urlTemplate":"http:\/\/dafinoo.eu\/mirmar\/?s={search_term_string}"},"query-input":{"@type":"PropertyValueSpecification","valueRequired":true,"valueName":"search_term_string"}}],"inLanguage":"sk-SK"},{"@type":"Organization","@id":"http:\/\/dafinoo.eu\/mirmar\/#organization","name":"MIR-MAR","url":"http:\/\/dafinoo.eu\/mirmar\/","logo":{"@type":"ImageObject","inLanguage":"sk-SK","@id":"http:\/\/dafinoo.eu\/mirmar\/#\/schema\/logo\/image\/","url":"http:\/\/dafinoo.eu\/mirmar\/wp-content\/uploads\/2021\/03\/mirmar_logo.png","contentUrl":"http:\/\/dafinoo.eu\/mirmar\/wp-content\/uploads\/2021\/03\/mirmar_logo.png","width":256,"height":60,"caption":"MIR-MAR"},"image":{"@id":"http:\/\/dafinoo.eu\/mirmar\/#\/schema\/logo\/image\/"},"sameAs":["https:\/\/facebook.com\/mirmareshop"]}]}},"_links":{"self":[{"href":"http:\/\/dafinoo.eu\/mirmar\/wp-json\/wp\/v2\/product\/37002","targetHints":{"allow":["GET"]}}],"collection":[{"href":"http:\/\/dafinoo.eu\/mirmar\/wp-json\/wp\/v2\/product"}],"about":[{"href":"http:\/\/dafinoo.eu\/mirmar\/wp-json\/wp\/v2\/types\/product"}],"replies":[{"embeddable":true,"href":"http:\/\/dafinoo.eu\/mirmar\/wp-json\/wp\/v2\/comments?post=37002"}],"wp:featuredmedia":[{"embeddable":true,"href":"http:\/\/dafinoo.eu\/mirmar\/wp-json\/wp\/v2\/media\/37003"}],"wp:attachment":[{"href":"http:\/\/dafinoo.eu\/mirmar\/wp-json\/wp\/v2\/media?parent=37002"}],"wp:term":[{"taxonomy":"product_cat","embeddable":true,"href":"http:\/\/dafinoo.eu\/mirmar\/wp-json\/wp\/v2\/product_cat?post=37002"},{"taxonomy":"product_tag","embeddable":true,"href":"http:\/\/dafinoo.eu\/mirmar\/wp-json\/wp\/v2\/product_tag?post=37002"}],"curies":[{"name":"wp","href":"https:\/\/api.w.org\/{rel}","templated":true}]}}