{"id":37016,"date":"2021-03-15T17:25:42","date_gmt":"2021-03-15T16:25:42","guid":{"rendered":"http:\/\/dafinoo.eu\/mirmar\/product\/bosch-gsr-144-2-v-aku-vrtaci-skrutkovac\/"},"modified":"2021-04-19T19:43:34","modified_gmt":"2021-04-19T17:43:34","slug":"bosch-gsr-144-2-v-aku-vrtaci-skrutkovac","status":"publish","type":"product","link":"http:\/\/dafinoo.eu\/mirmar\/obchod\/bosch-gsr-144-2-v-aku-vrtaci-skrutkovac\/","title":{"rendered":"Bosch GSR 14,4-2 V AKU v\u0155tac\u00ed skrutkova\u010d"},"content":{"rendered":"<p>viacstup\u0148ov\u00e1, v\u0155tanie a skrutkovanie, plynul\u00e1 regul\u00e1cia ot\u00e1\u010dok, pravo \/ \u013eavobe\u017en\u00fd chod, auto &#8211; lock, m\u00e4kk\u00e1 tlmiaca vlo\u017eka rukov\u00e4te<br \/>\nrozsah dod\u00e1vky: 2x NiCd akumul\u00e1tory 1,5 Ah, nab\u00edja\u010dka, kufor<br \/>\nhmotnos\u0165 vr\u00e1tane akumul\u00e1tora: 1,7 kg<\/p>\n","protected":false},"excerpt":{"rendered":"<p>nap\u00e4tie akumul\u00e1tora: 14.4 V<br \/>\nmax. kr\u00fatiaci moment (tuh\u00fd skrutkov\u00fd spoj): 30 Nm<br \/>\nvo\u013enobe\u017en\u00e9 ot\u00e1\u010dky (1. stupe\u0148 \/ 2. stupe\u0148): 0 &#8211; 400 \/ 1.400 min.-1<br \/>\nmin. \/ max. up\u00ednac\u00ed rozsah sk\u013eu\u010dovadla: 1.5 \/ 10 mm<br \/>\nz\u00e1vit v\u0155tacieho vretana: 3\/8&#8243;<br \/>\nr\u00fdchloup\u00ednacie sk\u013eu\u010dovadlo: 10 mm<br \/>\n\u010das nab\u00edjania: cca. 60 min.<br \/>\npo\u010det stup\u0148ov kr\u00fatiaceho momentu: 20 + 1<br \/>\nmax. \u00f8 vrtu (oce\u013e \/ drevo): 12 \/ 26 mm<br \/>\nmax. \u00f8 skrutiek: 8 mm<\/p>\n","protected":false},"featured_media":37017,"comment_status":"closed","ping_status":"open","template":"","meta":{"_lmt_disableupdate":"","_lmt_disable":""},"product_cat":[3107,3106],"product_tag":[],"class_list":{"0":"post-37016","1":"product","2":"type-product","3":"status-publish","4":"has-post-thumbnail","6":"product_cat-akumulatorove-naradie","7":"product_cat-bosch","8":"ts_product_brand-bosh","10":"first","11":"instock","12":"taxable","13":"shipping-taxable","14":"purchasable","15":"product-type-simple"},"yoast_head":"<!-- This site is optimized with the Yoast SEO plugin v27.3 - https:\/\/yoast.com\/product\/yoast-seo-wordpress\/ -->\n<title>Bosch GSR 14,4-2 V AKU v\u0155tac\u00ed skrutkova\u010d - MIR-MAR<\/title>\n<meta name=\"robots\" content=\"index, follow, max-snippet:-1, max-image-preview:large, max-video-preview:-1\" \/>\n<link rel=\"canonical\" href=\"http:\/\/dafinoo.eu\/mirmar\/obchod\/bosch-gsr-144-2-v-aku-vrtaci-skrutkovac\/\" \/>\n<meta property=\"og:locale\" content=\"sk_SK\" \/>\n<meta property=\"og:type\" content=\"article\" \/>\n<meta property=\"og:title\" content=\"Bosch GSR 14,4-2 V AKU v\u0155tac\u00ed skrutkova\u010d - MIR-MAR\" \/>\n<meta property=\"og:description\" content=\"nap\u00e4tie akumul\u00e1tora: 14.4 V max. kr\u00fatiaci moment (tuh\u00fd skrutkov\u00fd spoj): 30 Nm vo\u013enobe\u017en\u00e9 ot\u00e1\u010dky (1. stupe\u0148 \/ 2. stupe\u0148): 0 - 400 \/ 1.400 min.-1 min. \/ max. up\u00ednac\u00ed rozsah sk\u013eu\u010dovadla: 1.5 \/ 10 mm z\u00e1vit v\u0155tacieho vretana: 3\/8&quot; r\u00fdchloup\u00ednacie sk\u013eu\u010dovadlo: 10 mm \u010das nab\u00edjania: cca. 60 min. po\u010det stup\u0148ov kr\u00fatiaceho momentu: 20 + 1 max. \u00f8 vrtu (oce\u013e \/ drevo): 12 \/ 26 mm max. \u00f8 skrutiek: 8 mm\" \/>\n<meta property=\"og:url\" content=\"http:\/\/dafinoo.eu\/mirmar\/obchod\/bosch-gsr-144-2-v-aku-vrtaci-skrutkovac\/\" \/>\n<meta property=\"og:site_name\" content=\"MIR-MAR\" \/>\n<meta property=\"article:publisher\" content=\"https:\/\/facebook.com\/mirmareshop\" \/>\n<meta property=\"article:modified_time\" content=\"2021-04-19T17:43:34+00:00\" \/>\n<meta property=\"og:image\" content=\"https:\/\/i0.wp.com\/www.mirmar.sk\/wp-content\/uploads\/2021\/03\/gsr_1.jpg?fit=107%2C150&ssl=1\" \/>\n\t<meta property=\"og:image:width\" content=\"107\" \/>\n\t<meta property=\"og:image:height\" content=\"150\" \/>\n\t<meta property=\"og:image:type\" content=\"image\/jpeg\" \/>\n<script type=\"application\/ld+json\" class=\"yoast-schema-graph\">{\"@context\":\"https:\\\/\\\/schema.org\",\"@graph\":[{\"@type\":\"WebPage\",\"@id\":\"http:\\\/\\\/dafinoo.eu\\\/mirmar\\\/obchod\\\/bosch-gsr-144-2-v-aku-vrtaci-skrutkovac\\\/\",\"url\":\"http:\\\/\\\/dafinoo.eu\\\/mirmar\\\/obchod\\\/bosch-gsr-144-2-v-aku-vrtaci-skrutkovac\\\/\",\"name\":\"Bosch GSR 14,4-2 V AKU v\u0155tac\u00ed skrutkova\u010d - MIR-MAR\",\"isPartOf\":{\"@id\":\"http:\\\/\\\/dafinoo.eu\\\/mirmar\\\/#website\"},\"primaryImageOfPage\":{\"@id\":\"http:\\\/\\\/dafinoo.eu\\\/mirmar\\\/obchod\\\/bosch-gsr-144-2-v-aku-vrtaci-skrutkovac\\\/#primaryimage\"},\"image\":{\"@id\":\"http:\\\/\\\/dafinoo.eu\\\/mirmar\\\/obchod\\\/bosch-gsr-144-2-v-aku-vrtaci-skrutkovac\\\/#primaryimage\"},\"thumbnailUrl\":\"http:\\\/\\\/dafinoo.eu\\\/mirmar\\\/wp-content\\\/uploads\\\/2021\\\/03\\\/gsr_1.jpg\",\"datePublished\":\"2021-03-15T16:25:42+00:00\",\"dateModified\":\"2021-04-19T17:43:34+00:00\",\"breadcrumb\":{\"@id\":\"http:\\\/\\\/dafinoo.eu\\\/mirmar\\\/obchod\\\/bosch-gsr-144-2-v-aku-vrtaci-skrutkovac\\\/#breadcrumb\"},\"inLanguage\":\"sk-SK\",\"potentialAction\":[{\"@type\":\"ReadAction\",\"target\":[\"http:\\\/\\\/dafinoo.eu\\\/mirmar\\\/obchod\\\/bosch-gsr-144-2-v-aku-vrtaci-skrutkovac\\\/\"]}]},{\"@type\":\"ImageObject\",\"inLanguage\":\"sk-SK\",\"@id\":\"http:\\\/\\\/dafinoo.eu\\\/mirmar\\\/obchod\\\/bosch-gsr-144-2-v-aku-vrtaci-skrutkovac\\\/#primaryimage\",\"url\":\"http:\\\/\\\/dafinoo.eu\\\/mirmar\\\/wp-content\\\/uploads\\\/2021\\\/03\\\/gsr_1.jpg\",\"contentUrl\":\"http:\\\/\\\/dafinoo.eu\\\/mirmar\\\/wp-content\\\/uploads\\\/2021\\\/03\\\/gsr_1.jpg\",\"width\":107,\"height\":150},{\"@type\":\"BreadcrumbList\",\"@id\":\"http:\\\/\\\/dafinoo.eu\\\/mirmar\\\/obchod\\\/bosch-gsr-144-2-v-aku-vrtaci-skrutkovac\\\/#breadcrumb\",\"itemListElement\":[{\"@type\":\"ListItem\",\"position\":1,\"name\":\"Domovsk\u00e1 str\u00e1nka\",\"item\":\"http:\\\/\\\/dafinoo.eu\\\/mirmar\\\/\"},{\"@type\":\"ListItem\",\"position\":2,\"name\":\"Obchod\",\"item\":\"http:\\\/\\\/dafinoo.eu\\\/mirmar\\\/obchod\\\/\"},{\"@type\":\"ListItem\",\"position\":3,\"name\":\"Bosch GSR 14,4-2 V AKU v\u0155tac\u00ed skrutkova\u010d\"}]},{\"@type\":\"WebSite\",\"@id\":\"http:\\\/\\\/dafinoo.eu\\\/mirmar\\\/#website\",\"url\":\"http:\\\/\\\/dafinoo.eu\\\/mirmar\\\/\",\"name\":\"MIR-MAR\",\"description\":\"Eshop s n\u00e1rad\u00edm\",\"publisher\":{\"@id\":\"http:\\\/\\\/dafinoo.eu\\\/mirmar\\\/#organization\"},\"potentialAction\":[{\"@type\":\"SearchAction\",\"target\":{\"@type\":\"EntryPoint\",\"urlTemplate\":\"http:\\\/\\\/dafinoo.eu\\\/mirmar\\\/?s={search_term_string}\"},\"query-input\":{\"@type\":\"PropertyValueSpecification\",\"valueRequired\":true,\"valueName\":\"search_term_string\"}}],\"inLanguage\":\"sk-SK\"},{\"@type\":\"Organization\",\"@id\":\"http:\\\/\\\/dafinoo.eu\\\/mirmar\\\/#organization\",\"name\":\"MIR-MAR\",\"url\":\"http:\\\/\\\/dafinoo.eu\\\/mirmar\\\/\",\"logo\":{\"@type\":\"ImageObject\",\"inLanguage\":\"sk-SK\",\"@id\":\"http:\\\/\\\/dafinoo.eu\\\/mirmar\\\/#\\\/schema\\\/logo\\\/image\\\/\",\"url\":\"http:\\\/\\\/dafinoo.eu\\\/mirmar\\\/wp-content\\\/uploads\\\/2021\\\/03\\\/mirmar_logo.png\",\"contentUrl\":\"http:\\\/\\\/dafinoo.eu\\\/mirmar\\\/wp-content\\\/uploads\\\/2021\\\/03\\\/mirmar_logo.png\",\"width\":256,\"height\":60,\"caption\":\"MIR-MAR\"},\"image\":{\"@id\":\"http:\\\/\\\/dafinoo.eu\\\/mirmar\\\/#\\\/schema\\\/logo\\\/image\\\/\"},\"sameAs\":[\"https:\\\/\\\/facebook.com\\\/mirmareshop\"]}]}<\/script>\n<!-- \/ Yoast SEO plugin. -->","yoast_head_json":{"title":"Bosch GSR 14,4-2 V AKU v\u0155tac\u00ed skrutkova\u010d - MIR-MAR","robots":{"index":"index","follow":"follow","max-snippet":"max-snippet:-1","max-image-preview":"max-image-preview:large","max-video-preview":"max-video-preview:-1"},"canonical":"http:\/\/dafinoo.eu\/mirmar\/obchod\/bosch-gsr-144-2-v-aku-vrtaci-skrutkovac\/","og_locale":"sk_SK","og_type":"article","og_title":"Bosch GSR 14,4-2 V AKU v\u0155tac\u00ed skrutkova\u010d - MIR-MAR","og_description":"nap\u00e4tie akumul\u00e1tora: 14.4 V max. kr\u00fatiaci moment (tuh\u00fd skrutkov\u00fd spoj): 30 Nm vo\u013enobe\u017en\u00e9 ot\u00e1\u010dky (1. stupe\u0148 \/ 2. stupe\u0148): 0 - 400 \/ 1.400 min.-1 min. \/ max. up\u00ednac\u00ed rozsah sk\u013eu\u010dovadla: 1.5 \/ 10 mm z\u00e1vit v\u0155tacieho vretana: 3\/8\" r\u00fdchloup\u00ednacie sk\u013eu\u010dovadlo: 10 mm \u010das nab\u00edjania: cca. 60 min. po\u010det stup\u0148ov kr\u00fatiaceho momentu: 20 + 1 max. \u00f8 vrtu (oce\u013e \/ drevo): 12 \/ 26 mm max. \u00f8 skrutiek: 8 mm","og_url":"http:\/\/dafinoo.eu\/mirmar\/obchod\/bosch-gsr-144-2-v-aku-vrtaci-skrutkovac\/","og_site_name":"MIR-MAR","article_publisher":"https:\/\/facebook.com\/mirmareshop","article_modified_time":"2021-04-19T17:43:34+00:00","og_image":[{"width":107,"height":150,"url":"https:\/\/i0.wp.com\/www.mirmar.sk\/wp-content\/uploads\/2021\/03\/gsr_1.jpg?fit=107%2C150&ssl=1","type":"image\/jpeg"}],"schema":{"@context":"https:\/\/schema.org","@graph":[{"@type":"WebPage","@id":"http:\/\/dafinoo.eu\/mirmar\/obchod\/bosch-gsr-144-2-v-aku-vrtaci-skrutkovac\/","url":"http:\/\/dafinoo.eu\/mirmar\/obchod\/bosch-gsr-144-2-v-aku-vrtaci-skrutkovac\/","name":"Bosch GSR 14,4-2 V AKU v\u0155tac\u00ed skrutkova\u010d - MIR-MAR","isPartOf":{"@id":"http:\/\/dafinoo.eu\/mirmar\/#website"},"primaryImageOfPage":{"@id":"http:\/\/dafinoo.eu\/mirmar\/obchod\/bosch-gsr-144-2-v-aku-vrtaci-skrutkovac\/#primaryimage"},"image":{"@id":"http:\/\/dafinoo.eu\/mirmar\/obchod\/bosch-gsr-144-2-v-aku-vrtaci-skrutkovac\/#primaryimage"},"thumbnailUrl":"http:\/\/dafinoo.eu\/mirmar\/wp-content\/uploads\/2021\/03\/gsr_1.jpg","datePublished":"2021-03-15T16:25:42+00:00","dateModified":"2021-04-19T17:43:34+00:00","breadcrumb":{"@id":"http:\/\/dafinoo.eu\/mirmar\/obchod\/bosch-gsr-144-2-v-aku-vrtaci-skrutkovac\/#breadcrumb"},"inLanguage":"sk-SK","potentialAction":[{"@type":"ReadAction","target":["http:\/\/dafinoo.eu\/mirmar\/obchod\/bosch-gsr-144-2-v-aku-vrtaci-skrutkovac\/"]}]},{"@type":"ImageObject","inLanguage":"sk-SK","@id":"http:\/\/dafinoo.eu\/mirmar\/obchod\/bosch-gsr-144-2-v-aku-vrtaci-skrutkovac\/#primaryimage","url":"http:\/\/dafinoo.eu\/mirmar\/wp-content\/uploads\/2021\/03\/gsr_1.jpg","contentUrl":"http:\/\/dafinoo.eu\/mirmar\/wp-content\/uploads\/2021\/03\/gsr_1.jpg","width":107,"height":150},{"@type":"BreadcrumbList","@id":"http:\/\/dafinoo.eu\/mirmar\/obchod\/bosch-gsr-144-2-v-aku-vrtaci-skrutkovac\/#breadcrumb","itemListElement":[{"@type":"ListItem","position":1,"name":"Domovsk\u00e1 str\u00e1nka","item":"http:\/\/dafinoo.eu\/mirmar\/"},{"@type":"ListItem","position":2,"name":"Obchod","item":"http:\/\/dafinoo.eu\/mirmar\/obchod\/"},{"@type":"ListItem","position":3,"name":"Bosch GSR 14,4-2 V AKU v\u0155tac\u00ed skrutkova\u010d"}]},{"@type":"WebSite","@id":"http:\/\/dafinoo.eu\/mirmar\/#website","url":"http:\/\/dafinoo.eu\/mirmar\/","name":"MIR-MAR","description":"Eshop s n\u00e1rad\u00edm","publisher":{"@id":"http:\/\/dafinoo.eu\/mirmar\/#organization"},"potentialAction":[{"@type":"SearchAction","target":{"@type":"EntryPoint","urlTemplate":"http:\/\/dafinoo.eu\/mirmar\/?s={search_term_string}"},"query-input":{"@type":"PropertyValueSpecification","valueRequired":true,"valueName":"search_term_string"}}],"inLanguage":"sk-SK"},{"@type":"Organization","@id":"http:\/\/dafinoo.eu\/mirmar\/#organization","name":"MIR-MAR","url":"http:\/\/dafinoo.eu\/mirmar\/","logo":{"@type":"ImageObject","inLanguage":"sk-SK","@id":"http:\/\/dafinoo.eu\/mirmar\/#\/schema\/logo\/image\/","url":"http:\/\/dafinoo.eu\/mirmar\/wp-content\/uploads\/2021\/03\/mirmar_logo.png","contentUrl":"http:\/\/dafinoo.eu\/mirmar\/wp-content\/uploads\/2021\/03\/mirmar_logo.png","width":256,"height":60,"caption":"MIR-MAR"},"image":{"@id":"http:\/\/dafinoo.eu\/mirmar\/#\/schema\/logo\/image\/"},"sameAs":["https:\/\/facebook.com\/mirmareshop"]}]}},"_links":{"self":[{"href":"http:\/\/dafinoo.eu\/mirmar\/wp-json\/wp\/v2\/product\/37016","targetHints":{"allow":["GET"]}}],"collection":[{"href":"http:\/\/dafinoo.eu\/mirmar\/wp-json\/wp\/v2\/product"}],"about":[{"href":"http:\/\/dafinoo.eu\/mirmar\/wp-json\/wp\/v2\/types\/product"}],"replies":[{"embeddable":true,"href":"http:\/\/dafinoo.eu\/mirmar\/wp-json\/wp\/v2\/comments?post=37016"}],"wp:featuredmedia":[{"embeddable":true,"href":"http:\/\/dafinoo.eu\/mirmar\/wp-json\/wp\/v2\/media\/37017"}],"wp:attachment":[{"href":"http:\/\/dafinoo.eu\/mirmar\/wp-json\/wp\/v2\/media?parent=37016"}],"wp:term":[{"taxonomy":"product_cat","embeddable":true,"href":"http:\/\/dafinoo.eu\/mirmar\/wp-json\/wp\/v2\/product_cat?post=37016"},{"taxonomy":"product_tag","embeddable":true,"href":"http:\/\/dafinoo.eu\/mirmar\/wp-json\/wp\/v2\/product_tag?post=37016"}],"curies":[{"name":"wp","href":"https:\/\/api.w.org\/{rel}","templated":true}]}}