{"id":37020,"date":"2021-03-15T17:25:42","date_gmt":"2021-03-15T16:25:42","guid":{"rendered":"http:\/\/dafinoo.eu\/mirmar\/product\/bosch-set-gsr-18-v-li-gli-variled-77ks-prislusenstva-ls-boxx\/"},"modified":"2021-04-19T19:43:34","modified_gmt":"2021-04-19T17:43:34","slug":"bosch-set-gsr-18-v-li-gli-variled-77ks-prislusenstva-ls-boxx","status":"publish","type":"product","link":"http:\/\/dafinoo.eu\/mirmar\/obchod\/bosch-set-gsr-18-v-li-gli-variled-77ks-prislusenstva-ls-boxx\/","title":{"rendered":"Bosch set GSR 18 V-LI + GLI VariLED + 77ks pr\u00edslu\u0161enstva + LS-Boxx"},"content":{"rendered":"<p>2x Li-Ion akumul\u00e1tor 2,6 Ah, 75 min. nab\u00edja\u010dka AL 1820 CV, LS-BOXX &#8211; jedine\u010dn\u00fd koncept balenia, 24-dielna sada skrutkovac\u00edch hrotov, 7-dielna sada vrt\u00e1kov do kovu, 7-dielna sada vrt\u00e1kov do dreva, 8-dielna sada vrt\u00e1kov do dreva, 5-dielna sada n\u00e1suvn\u00fdch k\u013e\u00fa\u010dov, 1x univerz\u00e1lny dr\u017eiak<br \/>\n&#8211; nov\u00e1 patentovan\u00e1 prevodovka a nov\u00fd 4 p\u00f3lov\u00fd vysoko v\u00fdkonn\u00fd motor zaru\u010duje ve\u013ek\u00fa silu v najmen\u0161om preveden\u00ed<br \/>\n&#8211; 13 mm auto sk\u013eu\u010dovadlo: pohodln\u00e9 upnutie vrt\u00e1kov a skrutkovac\u00edch bitov<br \/>\n&#8211; 18+1 nastavenie spojky: Dokonal\u00e9 nastavenie kr\u00fatiaceho momentu pre presn\u00e9 skrutkovanie<br \/>\n&#8211; sp\u00edna\u010d s plynulou regul\u00e1ciou ot\u00e1\u010dok pre perfektn\u00fa regul\u00e1ciu r\u00fdchlosti<br \/>\n&#8211; LED di\u00f3da: Osvet\u013euje tmav\u00e9 pracovn\u00e9 priestory<br \/>\n&#8211; klips\u0148a na opasok na pohodln\u00e9 zavesenie na opasok alebo na in\u00e9 objekty po\u010das pr\u00e1ce<br \/>\n&#8211; najkrat\u0161ia d\u013a\u017eka hlavy vo svojej triede (195 mm u 14,4 i 18V): Lep\u0161ia vyv\u00e1\u017eenos\u0165 stroja a jednoduch\u00e9 ovl\u00e1danie pre dokonal\u00fa pr\u00e1cu v stiesnen\u00fdch priestoroch<br \/>\n&#8211; 2 r\u00fdchlosti: Optimalizovan\u00fd kr\u00fatiaci moment pre skrutkovanie a v\u0155tanie<br \/>\n&#8211; motorov\u00e1 brzda na presn\u00e9 skrutkovanie<br \/>\n&#8211; \u0161t\u00edhla pogumovan\u00e1 rukov\u00e4\u0165 = mal\u00fd objem pre zn\u00ed\u017eenie \u00fanavy pri pr\u00e1ci<br \/>\n&#8211; v\u010faka elektronickej ochrane \u010dl\u00e1nkov (ECP) je o 400% vy\u0161\u0161ia \u017eivotnos\u0165 bat\u00e9rie<br \/>\n&#8211; flexibiln\u00fd syst\u00e9m, nab\u00edjania: Kompatibiln\u00fd s bat\u00e9riami 1,3Ah, 2,6Ah a 3,0Ah 18 Volt<\/p>\n","protected":false},"excerpt":{"rendered":"<p>Ve\u013ekos\u0165 nap\u00e4tia akumul\u00e1tora: 18 V<br \/>\nKapacita bat\u00e9ri\u00ed: 2,6 Ah<br \/>\nNajvy\u0161\u0161\u00ed kr\u00fatiaci moment pri tuhom skrutkovom spoji: 67 Nm<br \/>\nNajvy\u0161\u0161\u00ed kr\u00fatiaci moment pri m\u00e4kkom skrutkovom spoji: 28<br \/>\nNajvy\u0161\u0161\u00ed po\u010det ot\u00e1\u010dok pri prvom a druhom stupni: 0 a\u017e 500, 0 a\u017e 1600 za min\u00fatu<br \/>\nAkumul\u00e1tor: Li-Ion<br \/>\nRozsah up\u00ednania n\u00e1strojov v mm: max. 13<br \/>\nCelkov\u00e1 v\u00e1ha s akumul\u00e1torom: 1,9 kg<br \/>\n\u010cas potrebn\u00fd na nabitie akumul\u00e1tora: 30 min\u00fat<br \/>\nRozdelenie kr\u00fatiaceho momentu na stupne: 18+1<br \/>\nCelkov\u00e9 rozmery d\/v v mm: 195&#215;248<br \/>\nNajv\u00e4\u010d\u0161\u00ed priemer pri v\u0155tan\u00ed do dreva v mm: 35<br \/>\nNajv\u00e4\u010d\u0161\u00ed priemer pri v\u0155tan\u00ed do ocele v mm: 13<br \/>\nNajv\u00e4\u010d\u0161\u00ed priemer pri v\u0155tan\u00ed do muriva v mm: 13<br \/>\nNajv\u00e4\u010d\u0161\u00ed priemer skrutiek v mm: 8<br \/>\nDruh up\u00ednacieho sk\u013eu\u010dovadla: r\u00fdchloup\u00ednacie<\/p>\n","protected":false},"featured_media":37021,"comment_status":"closed","ping_status":"open","template":"","meta":{"_lmt_disableupdate":"","_lmt_disable":""},"product_cat":[3257,3106],"product_tag":[],"class_list":{"0":"post-37020","1":"product","2":"type-product","3":"status-publish","4":"has-post-thumbnail","6":"product_cat-set-bosch-profi","7":"product_cat-bosch","8":"ts_product_brand-bosh","10":"first","11":"instock","12":"taxable","13":"shipping-taxable","14":"purchasable","15":"product-type-simple"},"yoast_head":"<!-- This site is optimized with the Yoast SEO plugin v27.3 - https:\/\/yoast.com\/product\/yoast-seo-wordpress\/ -->\n<title>Bosch set GSR 18 V-LI + GLI VariLED + 77ks pr\u00edslu\u0161enstva + LS-Boxx - MIR-MAR<\/title>\n<meta name=\"robots\" content=\"index, follow, max-snippet:-1, max-image-preview:large, max-video-preview:-1\" \/>\n<link rel=\"canonical\" href=\"http:\/\/dafinoo.eu\/mirmar\/obchod\/bosch-set-gsr-18-v-li-gli-variled-77ks-prislusenstva-ls-boxx\/\" \/>\n<meta property=\"og:locale\" content=\"sk_SK\" \/>\n<meta property=\"og:type\" content=\"article\" \/>\n<meta property=\"og:title\" content=\"Bosch set GSR 18 V-LI + GLI VariLED + 77ks pr\u00edslu\u0161enstva + LS-Boxx - MIR-MAR\" \/>\n<meta property=\"og:description\" content=\"Ve\u013ekos\u0165 nap\u00e4tia akumul\u00e1tora: 18 V Kapacita bat\u00e9ri\u00ed: 2,6 Ah Najvy\u0161\u0161\u00ed kr\u00fatiaci moment pri tuhom skrutkovom spoji: 67 Nm Najvy\u0161\u0161\u00ed kr\u00fatiaci moment pri m\u00e4kkom skrutkovom spoji: 28 Najvy\u0161\u0161\u00ed po\u010det ot\u00e1\u010dok pri prvom a druhom stupni: 0 a\u017e 500, 0 a\u017e 1600 za min\u00fatu Akumul\u00e1tor: Li-Ion Rozsah up\u00ednania n\u00e1strojov v mm: max. 13 Celkov\u00e1 v\u00e1ha s akumul\u00e1torom: 1,9 kg \u010cas potrebn\u00fd na nabitie akumul\u00e1tora: 30 min\u00fat Rozdelenie kr\u00fatiaceho momentu na stupne: 18+1 Celkov\u00e9 rozmery d\/v v mm: 195x248 Najv\u00e4\u010d\u0161\u00ed priemer pri v\u0155tan\u00ed do dreva v mm: 35 Najv\u00e4\u010d\u0161\u00ed priemer pri v\u0155tan\u00ed do ocele v mm: 13 Najv\u00e4\u010d\u0161\u00ed priemer pri v\u0155tan\u00ed do muriva v mm: 13 Najv\u00e4\u010d\u0161\u00ed priemer skrutiek v mm: 8 Druh up\u00ednacieho sk\u013eu\u010dovadla: r\u00fdchloup\u00ednacie\" \/>\n<meta property=\"og:url\" content=\"http:\/\/dafinoo.eu\/mirmar\/obchod\/bosch-set-gsr-18-v-li-gli-variled-77ks-prislusenstva-ls-boxx\/\" \/>\n<meta property=\"og:site_name\" content=\"MIR-MAR\" \/>\n<meta property=\"article:publisher\" content=\"https:\/\/facebook.com\/mirmareshop\" \/>\n<meta property=\"article:modified_time\" content=\"2021-04-19T17:43:34+00:00\" \/>\n<meta property=\"og:image\" content=\"https:\/\/i0.wp.com\/www.mirmar.sk\/wp-content\/uploads\/2021\/03\/9_5_1.jpg?fit=80%2C80&ssl=1\" \/>\n\t<meta property=\"og:image:width\" content=\"80\" \/>\n\t<meta property=\"og:image:height\" content=\"80\" \/>\n\t<meta property=\"og:image:type\" content=\"image\/jpeg\" \/>\n<meta name=\"twitter:label1\" content=\"Predpokladan\u00fd \u010das \u010d\u00edtania\" \/>\n\t<meta name=\"twitter:data1\" content=\"1 min\u00fata\" \/>\n<script type=\"application\/ld+json\" class=\"yoast-schema-graph\">{\"@context\":\"https:\\\/\\\/schema.org\",\"@graph\":[{\"@type\":\"WebPage\",\"@id\":\"http:\\\/\\\/dafinoo.eu\\\/mirmar\\\/obchod\\\/bosch-set-gsr-18-v-li-gli-variled-77ks-prislusenstva-ls-boxx\\\/\",\"url\":\"http:\\\/\\\/dafinoo.eu\\\/mirmar\\\/obchod\\\/bosch-set-gsr-18-v-li-gli-variled-77ks-prislusenstva-ls-boxx\\\/\",\"name\":\"Bosch set GSR 18 V-LI + GLI VariLED + 77ks pr\u00edslu\u0161enstva + LS-Boxx - MIR-MAR\",\"isPartOf\":{\"@id\":\"http:\\\/\\\/dafinoo.eu\\\/mirmar\\\/#website\"},\"primaryImageOfPage\":{\"@id\":\"http:\\\/\\\/dafinoo.eu\\\/mirmar\\\/obchod\\\/bosch-set-gsr-18-v-li-gli-variled-77ks-prislusenstva-ls-boxx\\\/#primaryimage\"},\"image\":{\"@id\":\"http:\\\/\\\/dafinoo.eu\\\/mirmar\\\/obchod\\\/bosch-set-gsr-18-v-li-gli-variled-77ks-prislusenstva-ls-boxx\\\/#primaryimage\"},\"thumbnailUrl\":\"http:\\\/\\\/dafinoo.eu\\\/mirmar\\\/wp-content\\\/uploads\\\/2021\\\/03\\\/9_5_1.jpg\",\"datePublished\":\"2021-03-15T16:25:42+00:00\",\"dateModified\":\"2021-04-19T17:43:34+00:00\",\"breadcrumb\":{\"@id\":\"http:\\\/\\\/dafinoo.eu\\\/mirmar\\\/obchod\\\/bosch-set-gsr-18-v-li-gli-variled-77ks-prislusenstva-ls-boxx\\\/#breadcrumb\"},\"inLanguage\":\"sk-SK\",\"potentialAction\":[{\"@type\":\"ReadAction\",\"target\":[\"http:\\\/\\\/dafinoo.eu\\\/mirmar\\\/obchod\\\/bosch-set-gsr-18-v-li-gli-variled-77ks-prislusenstva-ls-boxx\\\/\"]}]},{\"@type\":\"ImageObject\",\"inLanguage\":\"sk-SK\",\"@id\":\"http:\\\/\\\/dafinoo.eu\\\/mirmar\\\/obchod\\\/bosch-set-gsr-18-v-li-gli-variled-77ks-prislusenstva-ls-boxx\\\/#primaryimage\",\"url\":\"http:\\\/\\\/dafinoo.eu\\\/mirmar\\\/wp-content\\\/uploads\\\/2021\\\/03\\\/9_5_1.jpg\",\"contentUrl\":\"http:\\\/\\\/dafinoo.eu\\\/mirmar\\\/wp-content\\\/uploads\\\/2021\\\/03\\\/9_5_1.jpg\",\"width\":80,\"height\":80},{\"@type\":\"BreadcrumbList\",\"@id\":\"http:\\\/\\\/dafinoo.eu\\\/mirmar\\\/obchod\\\/bosch-set-gsr-18-v-li-gli-variled-77ks-prislusenstva-ls-boxx\\\/#breadcrumb\",\"itemListElement\":[{\"@type\":\"ListItem\",\"position\":1,\"name\":\"Domovsk\u00e1 str\u00e1nka\",\"item\":\"http:\\\/\\\/dafinoo.eu\\\/mirmar\\\/\"},{\"@type\":\"ListItem\",\"position\":2,\"name\":\"Obchod\",\"item\":\"http:\\\/\\\/dafinoo.eu\\\/mirmar\\\/obchod\\\/\"},{\"@type\":\"ListItem\",\"position\":3,\"name\":\"Bosch set GSR 18 V-LI + GLI VariLED + 77ks pr\u00edslu\u0161enstva + LS-Boxx\"}]},{\"@type\":\"WebSite\",\"@id\":\"http:\\\/\\\/dafinoo.eu\\\/mirmar\\\/#website\",\"url\":\"http:\\\/\\\/dafinoo.eu\\\/mirmar\\\/\",\"name\":\"MIR-MAR\",\"description\":\"Eshop s n\u00e1rad\u00edm\",\"publisher\":{\"@id\":\"http:\\\/\\\/dafinoo.eu\\\/mirmar\\\/#organization\"},\"potentialAction\":[{\"@type\":\"SearchAction\",\"target\":{\"@type\":\"EntryPoint\",\"urlTemplate\":\"http:\\\/\\\/dafinoo.eu\\\/mirmar\\\/?s={search_term_string}\"},\"query-input\":{\"@type\":\"PropertyValueSpecification\",\"valueRequired\":true,\"valueName\":\"search_term_string\"}}],\"inLanguage\":\"sk-SK\"},{\"@type\":\"Organization\",\"@id\":\"http:\\\/\\\/dafinoo.eu\\\/mirmar\\\/#organization\",\"name\":\"MIR-MAR\",\"url\":\"http:\\\/\\\/dafinoo.eu\\\/mirmar\\\/\",\"logo\":{\"@type\":\"ImageObject\",\"inLanguage\":\"sk-SK\",\"@id\":\"http:\\\/\\\/dafinoo.eu\\\/mirmar\\\/#\\\/schema\\\/logo\\\/image\\\/\",\"url\":\"http:\\\/\\\/dafinoo.eu\\\/mirmar\\\/wp-content\\\/uploads\\\/2021\\\/03\\\/mirmar_logo.png\",\"contentUrl\":\"http:\\\/\\\/dafinoo.eu\\\/mirmar\\\/wp-content\\\/uploads\\\/2021\\\/03\\\/mirmar_logo.png\",\"width\":256,\"height\":60,\"caption\":\"MIR-MAR\"},\"image\":{\"@id\":\"http:\\\/\\\/dafinoo.eu\\\/mirmar\\\/#\\\/schema\\\/logo\\\/image\\\/\"},\"sameAs\":[\"https:\\\/\\\/facebook.com\\\/mirmareshop\"]}]}<\/script>\n<!-- \/ Yoast SEO plugin. -->","yoast_head_json":{"title":"Bosch set GSR 18 V-LI + GLI VariLED + 77ks pr\u00edslu\u0161enstva + LS-Boxx - MIR-MAR","robots":{"index":"index","follow":"follow","max-snippet":"max-snippet:-1","max-image-preview":"max-image-preview:large","max-video-preview":"max-video-preview:-1"},"canonical":"http:\/\/dafinoo.eu\/mirmar\/obchod\/bosch-set-gsr-18-v-li-gli-variled-77ks-prislusenstva-ls-boxx\/","og_locale":"sk_SK","og_type":"article","og_title":"Bosch set GSR 18 V-LI + GLI VariLED + 77ks pr\u00edslu\u0161enstva + LS-Boxx - MIR-MAR","og_description":"Ve\u013ekos\u0165 nap\u00e4tia akumul\u00e1tora: 18 V Kapacita bat\u00e9ri\u00ed: 2,6 Ah Najvy\u0161\u0161\u00ed kr\u00fatiaci moment pri tuhom skrutkovom spoji: 67 Nm Najvy\u0161\u0161\u00ed kr\u00fatiaci moment pri m\u00e4kkom skrutkovom spoji: 28 Najvy\u0161\u0161\u00ed po\u010det ot\u00e1\u010dok pri prvom a druhom stupni: 0 a\u017e 500, 0 a\u017e 1600 za min\u00fatu Akumul\u00e1tor: Li-Ion Rozsah up\u00ednania n\u00e1strojov v mm: max. 13 Celkov\u00e1 v\u00e1ha s akumul\u00e1torom: 1,9 kg \u010cas potrebn\u00fd na nabitie akumul\u00e1tora: 30 min\u00fat Rozdelenie kr\u00fatiaceho momentu na stupne: 18+1 Celkov\u00e9 rozmery d\/v v mm: 195x248 Najv\u00e4\u010d\u0161\u00ed priemer pri v\u0155tan\u00ed do dreva v mm: 35 Najv\u00e4\u010d\u0161\u00ed priemer pri v\u0155tan\u00ed do ocele v mm: 13 Najv\u00e4\u010d\u0161\u00ed priemer pri v\u0155tan\u00ed do muriva v mm: 13 Najv\u00e4\u010d\u0161\u00ed priemer skrutiek v mm: 8 Druh up\u00ednacieho sk\u013eu\u010dovadla: r\u00fdchloup\u00ednacie","og_url":"http:\/\/dafinoo.eu\/mirmar\/obchod\/bosch-set-gsr-18-v-li-gli-variled-77ks-prislusenstva-ls-boxx\/","og_site_name":"MIR-MAR","article_publisher":"https:\/\/facebook.com\/mirmareshop","article_modified_time":"2021-04-19T17:43:34+00:00","og_image":[{"width":80,"height":80,"url":"https:\/\/i0.wp.com\/www.mirmar.sk\/wp-content\/uploads\/2021\/03\/9_5_1.jpg?fit=80%2C80&ssl=1","type":"image\/jpeg"}],"twitter_misc":{"Predpokladan\u00fd \u010das \u010d\u00edtania":"1 min\u00fata"},"schema":{"@context":"https:\/\/schema.org","@graph":[{"@type":"WebPage","@id":"http:\/\/dafinoo.eu\/mirmar\/obchod\/bosch-set-gsr-18-v-li-gli-variled-77ks-prislusenstva-ls-boxx\/","url":"http:\/\/dafinoo.eu\/mirmar\/obchod\/bosch-set-gsr-18-v-li-gli-variled-77ks-prislusenstva-ls-boxx\/","name":"Bosch set GSR 18 V-LI + GLI VariLED + 77ks pr\u00edslu\u0161enstva + LS-Boxx - MIR-MAR","isPartOf":{"@id":"http:\/\/dafinoo.eu\/mirmar\/#website"},"primaryImageOfPage":{"@id":"http:\/\/dafinoo.eu\/mirmar\/obchod\/bosch-set-gsr-18-v-li-gli-variled-77ks-prislusenstva-ls-boxx\/#primaryimage"},"image":{"@id":"http:\/\/dafinoo.eu\/mirmar\/obchod\/bosch-set-gsr-18-v-li-gli-variled-77ks-prislusenstva-ls-boxx\/#primaryimage"},"thumbnailUrl":"http:\/\/dafinoo.eu\/mirmar\/wp-content\/uploads\/2021\/03\/9_5_1.jpg","datePublished":"2021-03-15T16:25:42+00:00","dateModified":"2021-04-19T17:43:34+00:00","breadcrumb":{"@id":"http:\/\/dafinoo.eu\/mirmar\/obchod\/bosch-set-gsr-18-v-li-gli-variled-77ks-prislusenstva-ls-boxx\/#breadcrumb"},"inLanguage":"sk-SK","potentialAction":[{"@type":"ReadAction","target":["http:\/\/dafinoo.eu\/mirmar\/obchod\/bosch-set-gsr-18-v-li-gli-variled-77ks-prislusenstva-ls-boxx\/"]}]},{"@type":"ImageObject","inLanguage":"sk-SK","@id":"http:\/\/dafinoo.eu\/mirmar\/obchod\/bosch-set-gsr-18-v-li-gli-variled-77ks-prislusenstva-ls-boxx\/#primaryimage","url":"http:\/\/dafinoo.eu\/mirmar\/wp-content\/uploads\/2021\/03\/9_5_1.jpg","contentUrl":"http:\/\/dafinoo.eu\/mirmar\/wp-content\/uploads\/2021\/03\/9_5_1.jpg","width":80,"height":80},{"@type":"BreadcrumbList","@id":"http:\/\/dafinoo.eu\/mirmar\/obchod\/bosch-set-gsr-18-v-li-gli-variled-77ks-prislusenstva-ls-boxx\/#breadcrumb","itemListElement":[{"@type":"ListItem","position":1,"name":"Domovsk\u00e1 str\u00e1nka","item":"http:\/\/dafinoo.eu\/mirmar\/"},{"@type":"ListItem","position":2,"name":"Obchod","item":"http:\/\/dafinoo.eu\/mirmar\/obchod\/"},{"@type":"ListItem","position":3,"name":"Bosch set GSR 18 V-LI + GLI VariLED + 77ks pr\u00edslu\u0161enstva + LS-Boxx"}]},{"@type":"WebSite","@id":"http:\/\/dafinoo.eu\/mirmar\/#website","url":"http:\/\/dafinoo.eu\/mirmar\/","name":"MIR-MAR","description":"Eshop s n\u00e1rad\u00edm","publisher":{"@id":"http:\/\/dafinoo.eu\/mirmar\/#organization"},"potentialAction":[{"@type":"SearchAction","target":{"@type":"EntryPoint","urlTemplate":"http:\/\/dafinoo.eu\/mirmar\/?s={search_term_string}"},"query-input":{"@type":"PropertyValueSpecification","valueRequired":true,"valueName":"search_term_string"}}],"inLanguage":"sk-SK"},{"@type":"Organization","@id":"http:\/\/dafinoo.eu\/mirmar\/#organization","name":"MIR-MAR","url":"http:\/\/dafinoo.eu\/mirmar\/","logo":{"@type":"ImageObject","inLanguage":"sk-SK","@id":"http:\/\/dafinoo.eu\/mirmar\/#\/schema\/logo\/image\/","url":"http:\/\/dafinoo.eu\/mirmar\/wp-content\/uploads\/2021\/03\/mirmar_logo.png","contentUrl":"http:\/\/dafinoo.eu\/mirmar\/wp-content\/uploads\/2021\/03\/mirmar_logo.png","width":256,"height":60,"caption":"MIR-MAR"},"image":{"@id":"http:\/\/dafinoo.eu\/mirmar\/#\/schema\/logo\/image\/"},"sameAs":["https:\/\/facebook.com\/mirmareshop"]}]}},"_links":{"self":[{"href":"http:\/\/dafinoo.eu\/mirmar\/wp-json\/wp\/v2\/product\/37020","targetHints":{"allow":["GET"]}}],"collection":[{"href":"http:\/\/dafinoo.eu\/mirmar\/wp-json\/wp\/v2\/product"}],"about":[{"href":"http:\/\/dafinoo.eu\/mirmar\/wp-json\/wp\/v2\/types\/product"}],"replies":[{"embeddable":true,"href":"http:\/\/dafinoo.eu\/mirmar\/wp-json\/wp\/v2\/comments?post=37020"}],"wp:featuredmedia":[{"embeddable":true,"href":"http:\/\/dafinoo.eu\/mirmar\/wp-json\/wp\/v2\/media\/37021"}],"wp:attachment":[{"href":"http:\/\/dafinoo.eu\/mirmar\/wp-json\/wp\/v2\/media?parent=37020"}],"wp:term":[{"taxonomy":"product_cat","embeddable":true,"href":"http:\/\/dafinoo.eu\/mirmar\/wp-json\/wp\/v2\/product_cat?post=37020"},{"taxonomy":"product_tag","embeddable":true,"href":"http:\/\/dafinoo.eu\/mirmar\/wp-json\/wp\/v2\/product_tag?post=37020"}],"curies":[{"name":"wp","href":"https:\/\/api.w.org\/{rel}","templated":true}]}}