{"id":37026,"date":"2021-03-15T17:25:42","date_gmt":"2021-03-15T16:25:42","guid":{"rendered":"http:\/\/dafinoo.eu\/mirmar\/product\/bosch-set-gsa-108-v-li-gsr-108-2-li-l-boxx\/"},"modified":"2021-04-19T19:43:36","modified_gmt":"2021-04-19T17:43:36","slug":"bosch-set-gsa-108-v-li-gsr-108-2-li-l-boxx","status":"publish","type":"product","link":"http:\/\/dafinoo.eu\/mirmar\/obchod\/bosch-set-gsa-108-v-li-gsr-108-2-li-l-boxx\/","title":{"rendered":"Bosch set GSA 10,8 V-LI + GSR 10,8-2-LI + L-BOXX"},"content":{"rendered":"<p>BOSCH GSA 10,8 V-LI PROFESSIONAL<br \/>\n&#8211; Najlep\u0161\u00ed tvar kon\u0161trukcie v triede na perfektn\u00e9 ovl\u00e1danie s r\u00f4znym pou\u017eit\u00edm pri pr\u00e1ci s drevom, kovoom alebo plastom<br \/>\n&#8211; S v\u00fdnimo\u010dnou ergon\u00f3miou &#8211; rukov\u00e4\u0165 s minim\u00e1lnym obvodom a n\u00edzkou v\u00e1hou iba 1,2 kg na maxim\u00e1lne pohodln\u00fa pr\u00e1cu<br \/>\n&#8211; So stavom nabitia akumul\u00e1tora, ktor\u00fd signalizuje indik\u00e1tor &#8211; dobr\u00fd preh\u013ead o ve\u013ekosti energie v akumul\u00e1tore<br \/>\n&#8211; Bleskur\u00fdchla a pohodln\u00e1 v\u00fdmena p\u00edlov\u00fdch pl\u00e1tkov &#8211; Syst\u00e9m BOSCH SDS<br \/>\n&#8211; \u0161tvorn\u00e1sobne dlh\u0161ia \u017eivotnos\u0165 Li-Ion akumul\u00e1tora<br \/>\n&#8211; ECP &#8211; ochrana \u010dl\u00e1nkov riaden\u00e1 elektronicky, chr\u00e1ni akumul\u00e1tor proti pre\u0165a\u017eeniu, prehriatiu a nadmern\u00e9mu vybitiu<br \/>\n&#8211; Mo\u017enos\u0165 nastavi\u0165 r\u00fdchlos\u0165 ot\u00e1\u010dok pre r\u00f4zne druhy materi\u00e1lu<br \/>\n&#8211; Bez pam\u00e4\u0165ov\u00e9ho efektu, mo\u017enos\u0165 op\u00e4tovne nabi\u0165 \u010dl\u00e1nok aj ke\u010f nie je celkom vybit\u00fd bez toho, aby sa \u010dl\u00e1nky po\u0161kodili<br \/>\n&#8211; Elektronick\u00e9 funkcie<br \/>\n&#8211; Tlmenie rukov\u00e4te m\u00e4kkou vlo\u017ekou<br \/>\n&#8211; P\u00edlov\u00fd list s ot\u00e1\u010dan\u00edm &#8211; na rezanie pre r\u00f4zne situ\u00e1cie<br \/>\n&#8211; Ochrana proti prachu<br \/>\n&#8211; S m\u00e4kk\u00fdm \u0161tartom &#8211; vyu\u017eitie: pri rezan\u00ed materi\u00e1lov r\u00f4znych vlastnost\u00ed<br \/>\n&#8211; Ukazovate\u013e vysokej, resp. n\u00edzkej teploty a ukazovate\u013e pri prep\u00e4t\u00ed: Ochrana pred prehriat\u00edm a pre\u0165a\u017een\u00edm (EMP).<br \/>\nBOSCH GSR 10,8-2-LI PROFESSIONAL<br \/>\n&#8211; \u0161tvorn\u00e1sobne dlh\u0161ia \u017eivotnos\u0165 Li-Ion akumul\u00e1tora<br \/>\n&#8211; ECP &#8211; ochrana \u010dl\u00e1nkov riaden\u00e1 elektronicky, chr\u00e1ni akumul\u00e1tor proti pre\u0165a\u017eeniu, prehriatiu a nadmern\u00e9mu vybitiu<br \/>\n&#8211; osvetlenie miesta skrutkovania s trojit\u00fdm LED svetlom<br \/>\n&#8211; zabrzdenie motora pre presn\u00fa pr\u00e1cu pri s\u00e9riovom skrutkovan\u00ed<br \/>\n&#8211; BHC &#8211; nabitie akumul\u00e1tora na 75 % za polovi\u010dn\u00fd \u010das nab\u00edjania<br \/>\n&#8211; bez pam\u00e4\u0165ov\u00e9ho efektu, mo\u017enos\u0165 op\u00e4tovne nabi\u0165 \u010dl\u00e1nok aj ke\u010f nie je celkom vybit\u00fd bez toho, aby sa \u010dl\u00e1nky po\u0161kodili<br \/>\n&#8211; dvojstup\u0148ov\u00e1 prevodovka<br \/>\n&#8211; funkcia v\u0155tania a skrutkovania<br \/>\n&#8211; chod vpravo a v\u013eavo<br \/>\n&#8211; elektronick\u00e9 funkcie<br \/>\n&#8211; Autolock<br \/>\n&#8211; tlmenie rukov\u00e4te m\u00e4kkou vlo\u017ekou<br \/>\n&#8211; 3 x LED osvetlenie<br \/>\nSET OBSAHUJE:<br \/>\n2x Li-on akumul\u00e1tor 1,3 Ah (2 607 336 014), r\u00fdchlonab\u00edja\u010dku AL 1130 CV (2 607 225 134), spolo\u010dn\u00fd L-Boxx ve\u013ekosti 1 (2 608 438 691), vlo\u017eku do L-Boxx-u<\/p>\n","protected":false},"excerpt":{"rendered":"<p>BOSCH GSA 10,8 V-LI PROFESSIONAL<br \/>\nVe\u013ekos\u0165 nap\u00e4tia akumul\u00e1tora: 10,8 V<br \/>\nNajvy\u0161\u0161\u00ed po\u010det ot\u00e1\u010dok: 0 a\u017e 3000 za min\u00fatu<br \/>\nZdvih &#8211; d\u013a\u017eka v mm: 14,5<br \/>\nCelkov\u00e1 v\u00e1ha: 1,2 kg<br \/>\nBOSCH GSR 10,8-2-LI PROFESSIONAL<br \/>\nVe\u013ekos\u0165 nap\u00e4tia akumul\u00e1tora: 10,8 V<br \/>\nVe\u013ekos\u0165 kapacity akumul\u00e1tora: 1,3 Ah<br \/>\nNajvy\u0161\u0161\u00ed kr\u00fatiaci moment pri tuhom skrutkovom spoji: 30 Nm<br \/>\nNajvy\u0161\u0161\u00ed kr\u00fatiaci moment pri m\u00e4kkom skrutkovom spoji: 13 Nm<br \/>\nNajvy\u0161\u0161\u00ed po\u010det ot\u00e1\u010dok pri prvom a druhom stupni: 0 a\u017e 350, 1300 za min\u00fatu<br \/>\nAkumul\u00e1tor: Li-Ion<br \/>\nRozsah up\u00ednania n\u00e1strojov v mm: 1 a\u017e 10<br \/>\nCelkov\u00e1 v\u00e1ha: 0,95 kg<br \/>\nRozdelenie kr\u00fatiaceho momentu na stupne: 20+1<br \/>\nCelkov\u00e1 d\u013a\u017eka v mm: 169<br \/>\nNajv\u00e4\u010d\u0161\u00ed priemer pri v\u0155tan\u00ed do dreva v mm: 19<br \/>\nNajv\u00e4\u010d\u0161\u00ed priemer pri v\u0155tan\u00ed do ocele v mm: 10<br \/>\nNajv\u00e4\u010d\u0161\u00ed priemer skrutiek v mm: 7<\/p>\n","protected":false},"featured_media":37027,"comment_status":"closed","ping_status":"open","template":"","meta":{"_lmt_disableupdate":"","_lmt_disable":""},"product_cat":[3257,3106],"product_tag":[],"class_list":{"0":"post-37026","1":"product","2":"type-product","3":"status-publish","4":"has-post-thumbnail","6":"product_cat-set-bosch-profi","7":"product_cat-bosch","8":"ts_product_brand-bosh","10":"first","11":"instock","12":"taxable","13":"shipping-taxable","14":"purchasable","15":"product-type-simple"},"yoast_head":"<!-- This site is optimized with the Yoast SEO plugin v27.3 - https:\/\/yoast.com\/product\/yoast-seo-wordpress\/ -->\n<title>Bosch set GSA 10,8 V-LI + GSR 10,8-2-LI + L-BOXX - MIR-MAR<\/title>\n<meta name=\"robots\" content=\"index, follow, max-snippet:-1, max-image-preview:large, max-video-preview:-1\" \/>\n<link rel=\"canonical\" href=\"http:\/\/dafinoo.eu\/mirmar\/obchod\/bosch-set-gsa-108-v-li-gsr-108-2-li-l-boxx\/\" \/>\n<meta property=\"og:locale\" content=\"sk_SK\" \/>\n<meta property=\"og:type\" content=\"article\" \/>\n<meta property=\"og:title\" content=\"Bosch set GSA 10,8 V-LI + GSR 10,8-2-LI + L-BOXX - MIR-MAR\" \/>\n<meta property=\"og:description\" content=\"BOSCH GSA 10,8 V-LI PROFESSIONAL Ve\u013ekos\u0165 nap\u00e4tia akumul\u00e1tora: 10,8 V Najvy\u0161\u0161\u00ed po\u010det ot\u00e1\u010dok: 0 a\u017e 3000 za min\u00fatu Zdvih - d\u013a\u017eka v mm: 14,5 Celkov\u00e1 v\u00e1ha: 1,2 kg BOSCH GSR 10,8-2-LI PROFESSIONAL Ve\u013ekos\u0165 nap\u00e4tia akumul\u00e1tora: 10,8 V Ve\u013ekos\u0165 kapacity akumul\u00e1tora: 1,3 Ah Najvy\u0161\u0161\u00ed kr\u00fatiaci moment pri tuhom skrutkovom spoji: 30 Nm Najvy\u0161\u0161\u00ed kr\u00fatiaci moment pri m\u00e4kkom skrutkovom spoji: 13 Nm Najvy\u0161\u0161\u00ed po\u010det ot\u00e1\u010dok pri prvom a druhom stupni: 0 a\u017e 350, 1300 za min\u00fatu Akumul\u00e1tor: Li-Ion Rozsah up\u00ednania n\u00e1strojov v mm: 1 a\u017e 10 Celkov\u00e1 v\u00e1ha: 0,95 kg Rozdelenie kr\u00fatiaceho momentu na stupne: 20+1 Celkov\u00e1 d\u013a\u017eka v mm: 169 Najv\u00e4\u010d\u0161\u00ed priemer pri v\u0155tan\u00ed do dreva v mm: 19 Najv\u00e4\u010d\u0161\u00ed priemer pri v\u0155tan\u00ed do ocele v mm: 10 Najv\u00e4\u010d\u0161\u00ed priemer skrutiek v mm: 7\" \/>\n<meta property=\"og:url\" content=\"http:\/\/dafinoo.eu\/mirmar\/obchod\/bosch-set-gsa-108-v-li-gsr-108-2-li-l-boxx\/\" \/>\n<meta property=\"og:site_name\" content=\"MIR-MAR\" \/>\n<meta property=\"article:publisher\" content=\"https:\/\/facebook.com\/mirmareshop\" \/>\n<meta property=\"article:modified_time\" content=\"2021-04-19T17:43:36+00:00\" \/>\n<meta property=\"og:image\" content=\"https:\/\/i2.wp.com\/www.mirmar.sk\/wp-content\/uploads\/2021\/03\/6_1_1_1.jpg?fit=80%2C80&ssl=1\" \/>\n\t<meta property=\"og:image:width\" content=\"80\" \/>\n\t<meta property=\"og:image:height\" content=\"80\" \/>\n\t<meta property=\"og:image:type\" content=\"image\/jpeg\" \/>\n<meta name=\"twitter:label1\" content=\"Predpokladan\u00fd \u010das \u010d\u00edtania\" \/>\n\t<meta name=\"twitter:data1\" content=\"2 min\u00faty\" \/>\n<script type=\"application\/ld+json\" class=\"yoast-schema-graph\">{\"@context\":\"https:\\\/\\\/schema.org\",\"@graph\":[{\"@type\":\"WebPage\",\"@id\":\"http:\\\/\\\/dafinoo.eu\\\/mirmar\\\/obchod\\\/bosch-set-gsa-108-v-li-gsr-108-2-li-l-boxx\\\/\",\"url\":\"http:\\\/\\\/dafinoo.eu\\\/mirmar\\\/obchod\\\/bosch-set-gsa-108-v-li-gsr-108-2-li-l-boxx\\\/\",\"name\":\"Bosch set GSA 10,8 V-LI + GSR 10,8-2-LI + L-BOXX - MIR-MAR\",\"isPartOf\":{\"@id\":\"http:\\\/\\\/dafinoo.eu\\\/mirmar\\\/#website\"},\"primaryImageOfPage\":{\"@id\":\"http:\\\/\\\/dafinoo.eu\\\/mirmar\\\/obchod\\\/bosch-set-gsa-108-v-li-gsr-108-2-li-l-boxx\\\/#primaryimage\"},\"image\":{\"@id\":\"http:\\\/\\\/dafinoo.eu\\\/mirmar\\\/obchod\\\/bosch-set-gsa-108-v-li-gsr-108-2-li-l-boxx\\\/#primaryimage\"},\"thumbnailUrl\":\"http:\\\/\\\/dafinoo.eu\\\/mirmar\\\/wp-content\\\/uploads\\\/2021\\\/03\\\/6_1_1_1.jpg\",\"datePublished\":\"2021-03-15T16:25:42+00:00\",\"dateModified\":\"2021-04-19T17:43:36+00:00\",\"breadcrumb\":{\"@id\":\"http:\\\/\\\/dafinoo.eu\\\/mirmar\\\/obchod\\\/bosch-set-gsa-108-v-li-gsr-108-2-li-l-boxx\\\/#breadcrumb\"},\"inLanguage\":\"sk-SK\",\"potentialAction\":[{\"@type\":\"ReadAction\",\"target\":[\"http:\\\/\\\/dafinoo.eu\\\/mirmar\\\/obchod\\\/bosch-set-gsa-108-v-li-gsr-108-2-li-l-boxx\\\/\"]}]},{\"@type\":\"ImageObject\",\"inLanguage\":\"sk-SK\",\"@id\":\"http:\\\/\\\/dafinoo.eu\\\/mirmar\\\/obchod\\\/bosch-set-gsa-108-v-li-gsr-108-2-li-l-boxx\\\/#primaryimage\",\"url\":\"http:\\\/\\\/dafinoo.eu\\\/mirmar\\\/wp-content\\\/uploads\\\/2021\\\/03\\\/6_1_1_1.jpg\",\"contentUrl\":\"http:\\\/\\\/dafinoo.eu\\\/mirmar\\\/wp-content\\\/uploads\\\/2021\\\/03\\\/6_1_1_1.jpg\",\"width\":80,\"height\":80},{\"@type\":\"BreadcrumbList\",\"@id\":\"http:\\\/\\\/dafinoo.eu\\\/mirmar\\\/obchod\\\/bosch-set-gsa-108-v-li-gsr-108-2-li-l-boxx\\\/#breadcrumb\",\"itemListElement\":[{\"@type\":\"ListItem\",\"position\":1,\"name\":\"Domovsk\u00e1 str\u00e1nka\",\"item\":\"http:\\\/\\\/dafinoo.eu\\\/mirmar\\\/\"},{\"@type\":\"ListItem\",\"position\":2,\"name\":\"Obchod\",\"item\":\"http:\\\/\\\/dafinoo.eu\\\/mirmar\\\/obchod\\\/\"},{\"@type\":\"ListItem\",\"position\":3,\"name\":\"Bosch set GSA 10,8 V-LI + GSR 10,8-2-LI + L-BOXX\"}]},{\"@type\":\"WebSite\",\"@id\":\"http:\\\/\\\/dafinoo.eu\\\/mirmar\\\/#website\",\"url\":\"http:\\\/\\\/dafinoo.eu\\\/mirmar\\\/\",\"name\":\"MIR-MAR\",\"description\":\"Eshop s n\u00e1rad\u00edm\",\"publisher\":{\"@id\":\"http:\\\/\\\/dafinoo.eu\\\/mirmar\\\/#organization\"},\"potentialAction\":[{\"@type\":\"SearchAction\",\"target\":{\"@type\":\"EntryPoint\",\"urlTemplate\":\"http:\\\/\\\/dafinoo.eu\\\/mirmar\\\/?s={search_term_string}\"},\"query-input\":{\"@type\":\"PropertyValueSpecification\",\"valueRequired\":true,\"valueName\":\"search_term_string\"}}],\"inLanguage\":\"sk-SK\"},{\"@type\":\"Organization\",\"@id\":\"http:\\\/\\\/dafinoo.eu\\\/mirmar\\\/#organization\",\"name\":\"MIR-MAR\",\"url\":\"http:\\\/\\\/dafinoo.eu\\\/mirmar\\\/\",\"logo\":{\"@type\":\"ImageObject\",\"inLanguage\":\"sk-SK\",\"@id\":\"http:\\\/\\\/dafinoo.eu\\\/mirmar\\\/#\\\/schema\\\/logo\\\/image\\\/\",\"url\":\"http:\\\/\\\/dafinoo.eu\\\/mirmar\\\/wp-content\\\/uploads\\\/2021\\\/03\\\/mirmar_logo.png\",\"contentUrl\":\"http:\\\/\\\/dafinoo.eu\\\/mirmar\\\/wp-content\\\/uploads\\\/2021\\\/03\\\/mirmar_logo.png\",\"width\":256,\"height\":60,\"caption\":\"MIR-MAR\"},\"image\":{\"@id\":\"http:\\\/\\\/dafinoo.eu\\\/mirmar\\\/#\\\/schema\\\/logo\\\/image\\\/\"},\"sameAs\":[\"https:\\\/\\\/facebook.com\\\/mirmareshop\"]}]}<\/script>\n<!-- \/ Yoast SEO plugin. -->","yoast_head_json":{"title":"Bosch set GSA 10,8 V-LI + GSR 10,8-2-LI + L-BOXX - MIR-MAR","robots":{"index":"index","follow":"follow","max-snippet":"max-snippet:-1","max-image-preview":"max-image-preview:large","max-video-preview":"max-video-preview:-1"},"canonical":"http:\/\/dafinoo.eu\/mirmar\/obchod\/bosch-set-gsa-108-v-li-gsr-108-2-li-l-boxx\/","og_locale":"sk_SK","og_type":"article","og_title":"Bosch set GSA 10,8 V-LI + GSR 10,8-2-LI + L-BOXX - MIR-MAR","og_description":"BOSCH GSA 10,8 V-LI PROFESSIONAL Ve\u013ekos\u0165 nap\u00e4tia akumul\u00e1tora: 10,8 V Najvy\u0161\u0161\u00ed po\u010det ot\u00e1\u010dok: 0 a\u017e 3000 za min\u00fatu Zdvih - d\u013a\u017eka v mm: 14,5 Celkov\u00e1 v\u00e1ha: 1,2 kg BOSCH GSR 10,8-2-LI PROFESSIONAL Ve\u013ekos\u0165 nap\u00e4tia akumul\u00e1tora: 10,8 V Ve\u013ekos\u0165 kapacity akumul\u00e1tora: 1,3 Ah Najvy\u0161\u0161\u00ed kr\u00fatiaci moment pri tuhom skrutkovom spoji: 30 Nm Najvy\u0161\u0161\u00ed kr\u00fatiaci moment pri m\u00e4kkom skrutkovom spoji: 13 Nm Najvy\u0161\u0161\u00ed po\u010det ot\u00e1\u010dok pri prvom a druhom stupni: 0 a\u017e 350, 1300 za min\u00fatu Akumul\u00e1tor: Li-Ion Rozsah up\u00ednania n\u00e1strojov v mm: 1 a\u017e 10 Celkov\u00e1 v\u00e1ha: 0,95 kg Rozdelenie kr\u00fatiaceho momentu na stupne: 20+1 Celkov\u00e1 d\u013a\u017eka v mm: 169 Najv\u00e4\u010d\u0161\u00ed priemer pri v\u0155tan\u00ed do dreva v mm: 19 Najv\u00e4\u010d\u0161\u00ed priemer pri v\u0155tan\u00ed do ocele v mm: 10 Najv\u00e4\u010d\u0161\u00ed priemer skrutiek v mm: 7","og_url":"http:\/\/dafinoo.eu\/mirmar\/obchod\/bosch-set-gsa-108-v-li-gsr-108-2-li-l-boxx\/","og_site_name":"MIR-MAR","article_publisher":"https:\/\/facebook.com\/mirmareshop","article_modified_time":"2021-04-19T17:43:36+00:00","og_image":[{"width":80,"height":80,"url":"https:\/\/i2.wp.com\/www.mirmar.sk\/wp-content\/uploads\/2021\/03\/6_1_1_1.jpg?fit=80%2C80&ssl=1","type":"image\/jpeg"}],"twitter_misc":{"Predpokladan\u00fd \u010das \u010d\u00edtania":"2 min\u00faty"},"schema":{"@context":"https:\/\/schema.org","@graph":[{"@type":"WebPage","@id":"http:\/\/dafinoo.eu\/mirmar\/obchod\/bosch-set-gsa-108-v-li-gsr-108-2-li-l-boxx\/","url":"http:\/\/dafinoo.eu\/mirmar\/obchod\/bosch-set-gsa-108-v-li-gsr-108-2-li-l-boxx\/","name":"Bosch set GSA 10,8 V-LI + GSR 10,8-2-LI + L-BOXX - MIR-MAR","isPartOf":{"@id":"http:\/\/dafinoo.eu\/mirmar\/#website"},"primaryImageOfPage":{"@id":"http:\/\/dafinoo.eu\/mirmar\/obchod\/bosch-set-gsa-108-v-li-gsr-108-2-li-l-boxx\/#primaryimage"},"image":{"@id":"http:\/\/dafinoo.eu\/mirmar\/obchod\/bosch-set-gsa-108-v-li-gsr-108-2-li-l-boxx\/#primaryimage"},"thumbnailUrl":"http:\/\/dafinoo.eu\/mirmar\/wp-content\/uploads\/2021\/03\/6_1_1_1.jpg","datePublished":"2021-03-15T16:25:42+00:00","dateModified":"2021-04-19T17:43:36+00:00","breadcrumb":{"@id":"http:\/\/dafinoo.eu\/mirmar\/obchod\/bosch-set-gsa-108-v-li-gsr-108-2-li-l-boxx\/#breadcrumb"},"inLanguage":"sk-SK","potentialAction":[{"@type":"ReadAction","target":["http:\/\/dafinoo.eu\/mirmar\/obchod\/bosch-set-gsa-108-v-li-gsr-108-2-li-l-boxx\/"]}]},{"@type":"ImageObject","inLanguage":"sk-SK","@id":"http:\/\/dafinoo.eu\/mirmar\/obchod\/bosch-set-gsa-108-v-li-gsr-108-2-li-l-boxx\/#primaryimage","url":"http:\/\/dafinoo.eu\/mirmar\/wp-content\/uploads\/2021\/03\/6_1_1_1.jpg","contentUrl":"http:\/\/dafinoo.eu\/mirmar\/wp-content\/uploads\/2021\/03\/6_1_1_1.jpg","width":80,"height":80},{"@type":"BreadcrumbList","@id":"http:\/\/dafinoo.eu\/mirmar\/obchod\/bosch-set-gsa-108-v-li-gsr-108-2-li-l-boxx\/#breadcrumb","itemListElement":[{"@type":"ListItem","position":1,"name":"Domovsk\u00e1 str\u00e1nka","item":"http:\/\/dafinoo.eu\/mirmar\/"},{"@type":"ListItem","position":2,"name":"Obchod","item":"http:\/\/dafinoo.eu\/mirmar\/obchod\/"},{"@type":"ListItem","position":3,"name":"Bosch set GSA 10,8 V-LI + GSR 10,8-2-LI + L-BOXX"}]},{"@type":"WebSite","@id":"http:\/\/dafinoo.eu\/mirmar\/#website","url":"http:\/\/dafinoo.eu\/mirmar\/","name":"MIR-MAR","description":"Eshop s n\u00e1rad\u00edm","publisher":{"@id":"http:\/\/dafinoo.eu\/mirmar\/#organization"},"potentialAction":[{"@type":"SearchAction","target":{"@type":"EntryPoint","urlTemplate":"http:\/\/dafinoo.eu\/mirmar\/?s={search_term_string}"},"query-input":{"@type":"PropertyValueSpecification","valueRequired":true,"valueName":"search_term_string"}}],"inLanguage":"sk-SK"},{"@type":"Organization","@id":"http:\/\/dafinoo.eu\/mirmar\/#organization","name":"MIR-MAR","url":"http:\/\/dafinoo.eu\/mirmar\/","logo":{"@type":"ImageObject","inLanguage":"sk-SK","@id":"http:\/\/dafinoo.eu\/mirmar\/#\/schema\/logo\/image\/","url":"http:\/\/dafinoo.eu\/mirmar\/wp-content\/uploads\/2021\/03\/mirmar_logo.png","contentUrl":"http:\/\/dafinoo.eu\/mirmar\/wp-content\/uploads\/2021\/03\/mirmar_logo.png","width":256,"height":60,"caption":"MIR-MAR"},"image":{"@id":"http:\/\/dafinoo.eu\/mirmar\/#\/schema\/logo\/image\/"},"sameAs":["https:\/\/facebook.com\/mirmareshop"]}]}},"_links":{"self":[{"href":"http:\/\/dafinoo.eu\/mirmar\/wp-json\/wp\/v2\/product\/37026","targetHints":{"allow":["GET"]}}],"collection":[{"href":"http:\/\/dafinoo.eu\/mirmar\/wp-json\/wp\/v2\/product"}],"about":[{"href":"http:\/\/dafinoo.eu\/mirmar\/wp-json\/wp\/v2\/types\/product"}],"replies":[{"embeddable":true,"href":"http:\/\/dafinoo.eu\/mirmar\/wp-json\/wp\/v2\/comments?post=37026"}],"wp:featuredmedia":[{"embeddable":true,"href":"http:\/\/dafinoo.eu\/mirmar\/wp-json\/wp\/v2\/media\/37027"}],"wp:attachment":[{"href":"http:\/\/dafinoo.eu\/mirmar\/wp-json\/wp\/v2\/media?parent=37026"}],"wp:term":[{"taxonomy":"product_cat","embeddable":true,"href":"http:\/\/dafinoo.eu\/mirmar\/wp-json\/wp\/v2\/product_cat?post=37026"},{"taxonomy":"product_tag","embeddable":true,"href":"http:\/\/dafinoo.eu\/mirmar\/wp-json\/wp\/v2\/product_tag?post=37026"}],"curies":[{"name":"wp","href":"https:\/\/api.w.org\/{rel}","templated":true}]}}