{"id":37028,"date":"2021-03-15T17:25:42","date_gmt":"2021-03-15T16:25:42","guid":{"rendered":"http:\/\/dafinoo.eu\/mirmar\/product\/bosch-set-bosch-gsr-144-v-li-gdr-144-v-li-l-boxx\/"},"modified":"2021-04-19T19:43:36","modified_gmt":"2021-04-19T17:43:36","slug":"bosch-set-bosch-gsr-144-v-li-gdr-144-v-li-l-boxx","status":"publish","type":"product","link":"http:\/\/dafinoo.eu\/mirmar\/obchod\/bosch-set-bosch-gsr-144-v-li-gdr-144-v-li-l-boxx\/","title":{"rendered":"Bosch Set Bosch GSR 14,4 V-LI + GDR 14,4 V-LI + L-BOXX"},"content":{"rendered":"<p>BOSCH GSR 14,4 V-LI PROFESSIONAL<br \/>\n&#8211; najkrat\u0161\u00ed akumul\u00e1torov\u00fd skrutkova\u010d v triede &#8211; len 185 mm: perfektn\u00e1 manipul\u00e1cia<br \/>\n&#8211; pri jednom nabit\u00ed zaskrutkuje a\u017e 317 skrutiek s rozmerom 6&#215;60 mm do m\u00e4kk\u00e9ho dreva<br \/>\n&#8211; nov\u00fd 4-p\u00f3lov\u00fd motor s vysok\u00fdm v\u00fdkonom a vyvinut\u00e1 koncepcia prevodovky: kr\u00fatiaci moment ohromn\u00fdch 60 Nm<br \/>\n&#8211; \u0161tvorn\u00e1sobne dlh\u0161ia \u017eivotnos\u0165 Li-Ion akumul\u00e1tora<br \/>\n&#8211; ECP &#8211; ochrana \u010dl\u00e1nkov riaden\u00e1 elektronicky, chr\u00e1ni akumul\u00e1tor proti pre\u0165a\u017eeniu, prehriatiu a nadmern\u00e9mu vybitiu<br \/>\n&#8211; integr\u00e1cia LED osvetlenia na rovnako dobr\u00fa vidite\u013enos\u0165 pri pr\u00e1ci v tme<br \/>\n&#8211; s brzdou motora vhodnou pri presnej pr\u00e1ci pri s\u00e9riovom skrutkovan\u00ed<br \/>\n&#8211; v\u010faka praktickej opaskovej spone je skrutkova\u010d st\u00e1le na dosah ruky<br \/>\n&#8211; s ergonomicky tvarovanou rukov\u00e4\u0165ou s mal\u00fdm obvodom a m\u00e4kk\u00e1 tlmiaca vlo\u017eka Softgrip na neunavuj\u00facu pr\u00e1cu<br \/>\n&#8211; dvojstup\u0148ov\u00e1 prevodovka<br \/>\n&#8211; chod vpravo a v\u013eavo<br \/>\n&#8211; elektronick\u00e9 funkcie<br \/>\n&#8211; Autolock<br \/>\n&#8211; tlmenie rukov\u00e4te m\u00e4kkou vlo\u017ekou<br \/>\nBOSCH GDR 14,4 V-LI PROFESSIONAL<br \/>\n&#8211; kryt Dura Shield &#8211; v\u010faka nemu plne funk\u010dn\u00fd aj po p\u00e1de z dvoch metrov na bet\u00f3n<br \/>\n&#8211; akumul\u00e1tor s neprekonate\u013en\u00fdm v\u00fdkonom v\u010faka jedine\u010dnej technol\u00f3gii Premium Li-Ion<br \/>\n&#8211; ECP &#8211; ochrana \u010dl\u00e1nkov riaden\u00e1 elektronicky, chr\u00e1ni akumul\u00e1tor proti pre\u0165a\u017eeniu, prehriatiu a nadmern\u00e9mu vybitiu<br \/>\n&#8211; signalizovan\u00fd stav nabitia Premium Akku &#8211; u\u017e\u00edvate\u013e je v\u017edy informovan\u00fd o zost\u00e1vaj\u00facej energii<br \/>\n&#8211; elektronick\u00e9 funkcie<br \/>\n&#8211; tlmenie rukov\u00e4te m\u00e4kkou vlo\u017ekou<br \/>\nSET OBSAHUJE:<br \/>\n2x Li-Ion akumul\u00e1tor 2,6 Ah, 75 min. nab\u00edja\u010dku AL 1820 CV, Vlo\u017eka do L-BOXX-u, spolo\u010dn\u00fd L-BOXX ve\u013ekos\u0165 2 (2 608 438 692)<\/p>\n","protected":false},"excerpt":{"rendered":"<p>BOSCH GSR 14,4 V-LI PROFESSIONAL<br \/>\nVe\u013ekos\u0165 nap\u00e4tia akumul\u00e1tora: 14,4 V<br \/>\nNajvy\u0161\u0161\u00ed kr\u00fatiaci moment pri tuhom skrutkovom spoji: 60 Nm<br \/>\nNajvy\u0161\u0161\u00ed kr\u00fatiaci moment pri m\u00e4kkom skrutkovom spoji: 25 Nm<br \/>\nNajvy\u0161\u0161\u00ed po\u010det ot\u00e1\u010dok pri prvom a druhom stupni: 0 a\u017e 500, 1600 za min\u00fatu<br \/>\nRozsah up\u00ednania n\u00e1strojov v mm: 1,5 a\u017e 13<br \/>\nVe\u013ekos\u0165 z\u00e1vitu v\u0155tacieho vretena: 1\/2&#8243;<br \/>\nCelkov\u00e1 v\u00e1ha: 1,7 kg<br \/>\nRozdelenie kr\u00fatiaceho momentu na stupne: 18+1<br \/>\nNajv\u00e4\u010d\u0161\u00ed priemer pri v\u0155tan\u00ed do dreva v mm: 32<br \/>\nNajv\u00e4\u010d\u0161\u00ed priemer pri v\u0155tan\u00ed do ocele v mm: 13<br \/>\nNajv\u00e4\u010d\u0161\u00ed priemer skrutiek v mm: 7<br \/>\nBOSCH GDR 14,4 V-LI PROFESSIONAL<br \/>\nVe\u013ekos\u0165 nap\u00e4tia akumul\u00e1tora: 14,4 V<br \/>\nVe\u013ekos\u0165 kapacity akumul\u00e1tora: 3 Ah<br \/>\nNajvy\u0161\u0161\u00ed kr\u00fatiaci moment pri tuhom skrutkovom spoji: 150 Nm<br \/>\nR\u00e1zov\u00e1 frekvencia: 0 a\u017e 3200 za min\u00fatu<br \/>\nNajvy\u0161\u0161\u00ed po\u010det ot\u00e1\u010dok: 0 a\u017e 2800 za min\u00fatu<br \/>\nAkumul\u00e1tor: Li-Ion<br \/>\nUp\u00ednacie n\u00e1stroje: 1\/4&#8243; vn\u00fatorn\u00fd \u0161es\u0165hran<br \/>\nCelkov\u00e1 v\u00e1ha: 1,6 kg<br \/>\n\u010cas potrebn\u00fd na nabitie akumul\u00e1tora: 30 min\u00fat<br \/>\nCelkov\u00e9 rozmery d\/v v mm: 145&#215;241<br \/>\nNajv\u00e4\u010d\u0161\u00ed priemer skrutiek v mm: M 6 a\u017e M 14<\/p>\n","protected":false},"featured_media":37029,"comment_status":"closed","ping_status":"open","template":"","meta":{"_lmt_disableupdate":"","_lmt_disable":""},"product_cat":[3257,3106],"product_tag":[],"class_list":{"0":"post-37028","1":"product","2":"type-product","3":"status-publish","4":"has-post-thumbnail","6":"product_cat-set-bosch-profi","7":"product_cat-bosch","8":"ts_product_brand-bosh","10":"first","11":"instock","12":"taxable","13":"shipping-taxable","14":"purchasable","15":"product-type-simple"},"yoast_head":"<!-- This site is optimized with the Yoast SEO plugin v27.3 - https:\/\/yoast.com\/product\/yoast-seo-wordpress\/ -->\n<title>Bosch Set Bosch GSR 14,4 V-LI + GDR 14,4 V-LI + L-BOXX - MIR-MAR<\/title>\n<meta name=\"robots\" content=\"index, follow, max-snippet:-1, max-image-preview:large, max-video-preview:-1\" \/>\n<link rel=\"canonical\" href=\"http:\/\/dafinoo.eu\/mirmar\/obchod\/bosch-set-bosch-gsr-144-v-li-gdr-144-v-li-l-boxx\/\" \/>\n<meta property=\"og:locale\" content=\"sk_SK\" \/>\n<meta property=\"og:type\" content=\"article\" \/>\n<meta property=\"og:title\" content=\"Bosch Set Bosch GSR 14,4 V-LI + GDR 14,4 V-LI + L-BOXX - MIR-MAR\" \/>\n<meta property=\"og:description\" content=\"BOSCH GSR 14,4 V-LI PROFESSIONAL Ve\u013ekos\u0165 nap\u00e4tia akumul\u00e1tora: 14,4 V Najvy\u0161\u0161\u00ed kr\u00fatiaci moment pri tuhom skrutkovom spoji: 60 Nm Najvy\u0161\u0161\u00ed kr\u00fatiaci moment pri m\u00e4kkom skrutkovom spoji: 25 Nm Najvy\u0161\u0161\u00ed po\u010det ot\u00e1\u010dok pri prvom a druhom stupni: 0 a\u017e 500, 1600 za min\u00fatu Rozsah up\u00ednania n\u00e1strojov v mm: 1,5 a\u017e 13 Ve\u013ekos\u0165 z\u00e1vitu v\u0155tacieho vretena: 1\/2&quot; Celkov\u00e1 v\u00e1ha: 1,7 kg Rozdelenie kr\u00fatiaceho momentu na stupne: 18+1 Najv\u00e4\u010d\u0161\u00ed priemer pri v\u0155tan\u00ed do dreva v mm: 32 Najv\u00e4\u010d\u0161\u00ed priemer pri v\u0155tan\u00ed do ocele v mm: 13 Najv\u00e4\u010d\u0161\u00ed priemer skrutiek v mm: 7 BOSCH GDR 14,4 V-LI PROFESSIONAL Ve\u013ekos\u0165 nap\u00e4tia akumul\u00e1tora: 14,4 V Ve\u013ekos\u0165 kapacity akumul\u00e1tora: 3 Ah Najvy\u0161\u0161\u00ed kr\u00fatiaci moment pri tuhom skrutkovom spoji: 150 Nm R\u00e1zov\u00e1 frekvencia: 0 a\u017e 3200 za min\u00fatu Najvy\u0161\u0161\u00ed po\u010det ot\u00e1\u010dok: 0 a\u017e 2800 za min\u00fatu Akumul\u00e1tor: Li-Ion Up\u00ednacie n\u00e1stroje: 1\/4&quot; vn\u00fatorn\u00fd \u0161es\u0165hran Celkov\u00e1 v\u00e1ha: 1,6 kg \u010cas potrebn\u00fd na nabitie akumul\u00e1tora: 30 min\u00fat Celkov\u00e9 rozmery d\/v v mm: 145x241 Najv\u00e4\u010d\u0161\u00ed priemer skrutiek v mm: M 6 a\u017e M 14\" \/>\n<meta property=\"og:url\" content=\"http:\/\/dafinoo.eu\/mirmar\/obchod\/bosch-set-bosch-gsr-144-v-li-gdr-144-v-li-l-boxx\/\" \/>\n<meta property=\"og:site_name\" content=\"MIR-MAR\" \/>\n<meta property=\"article:publisher\" content=\"https:\/\/facebook.com\/mirmareshop\" \/>\n<meta property=\"article:modified_time\" content=\"2021-04-19T17:43:36+00:00\" \/>\n<meta property=\"og:image\" content=\"https:\/\/i0.wp.com\/www.mirmar.sk\/wp-content\/uploads\/2021\/03\/5_6_1.jpg?fit=160%2C160&ssl=1\" \/>\n\t<meta property=\"og:image:width\" content=\"160\" \/>\n\t<meta property=\"og:image:height\" content=\"160\" \/>\n\t<meta property=\"og:image:type\" content=\"image\/jpeg\" \/>\n<meta name=\"twitter:label1\" content=\"Predpokladan\u00fd \u010das \u010d\u00edtania\" \/>\n\t<meta name=\"twitter:data1\" content=\"1 min\u00fata\" \/>\n<script type=\"application\/ld+json\" class=\"yoast-schema-graph\">{\"@context\":\"https:\\\/\\\/schema.org\",\"@graph\":[{\"@type\":\"WebPage\",\"@id\":\"http:\\\/\\\/dafinoo.eu\\\/mirmar\\\/obchod\\\/bosch-set-bosch-gsr-144-v-li-gdr-144-v-li-l-boxx\\\/\",\"url\":\"http:\\\/\\\/dafinoo.eu\\\/mirmar\\\/obchod\\\/bosch-set-bosch-gsr-144-v-li-gdr-144-v-li-l-boxx\\\/\",\"name\":\"Bosch Set Bosch GSR 14,4 V-LI + GDR 14,4 V-LI + L-BOXX - MIR-MAR\",\"isPartOf\":{\"@id\":\"http:\\\/\\\/dafinoo.eu\\\/mirmar\\\/#website\"},\"primaryImageOfPage\":{\"@id\":\"http:\\\/\\\/dafinoo.eu\\\/mirmar\\\/obchod\\\/bosch-set-bosch-gsr-144-v-li-gdr-144-v-li-l-boxx\\\/#primaryimage\"},\"image\":{\"@id\":\"http:\\\/\\\/dafinoo.eu\\\/mirmar\\\/obchod\\\/bosch-set-bosch-gsr-144-v-li-gdr-144-v-li-l-boxx\\\/#primaryimage\"},\"thumbnailUrl\":\"http:\\\/\\\/dafinoo.eu\\\/mirmar\\\/wp-content\\\/uploads\\\/2021\\\/03\\\/5_6_1.jpg\",\"datePublished\":\"2021-03-15T16:25:42+00:00\",\"dateModified\":\"2021-04-19T17:43:36+00:00\",\"breadcrumb\":{\"@id\":\"http:\\\/\\\/dafinoo.eu\\\/mirmar\\\/obchod\\\/bosch-set-bosch-gsr-144-v-li-gdr-144-v-li-l-boxx\\\/#breadcrumb\"},\"inLanguage\":\"sk-SK\",\"potentialAction\":[{\"@type\":\"ReadAction\",\"target\":[\"http:\\\/\\\/dafinoo.eu\\\/mirmar\\\/obchod\\\/bosch-set-bosch-gsr-144-v-li-gdr-144-v-li-l-boxx\\\/\"]}]},{\"@type\":\"ImageObject\",\"inLanguage\":\"sk-SK\",\"@id\":\"http:\\\/\\\/dafinoo.eu\\\/mirmar\\\/obchod\\\/bosch-set-bosch-gsr-144-v-li-gdr-144-v-li-l-boxx\\\/#primaryimage\",\"url\":\"http:\\\/\\\/dafinoo.eu\\\/mirmar\\\/wp-content\\\/uploads\\\/2021\\\/03\\\/5_6_1.jpg\",\"contentUrl\":\"http:\\\/\\\/dafinoo.eu\\\/mirmar\\\/wp-content\\\/uploads\\\/2021\\\/03\\\/5_6_1.jpg\",\"width\":160,\"height\":160},{\"@type\":\"BreadcrumbList\",\"@id\":\"http:\\\/\\\/dafinoo.eu\\\/mirmar\\\/obchod\\\/bosch-set-bosch-gsr-144-v-li-gdr-144-v-li-l-boxx\\\/#breadcrumb\",\"itemListElement\":[{\"@type\":\"ListItem\",\"position\":1,\"name\":\"Domovsk\u00e1 str\u00e1nka\",\"item\":\"http:\\\/\\\/dafinoo.eu\\\/mirmar\\\/\"},{\"@type\":\"ListItem\",\"position\":2,\"name\":\"Obchod\",\"item\":\"http:\\\/\\\/dafinoo.eu\\\/mirmar\\\/obchod\\\/\"},{\"@type\":\"ListItem\",\"position\":3,\"name\":\"Bosch Set Bosch GSR 14,4 V-LI + GDR 14,4 V-LI + L-BOXX\"}]},{\"@type\":\"WebSite\",\"@id\":\"http:\\\/\\\/dafinoo.eu\\\/mirmar\\\/#website\",\"url\":\"http:\\\/\\\/dafinoo.eu\\\/mirmar\\\/\",\"name\":\"MIR-MAR\",\"description\":\"Eshop s n\u00e1rad\u00edm\",\"publisher\":{\"@id\":\"http:\\\/\\\/dafinoo.eu\\\/mirmar\\\/#organization\"},\"potentialAction\":[{\"@type\":\"SearchAction\",\"target\":{\"@type\":\"EntryPoint\",\"urlTemplate\":\"http:\\\/\\\/dafinoo.eu\\\/mirmar\\\/?s={search_term_string}\"},\"query-input\":{\"@type\":\"PropertyValueSpecification\",\"valueRequired\":true,\"valueName\":\"search_term_string\"}}],\"inLanguage\":\"sk-SK\"},{\"@type\":\"Organization\",\"@id\":\"http:\\\/\\\/dafinoo.eu\\\/mirmar\\\/#organization\",\"name\":\"MIR-MAR\",\"url\":\"http:\\\/\\\/dafinoo.eu\\\/mirmar\\\/\",\"logo\":{\"@type\":\"ImageObject\",\"inLanguage\":\"sk-SK\",\"@id\":\"http:\\\/\\\/dafinoo.eu\\\/mirmar\\\/#\\\/schema\\\/logo\\\/image\\\/\",\"url\":\"http:\\\/\\\/dafinoo.eu\\\/mirmar\\\/wp-content\\\/uploads\\\/2021\\\/03\\\/mirmar_logo.png\",\"contentUrl\":\"http:\\\/\\\/dafinoo.eu\\\/mirmar\\\/wp-content\\\/uploads\\\/2021\\\/03\\\/mirmar_logo.png\",\"width\":256,\"height\":60,\"caption\":\"MIR-MAR\"},\"image\":{\"@id\":\"http:\\\/\\\/dafinoo.eu\\\/mirmar\\\/#\\\/schema\\\/logo\\\/image\\\/\"},\"sameAs\":[\"https:\\\/\\\/facebook.com\\\/mirmareshop\"]}]}<\/script>\n<!-- \/ Yoast SEO plugin. -->","yoast_head_json":{"title":"Bosch Set Bosch GSR 14,4 V-LI + GDR 14,4 V-LI + L-BOXX - MIR-MAR","robots":{"index":"index","follow":"follow","max-snippet":"max-snippet:-1","max-image-preview":"max-image-preview:large","max-video-preview":"max-video-preview:-1"},"canonical":"http:\/\/dafinoo.eu\/mirmar\/obchod\/bosch-set-bosch-gsr-144-v-li-gdr-144-v-li-l-boxx\/","og_locale":"sk_SK","og_type":"article","og_title":"Bosch Set Bosch GSR 14,4 V-LI + GDR 14,4 V-LI + L-BOXX - MIR-MAR","og_description":"BOSCH GSR 14,4 V-LI PROFESSIONAL Ve\u013ekos\u0165 nap\u00e4tia akumul\u00e1tora: 14,4 V Najvy\u0161\u0161\u00ed kr\u00fatiaci moment pri tuhom skrutkovom spoji: 60 Nm Najvy\u0161\u0161\u00ed kr\u00fatiaci moment pri m\u00e4kkom skrutkovom spoji: 25 Nm Najvy\u0161\u0161\u00ed po\u010det ot\u00e1\u010dok pri prvom a druhom stupni: 0 a\u017e 500, 1600 za min\u00fatu Rozsah up\u00ednania n\u00e1strojov v mm: 1,5 a\u017e 13 Ve\u013ekos\u0165 z\u00e1vitu v\u0155tacieho vretena: 1\/2\" Celkov\u00e1 v\u00e1ha: 1,7 kg Rozdelenie kr\u00fatiaceho momentu na stupne: 18+1 Najv\u00e4\u010d\u0161\u00ed priemer pri v\u0155tan\u00ed do dreva v mm: 32 Najv\u00e4\u010d\u0161\u00ed priemer pri v\u0155tan\u00ed do ocele v mm: 13 Najv\u00e4\u010d\u0161\u00ed priemer skrutiek v mm: 7 BOSCH GDR 14,4 V-LI PROFESSIONAL Ve\u013ekos\u0165 nap\u00e4tia akumul\u00e1tora: 14,4 V Ve\u013ekos\u0165 kapacity akumul\u00e1tora: 3 Ah Najvy\u0161\u0161\u00ed kr\u00fatiaci moment pri tuhom skrutkovom spoji: 150 Nm R\u00e1zov\u00e1 frekvencia: 0 a\u017e 3200 za min\u00fatu Najvy\u0161\u0161\u00ed po\u010det ot\u00e1\u010dok: 0 a\u017e 2800 za min\u00fatu Akumul\u00e1tor: Li-Ion Up\u00ednacie n\u00e1stroje: 1\/4\" vn\u00fatorn\u00fd \u0161es\u0165hran Celkov\u00e1 v\u00e1ha: 1,6 kg \u010cas potrebn\u00fd na nabitie akumul\u00e1tora: 30 min\u00fat Celkov\u00e9 rozmery d\/v v mm: 145x241 Najv\u00e4\u010d\u0161\u00ed priemer skrutiek v mm: M 6 a\u017e M 14","og_url":"http:\/\/dafinoo.eu\/mirmar\/obchod\/bosch-set-bosch-gsr-144-v-li-gdr-144-v-li-l-boxx\/","og_site_name":"MIR-MAR","article_publisher":"https:\/\/facebook.com\/mirmareshop","article_modified_time":"2021-04-19T17:43:36+00:00","og_image":[{"width":160,"height":160,"url":"https:\/\/i0.wp.com\/www.mirmar.sk\/wp-content\/uploads\/2021\/03\/5_6_1.jpg?fit=160%2C160&ssl=1","type":"image\/jpeg"}],"twitter_misc":{"Predpokladan\u00fd \u010das \u010d\u00edtania":"1 min\u00fata"},"schema":{"@context":"https:\/\/schema.org","@graph":[{"@type":"WebPage","@id":"http:\/\/dafinoo.eu\/mirmar\/obchod\/bosch-set-bosch-gsr-144-v-li-gdr-144-v-li-l-boxx\/","url":"http:\/\/dafinoo.eu\/mirmar\/obchod\/bosch-set-bosch-gsr-144-v-li-gdr-144-v-li-l-boxx\/","name":"Bosch Set Bosch GSR 14,4 V-LI + GDR 14,4 V-LI + L-BOXX - MIR-MAR","isPartOf":{"@id":"http:\/\/dafinoo.eu\/mirmar\/#website"},"primaryImageOfPage":{"@id":"http:\/\/dafinoo.eu\/mirmar\/obchod\/bosch-set-bosch-gsr-144-v-li-gdr-144-v-li-l-boxx\/#primaryimage"},"image":{"@id":"http:\/\/dafinoo.eu\/mirmar\/obchod\/bosch-set-bosch-gsr-144-v-li-gdr-144-v-li-l-boxx\/#primaryimage"},"thumbnailUrl":"http:\/\/dafinoo.eu\/mirmar\/wp-content\/uploads\/2021\/03\/5_6_1.jpg","datePublished":"2021-03-15T16:25:42+00:00","dateModified":"2021-04-19T17:43:36+00:00","breadcrumb":{"@id":"http:\/\/dafinoo.eu\/mirmar\/obchod\/bosch-set-bosch-gsr-144-v-li-gdr-144-v-li-l-boxx\/#breadcrumb"},"inLanguage":"sk-SK","potentialAction":[{"@type":"ReadAction","target":["http:\/\/dafinoo.eu\/mirmar\/obchod\/bosch-set-bosch-gsr-144-v-li-gdr-144-v-li-l-boxx\/"]}]},{"@type":"ImageObject","inLanguage":"sk-SK","@id":"http:\/\/dafinoo.eu\/mirmar\/obchod\/bosch-set-bosch-gsr-144-v-li-gdr-144-v-li-l-boxx\/#primaryimage","url":"http:\/\/dafinoo.eu\/mirmar\/wp-content\/uploads\/2021\/03\/5_6_1.jpg","contentUrl":"http:\/\/dafinoo.eu\/mirmar\/wp-content\/uploads\/2021\/03\/5_6_1.jpg","width":160,"height":160},{"@type":"BreadcrumbList","@id":"http:\/\/dafinoo.eu\/mirmar\/obchod\/bosch-set-bosch-gsr-144-v-li-gdr-144-v-li-l-boxx\/#breadcrumb","itemListElement":[{"@type":"ListItem","position":1,"name":"Domovsk\u00e1 str\u00e1nka","item":"http:\/\/dafinoo.eu\/mirmar\/"},{"@type":"ListItem","position":2,"name":"Obchod","item":"http:\/\/dafinoo.eu\/mirmar\/obchod\/"},{"@type":"ListItem","position":3,"name":"Bosch Set Bosch GSR 14,4 V-LI + GDR 14,4 V-LI + L-BOXX"}]},{"@type":"WebSite","@id":"http:\/\/dafinoo.eu\/mirmar\/#website","url":"http:\/\/dafinoo.eu\/mirmar\/","name":"MIR-MAR","description":"Eshop s n\u00e1rad\u00edm","publisher":{"@id":"http:\/\/dafinoo.eu\/mirmar\/#organization"},"potentialAction":[{"@type":"SearchAction","target":{"@type":"EntryPoint","urlTemplate":"http:\/\/dafinoo.eu\/mirmar\/?s={search_term_string}"},"query-input":{"@type":"PropertyValueSpecification","valueRequired":true,"valueName":"search_term_string"}}],"inLanguage":"sk-SK"},{"@type":"Organization","@id":"http:\/\/dafinoo.eu\/mirmar\/#organization","name":"MIR-MAR","url":"http:\/\/dafinoo.eu\/mirmar\/","logo":{"@type":"ImageObject","inLanguage":"sk-SK","@id":"http:\/\/dafinoo.eu\/mirmar\/#\/schema\/logo\/image\/","url":"http:\/\/dafinoo.eu\/mirmar\/wp-content\/uploads\/2021\/03\/mirmar_logo.png","contentUrl":"http:\/\/dafinoo.eu\/mirmar\/wp-content\/uploads\/2021\/03\/mirmar_logo.png","width":256,"height":60,"caption":"MIR-MAR"},"image":{"@id":"http:\/\/dafinoo.eu\/mirmar\/#\/schema\/logo\/image\/"},"sameAs":["https:\/\/facebook.com\/mirmareshop"]}]}},"_links":{"self":[{"href":"http:\/\/dafinoo.eu\/mirmar\/wp-json\/wp\/v2\/product\/37028","targetHints":{"allow":["GET"]}}],"collection":[{"href":"http:\/\/dafinoo.eu\/mirmar\/wp-json\/wp\/v2\/product"}],"about":[{"href":"http:\/\/dafinoo.eu\/mirmar\/wp-json\/wp\/v2\/types\/product"}],"replies":[{"embeddable":true,"href":"http:\/\/dafinoo.eu\/mirmar\/wp-json\/wp\/v2\/comments?post=37028"}],"wp:featuredmedia":[{"embeddable":true,"href":"http:\/\/dafinoo.eu\/mirmar\/wp-json\/wp\/v2\/media\/37029"}],"wp:attachment":[{"href":"http:\/\/dafinoo.eu\/mirmar\/wp-json\/wp\/v2\/media?parent=37028"}],"wp:term":[{"taxonomy":"product_cat","embeddable":true,"href":"http:\/\/dafinoo.eu\/mirmar\/wp-json\/wp\/v2\/product_cat?post=37028"},{"taxonomy":"product_tag","embeddable":true,"href":"http:\/\/dafinoo.eu\/mirmar\/wp-json\/wp\/v2\/product_tag?post=37028"}],"curies":[{"name":"wp","href":"https:\/\/api.w.org\/{rel}","templated":true}]}}