{"id":37038,"date":"2021-03-15T17:25:42","date_gmt":"2021-03-15T16:25:42","guid":{"rendered":"http:\/\/dafinoo.eu\/mirmar\/product\/bosch-set-gst-18-v-li-gsr-18-2-li-l-boxx\/"},"modified":"2021-04-19T19:43:30","modified_gmt":"2021-04-19T17:43:30","slug":"bosch-set-gst-18-v-li-gsr-18-2-li-l-boxx","status":"publish","type":"product","link":"http:\/\/dafinoo.eu\/mirmar\/obchod\/bosch-set-gst-18-v-li-gsr-18-2-li-l-boxx\/","title":{"rendered":"Bosch set GST 18 V-LI + GSR 18-2-LI + L-BOXX"},"content":{"rendered":"<p>BOSCH GST 14,4 V-LI PROFESSIONAL<br \/>\n&#8211; Akumul\u00e1torov\u00e1 priamo\u010diara p\u00edla BOSCH GST 14,4 V-LI Professional, v L-Boxxe. Najkompaktnej\u0161ia profesion\u00e1lna p\u00edla: najkrat\u0161ia d\u013a\u017eka (259\/260 mm) a najni\u017e\u0161ia v\u00fd\u0161ka (190 mm) pre perfektn\u00fa manipul\u00e1ciu v stiesnen\u00fdch priestoroch<br \/>\n&#8211; 1-ru\u010dn\u00e9-SDS: pre bezpe\u010dn\u00fa a pohodln\u00fa v\u00fdmenu p\u00edlov\u00e9ho pl\u00e1tku<br \/>\n&#8211; Obvod rukov\u00e4te necel\u00fdch 128 mm pre pohodln\u00fa pr\u00e1cu bez \u00fanavy<br \/>\n&#8211; Vyp\u00edna\u010d s plynulou regul\u00e1ciou &#8211; pre prec\u00edzne presn\u00e9 rezy<br \/>\n&#8211; Siln\u00fd ofukova\u010d pil\u00edn (v\u017edy zapnut\u00fd) &#8211; vynikaj\u00faci v\u00fdh\u013ead na l\u00edniu rezu<br \/>\n&#8211; LED di\u00f3da  osvetlenie v tmav\u00fdch priestoroch<br \/>\n&#8211; SDS system  &#8211; jednoduch\u00e1 a pohodln\u00e1 v\u00fdmena p\u00edlov\u00e9ho pl\u00e1tku<br \/>\n&#8211; ECP\/EMP &#8211; robustn\u00e9 s dlhou \u017eivotnos\u0165ou<br \/>\n&#8211; Motorov\u00e1 brzda &#8211; Okam\u017eit\u00e9 odlo\u017eenie stroja<br \/>\n&#8211; Ulo\u017eenie k\u013e\u00fa\u010da  -v\u017edy poruke pre nastavenie z\u00e1kladnej dosky<br \/>\n&#8211; 4-stup\u0148ov\u00fd orbit\u00e1lny v\u00fdkyv &#8211; V\u00fdber vo\u013eby rezu<br \/>\n&#8211; Nastavite\u013en\u00e1 z\u00e1kladn\u00e1 doska 45\u00b0 maximum &#8211; pre \u0161ikm\u00e9 rezy<br \/>\nBOSCH GSR 14,4-2-LI PROFESSIONAL<br \/>\n&#8211; \u0161tvorn\u00e1sobne dlh\u0161ia \u017eivotnos\u0165 Li-Ion akumul\u00e1tora<br \/>\n&#8211; ECP &#8211; ochrana \u010dl\u00e1nkov riaden\u00e1 elektronicky, chr\u00e1ni akumul\u00e1tor proti pre\u0165a\u017eeniu, prehriatiu a nadmern\u00e9mu vybitiu<br \/>\n&#8211; integr\u00e1cia LED osvetlenia na rovnako dobr\u00fa vidite\u013enos\u0165 pri pr\u00e1ci v tme<br \/>\n&#8211; v\u010faka praktickej opaskovej spone je skrutkova\u010d st\u00e1le na dosah ruky<br \/>\n&#8211; dvojstup\u0148ov\u00e1 prevodovka<br \/>\n&#8211; chod vpravo a v\u013eavo<br \/>\n&#8211; elektronick\u00e9 funkcie<br \/>\n&#8211; Autolock<br \/>\n&#8211; tlmenie rukov\u00e4te m\u00e4kkou vlo\u017ekou<br \/>\nSET OBSAHUJE:<br \/>\n2x Li-Ion akumul\u00e1tor 2,6 Ah, 75 min. nab\u00edja\u010dku AL 1820 CV (2 607 225 424), L-Boxx ve\u013ekosti 3 (2 608 438 693)<\/p>\n","protected":false},"excerpt":{"rendered":"<p>BOSCH GST 14,4 V-LI PROFESSIONAL<br \/>\nVe\u013ekos\u0165 nap\u00e4tia akumul\u00e1tora: 14,4 V<br \/>\nVe\u013ekos\u0165 kapacity akumul\u00e1tora: 2,6 Ah<br \/>\nVo\u013enobe\u017en\u00e9 zdvihy: 2500 za min\u00fatu<br \/>\nZdvih &#8211; v\u00fd\u0161ka v mm: 26<br \/>\nVe\u013ekos\u0165 \u0161ikm\u00fdch rezov v stup\u0148och: 0 a\u017e 45<br \/>\nAkumul\u00e1tor: Li-Ion<br \/>\nCelkov\u00e1 v\u00e1ha: 2,3 kg<br \/>\nH\u013abka rezu &#8211; drevo v mm: 90<br \/>\nH\u013abka rezu &#8211; hlin\u00edk v mm: 20<br \/>\nBOSCH GSR 14,4-2-LI PROFESSIONAL<br \/>\nVe\u013ekos\u0165 nap\u00e4tia akumul\u00e1tora: 14,4 V<br \/>\nNajvy\u0161\u0161\u00ed kr\u00fatiaci moment pri tuhom skrutkovom spoji: 38 Nm<br \/>\nNajvy\u0161\u0161\u00ed kr\u00fatiaci moment pri m\u00e4kkom skrutkovom spoji: 16 Nm<br \/>\nNajvy\u0161\u0161\u00ed po\u010det ot\u00e1\u010dok pri prvom a druhom stupni: 0 a\u017e 400, 1250 za min\u00fatu<br \/>\nRozsah up\u00ednania n\u00e1strojov v mm: 10<br \/>\nVe\u013ekos\u0165 z\u00e1vitu v\u0155tacieho vretena: 1\/2&#8243;<br \/>\nCelkov\u00e1 v\u00e1ha: 1,3 kg<br \/>\nRozdelenie kr\u00fatiaceho momentu na stupne: 15+1<br \/>\nNajv\u00e4\u010d\u0161\u00ed priemer pri v\u0155tan\u00ed do dreva v mm: 25<br \/>\nNajv\u00e4\u010d\u0161\u00ed priemer pri v\u0155tan\u00ed do ocele v mm: 10<br \/>\nNajv\u00e4\u010d\u0161\u00ed priemer skrutiek v mm: 7<\/p>\n","protected":false},"featured_media":37039,"comment_status":"closed","ping_status":"open","template":"","meta":{"_lmt_disableupdate":"","_lmt_disable":""},"product_cat":[3257,3106],"product_tag":[],"class_list":{"0":"post-37038","1":"product","2":"type-product","3":"status-publish","4":"has-post-thumbnail","6":"product_cat-set-bosch-profi","7":"product_cat-bosch","8":"ts_product_brand-bosh","10":"first","11":"instock","12":"taxable","13":"shipping-taxable","14":"purchasable","15":"product-type-simple"},"yoast_head":"<!-- This site is optimized with the Yoast SEO plugin v27.3 - https:\/\/yoast.com\/product\/yoast-seo-wordpress\/ -->\n<title>Bosch set GST 18 V-LI + GSR 18-2-LI + L-BOXX - MIR-MAR<\/title>\n<meta name=\"robots\" content=\"index, follow, max-snippet:-1, max-image-preview:large, max-video-preview:-1\" \/>\n<link rel=\"canonical\" href=\"http:\/\/dafinoo.eu\/mirmar\/obchod\/bosch-set-gst-18-v-li-gsr-18-2-li-l-boxx\/\" \/>\n<meta property=\"og:locale\" content=\"sk_SK\" \/>\n<meta property=\"og:type\" content=\"article\" \/>\n<meta property=\"og:title\" content=\"Bosch set GST 18 V-LI + GSR 18-2-LI + L-BOXX - MIR-MAR\" \/>\n<meta property=\"og:description\" content=\"BOSCH GST 14,4 V-LI PROFESSIONAL Ve\u013ekos\u0165 nap\u00e4tia akumul\u00e1tora: 14,4 V Ve\u013ekos\u0165 kapacity akumul\u00e1tora: 2,6 Ah Vo\u013enobe\u017en\u00e9 zdvihy: 2500 za min\u00fatu Zdvih - v\u00fd\u0161ka v mm: 26 Ve\u013ekos\u0165 \u0161ikm\u00fdch rezov v stup\u0148och: 0 a\u017e 45 Akumul\u00e1tor: Li-Ion Celkov\u00e1 v\u00e1ha: 2,3 kg H\u013abka rezu - drevo v mm: 90 H\u013abka rezu - hlin\u00edk v mm: 20 BOSCH GSR 14,4-2-LI PROFESSIONAL Ve\u013ekos\u0165 nap\u00e4tia akumul\u00e1tora: 14,4 V Najvy\u0161\u0161\u00ed kr\u00fatiaci moment pri tuhom skrutkovom spoji: 38 Nm Najvy\u0161\u0161\u00ed kr\u00fatiaci moment pri m\u00e4kkom skrutkovom spoji: 16 Nm Najvy\u0161\u0161\u00ed po\u010det ot\u00e1\u010dok pri prvom a druhom stupni: 0 a\u017e 400, 1250 za min\u00fatu Rozsah up\u00ednania n\u00e1strojov v mm: 10 Ve\u013ekos\u0165 z\u00e1vitu v\u0155tacieho vretena: 1\/2&quot; Celkov\u00e1 v\u00e1ha: 1,3 kg Rozdelenie kr\u00fatiaceho momentu na stupne: 15+1 Najv\u00e4\u010d\u0161\u00ed priemer pri v\u0155tan\u00ed do dreva v mm: 25 Najv\u00e4\u010d\u0161\u00ed priemer pri v\u0155tan\u00ed do ocele v mm: 10 Najv\u00e4\u010d\u0161\u00ed priemer skrutiek v mm: 7\" \/>\n<meta property=\"og:url\" content=\"http:\/\/dafinoo.eu\/mirmar\/obchod\/bosch-set-gst-18-v-li-gsr-18-2-li-l-boxx\/\" \/>\n<meta property=\"og:site_name\" content=\"MIR-MAR\" \/>\n<meta property=\"article:publisher\" content=\"https:\/\/facebook.com\/mirmareshop\" \/>\n<meta property=\"article:modified_time\" content=\"2021-04-19T17:43:30+00:00\" \/>\n<meta property=\"og:image\" content=\"https:\/\/i2.wp.com\/www.mirmar.sk\/wp-content\/uploads\/2021\/03\/3_6_13.jpg?fit=225%2C225&ssl=1\" \/>\n\t<meta property=\"og:image:width\" content=\"225\" \/>\n\t<meta property=\"og:image:height\" content=\"225\" \/>\n\t<meta property=\"og:image:type\" content=\"image\/jpeg\" \/>\n<meta name=\"twitter:label1\" content=\"Predpokladan\u00fd \u010das \u010d\u00edtania\" \/>\n\t<meta name=\"twitter:data1\" content=\"1 min\u00fata\" \/>\n<script type=\"application\/ld+json\" class=\"yoast-schema-graph\">{\"@context\":\"https:\\\/\\\/schema.org\",\"@graph\":[{\"@type\":\"WebPage\",\"@id\":\"http:\\\/\\\/dafinoo.eu\\\/mirmar\\\/obchod\\\/bosch-set-gst-18-v-li-gsr-18-2-li-l-boxx\\\/\",\"url\":\"http:\\\/\\\/dafinoo.eu\\\/mirmar\\\/obchod\\\/bosch-set-gst-18-v-li-gsr-18-2-li-l-boxx\\\/\",\"name\":\"Bosch set GST 18 V-LI + GSR 18-2-LI + L-BOXX - MIR-MAR\",\"isPartOf\":{\"@id\":\"http:\\\/\\\/dafinoo.eu\\\/mirmar\\\/#website\"},\"primaryImageOfPage\":{\"@id\":\"http:\\\/\\\/dafinoo.eu\\\/mirmar\\\/obchod\\\/bosch-set-gst-18-v-li-gsr-18-2-li-l-boxx\\\/#primaryimage\"},\"image\":{\"@id\":\"http:\\\/\\\/dafinoo.eu\\\/mirmar\\\/obchod\\\/bosch-set-gst-18-v-li-gsr-18-2-li-l-boxx\\\/#primaryimage\"},\"thumbnailUrl\":\"http:\\\/\\\/dafinoo.eu\\\/mirmar\\\/wp-content\\\/uploads\\\/2021\\\/03\\\/3_6_13.jpg\",\"datePublished\":\"2021-03-15T16:25:42+00:00\",\"dateModified\":\"2021-04-19T17:43:30+00:00\",\"breadcrumb\":{\"@id\":\"http:\\\/\\\/dafinoo.eu\\\/mirmar\\\/obchod\\\/bosch-set-gst-18-v-li-gsr-18-2-li-l-boxx\\\/#breadcrumb\"},\"inLanguage\":\"sk-SK\",\"potentialAction\":[{\"@type\":\"ReadAction\",\"target\":[\"http:\\\/\\\/dafinoo.eu\\\/mirmar\\\/obchod\\\/bosch-set-gst-18-v-li-gsr-18-2-li-l-boxx\\\/\"]}]},{\"@type\":\"ImageObject\",\"inLanguage\":\"sk-SK\",\"@id\":\"http:\\\/\\\/dafinoo.eu\\\/mirmar\\\/obchod\\\/bosch-set-gst-18-v-li-gsr-18-2-li-l-boxx\\\/#primaryimage\",\"url\":\"http:\\\/\\\/dafinoo.eu\\\/mirmar\\\/wp-content\\\/uploads\\\/2021\\\/03\\\/3_6_13.jpg\",\"contentUrl\":\"http:\\\/\\\/dafinoo.eu\\\/mirmar\\\/wp-content\\\/uploads\\\/2021\\\/03\\\/3_6_13.jpg\",\"width\":225,\"height\":225},{\"@type\":\"BreadcrumbList\",\"@id\":\"http:\\\/\\\/dafinoo.eu\\\/mirmar\\\/obchod\\\/bosch-set-gst-18-v-li-gsr-18-2-li-l-boxx\\\/#breadcrumb\",\"itemListElement\":[{\"@type\":\"ListItem\",\"position\":1,\"name\":\"Domovsk\u00e1 str\u00e1nka\",\"item\":\"http:\\\/\\\/dafinoo.eu\\\/mirmar\\\/\"},{\"@type\":\"ListItem\",\"position\":2,\"name\":\"Obchod\",\"item\":\"http:\\\/\\\/dafinoo.eu\\\/mirmar\\\/obchod\\\/\"},{\"@type\":\"ListItem\",\"position\":3,\"name\":\"Bosch set GST 18 V-LI + GSR 18-2-LI + L-BOXX\"}]},{\"@type\":\"WebSite\",\"@id\":\"http:\\\/\\\/dafinoo.eu\\\/mirmar\\\/#website\",\"url\":\"http:\\\/\\\/dafinoo.eu\\\/mirmar\\\/\",\"name\":\"MIR-MAR\",\"description\":\"Eshop s n\u00e1rad\u00edm\",\"publisher\":{\"@id\":\"http:\\\/\\\/dafinoo.eu\\\/mirmar\\\/#organization\"},\"potentialAction\":[{\"@type\":\"SearchAction\",\"target\":{\"@type\":\"EntryPoint\",\"urlTemplate\":\"http:\\\/\\\/dafinoo.eu\\\/mirmar\\\/?s={search_term_string}\"},\"query-input\":{\"@type\":\"PropertyValueSpecification\",\"valueRequired\":true,\"valueName\":\"search_term_string\"}}],\"inLanguage\":\"sk-SK\"},{\"@type\":\"Organization\",\"@id\":\"http:\\\/\\\/dafinoo.eu\\\/mirmar\\\/#organization\",\"name\":\"MIR-MAR\",\"url\":\"http:\\\/\\\/dafinoo.eu\\\/mirmar\\\/\",\"logo\":{\"@type\":\"ImageObject\",\"inLanguage\":\"sk-SK\",\"@id\":\"http:\\\/\\\/dafinoo.eu\\\/mirmar\\\/#\\\/schema\\\/logo\\\/image\\\/\",\"url\":\"http:\\\/\\\/dafinoo.eu\\\/mirmar\\\/wp-content\\\/uploads\\\/2021\\\/03\\\/mirmar_logo.png\",\"contentUrl\":\"http:\\\/\\\/dafinoo.eu\\\/mirmar\\\/wp-content\\\/uploads\\\/2021\\\/03\\\/mirmar_logo.png\",\"width\":256,\"height\":60,\"caption\":\"MIR-MAR\"},\"image\":{\"@id\":\"http:\\\/\\\/dafinoo.eu\\\/mirmar\\\/#\\\/schema\\\/logo\\\/image\\\/\"},\"sameAs\":[\"https:\\\/\\\/facebook.com\\\/mirmareshop\"]}]}<\/script>\n<!-- \/ Yoast SEO plugin. -->","yoast_head_json":{"title":"Bosch set GST 18 V-LI + GSR 18-2-LI + L-BOXX - MIR-MAR","robots":{"index":"index","follow":"follow","max-snippet":"max-snippet:-1","max-image-preview":"max-image-preview:large","max-video-preview":"max-video-preview:-1"},"canonical":"http:\/\/dafinoo.eu\/mirmar\/obchod\/bosch-set-gst-18-v-li-gsr-18-2-li-l-boxx\/","og_locale":"sk_SK","og_type":"article","og_title":"Bosch set GST 18 V-LI + GSR 18-2-LI + L-BOXX - MIR-MAR","og_description":"BOSCH GST 14,4 V-LI PROFESSIONAL Ve\u013ekos\u0165 nap\u00e4tia akumul\u00e1tora: 14,4 V Ve\u013ekos\u0165 kapacity akumul\u00e1tora: 2,6 Ah Vo\u013enobe\u017en\u00e9 zdvihy: 2500 za min\u00fatu Zdvih - v\u00fd\u0161ka v mm: 26 Ve\u013ekos\u0165 \u0161ikm\u00fdch rezov v stup\u0148och: 0 a\u017e 45 Akumul\u00e1tor: Li-Ion Celkov\u00e1 v\u00e1ha: 2,3 kg H\u013abka rezu - drevo v mm: 90 H\u013abka rezu - hlin\u00edk v mm: 20 BOSCH GSR 14,4-2-LI PROFESSIONAL Ve\u013ekos\u0165 nap\u00e4tia akumul\u00e1tora: 14,4 V Najvy\u0161\u0161\u00ed kr\u00fatiaci moment pri tuhom skrutkovom spoji: 38 Nm Najvy\u0161\u0161\u00ed kr\u00fatiaci moment pri m\u00e4kkom skrutkovom spoji: 16 Nm Najvy\u0161\u0161\u00ed po\u010det ot\u00e1\u010dok pri prvom a druhom stupni: 0 a\u017e 400, 1250 za min\u00fatu Rozsah up\u00ednania n\u00e1strojov v mm: 10 Ve\u013ekos\u0165 z\u00e1vitu v\u0155tacieho vretena: 1\/2\" Celkov\u00e1 v\u00e1ha: 1,3 kg Rozdelenie kr\u00fatiaceho momentu na stupne: 15+1 Najv\u00e4\u010d\u0161\u00ed priemer pri v\u0155tan\u00ed do dreva v mm: 25 Najv\u00e4\u010d\u0161\u00ed priemer pri v\u0155tan\u00ed do ocele v mm: 10 Najv\u00e4\u010d\u0161\u00ed priemer skrutiek v mm: 7","og_url":"http:\/\/dafinoo.eu\/mirmar\/obchod\/bosch-set-gst-18-v-li-gsr-18-2-li-l-boxx\/","og_site_name":"MIR-MAR","article_publisher":"https:\/\/facebook.com\/mirmareshop","article_modified_time":"2021-04-19T17:43:30+00:00","og_image":[{"width":225,"height":225,"url":"https:\/\/i2.wp.com\/www.mirmar.sk\/wp-content\/uploads\/2021\/03\/3_6_13.jpg?fit=225%2C225&ssl=1","type":"image\/jpeg"}],"twitter_misc":{"Predpokladan\u00fd \u010das \u010d\u00edtania":"1 min\u00fata"},"schema":{"@context":"https:\/\/schema.org","@graph":[{"@type":"WebPage","@id":"http:\/\/dafinoo.eu\/mirmar\/obchod\/bosch-set-gst-18-v-li-gsr-18-2-li-l-boxx\/","url":"http:\/\/dafinoo.eu\/mirmar\/obchod\/bosch-set-gst-18-v-li-gsr-18-2-li-l-boxx\/","name":"Bosch set GST 18 V-LI + GSR 18-2-LI + L-BOXX - MIR-MAR","isPartOf":{"@id":"http:\/\/dafinoo.eu\/mirmar\/#website"},"primaryImageOfPage":{"@id":"http:\/\/dafinoo.eu\/mirmar\/obchod\/bosch-set-gst-18-v-li-gsr-18-2-li-l-boxx\/#primaryimage"},"image":{"@id":"http:\/\/dafinoo.eu\/mirmar\/obchod\/bosch-set-gst-18-v-li-gsr-18-2-li-l-boxx\/#primaryimage"},"thumbnailUrl":"http:\/\/dafinoo.eu\/mirmar\/wp-content\/uploads\/2021\/03\/3_6_13.jpg","datePublished":"2021-03-15T16:25:42+00:00","dateModified":"2021-04-19T17:43:30+00:00","breadcrumb":{"@id":"http:\/\/dafinoo.eu\/mirmar\/obchod\/bosch-set-gst-18-v-li-gsr-18-2-li-l-boxx\/#breadcrumb"},"inLanguage":"sk-SK","potentialAction":[{"@type":"ReadAction","target":["http:\/\/dafinoo.eu\/mirmar\/obchod\/bosch-set-gst-18-v-li-gsr-18-2-li-l-boxx\/"]}]},{"@type":"ImageObject","inLanguage":"sk-SK","@id":"http:\/\/dafinoo.eu\/mirmar\/obchod\/bosch-set-gst-18-v-li-gsr-18-2-li-l-boxx\/#primaryimage","url":"http:\/\/dafinoo.eu\/mirmar\/wp-content\/uploads\/2021\/03\/3_6_13.jpg","contentUrl":"http:\/\/dafinoo.eu\/mirmar\/wp-content\/uploads\/2021\/03\/3_6_13.jpg","width":225,"height":225},{"@type":"BreadcrumbList","@id":"http:\/\/dafinoo.eu\/mirmar\/obchod\/bosch-set-gst-18-v-li-gsr-18-2-li-l-boxx\/#breadcrumb","itemListElement":[{"@type":"ListItem","position":1,"name":"Domovsk\u00e1 str\u00e1nka","item":"http:\/\/dafinoo.eu\/mirmar\/"},{"@type":"ListItem","position":2,"name":"Obchod","item":"http:\/\/dafinoo.eu\/mirmar\/obchod\/"},{"@type":"ListItem","position":3,"name":"Bosch set GST 18 V-LI + GSR 18-2-LI + L-BOXX"}]},{"@type":"WebSite","@id":"http:\/\/dafinoo.eu\/mirmar\/#website","url":"http:\/\/dafinoo.eu\/mirmar\/","name":"MIR-MAR","description":"Eshop s n\u00e1rad\u00edm","publisher":{"@id":"http:\/\/dafinoo.eu\/mirmar\/#organization"},"potentialAction":[{"@type":"SearchAction","target":{"@type":"EntryPoint","urlTemplate":"http:\/\/dafinoo.eu\/mirmar\/?s={search_term_string}"},"query-input":{"@type":"PropertyValueSpecification","valueRequired":true,"valueName":"search_term_string"}}],"inLanguage":"sk-SK"},{"@type":"Organization","@id":"http:\/\/dafinoo.eu\/mirmar\/#organization","name":"MIR-MAR","url":"http:\/\/dafinoo.eu\/mirmar\/","logo":{"@type":"ImageObject","inLanguage":"sk-SK","@id":"http:\/\/dafinoo.eu\/mirmar\/#\/schema\/logo\/image\/","url":"http:\/\/dafinoo.eu\/mirmar\/wp-content\/uploads\/2021\/03\/mirmar_logo.png","contentUrl":"http:\/\/dafinoo.eu\/mirmar\/wp-content\/uploads\/2021\/03\/mirmar_logo.png","width":256,"height":60,"caption":"MIR-MAR"},"image":{"@id":"http:\/\/dafinoo.eu\/mirmar\/#\/schema\/logo\/image\/"},"sameAs":["https:\/\/facebook.com\/mirmareshop"]}]}},"_links":{"self":[{"href":"http:\/\/dafinoo.eu\/mirmar\/wp-json\/wp\/v2\/product\/37038","targetHints":{"allow":["GET"]}}],"collection":[{"href":"http:\/\/dafinoo.eu\/mirmar\/wp-json\/wp\/v2\/product"}],"about":[{"href":"http:\/\/dafinoo.eu\/mirmar\/wp-json\/wp\/v2\/types\/product"}],"replies":[{"embeddable":true,"href":"http:\/\/dafinoo.eu\/mirmar\/wp-json\/wp\/v2\/comments?post=37038"}],"wp:featuredmedia":[{"embeddable":true,"href":"http:\/\/dafinoo.eu\/mirmar\/wp-json\/wp\/v2\/media\/37039"}],"wp:attachment":[{"href":"http:\/\/dafinoo.eu\/mirmar\/wp-json\/wp\/v2\/media?parent=37038"}],"wp:term":[{"taxonomy":"product_cat","embeddable":true,"href":"http:\/\/dafinoo.eu\/mirmar\/wp-json\/wp\/v2\/product_cat?post=37038"},{"taxonomy":"product_tag","embeddable":true,"href":"http:\/\/dafinoo.eu\/mirmar\/wp-json\/wp\/v2\/product_tag?post=37038"}],"curies":[{"name":"wp","href":"https:\/\/api.w.org\/{rel}","templated":true}]}}