{"id":37042,"date":"2021-03-15T17:25:42","date_gmt":"2021-03-15T16:25:42","guid":{"rendered":"http:\/\/dafinoo.eu\/mirmar\/product\/skrutkovac-na-sadrokarton-bosch-gsr-6-60-te\/"},"modified":"2021-04-19T19:43:31","modified_gmt":"2021-04-19T17:43:31","slug":"skrutkovac-na-sadrokarton-bosch-gsr-6-60-te","status":"publish","type":"product","link":"http:\/\/dafinoo.eu\/mirmar\/obchod\/skrutkovac-na-sadrokarton-bosch-gsr-6-60-te\/","title":{"rendered":"Skrutkova\u010d na sadrokart\u00f3n BOSCH GSR 6-60 TE"},"content":{"rendered":"<p>Vysok\u00e9 ot\u00e1\u010dky umo\u017e\u0148uj\u00fa ve\u013emi r\u00fdchle skrutkovanie do sadrokart\u00f3nov\u00fdch dosiek<br \/>\n&#8211; Pohodln\u00e1 pr\u00e1ca v\u010faka ergonomick\u00e9mu dizajnu a ru\u010dne nastavite\u013en\u00e9mu dorazu<br \/>\n&#8211; Presn\u00e9 skrutkovanie s kon\u0161tantnou h\u013abkou pre pevn\u00e9 spoje<br \/>\n&#8211; Vysok\u00e1 v\u00fdkonov\u00e1 rezerva a to v\u010faka siln\u00e9mu 701-Watt vysoko \u00fa\u010dinn\u00e9mu motoru<br \/>\n&#8211; \u0160irok\u00fd elektronick\u00fd sp\u00edna\u010d s areta\u010dn\u00fdm tla\u010didlom pre trval\u00fa prev\u00e1dzku<br \/>\n&#8211; Prav\u00fd-\/\u013dav\u00fd chod + Elektronick\u00e9 funkcie<br \/>\n&#8211; Praktick\u00e1 spona na opasok pre upevnenie skrutkova\u010da<br \/>\n&#8211; \u0160tandardizovan\u00e9 upnutie 1\/4&#8243; komer\u010dn\u00fdch n\u00e1strojov<br \/>\n&#8211; Vyvinut\u00e9 aj pre pou\u017eitie so z\u00e1sobn\u00edkom BOSCH MA 55<br \/>\n&#8211; Hlu\u010dnos\u0165 len 4 db<br \/>\n&#8211; S optim\u00e1lnym rozlo\u017een\u00edm hmotnosti: Kryt prevodovky z plastu<\/p>\n","protected":false},"excerpt":{"rendered":"<p>Pr\u00edkon n\u00e1radia: 701 Watt<br \/>\nNajvy\u0161\u0161\u00ed kr\u00fatiaci moment pri m\u00e4kkom skrutkovom spoji: 12 Nm<br \/>\nUp\u00ednacie n\u00e1stroje: 1\/4&#8243; vn\u00fatorn\u00fd \u0161es\u0165hran<br \/>\nV\u00fdkon n\u00e1radia: 327 Watt<br \/>\nVe\u013ekos\u0165 ot\u00e1\u010dok: 0 a\u017e 6000 za min\u00fatu<br \/>\nCelkov\u00e1 v\u00e1ha bez k\u00e1bla: 1,4 kg<br \/>\nCelkov\u00e9 rozmery d\/v v mm: 295&#215;207<br \/>\nMenovit\u00fd kr\u00fatiaci moment: 0,8 Nm<br \/>\nVe\u013ekos\u0165 elektrick\u00e9ho nap\u00e4tia: 230 V<\/p>\n","protected":false},"featured_media":37043,"comment_status":"closed","ping_status":"open","template":"","meta":{"_lmt_disableupdate":"","_lmt_disable":""},"product_cat":[3125,3106,3126],"product_tag":[],"class_list":{"0":"post-37042","1":"product","2":"type-product","3":"status-publish","4":"has-post-thumbnail","6":"product_cat-skrutkovace-razove-utahovace","7":"product_cat-bosch","8":"product_cat-skrutkovace-na-sadrokarton","9":"ts_product_brand-bosh","11":"first","12":"instock","13":"taxable","14":"shipping-taxable","15":"purchasable","16":"product-type-simple"},"yoast_head":"<!-- This site is optimized with the Yoast SEO plugin v27.3 - https:\/\/yoast.com\/product\/yoast-seo-wordpress\/ -->\n<title>Skrutkova\u010d na sadrokart\u00f3n BOSCH GSR 6-60 TE - MIR-MAR<\/title>\n<meta name=\"robots\" content=\"index, follow, max-snippet:-1, max-image-preview:large, max-video-preview:-1\" \/>\n<link rel=\"canonical\" href=\"http:\/\/dafinoo.eu\/mirmar\/obchod\/skrutkovac-na-sadrokarton-bosch-gsr-6-60-te\/\" \/>\n<meta property=\"og:locale\" content=\"sk_SK\" \/>\n<meta property=\"og:type\" content=\"article\" \/>\n<meta property=\"og:title\" content=\"Skrutkova\u010d na sadrokart\u00f3n BOSCH GSR 6-60 TE - MIR-MAR\" \/>\n<meta property=\"og:description\" content=\"Pr\u00edkon n\u00e1radia: 701 Watt Najvy\u0161\u0161\u00ed kr\u00fatiaci moment pri m\u00e4kkom skrutkovom spoji: 12 Nm Up\u00ednacie n\u00e1stroje: 1\/4&quot; vn\u00fatorn\u00fd \u0161es\u0165hran V\u00fdkon n\u00e1radia: 327 Watt Ve\u013ekos\u0165 ot\u00e1\u010dok: 0 a\u017e 6000 za min\u00fatu Celkov\u00e1 v\u00e1ha bez k\u00e1bla: 1,4 kg Celkov\u00e9 rozmery d\/v v mm: 295x207 Menovit\u00fd kr\u00fatiaci moment: 0,8 Nm Ve\u013ekos\u0165 elektrick\u00e9ho nap\u00e4tia: 230 V\" \/>\n<meta property=\"og:url\" content=\"http:\/\/dafinoo.eu\/mirmar\/obchod\/skrutkovac-na-sadrokarton-bosch-gsr-6-60-te\/\" \/>\n<meta property=\"og:site_name\" content=\"MIR-MAR\" \/>\n<meta property=\"article:publisher\" content=\"https:\/\/facebook.com\/mirmareshop\" \/>\n<meta property=\"article:modified_time\" content=\"2021-04-19T17:43:31+00:00\" \/>\n<meta property=\"og:image\" content=\"https:\/\/i2.wp.com\/www.mirmar.sk\/wp-content\/uploads\/2021\/03\/33_1_1.jpg?fit=400%2C400&ssl=1\" \/>\n\t<meta property=\"og:image:width\" content=\"400\" \/>\n\t<meta property=\"og:image:height\" content=\"400\" \/>\n\t<meta property=\"og:image:type\" content=\"image\/jpeg\" \/>\n<meta name=\"twitter:label1\" content=\"Predpokladan\u00fd \u010das \u010d\u00edtania\" \/>\n\t<meta name=\"twitter:data1\" content=\"1 min\u00fata\" \/>\n<script type=\"application\/ld+json\" class=\"yoast-schema-graph\">{\"@context\":\"https:\\\/\\\/schema.org\",\"@graph\":[{\"@type\":\"WebPage\",\"@id\":\"http:\\\/\\\/dafinoo.eu\\\/mirmar\\\/obchod\\\/skrutkovac-na-sadrokarton-bosch-gsr-6-60-te\\\/\",\"url\":\"http:\\\/\\\/dafinoo.eu\\\/mirmar\\\/obchod\\\/skrutkovac-na-sadrokarton-bosch-gsr-6-60-te\\\/\",\"name\":\"Skrutkova\u010d na sadrokart\u00f3n BOSCH GSR 6-60 TE - MIR-MAR\",\"isPartOf\":{\"@id\":\"http:\\\/\\\/dafinoo.eu\\\/mirmar\\\/#website\"},\"primaryImageOfPage\":{\"@id\":\"http:\\\/\\\/dafinoo.eu\\\/mirmar\\\/obchod\\\/skrutkovac-na-sadrokarton-bosch-gsr-6-60-te\\\/#primaryimage\"},\"image\":{\"@id\":\"http:\\\/\\\/dafinoo.eu\\\/mirmar\\\/obchod\\\/skrutkovac-na-sadrokarton-bosch-gsr-6-60-te\\\/#primaryimage\"},\"thumbnailUrl\":\"http:\\\/\\\/dafinoo.eu\\\/mirmar\\\/wp-content\\\/uploads\\\/2021\\\/03\\\/33_1_1.jpg\",\"datePublished\":\"2021-03-15T16:25:42+00:00\",\"dateModified\":\"2021-04-19T17:43:31+00:00\",\"breadcrumb\":{\"@id\":\"http:\\\/\\\/dafinoo.eu\\\/mirmar\\\/obchod\\\/skrutkovac-na-sadrokarton-bosch-gsr-6-60-te\\\/#breadcrumb\"},\"inLanguage\":\"sk-SK\",\"potentialAction\":[{\"@type\":\"ReadAction\",\"target\":[\"http:\\\/\\\/dafinoo.eu\\\/mirmar\\\/obchod\\\/skrutkovac-na-sadrokarton-bosch-gsr-6-60-te\\\/\"]}]},{\"@type\":\"ImageObject\",\"inLanguage\":\"sk-SK\",\"@id\":\"http:\\\/\\\/dafinoo.eu\\\/mirmar\\\/obchod\\\/skrutkovac-na-sadrokarton-bosch-gsr-6-60-te\\\/#primaryimage\",\"url\":\"http:\\\/\\\/dafinoo.eu\\\/mirmar\\\/wp-content\\\/uploads\\\/2021\\\/03\\\/33_1_1.jpg\",\"contentUrl\":\"http:\\\/\\\/dafinoo.eu\\\/mirmar\\\/wp-content\\\/uploads\\\/2021\\\/03\\\/33_1_1.jpg\",\"width\":400,\"height\":400},{\"@type\":\"BreadcrumbList\",\"@id\":\"http:\\\/\\\/dafinoo.eu\\\/mirmar\\\/obchod\\\/skrutkovac-na-sadrokarton-bosch-gsr-6-60-te\\\/#breadcrumb\",\"itemListElement\":[{\"@type\":\"ListItem\",\"position\":1,\"name\":\"Domovsk\u00e1 str\u00e1nka\",\"item\":\"http:\\\/\\\/dafinoo.eu\\\/mirmar\\\/\"},{\"@type\":\"ListItem\",\"position\":2,\"name\":\"Obchod\",\"item\":\"http:\\\/\\\/dafinoo.eu\\\/mirmar\\\/obchod\\\/\"},{\"@type\":\"ListItem\",\"position\":3,\"name\":\"Skrutkova\u010d na sadrokart\u00f3n BOSCH GSR 6-60 TE\"}]},{\"@type\":\"WebSite\",\"@id\":\"http:\\\/\\\/dafinoo.eu\\\/mirmar\\\/#website\",\"url\":\"http:\\\/\\\/dafinoo.eu\\\/mirmar\\\/\",\"name\":\"MIR-MAR\",\"description\":\"Eshop s n\u00e1rad\u00edm\",\"publisher\":{\"@id\":\"http:\\\/\\\/dafinoo.eu\\\/mirmar\\\/#organization\"},\"potentialAction\":[{\"@type\":\"SearchAction\",\"target\":{\"@type\":\"EntryPoint\",\"urlTemplate\":\"http:\\\/\\\/dafinoo.eu\\\/mirmar\\\/?s={search_term_string}\"},\"query-input\":{\"@type\":\"PropertyValueSpecification\",\"valueRequired\":true,\"valueName\":\"search_term_string\"}}],\"inLanguage\":\"sk-SK\"},{\"@type\":\"Organization\",\"@id\":\"http:\\\/\\\/dafinoo.eu\\\/mirmar\\\/#organization\",\"name\":\"MIR-MAR\",\"url\":\"http:\\\/\\\/dafinoo.eu\\\/mirmar\\\/\",\"logo\":{\"@type\":\"ImageObject\",\"inLanguage\":\"sk-SK\",\"@id\":\"http:\\\/\\\/dafinoo.eu\\\/mirmar\\\/#\\\/schema\\\/logo\\\/image\\\/\",\"url\":\"http:\\\/\\\/dafinoo.eu\\\/mirmar\\\/wp-content\\\/uploads\\\/2021\\\/03\\\/mirmar_logo.png\",\"contentUrl\":\"http:\\\/\\\/dafinoo.eu\\\/mirmar\\\/wp-content\\\/uploads\\\/2021\\\/03\\\/mirmar_logo.png\",\"width\":256,\"height\":60,\"caption\":\"MIR-MAR\"},\"image\":{\"@id\":\"http:\\\/\\\/dafinoo.eu\\\/mirmar\\\/#\\\/schema\\\/logo\\\/image\\\/\"},\"sameAs\":[\"https:\\\/\\\/facebook.com\\\/mirmareshop\"]}]}<\/script>\n<!-- \/ Yoast SEO plugin. -->","yoast_head_json":{"title":"Skrutkova\u010d na sadrokart\u00f3n BOSCH GSR 6-60 TE - MIR-MAR","robots":{"index":"index","follow":"follow","max-snippet":"max-snippet:-1","max-image-preview":"max-image-preview:large","max-video-preview":"max-video-preview:-1"},"canonical":"http:\/\/dafinoo.eu\/mirmar\/obchod\/skrutkovac-na-sadrokarton-bosch-gsr-6-60-te\/","og_locale":"sk_SK","og_type":"article","og_title":"Skrutkova\u010d na sadrokart\u00f3n BOSCH GSR 6-60 TE - MIR-MAR","og_description":"Pr\u00edkon n\u00e1radia: 701 Watt Najvy\u0161\u0161\u00ed kr\u00fatiaci moment pri m\u00e4kkom skrutkovom spoji: 12 Nm Up\u00ednacie n\u00e1stroje: 1\/4\" vn\u00fatorn\u00fd \u0161es\u0165hran V\u00fdkon n\u00e1radia: 327 Watt Ve\u013ekos\u0165 ot\u00e1\u010dok: 0 a\u017e 6000 za min\u00fatu Celkov\u00e1 v\u00e1ha bez k\u00e1bla: 1,4 kg Celkov\u00e9 rozmery d\/v v mm: 295x207 Menovit\u00fd kr\u00fatiaci moment: 0,8 Nm Ve\u013ekos\u0165 elektrick\u00e9ho nap\u00e4tia: 230 V","og_url":"http:\/\/dafinoo.eu\/mirmar\/obchod\/skrutkovac-na-sadrokarton-bosch-gsr-6-60-te\/","og_site_name":"MIR-MAR","article_publisher":"https:\/\/facebook.com\/mirmareshop","article_modified_time":"2021-04-19T17:43:31+00:00","og_image":[{"width":400,"height":400,"url":"https:\/\/i2.wp.com\/www.mirmar.sk\/wp-content\/uploads\/2021\/03\/33_1_1.jpg?fit=400%2C400&ssl=1","type":"image\/jpeg"}],"twitter_misc":{"Predpokladan\u00fd \u010das \u010d\u00edtania":"1 min\u00fata"},"schema":{"@context":"https:\/\/schema.org","@graph":[{"@type":"WebPage","@id":"http:\/\/dafinoo.eu\/mirmar\/obchod\/skrutkovac-na-sadrokarton-bosch-gsr-6-60-te\/","url":"http:\/\/dafinoo.eu\/mirmar\/obchod\/skrutkovac-na-sadrokarton-bosch-gsr-6-60-te\/","name":"Skrutkova\u010d na sadrokart\u00f3n BOSCH GSR 6-60 TE - MIR-MAR","isPartOf":{"@id":"http:\/\/dafinoo.eu\/mirmar\/#website"},"primaryImageOfPage":{"@id":"http:\/\/dafinoo.eu\/mirmar\/obchod\/skrutkovac-na-sadrokarton-bosch-gsr-6-60-te\/#primaryimage"},"image":{"@id":"http:\/\/dafinoo.eu\/mirmar\/obchod\/skrutkovac-na-sadrokarton-bosch-gsr-6-60-te\/#primaryimage"},"thumbnailUrl":"http:\/\/dafinoo.eu\/mirmar\/wp-content\/uploads\/2021\/03\/33_1_1.jpg","datePublished":"2021-03-15T16:25:42+00:00","dateModified":"2021-04-19T17:43:31+00:00","breadcrumb":{"@id":"http:\/\/dafinoo.eu\/mirmar\/obchod\/skrutkovac-na-sadrokarton-bosch-gsr-6-60-te\/#breadcrumb"},"inLanguage":"sk-SK","potentialAction":[{"@type":"ReadAction","target":["http:\/\/dafinoo.eu\/mirmar\/obchod\/skrutkovac-na-sadrokarton-bosch-gsr-6-60-te\/"]}]},{"@type":"ImageObject","inLanguage":"sk-SK","@id":"http:\/\/dafinoo.eu\/mirmar\/obchod\/skrutkovac-na-sadrokarton-bosch-gsr-6-60-te\/#primaryimage","url":"http:\/\/dafinoo.eu\/mirmar\/wp-content\/uploads\/2021\/03\/33_1_1.jpg","contentUrl":"http:\/\/dafinoo.eu\/mirmar\/wp-content\/uploads\/2021\/03\/33_1_1.jpg","width":400,"height":400},{"@type":"BreadcrumbList","@id":"http:\/\/dafinoo.eu\/mirmar\/obchod\/skrutkovac-na-sadrokarton-bosch-gsr-6-60-te\/#breadcrumb","itemListElement":[{"@type":"ListItem","position":1,"name":"Domovsk\u00e1 str\u00e1nka","item":"http:\/\/dafinoo.eu\/mirmar\/"},{"@type":"ListItem","position":2,"name":"Obchod","item":"http:\/\/dafinoo.eu\/mirmar\/obchod\/"},{"@type":"ListItem","position":3,"name":"Skrutkova\u010d na sadrokart\u00f3n BOSCH GSR 6-60 TE"}]},{"@type":"WebSite","@id":"http:\/\/dafinoo.eu\/mirmar\/#website","url":"http:\/\/dafinoo.eu\/mirmar\/","name":"MIR-MAR","description":"Eshop s n\u00e1rad\u00edm","publisher":{"@id":"http:\/\/dafinoo.eu\/mirmar\/#organization"},"potentialAction":[{"@type":"SearchAction","target":{"@type":"EntryPoint","urlTemplate":"http:\/\/dafinoo.eu\/mirmar\/?s={search_term_string}"},"query-input":{"@type":"PropertyValueSpecification","valueRequired":true,"valueName":"search_term_string"}}],"inLanguage":"sk-SK"},{"@type":"Organization","@id":"http:\/\/dafinoo.eu\/mirmar\/#organization","name":"MIR-MAR","url":"http:\/\/dafinoo.eu\/mirmar\/","logo":{"@type":"ImageObject","inLanguage":"sk-SK","@id":"http:\/\/dafinoo.eu\/mirmar\/#\/schema\/logo\/image\/","url":"http:\/\/dafinoo.eu\/mirmar\/wp-content\/uploads\/2021\/03\/mirmar_logo.png","contentUrl":"http:\/\/dafinoo.eu\/mirmar\/wp-content\/uploads\/2021\/03\/mirmar_logo.png","width":256,"height":60,"caption":"MIR-MAR"},"image":{"@id":"http:\/\/dafinoo.eu\/mirmar\/#\/schema\/logo\/image\/"},"sameAs":["https:\/\/facebook.com\/mirmareshop"]}]}},"_links":{"self":[{"href":"http:\/\/dafinoo.eu\/mirmar\/wp-json\/wp\/v2\/product\/37042","targetHints":{"allow":["GET"]}}],"collection":[{"href":"http:\/\/dafinoo.eu\/mirmar\/wp-json\/wp\/v2\/product"}],"about":[{"href":"http:\/\/dafinoo.eu\/mirmar\/wp-json\/wp\/v2\/types\/product"}],"replies":[{"embeddable":true,"href":"http:\/\/dafinoo.eu\/mirmar\/wp-json\/wp\/v2\/comments?post=37042"}],"wp:featuredmedia":[{"embeddable":true,"href":"http:\/\/dafinoo.eu\/mirmar\/wp-json\/wp\/v2\/media\/37043"}],"wp:attachment":[{"href":"http:\/\/dafinoo.eu\/mirmar\/wp-json\/wp\/v2\/media?parent=37042"}],"wp:term":[{"taxonomy":"product_cat","embeddable":true,"href":"http:\/\/dafinoo.eu\/mirmar\/wp-json\/wp\/v2\/product_cat?post=37042"},{"taxonomy":"product_tag","embeddable":true,"href":"http:\/\/dafinoo.eu\/mirmar\/wp-json\/wp\/v2\/product_tag?post=37042"}],"curies":[{"name":"wp","href":"https:\/\/api.w.org\/{rel}","templated":true}]}}