{"id":37048,"date":"2021-03-15T17:25:52","date_gmt":"2021-03-15T16:25:52","guid":{"rendered":"http:\/\/dafinoo.eu\/mirmar\/product\/set-bosch-gws-15-150-cih-vodiace-sane-s-odsavacim-natrubkom\/"},"modified":"2021-04-19T19:43:38","modified_gmt":"2021-04-19T17:43:38","slug":"set-bosch-gws-15-150-cih-vodiace-sane-s-odsavacim-natrubkom","status":"publish","type":"product","link":"http:\/\/dafinoo.eu\/mirmar\/obchod\/set-bosch-gws-15-150-cih-vodiace-sane-s-odsavacim-natrubkom\/","title":{"rendered":"Set Bosch GWS 15-150 CIH + vodiace sane s ods\u00e1vac\u00edm n\u00e1trubkom"},"content":{"rendered":"<p>&#8211; Kickback Stop &#8211; ke\u010f sa kot\u00fa\u010d zablokuje, hne\u010f vypne br\u00fasku<br \/>\n&#8211; ochrana proti op\u00e4tovn\u00e9mu spusteniu<br \/>\n&#8211; v\u00fdhody ochrann\u00e9ho krytu: poistka na ochranu pred preto\u010den\u00edm, \u013eahk\u00e1 nastavite\u013enos\u0165<br \/>\n&#8211; pr\u00eddavn\u00e1 rukov\u00e4\u0165 s funkciou Vibration Control tlm\u00ed takmer polovicu vibr\u00e1ci\u00ed<br \/>\n&#8211; v\u00fdhoda obmedzova\u010da rozbehov\u00e9ho pr\u00fadu, plynul\u00e9ho rozbehu a ochrany pred pre\u0165a\u017een\u00edm<br \/>\n&#8211; kon\u0161tantn\u00e9 elektronick\u00e9 funkcie &#8211; v\u00fdhoda kon\u0161tantn\u00fdch ot\u00e1\u010dok aj po\u010das za\u0165a\u017eenia<br \/>\n&#8211; \u0161tyri polohy ot\u00e1\u010dania prevodovej hlavy, ktor\u00e9 s\u00fa od seba vzdialen\u00e9 o 90\u00b0<br \/>\n&#8211; pr\u00eddavn\u00e1 rukov\u00e4\u0165 sa d\u00e1 pripevni\u0165 na pravej aj \u013eavej strane<br \/>\n&#8211; bezpe\u010dnostn\u00fd vyp\u00edna\u010d pre okam\u017eit\u00e9 vypnutie pri pusten\u00ed n\u00e1radia<br \/>\n&#8211; vypnutie pri sp\u00e4tnom r\u00e1ze<br \/>\n&#8211; Champion &#8211; v\u00fdkonn\u00fd motor &#8211; 1500 W<br \/>\n&#8211; \u013eav\u00e9\/prav\u00e9 uchytenie pr\u00eddavnej rukov\u00e4te<\/p>\n","protected":false},"excerpt":{"rendered":"<p>Pr\u00edkon n\u00e1radia: 1500 Watt<br \/>\nNajvy\u0161\u0161\u00ed po\u010det ot\u00e1\u010dok: 9.300 za min\u00fatu<br \/>\nV\u00fdkon n\u00e1radia: 860 Watt<br \/>\nVe\u013ekos\u0165 z\u00e1vitu br\u00fasneho vretena: M 14<br \/>\nPriemer kot\u00fa\u010da v mm: 150<br \/>\nPriemer gumen\u00e9ho br\u00fasneho taniera v mm: 125<br \/>\nPriemer miskovitej kefy v mm: 75<br \/>\nCelkov\u00e1 v\u00e1ha bez k\u00e1bla: 2,4 kg<br \/>\nVe\u013ekos\u0165 elektrick\u00e9ho nap\u00e4tia: 230 V<\/p>\n","protected":false},"featured_media":37049,"comment_status":"closed","ping_status":"closed","template":"","meta":{"_lmt_disableupdate":"","_lmt_disable":""},"product_cat":[3210,3257,3106],"product_tag":[],"class_list":{"0":"post-37048","1":"product","2":"type-product","3":"status-publish","4":"has-post-thumbnail","6":"product_cat-uhlove-brusky-opracuvanie-kovov","7":"product_cat-set-bosch-profi","8":"product_cat-bosch","9":"ts_product_brand-bosh","11":"first","12":"instock","13":"sale","14":"taxable","15":"shipping-taxable","16":"purchasable","17":"product-type-simple"},"yoast_head":"<!-- This site is optimized with the Yoast SEO plugin v27.3 - https:\/\/yoast.com\/product\/yoast-seo-wordpress\/ -->\n<title>Set Bosch GWS 15-150 CIH + vodiace sane s ods\u00e1vac\u00edm n\u00e1trubkom - MIR-MAR<\/title>\n<meta name=\"robots\" content=\"index, follow, max-snippet:-1, max-image-preview:large, max-video-preview:-1\" \/>\n<link rel=\"canonical\" href=\"http:\/\/dafinoo.eu\/mirmar\/obchod\/set-bosch-gws-15-150-cih-vodiace-sane-s-odsavacim-natrubkom\/\" \/>\n<meta property=\"og:locale\" content=\"sk_SK\" \/>\n<meta property=\"og:type\" content=\"article\" \/>\n<meta property=\"og:title\" content=\"Set Bosch GWS 15-150 CIH + vodiace sane s ods\u00e1vac\u00edm n\u00e1trubkom - MIR-MAR\" \/>\n<meta property=\"og:description\" content=\"Pr\u00edkon n\u00e1radia: 1500 Watt Najvy\u0161\u0161\u00ed po\u010det ot\u00e1\u010dok: 9.300 za min\u00fatu V\u00fdkon n\u00e1radia: 860 Watt Ve\u013ekos\u0165 z\u00e1vitu br\u00fasneho vretena: M 14 Priemer kot\u00fa\u010da v mm: 150 Priemer gumen\u00e9ho br\u00fasneho taniera v mm: 125 Priemer miskovitej kefy v mm: 75 Celkov\u00e1 v\u00e1ha bez k\u00e1bla: 2,4 kg Ve\u013ekos\u0165 elektrick\u00e9ho nap\u00e4tia: 230 V\" \/>\n<meta property=\"og:url\" content=\"http:\/\/dafinoo.eu\/mirmar\/obchod\/set-bosch-gws-15-150-cih-vodiace-sane-s-odsavacim-natrubkom\/\" \/>\n<meta property=\"og:site_name\" content=\"MIR-MAR\" \/>\n<meta property=\"article:publisher\" content=\"https:\/\/facebook.com\/mirmareshop\" \/>\n<meta property=\"article:modified_time\" content=\"2021-04-19T17:43:38+00:00\" \/>\n<meta property=\"og:image\" content=\"https:\/\/i1.wp.com\/www.mirmar.sk\/wp-content\/uploads\/2021\/03\/2_6_1.jpg?fit=80%2C80&ssl=1\" \/>\n\t<meta property=\"og:image:width\" content=\"80\" \/>\n\t<meta property=\"og:image:height\" content=\"80\" \/>\n\t<meta property=\"og:image:type\" content=\"image\/jpeg\" \/>\n<meta name=\"twitter:label1\" content=\"Predpokladan\u00fd \u010das \u010d\u00edtania\" \/>\n\t<meta name=\"twitter:data1\" content=\"1 min\u00fata\" \/>\n<script type=\"application\/ld+json\" class=\"yoast-schema-graph\">{\"@context\":\"https:\\\/\\\/schema.org\",\"@graph\":[{\"@type\":\"WebPage\",\"@id\":\"http:\\\/\\\/dafinoo.eu\\\/mirmar\\\/obchod\\\/set-bosch-gws-15-150-cih-vodiace-sane-s-odsavacim-natrubkom\\\/\",\"url\":\"http:\\\/\\\/dafinoo.eu\\\/mirmar\\\/obchod\\\/set-bosch-gws-15-150-cih-vodiace-sane-s-odsavacim-natrubkom\\\/\",\"name\":\"Set Bosch GWS 15-150 CIH + vodiace sane s ods\u00e1vac\u00edm n\u00e1trubkom - MIR-MAR\",\"isPartOf\":{\"@id\":\"http:\\\/\\\/dafinoo.eu\\\/mirmar\\\/#website\"},\"primaryImageOfPage\":{\"@id\":\"http:\\\/\\\/dafinoo.eu\\\/mirmar\\\/obchod\\\/set-bosch-gws-15-150-cih-vodiace-sane-s-odsavacim-natrubkom\\\/#primaryimage\"},\"image\":{\"@id\":\"http:\\\/\\\/dafinoo.eu\\\/mirmar\\\/obchod\\\/set-bosch-gws-15-150-cih-vodiace-sane-s-odsavacim-natrubkom\\\/#primaryimage\"},\"thumbnailUrl\":\"http:\\\/\\\/dafinoo.eu\\\/mirmar\\\/wp-content\\\/uploads\\\/2021\\\/03\\\/2_6_1.jpg\",\"datePublished\":\"2021-03-15T16:25:52+00:00\",\"dateModified\":\"2021-04-19T17:43:38+00:00\",\"breadcrumb\":{\"@id\":\"http:\\\/\\\/dafinoo.eu\\\/mirmar\\\/obchod\\\/set-bosch-gws-15-150-cih-vodiace-sane-s-odsavacim-natrubkom\\\/#breadcrumb\"},\"inLanguage\":\"sk-SK\",\"potentialAction\":[{\"@type\":\"ReadAction\",\"target\":[\"http:\\\/\\\/dafinoo.eu\\\/mirmar\\\/obchod\\\/set-bosch-gws-15-150-cih-vodiace-sane-s-odsavacim-natrubkom\\\/\"]}]},{\"@type\":\"ImageObject\",\"inLanguage\":\"sk-SK\",\"@id\":\"http:\\\/\\\/dafinoo.eu\\\/mirmar\\\/obchod\\\/set-bosch-gws-15-150-cih-vodiace-sane-s-odsavacim-natrubkom\\\/#primaryimage\",\"url\":\"http:\\\/\\\/dafinoo.eu\\\/mirmar\\\/wp-content\\\/uploads\\\/2021\\\/03\\\/2_6_1.jpg\",\"contentUrl\":\"http:\\\/\\\/dafinoo.eu\\\/mirmar\\\/wp-content\\\/uploads\\\/2021\\\/03\\\/2_6_1.jpg\",\"width\":80,\"height\":80},{\"@type\":\"BreadcrumbList\",\"@id\":\"http:\\\/\\\/dafinoo.eu\\\/mirmar\\\/obchod\\\/set-bosch-gws-15-150-cih-vodiace-sane-s-odsavacim-natrubkom\\\/#breadcrumb\",\"itemListElement\":[{\"@type\":\"ListItem\",\"position\":1,\"name\":\"Domovsk\u00e1 str\u00e1nka\",\"item\":\"http:\\\/\\\/dafinoo.eu\\\/mirmar\\\/\"},{\"@type\":\"ListItem\",\"position\":2,\"name\":\"Obchod\",\"item\":\"http:\\\/\\\/dafinoo.eu\\\/mirmar\\\/obchod\\\/\"},{\"@type\":\"ListItem\",\"position\":3,\"name\":\"Set Bosch GWS 15-150 CIH + vodiace sane s ods\u00e1vac\u00edm n\u00e1trubkom\"}]},{\"@type\":\"WebSite\",\"@id\":\"http:\\\/\\\/dafinoo.eu\\\/mirmar\\\/#website\",\"url\":\"http:\\\/\\\/dafinoo.eu\\\/mirmar\\\/\",\"name\":\"MIR-MAR\",\"description\":\"Eshop s n\u00e1rad\u00edm\",\"publisher\":{\"@id\":\"http:\\\/\\\/dafinoo.eu\\\/mirmar\\\/#organization\"},\"potentialAction\":[{\"@type\":\"SearchAction\",\"target\":{\"@type\":\"EntryPoint\",\"urlTemplate\":\"http:\\\/\\\/dafinoo.eu\\\/mirmar\\\/?s={search_term_string}\"},\"query-input\":{\"@type\":\"PropertyValueSpecification\",\"valueRequired\":true,\"valueName\":\"search_term_string\"}}],\"inLanguage\":\"sk-SK\"},{\"@type\":\"Organization\",\"@id\":\"http:\\\/\\\/dafinoo.eu\\\/mirmar\\\/#organization\",\"name\":\"MIR-MAR\",\"url\":\"http:\\\/\\\/dafinoo.eu\\\/mirmar\\\/\",\"logo\":{\"@type\":\"ImageObject\",\"inLanguage\":\"sk-SK\",\"@id\":\"http:\\\/\\\/dafinoo.eu\\\/mirmar\\\/#\\\/schema\\\/logo\\\/image\\\/\",\"url\":\"http:\\\/\\\/dafinoo.eu\\\/mirmar\\\/wp-content\\\/uploads\\\/2021\\\/03\\\/mirmar_logo.png\",\"contentUrl\":\"http:\\\/\\\/dafinoo.eu\\\/mirmar\\\/wp-content\\\/uploads\\\/2021\\\/03\\\/mirmar_logo.png\",\"width\":256,\"height\":60,\"caption\":\"MIR-MAR\"},\"image\":{\"@id\":\"http:\\\/\\\/dafinoo.eu\\\/mirmar\\\/#\\\/schema\\\/logo\\\/image\\\/\"},\"sameAs\":[\"https:\\\/\\\/facebook.com\\\/mirmareshop\"]}]}<\/script>\n<!-- \/ Yoast SEO plugin. -->","yoast_head_json":{"title":"Set Bosch GWS 15-150 CIH + vodiace sane s ods\u00e1vac\u00edm n\u00e1trubkom - MIR-MAR","robots":{"index":"index","follow":"follow","max-snippet":"max-snippet:-1","max-image-preview":"max-image-preview:large","max-video-preview":"max-video-preview:-1"},"canonical":"http:\/\/dafinoo.eu\/mirmar\/obchod\/set-bosch-gws-15-150-cih-vodiace-sane-s-odsavacim-natrubkom\/","og_locale":"sk_SK","og_type":"article","og_title":"Set Bosch GWS 15-150 CIH + vodiace sane s ods\u00e1vac\u00edm n\u00e1trubkom - MIR-MAR","og_description":"Pr\u00edkon n\u00e1radia: 1500 Watt Najvy\u0161\u0161\u00ed po\u010det ot\u00e1\u010dok: 9.300 za min\u00fatu V\u00fdkon n\u00e1radia: 860 Watt Ve\u013ekos\u0165 z\u00e1vitu br\u00fasneho vretena: M 14 Priemer kot\u00fa\u010da v mm: 150 Priemer gumen\u00e9ho br\u00fasneho taniera v mm: 125 Priemer miskovitej kefy v mm: 75 Celkov\u00e1 v\u00e1ha bez k\u00e1bla: 2,4 kg Ve\u013ekos\u0165 elektrick\u00e9ho nap\u00e4tia: 230 V","og_url":"http:\/\/dafinoo.eu\/mirmar\/obchod\/set-bosch-gws-15-150-cih-vodiace-sane-s-odsavacim-natrubkom\/","og_site_name":"MIR-MAR","article_publisher":"https:\/\/facebook.com\/mirmareshop","article_modified_time":"2021-04-19T17:43:38+00:00","og_image":[{"width":80,"height":80,"url":"https:\/\/i1.wp.com\/www.mirmar.sk\/wp-content\/uploads\/2021\/03\/2_6_1.jpg?fit=80%2C80&ssl=1","type":"image\/jpeg"}],"twitter_misc":{"Predpokladan\u00fd \u010das \u010d\u00edtania":"1 min\u00fata"},"schema":{"@context":"https:\/\/schema.org","@graph":[{"@type":"WebPage","@id":"http:\/\/dafinoo.eu\/mirmar\/obchod\/set-bosch-gws-15-150-cih-vodiace-sane-s-odsavacim-natrubkom\/","url":"http:\/\/dafinoo.eu\/mirmar\/obchod\/set-bosch-gws-15-150-cih-vodiace-sane-s-odsavacim-natrubkom\/","name":"Set Bosch GWS 15-150 CIH + vodiace sane s ods\u00e1vac\u00edm n\u00e1trubkom - MIR-MAR","isPartOf":{"@id":"http:\/\/dafinoo.eu\/mirmar\/#website"},"primaryImageOfPage":{"@id":"http:\/\/dafinoo.eu\/mirmar\/obchod\/set-bosch-gws-15-150-cih-vodiace-sane-s-odsavacim-natrubkom\/#primaryimage"},"image":{"@id":"http:\/\/dafinoo.eu\/mirmar\/obchod\/set-bosch-gws-15-150-cih-vodiace-sane-s-odsavacim-natrubkom\/#primaryimage"},"thumbnailUrl":"http:\/\/dafinoo.eu\/mirmar\/wp-content\/uploads\/2021\/03\/2_6_1.jpg","datePublished":"2021-03-15T16:25:52+00:00","dateModified":"2021-04-19T17:43:38+00:00","breadcrumb":{"@id":"http:\/\/dafinoo.eu\/mirmar\/obchod\/set-bosch-gws-15-150-cih-vodiace-sane-s-odsavacim-natrubkom\/#breadcrumb"},"inLanguage":"sk-SK","potentialAction":[{"@type":"ReadAction","target":["http:\/\/dafinoo.eu\/mirmar\/obchod\/set-bosch-gws-15-150-cih-vodiace-sane-s-odsavacim-natrubkom\/"]}]},{"@type":"ImageObject","inLanguage":"sk-SK","@id":"http:\/\/dafinoo.eu\/mirmar\/obchod\/set-bosch-gws-15-150-cih-vodiace-sane-s-odsavacim-natrubkom\/#primaryimage","url":"http:\/\/dafinoo.eu\/mirmar\/wp-content\/uploads\/2021\/03\/2_6_1.jpg","contentUrl":"http:\/\/dafinoo.eu\/mirmar\/wp-content\/uploads\/2021\/03\/2_6_1.jpg","width":80,"height":80},{"@type":"BreadcrumbList","@id":"http:\/\/dafinoo.eu\/mirmar\/obchod\/set-bosch-gws-15-150-cih-vodiace-sane-s-odsavacim-natrubkom\/#breadcrumb","itemListElement":[{"@type":"ListItem","position":1,"name":"Domovsk\u00e1 str\u00e1nka","item":"http:\/\/dafinoo.eu\/mirmar\/"},{"@type":"ListItem","position":2,"name":"Obchod","item":"http:\/\/dafinoo.eu\/mirmar\/obchod\/"},{"@type":"ListItem","position":3,"name":"Set Bosch GWS 15-150 CIH + vodiace sane s ods\u00e1vac\u00edm n\u00e1trubkom"}]},{"@type":"WebSite","@id":"http:\/\/dafinoo.eu\/mirmar\/#website","url":"http:\/\/dafinoo.eu\/mirmar\/","name":"MIR-MAR","description":"Eshop s n\u00e1rad\u00edm","publisher":{"@id":"http:\/\/dafinoo.eu\/mirmar\/#organization"},"potentialAction":[{"@type":"SearchAction","target":{"@type":"EntryPoint","urlTemplate":"http:\/\/dafinoo.eu\/mirmar\/?s={search_term_string}"},"query-input":{"@type":"PropertyValueSpecification","valueRequired":true,"valueName":"search_term_string"}}],"inLanguage":"sk-SK"},{"@type":"Organization","@id":"http:\/\/dafinoo.eu\/mirmar\/#organization","name":"MIR-MAR","url":"http:\/\/dafinoo.eu\/mirmar\/","logo":{"@type":"ImageObject","inLanguage":"sk-SK","@id":"http:\/\/dafinoo.eu\/mirmar\/#\/schema\/logo\/image\/","url":"http:\/\/dafinoo.eu\/mirmar\/wp-content\/uploads\/2021\/03\/mirmar_logo.png","contentUrl":"http:\/\/dafinoo.eu\/mirmar\/wp-content\/uploads\/2021\/03\/mirmar_logo.png","width":256,"height":60,"caption":"MIR-MAR"},"image":{"@id":"http:\/\/dafinoo.eu\/mirmar\/#\/schema\/logo\/image\/"},"sameAs":["https:\/\/facebook.com\/mirmareshop"]}]}},"_links":{"self":[{"href":"http:\/\/dafinoo.eu\/mirmar\/wp-json\/wp\/v2\/product\/37048","targetHints":{"allow":["GET"]}}],"collection":[{"href":"http:\/\/dafinoo.eu\/mirmar\/wp-json\/wp\/v2\/product"}],"about":[{"href":"http:\/\/dafinoo.eu\/mirmar\/wp-json\/wp\/v2\/types\/product"}],"replies":[{"embeddable":true,"href":"http:\/\/dafinoo.eu\/mirmar\/wp-json\/wp\/v2\/comments?post=37048"}],"wp:featuredmedia":[{"embeddable":true,"href":"http:\/\/dafinoo.eu\/mirmar\/wp-json\/wp\/v2\/media\/37049"}],"wp:attachment":[{"href":"http:\/\/dafinoo.eu\/mirmar\/wp-json\/wp\/v2\/media?parent=37048"}],"wp:term":[{"taxonomy":"product_cat","embeddable":true,"href":"http:\/\/dafinoo.eu\/mirmar\/wp-json\/wp\/v2\/product_cat?post=37048"},{"taxonomy":"product_tag","embeddable":true,"href":"http:\/\/dafinoo.eu\/mirmar\/wp-json\/wp\/v2\/product_tag?post=37048"}],"curies":[{"name":"wp","href":"https:\/\/api.w.org\/{rel}","templated":true}]}}