{"id":37050,"date":"2021-03-15T17:25:52","date_gmt":"2021-03-15T16:25:52","guid":{"rendered":"http:\/\/dafinoo.eu\/mirmar\/product\/set-bosch-gws-22-230-jh-bosch-gws-660-professional\/"},"modified":"2021-04-19T19:43:40","modified_gmt":"2021-04-19T17:43:40","slug":"set-bosch-gws-22-230-jh-bosch-gws-660-professional","status":"publish","type":"product","link":"http:\/\/dafinoo.eu\/mirmar\/obchod\/set-bosch-gws-22-230-jh-bosch-gws-660-professional\/","title":{"rendered":"Set Bosch GWS 22-230 JH + Bosch GWS 660 Professional"},"content":{"rendered":"<p>&#8211; dlh\u00e1 \u017eivotnos\u0165 v\u010faka dvojit\u00e9mu tesneniu gu\u013ekov\u00fdch lo\u017e\u00edsk, extr\u00e9mne robustnej prevodovke a pancierovan\u00e9mu vinutiu motora proti ostr\u00e9mu br\u00fasnemu prachu<br \/>\n&#8211; pr\u00eddavn\u00e1 rukov\u00e4\u0165 s funkciou Vibration Control tlm\u00ed polovicu vibr\u00e1ci\u00ed<br \/>\n&#8211; dostupnos\u0165 r\u00fdchloup\u00ednacej matice Bosch SDS v pr\u00edslu\u0161enstve<br \/>\n&#8211; pancierovan\u00e9 vinutie &#8211; ochra\u0148uje motor pred ostr\u00fdm br\u00fasnym prachom, \u010do je z\u00e1rukou dlhej \u017eivotnosti<br \/>\n&#8211; Champion &#8211; v\u00fdkonn\u00fd motor &#8211; 2200 W<br \/>\n&#8211; ochrana motora pred prachom<br \/>\n&#8211; v\u00fdhody ochrann\u00e9ho krytu: poistka na ochranu pred preto\u010den\u00edm, \u013eahk\u00e1 nastavite\u013enos\u0165<br \/>\n&#8211; v\u010faka priamemu chladeniu sa br\u00faska nepre\u0165a\u017e\u00ed a tie\u017e je z\u00e1rukou dlhej \u017eivotnosti<br \/>\n&#8211; pr\u00eddavn\u00e1 rukov\u00e4\u0165 sa d\u00e1 pripevni\u0165 na pravej aj \u013eavej strane<\/p>\n","protected":false},"excerpt":{"rendered":"<p>Pr\u00edkon n\u00e1radia: 2200 Watt<br \/>\nNajvy\u0161\u0161\u00ed po\u010det ot\u00e1\u010dok: 6500 za min\u00fatu<br \/>\nVe\u013ekos\u0165 z\u00e1vitu br\u00fasneho vretena: M 14<br \/>\nPriemer kot\u00fa\u010da v mm: 230<br \/>\nCelkov\u00e1 v\u00e1ha bez k\u00e1bla: 5,2 kg<br \/>\nVe\u013ekos\u0165 elektrick\u00e9ho nap\u00e4tia: 230 V<\/p>\n<p>Pr\u00edkon n\u00e1radia: 670 Watt<br \/>\nNajvy\u0161\u0161\u00ed po\u010det ot\u00e1\u010dok: 11000 za min\u00fatu<br \/>\nVe\u013ekos\u0165 z\u00e1vitu br\u00fasneho vretena: M 14<br \/>\nPriemer kot\u00fa\u010da v mm: 115<br \/>\nVe\u013ekos\u0165 elektrick\u00e9ho nap\u00e4tia: 230 V<\/p>\n","protected":false},"featured_media":37051,"comment_status":"closed","ping_status":"open","template":"","meta":{"_lmt_disableupdate":"","_lmt_disable":""},"product_cat":[3257,3106],"product_tag":[],"class_list":{"0":"post-37050","1":"product","2":"type-product","3":"status-publish","4":"has-post-thumbnail","6":"product_cat-set-bosch-profi","7":"product_cat-bosch","8":"ts_product_brand-bosh","10":"first","11":"instock","12":"taxable","13":"shipping-taxable","14":"purchasable","15":"product-type-simple"},"yoast_head":"<!-- This site is optimized with the Yoast SEO plugin v27.3 - https:\/\/yoast.com\/product\/yoast-seo-wordpress\/ -->\n<title>Set Bosch GWS 22-230 JH + Bosch GWS 660 Professional - MIR-MAR<\/title>\n<meta name=\"robots\" content=\"index, follow, max-snippet:-1, max-image-preview:large, max-video-preview:-1\" \/>\n<link rel=\"canonical\" href=\"http:\/\/dafinoo.eu\/mirmar\/obchod\/set-bosch-gws-22-230-jh-bosch-gws-660-professional\/\" \/>\n<meta property=\"og:locale\" content=\"sk_SK\" \/>\n<meta property=\"og:type\" content=\"article\" \/>\n<meta property=\"og:title\" content=\"Set Bosch GWS 22-230 JH + Bosch GWS 660 Professional - MIR-MAR\" \/>\n<meta property=\"og:description\" content=\"Pr\u00edkon n\u00e1radia: 2200 Watt Najvy\u0161\u0161\u00ed po\u010det ot\u00e1\u010dok: 6500 za min\u00fatu Ve\u013ekos\u0165 z\u00e1vitu br\u00fasneho vretena: M 14 Priemer kot\u00fa\u010da v mm: 230 Celkov\u00e1 v\u00e1ha bez k\u00e1bla: 5,2 kg Ve\u013ekos\u0165 elektrick\u00e9ho nap\u00e4tia: 230 V Pr\u00edkon n\u00e1radia: 670 Watt Najvy\u0161\u0161\u00ed po\u010det ot\u00e1\u010dok: 11000 za min\u00fatu Ve\u013ekos\u0165 z\u00e1vitu br\u00fasneho vretena: M 14 Priemer kot\u00fa\u010da v mm: 115 Ve\u013ekos\u0165 elektrick\u00e9ho nap\u00e4tia: 230 V\" \/>\n<meta property=\"og:url\" content=\"http:\/\/dafinoo.eu\/mirmar\/obchod\/set-bosch-gws-22-230-jh-bosch-gws-660-professional\/\" \/>\n<meta property=\"og:site_name\" content=\"MIR-MAR\" \/>\n<meta property=\"article:publisher\" content=\"https:\/\/facebook.com\/mirmareshop\" \/>\n<meta property=\"article:modified_time\" content=\"2021-04-19T17:43:40+00:00\" \/>\n<meta property=\"og:image\" content=\"https:\/\/i0.wp.com\/www.mirmar.sk\/wp-content\/uploads\/2021\/03\/1_1_4_1.jpg?fit=259%2C194&ssl=1\" \/>\n\t<meta property=\"og:image:width\" content=\"259\" \/>\n\t<meta property=\"og:image:height\" content=\"194\" \/>\n\t<meta property=\"og:image:type\" content=\"image\/jpeg\" \/>\n<meta name=\"twitter:label1\" content=\"Predpokladan\u00fd \u010das \u010d\u00edtania\" \/>\n\t<meta name=\"twitter:data1\" content=\"1 min\u00fata\" \/>\n<script type=\"application\/ld+json\" class=\"yoast-schema-graph\">{\"@context\":\"https:\\\/\\\/schema.org\",\"@graph\":[{\"@type\":\"WebPage\",\"@id\":\"http:\\\/\\\/dafinoo.eu\\\/mirmar\\\/obchod\\\/set-bosch-gws-22-230-jh-bosch-gws-660-professional\\\/\",\"url\":\"http:\\\/\\\/dafinoo.eu\\\/mirmar\\\/obchod\\\/set-bosch-gws-22-230-jh-bosch-gws-660-professional\\\/\",\"name\":\"Set Bosch GWS 22-230 JH + Bosch GWS 660 Professional - MIR-MAR\",\"isPartOf\":{\"@id\":\"http:\\\/\\\/dafinoo.eu\\\/mirmar\\\/#website\"},\"primaryImageOfPage\":{\"@id\":\"http:\\\/\\\/dafinoo.eu\\\/mirmar\\\/obchod\\\/set-bosch-gws-22-230-jh-bosch-gws-660-professional\\\/#primaryimage\"},\"image\":{\"@id\":\"http:\\\/\\\/dafinoo.eu\\\/mirmar\\\/obchod\\\/set-bosch-gws-22-230-jh-bosch-gws-660-professional\\\/#primaryimage\"},\"thumbnailUrl\":\"http:\\\/\\\/dafinoo.eu\\\/mirmar\\\/wp-content\\\/uploads\\\/2021\\\/03\\\/1_1_4_1.jpg\",\"datePublished\":\"2021-03-15T16:25:52+00:00\",\"dateModified\":\"2021-04-19T17:43:40+00:00\",\"breadcrumb\":{\"@id\":\"http:\\\/\\\/dafinoo.eu\\\/mirmar\\\/obchod\\\/set-bosch-gws-22-230-jh-bosch-gws-660-professional\\\/#breadcrumb\"},\"inLanguage\":\"sk-SK\",\"potentialAction\":[{\"@type\":\"ReadAction\",\"target\":[\"http:\\\/\\\/dafinoo.eu\\\/mirmar\\\/obchod\\\/set-bosch-gws-22-230-jh-bosch-gws-660-professional\\\/\"]}]},{\"@type\":\"ImageObject\",\"inLanguage\":\"sk-SK\",\"@id\":\"http:\\\/\\\/dafinoo.eu\\\/mirmar\\\/obchod\\\/set-bosch-gws-22-230-jh-bosch-gws-660-professional\\\/#primaryimage\",\"url\":\"http:\\\/\\\/dafinoo.eu\\\/mirmar\\\/wp-content\\\/uploads\\\/2021\\\/03\\\/1_1_4_1.jpg\",\"contentUrl\":\"http:\\\/\\\/dafinoo.eu\\\/mirmar\\\/wp-content\\\/uploads\\\/2021\\\/03\\\/1_1_4_1.jpg\",\"width\":259,\"height\":194},{\"@type\":\"BreadcrumbList\",\"@id\":\"http:\\\/\\\/dafinoo.eu\\\/mirmar\\\/obchod\\\/set-bosch-gws-22-230-jh-bosch-gws-660-professional\\\/#breadcrumb\",\"itemListElement\":[{\"@type\":\"ListItem\",\"position\":1,\"name\":\"Domovsk\u00e1 str\u00e1nka\",\"item\":\"http:\\\/\\\/dafinoo.eu\\\/mirmar\\\/\"},{\"@type\":\"ListItem\",\"position\":2,\"name\":\"Obchod\",\"item\":\"http:\\\/\\\/dafinoo.eu\\\/mirmar\\\/obchod\\\/\"},{\"@type\":\"ListItem\",\"position\":3,\"name\":\"Set Bosch GWS 22-230 JH + Bosch GWS 660 Professional\"}]},{\"@type\":\"WebSite\",\"@id\":\"http:\\\/\\\/dafinoo.eu\\\/mirmar\\\/#website\",\"url\":\"http:\\\/\\\/dafinoo.eu\\\/mirmar\\\/\",\"name\":\"MIR-MAR\",\"description\":\"Eshop s n\u00e1rad\u00edm\",\"publisher\":{\"@id\":\"http:\\\/\\\/dafinoo.eu\\\/mirmar\\\/#organization\"},\"potentialAction\":[{\"@type\":\"SearchAction\",\"target\":{\"@type\":\"EntryPoint\",\"urlTemplate\":\"http:\\\/\\\/dafinoo.eu\\\/mirmar\\\/?s={search_term_string}\"},\"query-input\":{\"@type\":\"PropertyValueSpecification\",\"valueRequired\":true,\"valueName\":\"search_term_string\"}}],\"inLanguage\":\"sk-SK\"},{\"@type\":\"Organization\",\"@id\":\"http:\\\/\\\/dafinoo.eu\\\/mirmar\\\/#organization\",\"name\":\"MIR-MAR\",\"url\":\"http:\\\/\\\/dafinoo.eu\\\/mirmar\\\/\",\"logo\":{\"@type\":\"ImageObject\",\"inLanguage\":\"sk-SK\",\"@id\":\"http:\\\/\\\/dafinoo.eu\\\/mirmar\\\/#\\\/schema\\\/logo\\\/image\\\/\",\"url\":\"http:\\\/\\\/dafinoo.eu\\\/mirmar\\\/wp-content\\\/uploads\\\/2021\\\/03\\\/mirmar_logo.png\",\"contentUrl\":\"http:\\\/\\\/dafinoo.eu\\\/mirmar\\\/wp-content\\\/uploads\\\/2021\\\/03\\\/mirmar_logo.png\",\"width\":256,\"height\":60,\"caption\":\"MIR-MAR\"},\"image\":{\"@id\":\"http:\\\/\\\/dafinoo.eu\\\/mirmar\\\/#\\\/schema\\\/logo\\\/image\\\/\"},\"sameAs\":[\"https:\\\/\\\/facebook.com\\\/mirmareshop\"]}]}<\/script>\n<!-- \/ Yoast SEO plugin. -->","yoast_head_json":{"title":"Set Bosch GWS 22-230 JH + Bosch GWS 660 Professional - MIR-MAR","robots":{"index":"index","follow":"follow","max-snippet":"max-snippet:-1","max-image-preview":"max-image-preview:large","max-video-preview":"max-video-preview:-1"},"canonical":"http:\/\/dafinoo.eu\/mirmar\/obchod\/set-bosch-gws-22-230-jh-bosch-gws-660-professional\/","og_locale":"sk_SK","og_type":"article","og_title":"Set Bosch GWS 22-230 JH + Bosch GWS 660 Professional - MIR-MAR","og_description":"Pr\u00edkon n\u00e1radia: 2200 Watt Najvy\u0161\u0161\u00ed po\u010det ot\u00e1\u010dok: 6500 za min\u00fatu Ve\u013ekos\u0165 z\u00e1vitu br\u00fasneho vretena: M 14 Priemer kot\u00fa\u010da v mm: 230 Celkov\u00e1 v\u00e1ha bez k\u00e1bla: 5,2 kg Ve\u013ekos\u0165 elektrick\u00e9ho nap\u00e4tia: 230 V Pr\u00edkon n\u00e1radia: 670 Watt Najvy\u0161\u0161\u00ed po\u010det ot\u00e1\u010dok: 11000 za min\u00fatu Ve\u013ekos\u0165 z\u00e1vitu br\u00fasneho vretena: M 14 Priemer kot\u00fa\u010da v mm: 115 Ve\u013ekos\u0165 elektrick\u00e9ho nap\u00e4tia: 230 V","og_url":"http:\/\/dafinoo.eu\/mirmar\/obchod\/set-bosch-gws-22-230-jh-bosch-gws-660-professional\/","og_site_name":"MIR-MAR","article_publisher":"https:\/\/facebook.com\/mirmareshop","article_modified_time":"2021-04-19T17:43:40+00:00","og_image":[{"width":259,"height":194,"url":"https:\/\/i0.wp.com\/www.mirmar.sk\/wp-content\/uploads\/2021\/03\/1_1_4_1.jpg?fit=259%2C194&ssl=1","type":"image\/jpeg"}],"twitter_misc":{"Predpokladan\u00fd \u010das \u010d\u00edtania":"1 min\u00fata"},"schema":{"@context":"https:\/\/schema.org","@graph":[{"@type":"WebPage","@id":"http:\/\/dafinoo.eu\/mirmar\/obchod\/set-bosch-gws-22-230-jh-bosch-gws-660-professional\/","url":"http:\/\/dafinoo.eu\/mirmar\/obchod\/set-bosch-gws-22-230-jh-bosch-gws-660-professional\/","name":"Set Bosch GWS 22-230 JH + Bosch GWS 660 Professional - MIR-MAR","isPartOf":{"@id":"http:\/\/dafinoo.eu\/mirmar\/#website"},"primaryImageOfPage":{"@id":"http:\/\/dafinoo.eu\/mirmar\/obchod\/set-bosch-gws-22-230-jh-bosch-gws-660-professional\/#primaryimage"},"image":{"@id":"http:\/\/dafinoo.eu\/mirmar\/obchod\/set-bosch-gws-22-230-jh-bosch-gws-660-professional\/#primaryimage"},"thumbnailUrl":"http:\/\/dafinoo.eu\/mirmar\/wp-content\/uploads\/2021\/03\/1_1_4_1.jpg","datePublished":"2021-03-15T16:25:52+00:00","dateModified":"2021-04-19T17:43:40+00:00","breadcrumb":{"@id":"http:\/\/dafinoo.eu\/mirmar\/obchod\/set-bosch-gws-22-230-jh-bosch-gws-660-professional\/#breadcrumb"},"inLanguage":"sk-SK","potentialAction":[{"@type":"ReadAction","target":["http:\/\/dafinoo.eu\/mirmar\/obchod\/set-bosch-gws-22-230-jh-bosch-gws-660-professional\/"]}]},{"@type":"ImageObject","inLanguage":"sk-SK","@id":"http:\/\/dafinoo.eu\/mirmar\/obchod\/set-bosch-gws-22-230-jh-bosch-gws-660-professional\/#primaryimage","url":"http:\/\/dafinoo.eu\/mirmar\/wp-content\/uploads\/2021\/03\/1_1_4_1.jpg","contentUrl":"http:\/\/dafinoo.eu\/mirmar\/wp-content\/uploads\/2021\/03\/1_1_4_1.jpg","width":259,"height":194},{"@type":"BreadcrumbList","@id":"http:\/\/dafinoo.eu\/mirmar\/obchod\/set-bosch-gws-22-230-jh-bosch-gws-660-professional\/#breadcrumb","itemListElement":[{"@type":"ListItem","position":1,"name":"Domovsk\u00e1 str\u00e1nka","item":"http:\/\/dafinoo.eu\/mirmar\/"},{"@type":"ListItem","position":2,"name":"Obchod","item":"http:\/\/dafinoo.eu\/mirmar\/obchod\/"},{"@type":"ListItem","position":3,"name":"Set Bosch GWS 22-230 JH + Bosch GWS 660 Professional"}]},{"@type":"WebSite","@id":"http:\/\/dafinoo.eu\/mirmar\/#website","url":"http:\/\/dafinoo.eu\/mirmar\/","name":"MIR-MAR","description":"Eshop s n\u00e1rad\u00edm","publisher":{"@id":"http:\/\/dafinoo.eu\/mirmar\/#organization"},"potentialAction":[{"@type":"SearchAction","target":{"@type":"EntryPoint","urlTemplate":"http:\/\/dafinoo.eu\/mirmar\/?s={search_term_string}"},"query-input":{"@type":"PropertyValueSpecification","valueRequired":true,"valueName":"search_term_string"}}],"inLanguage":"sk-SK"},{"@type":"Organization","@id":"http:\/\/dafinoo.eu\/mirmar\/#organization","name":"MIR-MAR","url":"http:\/\/dafinoo.eu\/mirmar\/","logo":{"@type":"ImageObject","inLanguage":"sk-SK","@id":"http:\/\/dafinoo.eu\/mirmar\/#\/schema\/logo\/image\/","url":"http:\/\/dafinoo.eu\/mirmar\/wp-content\/uploads\/2021\/03\/mirmar_logo.png","contentUrl":"http:\/\/dafinoo.eu\/mirmar\/wp-content\/uploads\/2021\/03\/mirmar_logo.png","width":256,"height":60,"caption":"MIR-MAR"},"image":{"@id":"http:\/\/dafinoo.eu\/mirmar\/#\/schema\/logo\/image\/"},"sameAs":["https:\/\/facebook.com\/mirmareshop"]}]}},"_links":{"self":[{"href":"http:\/\/dafinoo.eu\/mirmar\/wp-json\/wp\/v2\/product\/37050","targetHints":{"allow":["GET"]}}],"collection":[{"href":"http:\/\/dafinoo.eu\/mirmar\/wp-json\/wp\/v2\/product"}],"about":[{"href":"http:\/\/dafinoo.eu\/mirmar\/wp-json\/wp\/v2\/types\/product"}],"replies":[{"embeddable":true,"href":"http:\/\/dafinoo.eu\/mirmar\/wp-json\/wp\/v2\/comments?post=37050"}],"wp:featuredmedia":[{"embeddable":true,"href":"http:\/\/dafinoo.eu\/mirmar\/wp-json\/wp\/v2\/media\/37051"}],"wp:attachment":[{"href":"http:\/\/dafinoo.eu\/mirmar\/wp-json\/wp\/v2\/media?parent=37050"}],"wp:term":[{"taxonomy":"product_cat","embeddable":true,"href":"http:\/\/dafinoo.eu\/mirmar\/wp-json\/wp\/v2\/product_cat?post=37050"},{"taxonomy":"product_tag","embeddable":true,"href":"http:\/\/dafinoo.eu\/mirmar\/wp-json\/wp\/v2\/product_tag?post=37050"}],"curies":[{"name":"wp","href":"https:\/\/api.w.org\/{rel}","templated":true}]}}