{"id":37052,"date":"2021-03-15T17:25:52","date_gmt":"2021-03-15T16:25:52","guid":{"rendered":"http:\/\/dafinoo.eu\/mirmar\/product\/bosch-detektor-kovov-gms-100-m\/"},"modified":"2021-04-19T19:43:40","modified_gmt":"2021-04-19T17:43:40","slug":"bosch-detektor-kovov-gms-100-m","status":"publish","type":"product","link":"http:\/\/dafinoo.eu\/mirmar\/obchod\/bosch-detektor-kovov-gms-100-m\/","title":{"rendered":"Bosch Detektor kovov GMS 100 M"},"content":{"rendered":"<p>&#8211; Ve\u013emi spo\u013eahliv\u00e1 detekcia predmetov z kovu a elektrick\u00e9ho vedenia s \/bez nap\u00e4tia: trojfarebn\u00fd sveteln\u00fd LED kr\u00fa\u017eok<br \/>\n&#8211; Presn\u00e1 lokaliz\u00e1cia predmetu: Automatick\u00e1 stupnica so Zoomom<br \/>\n&#8211; Citliv\u00e9 senzory okolo vyzna\u010dovacieho kr\u00fa\u017eku: Bezpe\u010dn\u00e9 v\u0155tanie otvorov<br \/>\n&#8211; Kalibr\u00e1cia detektoru prebieha automaticky<br \/>\n&#8211; Detektor GMS 100 M Professional je vhodn\u00fd na detekciu vodovodn\u00fdch a plynov\u00fdch r\u00far, elektirck\u00fdch k\u00e1blov, v\u00fdstu\u017e\u00ed z ocele, eletrorozvodov, rozvodov\u00fdch krab\u00edc, rozde\u013eova\u010dov, r\u00far z kovu, ktor\u00e9 sa nach\u00e1dzaj\u00fa v sten\u00e1ch alebo v podlah\u00e1ch<br \/>\n&#8211; Obzvl\u00e1\u0161\u0165 je vhodn\u00fd pri renov\u00e1cii starej budovy, kde ch\u00fdba technick\u00e1 dokument\u00e1cia, ktor\u00e1 zakres\u013euje kde sa nach\u00e1dzaj\u00fa vodovodn\u00e9 r\u00fary alebo elektrick\u00e9 k\u00e1ble<\/p>\n","protected":false},"excerpt":{"rendered":"<p>Mo\u017enos\u0165 detekovania materi\u00e1lu: oce\u013eov\u00fd materi\u00e1l (aj armat\u00fara), ne\u017eelezn\u00fd kov, el. vedenie bez\/s nap\u00e4t\u00edm<br \/>\nMaxim\u00e1lna detek\u010dn\u00e1 h\u013abka (oce\u013e) v mm: 100<br \/>\nMaxim\u00e1lna detek\u010dn\u00e1 h\u013abka (me\u010f) v mm: 80<br \/>\n\u010cas automatick\u00e9ho vypnutia: po 5 min<br \/>\nTyp nap\u00e1jania: 1 bat\u00e9ria 9 V, 6LR61 (monoblok)<br \/>\nCelkov\u00e1 v\u00e1ha (pribli\u017en\u00e1): 0,24 kg<br \/>\nKrytie: IP 54<br \/>\nCelkov\u00e9 rozmery d\/\u0161\/v v mm: 197 x 83 x 30<\/p>\n","protected":false},"featured_media":37053,"comment_status":"closed","ping_status":"open","template":"","meta":{"_lmt_disableupdate":"","_lmt_disable":""},"product_cat":[3106],"product_tag":[],"class_list":{"0":"post-37052","1":"product","2":"type-product","3":"status-publish","4":"has-post-thumbnail","6":"product_cat-bosch","7":"ts_product_brand-bosh","9":"first","10":"instock","11":"sale","12":"taxable","13":"shipping-taxable","14":"purchasable","15":"product-type-simple"},"yoast_head":"<!-- This site is optimized with the Yoast SEO plugin v27.3 - https:\/\/yoast.com\/product\/yoast-seo-wordpress\/ -->\n<title>Bosch Detektor kovov GMS 100 M - MIR-MAR<\/title>\n<meta name=\"robots\" content=\"index, follow, max-snippet:-1, max-image-preview:large, max-video-preview:-1\" \/>\n<link rel=\"canonical\" href=\"http:\/\/dafinoo.eu\/mirmar\/obchod\/bosch-detektor-kovov-gms-100-m\/\" \/>\n<meta property=\"og:locale\" content=\"sk_SK\" \/>\n<meta property=\"og:type\" content=\"article\" \/>\n<meta property=\"og:title\" content=\"Bosch Detektor kovov GMS 100 M - MIR-MAR\" \/>\n<meta property=\"og:description\" content=\"Mo\u017enos\u0165 detekovania materi\u00e1lu: oce\u013eov\u00fd materi\u00e1l (aj armat\u00fara), ne\u017eelezn\u00fd kov, el. vedenie bez\/s nap\u00e4t\u00edm Maxim\u00e1lna detek\u010dn\u00e1 h\u013abka (oce\u013e) v mm: 100 Maxim\u00e1lna detek\u010dn\u00e1 h\u013abka (me\u010f) v mm: 80 \u010cas automatick\u00e9ho vypnutia: po 5 min Typ nap\u00e1jania: 1 bat\u00e9ria 9 V, 6LR61 (monoblok) Celkov\u00e1 v\u00e1ha (pribli\u017en\u00e1): 0,24 kg Krytie: IP 54 Celkov\u00e9 rozmery d\/\u0161\/v v mm: 197 x 83 x 30\" \/>\n<meta property=\"og:url\" content=\"http:\/\/dafinoo.eu\/mirmar\/obchod\/bosch-detektor-kovov-gms-100-m\/\" \/>\n<meta property=\"og:site_name\" content=\"MIR-MAR\" \/>\n<meta property=\"article:publisher\" content=\"https:\/\/facebook.com\/mirmareshop\" \/>\n<meta property=\"article:modified_time\" content=\"2021-04-19T17:43:40+00:00\" \/>\n<meta property=\"og:image\" content=\"https:\/\/i0.wp.com\/www.mirmar.sk\/wp-content\/uploads\/2021\/03\/25_3_1.jpg?fit=400%2C400&ssl=1\" \/>\n\t<meta property=\"og:image:width\" content=\"400\" \/>\n\t<meta property=\"og:image:height\" content=\"400\" \/>\n\t<meta property=\"og:image:type\" content=\"image\/jpeg\" \/>\n<meta name=\"twitter:label1\" content=\"Predpokladan\u00fd \u010das \u010d\u00edtania\" \/>\n\t<meta name=\"twitter:data1\" content=\"1 min\u00fata\" \/>\n<script type=\"application\/ld+json\" class=\"yoast-schema-graph\">{\"@context\":\"https:\\\/\\\/schema.org\",\"@graph\":[{\"@type\":\"WebPage\",\"@id\":\"http:\\\/\\\/dafinoo.eu\\\/mirmar\\\/obchod\\\/bosch-detektor-kovov-gms-100-m\\\/\",\"url\":\"http:\\\/\\\/dafinoo.eu\\\/mirmar\\\/obchod\\\/bosch-detektor-kovov-gms-100-m\\\/\",\"name\":\"Bosch Detektor kovov GMS 100 M - MIR-MAR\",\"isPartOf\":{\"@id\":\"http:\\\/\\\/dafinoo.eu\\\/mirmar\\\/#website\"},\"primaryImageOfPage\":{\"@id\":\"http:\\\/\\\/dafinoo.eu\\\/mirmar\\\/obchod\\\/bosch-detektor-kovov-gms-100-m\\\/#primaryimage\"},\"image\":{\"@id\":\"http:\\\/\\\/dafinoo.eu\\\/mirmar\\\/obchod\\\/bosch-detektor-kovov-gms-100-m\\\/#primaryimage\"},\"thumbnailUrl\":\"http:\\\/\\\/dafinoo.eu\\\/mirmar\\\/wp-content\\\/uploads\\\/2021\\\/03\\\/25_3_1.jpg\",\"datePublished\":\"2021-03-15T16:25:52+00:00\",\"dateModified\":\"2021-04-19T17:43:40+00:00\",\"breadcrumb\":{\"@id\":\"http:\\\/\\\/dafinoo.eu\\\/mirmar\\\/obchod\\\/bosch-detektor-kovov-gms-100-m\\\/#breadcrumb\"},\"inLanguage\":\"sk-SK\",\"potentialAction\":[{\"@type\":\"ReadAction\",\"target\":[\"http:\\\/\\\/dafinoo.eu\\\/mirmar\\\/obchod\\\/bosch-detektor-kovov-gms-100-m\\\/\"]}]},{\"@type\":\"ImageObject\",\"inLanguage\":\"sk-SK\",\"@id\":\"http:\\\/\\\/dafinoo.eu\\\/mirmar\\\/obchod\\\/bosch-detektor-kovov-gms-100-m\\\/#primaryimage\",\"url\":\"http:\\\/\\\/dafinoo.eu\\\/mirmar\\\/wp-content\\\/uploads\\\/2021\\\/03\\\/25_3_1.jpg\",\"contentUrl\":\"http:\\\/\\\/dafinoo.eu\\\/mirmar\\\/wp-content\\\/uploads\\\/2021\\\/03\\\/25_3_1.jpg\",\"width\":400,\"height\":400},{\"@type\":\"BreadcrumbList\",\"@id\":\"http:\\\/\\\/dafinoo.eu\\\/mirmar\\\/obchod\\\/bosch-detektor-kovov-gms-100-m\\\/#breadcrumb\",\"itemListElement\":[{\"@type\":\"ListItem\",\"position\":1,\"name\":\"Domovsk\u00e1 str\u00e1nka\",\"item\":\"http:\\\/\\\/dafinoo.eu\\\/mirmar\\\/\"},{\"@type\":\"ListItem\",\"position\":2,\"name\":\"Obchod\",\"item\":\"http:\\\/\\\/dafinoo.eu\\\/mirmar\\\/obchod\\\/\"},{\"@type\":\"ListItem\",\"position\":3,\"name\":\"Bosch Detektor kovov GMS 100 M\"}]},{\"@type\":\"WebSite\",\"@id\":\"http:\\\/\\\/dafinoo.eu\\\/mirmar\\\/#website\",\"url\":\"http:\\\/\\\/dafinoo.eu\\\/mirmar\\\/\",\"name\":\"MIR-MAR\",\"description\":\"Eshop s n\u00e1rad\u00edm\",\"publisher\":{\"@id\":\"http:\\\/\\\/dafinoo.eu\\\/mirmar\\\/#organization\"},\"potentialAction\":[{\"@type\":\"SearchAction\",\"target\":{\"@type\":\"EntryPoint\",\"urlTemplate\":\"http:\\\/\\\/dafinoo.eu\\\/mirmar\\\/?s={search_term_string}\"},\"query-input\":{\"@type\":\"PropertyValueSpecification\",\"valueRequired\":true,\"valueName\":\"search_term_string\"}}],\"inLanguage\":\"sk-SK\"},{\"@type\":\"Organization\",\"@id\":\"http:\\\/\\\/dafinoo.eu\\\/mirmar\\\/#organization\",\"name\":\"MIR-MAR\",\"url\":\"http:\\\/\\\/dafinoo.eu\\\/mirmar\\\/\",\"logo\":{\"@type\":\"ImageObject\",\"inLanguage\":\"sk-SK\",\"@id\":\"http:\\\/\\\/dafinoo.eu\\\/mirmar\\\/#\\\/schema\\\/logo\\\/image\\\/\",\"url\":\"http:\\\/\\\/dafinoo.eu\\\/mirmar\\\/wp-content\\\/uploads\\\/2021\\\/03\\\/mirmar_logo.png\",\"contentUrl\":\"http:\\\/\\\/dafinoo.eu\\\/mirmar\\\/wp-content\\\/uploads\\\/2021\\\/03\\\/mirmar_logo.png\",\"width\":256,\"height\":60,\"caption\":\"MIR-MAR\"},\"image\":{\"@id\":\"http:\\\/\\\/dafinoo.eu\\\/mirmar\\\/#\\\/schema\\\/logo\\\/image\\\/\"},\"sameAs\":[\"https:\\\/\\\/facebook.com\\\/mirmareshop\"]}]}<\/script>\n<!-- \/ Yoast SEO plugin. -->","yoast_head_json":{"title":"Bosch Detektor kovov GMS 100 M - MIR-MAR","robots":{"index":"index","follow":"follow","max-snippet":"max-snippet:-1","max-image-preview":"max-image-preview:large","max-video-preview":"max-video-preview:-1"},"canonical":"http:\/\/dafinoo.eu\/mirmar\/obchod\/bosch-detektor-kovov-gms-100-m\/","og_locale":"sk_SK","og_type":"article","og_title":"Bosch Detektor kovov GMS 100 M - MIR-MAR","og_description":"Mo\u017enos\u0165 detekovania materi\u00e1lu: oce\u013eov\u00fd materi\u00e1l (aj armat\u00fara), ne\u017eelezn\u00fd kov, el. vedenie bez\/s nap\u00e4t\u00edm Maxim\u00e1lna detek\u010dn\u00e1 h\u013abka (oce\u013e) v mm: 100 Maxim\u00e1lna detek\u010dn\u00e1 h\u013abka (me\u010f) v mm: 80 \u010cas automatick\u00e9ho vypnutia: po 5 min Typ nap\u00e1jania: 1 bat\u00e9ria 9 V, 6LR61 (monoblok) Celkov\u00e1 v\u00e1ha (pribli\u017en\u00e1): 0,24 kg Krytie: IP 54 Celkov\u00e9 rozmery d\/\u0161\/v v mm: 197 x 83 x 30","og_url":"http:\/\/dafinoo.eu\/mirmar\/obchod\/bosch-detektor-kovov-gms-100-m\/","og_site_name":"MIR-MAR","article_publisher":"https:\/\/facebook.com\/mirmareshop","article_modified_time":"2021-04-19T17:43:40+00:00","og_image":[{"width":400,"height":400,"url":"https:\/\/i0.wp.com\/www.mirmar.sk\/wp-content\/uploads\/2021\/03\/25_3_1.jpg?fit=400%2C400&ssl=1","type":"image\/jpeg"}],"twitter_misc":{"Predpokladan\u00fd \u010das \u010d\u00edtania":"1 min\u00fata"},"schema":{"@context":"https:\/\/schema.org","@graph":[{"@type":"WebPage","@id":"http:\/\/dafinoo.eu\/mirmar\/obchod\/bosch-detektor-kovov-gms-100-m\/","url":"http:\/\/dafinoo.eu\/mirmar\/obchod\/bosch-detektor-kovov-gms-100-m\/","name":"Bosch Detektor kovov GMS 100 M - MIR-MAR","isPartOf":{"@id":"http:\/\/dafinoo.eu\/mirmar\/#website"},"primaryImageOfPage":{"@id":"http:\/\/dafinoo.eu\/mirmar\/obchod\/bosch-detektor-kovov-gms-100-m\/#primaryimage"},"image":{"@id":"http:\/\/dafinoo.eu\/mirmar\/obchod\/bosch-detektor-kovov-gms-100-m\/#primaryimage"},"thumbnailUrl":"http:\/\/dafinoo.eu\/mirmar\/wp-content\/uploads\/2021\/03\/25_3_1.jpg","datePublished":"2021-03-15T16:25:52+00:00","dateModified":"2021-04-19T17:43:40+00:00","breadcrumb":{"@id":"http:\/\/dafinoo.eu\/mirmar\/obchod\/bosch-detektor-kovov-gms-100-m\/#breadcrumb"},"inLanguage":"sk-SK","potentialAction":[{"@type":"ReadAction","target":["http:\/\/dafinoo.eu\/mirmar\/obchod\/bosch-detektor-kovov-gms-100-m\/"]}]},{"@type":"ImageObject","inLanguage":"sk-SK","@id":"http:\/\/dafinoo.eu\/mirmar\/obchod\/bosch-detektor-kovov-gms-100-m\/#primaryimage","url":"http:\/\/dafinoo.eu\/mirmar\/wp-content\/uploads\/2021\/03\/25_3_1.jpg","contentUrl":"http:\/\/dafinoo.eu\/mirmar\/wp-content\/uploads\/2021\/03\/25_3_1.jpg","width":400,"height":400},{"@type":"BreadcrumbList","@id":"http:\/\/dafinoo.eu\/mirmar\/obchod\/bosch-detektor-kovov-gms-100-m\/#breadcrumb","itemListElement":[{"@type":"ListItem","position":1,"name":"Domovsk\u00e1 str\u00e1nka","item":"http:\/\/dafinoo.eu\/mirmar\/"},{"@type":"ListItem","position":2,"name":"Obchod","item":"http:\/\/dafinoo.eu\/mirmar\/obchod\/"},{"@type":"ListItem","position":3,"name":"Bosch Detektor kovov GMS 100 M"}]},{"@type":"WebSite","@id":"http:\/\/dafinoo.eu\/mirmar\/#website","url":"http:\/\/dafinoo.eu\/mirmar\/","name":"MIR-MAR","description":"Eshop s n\u00e1rad\u00edm","publisher":{"@id":"http:\/\/dafinoo.eu\/mirmar\/#organization"},"potentialAction":[{"@type":"SearchAction","target":{"@type":"EntryPoint","urlTemplate":"http:\/\/dafinoo.eu\/mirmar\/?s={search_term_string}"},"query-input":{"@type":"PropertyValueSpecification","valueRequired":true,"valueName":"search_term_string"}}],"inLanguage":"sk-SK"},{"@type":"Organization","@id":"http:\/\/dafinoo.eu\/mirmar\/#organization","name":"MIR-MAR","url":"http:\/\/dafinoo.eu\/mirmar\/","logo":{"@type":"ImageObject","inLanguage":"sk-SK","@id":"http:\/\/dafinoo.eu\/mirmar\/#\/schema\/logo\/image\/","url":"http:\/\/dafinoo.eu\/mirmar\/wp-content\/uploads\/2021\/03\/mirmar_logo.png","contentUrl":"http:\/\/dafinoo.eu\/mirmar\/wp-content\/uploads\/2021\/03\/mirmar_logo.png","width":256,"height":60,"caption":"MIR-MAR"},"image":{"@id":"http:\/\/dafinoo.eu\/mirmar\/#\/schema\/logo\/image\/"},"sameAs":["https:\/\/facebook.com\/mirmareshop"]}]}},"_links":{"self":[{"href":"http:\/\/dafinoo.eu\/mirmar\/wp-json\/wp\/v2\/product\/37052","targetHints":{"allow":["GET"]}}],"collection":[{"href":"http:\/\/dafinoo.eu\/mirmar\/wp-json\/wp\/v2\/product"}],"about":[{"href":"http:\/\/dafinoo.eu\/mirmar\/wp-json\/wp\/v2\/types\/product"}],"replies":[{"embeddable":true,"href":"http:\/\/dafinoo.eu\/mirmar\/wp-json\/wp\/v2\/comments?post=37052"}],"wp:featuredmedia":[{"embeddable":true,"href":"http:\/\/dafinoo.eu\/mirmar\/wp-json\/wp\/v2\/media\/37053"}],"wp:attachment":[{"href":"http:\/\/dafinoo.eu\/mirmar\/wp-json\/wp\/v2\/media?parent=37052"}],"wp:term":[{"taxonomy":"product_cat","embeddable":true,"href":"http:\/\/dafinoo.eu\/mirmar\/wp-json\/wp\/v2\/product_cat?post=37052"},{"taxonomy":"product_tag","embeddable":true,"href":"http:\/\/dafinoo.eu\/mirmar\/wp-json\/wp\/v2\/product_tag?post=37052"}],"curies":[{"name":"wp","href":"https:\/\/api.w.org\/{rel}","templated":true}]}}