{"id":37056,"date":"2021-03-15T17:25:52","date_gmt":"2021-03-15T16:25:52","guid":{"rendered":"http:\/\/dafinoo.eu\/mirmar\/product\/akumulatorova-lithium-ion-retazova-pila-s-karvingovou-listou-as-3626-clge\/"},"modified":"2021-04-21T15:53:42","modified_gmt":"2021-04-21T13:53:42","slug":"akumulatorova-lithium-ion-retazova-pila-s-karvingovou-listou-as-3626-clge","status":"publish","type":"product","link":"http:\/\/dafinoo.eu\/mirmar\/obchod\/akumulatorova-lithium-ion-retazova-pila-s-karvingovou-listou-as-3626-clge\/","title":{"rendered":"Dolmar akumul\u00e1torov\u00e1 LITHIUM-ION re\u0165azov\u00e1 p\u00edla s karvingovou li\u0161tou AS-3626 CLGE"},"content":{"rendered":"<p>akumul\u00e1torov\u00e1 LITHIUM-ION re\u0165azov\u00e1 p\u00edla s karvingovou li\u0161tou<\/p>\n","protected":false},"excerpt":{"rendered":"<p>Delenie re\u0165aze \t1\/4&#8243;<br \/>\nOlejov\u00e1 n\u00e1dr\u017e na mazanie re\u0165aze \t85 ml<br \/>\nNap\u00e4tie akumul\u00e1tora \t36 V<br \/>\nR\u00fdchlos\u0165 pohybu re\u0165aze \t8,3 m\/s<br \/>\nD\u013a\u017eka rezu \t250 mm<br \/>\nHmotnos\u0165 \t4,6 kg<br \/>\nPr\u00edslu\u0161enstvo \tre\u0165az, li\u0161ta, 2 ks bat\u00e9ria, nab\u00edja\u010dka<\/p>\n<p>Odpor\u00fa\u010dan\u00e9 pr\u00edslu\u0161enstvo:<br \/>\nre\u0165az: 512.466.060<br \/>\nli\u0161ta: 412.025.471<br \/>\nolej: 988,002.256<br \/>\nbaterka: 660.195.412<br \/>\nnab\u00edja\u010dka: 660.362.200<\/p>\n","protected":false},"featured_media":37057,"comment_status":"closed","ping_status":"open","template":"","meta":{"_lmt_disableupdate":"","_lmt_disable":""},"product_cat":[3158,3159,3160,3165],"product_tag":[],"class_list":{"0":"post-37056","1":"product","2":"type-product","3":"status-publish","4":"has-post-thumbnail","6":"product_cat-dolmar","7":"product_cat-dolmar-naradie","8":"product_cat-retazove-pily","9":"product_cat-akumulatorove","10":"ts_product_brand-dolmar","12":"first","13":"instock","14":"taxable","15":"shipping-taxable","16":"purchasable","17":"product-type-simple"},"yoast_head":"<!-- This site is optimized with the Yoast SEO plugin v27.3 - https:\/\/yoast.com\/product\/yoast-seo-wordpress\/ -->\n<title>Dolmar akumul\u00e1torov\u00e1 LITHIUM-ION re\u0165azov\u00e1 p\u00edla s karvingovou li\u0161tou AS-3626 CLGE - MIR-MAR<\/title>\n<meta name=\"robots\" content=\"index, follow, max-snippet:-1, max-image-preview:large, max-video-preview:-1\" \/>\n<link rel=\"canonical\" href=\"http:\/\/dafinoo.eu\/mirmar\/obchod\/akumulatorova-lithium-ion-retazova-pila-s-karvingovou-listou-as-3626-clge\/\" \/>\n<meta property=\"og:locale\" content=\"sk_SK\" \/>\n<meta property=\"og:type\" content=\"article\" \/>\n<meta property=\"og:title\" content=\"Dolmar akumul\u00e1torov\u00e1 LITHIUM-ION re\u0165azov\u00e1 p\u00edla s karvingovou li\u0161tou AS-3626 CLGE - MIR-MAR\" \/>\n<meta property=\"og:description\" content=\"Delenie re\u0165aze 1\/4&quot; Olejov\u00e1 n\u00e1dr\u017e na mazanie re\u0165aze 85 ml Nap\u00e4tie akumul\u00e1tora 36 V R\u00fdchlos\u0165 pohybu re\u0165aze 8,3 m\/s D\u013a\u017eka rezu 250 mm Hmotnos\u0165 4,6 kg Pr\u00edslu\u0161enstvo re\u0165az, li\u0161ta, 2 ks bat\u00e9ria, nab\u00edja\u010dka Odpor\u00fa\u010dan\u00e9 pr\u00edslu\u0161enstvo: re\u0165az: 512.466.060 li\u0161ta: 412.025.471 olej: 988,002.256 baterka: 660.195.412 nab\u00edja\u010dka: 660.362.200\" \/>\n<meta property=\"og:url\" content=\"http:\/\/dafinoo.eu\/mirmar\/obchod\/akumulatorova-lithium-ion-retazova-pila-s-karvingovou-listou-as-3626-clge\/\" \/>\n<meta property=\"og:site_name\" content=\"MIR-MAR\" \/>\n<meta property=\"article:publisher\" content=\"https:\/\/facebook.com\/mirmareshop\" \/>\n<meta property=\"article:modified_time\" content=\"2021-04-21T13:53:42+00:00\" \/>\n<meta property=\"og:image\" content=\"https:\/\/i0.wp.com\/www.mirmar.sk\/wp-content\/uploads\/2021\/03\/as-_1.jpg?fit=300%2C250&ssl=1\" \/>\n\t<meta property=\"og:image:width\" content=\"300\" \/>\n\t<meta property=\"og:image:height\" content=\"250\" \/>\n\t<meta property=\"og:image:type\" content=\"image\/jpeg\" \/>\n<script type=\"application\/ld+json\" class=\"yoast-schema-graph\">{\"@context\":\"https:\\\/\\\/schema.org\",\"@graph\":[{\"@type\":\"WebPage\",\"@id\":\"http:\\\/\\\/dafinoo.eu\\\/mirmar\\\/obchod\\\/akumulatorova-lithium-ion-retazova-pila-s-karvingovou-listou-as-3626-clge\\\/\",\"url\":\"http:\\\/\\\/dafinoo.eu\\\/mirmar\\\/obchod\\\/akumulatorova-lithium-ion-retazova-pila-s-karvingovou-listou-as-3626-clge\\\/\",\"name\":\"Dolmar akumul\u00e1torov\u00e1 LITHIUM-ION re\u0165azov\u00e1 p\u00edla s karvingovou li\u0161tou AS-3626 CLGE - MIR-MAR\",\"isPartOf\":{\"@id\":\"http:\\\/\\\/dafinoo.eu\\\/mirmar\\\/#website\"},\"primaryImageOfPage\":{\"@id\":\"http:\\\/\\\/dafinoo.eu\\\/mirmar\\\/obchod\\\/akumulatorova-lithium-ion-retazova-pila-s-karvingovou-listou-as-3626-clge\\\/#primaryimage\"},\"image\":{\"@id\":\"http:\\\/\\\/dafinoo.eu\\\/mirmar\\\/obchod\\\/akumulatorova-lithium-ion-retazova-pila-s-karvingovou-listou-as-3626-clge\\\/#primaryimage\"},\"thumbnailUrl\":\"http:\\\/\\\/dafinoo.eu\\\/mirmar\\\/wp-content\\\/uploads\\\/2021\\\/03\\\/as-_1.jpg\",\"datePublished\":\"2021-03-15T16:25:52+00:00\",\"dateModified\":\"2021-04-21T13:53:42+00:00\",\"breadcrumb\":{\"@id\":\"http:\\\/\\\/dafinoo.eu\\\/mirmar\\\/obchod\\\/akumulatorova-lithium-ion-retazova-pila-s-karvingovou-listou-as-3626-clge\\\/#breadcrumb\"},\"inLanguage\":\"sk-SK\",\"potentialAction\":[{\"@type\":\"ReadAction\",\"target\":[\"http:\\\/\\\/dafinoo.eu\\\/mirmar\\\/obchod\\\/akumulatorova-lithium-ion-retazova-pila-s-karvingovou-listou-as-3626-clge\\\/\"]}]},{\"@type\":\"ImageObject\",\"inLanguage\":\"sk-SK\",\"@id\":\"http:\\\/\\\/dafinoo.eu\\\/mirmar\\\/obchod\\\/akumulatorova-lithium-ion-retazova-pila-s-karvingovou-listou-as-3626-clge\\\/#primaryimage\",\"url\":\"http:\\\/\\\/dafinoo.eu\\\/mirmar\\\/wp-content\\\/uploads\\\/2021\\\/03\\\/as-_1.jpg\",\"contentUrl\":\"http:\\\/\\\/dafinoo.eu\\\/mirmar\\\/wp-content\\\/uploads\\\/2021\\\/03\\\/as-_1.jpg\",\"width\":300,\"height\":250},{\"@type\":\"BreadcrumbList\",\"@id\":\"http:\\\/\\\/dafinoo.eu\\\/mirmar\\\/obchod\\\/akumulatorova-lithium-ion-retazova-pila-s-karvingovou-listou-as-3626-clge\\\/#breadcrumb\",\"itemListElement\":[{\"@type\":\"ListItem\",\"position\":1,\"name\":\"Domovsk\u00e1 str\u00e1nka\",\"item\":\"http:\\\/\\\/dafinoo.eu\\\/mirmar\\\/\"},{\"@type\":\"ListItem\",\"position\":2,\"name\":\"Obchod\",\"item\":\"http:\\\/\\\/dafinoo.eu\\\/mirmar\\\/obchod\\\/\"},{\"@type\":\"ListItem\",\"position\":3,\"name\":\"Dolmar akumul\u00e1torov\u00e1 LITHIUM-ION re\u0165azov\u00e1 p\u00edla s karvingovou li\u0161tou AS-3626 CLGE\"}]},{\"@type\":\"WebSite\",\"@id\":\"http:\\\/\\\/dafinoo.eu\\\/mirmar\\\/#website\",\"url\":\"http:\\\/\\\/dafinoo.eu\\\/mirmar\\\/\",\"name\":\"MIR-MAR\",\"description\":\"Eshop s n\u00e1rad\u00edm\",\"publisher\":{\"@id\":\"http:\\\/\\\/dafinoo.eu\\\/mirmar\\\/#organization\"},\"potentialAction\":[{\"@type\":\"SearchAction\",\"target\":{\"@type\":\"EntryPoint\",\"urlTemplate\":\"http:\\\/\\\/dafinoo.eu\\\/mirmar\\\/?s={search_term_string}\"},\"query-input\":{\"@type\":\"PropertyValueSpecification\",\"valueRequired\":true,\"valueName\":\"search_term_string\"}}],\"inLanguage\":\"sk-SK\"},{\"@type\":\"Organization\",\"@id\":\"http:\\\/\\\/dafinoo.eu\\\/mirmar\\\/#organization\",\"name\":\"MIR-MAR\",\"url\":\"http:\\\/\\\/dafinoo.eu\\\/mirmar\\\/\",\"logo\":{\"@type\":\"ImageObject\",\"inLanguage\":\"sk-SK\",\"@id\":\"http:\\\/\\\/dafinoo.eu\\\/mirmar\\\/#\\\/schema\\\/logo\\\/image\\\/\",\"url\":\"http:\\\/\\\/dafinoo.eu\\\/mirmar\\\/wp-content\\\/uploads\\\/2021\\\/03\\\/mirmar_logo.png\",\"contentUrl\":\"http:\\\/\\\/dafinoo.eu\\\/mirmar\\\/wp-content\\\/uploads\\\/2021\\\/03\\\/mirmar_logo.png\",\"width\":256,\"height\":60,\"caption\":\"MIR-MAR\"},\"image\":{\"@id\":\"http:\\\/\\\/dafinoo.eu\\\/mirmar\\\/#\\\/schema\\\/logo\\\/image\\\/\"},\"sameAs\":[\"https:\\\/\\\/facebook.com\\\/mirmareshop\"]}]}<\/script>\n<!-- \/ Yoast SEO plugin. -->","yoast_head_json":{"title":"Dolmar akumul\u00e1torov\u00e1 LITHIUM-ION re\u0165azov\u00e1 p\u00edla s karvingovou li\u0161tou AS-3626 CLGE - MIR-MAR","robots":{"index":"index","follow":"follow","max-snippet":"max-snippet:-1","max-image-preview":"max-image-preview:large","max-video-preview":"max-video-preview:-1"},"canonical":"http:\/\/dafinoo.eu\/mirmar\/obchod\/akumulatorova-lithium-ion-retazova-pila-s-karvingovou-listou-as-3626-clge\/","og_locale":"sk_SK","og_type":"article","og_title":"Dolmar akumul\u00e1torov\u00e1 LITHIUM-ION re\u0165azov\u00e1 p\u00edla s karvingovou li\u0161tou AS-3626 CLGE - MIR-MAR","og_description":"Delenie re\u0165aze 1\/4\" Olejov\u00e1 n\u00e1dr\u017e na mazanie re\u0165aze 85 ml Nap\u00e4tie akumul\u00e1tora 36 V R\u00fdchlos\u0165 pohybu re\u0165aze 8,3 m\/s D\u013a\u017eka rezu 250 mm Hmotnos\u0165 4,6 kg Pr\u00edslu\u0161enstvo re\u0165az, li\u0161ta, 2 ks bat\u00e9ria, nab\u00edja\u010dka Odpor\u00fa\u010dan\u00e9 pr\u00edslu\u0161enstvo: re\u0165az: 512.466.060 li\u0161ta: 412.025.471 olej: 988,002.256 baterka: 660.195.412 nab\u00edja\u010dka: 660.362.200","og_url":"http:\/\/dafinoo.eu\/mirmar\/obchod\/akumulatorova-lithium-ion-retazova-pila-s-karvingovou-listou-as-3626-clge\/","og_site_name":"MIR-MAR","article_publisher":"https:\/\/facebook.com\/mirmareshop","article_modified_time":"2021-04-21T13:53:42+00:00","og_image":[{"width":300,"height":250,"url":"https:\/\/i0.wp.com\/www.mirmar.sk\/wp-content\/uploads\/2021\/03\/as-_1.jpg?fit=300%2C250&ssl=1","type":"image\/jpeg"}],"schema":{"@context":"https:\/\/schema.org","@graph":[{"@type":"WebPage","@id":"http:\/\/dafinoo.eu\/mirmar\/obchod\/akumulatorova-lithium-ion-retazova-pila-s-karvingovou-listou-as-3626-clge\/","url":"http:\/\/dafinoo.eu\/mirmar\/obchod\/akumulatorova-lithium-ion-retazova-pila-s-karvingovou-listou-as-3626-clge\/","name":"Dolmar akumul\u00e1torov\u00e1 LITHIUM-ION re\u0165azov\u00e1 p\u00edla s karvingovou li\u0161tou AS-3626 CLGE - MIR-MAR","isPartOf":{"@id":"http:\/\/dafinoo.eu\/mirmar\/#website"},"primaryImageOfPage":{"@id":"http:\/\/dafinoo.eu\/mirmar\/obchod\/akumulatorova-lithium-ion-retazova-pila-s-karvingovou-listou-as-3626-clge\/#primaryimage"},"image":{"@id":"http:\/\/dafinoo.eu\/mirmar\/obchod\/akumulatorova-lithium-ion-retazova-pila-s-karvingovou-listou-as-3626-clge\/#primaryimage"},"thumbnailUrl":"http:\/\/dafinoo.eu\/mirmar\/wp-content\/uploads\/2021\/03\/as-_1.jpg","datePublished":"2021-03-15T16:25:52+00:00","dateModified":"2021-04-21T13:53:42+00:00","breadcrumb":{"@id":"http:\/\/dafinoo.eu\/mirmar\/obchod\/akumulatorova-lithium-ion-retazova-pila-s-karvingovou-listou-as-3626-clge\/#breadcrumb"},"inLanguage":"sk-SK","potentialAction":[{"@type":"ReadAction","target":["http:\/\/dafinoo.eu\/mirmar\/obchod\/akumulatorova-lithium-ion-retazova-pila-s-karvingovou-listou-as-3626-clge\/"]}]},{"@type":"ImageObject","inLanguage":"sk-SK","@id":"http:\/\/dafinoo.eu\/mirmar\/obchod\/akumulatorova-lithium-ion-retazova-pila-s-karvingovou-listou-as-3626-clge\/#primaryimage","url":"http:\/\/dafinoo.eu\/mirmar\/wp-content\/uploads\/2021\/03\/as-_1.jpg","contentUrl":"http:\/\/dafinoo.eu\/mirmar\/wp-content\/uploads\/2021\/03\/as-_1.jpg","width":300,"height":250},{"@type":"BreadcrumbList","@id":"http:\/\/dafinoo.eu\/mirmar\/obchod\/akumulatorova-lithium-ion-retazova-pila-s-karvingovou-listou-as-3626-clge\/#breadcrumb","itemListElement":[{"@type":"ListItem","position":1,"name":"Domovsk\u00e1 str\u00e1nka","item":"http:\/\/dafinoo.eu\/mirmar\/"},{"@type":"ListItem","position":2,"name":"Obchod","item":"http:\/\/dafinoo.eu\/mirmar\/obchod\/"},{"@type":"ListItem","position":3,"name":"Dolmar akumul\u00e1torov\u00e1 LITHIUM-ION re\u0165azov\u00e1 p\u00edla s karvingovou li\u0161tou AS-3626 CLGE"}]},{"@type":"WebSite","@id":"http:\/\/dafinoo.eu\/mirmar\/#website","url":"http:\/\/dafinoo.eu\/mirmar\/","name":"MIR-MAR","description":"Eshop s n\u00e1rad\u00edm","publisher":{"@id":"http:\/\/dafinoo.eu\/mirmar\/#organization"},"potentialAction":[{"@type":"SearchAction","target":{"@type":"EntryPoint","urlTemplate":"http:\/\/dafinoo.eu\/mirmar\/?s={search_term_string}"},"query-input":{"@type":"PropertyValueSpecification","valueRequired":true,"valueName":"search_term_string"}}],"inLanguage":"sk-SK"},{"@type":"Organization","@id":"http:\/\/dafinoo.eu\/mirmar\/#organization","name":"MIR-MAR","url":"http:\/\/dafinoo.eu\/mirmar\/","logo":{"@type":"ImageObject","inLanguage":"sk-SK","@id":"http:\/\/dafinoo.eu\/mirmar\/#\/schema\/logo\/image\/","url":"http:\/\/dafinoo.eu\/mirmar\/wp-content\/uploads\/2021\/03\/mirmar_logo.png","contentUrl":"http:\/\/dafinoo.eu\/mirmar\/wp-content\/uploads\/2021\/03\/mirmar_logo.png","width":256,"height":60,"caption":"MIR-MAR"},"image":{"@id":"http:\/\/dafinoo.eu\/mirmar\/#\/schema\/logo\/image\/"},"sameAs":["https:\/\/facebook.com\/mirmareshop"]}]}},"_links":{"self":[{"href":"http:\/\/dafinoo.eu\/mirmar\/wp-json\/wp\/v2\/product\/37056","targetHints":{"allow":["GET"]}}],"collection":[{"href":"http:\/\/dafinoo.eu\/mirmar\/wp-json\/wp\/v2\/product"}],"about":[{"href":"http:\/\/dafinoo.eu\/mirmar\/wp-json\/wp\/v2\/types\/product"}],"replies":[{"embeddable":true,"href":"http:\/\/dafinoo.eu\/mirmar\/wp-json\/wp\/v2\/comments?post=37056"}],"wp:featuredmedia":[{"embeddable":true,"href":"http:\/\/dafinoo.eu\/mirmar\/wp-json\/wp\/v2\/media\/37057"}],"wp:attachment":[{"href":"http:\/\/dafinoo.eu\/mirmar\/wp-json\/wp\/v2\/media?parent=37056"}],"wp:term":[{"taxonomy":"product_cat","embeddable":true,"href":"http:\/\/dafinoo.eu\/mirmar\/wp-json\/wp\/v2\/product_cat?post=37056"},{"taxonomy":"product_tag","embeddable":true,"href":"http:\/\/dafinoo.eu\/mirmar\/wp-json\/wp\/v2\/product_tag?post=37056"}],"curies":[{"name":"wp","href":"https:\/\/api.w.org\/{rel}","templated":true}]}}