{"id":37076,"date":"2021-03-15T17:25:52","date_gmt":"2021-03-15T16:25:52","guid":{"rendered":"http:\/\/dafinoo.eu\/mirmar\/product\/sada-naradia-4351ct-bo3710-dk1150\/"},"modified":"2021-04-21T15:19:09","modified_gmt":"2021-04-21T13:19:09","slug":"sada-naradia-4351ct-bo3710-dk1150","status":"publish","type":"product","link":"http:\/\/dafinoo.eu\/mirmar\/obchod\/sada-naradia-4351ct-bo3710-dk1150\/","title":{"rendered":"Makita sada n\u00e1radia 4351CT + BO3710 DK1150"},"content":{"rendered":"<p>4351CT<br \/>\nBO3710<\/p>\n","protected":false},"excerpt":{"rendered":"<p>4351CT<br \/>\nOchrann\u00e1 izol\u00e1ciaOds\u00e1vanie opracovan\u00e9ho materi\u00e1luObojstrann\u00e9 nastavenie sklonuRegula\u010dn\u00e1 elektronikaNastavenie kyvadlov\u00e9ho zdvihuPrepravn\u00fd kufr\u00edk<br \/>\nPr\u00edkon\t720 W<br \/>\nPo\u010det zdvihov\t800 &#8211; 2800 min.-1<br \/>\nH\u013abka rezu do dreva\t135 mm<br \/>\nH\u013abka rezu do tvrd\u00e9ho dreva\t10 mm<br \/>\nV\u00fd\u0161ka zdvihu\t26 mm<br \/>\nPredkyv\t4 &#8211; stup\u0148ov\u00fd<br \/>\nHmotnos\u0165\t2,5 kg<\/p>\n<p>BO3710<br \/>\nOchrann\u00e1 izol\u00e1ciaOds\u00e1vanie opracovan\u00e9ho materi\u00e1lu<br \/>\nPr\u00edkon\t190 W<br \/>\nPo\u010det zdvihov\t22000 min-1<br \/>\nPo\u010det kmitov\t11000 min-1<br \/>\nV\u00fdkmit\t2,0 mm<br \/>\nVe\u013ekos\u0165 br\u00fasneho listu\t93 x 228mm<br \/>\nVe\u013ekos\u0165 br\u00fasnej plochy\t93 x 185mm<br \/>\nHmotnos\u0165\t1,6 kg<\/p>\n","protected":false},"featured_media":37077,"comment_status":"closed","ping_status":"open","template":"","meta":{"_lmt_disableupdate":"","_lmt_disable":""},"product_cat":[],"product_tag":[],"class_list":{"0":"post-37076","1":"product","2":"type-product","3":"status-publish","4":"has-post-thumbnail","6":"ts_product_brand-makita","8":"first","9":"instock","10":"sale","11":"taxable","12":"shipping-taxable","13":"purchasable","14":"product-type-simple"},"yoast_head":"<!-- This site is optimized with the Yoast SEO plugin v27.3 - https:\/\/yoast.com\/product\/yoast-seo-wordpress\/ -->\n<title>Makita sada n\u00e1radia 4351CT + BO3710 DK1150 - MIR-MAR<\/title>\n<meta name=\"robots\" content=\"index, follow, max-snippet:-1, max-image-preview:large, max-video-preview:-1\" \/>\n<link rel=\"canonical\" href=\"http:\/\/dafinoo.eu\/mirmar\/obchod\/sada-naradia-4351ct-bo3710-dk1150\/\" \/>\n<meta property=\"og:locale\" content=\"sk_SK\" \/>\n<meta property=\"og:type\" content=\"article\" \/>\n<meta property=\"og:title\" content=\"Makita sada n\u00e1radia 4351CT + BO3710 DK1150 - MIR-MAR\" \/>\n<meta property=\"og:description\" content=\"4351CT Ochrann\u00e1 izol\u00e1ciaOds\u00e1vanie opracovan\u00e9ho materi\u00e1luObojstrann\u00e9 nastavenie sklonuRegula\u010dn\u00e1 elektronikaNastavenie kyvadlov\u00e9ho zdvihuPrepravn\u00fd kufr\u00edk Pr\u00edkon 720 W Po\u010det zdvihov 800 - 2800 min.-1 H\u013abka rezu do dreva 135 mm H\u013abka rezu do tvrd\u00e9ho dreva 10 mm V\u00fd\u0161ka zdvihu 26 mm Predkyv 4 - stup\u0148ov\u00fd Hmotnos\u0165 2,5 kg BO3710 Ochrann\u00e1 izol\u00e1ciaOds\u00e1vanie opracovan\u00e9ho materi\u00e1lu Pr\u00edkon 190 W Po\u010det zdvihov 22000 min-1 Po\u010det kmitov 11000 min-1 V\u00fdkmit 2,0 mm Ve\u013ekos\u0165 br\u00fasneho listu 93 x 228mm Ve\u013ekos\u0165 br\u00fasnej plochy 93 x 185mm Hmotnos\u0165 1,6 kg\" \/>\n<meta property=\"og:url\" content=\"http:\/\/dafinoo.eu\/mirmar\/obchod\/sada-naradia-4351ct-bo3710-dk1150\/\" \/>\n<meta property=\"og:site_name\" content=\"MIR-MAR\" \/>\n<meta property=\"article:publisher\" content=\"https:\/\/facebook.com\/mirmareshop\" \/>\n<meta property=\"article:modified_time\" content=\"2021-04-21T13:19:09+00:00\" \/>\n<meta property=\"og:image\" content=\"https:\/\/i0.wp.com\/www.mirmar.sk\/wp-content\/uploads\/2021\/03\/dk1150_1.jpg?fit=225%2C225&ssl=1\" \/>\n\t<meta property=\"og:image:width\" content=\"225\" \/>\n\t<meta property=\"og:image:height\" content=\"225\" \/>\n\t<meta property=\"og:image:type\" content=\"image\/jpeg\" \/>\n<script type=\"application\/ld+json\" class=\"yoast-schema-graph\">{\"@context\":\"https:\\\/\\\/schema.org\",\"@graph\":[{\"@type\":\"WebPage\",\"@id\":\"http:\\\/\\\/dafinoo.eu\\\/mirmar\\\/obchod\\\/sada-naradia-4351ct-bo3710-dk1150\\\/\",\"url\":\"http:\\\/\\\/dafinoo.eu\\\/mirmar\\\/obchod\\\/sada-naradia-4351ct-bo3710-dk1150\\\/\",\"name\":\"Makita sada n\u00e1radia 4351CT + BO3710 DK1150 - MIR-MAR\",\"isPartOf\":{\"@id\":\"http:\\\/\\\/dafinoo.eu\\\/mirmar\\\/#website\"},\"primaryImageOfPage\":{\"@id\":\"http:\\\/\\\/dafinoo.eu\\\/mirmar\\\/obchod\\\/sada-naradia-4351ct-bo3710-dk1150\\\/#primaryimage\"},\"image\":{\"@id\":\"http:\\\/\\\/dafinoo.eu\\\/mirmar\\\/obchod\\\/sada-naradia-4351ct-bo3710-dk1150\\\/#primaryimage\"},\"thumbnailUrl\":\"http:\\\/\\\/dafinoo.eu\\\/mirmar\\\/wp-content\\\/uploads\\\/2021\\\/03\\\/dk1150_1.jpg\",\"datePublished\":\"2021-03-15T16:25:52+00:00\",\"dateModified\":\"2021-04-21T13:19:09+00:00\",\"breadcrumb\":{\"@id\":\"http:\\\/\\\/dafinoo.eu\\\/mirmar\\\/obchod\\\/sada-naradia-4351ct-bo3710-dk1150\\\/#breadcrumb\"},\"inLanguage\":\"sk-SK\",\"potentialAction\":[{\"@type\":\"ReadAction\",\"target\":[\"http:\\\/\\\/dafinoo.eu\\\/mirmar\\\/obchod\\\/sada-naradia-4351ct-bo3710-dk1150\\\/\"]}]},{\"@type\":\"ImageObject\",\"inLanguage\":\"sk-SK\",\"@id\":\"http:\\\/\\\/dafinoo.eu\\\/mirmar\\\/obchod\\\/sada-naradia-4351ct-bo3710-dk1150\\\/#primaryimage\",\"url\":\"http:\\\/\\\/dafinoo.eu\\\/mirmar\\\/wp-content\\\/uploads\\\/2021\\\/03\\\/dk1150_1.jpg\",\"contentUrl\":\"http:\\\/\\\/dafinoo.eu\\\/mirmar\\\/wp-content\\\/uploads\\\/2021\\\/03\\\/dk1150_1.jpg\",\"width\":225,\"height\":225},{\"@type\":\"BreadcrumbList\",\"@id\":\"http:\\\/\\\/dafinoo.eu\\\/mirmar\\\/obchod\\\/sada-naradia-4351ct-bo3710-dk1150\\\/#breadcrumb\",\"itemListElement\":[{\"@type\":\"ListItem\",\"position\":1,\"name\":\"Domovsk\u00e1 str\u00e1nka\",\"item\":\"http:\\\/\\\/dafinoo.eu\\\/mirmar\\\/\"},{\"@type\":\"ListItem\",\"position\":2,\"name\":\"Obchod\",\"item\":\"http:\\\/\\\/dafinoo.eu\\\/mirmar\\\/obchod\\\/\"},{\"@type\":\"ListItem\",\"position\":3,\"name\":\"Makita sada n\u00e1radia 4351CT + BO3710 DK1150\"}]},{\"@type\":\"WebSite\",\"@id\":\"http:\\\/\\\/dafinoo.eu\\\/mirmar\\\/#website\",\"url\":\"http:\\\/\\\/dafinoo.eu\\\/mirmar\\\/\",\"name\":\"MIR-MAR\",\"description\":\"Eshop s n\u00e1rad\u00edm\",\"publisher\":{\"@id\":\"http:\\\/\\\/dafinoo.eu\\\/mirmar\\\/#organization\"},\"potentialAction\":[{\"@type\":\"SearchAction\",\"target\":{\"@type\":\"EntryPoint\",\"urlTemplate\":\"http:\\\/\\\/dafinoo.eu\\\/mirmar\\\/?s={search_term_string}\"},\"query-input\":{\"@type\":\"PropertyValueSpecification\",\"valueRequired\":true,\"valueName\":\"search_term_string\"}}],\"inLanguage\":\"sk-SK\"},{\"@type\":\"Organization\",\"@id\":\"http:\\\/\\\/dafinoo.eu\\\/mirmar\\\/#organization\",\"name\":\"MIR-MAR\",\"url\":\"http:\\\/\\\/dafinoo.eu\\\/mirmar\\\/\",\"logo\":{\"@type\":\"ImageObject\",\"inLanguage\":\"sk-SK\",\"@id\":\"http:\\\/\\\/dafinoo.eu\\\/mirmar\\\/#\\\/schema\\\/logo\\\/image\\\/\",\"url\":\"http:\\\/\\\/dafinoo.eu\\\/mirmar\\\/wp-content\\\/uploads\\\/2021\\\/03\\\/mirmar_logo.png\",\"contentUrl\":\"http:\\\/\\\/dafinoo.eu\\\/mirmar\\\/wp-content\\\/uploads\\\/2021\\\/03\\\/mirmar_logo.png\",\"width\":256,\"height\":60,\"caption\":\"MIR-MAR\"},\"image\":{\"@id\":\"http:\\\/\\\/dafinoo.eu\\\/mirmar\\\/#\\\/schema\\\/logo\\\/image\\\/\"},\"sameAs\":[\"https:\\\/\\\/facebook.com\\\/mirmareshop\"]}]}<\/script>\n<!-- \/ Yoast SEO plugin. -->","yoast_head_json":{"title":"Makita sada n\u00e1radia 4351CT + BO3710 DK1150 - MIR-MAR","robots":{"index":"index","follow":"follow","max-snippet":"max-snippet:-1","max-image-preview":"max-image-preview:large","max-video-preview":"max-video-preview:-1"},"canonical":"http:\/\/dafinoo.eu\/mirmar\/obchod\/sada-naradia-4351ct-bo3710-dk1150\/","og_locale":"sk_SK","og_type":"article","og_title":"Makita sada n\u00e1radia 4351CT + BO3710 DK1150 - MIR-MAR","og_description":"4351CT Ochrann\u00e1 izol\u00e1ciaOds\u00e1vanie opracovan\u00e9ho materi\u00e1luObojstrann\u00e9 nastavenie sklonuRegula\u010dn\u00e1 elektronikaNastavenie kyvadlov\u00e9ho zdvihuPrepravn\u00fd kufr\u00edk Pr\u00edkon 720 W Po\u010det zdvihov 800 - 2800 min.-1 H\u013abka rezu do dreva 135 mm H\u013abka rezu do tvrd\u00e9ho dreva 10 mm V\u00fd\u0161ka zdvihu 26 mm Predkyv 4 - stup\u0148ov\u00fd Hmotnos\u0165 2,5 kg BO3710 Ochrann\u00e1 izol\u00e1ciaOds\u00e1vanie opracovan\u00e9ho materi\u00e1lu Pr\u00edkon 190 W Po\u010det zdvihov 22000 min-1 Po\u010det kmitov 11000 min-1 V\u00fdkmit 2,0 mm Ve\u013ekos\u0165 br\u00fasneho listu 93 x 228mm Ve\u013ekos\u0165 br\u00fasnej plochy 93 x 185mm Hmotnos\u0165 1,6 kg","og_url":"http:\/\/dafinoo.eu\/mirmar\/obchod\/sada-naradia-4351ct-bo3710-dk1150\/","og_site_name":"MIR-MAR","article_publisher":"https:\/\/facebook.com\/mirmareshop","article_modified_time":"2021-04-21T13:19:09+00:00","og_image":[{"width":225,"height":225,"url":"https:\/\/i0.wp.com\/www.mirmar.sk\/wp-content\/uploads\/2021\/03\/dk1150_1.jpg?fit=225%2C225&ssl=1","type":"image\/jpeg"}],"schema":{"@context":"https:\/\/schema.org","@graph":[{"@type":"WebPage","@id":"http:\/\/dafinoo.eu\/mirmar\/obchod\/sada-naradia-4351ct-bo3710-dk1150\/","url":"http:\/\/dafinoo.eu\/mirmar\/obchod\/sada-naradia-4351ct-bo3710-dk1150\/","name":"Makita sada n\u00e1radia 4351CT + BO3710 DK1150 - MIR-MAR","isPartOf":{"@id":"http:\/\/dafinoo.eu\/mirmar\/#website"},"primaryImageOfPage":{"@id":"http:\/\/dafinoo.eu\/mirmar\/obchod\/sada-naradia-4351ct-bo3710-dk1150\/#primaryimage"},"image":{"@id":"http:\/\/dafinoo.eu\/mirmar\/obchod\/sada-naradia-4351ct-bo3710-dk1150\/#primaryimage"},"thumbnailUrl":"http:\/\/dafinoo.eu\/mirmar\/wp-content\/uploads\/2021\/03\/dk1150_1.jpg","datePublished":"2021-03-15T16:25:52+00:00","dateModified":"2021-04-21T13:19:09+00:00","breadcrumb":{"@id":"http:\/\/dafinoo.eu\/mirmar\/obchod\/sada-naradia-4351ct-bo3710-dk1150\/#breadcrumb"},"inLanguage":"sk-SK","potentialAction":[{"@type":"ReadAction","target":["http:\/\/dafinoo.eu\/mirmar\/obchod\/sada-naradia-4351ct-bo3710-dk1150\/"]}]},{"@type":"ImageObject","inLanguage":"sk-SK","@id":"http:\/\/dafinoo.eu\/mirmar\/obchod\/sada-naradia-4351ct-bo3710-dk1150\/#primaryimage","url":"http:\/\/dafinoo.eu\/mirmar\/wp-content\/uploads\/2021\/03\/dk1150_1.jpg","contentUrl":"http:\/\/dafinoo.eu\/mirmar\/wp-content\/uploads\/2021\/03\/dk1150_1.jpg","width":225,"height":225},{"@type":"BreadcrumbList","@id":"http:\/\/dafinoo.eu\/mirmar\/obchod\/sada-naradia-4351ct-bo3710-dk1150\/#breadcrumb","itemListElement":[{"@type":"ListItem","position":1,"name":"Domovsk\u00e1 str\u00e1nka","item":"http:\/\/dafinoo.eu\/mirmar\/"},{"@type":"ListItem","position":2,"name":"Obchod","item":"http:\/\/dafinoo.eu\/mirmar\/obchod\/"},{"@type":"ListItem","position":3,"name":"Makita sada n\u00e1radia 4351CT + BO3710 DK1150"}]},{"@type":"WebSite","@id":"http:\/\/dafinoo.eu\/mirmar\/#website","url":"http:\/\/dafinoo.eu\/mirmar\/","name":"MIR-MAR","description":"Eshop s n\u00e1rad\u00edm","publisher":{"@id":"http:\/\/dafinoo.eu\/mirmar\/#organization"},"potentialAction":[{"@type":"SearchAction","target":{"@type":"EntryPoint","urlTemplate":"http:\/\/dafinoo.eu\/mirmar\/?s={search_term_string}"},"query-input":{"@type":"PropertyValueSpecification","valueRequired":true,"valueName":"search_term_string"}}],"inLanguage":"sk-SK"},{"@type":"Organization","@id":"http:\/\/dafinoo.eu\/mirmar\/#organization","name":"MIR-MAR","url":"http:\/\/dafinoo.eu\/mirmar\/","logo":{"@type":"ImageObject","inLanguage":"sk-SK","@id":"http:\/\/dafinoo.eu\/mirmar\/#\/schema\/logo\/image\/","url":"http:\/\/dafinoo.eu\/mirmar\/wp-content\/uploads\/2021\/03\/mirmar_logo.png","contentUrl":"http:\/\/dafinoo.eu\/mirmar\/wp-content\/uploads\/2021\/03\/mirmar_logo.png","width":256,"height":60,"caption":"MIR-MAR"},"image":{"@id":"http:\/\/dafinoo.eu\/mirmar\/#\/schema\/logo\/image\/"},"sameAs":["https:\/\/facebook.com\/mirmareshop"]}]}},"_links":{"self":[{"href":"http:\/\/dafinoo.eu\/mirmar\/wp-json\/wp\/v2\/product\/37076","targetHints":{"allow":["GET"]}}],"collection":[{"href":"http:\/\/dafinoo.eu\/mirmar\/wp-json\/wp\/v2\/product"}],"about":[{"href":"http:\/\/dafinoo.eu\/mirmar\/wp-json\/wp\/v2\/types\/product"}],"replies":[{"embeddable":true,"href":"http:\/\/dafinoo.eu\/mirmar\/wp-json\/wp\/v2\/comments?post=37076"}],"wp:featuredmedia":[{"embeddable":true,"href":"http:\/\/dafinoo.eu\/mirmar\/wp-json\/wp\/v2\/media\/37077"}],"wp:attachment":[{"href":"http:\/\/dafinoo.eu\/mirmar\/wp-json\/wp\/v2\/media?parent=37076"}],"wp:term":[{"taxonomy":"product_cat","embeddable":true,"href":"http:\/\/dafinoo.eu\/mirmar\/wp-json\/wp\/v2\/product_cat?post=37076"},{"taxonomy":"product_tag","embeddable":true,"href":"http:\/\/dafinoo.eu\/mirmar\/wp-json\/wp\/v2\/product_tag?post=37076"}],"curies":[{"name":"wp","href":"https:\/\/api.w.org\/{rel}","templated":true}]}}