{"id":37082,"date":"2021-03-15T17:25:52","date_gmt":"2021-03-15T16:25:52","guid":{"rendered":"http:\/\/dafinoo.eu\/mirmar\/product\/akumulatorovy-razovy-utahovac-makita-btd132rfe\/"},"modified":"2021-04-19T19:43:38","modified_gmt":"2021-04-19T17:43:38","slug":"akumulatorovy-razovy-utahovac-makita-btd132rfe","status":"publish","type":"product","link":"http:\/\/dafinoo.eu\/mirmar\/obchod\/akumulatorovy-razovy-utahovac-makita-btd132rfe\/","title":{"rendered":"Akumul\u00e1torov\u00fd r\u00e1zov\u00fd u\u0165ahova\u010d Makita BTD132RFE"},"content":{"rendered":"<p>R&aacute;zov&yacute; u\u0165ahova\u010d s 14,4V Li-Ion akumul&aacute;tormi, asynchr&oacute;nny motor bez uhl&iacute;kov, obmedzovanie ot&aacute;\u010dok v troch stup\u0148och, u\u0165ahovac&iacute; moment 155Nm, motorov&aacute; brzda, LED svetlo, n&iacute;zka hmotnos\u0165 v kufr&iacute;ku s dvomi akumul&aacute;tormi a nab&iacute;ja\u010dkou Nov&yacute; asynchr&oacute;nny motor bez uhl&iacute;kov Elektronick&eacute; obmedzovanie ot&aacute;\u010dok volite\u013en&eacute; v 3 stup\u0148och LED svetlo s funkciou dosvitu Elektronika a motorov&aacute; brzda Fosforov&yacute; ochrann&yacute; kr&uacute;\u017eok \u010cas nab&iacute;jania 22 min&uacute;t pri l&iacute;tium-i&oacute;novom akumul&aacute;tore s kapacitou 3,0 Ah V kufr&iacute;ku s druh&yacute;m akumul&aacute;torom a nab&iacute;ja\u010dkou Dod&aacute;van&eacute; pr&iacute;slu&scaron;enstvo: prepravn&yacute; kufr&iacute;k 2 x akumul&aacute;tor BL1430 nab&iacute;ja\u010dka DC18RA<\/p>\n","protected":false},"excerpt":{"rendered":"<p>Max. u\u0165ahovac&iacute; moment &#8211; 155 Nm Up&iacute;nanie n&aacute;stroja &#8211; &scaron;es\u0165hran &frac14;&ldquo; Akumul&aacute;tor &#8211; 14,4 V\/3,0 Ah Hmotnos\u0165 &#8211; 1,4 kg<\/p>\n","protected":false},"featured_media":37083,"comment_status":"closed","ping_status":"open","template":"","meta":{"_lmt_disableupdate":"","_lmt_disable":""},"product_cat":[3142,3051,3141,3264],"product_tag":[],"class_list":{"0":"post-37082","1":"product","2":"type-product","3":"status-publish","4":"has-post-thumbnail","6":"product_cat-razove-utahovaky","7":"product_cat-makita","8":"product_cat-akumulatorove-naradie-makita","9":"product_cat-razovy-utahovak-144v","10":"ts_product_brand-makita","12":"first","13":"instock","14":"taxable","15":"shipping-taxable","16":"purchasable","17":"product-type-simple"},"yoast_head":"<!-- This site is optimized with the Yoast SEO plugin v27.3 - https:\/\/yoast.com\/product\/yoast-seo-wordpress\/ -->\n<title>Akumul\u00e1torov\u00fd r\u00e1zov\u00fd u\u0165ahova\u010d Makita BTD132RFE - MIR-MAR<\/title>\n<meta name=\"robots\" content=\"index, follow, max-snippet:-1, max-image-preview:large, max-video-preview:-1\" \/>\n<link rel=\"canonical\" href=\"http:\/\/dafinoo.eu\/mirmar\/obchod\/akumulatorovy-razovy-utahovac-makita-btd132rfe\/\" \/>\n<meta property=\"og:locale\" content=\"sk_SK\" \/>\n<meta property=\"og:type\" content=\"article\" \/>\n<meta property=\"og:title\" content=\"Akumul\u00e1torov\u00fd r\u00e1zov\u00fd u\u0165ahova\u010d Makita BTD132RFE - MIR-MAR\" \/>\n<meta property=\"og:description\" content=\"Max. u\u0165ahovac&iacute; moment - 155 Nm Up&iacute;nanie n&aacute;stroja - &scaron;es\u0165hran &frac14;&ldquo; Akumul&aacute;tor - 14,4 V\/3,0 Ah Hmotnos\u0165 - 1,4 kg\" \/>\n<meta property=\"og:url\" content=\"http:\/\/dafinoo.eu\/mirmar\/obchod\/akumulatorovy-razovy-utahovac-makita-btd132rfe\/\" \/>\n<meta property=\"og:site_name\" content=\"MIR-MAR\" \/>\n<meta property=\"article:publisher\" content=\"https:\/\/facebook.com\/mirmareshop\" \/>\n<meta property=\"article:modified_time\" content=\"2021-04-19T17:43:38+00:00\" \/>\n<meta property=\"og:image\" content=\"https:\/\/i2.wp.com\/www.mirmar.sk\/wp-content\/uploads\/2021\/03\/makita-btd132rfe_1.jpg?fit=300%2C300&ssl=1\" \/>\n\t<meta property=\"og:image:width\" content=\"300\" \/>\n\t<meta property=\"og:image:height\" content=\"300\" \/>\n\t<meta property=\"og:image:type\" content=\"image\/jpeg\" \/>\n<meta name=\"twitter:label1\" content=\"Predpokladan\u00fd \u010das \u010d\u00edtania\" \/>\n\t<meta name=\"twitter:data1\" content=\"1 min\u00fata\" \/>\n<script type=\"application\/ld+json\" class=\"yoast-schema-graph\">{\"@context\":\"https:\\\/\\\/schema.org\",\"@graph\":[{\"@type\":\"WebPage\",\"@id\":\"http:\\\/\\\/dafinoo.eu\\\/mirmar\\\/obchod\\\/akumulatorovy-razovy-utahovac-makita-btd132rfe\\\/\",\"url\":\"http:\\\/\\\/dafinoo.eu\\\/mirmar\\\/obchod\\\/akumulatorovy-razovy-utahovac-makita-btd132rfe\\\/\",\"name\":\"Akumul\u00e1torov\u00fd r\u00e1zov\u00fd u\u0165ahova\u010d Makita BTD132RFE - MIR-MAR\",\"isPartOf\":{\"@id\":\"http:\\\/\\\/dafinoo.eu\\\/mirmar\\\/#website\"},\"primaryImageOfPage\":{\"@id\":\"http:\\\/\\\/dafinoo.eu\\\/mirmar\\\/obchod\\\/akumulatorovy-razovy-utahovac-makita-btd132rfe\\\/#primaryimage\"},\"image\":{\"@id\":\"http:\\\/\\\/dafinoo.eu\\\/mirmar\\\/obchod\\\/akumulatorovy-razovy-utahovac-makita-btd132rfe\\\/#primaryimage\"},\"thumbnailUrl\":\"http:\\\/\\\/dafinoo.eu\\\/mirmar\\\/wp-content\\\/uploads\\\/2021\\\/03\\\/makita-btd132rfe_1.jpg\",\"datePublished\":\"2021-03-15T16:25:52+00:00\",\"dateModified\":\"2021-04-19T17:43:38+00:00\",\"breadcrumb\":{\"@id\":\"http:\\\/\\\/dafinoo.eu\\\/mirmar\\\/obchod\\\/akumulatorovy-razovy-utahovac-makita-btd132rfe\\\/#breadcrumb\"},\"inLanguage\":\"sk-SK\",\"potentialAction\":[{\"@type\":\"ReadAction\",\"target\":[\"http:\\\/\\\/dafinoo.eu\\\/mirmar\\\/obchod\\\/akumulatorovy-razovy-utahovac-makita-btd132rfe\\\/\"]}]},{\"@type\":\"ImageObject\",\"inLanguage\":\"sk-SK\",\"@id\":\"http:\\\/\\\/dafinoo.eu\\\/mirmar\\\/obchod\\\/akumulatorovy-razovy-utahovac-makita-btd132rfe\\\/#primaryimage\",\"url\":\"http:\\\/\\\/dafinoo.eu\\\/mirmar\\\/wp-content\\\/uploads\\\/2021\\\/03\\\/makita-btd132rfe_1.jpg\",\"contentUrl\":\"http:\\\/\\\/dafinoo.eu\\\/mirmar\\\/wp-content\\\/uploads\\\/2021\\\/03\\\/makita-btd132rfe_1.jpg\",\"width\":300,\"height\":300},{\"@type\":\"BreadcrumbList\",\"@id\":\"http:\\\/\\\/dafinoo.eu\\\/mirmar\\\/obchod\\\/akumulatorovy-razovy-utahovac-makita-btd132rfe\\\/#breadcrumb\",\"itemListElement\":[{\"@type\":\"ListItem\",\"position\":1,\"name\":\"Domovsk\u00e1 str\u00e1nka\",\"item\":\"http:\\\/\\\/dafinoo.eu\\\/mirmar\\\/\"},{\"@type\":\"ListItem\",\"position\":2,\"name\":\"Obchod\",\"item\":\"http:\\\/\\\/dafinoo.eu\\\/mirmar\\\/obchod\\\/\"},{\"@type\":\"ListItem\",\"position\":3,\"name\":\"Akumul\u00e1torov\u00fd r\u00e1zov\u00fd u\u0165ahova\u010d Makita BTD132RFE\"}]},{\"@type\":\"WebSite\",\"@id\":\"http:\\\/\\\/dafinoo.eu\\\/mirmar\\\/#website\",\"url\":\"http:\\\/\\\/dafinoo.eu\\\/mirmar\\\/\",\"name\":\"MIR-MAR\",\"description\":\"Eshop s n\u00e1rad\u00edm\",\"publisher\":{\"@id\":\"http:\\\/\\\/dafinoo.eu\\\/mirmar\\\/#organization\"},\"potentialAction\":[{\"@type\":\"SearchAction\",\"target\":{\"@type\":\"EntryPoint\",\"urlTemplate\":\"http:\\\/\\\/dafinoo.eu\\\/mirmar\\\/?s={search_term_string}\"},\"query-input\":{\"@type\":\"PropertyValueSpecification\",\"valueRequired\":true,\"valueName\":\"search_term_string\"}}],\"inLanguage\":\"sk-SK\"},{\"@type\":\"Organization\",\"@id\":\"http:\\\/\\\/dafinoo.eu\\\/mirmar\\\/#organization\",\"name\":\"MIR-MAR\",\"url\":\"http:\\\/\\\/dafinoo.eu\\\/mirmar\\\/\",\"logo\":{\"@type\":\"ImageObject\",\"inLanguage\":\"sk-SK\",\"@id\":\"http:\\\/\\\/dafinoo.eu\\\/mirmar\\\/#\\\/schema\\\/logo\\\/image\\\/\",\"url\":\"http:\\\/\\\/dafinoo.eu\\\/mirmar\\\/wp-content\\\/uploads\\\/2021\\\/03\\\/mirmar_logo.png\",\"contentUrl\":\"http:\\\/\\\/dafinoo.eu\\\/mirmar\\\/wp-content\\\/uploads\\\/2021\\\/03\\\/mirmar_logo.png\",\"width\":256,\"height\":60,\"caption\":\"MIR-MAR\"},\"image\":{\"@id\":\"http:\\\/\\\/dafinoo.eu\\\/mirmar\\\/#\\\/schema\\\/logo\\\/image\\\/\"},\"sameAs\":[\"https:\\\/\\\/facebook.com\\\/mirmareshop\"]}]}<\/script>\n<!-- \/ Yoast SEO plugin. -->","yoast_head_json":{"title":"Akumul\u00e1torov\u00fd r\u00e1zov\u00fd u\u0165ahova\u010d Makita BTD132RFE - MIR-MAR","robots":{"index":"index","follow":"follow","max-snippet":"max-snippet:-1","max-image-preview":"max-image-preview:large","max-video-preview":"max-video-preview:-1"},"canonical":"http:\/\/dafinoo.eu\/mirmar\/obchod\/akumulatorovy-razovy-utahovac-makita-btd132rfe\/","og_locale":"sk_SK","og_type":"article","og_title":"Akumul\u00e1torov\u00fd r\u00e1zov\u00fd u\u0165ahova\u010d Makita BTD132RFE - MIR-MAR","og_description":"Max. u\u0165ahovac&iacute; moment - 155 Nm Up&iacute;nanie n&aacute;stroja - &scaron;es\u0165hran &frac14;&ldquo; Akumul&aacute;tor - 14,4 V\/3,0 Ah Hmotnos\u0165 - 1,4 kg","og_url":"http:\/\/dafinoo.eu\/mirmar\/obchod\/akumulatorovy-razovy-utahovac-makita-btd132rfe\/","og_site_name":"MIR-MAR","article_publisher":"https:\/\/facebook.com\/mirmareshop","article_modified_time":"2021-04-19T17:43:38+00:00","og_image":[{"width":300,"height":300,"url":"https:\/\/i2.wp.com\/www.mirmar.sk\/wp-content\/uploads\/2021\/03\/makita-btd132rfe_1.jpg?fit=300%2C300&ssl=1","type":"image\/jpeg"}],"twitter_misc":{"Predpokladan\u00fd \u010das \u010d\u00edtania":"1 min\u00fata"},"schema":{"@context":"https:\/\/schema.org","@graph":[{"@type":"WebPage","@id":"http:\/\/dafinoo.eu\/mirmar\/obchod\/akumulatorovy-razovy-utahovac-makita-btd132rfe\/","url":"http:\/\/dafinoo.eu\/mirmar\/obchod\/akumulatorovy-razovy-utahovac-makita-btd132rfe\/","name":"Akumul\u00e1torov\u00fd r\u00e1zov\u00fd u\u0165ahova\u010d Makita BTD132RFE - MIR-MAR","isPartOf":{"@id":"http:\/\/dafinoo.eu\/mirmar\/#website"},"primaryImageOfPage":{"@id":"http:\/\/dafinoo.eu\/mirmar\/obchod\/akumulatorovy-razovy-utahovac-makita-btd132rfe\/#primaryimage"},"image":{"@id":"http:\/\/dafinoo.eu\/mirmar\/obchod\/akumulatorovy-razovy-utahovac-makita-btd132rfe\/#primaryimage"},"thumbnailUrl":"http:\/\/dafinoo.eu\/mirmar\/wp-content\/uploads\/2021\/03\/makita-btd132rfe_1.jpg","datePublished":"2021-03-15T16:25:52+00:00","dateModified":"2021-04-19T17:43:38+00:00","breadcrumb":{"@id":"http:\/\/dafinoo.eu\/mirmar\/obchod\/akumulatorovy-razovy-utahovac-makita-btd132rfe\/#breadcrumb"},"inLanguage":"sk-SK","potentialAction":[{"@type":"ReadAction","target":["http:\/\/dafinoo.eu\/mirmar\/obchod\/akumulatorovy-razovy-utahovac-makita-btd132rfe\/"]}]},{"@type":"ImageObject","inLanguage":"sk-SK","@id":"http:\/\/dafinoo.eu\/mirmar\/obchod\/akumulatorovy-razovy-utahovac-makita-btd132rfe\/#primaryimage","url":"http:\/\/dafinoo.eu\/mirmar\/wp-content\/uploads\/2021\/03\/makita-btd132rfe_1.jpg","contentUrl":"http:\/\/dafinoo.eu\/mirmar\/wp-content\/uploads\/2021\/03\/makita-btd132rfe_1.jpg","width":300,"height":300},{"@type":"BreadcrumbList","@id":"http:\/\/dafinoo.eu\/mirmar\/obchod\/akumulatorovy-razovy-utahovac-makita-btd132rfe\/#breadcrumb","itemListElement":[{"@type":"ListItem","position":1,"name":"Domovsk\u00e1 str\u00e1nka","item":"http:\/\/dafinoo.eu\/mirmar\/"},{"@type":"ListItem","position":2,"name":"Obchod","item":"http:\/\/dafinoo.eu\/mirmar\/obchod\/"},{"@type":"ListItem","position":3,"name":"Akumul\u00e1torov\u00fd r\u00e1zov\u00fd u\u0165ahova\u010d Makita BTD132RFE"}]},{"@type":"WebSite","@id":"http:\/\/dafinoo.eu\/mirmar\/#website","url":"http:\/\/dafinoo.eu\/mirmar\/","name":"MIR-MAR","description":"Eshop s n\u00e1rad\u00edm","publisher":{"@id":"http:\/\/dafinoo.eu\/mirmar\/#organization"},"potentialAction":[{"@type":"SearchAction","target":{"@type":"EntryPoint","urlTemplate":"http:\/\/dafinoo.eu\/mirmar\/?s={search_term_string}"},"query-input":{"@type":"PropertyValueSpecification","valueRequired":true,"valueName":"search_term_string"}}],"inLanguage":"sk-SK"},{"@type":"Organization","@id":"http:\/\/dafinoo.eu\/mirmar\/#organization","name":"MIR-MAR","url":"http:\/\/dafinoo.eu\/mirmar\/","logo":{"@type":"ImageObject","inLanguage":"sk-SK","@id":"http:\/\/dafinoo.eu\/mirmar\/#\/schema\/logo\/image\/","url":"http:\/\/dafinoo.eu\/mirmar\/wp-content\/uploads\/2021\/03\/mirmar_logo.png","contentUrl":"http:\/\/dafinoo.eu\/mirmar\/wp-content\/uploads\/2021\/03\/mirmar_logo.png","width":256,"height":60,"caption":"MIR-MAR"},"image":{"@id":"http:\/\/dafinoo.eu\/mirmar\/#\/schema\/logo\/image\/"},"sameAs":["https:\/\/facebook.com\/mirmareshop"]}]}},"_links":{"self":[{"href":"http:\/\/dafinoo.eu\/mirmar\/wp-json\/wp\/v2\/product\/37082","targetHints":{"allow":["GET"]}}],"collection":[{"href":"http:\/\/dafinoo.eu\/mirmar\/wp-json\/wp\/v2\/product"}],"about":[{"href":"http:\/\/dafinoo.eu\/mirmar\/wp-json\/wp\/v2\/types\/product"}],"replies":[{"embeddable":true,"href":"http:\/\/dafinoo.eu\/mirmar\/wp-json\/wp\/v2\/comments?post=37082"}],"wp:featuredmedia":[{"embeddable":true,"href":"http:\/\/dafinoo.eu\/mirmar\/wp-json\/wp\/v2\/media\/37083"}],"wp:attachment":[{"href":"http:\/\/dafinoo.eu\/mirmar\/wp-json\/wp\/v2\/media?parent=37082"}],"wp:term":[{"taxonomy":"product_cat","embeddable":true,"href":"http:\/\/dafinoo.eu\/mirmar\/wp-json\/wp\/v2\/product_cat?post=37082"},{"taxonomy":"product_tag","embeddable":true,"href":"http:\/\/dafinoo.eu\/mirmar\/wp-json\/wp\/v2\/product_tag?post=37082"}],"curies":[{"name":"wp","href":"https:\/\/api.w.org\/{rel}","templated":true}]}}