{"id":37092,"date":"2021-03-15T17:26:01","date_gmt":"2021-03-15T16:26:01","guid":{"rendered":"http:\/\/dafinoo.eu\/mirmar\/product\/caddyarc-151i-201i\/"},"modified":"2021-04-21T15:59:43","modified_gmt":"2021-04-21T13:59:43","slug":"caddyarc-151i-201i","status":"publish","type":"product","link":"http:\/\/dafinoo.eu\/mirmar\/obchod\/caddyarc-151i-201i\/","title":{"rendered":"Esab Caddy\u2122Arc 151i\/201i"},"content":{"rendered":"<p>Prenosn\u00e9 rie\u0161enie na profesion\u00e1lne zv\u00e1ranie<br \/>\n    * N\u00e1zov Caddy\u2122 bol v\u017edy synonymom perfektn\u00e9ho<br \/>\n      zv\u00e1racieho n\u00e1stroja, navrhnut\u00e9ho pre profesion\u00e1lneho<br \/>\n      zv\u00e1ra\u010da.<br \/>\n    * S\u00fa\u010dasn\u00e1 gener\u00e1cia prenosn\u00e9ho ESAB<br \/>\n      zv\u00e1racieho zariadenia, posledn\u00e1 Caddy\u2122 zv\u00e1ra\u010dka je<br \/>\n      v\u00fdsledkom viac ako 30 ro\u010dn\u00fdch sk\u00fasenost\u00ed v oblasti<br \/>\n      invertorovej technol\u00f3gie.<br \/>\n    * Kv\u00f4li vy\u0161\u0161ej \u017eivotnosti je stroj vybaven\u00fd v\u00e4\u010d\u0161\u00edmi k\u00e1blov\u00fdmi<br \/>\n      konektormi OKC 50.<br \/>\n    * Kryt stroja je vyroben\u00fd z \u013eahk\u00e9ho n\u00e1razom odol\u00e1vaj\u00faceho polym\u00e9ru.<br \/>\n    * Kompaktn\u00fd tvar a mal\u00e9 rozmery umo\u017e\u0148uj\u00fa \u013eahk\u00e9 pren\u00e1\u0161anie.<br \/>\n    * Ve\u013ek\u00fd tepeln\u00fd chladi\u010d a d\u00f4myseln\u00e1 kon\u0161trukcia, aj pri mal\u00fdch rozmeroch stroja, zabezpe\u010duj\u00fa dokonal\u00e9 chladenie vn\u00fatorn\u00fdch komponentov po\u010das prev\u00e1dzky aj v n\u00e1ro\u010dn\u00fdch pracovn\u00fdch podmienkach.<br \/>\n    * Kon\u0161trukcia tie\u017e napom\u00e1ha udr\u017eiava\u0165 v\u0161etky vn\u00fatorn\u00e9 citliv\u00e9 \u010dasti \u010dist\u00e9 bez prachu.<br \/>\n    * Stroj Caddy\u2122 je vyroben\u00fd v s\u00falade s po\u017eiadavkami krytia<br \/>\n      IP 23, \u010do znamen\u00e1, \u017ee m\u00f4\u017ee by\u0165 pou\u017eit\u00fd vo vonkaj\u0161om prostred\u00ed<br \/>\n      aj za da\u017e\u010fa.<br \/>\n    * Riadiaci panel je preh\u013eadn\u00fd a \u013eahko ovl\u00e1date\u013en\u00fd.<br \/>\n    * Vysok\u00e1 \u017eivotnos\u0165 a prvotriedny zv\u00e1rac\u00ed v\u00fdkon s\u00fa z\u00e1rukou, \u017ee na<br \/>\n      dan\u00fd stroj sa m\u00f4\u017eete ka\u017ed\u00fd de\u0148 plne spo\u013eahn\u00fa\u0165.<br \/>\n    * Stroj Caddy\u2122 Arc 151i je vybaven\u00fd PFC obvodom,<br \/>\n      umo\u017e\u0148uj\u00facim vyu\u017ei\u0165 pln\u00fd rozsah stroja pri 16 A poistke.<br \/>\n    * PFC tie\u017e chr\u00e1ni stroj pred kol\u00edsan\u00edm sie\u0165ov\u00e9ho nap\u00e4tia a rob\u00ed ho<br \/>\n      bezpe\u010dnej\u0161\u00edm pri pou\u017eit\u00ed s gener\u00e1torom.<br \/>\n    * Caddy\u2122 Arc 151i m\u00f4\u017ee pracova\u0165 s nap\u00e1jac\u00edm k\u00e1blom dlh\u00fdm viac ako 100 m, tak\u017ee pracovn\u00fd dosah sa roz\u0161iruje.<br \/>\nZ\u00e1kladn\u00fd panel s jednoduch\u00fdm nastaven\u00edm Caddy\u2122 A31 m\u00e1 len<br \/>\njeden gomb\u00edk na nastavenie pr\u00fadu.<br \/>\n    * Stroj Caddy\u2122 Arc d\u00e1va jednosmern\u00fd pr\u00fad a umo\u017e\u0148uje zv\u00e1ranie<br \/>\n      v\u00e4\u010d\u0161iny kovov, vr\u00e1tane nelegovanej, legovanej a nehrdzavej\u00facej<br \/>\n      ocele a liatiny.<br \/>\n    * S Caddy\u2122 Arc 151i je mo\u017en\u00e9 pou\u017ei\u0165 v\u00e4\u010d\u0161inu typov elektr\u00f3d \u00d81.6 -\u00d83.2 mm a niektor\u00e9 elektr\u00f3dy \u00d8 4 mm.<br \/>\nTIG zv\u00e1ranie<br \/>\n    * Caddy\u2122 Arc m\u00f4\u017eete \u013eahko pou\u017ei\u0165 aj na TIG zv\u00e1ranie.<br \/>\n    * V\u0161etko \u010do potrebujete je TIG-hor\u00e1k s plynov\u00fdm ventilom, reduk\u010dn\u00fd ventil a f\u013ea\u0161u plynu.<br \/>\n    * \u0160tartujte \u0161krtnut\u00edm s panelom Caddy\u2122 A31<br \/>\nPou\u017eitie stroja:<br \/>\n\u2022 Profesion\u00e1lne zv\u00e1ranie<br \/>\n\u2022 Opravy a \u00fadr\u017eba vo vn\u00fatornom aj vonkaj\u0161om prostred\u00ed<br \/>\n\u2022 V\u0161eobecn\u00e1 v\u00fdroba \u013eahk\u00fdch kon\u0161trukcii<br \/>\nRozsah dod\u00e1vky:<br \/>\n    * 3 m nap\u00e1jac\u00ed k\u00e1bel so z\u00e1str\u010dkou 16 A,<br \/>\n    * 3 m uzem\u0148ovac\u00ed k\u00e1bel so svorkou,<br \/>\n    * 3 m k\u00e1bel pre MMA s dr\u017eiakom elektr\u00f3dy,<br \/>\n    * n\u00e1vod na pou\u017eitie.<br \/>\n    * Balenn\u00e9 v kart\u00f3ne<\/p>\n","protected":false},"excerpt":{"rendered":"<p>Sie\u0165ov\u00e9 nap\u00e4tie V\/f Hz              230\/1 50\/60<br \/>\nPoistka (pomal\u00e1), A                         16<br \/>\nPovolen\u00e9 za\u0165a\u017eenie pri 40\u00baC, MMA<br \/>\n25% DZ, A\/V                               150\/26<br \/>\n60% DZ, A\/V                               100\/24<br \/>\n100% DZ, A\/V                              90\/23,6<br \/>\nPovolen\u00e9 za\u0165a\u017eenie pri 40\u00baC, TIG<br \/>\n25% DZ, A\/V                               150\/16<br \/>\n60% DZ, A\/V                               120\/14,8<br \/>\n100% DZ, A\/V                             110\/14,4<br \/>\nRozsah nastavenia MMA, A          8 &#8211; 150<br \/>\nNap\u00e4tie napr\u00e1zdno, V                        72<br \/>\nRozmery d x \u0161 x v, mm             418 x 188 x 208<br \/>\nHmotnos\u0165, kg                                     7,9<br \/>\nKrytie                                               IP 23<br \/>\nTrieda izol\u00e1cie                                    S<br \/>\nNormy      IEC\/EN 60974-1, IEC\/EN 60974-10<\/p>\n<p>Hmotnos\u0165                                           9,2 kg<\/p>\n","protected":false},"featured_media":37093,"comment_status":"closed","ping_status":"open","template":"","meta":{"_lmt_disableupdate":"","_lmt_disable":""},"product_cat":[3268,3269],"product_tag":[],"class_list":{"0":"post-37092","1":"product","2":"type-product","3":"status-publish","4":"has-post-thumbnail","6":"product_cat-esab","7":"product_cat-esab-zvaracky","8":"ts_product_brand-esab","10":"first","11":"instock","12":"taxable","13":"shipping-taxable","14":"purchasable","15":"product-type-simple"},"yoast_head":"<!-- This site is optimized with the Yoast SEO plugin v27.3 - https:\/\/yoast.com\/product\/yoast-seo-wordpress\/ -->\n<title>Esab Caddy\u2122Arc 151i\/201i - MIR-MAR<\/title>\n<meta name=\"robots\" content=\"index, follow, max-snippet:-1, max-image-preview:large, max-video-preview:-1\" \/>\n<link rel=\"canonical\" href=\"http:\/\/dafinoo.eu\/mirmar\/obchod\/caddyarc-151i-201i\/\" \/>\n<meta property=\"og:locale\" content=\"sk_SK\" \/>\n<meta property=\"og:type\" content=\"article\" \/>\n<meta property=\"og:title\" content=\"Esab Caddy\u2122Arc 151i\/201i - MIR-MAR\" \/>\n<meta property=\"og:description\" content=\"Sie\u0165ov\u00e9 nap\u00e4tie V\/f Hz       230\/1 50\/60 Poistka (pomal\u00e1), A             16 Povolen\u00e9 za\u0165a\u017eenie pri 40\u00baC, MMA 25% DZ, A\/V                150\/26 60% DZ, A\/V                100\/24 100% DZ, A\/V               90\/23,6 Povolen\u00e9 za\u0165a\u017eenie pri 40\u00baC, TIG 25% DZ, A\/V                150\/16 60% DZ, A\/V                120\/14,8 100% DZ, A\/V               110\/14,4 Rozsah nastavenia MMA, A     8 - 150 Nap\u00e4tie napr\u00e1zdno, V            72 Rozmery d x \u0161 x v, mm       418 x 188 x 208 Hmotnos\u0165, kg                   7,9 Krytie                        IP 23 Trieda izol\u00e1cie                  S Normy   IEC\/EN 60974-1, IEC\/EN 60974-10 Hmotnos\u0165                      9,2 kg\" \/>\n<meta property=\"og:url\" content=\"http:\/\/dafinoo.eu\/mirmar\/obchod\/caddyarc-151i-201i\/\" \/>\n<meta property=\"og:site_name\" content=\"MIR-MAR\" \/>\n<meta property=\"article:publisher\" content=\"https:\/\/facebook.com\/mirmareshop\" \/>\n<meta property=\"article:modified_time\" content=\"2021-04-21T13:59:43+00:00\" \/>\n<meta property=\"og:image\" content=\"https:\/\/i0.wp.com\/www.mirmar.sk\/wp-content\/uploads\/2021\/03\/zvaracka_1_1.jpg?fit=140%2C132&ssl=1\" \/>\n\t<meta property=\"og:image:width\" content=\"140\" \/>\n\t<meta property=\"og:image:height\" content=\"132\" \/>\n\t<meta property=\"og:image:type\" content=\"image\/jpeg\" \/>\n<meta name=\"twitter:label1\" content=\"Predpokladan\u00fd \u010das \u010d\u00edtania\" \/>\n\t<meta name=\"twitter:data1\" content=\"2 min\u00faty\" \/>\n<script type=\"application\/ld+json\" class=\"yoast-schema-graph\">{\"@context\":\"https:\\\/\\\/schema.org\",\"@graph\":[{\"@type\":\"WebPage\",\"@id\":\"http:\\\/\\\/dafinoo.eu\\\/mirmar\\\/obchod\\\/caddyarc-151i-201i\\\/\",\"url\":\"http:\\\/\\\/dafinoo.eu\\\/mirmar\\\/obchod\\\/caddyarc-151i-201i\\\/\",\"name\":\"Esab Caddy\u2122Arc 151i\\\/201i - MIR-MAR\",\"isPartOf\":{\"@id\":\"http:\\\/\\\/dafinoo.eu\\\/mirmar\\\/#website\"},\"primaryImageOfPage\":{\"@id\":\"http:\\\/\\\/dafinoo.eu\\\/mirmar\\\/obchod\\\/caddyarc-151i-201i\\\/#primaryimage\"},\"image\":{\"@id\":\"http:\\\/\\\/dafinoo.eu\\\/mirmar\\\/obchod\\\/caddyarc-151i-201i\\\/#primaryimage\"},\"thumbnailUrl\":\"http:\\\/\\\/dafinoo.eu\\\/mirmar\\\/wp-content\\\/uploads\\\/2021\\\/03\\\/zvaracka_1_1.jpg\",\"datePublished\":\"2021-03-15T16:26:01+00:00\",\"dateModified\":\"2021-04-21T13:59:43+00:00\",\"breadcrumb\":{\"@id\":\"http:\\\/\\\/dafinoo.eu\\\/mirmar\\\/obchod\\\/caddyarc-151i-201i\\\/#breadcrumb\"},\"inLanguage\":\"sk-SK\",\"potentialAction\":[{\"@type\":\"ReadAction\",\"target\":[\"http:\\\/\\\/dafinoo.eu\\\/mirmar\\\/obchod\\\/caddyarc-151i-201i\\\/\"]}]},{\"@type\":\"ImageObject\",\"inLanguage\":\"sk-SK\",\"@id\":\"http:\\\/\\\/dafinoo.eu\\\/mirmar\\\/obchod\\\/caddyarc-151i-201i\\\/#primaryimage\",\"url\":\"http:\\\/\\\/dafinoo.eu\\\/mirmar\\\/wp-content\\\/uploads\\\/2021\\\/03\\\/zvaracka_1_1.jpg\",\"contentUrl\":\"http:\\\/\\\/dafinoo.eu\\\/mirmar\\\/wp-content\\\/uploads\\\/2021\\\/03\\\/zvaracka_1_1.jpg\",\"width\":140,\"height\":132},{\"@type\":\"BreadcrumbList\",\"@id\":\"http:\\\/\\\/dafinoo.eu\\\/mirmar\\\/obchod\\\/caddyarc-151i-201i\\\/#breadcrumb\",\"itemListElement\":[{\"@type\":\"ListItem\",\"position\":1,\"name\":\"Domovsk\u00e1 str\u00e1nka\",\"item\":\"http:\\\/\\\/dafinoo.eu\\\/mirmar\\\/\"},{\"@type\":\"ListItem\",\"position\":2,\"name\":\"Obchod\",\"item\":\"http:\\\/\\\/dafinoo.eu\\\/mirmar\\\/obchod\\\/\"},{\"@type\":\"ListItem\",\"position\":3,\"name\":\"Esab Caddy\u2122Arc 151i\\\/201i\"}]},{\"@type\":\"WebSite\",\"@id\":\"http:\\\/\\\/dafinoo.eu\\\/mirmar\\\/#website\",\"url\":\"http:\\\/\\\/dafinoo.eu\\\/mirmar\\\/\",\"name\":\"MIR-MAR\",\"description\":\"Eshop s n\u00e1rad\u00edm\",\"publisher\":{\"@id\":\"http:\\\/\\\/dafinoo.eu\\\/mirmar\\\/#organization\"},\"potentialAction\":[{\"@type\":\"SearchAction\",\"target\":{\"@type\":\"EntryPoint\",\"urlTemplate\":\"http:\\\/\\\/dafinoo.eu\\\/mirmar\\\/?s={search_term_string}\"},\"query-input\":{\"@type\":\"PropertyValueSpecification\",\"valueRequired\":true,\"valueName\":\"search_term_string\"}}],\"inLanguage\":\"sk-SK\"},{\"@type\":\"Organization\",\"@id\":\"http:\\\/\\\/dafinoo.eu\\\/mirmar\\\/#organization\",\"name\":\"MIR-MAR\",\"url\":\"http:\\\/\\\/dafinoo.eu\\\/mirmar\\\/\",\"logo\":{\"@type\":\"ImageObject\",\"inLanguage\":\"sk-SK\",\"@id\":\"http:\\\/\\\/dafinoo.eu\\\/mirmar\\\/#\\\/schema\\\/logo\\\/image\\\/\",\"url\":\"http:\\\/\\\/dafinoo.eu\\\/mirmar\\\/wp-content\\\/uploads\\\/2021\\\/03\\\/mirmar_logo.png\",\"contentUrl\":\"http:\\\/\\\/dafinoo.eu\\\/mirmar\\\/wp-content\\\/uploads\\\/2021\\\/03\\\/mirmar_logo.png\",\"width\":256,\"height\":60,\"caption\":\"MIR-MAR\"},\"image\":{\"@id\":\"http:\\\/\\\/dafinoo.eu\\\/mirmar\\\/#\\\/schema\\\/logo\\\/image\\\/\"},\"sameAs\":[\"https:\\\/\\\/facebook.com\\\/mirmareshop\"]}]}<\/script>\n<!-- \/ Yoast SEO plugin. -->","yoast_head_json":{"title":"Esab Caddy\u2122Arc 151i\/201i - MIR-MAR","robots":{"index":"index","follow":"follow","max-snippet":"max-snippet:-1","max-image-preview":"max-image-preview:large","max-video-preview":"max-video-preview:-1"},"canonical":"http:\/\/dafinoo.eu\/mirmar\/obchod\/caddyarc-151i-201i\/","og_locale":"sk_SK","og_type":"article","og_title":"Esab Caddy\u2122Arc 151i\/201i - MIR-MAR","og_description":"Sie\u0165ov\u00e9 nap\u00e4tie V\/f Hz       230\/1 50\/60 Poistka (pomal\u00e1), A             16 Povolen\u00e9 za\u0165a\u017eenie pri 40\u00baC, MMA 25% DZ, A\/V                150\/26 60% DZ, A\/V                100\/24 100% DZ, A\/V               90\/23,6 Povolen\u00e9 za\u0165a\u017eenie pri 40\u00baC, TIG 25% DZ, A\/V                150\/16 60% DZ, A\/V                120\/14,8 100% DZ, A\/V               110\/14,4 Rozsah nastavenia MMA, A     8 - 150 Nap\u00e4tie napr\u00e1zdno, V            72 Rozmery d x \u0161 x v, mm       418 x 188 x 208 Hmotnos\u0165, kg                   7,9 Krytie                        IP 23 Trieda izol\u00e1cie                  S Normy   IEC\/EN 60974-1, IEC\/EN 60974-10 Hmotnos\u0165                      9,2 kg","og_url":"http:\/\/dafinoo.eu\/mirmar\/obchod\/caddyarc-151i-201i\/","og_site_name":"MIR-MAR","article_publisher":"https:\/\/facebook.com\/mirmareshop","article_modified_time":"2021-04-21T13:59:43+00:00","og_image":[{"width":140,"height":132,"url":"https:\/\/i0.wp.com\/www.mirmar.sk\/wp-content\/uploads\/2021\/03\/zvaracka_1_1.jpg?fit=140%2C132&ssl=1","type":"image\/jpeg"}],"twitter_misc":{"Predpokladan\u00fd \u010das \u010d\u00edtania":"2 min\u00faty"},"schema":{"@context":"https:\/\/schema.org","@graph":[{"@type":"WebPage","@id":"http:\/\/dafinoo.eu\/mirmar\/obchod\/caddyarc-151i-201i\/","url":"http:\/\/dafinoo.eu\/mirmar\/obchod\/caddyarc-151i-201i\/","name":"Esab Caddy\u2122Arc 151i\/201i - MIR-MAR","isPartOf":{"@id":"http:\/\/dafinoo.eu\/mirmar\/#website"},"primaryImageOfPage":{"@id":"http:\/\/dafinoo.eu\/mirmar\/obchod\/caddyarc-151i-201i\/#primaryimage"},"image":{"@id":"http:\/\/dafinoo.eu\/mirmar\/obchod\/caddyarc-151i-201i\/#primaryimage"},"thumbnailUrl":"http:\/\/dafinoo.eu\/mirmar\/wp-content\/uploads\/2021\/03\/zvaracka_1_1.jpg","datePublished":"2021-03-15T16:26:01+00:00","dateModified":"2021-04-21T13:59:43+00:00","breadcrumb":{"@id":"http:\/\/dafinoo.eu\/mirmar\/obchod\/caddyarc-151i-201i\/#breadcrumb"},"inLanguage":"sk-SK","potentialAction":[{"@type":"ReadAction","target":["http:\/\/dafinoo.eu\/mirmar\/obchod\/caddyarc-151i-201i\/"]}]},{"@type":"ImageObject","inLanguage":"sk-SK","@id":"http:\/\/dafinoo.eu\/mirmar\/obchod\/caddyarc-151i-201i\/#primaryimage","url":"http:\/\/dafinoo.eu\/mirmar\/wp-content\/uploads\/2021\/03\/zvaracka_1_1.jpg","contentUrl":"http:\/\/dafinoo.eu\/mirmar\/wp-content\/uploads\/2021\/03\/zvaracka_1_1.jpg","width":140,"height":132},{"@type":"BreadcrumbList","@id":"http:\/\/dafinoo.eu\/mirmar\/obchod\/caddyarc-151i-201i\/#breadcrumb","itemListElement":[{"@type":"ListItem","position":1,"name":"Domovsk\u00e1 str\u00e1nka","item":"http:\/\/dafinoo.eu\/mirmar\/"},{"@type":"ListItem","position":2,"name":"Obchod","item":"http:\/\/dafinoo.eu\/mirmar\/obchod\/"},{"@type":"ListItem","position":3,"name":"Esab Caddy\u2122Arc 151i\/201i"}]},{"@type":"WebSite","@id":"http:\/\/dafinoo.eu\/mirmar\/#website","url":"http:\/\/dafinoo.eu\/mirmar\/","name":"MIR-MAR","description":"Eshop s n\u00e1rad\u00edm","publisher":{"@id":"http:\/\/dafinoo.eu\/mirmar\/#organization"},"potentialAction":[{"@type":"SearchAction","target":{"@type":"EntryPoint","urlTemplate":"http:\/\/dafinoo.eu\/mirmar\/?s={search_term_string}"},"query-input":{"@type":"PropertyValueSpecification","valueRequired":true,"valueName":"search_term_string"}}],"inLanguage":"sk-SK"},{"@type":"Organization","@id":"http:\/\/dafinoo.eu\/mirmar\/#organization","name":"MIR-MAR","url":"http:\/\/dafinoo.eu\/mirmar\/","logo":{"@type":"ImageObject","inLanguage":"sk-SK","@id":"http:\/\/dafinoo.eu\/mirmar\/#\/schema\/logo\/image\/","url":"http:\/\/dafinoo.eu\/mirmar\/wp-content\/uploads\/2021\/03\/mirmar_logo.png","contentUrl":"http:\/\/dafinoo.eu\/mirmar\/wp-content\/uploads\/2021\/03\/mirmar_logo.png","width":256,"height":60,"caption":"MIR-MAR"},"image":{"@id":"http:\/\/dafinoo.eu\/mirmar\/#\/schema\/logo\/image\/"},"sameAs":["https:\/\/facebook.com\/mirmareshop"]}]}},"_links":{"self":[{"href":"http:\/\/dafinoo.eu\/mirmar\/wp-json\/wp\/v2\/product\/37092","targetHints":{"allow":["GET"]}}],"collection":[{"href":"http:\/\/dafinoo.eu\/mirmar\/wp-json\/wp\/v2\/product"}],"about":[{"href":"http:\/\/dafinoo.eu\/mirmar\/wp-json\/wp\/v2\/types\/product"}],"replies":[{"embeddable":true,"href":"http:\/\/dafinoo.eu\/mirmar\/wp-json\/wp\/v2\/comments?post=37092"}],"wp:featuredmedia":[{"embeddable":true,"href":"http:\/\/dafinoo.eu\/mirmar\/wp-json\/wp\/v2\/media\/37093"}],"wp:attachment":[{"href":"http:\/\/dafinoo.eu\/mirmar\/wp-json\/wp\/v2\/media?parent=37092"}],"wp:term":[{"taxonomy":"product_cat","embeddable":true,"href":"http:\/\/dafinoo.eu\/mirmar\/wp-json\/wp\/v2\/product_cat?post=37092"},{"taxonomy":"product_tag","embeddable":true,"href":"http:\/\/dafinoo.eu\/mirmar\/wp-json\/wp\/v2\/product_tag?post=37092"}],"curies":[{"name":"wp","href":"https:\/\/api.w.org\/{rel}","templated":true}]}}