{"id":37094,"date":"2021-03-15T17:26:01","date_gmt":"2021-03-15T16:26:01","guid":{"rendered":"http:\/\/dafinoo.eu\/mirmar\/product\/caddy-mig-c160i\/"},"modified":"2022-04-14T18:09:37","modified_gmt":"2022-04-14T16:09:37","slug":"caddy-mig-c160i","status":"publish","type":"product","link":"http:\/\/dafinoo.eu\/mirmar\/obchod\/caddy-mig-c160i\/","title":{"rendered":"Esab Caddy\u00ae Mig C160i"},"content":{"rendered":"<p>Caddy\u00ae C160i sa pou\u017e\u00edva na MIG\/MAG<br \/>\nzv\u00e1ranie n\u00edzkouhl\u00edkov\u00fdch ocel\u00ed pri oprav\u00e1ch,<br \/>\n\u00fadr\u017ebe a na mont\u00e1\u017ei. V\u00fdkonn\u00e1 zv\u00e1ra\u010dka s<br \/>\njednoduchou obsluhou m\u00e1 v\u00fdborn\u00e9<br \/>\nzv\u00e1racie vlastnosti a je \u013eahko prenosn\u00e1 tam,<br \/>\nkde ju je treba. To je vynikaj\u00face, \u010di u\u017e<br \/>\nzv\u00e1rate v dielni alebo vonku.<br \/>\nNajmodernej\u0161ia kon\u0161trukcia v\u00e1m d\u00e1va<br \/>\nmo\u017enosti<br \/>\nModern\u00e9 materi\u00e1ly tvoria \u013eahk\u00fa a trvanliv\u00fa skrinku<br \/>\nodoln\u00fa proti n\u00e1razom s dr\u00e1\u017ekami na navinutie<br \/>\nk\u00e1blov pri doprave. V\u010faka n\u00edzkej hmotnosti 11,4<br \/>\nkg ju mo\u017eno dobre pren\u00e1\u0161a\u0165 na r\u00f4zne pracovisk\u00e1.<br \/>\nAplik\u00e1cie<br \/>\nVlastnosti tohto zv\u00e1racieho stroja ho predur\u010duj\u00fa na<br \/>\nzv\u00e1ranie n\u00edzkouhl\u00edkov\u00fdch ocel\u00ed. Je to vynikaj\u00faci<br \/>\nn\u00e1stroj pre remeseln\u00edkov pri \u00fadr\u017ebe, oprav\u00e1ch<br \/>\nalebo mont\u00e1\u017ei v dielni alebo vonku na mont\u00e1\u017ei.<br \/>\nJednof\u00e1zov\u00e9 sie\u0165ov\u00e9 nap\u00e1janie umo\u017e\u0148uje \u013eahko<br \/>\nn\u00e1js\u0165 sie\u0165ov\u00fa pr\u00edpojku. Pracuje rovnako dobre aj s<br \/>\nnap\u00e1jan\u00edm z prenosn\u00e9ho gener\u00e1tora.* The Caddy<br \/>\nMig C160i m\u00e1 vlastnosti optim\u00e1lne rie\u0161en\u00e9 na<br \/>\nzv\u00e1ranie n\u00edzkouhl\u00edkov\u00fdch ocel\u00ed pln\u00fdm alebo<br \/>\nr\u00farkov\u00fdm dr\u00f4tom priemeru 0,8 mm.<br \/>\nAutomatick\u00e1 funkcia a jednoduchos\u0165<br \/>\nNa Caddy Mig C160i je pred za\u010diatkom zv\u00e1rania<br \/>\npotrebn\u00e9 nastavi\u0165 hr\u00fabku plechu. Teplej\u0161\u00ed alebo<br \/>\nchladnej\u0161\u00ed proces zv\u00e1rania sa d\u00e1 ovl\u00e1da\u0165 pomocou<br \/>\novl\u00e1da\u010da na nastavenie tepla.<br \/>\nVy\u0161\u0161\u00ed zv\u00e1rac\u00ed v\u00fdkon ako v minulosti<br \/>\nFunkcia PFC (korekcia \u00fa\u010dinn\u00edku) d\u00e1va o 30 % vy\u0161\u0161\u00ed<br \/>\nv\u00fdkon s tou istou poistkou.<br \/>\nPopis<br \/>\nCaddy Mig C160i m\u00e1 vstavan\u00fd \u00fa\u010dinn\u00fd invertorov\u00fd<br \/>\nzdroj. Pod bo\u010dn\u00fdm panelom je zv\u00e1rac\u00ed pod\u00e1va\u010d dr\u00f4tu<br \/>\na miesto pre cievku dr\u00f4tu.<br \/>\nPotrebn\u00fd typ cievky<br \/>\nRozmery cievky dr\u00f4tu: vn\u00fatorn\u00fd priemer 51 mm,<br \/>\nvonkaj\u0161\u00ed priemer 200 mm a \u0161\u00edrka 55 mm.<br \/>\nOdpor\u00fa\u010dan\u00e9 dr\u00f4ty\/plyn<br \/>\nESAB OK Autrod 12.51 priemeru 0,8 mm na zv\u00e1ranie<br \/>\nn\u00edzkouhl\u00edkov\u00fdch ocel\u00ed. Vysoko kvalitn\u00fd pomeden\u00fd dr\u00f4t<br \/>\nd\u00e1va vynikaj\u00face zv\u00e1racie v\u00fdsledky. Plyn M21, C1.<br \/>\nESAB Coreshield 15 priemeru 0,8 mm na zv\u00e1ranie<br \/>\nn\u00edzkouhl\u00edkov\u00fdch ocel\u00ed. R\u00farkov\u00fd dr\u00f4t, ktor\u00fd vytv\u00e1ra<br \/>\nochrann\u00fa trosku. Na zv\u00e1ranie n\u00edzkouhl\u00edkov\u00fdch ocel\u00ed<br \/>\nnie je treba \u017eiaden ochrann\u00fd plyn. Na dosiahnutie<br \/>\nnajlep\u0161\u00edch v\u00fdsledkov zme\u0148te polaritu.<br \/>\nAplik\u00e1cie<br \/>\n\u2022 Pr\u00e1ce pri oprav\u00e1ch, \u00fadr\u017ebe, na mont\u00e1\u017ei<br \/>\n\u2022 Pr\u00e1ce v po\u013enohospod\u00e1rstve<br \/>\n\u2022 Opravy \u00e1ut<br \/>\n\u2022 V\u00fdroba drobn\u00fdch kovov\u00fdch dielov<br \/>\n\u2022 Transport<br \/>\n\u2022 Vyu\u010dovanie<br \/>\n\u2022 Dom\u00e1cnos\u0165 a n\u00e1bytok<br \/>\n\u2022 Stehovanie<br \/>\n\u2022 Pou\u017eitie s gener\u00e1torom s automatickou<br \/>\nregul\u00e1ciou nap\u00e4tia<br \/>\n\u2022 Jednoduch\u00e9 pou\u017eitie \u2013 len nastavte hr\u00fabku plechu a<br \/>\nzv\u00e1rajte.<br \/>\n\u2022 V\u010faka n\u00edzkej hmotnosti a mal\u00fdm rozmerom \u013eahko<br \/>\nprenosn\u00fd na pracovisko, v dielni \u010di vonku.<br \/>\n\u2022 M\u00e1 funkciu PFC (korekcia \u00fa\u010dinn\u00edku) a vyhovuje smernici<br \/>\nEC o harmonickom ru\u0161en\u00ed = \u00fa\u010dinne vyu\u017e\u00edva energiu.<br \/>\n\u2022 Mo\u017enos\u0165 zmeny polarity = umo\u017e\u0148uje pou\u017eitie r\u00farkov\u00e9ho<br \/>\ndr\u00f4tu s vlastnou ochranou.<br \/>\n\u2022 Vybaven\u00fd kvalitn\u00fdm hor\u00e1kom ESAB MXL180, d\u013a\u017eky 3 m.<br \/>\n\u2022 Optimalizovan\u00fd na pou\u017eitie oce\u013eov\u00fdch dr\u00f4tov 0,8mm.<\/p>\n","protected":false},"excerpt":{"rendered":"<p>Nap\u00e4tie siete, V\/f Hz 230 1f 50\/60 +-15%<br \/>\nPoistka (pomal\u00e1), A 16<br \/>\nIsti\u010d (MCB) EN 60898 type B, A 16<br \/>\nSie\u0165ov\u00fd k\u00e1bel, prierez mm2 1,5<br \/>\nMaxim\u00e1lny zv\u00e1rac\u00ed pr\u00fad, A 160<br \/>\nDovolen\u00e9 za\u0165a\u017eenie pri 40oC<br \/>\n35% DZ, A\/V 150\/20,5<br \/>\n100% DZ, A\/V 100\/19<br \/>\nPr\u00fadov\u00fd rozsah, A 30-160<br \/>\nNap\u00e4tie napr\u00e1zdno, V 60<br \/>\nR\u00fdchlos\u0165 pod\u00e1vania, m\/min 2 \u2013 11<br \/>\nMax. priemer a hm. cievky, mm (kg) 200 (5)<br \/>\nV\u00fdkon napr\u00e1zdno, W 15<br \/>\n\u00da\u010dinn\u00edk pri maxim\u00e1lnom pr\u00fade 0,99<br \/>\n\u00da\u010dinnos\u0165 pri max. pr\u00fade, % 82%<br \/>\nRozmery dx\u0161xv, mm 449x198x347<br \/>\nHmotnos\u0165 s hor\u00e1kom a k\u00e1blami, kg 11,4<br \/>\nKrytie IP23<br \/>\nTrieda pou\u017eitia S<br \/>\nNormy IEC\/EN 60974-1,<br \/>\nEN 60974-10<br \/>\nPracovn\u00e1 teplota, \u00b0C -10 a\u017e+40<\/p>\n","protected":false},"featured_media":37095,"comment_status":"closed","ping_status":"closed","template":"","meta":{"_lmt_disableupdate":"","_lmt_disable":""},"product_cat":[3268,3269],"product_tag":[],"class_list":{"0":"post-37094","1":"product","2":"type-product","3":"status-publish","4":"has-post-thumbnail","6":"product_cat-esab","7":"product_cat-esab-zvaracky","8":"ts_product_brand-esab","10":"first","11":"instock","12":"taxable","13":"shipping-taxable","14":"purchasable","15":"product-type-simple"},"yoast_head":"<!-- This site is optimized with the Yoast SEO plugin v27.3 - https:\/\/yoast.com\/product\/yoast-seo-wordpress\/ -->\n<title>Esab Caddy\u00ae Mig C160i - MIR-MAR<\/title>\n<meta name=\"robots\" content=\"index, follow, max-snippet:-1, max-image-preview:large, max-video-preview:-1\" \/>\n<link rel=\"canonical\" href=\"http:\/\/dafinoo.eu\/mirmar\/obchod\/caddy-mig-c160i\/\" \/>\n<meta property=\"og:locale\" content=\"sk_SK\" \/>\n<meta property=\"og:type\" content=\"article\" \/>\n<meta property=\"og:title\" content=\"Esab Caddy\u00ae Mig C160i - MIR-MAR\" \/>\n<meta property=\"og:description\" content=\"Nap\u00e4tie siete, V\/f Hz 230 1f 50\/60 +-15% Poistka (pomal\u00e1), A 16 Isti\u010d (MCB) EN 60898 type B, A 16 Sie\u0165ov\u00fd k\u00e1bel, prierez mm2 1,5 Maxim\u00e1lny zv\u00e1rac\u00ed pr\u00fad, A 160 Dovolen\u00e9 za\u0165a\u017eenie pri 40oC 35% DZ, A\/V 150\/20,5 100% DZ, A\/V 100\/19 Pr\u00fadov\u00fd rozsah, A 30-160 Nap\u00e4tie napr\u00e1zdno, V 60 R\u00fdchlos\u0165 pod\u00e1vania, m\/min 2 \u2013 11 Max. priemer a hm. cievky, mm (kg) 200 (5) V\u00fdkon napr\u00e1zdno, W 15 \u00da\u010dinn\u00edk pri maxim\u00e1lnom pr\u00fade 0,99 \u00da\u010dinnos\u0165 pri max. pr\u00fade, % 82% Rozmery dx\u0161xv, mm 449x198x347 Hmotnos\u0165 s hor\u00e1kom a k\u00e1blami, kg 11,4 Krytie IP23 Trieda pou\u017eitia S Normy IEC\/EN 60974-1, EN 60974-10 Pracovn\u00e1 teplota, \u00b0C -10 a\u017e+40\" \/>\n<meta property=\"og:url\" content=\"http:\/\/dafinoo.eu\/mirmar\/obchod\/caddy-mig-c160i\/\" \/>\n<meta property=\"og:site_name\" content=\"MIR-MAR\" \/>\n<meta property=\"article:publisher\" content=\"https:\/\/facebook.com\/mirmareshop\" \/>\n<meta property=\"article:modified_time\" content=\"2022-04-14T16:09:37+00:00\" \/>\n<meta property=\"og:image\" content=\"https:\/\/i0.wp.com\/www.mirmar.sk\/wp-content\/uploads\/2021\/03\/caddy_mig_c160i_1.jpg?fit=231%2C218&ssl=1\" \/>\n\t<meta property=\"og:image:width\" content=\"231\" \/>\n\t<meta property=\"og:image:height\" content=\"218\" \/>\n\t<meta property=\"og:image:type\" content=\"image\/jpeg\" \/>\n<meta name=\"twitter:label1\" content=\"Predpokladan\u00fd \u010das \u010d\u00edtania\" \/>\n\t<meta name=\"twitter:data1\" content=\"3 min\u00faty\" \/>\n<script type=\"application\/ld+json\" class=\"yoast-schema-graph\">{\"@context\":\"https:\\\/\\\/schema.org\",\"@graph\":[{\"@type\":\"WebPage\",\"@id\":\"http:\\\/\\\/dafinoo.eu\\\/mirmar\\\/obchod\\\/caddy-mig-c160i\\\/\",\"url\":\"http:\\\/\\\/dafinoo.eu\\\/mirmar\\\/obchod\\\/caddy-mig-c160i\\\/\",\"name\":\"Esab Caddy\u00ae Mig C160i - MIR-MAR\",\"isPartOf\":{\"@id\":\"http:\\\/\\\/dafinoo.eu\\\/mirmar\\\/#website\"},\"primaryImageOfPage\":{\"@id\":\"http:\\\/\\\/dafinoo.eu\\\/mirmar\\\/obchod\\\/caddy-mig-c160i\\\/#primaryimage\"},\"image\":{\"@id\":\"http:\\\/\\\/dafinoo.eu\\\/mirmar\\\/obchod\\\/caddy-mig-c160i\\\/#primaryimage\"},\"thumbnailUrl\":\"http:\\\/\\\/dafinoo.eu\\\/mirmar\\\/wp-content\\\/uploads\\\/2021\\\/03\\\/caddy_mig_c160i_1.jpg\",\"datePublished\":\"2021-03-15T16:26:01+00:00\",\"dateModified\":\"2022-04-14T16:09:37+00:00\",\"breadcrumb\":{\"@id\":\"http:\\\/\\\/dafinoo.eu\\\/mirmar\\\/obchod\\\/caddy-mig-c160i\\\/#breadcrumb\"},\"inLanguage\":\"sk-SK\",\"potentialAction\":[{\"@type\":\"ReadAction\",\"target\":[\"http:\\\/\\\/dafinoo.eu\\\/mirmar\\\/obchod\\\/caddy-mig-c160i\\\/\"]}]},{\"@type\":\"ImageObject\",\"inLanguage\":\"sk-SK\",\"@id\":\"http:\\\/\\\/dafinoo.eu\\\/mirmar\\\/obchod\\\/caddy-mig-c160i\\\/#primaryimage\",\"url\":\"http:\\\/\\\/dafinoo.eu\\\/mirmar\\\/wp-content\\\/uploads\\\/2021\\\/03\\\/caddy_mig_c160i_1.jpg\",\"contentUrl\":\"http:\\\/\\\/dafinoo.eu\\\/mirmar\\\/wp-content\\\/uploads\\\/2021\\\/03\\\/caddy_mig_c160i_1.jpg\",\"width\":231,\"height\":218},{\"@type\":\"BreadcrumbList\",\"@id\":\"http:\\\/\\\/dafinoo.eu\\\/mirmar\\\/obchod\\\/caddy-mig-c160i\\\/#breadcrumb\",\"itemListElement\":[{\"@type\":\"ListItem\",\"position\":1,\"name\":\"Domovsk\u00e1 str\u00e1nka\",\"item\":\"http:\\\/\\\/dafinoo.eu\\\/mirmar\\\/\"},{\"@type\":\"ListItem\",\"position\":2,\"name\":\"Obchod\",\"item\":\"http:\\\/\\\/dafinoo.eu\\\/mirmar\\\/obchod\\\/\"},{\"@type\":\"ListItem\",\"position\":3,\"name\":\"Esab Caddy\u00ae Mig C160i\"}]},{\"@type\":\"WebSite\",\"@id\":\"http:\\\/\\\/dafinoo.eu\\\/mirmar\\\/#website\",\"url\":\"http:\\\/\\\/dafinoo.eu\\\/mirmar\\\/\",\"name\":\"MIR-MAR\",\"description\":\"Eshop s n\u00e1rad\u00edm\",\"publisher\":{\"@id\":\"http:\\\/\\\/dafinoo.eu\\\/mirmar\\\/#organization\"},\"potentialAction\":[{\"@type\":\"SearchAction\",\"target\":{\"@type\":\"EntryPoint\",\"urlTemplate\":\"http:\\\/\\\/dafinoo.eu\\\/mirmar\\\/?s={search_term_string}\"},\"query-input\":{\"@type\":\"PropertyValueSpecification\",\"valueRequired\":true,\"valueName\":\"search_term_string\"}}],\"inLanguage\":\"sk-SK\"},{\"@type\":\"Organization\",\"@id\":\"http:\\\/\\\/dafinoo.eu\\\/mirmar\\\/#organization\",\"name\":\"MIR-MAR\",\"url\":\"http:\\\/\\\/dafinoo.eu\\\/mirmar\\\/\",\"logo\":{\"@type\":\"ImageObject\",\"inLanguage\":\"sk-SK\",\"@id\":\"http:\\\/\\\/dafinoo.eu\\\/mirmar\\\/#\\\/schema\\\/logo\\\/image\\\/\",\"url\":\"http:\\\/\\\/dafinoo.eu\\\/mirmar\\\/wp-content\\\/uploads\\\/2021\\\/03\\\/mirmar_logo.png\",\"contentUrl\":\"http:\\\/\\\/dafinoo.eu\\\/mirmar\\\/wp-content\\\/uploads\\\/2021\\\/03\\\/mirmar_logo.png\",\"width\":256,\"height\":60,\"caption\":\"MIR-MAR\"},\"image\":{\"@id\":\"http:\\\/\\\/dafinoo.eu\\\/mirmar\\\/#\\\/schema\\\/logo\\\/image\\\/\"},\"sameAs\":[\"https:\\\/\\\/facebook.com\\\/mirmareshop\"]}]}<\/script>\n<!-- \/ Yoast SEO plugin. -->","yoast_head_json":{"title":"Esab Caddy\u00ae Mig C160i - MIR-MAR","robots":{"index":"index","follow":"follow","max-snippet":"max-snippet:-1","max-image-preview":"max-image-preview:large","max-video-preview":"max-video-preview:-1"},"canonical":"http:\/\/dafinoo.eu\/mirmar\/obchod\/caddy-mig-c160i\/","og_locale":"sk_SK","og_type":"article","og_title":"Esab Caddy\u00ae Mig C160i - MIR-MAR","og_description":"Nap\u00e4tie siete, V\/f Hz 230 1f 50\/60 +-15% Poistka (pomal\u00e1), A 16 Isti\u010d (MCB) EN 60898 type B, A 16 Sie\u0165ov\u00fd k\u00e1bel, prierez mm2 1,5 Maxim\u00e1lny zv\u00e1rac\u00ed pr\u00fad, A 160 Dovolen\u00e9 za\u0165a\u017eenie pri 40oC 35% DZ, A\/V 150\/20,5 100% DZ, A\/V 100\/19 Pr\u00fadov\u00fd rozsah, A 30-160 Nap\u00e4tie napr\u00e1zdno, V 60 R\u00fdchlos\u0165 pod\u00e1vania, m\/min 2 \u2013 11 Max. priemer a hm. cievky, mm (kg) 200 (5) V\u00fdkon napr\u00e1zdno, W 15 \u00da\u010dinn\u00edk pri maxim\u00e1lnom pr\u00fade 0,99 \u00da\u010dinnos\u0165 pri max. pr\u00fade, % 82% Rozmery dx\u0161xv, mm 449x198x347 Hmotnos\u0165 s hor\u00e1kom a k\u00e1blami, kg 11,4 Krytie IP23 Trieda pou\u017eitia S Normy IEC\/EN 60974-1, EN 60974-10 Pracovn\u00e1 teplota, \u00b0C -10 a\u017e+40","og_url":"http:\/\/dafinoo.eu\/mirmar\/obchod\/caddy-mig-c160i\/","og_site_name":"MIR-MAR","article_publisher":"https:\/\/facebook.com\/mirmareshop","article_modified_time":"2022-04-14T16:09:37+00:00","og_image":[{"width":231,"height":218,"url":"https:\/\/i0.wp.com\/www.mirmar.sk\/wp-content\/uploads\/2021\/03\/caddy_mig_c160i_1.jpg?fit=231%2C218&ssl=1","type":"image\/jpeg"}],"twitter_misc":{"Predpokladan\u00fd \u010das \u010d\u00edtania":"3 min\u00faty"},"schema":{"@context":"https:\/\/schema.org","@graph":[{"@type":"WebPage","@id":"http:\/\/dafinoo.eu\/mirmar\/obchod\/caddy-mig-c160i\/","url":"http:\/\/dafinoo.eu\/mirmar\/obchod\/caddy-mig-c160i\/","name":"Esab Caddy\u00ae Mig C160i - MIR-MAR","isPartOf":{"@id":"http:\/\/dafinoo.eu\/mirmar\/#website"},"primaryImageOfPage":{"@id":"http:\/\/dafinoo.eu\/mirmar\/obchod\/caddy-mig-c160i\/#primaryimage"},"image":{"@id":"http:\/\/dafinoo.eu\/mirmar\/obchod\/caddy-mig-c160i\/#primaryimage"},"thumbnailUrl":"http:\/\/dafinoo.eu\/mirmar\/wp-content\/uploads\/2021\/03\/caddy_mig_c160i_1.jpg","datePublished":"2021-03-15T16:26:01+00:00","dateModified":"2022-04-14T16:09:37+00:00","breadcrumb":{"@id":"http:\/\/dafinoo.eu\/mirmar\/obchod\/caddy-mig-c160i\/#breadcrumb"},"inLanguage":"sk-SK","potentialAction":[{"@type":"ReadAction","target":["http:\/\/dafinoo.eu\/mirmar\/obchod\/caddy-mig-c160i\/"]}]},{"@type":"ImageObject","inLanguage":"sk-SK","@id":"http:\/\/dafinoo.eu\/mirmar\/obchod\/caddy-mig-c160i\/#primaryimage","url":"http:\/\/dafinoo.eu\/mirmar\/wp-content\/uploads\/2021\/03\/caddy_mig_c160i_1.jpg","contentUrl":"http:\/\/dafinoo.eu\/mirmar\/wp-content\/uploads\/2021\/03\/caddy_mig_c160i_1.jpg","width":231,"height":218},{"@type":"BreadcrumbList","@id":"http:\/\/dafinoo.eu\/mirmar\/obchod\/caddy-mig-c160i\/#breadcrumb","itemListElement":[{"@type":"ListItem","position":1,"name":"Domovsk\u00e1 str\u00e1nka","item":"http:\/\/dafinoo.eu\/mirmar\/"},{"@type":"ListItem","position":2,"name":"Obchod","item":"http:\/\/dafinoo.eu\/mirmar\/obchod\/"},{"@type":"ListItem","position":3,"name":"Esab Caddy\u00ae Mig C160i"}]},{"@type":"WebSite","@id":"http:\/\/dafinoo.eu\/mirmar\/#website","url":"http:\/\/dafinoo.eu\/mirmar\/","name":"MIR-MAR","description":"Eshop s n\u00e1rad\u00edm","publisher":{"@id":"http:\/\/dafinoo.eu\/mirmar\/#organization"},"potentialAction":[{"@type":"SearchAction","target":{"@type":"EntryPoint","urlTemplate":"http:\/\/dafinoo.eu\/mirmar\/?s={search_term_string}"},"query-input":{"@type":"PropertyValueSpecification","valueRequired":true,"valueName":"search_term_string"}}],"inLanguage":"sk-SK"},{"@type":"Organization","@id":"http:\/\/dafinoo.eu\/mirmar\/#organization","name":"MIR-MAR","url":"http:\/\/dafinoo.eu\/mirmar\/","logo":{"@type":"ImageObject","inLanguage":"sk-SK","@id":"http:\/\/dafinoo.eu\/mirmar\/#\/schema\/logo\/image\/","url":"http:\/\/dafinoo.eu\/mirmar\/wp-content\/uploads\/2021\/03\/mirmar_logo.png","contentUrl":"http:\/\/dafinoo.eu\/mirmar\/wp-content\/uploads\/2021\/03\/mirmar_logo.png","width":256,"height":60,"caption":"MIR-MAR"},"image":{"@id":"http:\/\/dafinoo.eu\/mirmar\/#\/schema\/logo\/image\/"},"sameAs":["https:\/\/facebook.com\/mirmareshop"]}]}},"_links":{"self":[{"href":"http:\/\/dafinoo.eu\/mirmar\/wp-json\/wp\/v2\/product\/37094","targetHints":{"allow":["GET"]}}],"collection":[{"href":"http:\/\/dafinoo.eu\/mirmar\/wp-json\/wp\/v2\/product"}],"about":[{"href":"http:\/\/dafinoo.eu\/mirmar\/wp-json\/wp\/v2\/types\/product"}],"replies":[{"embeddable":true,"href":"http:\/\/dafinoo.eu\/mirmar\/wp-json\/wp\/v2\/comments?post=37094"}],"wp:featuredmedia":[{"embeddable":true,"href":"http:\/\/dafinoo.eu\/mirmar\/wp-json\/wp\/v2\/media\/37095"}],"wp:attachment":[{"href":"http:\/\/dafinoo.eu\/mirmar\/wp-json\/wp\/v2\/media?parent=37094"}],"wp:term":[{"taxonomy":"product_cat","embeddable":true,"href":"http:\/\/dafinoo.eu\/mirmar\/wp-json\/wp\/v2\/product_cat?post=37094"},{"taxonomy":"product_tag","embeddable":true,"href":"http:\/\/dafinoo.eu\/mirmar\/wp-json\/wp\/v2\/product_tag?post=37094"}],"curies":[{"name":"wp","href":"https:\/\/api.w.org\/{rel}","templated":true}]}}