{"id":37096,"date":"2021-03-15T17:26:01","date_gmt":"2021-03-15T16:26:01","guid":{"rendered":"http:\/\/dafinoo.eu\/mirmar\/product\/caddy-mig-c200i\/"},"modified":"2022-02-15T11:04:39","modified_gmt":"2022-02-15T10:04:39","slug":"caddy-mig-c200i","status":"publish","type":"product","link":"http:\/\/dafinoo.eu\/mirmar\/obchod\/caddy-mig-c200i\/","title":{"rendered":"Esab Caddy\u00ae Mig C200i"},"content":{"rendered":"<p>Pre remeseln\u00edkov \u2013 zv\u00e1ranie n\u00edzkouhl\u00edkovej<br \/>\naj nehrdzavej\u00facej ocele, hlin\u00edka aj<br \/>\nsp\u00e1jkovanie pri oprav\u00e1ch, \u00fadr\u017ebe a na<br \/>\nmont\u00e1\u017ei. Inteligentn\u00fd a v\u00fdkonn\u00fd stroj s<br \/>\n\u013eahkou obsluhou m\u00e1 v\u00fdborn\u00e9 zv\u00e1racie<br \/>\nvlastnosti a \u013eahko sa pren\u00e1\u0161a. Vynikaj\u00faci na<br \/>\nzv\u00e1ranie v dielni alebo mimo nej.<br \/>\nXA00149420<br \/>\n\u2022 M\u00f4\u017ee zv\u00e1ra\u0165 uhl\u00edkov\u00e9 aj nehrdzavej\u00face ocele, hlin\u00edk aj<br \/>\nsp\u00e1jkova\u0165 met\u00f3dou MIG\/MAG.<br \/>\n\u2022 QSet\u2122, inteligentn\u00e9 nastavovanie obl\u00faku, zais\u0165uje<br \/>\ntrval\u00fa kvalitu a pohodln\u00e9 pou\u017e\u00edvanie.<br \/>\n\u2022 Vyhovuje smernici EC o harmonickom ru\u0161en\u00ed = \u00fa\u010dinne<br \/>\nvyu\u017e\u00edva energiu. Viac v\u00fdkonu k dispoz\u00edcii.<br \/>\n\u2022 Mo\u017enos\u0165 zmeny polarity = umo\u017e\u0148uje pou\u017eitie r\u00farkov\u00e9ho<br \/>\ndr\u00f4tu s vlastnou ochranou.<br \/>\n\u2022 Vybaven\u00fd kvalitn\u00fdm hor\u00e1kom ESAB MXL 180, d\u013a\u017eka 3 m<br \/>\n*Na pln\u00fd v\u00fdkon pou\u017ei\u0165 prenosn\u00fd gener\u00e1tor 6,5 kVA s automatickou regul\u00e1ciou nap\u00e4tia<br \/>\nNajmodernej\u0161ia kon\u0161trukcia v\u00e1m d\u00e1va<br \/>\n\u0161irok\u00e9 mo\u017enosti<br \/>\nModern\u00e9 materi\u00e1ly tvoria \u013eahk\u00fa a trvanliv\u00fa skrinku<br \/>\nodoln\u00fa proti n\u00e1razom s dr\u00e1\u017ekami na navinutie<br \/>\nk\u00e1blov pri doprave. V\u010faka n\u00edzkej hmotnosti 11,4<br \/>\nkg ju mo\u017eno dobre pren\u00e1\u0161a\u0165 na r\u00f4zne pracovisk\u00e1.<br \/>\nAplik\u00e1cie<br \/>\nVlastnosti stroja ho predur\u010duj\u00fa na ve\u013ek\u00e9 mno\u017estvo<br \/>\naplik\u00e1ci\u00ed. Zv\u00e1ra uhl\u00edkov\u00e9 aj nehrdzavej\u00face ocele aj<br \/>\nhlin\u00edk. MIG\/MAG sp\u00e1jkovanie pozinkovan\u00fdch plechov<br \/>\nje \u010fal\u0161ia mo\u017enos\u0165. Mo\u017eno pou\u017ei\u0165 pln\u00e9 alebo r\u00farkov\u00e9<br \/>\ndr\u00f4ty s vlastnou ochranou. V\u0161estrann\u00e1 zv\u00e1ra\u010dka na<br \/>\nopravy, \u00fadr\u017ebu alebo mont\u00e1\u017e v dielni aj na<br \/>\nstavenisku. Jednof\u00e1zov\u00e9 sie\u0165ov\u00e9 nap\u00e1janie umo\u017e\u0148uje<br \/>\n\u013eahko n\u00e1js\u0165 sie\u0165ov\u00fa pr\u00edpojku. Pracuje rovnako dobre<br \/>\naj s nap\u00e1jan\u00edm z prenosn\u00e9ho gener\u00e1tora.*<br \/>\nQSet\u2122, inteligentn\u00e9 nastavovanie obl\u00faka<br \/>\nTreba len nastavi\u0165 hr\u00fabku plechu, zazv\u00e1ra\u0165 nieko\u013eko<br \/>\nsek\u00fand a syst\u00e9m automaticky nastav\u00ed zv\u00e1rac\u00ed obl\u00fak.<br \/>\nQSet\u2122 nastav\u00ed optim\u00e1lny obl\u00fak za ak\u00fdchko\u013evek<br \/>\nokolnost\u00ed. QSet\u2122 umo\u017e\u0148uje jednoduch\u00e9 nastavenie<br \/>\nstroja a zaru\u010duje konzistentn\u00fa kvalitu. Konven\u010dn\u00fd<br \/>\nsp\u00f4sob nastavovania r\u00fdchlosti pod\u00e1vania a nap\u00e4tia<br \/>\nje tie\u017e mo\u017en\u00fd.<br \/>\nVy\u0161\u0161\u00ed zv\u00e1rac\u00ed v\u00fdkon ako v minulosti<br \/>\nFunkcia PFC (korekcia \u00fa\u010dinn\u00edku) d\u00e1va o 30 % vy\u0161\u0161\u00ed<br \/>\nv\u00fdkon s tou istou poistkou.<br \/>\nPopis<br \/>\nCaddy Mig C200i m\u00e1 vstavan\u00fd \u00fa\u010dinn\u00fd invertorov\u00fd<br \/>\nzdroj. Pod bo\u010dn\u00fdm panelom je zv\u00e1rac\u00ed pod\u00e1va\u010d dr\u00f4tu<br \/>\na miesto pre cievku dr\u00f4tu. Tu je mo\u017en\u00e9 tie\u017e prep\u00edna\u0165<br \/>\npolaritu zv\u00e1racieho pr\u00fadu na optim\u00e1lne vyu\u017eitie<br \/>\nr\u00farkov\u00e9ho dr\u00f4tu s vlastnou ochranou.<br \/>\nPotrebn\u00fd typ cievky<br \/>\nRozmery cievky dr\u00f4tu: vn\u00fatorn\u00fd priemer 51 mm,<br \/>\nvonkaj\u0161\u00ed priemer 200 mm a \u0161\u00edrka 55 mm.<br \/>\nOdpor\u00fa\u010dan\u00e9 dr\u00f4ty EAB<br \/>\nOK Autrod 12.51 priemeru 0,8 (0,6; 1,0) mm na<br \/>\nzv\u00e1ranie n\u00edzkouhl\u00edkov\u00fdch ocel\u00ed. Coreshield 15<br \/>\npriemeru 0,8 mm na zv\u00e1ranie n\u00edzkouhl\u00edkov\u00fdch ocel\u00ed<br \/>\nbez plynovej ochrany. OK Autrod 19.30, \u00d8 1.0 (0.8)<br \/>\nna MIG \/MAG sp\u00e1jkovanie. OK Autrod 308LSi, \u00d8 0.8<br \/>\n(0.6 &#038; 1.0) na nehrdzavej\u00face ocele 18Cr 8Ni. OK<br \/>\nAutrod 316LSi , \u00d8 0.8 (0.6 &#038; 1.0) na nehrdzavej\u00face<br \/>\nocele. OK Autrod 5183, \u00d8 1.0 na zv\u00e1ranie hlin\u00edku.<br \/>\nAplik\u00e1cie<br \/>\n\u2022 Pr\u00e1ce pri oprav\u00e1ch, \u00fadr\u017ebe, na mont\u00e1\u017ei<br \/>\n\u2022 Pr\u00e1ce v po\u013enohospod\u00e1rstve<br \/>\n\u2022 Opravy \u00e1ut<br \/>\n\u2022 V\u00fdroba drobn\u00fdch kovov\u00fdch dielov<br \/>\n\u2022 Dopravat<br \/>\n\u2022 Vyu\u010dovanie<br \/>\n\u2022 Dom\u00e1cnos\u0165 a n\u00e1bytok<br \/>\n\u2022 Stehovanie<br \/>\n\u2022 Pou\u017eitie s gener\u00e1torom s automatickou<br \/>\nregul\u00e1ciou nap\u00e4tia<br \/>\n\u2022 M\u00f4\u017ee zv\u00e1ra\u0165 uhl\u00edkov\u00e9 aj nehrdzavej\u00face ocele, hlin\u00edk aj<br \/>\nsp\u00e1jkova\u0165 met\u00f3dou MIG\/MAG.<br \/>\n\u2022 QSet\u2122, inteligentn\u00e9 nastavovanie obl\u00faku, zais\u0165uje<br \/>\ntrval\u00fa kvalitu a pohodln\u00e9 pou\u017e\u00edvanie.<br \/>\n\u2022 Vyhovuje smernici EC o harmonickom ru\u0161en\u00ed = \u00fa\u010dinne<br \/>\nvyu\u017e\u00edva energiu. Viac v\u00fdkonu k dispoz\u00edcii.<br \/>\n\u2022 Mo\u017enos\u0165 zmeny polarity = umo\u017e\u0148uje pou\u017eitie r\u00farkov\u00e9ho<br \/>\ndr\u00f4tu s vlastnou ochranou.<br \/>\n\u2022 Vybaven\u00fd kvalitn\u00fdm hor\u00e1kom ESAB MXL 180, d\u013a\u017eka 3 m<\/p>\n","protected":false},"excerpt":{"rendered":"<p>Nap\u00e4tie siete, V\/f Hz 230 1f 50\/60 +-15%<br \/>\nPoistka (pomal\u00e1), A 16<br \/>\nIsti\u010d (MCB) EN 60898 type B, A 20<br \/>\nSie\u0165ov\u00fd k\u00e1bel, prierez mm2 1,5<br \/>\nMaxim\u00e1lny zv\u00e1rac\u00ed pr\u00fad, A 200<br \/>\nDovolen\u00e9 za\u0165a\u017eenie pri 40oC<br \/>\n35% DZ, A\/V 180\/23<br \/>\n100% DZ, A\/V 100\/19<br \/>\nPr\u00fadov\u00fd rozsah, A 30-200<br \/>\nNap\u00e4tie napr\u00e1zdno, V 60<br \/>\nR\u00fdchlos\u0165 pod\u00e1vania, m\/min 2 \u2013 12<br \/>\nMax. priemer a hm. cievky, mm (kg) 200 (5)<br \/>\nV\u00fdkon napr\u00e1zdno, W 15<br \/>\n\u00da\u010dinn\u00edk pri maxim\u00e1lnom pr\u00fade 0,99<br \/>\n\u00da\u010dinnos\u0165 pri max. pr\u00fade, % 82%<br \/>\nRozmery dx\u0161xv, mm 449x198x347<br \/>\nHmotnos\u0165 s hor\u00e1kom a k\u00e1blami, kg 11,5<br \/>\nKrytie IP23<br \/>\nTrieda pou\u017eitia S<br \/>\nNormy IEC\/EN 60974-1,<br \/>\nEN 60974-10<br \/>\nPracovn\u00e1 teplota, \u00b0C -10 a\u017e +40<\/p>\n","protected":false},"featured_media":37097,"comment_status":"closed","ping_status":"closed","template":"","meta":{"_lmt_disableupdate":"","_lmt_disable":""},"product_cat":[3268,3269],"product_tag":[],"class_list":{"0":"post-37096","1":"product","2":"type-product","3":"status-publish","4":"has-post-thumbnail","6":"product_cat-esab","7":"product_cat-esab-zvaracky","8":"ts_product_brand-esab","10":"first","11":"instock","12":"taxable","13":"shipping-taxable","14":"purchasable","15":"product-type-simple"},"yoast_head":"<!-- This site is optimized with the Yoast SEO plugin v27.3 - https:\/\/yoast.com\/product\/yoast-seo-wordpress\/ -->\n<title>Esab Caddy\u00ae Mig C200i - MIR-MAR<\/title>\n<meta name=\"robots\" content=\"index, follow, max-snippet:-1, max-image-preview:large, max-video-preview:-1\" \/>\n<link rel=\"canonical\" href=\"http:\/\/dafinoo.eu\/mirmar\/obchod\/caddy-mig-c200i\/\" \/>\n<meta property=\"og:locale\" content=\"sk_SK\" \/>\n<meta property=\"og:type\" content=\"article\" \/>\n<meta property=\"og:title\" content=\"Esab Caddy\u00ae Mig C200i - MIR-MAR\" \/>\n<meta property=\"og:description\" content=\"Nap\u00e4tie siete, V\/f Hz 230 1f 50\/60 +-15% Poistka (pomal\u00e1), A 16 Isti\u010d (MCB) EN 60898 type B, A 20 Sie\u0165ov\u00fd k\u00e1bel, prierez mm2 1,5 Maxim\u00e1lny zv\u00e1rac\u00ed pr\u00fad, A 200 Dovolen\u00e9 za\u0165a\u017eenie pri 40oC 35% DZ, A\/V 180\/23 100% DZ, A\/V 100\/19 Pr\u00fadov\u00fd rozsah, A 30-200 Nap\u00e4tie napr\u00e1zdno, V 60 R\u00fdchlos\u0165 pod\u00e1vania, m\/min 2 \u2013 12 Max. priemer a hm. cievky, mm (kg) 200 (5) V\u00fdkon napr\u00e1zdno, W 15 \u00da\u010dinn\u00edk pri maxim\u00e1lnom pr\u00fade 0,99 \u00da\u010dinnos\u0165 pri max. pr\u00fade, % 82% Rozmery dx\u0161xv, mm 449x198x347 Hmotnos\u0165 s hor\u00e1kom a k\u00e1blami, kg 11,5 Krytie IP23 Trieda pou\u017eitia S Normy IEC\/EN 60974-1, EN 60974-10 Pracovn\u00e1 teplota, \u00b0C -10 a\u017e +40\" \/>\n<meta property=\"og:url\" content=\"http:\/\/dafinoo.eu\/mirmar\/obchod\/caddy-mig-c200i\/\" \/>\n<meta property=\"og:site_name\" content=\"MIR-MAR\" \/>\n<meta property=\"article:publisher\" content=\"https:\/\/facebook.com\/mirmareshop\" \/>\n<meta property=\"article:modified_time\" content=\"2022-02-15T10:04:39+00:00\" \/>\n<meta property=\"og:image\" content=\"http:\/\/dafinoo.eu\/mirmar\/wp-content\/uploads\/2021\/03\/caddy_mig_c200i_1.jpg\" \/>\n\t<meta property=\"og:image:width\" content=\"259\" \/>\n\t<meta property=\"og:image:height\" content=\"194\" \/>\n\t<meta property=\"og:image:type\" content=\"image\/jpeg\" \/>\n<meta name=\"twitter:label1\" content=\"Predpokladan\u00fd \u010das \u010d\u00edtania\" \/>\n\t<meta name=\"twitter:data1\" content=\"3 min\u00faty\" \/>\n<script type=\"application\/ld+json\" class=\"yoast-schema-graph\">{\"@context\":\"https:\\\/\\\/schema.org\",\"@graph\":[{\"@type\":\"WebPage\",\"@id\":\"http:\\\/\\\/dafinoo.eu\\\/mirmar\\\/obchod\\\/caddy-mig-c200i\\\/\",\"url\":\"http:\\\/\\\/dafinoo.eu\\\/mirmar\\\/obchod\\\/caddy-mig-c200i\\\/\",\"name\":\"Esab Caddy\u00ae Mig C200i - MIR-MAR\",\"isPartOf\":{\"@id\":\"http:\\\/\\\/dafinoo.eu\\\/mirmar\\\/#website\"},\"primaryImageOfPage\":{\"@id\":\"http:\\\/\\\/dafinoo.eu\\\/mirmar\\\/obchod\\\/caddy-mig-c200i\\\/#primaryimage\"},\"image\":{\"@id\":\"http:\\\/\\\/dafinoo.eu\\\/mirmar\\\/obchod\\\/caddy-mig-c200i\\\/#primaryimage\"},\"thumbnailUrl\":\"http:\\\/\\\/dafinoo.eu\\\/mirmar\\\/wp-content\\\/uploads\\\/2021\\\/03\\\/caddy_mig_c200i_1.jpg\",\"datePublished\":\"2021-03-15T16:26:01+00:00\",\"dateModified\":\"2022-02-15T10:04:39+00:00\",\"breadcrumb\":{\"@id\":\"http:\\\/\\\/dafinoo.eu\\\/mirmar\\\/obchod\\\/caddy-mig-c200i\\\/#breadcrumb\"},\"inLanguage\":\"sk-SK\",\"potentialAction\":[{\"@type\":\"ReadAction\",\"target\":[\"http:\\\/\\\/dafinoo.eu\\\/mirmar\\\/obchod\\\/caddy-mig-c200i\\\/\"]}]},{\"@type\":\"ImageObject\",\"inLanguage\":\"sk-SK\",\"@id\":\"http:\\\/\\\/dafinoo.eu\\\/mirmar\\\/obchod\\\/caddy-mig-c200i\\\/#primaryimage\",\"url\":\"http:\\\/\\\/dafinoo.eu\\\/mirmar\\\/wp-content\\\/uploads\\\/2021\\\/03\\\/caddy_mig_c200i_1.jpg\",\"contentUrl\":\"http:\\\/\\\/dafinoo.eu\\\/mirmar\\\/wp-content\\\/uploads\\\/2021\\\/03\\\/caddy_mig_c200i_1.jpg\",\"width\":259,\"height\":194},{\"@type\":\"BreadcrumbList\",\"@id\":\"http:\\\/\\\/dafinoo.eu\\\/mirmar\\\/obchod\\\/caddy-mig-c200i\\\/#breadcrumb\",\"itemListElement\":[{\"@type\":\"ListItem\",\"position\":1,\"name\":\"Domovsk\u00e1 str\u00e1nka\",\"item\":\"http:\\\/\\\/dafinoo.eu\\\/mirmar\\\/\"},{\"@type\":\"ListItem\",\"position\":2,\"name\":\"Obchod\",\"item\":\"http:\\\/\\\/dafinoo.eu\\\/mirmar\\\/obchod\\\/\"},{\"@type\":\"ListItem\",\"position\":3,\"name\":\"Esab Caddy\u00ae Mig C200i\"}]},{\"@type\":\"WebSite\",\"@id\":\"http:\\\/\\\/dafinoo.eu\\\/mirmar\\\/#website\",\"url\":\"http:\\\/\\\/dafinoo.eu\\\/mirmar\\\/\",\"name\":\"MIR-MAR\",\"description\":\"Eshop s n\u00e1rad\u00edm\",\"publisher\":{\"@id\":\"http:\\\/\\\/dafinoo.eu\\\/mirmar\\\/#organization\"},\"potentialAction\":[{\"@type\":\"SearchAction\",\"target\":{\"@type\":\"EntryPoint\",\"urlTemplate\":\"http:\\\/\\\/dafinoo.eu\\\/mirmar\\\/?s={search_term_string}\"},\"query-input\":{\"@type\":\"PropertyValueSpecification\",\"valueRequired\":true,\"valueName\":\"search_term_string\"}}],\"inLanguage\":\"sk-SK\"},{\"@type\":\"Organization\",\"@id\":\"http:\\\/\\\/dafinoo.eu\\\/mirmar\\\/#organization\",\"name\":\"MIR-MAR\",\"url\":\"http:\\\/\\\/dafinoo.eu\\\/mirmar\\\/\",\"logo\":{\"@type\":\"ImageObject\",\"inLanguage\":\"sk-SK\",\"@id\":\"http:\\\/\\\/dafinoo.eu\\\/mirmar\\\/#\\\/schema\\\/logo\\\/image\\\/\",\"url\":\"http:\\\/\\\/dafinoo.eu\\\/mirmar\\\/wp-content\\\/uploads\\\/2021\\\/03\\\/mirmar_logo.png\",\"contentUrl\":\"http:\\\/\\\/dafinoo.eu\\\/mirmar\\\/wp-content\\\/uploads\\\/2021\\\/03\\\/mirmar_logo.png\",\"width\":256,\"height\":60,\"caption\":\"MIR-MAR\"},\"image\":{\"@id\":\"http:\\\/\\\/dafinoo.eu\\\/mirmar\\\/#\\\/schema\\\/logo\\\/image\\\/\"},\"sameAs\":[\"https:\\\/\\\/facebook.com\\\/mirmareshop\"]}]}<\/script>\n<!-- \/ Yoast SEO plugin. -->","yoast_head_json":{"title":"Esab Caddy\u00ae Mig C200i - MIR-MAR","robots":{"index":"index","follow":"follow","max-snippet":"max-snippet:-1","max-image-preview":"max-image-preview:large","max-video-preview":"max-video-preview:-1"},"canonical":"http:\/\/dafinoo.eu\/mirmar\/obchod\/caddy-mig-c200i\/","og_locale":"sk_SK","og_type":"article","og_title":"Esab Caddy\u00ae Mig C200i - MIR-MAR","og_description":"Nap\u00e4tie siete, V\/f Hz 230 1f 50\/60 +-15% Poistka (pomal\u00e1), A 16 Isti\u010d (MCB) EN 60898 type B, A 20 Sie\u0165ov\u00fd k\u00e1bel, prierez mm2 1,5 Maxim\u00e1lny zv\u00e1rac\u00ed pr\u00fad, A 200 Dovolen\u00e9 za\u0165a\u017eenie pri 40oC 35% DZ, A\/V 180\/23 100% DZ, A\/V 100\/19 Pr\u00fadov\u00fd rozsah, A 30-200 Nap\u00e4tie napr\u00e1zdno, V 60 R\u00fdchlos\u0165 pod\u00e1vania, m\/min 2 \u2013 12 Max. priemer a hm. cievky, mm (kg) 200 (5) V\u00fdkon napr\u00e1zdno, W 15 \u00da\u010dinn\u00edk pri maxim\u00e1lnom pr\u00fade 0,99 \u00da\u010dinnos\u0165 pri max. pr\u00fade, % 82% Rozmery dx\u0161xv, mm 449x198x347 Hmotnos\u0165 s hor\u00e1kom a k\u00e1blami, kg 11,5 Krytie IP23 Trieda pou\u017eitia S Normy IEC\/EN 60974-1, EN 60974-10 Pracovn\u00e1 teplota, \u00b0C -10 a\u017e +40","og_url":"http:\/\/dafinoo.eu\/mirmar\/obchod\/caddy-mig-c200i\/","og_site_name":"MIR-MAR","article_publisher":"https:\/\/facebook.com\/mirmareshop","article_modified_time":"2022-02-15T10:04:39+00:00","og_image":[{"width":259,"height":194,"url":"http:\/\/dafinoo.eu\/mirmar\/wp-content\/uploads\/2021\/03\/caddy_mig_c200i_1.jpg","type":"image\/jpeg"}],"twitter_misc":{"Predpokladan\u00fd \u010das \u010d\u00edtania":"3 min\u00faty"},"schema":{"@context":"https:\/\/schema.org","@graph":[{"@type":"WebPage","@id":"http:\/\/dafinoo.eu\/mirmar\/obchod\/caddy-mig-c200i\/","url":"http:\/\/dafinoo.eu\/mirmar\/obchod\/caddy-mig-c200i\/","name":"Esab Caddy\u00ae Mig C200i - MIR-MAR","isPartOf":{"@id":"http:\/\/dafinoo.eu\/mirmar\/#website"},"primaryImageOfPage":{"@id":"http:\/\/dafinoo.eu\/mirmar\/obchod\/caddy-mig-c200i\/#primaryimage"},"image":{"@id":"http:\/\/dafinoo.eu\/mirmar\/obchod\/caddy-mig-c200i\/#primaryimage"},"thumbnailUrl":"http:\/\/dafinoo.eu\/mirmar\/wp-content\/uploads\/2021\/03\/caddy_mig_c200i_1.jpg","datePublished":"2021-03-15T16:26:01+00:00","dateModified":"2022-02-15T10:04:39+00:00","breadcrumb":{"@id":"http:\/\/dafinoo.eu\/mirmar\/obchod\/caddy-mig-c200i\/#breadcrumb"},"inLanguage":"sk-SK","potentialAction":[{"@type":"ReadAction","target":["http:\/\/dafinoo.eu\/mirmar\/obchod\/caddy-mig-c200i\/"]}]},{"@type":"ImageObject","inLanguage":"sk-SK","@id":"http:\/\/dafinoo.eu\/mirmar\/obchod\/caddy-mig-c200i\/#primaryimage","url":"http:\/\/dafinoo.eu\/mirmar\/wp-content\/uploads\/2021\/03\/caddy_mig_c200i_1.jpg","contentUrl":"http:\/\/dafinoo.eu\/mirmar\/wp-content\/uploads\/2021\/03\/caddy_mig_c200i_1.jpg","width":259,"height":194},{"@type":"BreadcrumbList","@id":"http:\/\/dafinoo.eu\/mirmar\/obchod\/caddy-mig-c200i\/#breadcrumb","itemListElement":[{"@type":"ListItem","position":1,"name":"Domovsk\u00e1 str\u00e1nka","item":"http:\/\/dafinoo.eu\/mirmar\/"},{"@type":"ListItem","position":2,"name":"Obchod","item":"http:\/\/dafinoo.eu\/mirmar\/obchod\/"},{"@type":"ListItem","position":3,"name":"Esab Caddy\u00ae Mig C200i"}]},{"@type":"WebSite","@id":"http:\/\/dafinoo.eu\/mirmar\/#website","url":"http:\/\/dafinoo.eu\/mirmar\/","name":"MIR-MAR","description":"Eshop s n\u00e1rad\u00edm","publisher":{"@id":"http:\/\/dafinoo.eu\/mirmar\/#organization"},"potentialAction":[{"@type":"SearchAction","target":{"@type":"EntryPoint","urlTemplate":"http:\/\/dafinoo.eu\/mirmar\/?s={search_term_string}"},"query-input":{"@type":"PropertyValueSpecification","valueRequired":true,"valueName":"search_term_string"}}],"inLanguage":"sk-SK"},{"@type":"Organization","@id":"http:\/\/dafinoo.eu\/mirmar\/#organization","name":"MIR-MAR","url":"http:\/\/dafinoo.eu\/mirmar\/","logo":{"@type":"ImageObject","inLanguage":"sk-SK","@id":"http:\/\/dafinoo.eu\/mirmar\/#\/schema\/logo\/image\/","url":"http:\/\/dafinoo.eu\/mirmar\/wp-content\/uploads\/2021\/03\/mirmar_logo.png","contentUrl":"http:\/\/dafinoo.eu\/mirmar\/wp-content\/uploads\/2021\/03\/mirmar_logo.png","width":256,"height":60,"caption":"MIR-MAR"},"image":{"@id":"http:\/\/dafinoo.eu\/mirmar\/#\/schema\/logo\/image\/"},"sameAs":["https:\/\/facebook.com\/mirmareshop"]}]}},"_links":{"self":[{"href":"http:\/\/dafinoo.eu\/mirmar\/wp-json\/wp\/v2\/product\/37096","targetHints":{"allow":["GET"]}}],"collection":[{"href":"http:\/\/dafinoo.eu\/mirmar\/wp-json\/wp\/v2\/product"}],"about":[{"href":"http:\/\/dafinoo.eu\/mirmar\/wp-json\/wp\/v2\/types\/product"}],"replies":[{"embeddable":true,"href":"http:\/\/dafinoo.eu\/mirmar\/wp-json\/wp\/v2\/comments?post=37096"}],"wp:featuredmedia":[{"embeddable":true,"href":"http:\/\/dafinoo.eu\/mirmar\/wp-json\/wp\/v2\/media\/37097"}],"wp:attachment":[{"href":"http:\/\/dafinoo.eu\/mirmar\/wp-json\/wp\/v2\/media?parent=37096"}],"wp:term":[{"taxonomy":"product_cat","embeddable":true,"href":"http:\/\/dafinoo.eu\/mirmar\/wp-json\/wp\/v2\/product_cat?post=37096"},{"taxonomy":"product_tag","embeddable":true,"href":"http:\/\/dafinoo.eu\/mirmar\/wp-json\/wp\/v2\/product_tag?post=37096"}],"curies":[{"name":"wp","href":"https:\/\/api.w.org\/{rel}","templated":true}]}}