{"id":37098,"date":"2021-03-15T17:26:01","date_gmt":"2021-03-15T16:26:01","guid":{"rendered":"http:\/\/dafinoo.eu\/mirmar\/product\/origomag-c171\/"},"modified":"2021-04-21T15:59:38","modified_gmt":"2021-04-21T13:59:38","slug":"origomag-c171","status":"publish","type":"product","link":"http:\/\/dafinoo.eu\/mirmar\/obchod\/origomag-c171\/","title":{"rendered":"Esab Origo\u2122Mag C171"},"content":{"rendered":"<p>Ide\u00e1lny zv\u00e1rac\u00ed stroj pre ka\u017ed\u00e9ho, kto chce dobr\u00e9<br \/>\nzariadenie na menej n\u00e1ro\u010dn\u00e9 zv\u00e1racie pr\u00e1ce v dobrej<br \/>\nkvalite. Zv\u00e1ra\u010dky Origo\u2122 Mag C171\/ C201\/C251 s\u00fa<br \/>\nodbo\u010dkov\u00e9 zv\u00e1racie zdroje na zv\u00e1ranie MIG\/MAG.<br \/>\nVstavan\u00fd pod\u00e1va\u010d dr\u00f4tu a n\u00edzka hmotnos\u0165 robia<br \/>\ntieto stroje perfektn\u00fdm a praktick\u00fdm rie\u0161en\u00edm pre<br \/>\npo\u013enohospod\u00e1rov, oprav\u00e1rske dielne a \u013eahk\u00fa<br \/>\nkovov\u00fdrobu.<br \/>\nZv\u00e1ranie MIG\/MAG<br \/>\nOrigo\u2122 Mag C171\/C201\/C251 mo\u017eno pou\u017ei\u0165 s<br \/>\nkonven\u010dn\u00fdm pln\u00fdm dr\u00f4tom ako aj s r\u00farkov\u00fdm dr\u00f4tom s<br \/>\nvlastnou ochranou. S\u00fa ur\u010den\u00e9 na zv\u00e1ranie uhl\u00edkovej aj<br \/>\nnehrdzavej\u00facej ocele a hlin\u00edka aj na obl\u00fakov\u00e9<br \/>\nsp\u00e1jkovanie.<br \/>\nDr\u00f4ty priemeru od 0,6 mm do 1,2 mm sa pou\u017e\u00edvaj\u00fa<br \/>\npod\u013ea rozmerov zv\u00e1ran\u00e9ho kusa a materi\u00e1lu.<br \/>\nJednoduch\u00e9 pou\u017e\u00edvanie<br \/>\nNa \u013eahk\u00e9 a presn\u00e9 nastavovanie zv\u00e1rac\u00edch parametrov<br \/>\ns\u00fa stroje vybaven\u00e9 viacpolohov\u00fdmi prep\u00edna\u010dmi nap\u00e4tia a<br \/>\npotenciometrami na nastavovanie r\u00fdchlosti pod\u00e1vania<br \/>\ndr\u00f4tu.<br \/>\nNa OrigoTM Mag C171\/C201\/C251 mo\u017eno nastavova\u0165<br \/>\ndohorievanie obl\u00faka a \u010das bodovania.<br \/>\nChladenie zabezpe\u010duje ventil\u00e1tor. Stroje s\u00fa chr\u00e1nen\u00e9<br \/>\nproti tepeln\u00e9mu pre\u0165a\u017eeniu.<br \/>\nAko zvl\u00e1\u0161tnu v\u00fdbavu, Origo\u2122 MagC171\/C201\/C251<br \/>\nm\u00f4\u017ee ma\u0165 digit\u00e1lny mera\u010d V\/A a transform\u00e1tor na<br \/>\nohrievanie CO2.<br \/>\nPower Smoothing Device\u2122<br \/>\nAj ke\u010f Origo\u2122 Mag C171\/C201\/C251 s\u00fa jednof\u00e1zov\u00e9<br \/>\nzariadenia, Power Smoothing Device\u2122 im d\u00e1va<br \/>\nvynikaj\u00face vlastnosti pri zv\u00e1ran\u00ed v CO2 alebo v zmesiach<br \/>\nplynov. Power Smoothing Device\u2122 zabezpe\u010duje<br \/>\nrovnako hladk\u00fd priebeh zv\u00e1racieho pr\u00fadu ako maj\u00fa<br \/>\ntrojf\u00e1zov\u00e9 stroje.<br \/>\nHor\u00e1k je s\u00fa\u010das\u0165ou dod\u00e1vky<br \/>\nKa\u017ed\u00fd stroj je vybaven\u00fd plynom chladen\u00fdm hor\u00e1kom<br \/>\nMXL\u2122 (MXL\u2122 200, MXL\u2122 270) s ergonomickou<br \/>\nrukov\u00e4\u0165ou.<br \/>\nHor\u00e1ky maj\u00fa centr\u00e1lne konektory s odpru\u017een\u00fdmi<br \/>\nkontaktmi.<br \/>\nOptim\u00e1lne chladenie hor\u00e1kov predl\u017euje \u017eivotnos\u0165 krkov<br \/>\nhor\u00e1ka a v\u00fdmenn\u00fdch \u010dast\u00ed. Plynov\u00e9 hubice si mo\u017eno<br \/>\nzvoli\u0165 z troch r\u00f4znych verzi\u00ed \u2013 \u0161tandardnej, rovnej a<br \/>\nk\u00f3nickej. To umo\u017e\u0148uje dosiahnu\u0165 maxim\u00e1lnu flexibilitu a<br \/>\noptim\u00e1lnu \u017eivotnos\u0165.<br \/>\nAplik\u00e1cie<br \/>\n\u2022 Autooprav\u00e1renstvo<br \/>\n\u2022 \u013dahk\u00e1 kovov\u00fdroba<br \/>\n\u2022 Doprava<br \/>\n\u2022 \u0160kolenie<br \/>\n\u2022 Dom\u00e1ce spotrebi\u010de a n\u00e1bytok<br \/>\n\u2022 Stehovanie<br \/>\n\u2022 Power Smoothing Device\u2122 &#8211; v\u00fdborn\u00e9 zv\u00e1racie<br \/>\nvlastnosti aj u jednof\u00e1zov\u00fdch strojov.<br \/>\n\u2022 Jednoduch\u00e1 zmena polarity &#8211; je mo\u017en\u00e9 zv\u00e1ra\u0165<br \/>\nkonven\u010dn\u00fdm pln\u00fdm dr\u00f4tom aj r\u00farkov\u00fdm dr\u00f4tom s<br \/>\nvlastnou ochranou.<br \/>\n\u2022 Jednoduch\u00e9 nastavovanie zv\u00e1rac\u00edch parametrov &#8211;<br \/>\nzv\u00e1racie stroje pre ka\u017ed\u00e9ho.<br \/>\n\u2022 Hor\u00e1ky MXL\u2122 &#8211; umo\u017e\u0148uj\u00fa najv\u0161estrannej\u0161ie pou\u017eitie a<br \/>\npohodln\u00e9 zv\u00e1ranie.<\/p>\n","protected":false},"excerpt":{"rendered":"<p>Sie\u0165ov\u00e9 nap\u00e4tie, V Hz &#8211; 230 1f 50\/60<br \/>\nPoistka pomal\u00e1, A &#8211; 16<br \/>\nIsti\u010d (MCB) EN 60898<br \/>\ntyp D, A &#8211; 16*<br \/>\nDovolen\u00e9 za\u0165a\u017eenie pri<br \/>\n20% DZ, A &#8211; 170<br \/>\n60% DZ, A &#8211; 98<br \/>\n100% DZ, A &#8211; 76<br \/>\nPr\u00fadov\u00fd rozsah (DC) &#8211;  A 30 &#8211; 170<br \/>\nNap\u00e4tie napr\u00e1zdno,- V 22,5 &#8211; 44,5<br \/>\nPr\u00edkon napr\u00e1zdno, W 270<br \/>\n\u00da\u010dinn\u00edk pri max. pr\u00fade 0,91<br \/>\nR\u00fdchlos\u0165 pod\u00e1vania dr\u00f4tu, m\/min 1,0 &#8211; 17<br \/>\nPriemer dr\u00f4tu, mm<br \/>\nUhl\u00edkov\u00e1 a nehrdzavej\u00faca oce\u013e 0,6 &#8211; 0,8<br \/>\nC &#8211; 0,8<br \/>\nAl &#8211; 1,0<br \/>\nCuSi 0,8 &#8211; 1,0<br \/>\n\u010cas dohorievania obl\u00faka, s 0,02 &#8211; 0,25<br \/>\n                                               (\u00faprava na PCB)<br \/>\nBodovanie, s 0,2 &#8211; 2,5<br \/>\nStupne nap\u00e4tia 8<br \/>\nV\u00fdstup induk\u010dnosti 1<br \/>\nZmena polarity ANO<br \/>\nRozmery d x \u0161 x v, mm 860x 420 x 730<br \/>\nHmotnos\u0165, kg 59<br \/>\nPracovn\u00e1 teplota, \u00b0C -10 a\u017e +40<br \/>\nKrytie IP 23<br \/>\nKlasifik\u00e1cia pou\u017eite\u013enosti S<br \/>\n*nako\u013eko charakteristiky \u201e\u010das \u2013 pr\u00fad\u201c poistiek maj\u00fa ur\u010dit\u00fd rozptyl, v niektor\u00fdch pr\u00edpadoch m\u00f4\u017ee by\u0165 potrebn\u00e9 zn\u00ed\u017ei\u0165 za\u0165a\u017eovate\u013e<br \/>\npri skuto\u010dnom maxim\u00e1lnom pr\u00fade X[%] na hodnotu kdesi v rozmedz\u00ed 5-20% alebo pr\u00edslu\u0161ne zn\u00ed\u017ei\u0165 maxim\u00e1lny zv\u00e1rac\u00ed pr\u00fad<\/p>\n","protected":false},"featured_media":37099,"comment_status":"closed","ping_status":"open","template":"","meta":{"_lmt_disableupdate":"","_lmt_disable":""},"product_cat":[3268,3269],"product_tag":[],"class_list":{"0":"post-37098","1":"product","2":"type-product","3":"status-publish","4":"has-post-thumbnail","6":"product_cat-esab","7":"product_cat-esab-zvaracky","8":"ts_product_brand-esab","10":"first","11":"instock","12":"taxable","13":"shipping-taxable","14":"purchasable","15":"product-type-simple"},"yoast_head":"<!-- This site is optimized with the Yoast SEO plugin v27.3 - https:\/\/yoast.com\/product\/yoast-seo-wordpress\/ -->\n<title>Esab Origo\u2122Mag C171 - MIR-MAR<\/title>\n<meta name=\"robots\" content=\"index, follow, max-snippet:-1, max-image-preview:large, max-video-preview:-1\" \/>\n<link rel=\"canonical\" href=\"http:\/\/dafinoo.eu\/mirmar\/obchod\/origomag-c171\/\" \/>\n<meta property=\"og:locale\" content=\"sk_SK\" \/>\n<meta property=\"og:type\" content=\"article\" \/>\n<meta property=\"og:title\" content=\"Esab Origo\u2122Mag C171 - MIR-MAR\" \/>\n<meta property=\"og:description\" content=\"Sie\u0165ov\u00e9 nap\u00e4tie, V Hz - 230 1f 50\/60 Poistka pomal\u00e1, A - 16 Isti\u010d (MCB) EN 60898 typ D, A - 16* Dovolen\u00e9 za\u0165a\u017eenie pri 20% DZ, A - 170 60% DZ, A - 98 100% DZ, A - 76 Pr\u00fadov\u00fd rozsah (DC) - A 30 - 170 Nap\u00e4tie napr\u00e1zdno,- V 22,5 - 44,5 Pr\u00edkon napr\u00e1zdno, W 270 \u00da\u010dinn\u00edk pri max. pr\u00fade 0,91 R\u00fdchlos\u0165 pod\u00e1vania dr\u00f4tu, m\/min 1,0 - 17 Priemer dr\u00f4tu, mm Uhl\u00edkov\u00e1 a nehrdzavej\u00faca oce\u013e 0,6 - 0,8 C - 0,8 Al - 1,0 CuSi 0,8 - 1,0 \u010cas dohorievania obl\u00faka, s 0,02 - 0,25                        (\u00faprava na PCB) Bodovanie, s 0,2 - 2,5 Stupne nap\u00e4tia 8 V\u00fdstup induk\u010dnosti 1 Zmena polarity ANO Rozmery d x \u0161 x v, mm 860x 420 x 730 Hmotnos\u0165, kg 59 Pracovn\u00e1 teplota, \u00b0C -10 a\u017e +40 Krytie IP 23 Klasifik\u00e1cia pou\u017eite\u013enosti S *nako\u013eko charakteristiky \u201e\u010das \u2013 pr\u00fad\u201c poistiek maj\u00fa ur\u010dit\u00fd rozptyl, v niektor\u00fdch pr\u00edpadoch m\u00f4\u017ee by\u0165 potrebn\u00e9 zn\u00ed\u017ei\u0165 za\u0165a\u017eovate\u013e pri skuto\u010dnom maxim\u00e1lnom pr\u00fade X[%] na hodnotu kdesi v rozmedz\u00ed 5-20% alebo pr\u00edslu\u0161ne zn\u00ed\u017ei\u0165 maxim\u00e1lny zv\u00e1rac\u00ed pr\u00fad\" \/>\n<meta property=\"og:url\" content=\"http:\/\/dafinoo.eu\/mirmar\/obchod\/origomag-c171\/\" \/>\n<meta property=\"og:site_name\" content=\"MIR-MAR\" \/>\n<meta property=\"article:publisher\" content=\"https:\/\/facebook.com\/mirmareshop\" \/>\n<meta property=\"article:modified_time\" content=\"2021-04-21T13:59:38+00:00\" \/>\n<meta property=\"og:image\" content=\"https:\/\/i0.wp.com\/www.mirmar.sk\/wp-content\/uploads\/2021\/03\/origo_mag_c171_1.jpg?fit=160%2C240&ssl=1\" \/>\n\t<meta property=\"og:image:width\" content=\"160\" \/>\n\t<meta property=\"og:image:height\" content=\"240\" \/>\n\t<meta property=\"og:image:type\" content=\"image\/jpeg\" \/>\n<meta name=\"twitter:label1\" content=\"Predpokladan\u00fd \u010das \u010d\u00edtania\" \/>\n\t<meta name=\"twitter:data1\" content=\"2 min\u00faty\" \/>\n<script type=\"application\/ld+json\" class=\"yoast-schema-graph\">{\"@context\":\"https:\\\/\\\/schema.org\",\"@graph\":[{\"@type\":\"WebPage\",\"@id\":\"http:\\\/\\\/dafinoo.eu\\\/mirmar\\\/obchod\\\/origomag-c171\\\/\",\"url\":\"http:\\\/\\\/dafinoo.eu\\\/mirmar\\\/obchod\\\/origomag-c171\\\/\",\"name\":\"Esab Origo\u2122Mag C171 - MIR-MAR\",\"isPartOf\":{\"@id\":\"http:\\\/\\\/dafinoo.eu\\\/mirmar\\\/#website\"},\"primaryImageOfPage\":{\"@id\":\"http:\\\/\\\/dafinoo.eu\\\/mirmar\\\/obchod\\\/origomag-c171\\\/#primaryimage\"},\"image\":{\"@id\":\"http:\\\/\\\/dafinoo.eu\\\/mirmar\\\/obchod\\\/origomag-c171\\\/#primaryimage\"},\"thumbnailUrl\":\"http:\\\/\\\/dafinoo.eu\\\/mirmar\\\/wp-content\\\/uploads\\\/2021\\\/03\\\/origo_mag_c171_1.jpg\",\"datePublished\":\"2021-03-15T16:26:01+00:00\",\"dateModified\":\"2021-04-21T13:59:38+00:00\",\"breadcrumb\":{\"@id\":\"http:\\\/\\\/dafinoo.eu\\\/mirmar\\\/obchod\\\/origomag-c171\\\/#breadcrumb\"},\"inLanguage\":\"sk-SK\",\"potentialAction\":[{\"@type\":\"ReadAction\",\"target\":[\"http:\\\/\\\/dafinoo.eu\\\/mirmar\\\/obchod\\\/origomag-c171\\\/\"]}]},{\"@type\":\"ImageObject\",\"inLanguage\":\"sk-SK\",\"@id\":\"http:\\\/\\\/dafinoo.eu\\\/mirmar\\\/obchod\\\/origomag-c171\\\/#primaryimage\",\"url\":\"http:\\\/\\\/dafinoo.eu\\\/mirmar\\\/wp-content\\\/uploads\\\/2021\\\/03\\\/origo_mag_c171_1.jpg\",\"contentUrl\":\"http:\\\/\\\/dafinoo.eu\\\/mirmar\\\/wp-content\\\/uploads\\\/2021\\\/03\\\/origo_mag_c171_1.jpg\",\"width\":160,\"height\":240},{\"@type\":\"BreadcrumbList\",\"@id\":\"http:\\\/\\\/dafinoo.eu\\\/mirmar\\\/obchod\\\/origomag-c171\\\/#breadcrumb\",\"itemListElement\":[{\"@type\":\"ListItem\",\"position\":1,\"name\":\"Domovsk\u00e1 str\u00e1nka\",\"item\":\"http:\\\/\\\/dafinoo.eu\\\/mirmar\\\/\"},{\"@type\":\"ListItem\",\"position\":2,\"name\":\"Obchod\",\"item\":\"http:\\\/\\\/dafinoo.eu\\\/mirmar\\\/obchod\\\/\"},{\"@type\":\"ListItem\",\"position\":3,\"name\":\"Esab Origo\u2122Mag C171\"}]},{\"@type\":\"WebSite\",\"@id\":\"http:\\\/\\\/dafinoo.eu\\\/mirmar\\\/#website\",\"url\":\"http:\\\/\\\/dafinoo.eu\\\/mirmar\\\/\",\"name\":\"MIR-MAR\",\"description\":\"Eshop s n\u00e1rad\u00edm\",\"publisher\":{\"@id\":\"http:\\\/\\\/dafinoo.eu\\\/mirmar\\\/#organization\"},\"potentialAction\":[{\"@type\":\"SearchAction\",\"target\":{\"@type\":\"EntryPoint\",\"urlTemplate\":\"http:\\\/\\\/dafinoo.eu\\\/mirmar\\\/?s={search_term_string}\"},\"query-input\":{\"@type\":\"PropertyValueSpecification\",\"valueRequired\":true,\"valueName\":\"search_term_string\"}}],\"inLanguage\":\"sk-SK\"},{\"@type\":\"Organization\",\"@id\":\"http:\\\/\\\/dafinoo.eu\\\/mirmar\\\/#organization\",\"name\":\"MIR-MAR\",\"url\":\"http:\\\/\\\/dafinoo.eu\\\/mirmar\\\/\",\"logo\":{\"@type\":\"ImageObject\",\"inLanguage\":\"sk-SK\",\"@id\":\"http:\\\/\\\/dafinoo.eu\\\/mirmar\\\/#\\\/schema\\\/logo\\\/image\\\/\",\"url\":\"http:\\\/\\\/dafinoo.eu\\\/mirmar\\\/wp-content\\\/uploads\\\/2021\\\/03\\\/mirmar_logo.png\",\"contentUrl\":\"http:\\\/\\\/dafinoo.eu\\\/mirmar\\\/wp-content\\\/uploads\\\/2021\\\/03\\\/mirmar_logo.png\",\"width\":256,\"height\":60,\"caption\":\"MIR-MAR\"},\"image\":{\"@id\":\"http:\\\/\\\/dafinoo.eu\\\/mirmar\\\/#\\\/schema\\\/logo\\\/image\\\/\"},\"sameAs\":[\"https:\\\/\\\/facebook.com\\\/mirmareshop\"]}]}<\/script>\n<!-- \/ Yoast SEO plugin. -->","yoast_head_json":{"title":"Esab Origo\u2122Mag C171 - MIR-MAR","robots":{"index":"index","follow":"follow","max-snippet":"max-snippet:-1","max-image-preview":"max-image-preview:large","max-video-preview":"max-video-preview:-1"},"canonical":"http:\/\/dafinoo.eu\/mirmar\/obchod\/origomag-c171\/","og_locale":"sk_SK","og_type":"article","og_title":"Esab Origo\u2122Mag C171 - MIR-MAR","og_description":"Sie\u0165ov\u00e9 nap\u00e4tie, V Hz - 230 1f 50\/60 Poistka pomal\u00e1, A - 16 Isti\u010d (MCB) EN 60898 typ D, A - 16* Dovolen\u00e9 za\u0165a\u017eenie pri 20% DZ, A - 170 60% DZ, A - 98 100% DZ, A - 76 Pr\u00fadov\u00fd rozsah (DC) - A 30 - 170 Nap\u00e4tie napr\u00e1zdno,- V 22,5 - 44,5 Pr\u00edkon napr\u00e1zdno, W 270 \u00da\u010dinn\u00edk pri max. pr\u00fade 0,91 R\u00fdchlos\u0165 pod\u00e1vania dr\u00f4tu, m\/min 1,0 - 17 Priemer dr\u00f4tu, mm Uhl\u00edkov\u00e1 a nehrdzavej\u00faca oce\u013e 0,6 - 0,8 C - 0,8 Al - 1,0 CuSi 0,8 - 1,0 \u010cas dohorievania obl\u00faka, s 0,02 - 0,25                        (\u00faprava na PCB) Bodovanie, s 0,2 - 2,5 Stupne nap\u00e4tia 8 V\u00fdstup induk\u010dnosti 1 Zmena polarity ANO Rozmery d x \u0161 x v, mm 860x 420 x 730 Hmotnos\u0165, kg 59 Pracovn\u00e1 teplota, \u00b0C -10 a\u017e +40 Krytie IP 23 Klasifik\u00e1cia pou\u017eite\u013enosti S *nako\u013eko charakteristiky \u201e\u010das \u2013 pr\u00fad\u201c poistiek maj\u00fa ur\u010dit\u00fd rozptyl, v niektor\u00fdch pr\u00edpadoch m\u00f4\u017ee by\u0165 potrebn\u00e9 zn\u00ed\u017ei\u0165 za\u0165a\u017eovate\u013e pri skuto\u010dnom maxim\u00e1lnom pr\u00fade X[%] na hodnotu kdesi v rozmedz\u00ed 5-20% alebo pr\u00edslu\u0161ne zn\u00ed\u017ei\u0165 maxim\u00e1lny zv\u00e1rac\u00ed pr\u00fad","og_url":"http:\/\/dafinoo.eu\/mirmar\/obchod\/origomag-c171\/","og_site_name":"MIR-MAR","article_publisher":"https:\/\/facebook.com\/mirmareshop","article_modified_time":"2021-04-21T13:59:38+00:00","og_image":[{"width":160,"height":240,"url":"https:\/\/i0.wp.com\/www.mirmar.sk\/wp-content\/uploads\/2021\/03\/origo_mag_c171_1.jpg?fit=160%2C240&ssl=1","type":"image\/jpeg"}],"twitter_misc":{"Predpokladan\u00fd \u010das \u010d\u00edtania":"2 min\u00faty"},"schema":{"@context":"https:\/\/schema.org","@graph":[{"@type":"WebPage","@id":"http:\/\/dafinoo.eu\/mirmar\/obchod\/origomag-c171\/","url":"http:\/\/dafinoo.eu\/mirmar\/obchod\/origomag-c171\/","name":"Esab Origo\u2122Mag C171 - MIR-MAR","isPartOf":{"@id":"http:\/\/dafinoo.eu\/mirmar\/#website"},"primaryImageOfPage":{"@id":"http:\/\/dafinoo.eu\/mirmar\/obchod\/origomag-c171\/#primaryimage"},"image":{"@id":"http:\/\/dafinoo.eu\/mirmar\/obchod\/origomag-c171\/#primaryimage"},"thumbnailUrl":"http:\/\/dafinoo.eu\/mirmar\/wp-content\/uploads\/2021\/03\/origo_mag_c171_1.jpg","datePublished":"2021-03-15T16:26:01+00:00","dateModified":"2021-04-21T13:59:38+00:00","breadcrumb":{"@id":"http:\/\/dafinoo.eu\/mirmar\/obchod\/origomag-c171\/#breadcrumb"},"inLanguage":"sk-SK","potentialAction":[{"@type":"ReadAction","target":["http:\/\/dafinoo.eu\/mirmar\/obchod\/origomag-c171\/"]}]},{"@type":"ImageObject","inLanguage":"sk-SK","@id":"http:\/\/dafinoo.eu\/mirmar\/obchod\/origomag-c171\/#primaryimage","url":"http:\/\/dafinoo.eu\/mirmar\/wp-content\/uploads\/2021\/03\/origo_mag_c171_1.jpg","contentUrl":"http:\/\/dafinoo.eu\/mirmar\/wp-content\/uploads\/2021\/03\/origo_mag_c171_1.jpg","width":160,"height":240},{"@type":"BreadcrumbList","@id":"http:\/\/dafinoo.eu\/mirmar\/obchod\/origomag-c171\/#breadcrumb","itemListElement":[{"@type":"ListItem","position":1,"name":"Domovsk\u00e1 str\u00e1nka","item":"http:\/\/dafinoo.eu\/mirmar\/"},{"@type":"ListItem","position":2,"name":"Obchod","item":"http:\/\/dafinoo.eu\/mirmar\/obchod\/"},{"@type":"ListItem","position":3,"name":"Esab Origo\u2122Mag C171"}]},{"@type":"WebSite","@id":"http:\/\/dafinoo.eu\/mirmar\/#website","url":"http:\/\/dafinoo.eu\/mirmar\/","name":"MIR-MAR","description":"Eshop s n\u00e1rad\u00edm","publisher":{"@id":"http:\/\/dafinoo.eu\/mirmar\/#organization"},"potentialAction":[{"@type":"SearchAction","target":{"@type":"EntryPoint","urlTemplate":"http:\/\/dafinoo.eu\/mirmar\/?s={search_term_string}"},"query-input":{"@type":"PropertyValueSpecification","valueRequired":true,"valueName":"search_term_string"}}],"inLanguage":"sk-SK"},{"@type":"Organization","@id":"http:\/\/dafinoo.eu\/mirmar\/#organization","name":"MIR-MAR","url":"http:\/\/dafinoo.eu\/mirmar\/","logo":{"@type":"ImageObject","inLanguage":"sk-SK","@id":"http:\/\/dafinoo.eu\/mirmar\/#\/schema\/logo\/image\/","url":"http:\/\/dafinoo.eu\/mirmar\/wp-content\/uploads\/2021\/03\/mirmar_logo.png","contentUrl":"http:\/\/dafinoo.eu\/mirmar\/wp-content\/uploads\/2021\/03\/mirmar_logo.png","width":256,"height":60,"caption":"MIR-MAR"},"image":{"@id":"http:\/\/dafinoo.eu\/mirmar\/#\/schema\/logo\/image\/"},"sameAs":["https:\/\/facebook.com\/mirmareshop"]}]}},"_links":{"self":[{"href":"http:\/\/dafinoo.eu\/mirmar\/wp-json\/wp\/v2\/product\/37098","targetHints":{"allow":["GET"]}}],"collection":[{"href":"http:\/\/dafinoo.eu\/mirmar\/wp-json\/wp\/v2\/product"}],"about":[{"href":"http:\/\/dafinoo.eu\/mirmar\/wp-json\/wp\/v2\/types\/product"}],"replies":[{"embeddable":true,"href":"http:\/\/dafinoo.eu\/mirmar\/wp-json\/wp\/v2\/comments?post=37098"}],"wp:featuredmedia":[{"embeddable":true,"href":"http:\/\/dafinoo.eu\/mirmar\/wp-json\/wp\/v2\/media\/37099"}],"wp:attachment":[{"href":"http:\/\/dafinoo.eu\/mirmar\/wp-json\/wp\/v2\/media?parent=37098"}],"wp:term":[{"taxonomy":"product_cat","embeddable":true,"href":"http:\/\/dafinoo.eu\/mirmar\/wp-json\/wp\/v2\/product_cat?post=37098"},{"taxonomy":"product_tag","embeddable":true,"href":"http:\/\/dafinoo.eu\/mirmar\/wp-json\/wp\/v2\/product_tag?post=37098"}],"curies":[{"name":"wp","href":"https:\/\/api.w.org\/{rel}","templated":true}]}}