{"id":37130,"date":"2021-03-15T17:26:09","date_gmt":"2021-03-15T16:26:09","guid":{"rendered":"http:\/\/dafinoo.eu\/mirmar\/product\/retaze-pre-benzinove-pily-pre-modely-ps-410-ps-411-ps-420-c-ps-420-sc-512-484-064\/"},"modified":"2022-05-09T10:24:56","modified_gmt":"2022-05-09T08:24:56","slug":"retaze-pre-benzinove-pily-pre-modely-ps-410-ps-411-ps-420-c-ps-420-sc-512-484-764","status":"publish","type":"product","link":"http:\/\/dafinoo.eu\/mirmar\/obchod\/retaze-pre-benzinove-pily-pre-modely-ps-410-ps-411-ps-420-c-ps-420-sc-512-484-764\/","title":{"rendered":"Dolmar Re\u0165aze pre benz\u00ednov\u00e9 p\u00edly pre modely: PS-410, PS-411, PS-420 C, PS-420 SC 512-484-764"},"content":{"rendered":"<p>pre modely: PS-410, PS-411, PS-420 C, PS-420 SC<\/p>\n","protected":false},"excerpt":{"rendered":"<p>d\u013a\u017eka li\u0161ty: 38 cm\/15&#8243;<br \/>\ndelenie re\u0165aze: 0.325&#8243;<br \/>\n\u0161\u00edrka dr\u00e1\u017eky: 1,3 mm<br \/>\nprofil zubu: HM<\/p>\n","protected":false},"featured_media":37131,"comment_status":"closed","ping_status":"closed","template":"","meta":{"_lmt_disableupdate":"","_lmt_disable":""},"product_cat":[3158,3207,3208],"product_tag":[],"class_list":{"0":"post-37130","1":"product","2":"type-product","3":"status-publish","4":"has-post-thumbnail","6":"product_cat-dolmar","7":"product_cat-dolmar-prislusenstvo","8":"product_cat-pily","9":"ts_product_brand-dolmar","11":"first","12":"instock","13":"taxable","14":"shipping-taxable","15":"purchasable","16":"product-type-simple"},"yoast_head":"<!-- This site is optimized with the Yoast SEO plugin v27.3 - https:\/\/yoast.com\/product\/yoast-seo-wordpress\/ -->\n<title>Dolmar Re\u0165aze pre benz\u00ednov\u00e9 p\u00edly pre modely: PS-410, PS-411, PS-420 C, PS-420 SC 512-484-764 - MIR-MAR<\/title>\n<meta name=\"robots\" content=\"index, follow, max-snippet:-1, max-image-preview:large, max-video-preview:-1\" \/>\n<link rel=\"canonical\" href=\"http:\/\/dafinoo.eu\/mirmar\/obchod\/retaze-pre-benzinove-pily-pre-modely-ps-410-ps-411-ps-420-c-ps-420-sc-512-484-764\/\" \/>\n<meta property=\"og:locale\" content=\"sk_SK\" \/>\n<meta property=\"og:type\" content=\"article\" \/>\n<meta property=\"og:title\" content=\"Dolmar Re\u0165aze pre benz\u00ednov\u00e9 p\u00edly pre modely: PS-410, PS-411, PS-420 C, PS-420 SC 512-484-764 - MIR-MAR\" \/>\n<meta property=\"og:description\" content=\"d\u013a\u017eka li\u0161ty: 38 cm\/15&quot; delenie re\u0165aze: 0.325&quot; \u0161\u00edrka dr\u00e1\u017eky: 1,3 mm profil zubu: HM\" \/>\n<meta property=\"og:url\" content=\"http:\/\/dafinoo.eu\/mirmar\/obchod\/retaze-pre-benzinove-pily-pre-modely-ps-410-ps-411-ps-420-c-ps-420-sc-512-484-764\/\" \/>\n<meta property=\"og:site_name\" content=\"MIR-MAR\" \/>\n<meta property=\"article:publisher\" content=\"https:\/\/facebook.com\/mirmareshop\" \/>\n<meta property=\"article:modified_time\" content=\"2022-05-09T08:24:56+00:00\" \/>\n<meta property=\"og:image\" content=\"http:\/\/dafinoo.eu\/mirmar\/wp-content\/uploads\/2021\/03\/5_8_1.jpg\" \/>\n\t<meta property=\"og:image:width\" content=\"300\" \/>\n\t<meta property=\"og:image:height\" content=\"225\" \/>\n\t<meta property=\"og:image:type\" content=\"image\/jpeg\" \/>\n<script type=\"application\/ld+json\" class=\"yoast-schema-graph\">{\"@context\":\"https:\\\/\\\/schema.org\",\"@graph\":[{\"@type\":\"WebPage\",\"@id\":\"http:\\\/\\\/dafinoo.eu\\\/mirmar\\\/obchod\\\/retaze-pre-benzinove-pily-pre-modely-ps-410-ps-411-ps-420-c-ps-420-sc-512-484-764\\\/\",\"url\":\"http:\\\/\\\/dafinoo.eu\\\/mirmar\\\/obchod\\\/retaze-pre-benzinove-pily-pre-modely-ps-410-ps-411-ps-420-c-ps-420-sc-512-484-764\\\/\",\"name\":\"Dolmar Re\u0165aze pre benz\u00ednov\u00e9 p\u00edly pre modely: PS-410, PS-411, PS-420 C, PS-420 SC 512-484-764 - MIR-MAR\",\"isPartOf\":{\"@id\":\"http:\\\/\\\/dafinoo.eu\\\/mirmar\\\/#website\"},\"primaryImageOfPage\":{\"@id\":\"http:\\\/\\\/dafinoo.eu\\\/mirmar\\\/obchod\\\/retaze-pre-benzinove-pily-pre-modely-ps-410-ps-411-ps-420-c-ps-420-sc-512-484-764\\\/#primaryimage\"},\"image\":{\"@id\":\"http:\\\/\\\/dafinoo.eu\\\/mirmar\\\/obchod\\\/retaze-pre-benzinove-pily-pre-modely-ps-410-ps-411-ps-420-c-ps-420-sc-512-484-764\\\/#primaryimage\"},\"thumbnailUrl\":\"http:\\\/\\\/dafinoo.eu\\\/mirmar\\\/wp-content\\\/uploads\\\/2021\\\/03\\\/5_8_1.jpg\",\"datePublished\":\"2021-03-15T16:26:09+00:00\",\"dateModified\":\"2022-05-09T08:24:56+00:00\",\"breadcrumb\":{\"@id\":\"http:\\\/\\\/dafinoo.eu\\\/mirmar\\\/obchod\\\/retaze-pre-benzinove-pily-pre-modely-ps-410-ps-411-ps-420-c-ps-420-sc-512-484-764\\\/#breadcrumb\"},\"inLanguage\":\"sk-SK\",\"potentialAction\":[{\"@type\":\"ReadAction\",\"target\":[\"http:\\\/\\\/dafinoo.eu\\\/mirmar\\\/obchod\\\/retaze-pre-benzinove-pily-pre-modely-ps-410-ps-411-ps-420-c-ps-420-sc-512-484-764\\\/\"]}]},{\"@type\":\"ImageObject\",\"inLanguage\":\"sk-SK\",\"@id\":\"http:\\\/\\\/dafinoo.eu\\\/mirmar\\\/obchod\\\/retaze-pre-benzinove-pily-pre-modely-ps-410-ps-411-ps-420-c-ps-420-sc-512-484-764\\\/#primaryimage\",\"url\":\"http:\\\/\\\/dafinoo.eu\\\/mirmar\\\/wp-content\\\/uploads\\\/2021\\\/03\\\/5_8_1.jpg\",\"contentUrl\":\"http:\\\/\\\/dafinoo.eu\\\/mirmar\\\/wp-content\\\/uploads\\\/2021\\\/03\\\/5_8_1.jpg\",\"width\":300,\"height\":225},{\"@type\":\"BreadcrumbList\",\"@id\":\"http:\\\/\\\/dafinoo.eu\\\/mirmar\\\/obchod\\\/retaze-pre-benzinove-pily-pre-modely-ps-410-ps-411-ps-420-c-ps-420-sc-512-484-764\\\/#breadcrumb\",\"itemListElement\":[{\"@type\":\"ListItem\",\"position\":1,\"name\":\"Domovsk\u00e1 str\u00e1nka\",\"item\":\"http:\\\/\\\/dafinoo.eu\\\/mirmar\\\/\"},{\"@type\":\"ListItem\",\"position\":2,\"name\":\"Obchod\",\"item\":\"http:\\\/\\\/dafinoo.eu\\\/mirmar\\\/obchod\\\/\"},{\"@type\":\"ListItem\",\"position\":3,\"name\":\"Dolmar Re\u0165aze pre benz\u00ednov\u00e9 p\u00edly pre modely: PS-410, PS-411, PS-420 C, PS-420 SC 512-484-764\"}]},{\"@type\":\"WebSite\",\"@id\":\"http:\\\/\\\/dafinoo.eu\\\/mirmar\\\/#website\",\"url\":\"http:\\\/\\\/dafinoo.eu\\\/mirmar\\\/\",\"name\":\"MIR-MAR\",\"description\":\"Eshop s n\u00e1rad\u00edm\",\"publisher\":{\"@id\":\"http:\\\/\\\/dafinoo.eu\\\/mirmar\\\/#organization\"},\"potentialAction\":[{\"@type\":\"SearchAction\",\"target\":{\"@type\":\"EntryPoint\",\"urlTemplate\":\"http:\\\/\\\/dafinoo.eu\\\/mirmar\\\/?s={search_term_string}\"},\"query-input\":{\"@type\":\"PropertyValueSpecification\",\"valueRequired\":true,\"valueName\":\"search_term_string\"}}],\"inLanguage\":\"sk-SK\"},{\"@type\":\"Organization\",\"@id\":\"http:\\\/\\\/dafinoo.eu\\\/mirmar\\\/#organization\",\"name\":\"MIR-MAR\",\"url\":\"http:\\\/\\\/dafinoo.eu\\\/mirmar\\\/\",\"logo\":{\"@type\":\"ImageObject\",\"inLanguage\":\"sk-SK\",\"@id\":\"http:\\\/\\\/dafinoo.eu\\\/mirmar\\\/#\\\/schema\\\/logo\\\/image\\\/\",\"url\":\"http:\\\/\\\/dafinoo.eu\\\/mirmar\\\/wp-content\\\/uploads\\\/2021\\\/03\\\/mirmar_logo.png\",\"contentUrl\":\"http:\\\/\\\/dafinoo.eu\\\/mirmar\\\/wp-content\\\/uploads\\\/2021\\\/03\\\/mirmar_logo.png\",\"width\":256,\"height\":60,\"caption\":\"MIR-MAR\"},\"image\":{\"@id\":\"http:\\\/\\\/dafinoo.eu\\\/mirmar\\\/#\\\/schema\\\/logo\\\/image\\\/\"},\"sameAs\":[\"https:\\\/\\\/facebook.com\\\/mirmareshop\"]}]}<\/script>\n<!-- \/ Yoast SEO plugin. -->","yoast_head_json":{"title":"Dolmar Re\u0165aze pre benz\u00ednov\u00e9 p\u00edly pre modely: PS-410, PS-411, PS-420 C, PS-420 SC 512-484-764 - MIR-MAR","robots":{"index":"index","follow":"follow","max-snippet":"max-snippet:-1","max-image-preview":"max-image-preview:large","max-video-preview":"max-video-preview:-1"},"canonical":"http:\/\/dafinoo.eu\/mirmar\/obchod\/retaze-pre-benzinove-pily-pre-modely-ps-410-ps-411-ps-420-c-ps-420-sc-512-484-764\/","og_locale":"sk_SK","og_type":"article","og_title":"Dolmar Re\u0165aze pre benz\u00ednov\u00e9 p\u00edly pre modely: PS-410, PS-411, PS-420 C, PS-420 SC 512-484-764 - MIR-MAR","og_description":"d\u013a\u017eka li\u0161ty: 38 cm\/15\" delenie re\u0165aze: 0.325\" \u0161\u00edrka dr\u00e1\u017eky: 1,3 mm profil zubu: HM","og_url":"http:\/\/dafinoo.eu\/mirmar\/obchod\/retaze-pre-benzinove-pily-pre-modely-ps-410-ps-411-ps-420-c-ps-420-sc-512-484-764\/","og_site_name":"MIR-MAR","article_publisher":"https:\/\/facebook.com\/mirmareshop","article_modified_time":"2022-05-09T08:24:56+00:00","og_image":[{"width":300,"height":225,"url":"http:\/\/dafinoo.eu\/mirmar\/wp-content\/uploads\/2021\/03\/5_8_1.jpg","type":"image\/jpeg"}],"schema":{"@context":"https:\/\/schema.org","@graph":[{"@type":"WebPage","@id":"http:\/\/dafinoo.eu\/mirmar\/obchod\/retaze-pre-benzinove-pily-pre-modely-ps-410-ps-411-ps-420-c-ps-420-sc-512-484-764\/","url":"http:\/\/dafinoo.eu\/mirmar\/obchod\/retaze-pre-benzinove-pily-pre-modely-ps-410-ps-411-ps-420-c-ps-420-sc-512-484-764\/","name":"Dolmar Re\u0165aze pre benz\u00ednov\u00e9 p\u00edly pre modely: PS-410, PS-411, PS-420 C, PS-420 SC 512-484-764 - MIR-MAR","isPartOf":{"@id":"http:\/\/dafinoo.eu\/mirmar\/#website"},"primaryImageOfPage":{"@id":"http:\/\/dafinoo.eu\/mirmar\/obchod\/retaze-pre-benzinove-pily-pre-modely-ps-410-ps-411-ps-420-c-ps-420-sc-512-484-764\/#primaryimage"},"image":{"@id":"http:\/\/dafinoo.eu\/mirmar\/obchod\/retaze-pre-benzinove-pily-pre-modely-ps-410-ps-411-ps-420-c-ps-420-sc-512-484-764\/#primaryimage"},"thumbnailUrl":"http:\/\/dafinoo.eu\/mirmar\/wp-content\/uploads\/2021\/03\/5_8_1.jpg","datePublished":"2021-03-15T16:26:09+00:00","dateModified":"2022-05-09T08:24:56+00:00","breadcrumb":{"@id":"http:\/\/dafinoo.eu\/mirmar\/obchod\/retaze-pre-benzinove-pily-pre-modely-ps-410-ps-411-ps-420-c-ps-420-sc-512-484-764\/#breadcrumb"},"inLanguage":"sk-SK","potentialAction":[{"@type":"ReadAction","target":["http:\/\/dafinoo.eu\/mirmar\/obchod\/retaze-pre-benzinove-pily-pre-modely-ps-410-ps-411-ps-420-c-ps-420-sc-512-484-764\/"]}]},{"@type":"ImageObject","inLanguage":"sk-SK","@id":"http:\/\/dafinoo.eu\/mirmar\/obchod\/retaze-pre-benzinove-pily-pre-modely-ps-410-ps-411-ps-420-c-ps-420-sc-512-484-764\/#primaryimage","url":"http:\/\/dafinoo.eu\/mirmar\/wp-content\/uploads\/2021\/03\/5_8_1.jpg","contentUrl":"http:\/\/dafinoo.eu\/mirmar\/wp-content\/uploads\/2021\/03\/5_8_1.jpg","width":300,"height":225},{"@type":"BreadcrumbList","@id":"http:\/\/dafinoo.eu\/mirmar\/obchod\/retaze-pre-benzinove-pily-pre-modely-ps-410-ps-411-ps-420-c-ps-420-sc-512-484-764\/#breadcrumb","itemListElement":[{"@type":"ListItem","position":1,"name":"Domovsk\u00e1 str\u00e1nka","item":"http:\/\/dafinoo.eu\/mirmar\/"},{"@type":"ListItem","position":2,"name":"Obchod","item":"http:\/\/dafinoo.eu\/mirmar\/obchod\/"},{"@type":"ListItem","position":3,"name":"Dolmar Re\u0165aze pre benz\u00ednov\u00e9 p\u00edly pre modely: PS-410, PS-411, PS-420 C, PS-420 SC 512-484-764"}]},{"@type":"WebSite","@id":"http:\/\/dafinoo.eu\/mirmar\/#website","url":"http:\/\/dafinoo.eu\/mirmar\/","name":"MIR-MAR","description":"Eshop s n\u00e1rad\u00edm","publisher":{"@id":"http:\/\/dafinoo.eu\/mirmar\/#organization"},"potentialAction":[{"@type":"SearchAction","target":{"@type":"EntryPoint","urlTemplate":"http:\/\/dafinoo.eu\/mirmar\/?s={search_term_string}"},"query-input":{"@type":"PropertyValueSpecification","valueRequired":true,"valueName":"search_term_string"}}],"inLanguage":"sk-SK"},{"@type":"Organization","@id":"http:\/\/dafinoo.eu\/mirmar\/#organization","name":"MIR-MAR","url":"http:\/\/dafinoo.eu\/mirmar\/","logo":{"@type":"ImageObject","inLanguage":"sk-SK","@id":"http:\/\/dafinoo.eu\/mirmar\/#\/schema\/logo\/image\/","url":"http:\/\/dafinoo.eu\/mirmar\/wp-content\/uploads\/2021\/03\/mirmar_logo.png","contentUrl":"http:\/\/dafinoo.eu\/mirmar\/wp-content\/uploads\/2021\/03\/mirmar_logo.png","width":256,"height":60,"caption":"MIR-MAR"},"image":{"@id":"http:\/\/dafinoo.eu\/mirmar\/#\/schema\/logo\/image\/"},"sameAs":["https:\/\/facebook.com\/mirmareshop"]}]}},"_links":{"self":[{"href":"http:\/\/dafinoo.eu\/mirmar\/wp-json\/wp\/v2\/product\/37130","targetHints":{"allow":["GET"]}}],"collection":[{"href":"http:\/\/dafinoo.eu\/mirmar\/wp-json\/wp\/v2\/product"}],"about":[{"href":"http:\/\/dafinoo.eu\/mirmar\/wp-json\/wp\/v2\/types\/product"}],"replies":[{"embeddable":true,"href":"http:\/\/dafinoo.eu\/mirmar\/wp-json\/wp\/v2\/comments?post=37130"}],"wp:featuredmedia":[{"embeddable":true,"href":"http:\/\/dafinoo.eu\/mirmar\/wp-json\/wp\/v2\/media\/37131"}],"wp:attachment":[{"href":"http:\/\/dafinoo.eu\/mirmar\/wp-json\/wp\/v2\/media?parent=37130"}],"wp:term":[{"taxonomy":"product_cat","embeddable":true,"href":"http:\/\/dafinoo.eu\/mirmar\/wp-json\/wp\/v2\/product_cat?post=37130"},{"taxonomy":"product_tag","embeddable":true,"href":"http:\/\/dafinoo.eu\/mirmar\/wp-json\/wp\/v2\/product_tag?post=37130"}],"curies":[{"name":"wp","href":"https:\/\/api.w.org\/{rel}","templated":true}]}}