{"id":37308,"date":"2021-03-15T17:26:42","date_gmt":"2021-03-15T16:26:42","guid":{"rendered":"http:\/\/dafinoo.eu\/mirmar\/product\/brusky-na-ostrenie-pilovych-retazi-341-013-085\/"},"modified":"2021-04-21T15:43:11","modified_gmt":"2021-04-21T13:43:11","slug":"brusky-na-ostrenie-pilovych-retazi-341-013-085","status":"publish","type":"product","link":"http:\/\/dafinoo.eu\/mirmar\/obchod\/brusky-na-ostrenie-pilovych-retazi-341-013-085\/","title":{"rendered":"Dolmar Br\u00fasky na ostrenie p\u00edlov\u00fdch re\u0165az\u00ed 341 013 085"},"content":{"rendered":"<p>S\u00e9riovo s kot\u00fa\u010dom na 3\/8&#8243; a .404&#8243; p\u00edlov\u00e9 re\u0165aze.<\/p>\n","protected":false},"excerpt":{"rendered":"<p>Zariadenie na ostrenie re\u0165az\u00ed &#8220;Nick the Grinder&#8221; je vhodn\u00e9 na pr\u00edle\u017eitostn\u00e9 strojov\u00e9 ostrenie. Jednoduch\u00e9 a praktick\u00e9 zariadenie na rovnomern\u00e9 ostrenie p\u00edlov\u00fdch re\u0165az\u00ed. Ide\u00e1lne ako druh\u00e9 zariadenie do dielne alebo na pou\u017e\u00edvanie u profesion\u00e1lnych z\u00e1kazn\u00edkov.<\/p>\n","protected":false},"featured_media":37309,"comment_status":"closed","ping_status":"open","template":"","meta":{"_lmt_disableupdate":"","_lmt_disable":""},"product_cat":[3158,3207,3208,3283,3284],"product_tag":[],"class_list":{"0":"post-37308","1":"product","2":"type-product","3":"status-publish","4":"has-post-thumbnail","6":"product_cat-dolmar","7":"product_cat-dolmar-prislusenstvo","8":"product_cat-pily","9":"product_cat-brusky-na-ostrenie-retazi","10":"product_cat-brusky-na-ostrenie-pilovych-retazi","11":"ts_product_brand-dolmar","13":"first","14":"instock","15":"taxable","16":"shipping-taxable","17":"purchasable","18":"product-type-simple"},"yoast_head":"<!-- This site is optimized with the Yoast SEO plugin v27.3 - https:\/\/yoast.com\/product\/yoast-seo-wordpress\/ -->\n<title>Dolmar Br\u00fasky na ostrenie p\u00edlov\u00fdch re\u0165az\u00ed 341 013 085 - MIR-MAR<\/title>\n<meta name=\"robots\" content=\"index, follow, max-snippet:-1, max-image-preview:large, max-video-preview:-1\" \/>\n<link rel=\"canonical\" href=\"http:\/\/dafinoo.eu\/mirmar\/obchod\/brusky-na-ostrenie-pilovych-retazi-341-013-085\/\" \/>\n<meta property=\"og:locale\" content=\"sk_SK\" \/>\n<meta property=\"og:type\" content=\"article\" \/>\n<meta property=\"og:title\" content=\"Dolmar Br\u00fasky na ostrenie p\u00edlov\u00fdch re\u0165az\u00ed 341 013 085 - MIR-MAR\" \/>\n<meta property=\"og:description\" content=\"Zariadenie na ostrenie re\u0165az\u00ed &quot;Nick the Grinder&quot; je vhodn\u00e9 na pr\u00edle\u017eitostn\u00e9 strojov\u00e9 ostrenie. Jednoduch\u00e9 a praktick\u00e9 zariadenie na rovnomern\u00e9 ostrenie p\u00edlov\u00fdch re\u0165az\u00ed. Ide\u00e1lne ako druh\u00e9 zariadenie do dielne alebo na pou\u017e\u00edvanie u profesion\u00e1lnych z\u00e1kazn\u00edkov.\" \/>\n<meta property=\"og:url\" content=\"http:\/\/dafinoo.eu\/mirmar\/obchod\/brusky-na-ostrenie-pilovych-retazi-341-013-085\/\" \/>\n<meta property=\"og:site_name\" content=\"MIR-MAR\" \/>\n<meta property=\"article:publisher\" content=\"https:\/\/facebook.com\/mirmareshop\" \/>\n<meta property=\"article:modified_time\" content=\"2021-04-21T13:43:11+00:00\" \/>\n<meta property=\"og:image\" content=\"https:\/\/i2.wp.com\/www.mirmar.sk\/wp-content\/uploads\/2021\/03\/2_1_15_1.jpg?fit=300%2C225&ssl=1\" \/>\n\t<meta property=\"og:image:width\" content=\"300\" \/>\n\t<meta property=\"og:image:height\" content=\"225\" \/>\n\t<meta property=\"og:image:type\" content=\"image\/jpeg\" \/>\n<script type=\"application\/ld+json\" class=\"yoast-schema-graph\">{\"@context\":\"https:\\\/\\\/schema.org\",\"@graph\":[{\"@type\":\"WebPage\",\"@id\":\"http:\\\/\\\/dafinoo.eu\\\/mirmar\\\/obchod\\\/brusky-na-ostrenie-pilovych-retazi-341-013-085\\\/\",\"url\":\"http:\\\/\\\/dafinoo.eu\\\/mirmar\\\/obchod\\\/brusky-na-ostrenie-pilovych-retazi-341-013-085\\\/\",\"name\":\"Dolmar Br\u00fasky na ostrenie p\u00edlov\u00fdch re\u0165az\u00ed 341 013 085 - MIR-MAR\",\"isPartOf\":{\"@id\":\"http:\\\/\\\/dafinoo.eu\\\/mirmar\\\/#website\"},\"primaryImageOfPage\":{\"@id\":\"http:\\\/\\\/dafinoo.eu\\\/mirmar\\\/obchod\\\/brusky-na-ostrenie-pilovych-retazi-341-013-085\\\/#primaryimage\"},\"image\":{\"@id\":\"http:\\\/\\\/dafinoo.eu\\\/mirmar\\\/obchod\\\/brusky-na-ostrenie-pilovych-retazi-341-013-085\\\/#primaryimage\"},\"thumbnailUrl\":\"http:\\\/\\\/dafinoo.eu\\\/mirmar\\\/wp-content\\\/uploads\\\/2021\\\/03\\\/2_1_15_1.jpg\",\"datePublished\":\"2021-03-15T16:26:42+00:00\",\"dateModified\":\"2021-04-21T13:43:11+00:00\",\"breadcrumb\":{\"@id\":\"http:\\\/\\\/dafinoo.eu\\\/mirmar\\\/obchod\\\/brusky-na-ostrenie-pilovych-retazi-341-013-085\\\/#breadcrumb\"},\"inLanguage\":\"sk-SK\",\"potentialAction\":[{\"@type\":\"ReadAction\",\"target\":[\"http:\\\/\\\/dafinoo.eu\\\/mirmar\\\/obchod\\\/brusky-na-ostrenie-pilovych-retazi-341-013-085\\\/\"]}]},{\"@type\":\"ImageObject\",\"inLanguage\":\"sk-SK\",\"@id\":\"http:\\\/\\\/dafinoo.eu\\\/mirmar\\\/obchod\\\/brusky-na-ostrenie-pilovych-retazi-341-013-085\\\/#primaryimage\",\"url\":\"http:\\\/\\\/dafinoo.eu\\\/mirmar\\\/wp-content\\\/uploads\\\/2021\\\/03\\\/2_1_15_1.jpg\",\"contentUrl\":\"http:\\\/\\\/dafinoo.eu\\\/mirmar\\\/wp-content\\\/uploads\\\/2021\\\/03\\\/2_1_15_1.jpg\",\"width\":300,\"height\":225},{\"@type\":\"BreadcrumbList\",\"@id\":\"http:\\\/\\\/dafinoo.eu\\\/mirmar\\\/obchod\\\/brusky-na-ostrenie-pilovych-retazi-341-013-085\\\/#breadcrumb\",\"itemListElement\":[{\"@type\":\"ListItem\",\"position\":1,\"name\":\"Domovsk\u00e1 str\u00e1nka\",\"item\":\"http:\\\/\\\/dafinoo.eu\\\/mirmar\\\/\"},{\"@type\":\"ListItem\",\"position\":2,\"name\":\"Obchod\",\"item\":\"http:\\\/\\\/dafinoo.eu\\\/mirmar\\\/obchod\\\/\"},{\"@type\":\"ListItem\",\"position\":3,\"name\":\"Dolmar Br\u00fasky na ostrenie p\u00edlov\u00fdch re\u0165az\u00ed 341 013 085\"}]},{\"@type\":\"WebSite\",\"@id\":\"http:\\\/\\\/dafinoo.eu\\\/mirmar\\\/#website\",\"url\":\"http:\\\/\\\/dafinoo.eu\\\/mirmar\\\/\",\"name\":\"MIR-MAR\",\"description\":\"Eshop s n\u00e1rad\u00edm\",\"publisher\":{\"@id\":\"http:\\\/\\\/dafinoo.eu\\\/mirmar\\\/#organization\"},\"potentialAction\":[{\"@type\":\"SearchAction\",\"target\":{\"@type\":\"EntryPoint\",\"urlTemplate\":\"http:\\\/\\\/dafinoo.eu\\\/mirmar\\\/?s={search_term_string}\"},\"query-input\":{\"@type\":\"PropertyValueSpecification\",\"valueRequired\":true,\"valueName\":\"search_term_string\"}}],\"inLanguage\":\"sk-SK\"},{\"@type\":\"Organization\",\"@id\":\"http:\\\/\\\/dafinoo.eu\\\/mirmar\\\/#organization\",\"name\":\"MIR-MAR\",\"url\":\"http:\\\/\\\/dafinoo.eu\\\/mirmar\\\/\",\"logo\":{\"@type\":\"ImageObject\",\"inLanguage\":\"sk-SK\",\"@id\":\"http:\\\/\\\/dafinoo.eu\\\/mirmar\\\/#\\\/schema\\\/logo\\\/image\\\/\",\"url\":\"http:\\\/\\\/dafinoo.eu\\\/mirmar\\\/wp-content\\\/uploads\\\/2021\\\/03\\\/mirmar_logo.png\",\"contentUrl\":\"http:\\\/\\\/dafinoo.eu\\\/mirmar\\\/wp-content\\\/uploads\\\/2021\\\/03\\\/mirmar_logo.png\",\"width\":256,\"height\":60,\"caption\":\"MIR-MAR\"},\"image\":{\"@id\":\"http:\\\/\\\/dafinoo.eu\\\/mirmar\\\/#\\\/schema\\\/logo\\\/image\\\/\"},\"sameAs\":[\"https:\\\/\\\/facebook.com\\\/mirmareshop\"]}]}<\/script>\n<!-- \/ Yoast SEO plugin. -->","yoast_head_json":{"title":"Dolmar Br\u00fasky na ostrenie p\u00edlov\u00fdch re\u0165az\u00ed 341 013 085 - MIR-MAR","robots":{"index":"index","follow":"follow","max-snippet":"max-snippet:-1","max-image-preview":"max-image-preview:large","max-video-preview":"max-video-preview:-1"},"canonical":"http:\/\/dafinoo.eu\/mirmar\/obchod\/brusky-na-ostrenie-pilovych-retazi-341-013-085\/","og_locale":"sk_SK","og_type":"article","og_title":"Dolmar Br\u00fasky na ostrenie p\u00edlov\u00fdch re\u0165az\u00ed 341 013 085 - MIR-MAR","og_description":"Zariadenie na ostrenie re\u0165az\u00ed \"Nick the Grinder\" je vhodn\u00e9 na pr\u00edle\u017eitostn\u00e9 strojov\u00e9 ostrenie. Jednoduch\u00e9 a praktick\u00e9 zariadenie na rovnomern\u00e9 ostrenie p\u00edlov\u00fdch re\u0165az\u00ed. Ide\u00e1lne ako druh\u00e9 zariadenie do dielne alebo na pou\u017e\u00edvanie u profesion\u00e1lnych z\u00e1kazn\u00edkov.","og_url":"http:\/\/dafinoo.eu\/mirmar\/obchod\/brusky-na-ostrenie-pilovych-retazi-341-013-085\/","og_site_name":"MIR-MAR","article_publisher":"https:\/\/facebook.com\/mirmareshop","article_modified_time":"2021-04-21T13:43:11+00:00","og_image":[{"width":300,"height":225,"url":"https:\/\/i2.wp.com\/www.mirmar.sk\/wp-content\/uploads\/2021\/03\/2_1_15_1.jpg?fit=300%2C225&ssl=1","type":"image\/jpeg"}],"schema":{"@context":"https:\/\/schema.org","@graph":[{"@type":"WebPage","@id":"http:\/\/dafinoo.eu\/mirmar\/obchod\/brusky-na-ostrenie-pilovych-retazi-341-013-085\/","url":"http:\/\/dafinoo.eu\/mirmar\/obchod\/brusky-na-ostrenie-pilovych-retazi-341-013-085\/","name":"Dolmar Br\u00fasky na ostrenie p\u00edlov\u00fdch re\u0165az\u00ed 341 013 085 - MIR-MAR","isPartOf":{"@id":"http:\/\/dafinoo.eu\/mirmar\/#website"},"primaryImageOfPage":{"@id":"http:\/\/dafinoo.eu\/mirmar\/obchod\/brusky-na-ostrenie-pilovych-retazi-341-013-085\/#primaryimage"},"image":{"@id":"http:\/\/dafinoo.eu\/mirmar\/obchod\/brusky-na-ostrenie-pilovych-retazi-341-013-085\/#primaryimage"},"thumbnailUrl":"http:\/\/dafinoo.eu\/mirmar\/wp-content\/uploads\/2021\/03\/2_1_15_1.jpg","datePublished":"2021-03-15T16:26:42+00:00","dateModified":"2021-04-21T13:43:11+00:00","breadcrumb":{"@id":"http:\/\/dafinoo.eu\/mirmar\/obchod\/brusky-na-ostrenie-pilovych-retazi-341-013-085\/#breadcrumb"},"inLanguage":"sk-SK","potentialAction":[{"@type":"ReadAction","target":["http:\/\/dafinoo.eu\/mirmar\/obchod\/brusky-na-ostrenie-pilovych-retazi-341-013-085\/"]}]},{"@type":"ImageObject","inLanguage":"sk-SK","@id":"http:\/\/dafinoo.eu\/mirmar\/obchod\/brusky-na-ostrenie-pilovych-retazi-341-013-085\/#primaryimage","url":"http:\/\/dafinoo.eu\/mirmar\/wp-content\/uploads\/2021\/03\/2_1_15_1.jpg","contentUrl":"http:\/\/dafinoo.eu\/mirmar\/wp-content\/uploads\/2021\/03\/2_1_15_1.jpg","width":300,"height":225},{"@type":"BreadcrumbList","@id":"http:\/\/dafinoo.eu\/mirmar\/obchod\/brusky-na-ostrenie-pilovych-retazi-341-013-085\/#breadcrumb","itemListElement":[{"@type":"ListItem","position":1,"name":"Domovsk\u00e1 str\u00e1nka","item":"http:\/\/dafinoo.eu\/mirmar\/"},{"@type":"ListItem","position":2,"name":"Obchod","item":"http:\/\/dafinoo.eu\/mirmar\/obchod\/"},{"@type":"ListItem","position":3,"name":"Dolmar Br\u00fasky na ostrenie p\u00edlov\u00fdch re\u0165az\u00ed 341 013 085"}]},{"@type":"WebSite","@id":"http:\/\/dafinoo.eu\/mirmar\/#website","url":"http:\/\/dafinoo.eu\/mirmar\/","name":"MIR-MAR","description":"Eshop s n\u00e1rad\u00edm","publisher":{"@id":"http:\/\/dafinoo.eu\/mirmar\/#organization"},"potentialAction":[{"@type":"SearchAction","target":{"@type":"EntryPoint","urlTemplate":"http:\/\/dafinoo.eu\/mirmar\/?s={search_term_string}"},"query-input":{"@type":"PropertyValueSpecification","valueRequired":true,"valueName":"search_term_string"}}],"inLanguage":"sk-SK"},{"@type":"Organization","@id":"http:\/\/dafinoo.eu\/mirmar\/#organization","name":"MIR-MAR","url":"http:\/\/dafinoo.eu\/mirmar\/","logo":{"@type":"ImageObject","inLanguage":"sk-SK","@id":"http:\/\/dafinoo.eu\/mirmar\/#\/schema\/logo\/image\/","url":"http:\/\/dafinoo.eu\/mirmar\/wp-content\/uploads\/2021\/03\/mirmar_logo.png","contentUrl":"http:\/\/dafinoo.eu\/mirmar\/wp-content\/uploads\/2021\/03\/mirmar_logo.png","width":256,"height":60,"caption":"MIR-MAR"},"image":{"@id":"http:\/\/dafinoo.eu\/mirmar\/#\/schema\/logo\/image\/"},"sameAs":["https:\/\/facebook.com\/mirmareshop"]}]}},"_links":{"self":[{"href":"http:\/\/dafinoo.eu\/mirmar\/wp-json\/wp\/v2\/product\/37308","targetHints":{"allow":["GET"]}}],"collection":[{"href":"http:\/\/dafinoo.eu\/mirmar\/wp-json\/wp\/v2\/product"}],"about":[{"href":"http:\/\/dafinoo.eu\/mirmar\/wp-json\/wp\/v2\/types\/product"}],"replies":[{"embeddable":true,"href":"http:\/\/dafinoo.eu\/mirmar\/wp-json\/wp\/v2\/comments?post=37308"}],"wp:featuredmedia":[{"embeddable":true,"href":"http:\/\/dafinoo.eu\/mirmar\/wp-json\/wp\/v2\/media\/37309"}],"wp:attachment":[{"href":"http:\/\/dafinoo.eu\/mirmar\/wp-json\/wp\/v2\/media?parent=37308"}],"wp:term":[{"taxonomy":"product_cat","embeddable":true,"href":"http:\/\/dafinoo.eu\/mirmar\/wp-json\/wp\/v2\/product_cat?post=37308"},{"taxonomy":"product_tag","embeddable":true,"href":"http:\/\/dafinoo.eu\/mirmar\/wp-json\/wp\/v2\/product_tag?post=37308"}],"curies":[{"name":"wp","href":"https:\/\/api.w.org\/{rel}","templated":true}]}}