{"id":37552,"date":"2021-03-15T17:27:33","date_gmt":"2021-03-15T16:27:33","guid":{"rendered":"http:\/\/dafinoo.eu\/mirmar\/product\/zacie-noze-pre-krovinorezy-pre-modely-ms-340-u-ms-400-u-385-224-180\/"},"modified":"2021-04-21T15:39:37","modified_gmt":"2021-04-21T13:39:37","slug":"zacie-noze-pre-krovinorezy-pre-modely-ms-340-u-ms-400-u-385-224-180","status":"publish","type":"product","link":"http:\/\/dafinoo.eu\/mirmar\/obchod\/zacie-noze-pre-krovinorezy-pre-modely-ms-340-u-ms-400-u-385-224-180\/","title":{"rendered":"Dolmar \u017dacie no\u017ee &#8211; pre krovinorezy pre modely: MS-340 U, MS-400 U 385 224 180"},"content":{"rendered":"<p>pre modely: MS-340 U, MS-400 U<\/p>\n","protected":false},"excerpt":{"rendered":"<p>8 zubov\u00fd vy\u017e\u00ednac\u00ed n\u00f4\u017e 255&#215;20<\/p>\n","protected":false},"featured_media":37553,"comment_status":"closed","ping_status":"open","template":"","meta":{"_lmt_disableupdate":"","_lmt_disable":""},"product_cat":[3158,3207,3304,3317],"product_tag":[],"class_list":{"0":"post-37552","1":"product","2":"type-product","3":"status-publish","4":"has-post-thumbnail","6":"product_cat-dolmar","7":"product_cat-dolmar-prislusenstvo","8":"product_cat-krovinorezy-dolmar-prislusenstvo","9":"product_cat-zacie-noze","10":"ts_product_brand-dolmar","12":"first","13":"instock","14":"taxable","15":"shipping-taxable","16":"purchasable","17":"product-type-simple"},"yoast_head":"<!-- This site is optimized with the Yoast SEO plugin v27.3 - https:\/\/yoast.com\/product\/yoast-seo-wordpress\/ -->\n<title>Dolmar \u017dacie no\u017ee - pre krovinorezy pre modely: MS-340 U, MS-400 U 385 224 180 - MIR-MAR<\/title>\n<meta name=\"robots\" content=\"index, follow, max-snippet:-1, max-image-preview:large, max-video-preview:-1\" \/>\n<link rel=\"canonical\" href=\"http:\/\/dafinoo.eu\/mirmar\/obchod\/zacie-noze-pre-krovinorezy-pre-modely-ms-340-u-ms-400-u-385-224-180\/\" \/>\n<meta property=\"og:locale\" content=\"sk_SK\" \/>\n<meta property=\"og:type\" content=\"article\" \/>\n<meta property=\"og:title\" content=\"Dolmar \u017dacie no\u017ee - pre krovinorezy pre modely: MS-340 U, MS-400 U 385 224 180 - MIR-MAR\" \/>\n<meta property=\"og:description\" content=\"8 zubov\u00fd vy\u017e\u00ednac\u00ed n\u00f4\u017e 255x20\" \/>\n<meta property=\"og:url\" content=\"http:\/\/dafinoo.eu\/mirmar\/obchod\/zacie-noze-pre-krovinorezy-pre-modely-ms-340-u-ms-400-u-385-224-180\/\" \/>\n<meta property=\"og:site_name\" content=\"MIR-MAR\" \/>\n<meta property=\"article:publisher\" content=\"https:\/\/facebook.com\/mirmareshop\" \/>\n<meta property=\"article:modified_time\" content=\"2021-04-21T13:39:37+00:00\" \/>\n<meta property=\"og:image\" content=\"https:\/\/i1.wp.com\/www.mirmar.sk\/wp-content\/uploads\/2021\/03\/3_3_6_1.jpg?fit=300%2C225&ssl=1\" \/>\n\t<meta property=\"og:image:width\" content=\"300\" \/>\n\t<meta property=\"og:image:height\" content=\"225\" \/>\n\t<meta property=\"og:image:type\" content=\"image\/jpeg\" \/>\n<script type=\"application\/ld+json\" class=\"yoast-schema-graph\">{\"@context\":\"https:\\\/\\\/schema.org\",\"@graph\":[{\"@type\":\"WebPage\",\"@id\":\"http:\\\/\\\/dafinoo.eu\\\/mirmar\\\/obchod\\\/zacie-noze-pre-krovinorezy-pre-modely-ms-340-u-ms-400-u-385-224-180\\\/\",\"url\":\"http:\\\/\\\/dafinoo.eu\\\/mirmar\\\/obchod\\\/zacie-noze-pre-krovinorezy-pre-modely-ms-340-u-ms-400-u-385-224-180\\\/\",\"name\":\"Dolmar \u017dacie no\u017ee - pre krovinorezy pre modely: MS-340 U, MS-400 U 385 224 180 - MIR-MAR\",\"isPartOf\":{\"@id\":\"http:\\\/\\\/dafinoo.eu\\\/mirmar\\\/#website\"},\"primaryImageOfPage\":{\"@id\":\"http:\\\/\\\/dafinoo.eu\\\/mirmar\\\/obchod\\\/zacie-noze-pre-krovinorezy-pre-modely-ms-340-u-ms-400-u-385-224-180\\\/#primaryimage\"},\"image\":{\"@id\":\"http:\\\/\\\/dafinoo.eu\\\/mirmar\\\/obchod\\\/zacie-noze-pre-krovinorezy-pre-modely-ms-340-u-ms-400-u-385-224-180\\\/#primaryimage\"},\"thumbnailUrl\":\"http:\\\/\\\/dafinoo.eu\\\/mirmar\\\/wp-content\\\/uploads\\\/2021\\\/03\\\/3_3_6_1.jpg\",\"datePublished\":\"2021-03-15T16:27:33+00:00\",\"dateModified\":\"2021-04-21T13:39:37+00:00\",\"breadcrumb\":{\"@id\":\"http:\\\/\\\/dafinoo.eu\\\/mirmar\\\/obchod\\\/zacie-noze-pre-krovinorezy-pre-modely-ms-340-u-ms-400-u-385-224-180\\\/#breadcrumb\"},\"inLanguage\":\"sk-SK\",\"potentialAction\":[{\"@type\":\"ReadAction\",\"target\":[\"http:\\\/\\\/dafinoo.eu\\\/mirmar\\\/obchod\\\/zacie-noze-pre-krovinorezy-pre-modely-ms-340-u-ms-400-u-385-224-180\\\/\"]}]},{\"@type\":\"ImageObject\",\"inLanguage\":\"sk-SK\",\"@id\":\"http:\\\/\\\/dafinoo.eu\\\/mirmar\\\/obchod\\\/zacie-noze-pre-krovinorezy-pre-modely-ms-340-u-ms-400-u-385-224-180\\\/#primaryimage\",\"url\":\"http:\\\/\\\/dafinoo.eu\\\/mirmar\\\/wp-content\\\/uploads\\\/2021\\\/03\\\/3_3_6_1.jpg\",\"contentUrl\":\"http:\\\/\\\/dafinoo.eu\\\/mirmar\\\/wp-content\\\/uploads\\\/2021\\\/03\\\/3_3_6_1.jpg\",\"width\":300,\"height\":225},{\"@type\":\"BreadcrumbList\",\"@id\":\"http:\\\/\\\/dafinoo.eu\\\/mirmar\\\/obchod\\\/zacie-noze-pre-krovinorezy-pre-modely-ms-340-u-ms-400-u-385-224-180\\\/#breadcrumb\",\"itemListElement\":[{\"@type\":\"ListItem\",\"position\":1,\"name\":\"Domovsk\u00e1 str\u00e1nka\",\"item\":\"http:\\\/\\\/dafinoo.eu\\\/mirmar\\\/\"},{\"@type\":\"ListItem\",\"position\":2,\"name\":\"Obchod\",\"item\":\"http:\\\/\\\/dafinoo.eu\\\/mirmar\\\/obchod\\\/\"},{\"@type\":\"ListItem\",\"position\":3,\"name\":\"Dolmar \u017dacie no\u017ee &#8211; pre krovinorezy pre modely: MS-340 U, MS-400 U 385 224 180\"}]},{\"@type\":\"WebSite\",\"@id\":\"http:\\\/\\\/dafinoo.eu\\\/mirmar\\\/#website\",\"url\":\"http:\\\/\\\/dafinoo.eu\\\/mirmar\\\/\",\"name\":\"MIR-MAR\",\"description\":\"Eshop s n\u00e1rad\u00edm\",\"publisher\":{\"@id\":\"http:\\\/\\\/dafinoo.eu\\\/mirmar\\\/#organization\"},\"potentialAction\":[{\"@type\":\"SearchAction\",\"target\":{\"@type\":\"EntryPoint\",\"urlTemplate\":\"http:\\\/\\\/dafinoo.eu\\\/mirmar\\\/?s={search_term_string}\"},\"query-input\":{\"@type\":\"PropertyValueSpecification\",\"valueRequired\":true,\"valueName\":\"search_term_string\"}}],\"inLanguage\":\"sk-SK\"},{\"@type\":\"Organization\",\"@id\":\"http:\\\/\\\/dafinoo.eu\\\/mirmar\\\/#organization\",\"name\":\"MIR-MAR\",\"url\":\"http:\\\/\\\/dafinoo.eu\\\/mirmar\\\/\",\"logo\":{\"@type\":\"ImageObject\",\"inLanguage\":\"sk-SK\",\"@id\":\"http:\\\/\\\/dafinoo.eu\\\/mirmar\\\/#\\\/schema\\\/logo\\\/image\\\/\",\"url\":\"http:\\\/\\\/dafinoo.eu\\\/mirmar\\\/wp-content\\\/uploads\\\/2021\\\/03\\\/mirmar_logo.png\",\"contentUrl\":\"http:\\\/\\\/dafinoo.eu\\\/mirmar\\\/wp-content\\\/uploads\\\/2021\\\/03\\\/mirmar_logo.png\",\"width\":256,\"height\":60,\"caption\":\"MIR-MAR\"},\"image\":{\"@id\":\"http:\\\/\\\/dafinoo.eu\\\/mirmar\\\/#\\\/schema\\\/logo\\\/image\\\/\"},\"sameAs\":[\"https:\\\/\\\/facebook.com\\\/mirmareshop\"]}]}<\/script>\n<!-- \/ Yoast SEO plugin. -->","yoast_head_json":{"title":"Dolmar \u017dacie no\u017ee - pre krovinorezy pre modely: MS-340 U, MS-400 U 385 224 180 - MIR-MAR","robots":{"index":"index","follow":"follow","max-snippet":"max-snippet:-1","max-image-preview":"max-image-preview:large","max-video-preview":"max-video-preview:-1"},"canonical":"http:\/\/dafinoo.eu\/mirmar\/obchod\/zacie-noze-pre-krovinorezy-pre-modely-ms-340-u-ms-400-u-385-224-180\/","og_locale":"sk_SK","og_type":"article","og_title":"Dolmar \u017dacie no\u017ee - pre krovinorezy pre modely: MS-340 U, MS-400 U 385 224 180 - MIR-MAR","og_description":"8 zubov\u00fd vy\u017e\u00ednac\u00ed n\u00f4\u017e 255x20","og_url":"http:\/\/dafinoo.eu\/mirmar\/obchod\/zacie-noze-pre-krovinorezy-pre-modely-ms-340-u-ms-400-u-385-224-180\/","og_site_name":"MIR-MAR","article_publisher":"https:\/\/facebook.com\/mirmareshop","article_modified_time":"2021-04-21T13:39:37+00:00","og_image":[{"width":300,"height":225,"url":"https:\/\/i1.wp.com\/www.mirmar.sk\/wp-content\/uploads\/2021\/03\/3_3_6_1.jpg?fit=300%2C225&ssl=1","type":"image\/jpeg"}],"schema":{"@context":"https:\/\/schema.org","@graph":[{"@type":"WebPage","@id":"http:\/\/dafinoo.eu\/mirmar\/obchod\/zacie-noze-pre-krovinorezy-pre-modely-ms-340-u-ms-400-u-385-224-180\/","url":"http:\/\/dafinoo.eu\/mirmar\/obchod\/zacie-noze-pre-krovinorezy-pre-modely-ms-340-u-ms-400-u-385-224-180\/","name":"Dolmar \u017dacie no\u017ee - pre krovinorezy pre modely: MS-340 U, MS-400 U 385 224 180 - MIR-MAR","isPartOf":{"@id":"http:\/\/dafinoo.eu\/mirmar\/#website"},"primaryImageOfPage":{"@id":"http:\/\/dafinoo.eu\/mirmar\/obchod\/zacie-noze-pre-krovinorezy-pre-modely-ms-340-u-ms-400-u-385-224-180\/#primaryimage"},"image":{"@id":"http:\/\/dafinoo.eu\/mirmar\/obchod\/zacie-noze-pre-krovinorezy-pre-modely-ms-340-u-ms-400-u-385-224-180\/#primaryimage"},"thumbnailUrl":"http:\/\/dafinoo.eu\/mirmar\/wp-content\/uploads\/2021\/03\/3_3_6_1.jpg","datePublished":"2021-03-15T16:27:33+00:00","dateModified":"2021-04-21T13:39:37+00:00","breadcrumb":{"@id":"http:\/\/dafinoo.eu\/mirmar\/obchod\/zacie-noze-pre-krovinorezy-pre-modely-ms-340-u-ms-400-u-385-224-180\/#breadcrumb"},"inLanguage":"sk-SK","potentialAction":[{"@type":"ReadAction","target":["http:\/\/dafinoo.eu\/mirmar\/obchod\/zacie-noze-pre-krovinorezy-pre-modely-ms-340-u-ms-400-u-385-224-180\/"]}]},{"@type":"ImageObject","inLanguage":"sk-SK","@id":"http:\/\/dafinoo.eu\/mirmar\/obchod\/zacie-noze-pre-krovinorezy-pre-modely-ms-340-u-ms-400-u-385-224-180\/#primaryimage","url":"http:\/\/dafinoo.eu\/mirmar\/wp-content\/uploads\/2021\/03\/3_3_6_1.jpg","contentUrl":"http:\/\/dafinoo.eu\/mirmar\/wp-content\/uploads\/2021\/03\/3_3_6_1.jpg","width":300,"height":225},{"@type":"BreadcrumbList","@id":"http:\/\/dafinoo.eu\/mirmar\/obchod\/zacie-noze-pre-krovinorezy-pre-modely-ms-340-u-ms-400-u-385-224-180\/#breadcrumb","itemListElement":[{"@type":"ListItem","position":1,"name":"Domovsk\u00e1 str\u00e1nka","item":"http:\/\/dafinoo.eu\/mirmar\/"},{"@type":"ListItem","position":2,"name":"Obchod","item":"http:\/\/dafinoo.eu\/mirmar\/obchod\/"},{"@type":"ListItem","position":3,"name":"Dolmar \u017dacie no\u017ee &#8211; pre krovinorezy pre modely: MS-340 U, MS-400 U 385 224 180"}]},{"@type":"WebSite","@id":"http:\/\/dafinoo.eu\/mirmar\/#website","url":"http:\/\/dafinoo.eu\/mirmar\/","name":"MIR-MAR","description":"Eshop s n\u00e1rad\u00edm","publisher":{"@id":"http:\/\/dafinoo.eu\/mirmar\/#organization"},"potentialAction":[{"@type":"SearchAction","target":{"@type":"EntryPoint","urlTemplate":"http:\/\/dafinoo.eu\/mirmar\/?s={search_term_string}"},"query-input":{"@type":"PropertyValueSpecification","valueRequired":true,"valueName":"search_term_string"}}],"inLanguage":"sk-SK"},{"@type":"Organization","@id":"http:\/\/dafinoo.eu\/mirmar\/#organization","name":"MIR-MAR","url":"http:\/\/dafinoo.eu\/mirmar\/","logo":{"@type":"ImageObject","inLanguage":"sk-SK","@id":"http:\/\/dafinoo.eu\/mirmar\/#\/schema\/logo\/image\/","url":"http:\/\/dafinoo.eu\/mirmar\/wp-content\/uploads\/2021\/03\/mirmar_logo.png","contentUrl":"http:\/\/dafinoo.eu\/mirmar\/wp-content\/uploads\/2021\/03\/mirmar_logo.png","width":256,"height":60,"caption":"MIR-MAR"},"image":{"@id":"http:\/\/dafinoo.eu\/mirmar\/#\/schema\/logo\/image\/"},"sameAs":["https:\/\/facebook.com\/mirmareshop"]}]}},"_links":{"self":[{"href":"http:\/\/dafinoo.eu\/mirmar\/wp-json\/wp\/v2\/product\/37552","targetHints":{"allow":["GET"]}}],"collection":[{"href":"http:\/\/dafinoo.eu\/mirmar\/wp-json\/wp\/v2\/product"}],"about":[{"href":"http:\/\/dafinoo.eu\/mirmar\/wp-json\/wp\/v2\/types\/product"}],"replies":[{"embeddable":true,"href":"http:\/\/dafinoo.eu\/mirmar\/wp-json\/wp\/v2\/comments?post=37552"}],"wp:featuredmedia":[{"embeddable":true,"href":"http:\/\/dafinoo.eu\/mirmar\/wp-json\/wp\/v2\/media\/37553"}],"wp:attachment":[{"href":"http:\/\/dafinoo.eu\/mirmar\/wp-json\/wp\/v2\/media?parent=37552"}],"wp:term":[{"taxonomy":"product_cat","embeddable":true,"href":"http:\/\/dafinoo.eu\/mirmar\/wp-json\/wp\/v2\/product_cat?post=37552"},{"taxonomy":"product_tag","embeddable":true,"href":"http:\/\/dafinoo.eu\/mirmar\/wp-json\/wp\/v2\/product_tag?post=37552"}],"curies":[{"name":"wp","href":"https:\/\/api.w.org\/{rel}","templated":true}]}}