{"id":37858,"date":"2021-03-15T17:28:40","date_gmt":"2021-03-15T16:28:40","guid":{"rendered":"http:\/\/dafinoo.eu\/mirmar\/product\/zvaracka-buddy-tig-160\/"},"modified":"2022-04-14T11:32:52","modified_gmt":"2022-04-14T09:32:52","slug":"zvaracka-buddy-tig-160","status":"publish","type":"product","link":"http:\/\/dafinoo.eu\/mirmar\/obchod\/zvaracka-buddy-tig-160\/","title":{"rendered":"Esab zv\u00e1ra\u010dka BUDDY TIG 160"},"content":{"rendered":"<p>Sie\u0165ov\u00e9 nap\u00e4tie V\/f\u00e1z, Hz 230\/1, 50\/60<br \/>\nPoistka (pomal\u00e1), A 16<br \/>\nPovolen\u00e9 za\u0165a\u017eenie pri 40\u00baC, TIG<br \/>\n30% DZ, A\/V 160\/16,4<br \/>\n60% DZ, A\/V 100\/14<br \/>\n100% DZ, A\/V 90\/13,6<br \/>\nPovolen\u00e9 za\u0165a\u017eenie pri 40\u00baC, MMA<br \/>\n35% DZ, A\/V 160\/26,4<br \/>\n60% DZ, A\/V 100\/24,0<br \/>\n100% DZ, A\/V 80\/23,2<br \/>\nRozsah nastavenia MMA (DC) , A 5 &#8211; 160<br \/>\nNap\u00e4tie napr\u00e1zdno, V 58<br \/>\nRozmery d x \u0161 x v, mm 310x140x230<br \/>\nHmotnos\u0165, kg 6,0<br \/>\nKrytie IP 23S<br \/>\nTrieda izol\u00e1cie S<\/p>\n","protected":false},"excerpt":{"rendered":"<p>BuddyTM Tig 160 je robustn\u00fd a v\u00fdkonn\u00fd zv\u00e1rac\u00ed<br \/>\nstroj s vyu\u017eit\u00edm IGBT technol\u00f3gie, ktor\u00e1<br \/>\nzabezpe\u010duje stabiln\u00fd zv\u00e1rac\u00ed proces.<br \/>\nStroj na dlhodob\u00fa spolupr\u00e1cu<br \/>\nBuddy\u2122 Tig 160 je jednoduch\u00fd, robustn\u00fd a \u013eahk\u00fd<br \/>\nzv\u00e1rac\u00ed stroj ur\u010den\u00fd na TIG s HF zap\u00e1len\u00edm<br \/>\nobl\u00faka a MMA.<br \/>\nVn\u00fatorn\u00e9 elektronick\u00e9 obvody s\u00fa chladen\u00e9<br \/>\nv\u00fdkonn\u00fdm ventil\u00e1torom a monitorovan\u00e9<br \/>\nteplotn\u00fdmi sn\u00edma\u010dmi proti prehriatiu.<br \/>\nVonkaj\u0161\u00ed obal je vyroben\u00fd z odoln\u00fdch materi\u00e1lov<br \/>\ns komfortnou rukov\u00e4\u0165ou a ramenn\u00fdm popruhom<br \/>\npre \u013eahk\u00fa manipul\u00e1ciu. Sp\u013a\u0148a krytie IP 23S.<br \/>\nTIG zv\u00e1ranie<br \/>\nBuddy\u2122 Tig 160 zabezpe\u010duje vynikaj\u00face<br \/>\nzv\u00e1racie parametre s v\u00fdbornou charakteristikou<br \/>\nzdroja. HF \u0161tart minimalizuje kontamin\u00e1ciu<br \/>\nzv\u00e1ran\u00e9ho materi\u00e1lu a TIG elektr\u00f3dy.<br \/>\nZabudovan\u00fd elektromagnetick\u00fd ventil<br \/>\nzabezpe\u010duje kon\u0161tantn\u00fd prietok ochrann\u00e9ho<br \/>\nplynu.<br \/>\nU\u017e\u00edvate\u013e si m\u00f4\u017ee zvoli\u0165 medzi 2 alebo 4 taktn\u00fdm<br \/>\novl\u00e1dan\u00edm hor\u00e1ka.<br \/>\nMMA zv\u00e1ranie<br \/>\nBuddy\u2122 Arc 160 zabezpe\u010duje hladk\u00fd priebeh<br \/>\njednosmern\u00e9ho pr\u00fadu, ktor\u00fd umo\u017e\u0148uje zv\u00e1ra\u0165<br \/>\nv\u00e4\u010d\u0161inu kovov\u00fdch materi\u00e1lov ako s\u00fa nelegovan\u00e9<br \/>\na legovan\u00e9 ocele a liatina. Funkcie Arc Force<br \/>\na Hot Start s\u00fa nastaven\u00e9 automaticky v z\u00e1vislosti<br \/>\nod zv\u00e1racieho pr\u00fadu. Tieto funkcie zabezpe\u010duj\u00fa<br \/>\nexcelentn\u00e9 zap\u00e1lenie obl\u00faka a vysok\u00fa stabilitu<br \/>\nzv\u00e1racieho procesu.<br \/>\nUmo\u017e\u0148uje pou\u017eitie elektr\u00f3d priemeru 1,6 mm a\u017e<br \/>\n3,2 mm.<br \/>\nOvl\u00e1dac\u00ed panel<br \/>\nOvl\u00e1dac\u00ed panel Buddy\u2122 Tig 160 je ve\u013emi<br \/>\njednoduch\u00fd a preh\u013eadn\u00fd s jedn\u00fdm ovl\u00e1dac\u00edm<br \/>\nprvkom na nastavenie pr\u00fadu, ovl\u00e1dac\u00edm prvkom<br \/>\nna nastavenie svahovania pr\u00fadu a vybaven\u00fd<br \/>\nkontrolkou zapnutia\/vypnutia, prehriatia,<br \/>\nprep\u00edna\u010dom met\u00f3dy zv\u00e1rania a sp\u00f4sobu<br \/>\nzapa\u013eovania.<br \/>\nPou\u017eitie<br \/>\nV\u00fdroba a opravy<br \/>\nStavby a kon\u0161trukcie<br \/>\nV\u0161eobecn\u00e1 v\u00fdroba<br \/>\nPo\u013enohospod\u00e1rstvo<br \/>\nVynikaj\u00faca charakteristika obl\u00faka \u2013<br \/>\nstabiln\u00e9 parametre<br \/>\n\uf0b7 Zdroj vhodn\u00fd na pou\u017eitie s gener\u00e1tormi<br \/>\n\uf0b7 Jednoduch\u00e1 obsluha \u2013 jednoduch\u00e9<br \/>\nnastavenie pr\u00fadu<br \/>\n\uf0b7 Praktick\u00e1 a robustn\u00e1 kon\u0161trukcia \u2013<br \/>\numo\u017e\u0148uje \u013eahk\u00fd transport a pou\u017eitie<br \/>\nv n\u00e1ro\u010dn\u00fdch podmienkach<br \/>\n\uf0b7 Pou\u017eitie dlh\u00fdch nap\u00e1jac\u00edch k\u00e1blov<\/p>\n","protected":false},"featured_media":37859,"comment_status":"closed","ping_status":"closed","template":"","meta":{"_lmt_disableupdate":"","_lmt_disable":""},"product_cat":[3268,3269],"product_tag":[],"class_list":{"0":"post-37858","1":"product","2":"type-product","3":"status-publish","4":"has-post-thumbnail","6":"product_cat-esab","7":"product_cat-esab-zvaracky","8":"ts_product_brand-esab","10":"first","11":"instock","12":"sale","13":"taxable","14":"shipping-taxable","15":"purchasable","16":"product-type-simple"},"yoast_head":"<!-- This site is optimized with the Yoast SEO plugin v27.3 - https:\/\/yoast.com\/product\/yoast-seo-wordpress\/ -->\n<title>Esab zv\u00e1ra\u010dka BUDDY TIG 160 - MIR-MAR<\/title>\n<meta name=\"robots\" content=\"index, follow, max-snippet:-1, max-image-preview:large, max-video-preview:-1\" \/>\n<link rel=\"canonical\" href=\"http:\/\/dafinoo.eu\/mirmar\/obchod\/zvaracka-buddy-tig-160\/\" \/>\n<meta property=\"og:locale\" content=\"sk_SK\" \/>\n<meta property=\"og:type\" content=\"article\" \/>\n<meta property=\"og:title\" content=\"Esab zv\u00e1ra\u010dka BUDDY TIG 160 - MIR-MAR\" \/>\n<meta property=\"og:description\" content=\"BuddyTM Tig 160 je robustn\u00fd a v\u00fdkonn\u00fd zv\u00e1rac\u00ed stroj s vyu\u017eit\u00edm IGBT technol\u00f3gie, ktor\u00e1 zabezpe\u010duje stabiln\u00fd zv\u00e1rac\u00ed proces. Stroj na dlhodob\u00fa spolupr\u00e1cu Buddy\u2122 Tig 160 je jednoduch\u00fd, robustn\u00fd a \u013eahk\u00fd zv\u00e1rac\u00ed stroj ur\u010den\u00fd na TIG s HF zap\u00e1len\u00edm obl\u00faka a MMA. Vn\u00fatorn\u00e9 elektronick\u00e9 obvody s\u00fa chladen\u00e9 v\u00fdkonn\u00fdm ventil\u00e1torom a monitorovan\u00e9 teplotn\u00fdmi sn\u00edma\u010dmi proti prehriatiu. Vonkaj\u0161\u00ed obal je vyroben\u00fd z odoln\u00fdch materi\u00e1lov s komfortnou rukov\u00e4\u0165ou a ramenn\u00fdm popruhom pre \u013eahk\u00fa manipul\u00e1ciu. Sp\u013a\u0148a krytie IP 23S. TIG zv\u00e1ranie Buddy\u2122 Tig 160 zabezpe\u010duje vynikaj\u00face zv\u00e1racie parametre s v\u00fdbornou charakteristikou zdroja. HF \u0161tart minimalizuje kontamin\u00e1ciu zv\u00e1ran\u00e9ho materi\u00e1lu a TIG elektr\u00f3dy. Zabudovan\u00fd elektromagnetick\u00fd ventil zabezpe\u010duje kon\u0161tantn\u00fd prietok ochrann\u00e9ho plynu. U\u017e\u00edvate\u013e si m\u00f4\u017ee zvoli\u0165 medzi 2 alebo 4 taktn\u00fdm ovl\u00e1dan\u00edm hor\u00e1ka. MMA zv\u00e1ranie Buddy\u2122 Arc 160 zabezpe\u010duje hladk\u00fd priebeh jednosmern\u00e9ho pr\u00fadu, ktor\u00fd umo\u017e\u0148uje zv\u00e1ra\u0165 v\u00e4\u010d\u0161inu kovov\u00fdch materi\u00e1lov ako s\u00fa nelegovan\u00e9 a legovan\u00e9 ocele a liatina. Funkcie Arc Force a Hot Start s\u00fa nastaven\u00e9 automaticky v z\u00e1vislosti od zv\u00e1racieho pr\u00fadu. Tieto funkcie zabezpe\u010duj\u00fa excelentn\u00e9 zap\u00e1lenie obl\u00faka a vysok\u00fa stabilitu zv\u00e1racieho procesu. Umo\u017e\u0148uje pou\u017eitie elektr\u00f3d priemeru 1,6 mm a\u017e 3,2 mm. Ovl\u00e1dac\u00ed panel Ovl\u00e1dac\u00ed panel Buddy\u2122 Tig 160 je ve\u013emi jednoduch\u00fd a preh\u013eadn\u00fd s jedn\u00fdm ovl\u00e1dac\u00edm prvkom na nastavenie pr\u00fadu, ovl\u00e1dac\u00edm prvkom na nastavenie svahovania pr\u00fadu a vybaven\u00fd kontrolkou zapnutia\/vypnutia, prehriatia, prep\u00edna\u010dom met\u00f3dy zv\u00e1rania a sp\u00f4sobu zapa\u013eovania. Pou\u017eitie V\u00fdroba a opravy Stavby a kon\u0161trukcie V\u0161eobecn\u00e1 v\u00fdroba Po\u013enohospod\u00e1rstvo Vynikaj\u00faca charakteristika obl\u00faka \u2013 stabiln\u00e9 parametre \uf0b7 Zdroj vhodn\u00fd na pou\u017eitie s gener\u00e1tormi \uf0b7 Jednoduch\u00e1 obsluha \u2013 jednoduch\u00e9 nastavenie pr\u00fadu \uf0b7 Praktick\u00e1 a robustn\u00e1 kon\u0161trukcia \u2013 umo\u017e\u0148uje \u013eahk\u00fd transport a pou\u017eitie v n\u00e1ro\u010dn\u00fdch podmienkach \uf0b7 Pou\u017eitie dlh\u00fdch nap\u00e1jac\u00edch k\u00e1blov\" \/>\n<meta property=\"og:url\" content=\"http:\/\/dafinoo.eu\/mirmar\/obchod\/zvaracka-buddy-tig-160\/\" \/>\n<meta property=\"og:site_name\" content=\"MIR-MAR\" \/>\n<meta property=\"article:publisher\" content=\"https:\/\/facebook.com\/mirmareshop\" \/>\n<meta property=\"article:modified_time\" content=\"2022-04-14T09:32:52+00:00\" \/>\n<meta property=\"og:image\" content=\"http:\/\/dafinoo.eu\/mirmar\/wp-content\/uploads\/2021\/03\/160_1.jpeg\" \/>\n\t<meta property=\"og:image:width\" content=\"277\" \/>\n\t<meta property=\"og:image:height\" content=\"182\" \/>\n\t<meta property=\"og:image:type\" content=\"image\/jpeg\" \/>\n<script type=\"application\/ld+json\" class=\"yoast-schema-graph\">{\"@context\":\"https:\\\/\\\/schema.org\",\"@graph\":[{\"@type\":\"WebPage\",\"@id\":\"http:\\\/\\\/dafinoo.eu\\\/mirmar\\\/obchod\\\/zvaracka-buddy-tig-160\\\/\",\"url\":\"http:\\\/\\\/dafinoo.eu\\\/mirmar\\\/obchod\\\/zvaracka-buddy-tig-160\\\/\",\"name\":\"Esab zv\u00e1ra\u010dka BUDDY TIG 160 - MIR-MAR\",\"isPartOf\":{\"@id\":\"http:\\\/\\\/dafinoo.eu\\\/mirmar\\\/#website\"},\"primaryImageOfPage\":{\"@id\":\"http:\\\/\\\/dafinoo.eu\\\/mirmar\\\/obchod\\\/zvaracka-buddy-tig-160\\\/#primaryimage\"},\"image\":{\"@id\":\"http:\\\/\\\/dafinoo.eu\\\/mirmar\\\/obchod\\\/zvaracka-buddy-tig-160\\\/#primaryimage\"},\"thumbnailUrl\":\"http:\\\/\\\/dafinoo.eu\\\/mirmar\\\/wp-content\\\/uploads\\\/2021\\\/03\\\/160_1.jpeg\",\"datePublished\":\"2021-03-15T16:28:40+00:00\",\"dateModified\":\"2022-04-14T09:32:52+00:00\",\"breadcrumb\":{\"@id\":\"http:\\\/\\\/dafinoo.eu\\\/mirmar\\\/obchod\\\/zvaracka-buddy-tig-160\\\/#breadcrumb\"},\"inLanguage\":\"sk-SK\",\"potentialAction\":[{\"@type\":\"ReadAction\",\"target\":[\"http:\\\/\\\/dafinoo.eu\\\/mirmar\\\/obchod\\\/zvaracka-buddy-tig-160\\\/\"]}]},{\"@type\":\"ImageObject\",\"inLanguage\":\"sk-SK\",\"@id\":\"http:\\\/\\\/dafinoo.eu\\\/mirmar\\\/obchod\\\/zvaracka-buddy-tig-160\\\/#primaryimage\",\"url\":\"http:\\\/\\\/dafinoo.eu\\\/mirmar\\\/wp-content\\\/uploads\\\/2021\\\/03\\\/160_1.jpeg\",\"contentUrl\":\"http:\\\/\\\/dafinoo.eu\\\/mirmar\\\/wp-content\\\/uploads\\\/2021\\\/03\\\/160_1.jpeg\",\"width\":277,\"height\":182},{\"@type\":\"BreadcrumbList\",\"@id\":\"http:\\\/\\\/dafinoo.eu\\\/mirmar\\\/obchod\\\/zvaracka-buddy-tig-160\\\/#breadcrumb\",\"itemListElement\":[{\"@type\":\"ListItem\",\"position\":1,\"name\":\"Domovsk\u00e1 str\u00e1nka\",\"item\":\"http:\\\/\\\/dafinoo.eu\\\/mirmar\\\/\"},{\"@type\":\"ListItem\",\"position\":2,\"name\":\"Obchod\",\"item\":\"http:\\\/\\\/dafinoo.eu\\\/mirmar\\\/obchod\\\/\"},{\"@type\":\"ListItem\",\"position\":3,\"name\":\"Esab zv\u00e1ra\u010dka BUDDY TIG 160\"}]},{\"@type\":\"WebSite\",\"@id\":\"http:\\\/\\\/dafinoo.eu\\\/mirmar\\\/#website\",\"url\":\"http:\\\/\\\/dafinoo.eu\\\/mirmar\\\/\",\"name\":\"MIR-MAR\",\"description\":\"Eshop s n\u00e1rad\u00edm\",\"publisher\":{\"@id\":\"http:\\\/\\\/dafinoo.eu\\\/mirmar\\\/#organization\"},\"potentialAction\":[{\"@type\":\"SearchAction\",\"target\":{\"@type\":\"EntryPoint\",\"urlTemplate\":\"http:\\\/\\\/dafinoo.eu\\\/mirmar\\\/?s={search_term_string}\"},\"query-input\":{\"@type\":\"PropertyValueSpecification\",\"valueRequired\":true,\"valueName\":\"search_term_string\"}}],\"inLanguage\":\"sk-SK\"},{\"@type\":\"Organization\",\"@id\":\"http:\\\/\\\/dafinoo.eu\\\/mirmar\\\/#organization\",\"name\":\"MIR-MAR\",\"url\":\"http:\\\/\\\/dafinoo.eu\\\/mirmar\\\/\",\"logo\":{\"@type\":\"ImageObject\",\"inLanguage\":\"sk-SK\",\"@id\":\"http:\\\/\\\/dafinoo.eu\\\/mirmar\\\/#\\\/schema\\\/logo\\\/image\\\/\",\"url\":\"http:\\\/\\\/dafinoo.eu\\\/mirmar\\\/wp-content\\\/uploads\\\/2021\\\/03\\\/mirmar_logo.png\",\"contentUrl\":\"http:\\\/\\\/dafinoo.eu\\\/mirmar\\\/wp-content\\\/uploads\\\/2021\\\/03\\\/mirmar_logo.png\",\"width\":256,\"height\":60,\"caption\":\"MIR-MAR\"},\"image\":{\"@id\":\"http:\\\/\\\/dafinoo.eu\\\/mirmar\\\/#\\\/schema\\\/logo\\\/image\\\/\"},\"sameAs\":[\"https:\\\/\\\/facebook.com\\\/mirmareshop\"]}]}<\/script>\n<!-- \/ Yoast SEO plugin. -->","yoast_head_json":{"title":"Esab zv\u00e1ra\u010dka BUDDY TIG 160 - MIR-MAR","robots":{"index":"index","follow":"follow","max-snippet":"max-snippet:-1","max-image-preview":"max-image-preview:large","max-video-preview":"max-video-preview:-1"},"canonical":"http:\/\/dafinoo.eu\/mirmar\/obchod\/zvaracka-buddy-tig-160\/","og_locale":"sk_SK","og_type":"article","og_title":"Esab zv\u00e1ra\u010dka BUDDY TIG 160 - MIR-MAR","og_description":"BuddyTM Tig 160 je robustn\u00fd a v\u00fdkonn\u00fd zv\u00e1rac\u00ed stroj s vyu\u017eit\u00edm IGBT technol\u00f3gie, ktor\u00e1 zabezpe\u010duje stabiln\u00fd zv\u00e1rac\u00ed proces. Stroj na dlhodob\u00fa spolupr\u00e1cu Buddy\u2122 Tig 160 je jednoduch\u00fd, robustn\u00fd a \u013eahk\u00fd zv\u00e1rac\u00ed stroj ur\u010den\u00fd na TIG s HF zap\u00e1len\u00edm obl\u00faka a MMA. Vn\u00fatorn\u00e9 elektronick\u00e9 obvody s\u00fa chladen\u00e9 v\u00fdkonn\u00fdm ventil\u00e1torom a monitorovan\u00e9 teplotn\u00fdmi sn\u00edma\u010dmi proti prehriatiu. Vonkaj\u0161\u00ed obal je vyroben\u00fd z odoln\u00fdch materi\u00e1lov s komfortnou rukov\u00e4\u0165ou a ramenn\u00fdm popruhom pre \u013eahk\u00fa manipul\u00e1ciu. Sp\u013a\u0148a krytie IP 23S. TIG zv\u00e1ranie Buddy\u2122 Tig 160 zabezpe\u010duje vynikaj\u00face zv\u00e1racie parametre s v\u00fdbornou charakteristikou zdroja. HF \u0161tart minimalizuje kontamin\u00e1ciu zv\u00e1ran\u00e9ho materi\u00e1lu a TIG elektr\u00f3dy. Zabudovan\u00fd elektromagnetick\u00fd ventil zabezpe\u010duje kon\u0161tantn\u00fd prietok ochrann\u00e9ho plynu. U\u017e\u00edvate\u013e si m\u00f4\u017ee zvoli\u0165 medzi 2 alebo 4 taktn\u00fdm ovl\u00e1dan\u00edm hor\u00e1ka. MMA zv\u00e1ranie Buddy\u2122 Arc 160 zabezpe\u010duje hladk\u00fd priebeh jednosmern\u00e9ho pr\u00fadu, ktor\u00fd umo\u017e\u0148uje zv\u00e1ra\u0165 v\u00e4\u010d\u0161inu kovov\u00fdch materi\u00e1lov ako s\u00fa nelegovan\u00e9 a legovan\u00e9 ocele a liatina. Funkcie Arc Force a Hot Start s\u00fa nastaven\u00e9 automaticky v z\u00e1vislosti od zv\u00e1racieho pr\u00fadu. Tieto funkcie zabezpe\u010duj\u00fa excelentn\u00e9 zap\u00e1lenie obl\u00faka a vysok\u00fa stabilitu zv\u00e1racieho procesu. Umo\u017e\u0148uje pou\u017eitie elektr\u00f3d priemeru 1,6 mm a\u017e 3,2 mm. Ovl\u00e1dac\u00ed panel Ovl\u00e1dac\u00ed panel Buddy\u2122 Tig 160 je ve\u013emi jednoduch\u00fd a preh\u013eadn\u00fd s jedn\u00fdm ovl\u00e1dac\u00edm prvkom na nastavenie pr\u00fadu, ovl\u00e1dac\u00edm prvkom na nastavenie svahovania pr\u00fadu a vybaven\u00fd kontrolkou zapnutia\/vypnutia, prehriatia, prep\u00edna\u010dom met\u00f3dy zv\u00e1rania a sp\u00f4sobu zapa\u013eovania. Pou\u017eitie V\u00fdroba a opravy Stavby a kon\u0161trukcie V\u0161eobecn\u00e1 v\u00fdroba Po\u013enohospod\u00e1rstvo Vynikaj\u00faca charakteristika obl\u00faka \u2013 stabiln\u00e9 parametre \uf0b7 Zdroj vhodn\u00fd na pou\u017eitie s gener\u00e1tormi \uf0b7 Jednoduch\u00e1 obsluha \u2013 jednoduch\u00e9 nastavenie pr\u00fadu \uf0b7 Praktick\u00e1 a robustn\u00e1 kon\u0161trukcia \u2013 umo\u017e\u0148uje \u013eahk\u00fd transport a pou\u017eitie v n\u00e1ro\u010dn\u00fdch podmienkach \uf0b7 Pou\u017eitie dlh\u00fdch nap\u00e1jac\u00edch k\u00e1blov","og_url":"http:\/\/dafinoo.eu\/mirmar\/obchod\/zvaracka-buddy-tig-160\/","og_site_name":"MIR-MAR","article_publisher":"https:\/\/facebook.com\/mirmareshop","article_modified_time":"2022-04-14T09:32:52+00:00","og_image":[{"width":277,"height":182,"url":"http:\/\/dafinoo.eu\/mirmar\/wp-content\/uploads\/2021\/03\/160_1.jpeg","type":"image\/jpeg"}],"schema":{"@context":"https:\/\/schema.org","@graph":[{"@type":"WebPage","@id":"http:\/\/dafinoo.eu\/mirmar\/obchod\/zvaracka-buddy-tig-160\/","url":"http:\/\/dafinoo.eu\/mirmar\/obchod\/zvaracka-buddy-tig-160\/","name":"Esab zv\u00e1ra\u010dka BUDDY TIG 160 - MIR-MAR","isPartOf":{"@id":"http:\/\/dafinoo.eu\/mirmar\/#website"},"primaryImageOfPage":{"@id":"http:\/\/dafinoo.eu\/mirmar\/obchod\/zvaracka-buddy-tig-160\/#primaryimage"},"image":{"@id":"http:\/\/dafinoo.eu\/mirmar\/obchod\/zvaracka-buddy-tig-160\/#primaryimage"},"thumbnailUrl":"http:\/\/dafinoo.eu\/mirmar\/wp-content\/uploads\/2021\/03\/160_1.jpeg","datePublished":"2021-03-15T16:28:40+00:00","dateModified":"2022-04-14T09:32:52+00:00","breadcrumb":{"@id":"http:\/\/dafinoo.eu\/mirmar\/obchod\/zvaracka-buddy-tig-160\/#breadcrumb"},"inLanguage":"sk-SK","potentialAction":[{"@type":"ReadAction","target":["http:\/\/dafinoo.eu\/mirmar\/obchod\/zvaracka-buddy-tig-160\/"]}]},{"@type":"ImageObject","inLanguage":"sk-SK","@id":"http:\/\/dafinoo.eu\/mirmar\/obchod\/zvaracka-buddy-tig-160\/#primaryimage","url":"http:\/\/dafinoo.eu\/mirmar\/wp-content\/uploads\/2021\/03\/160_1.jpeg","contentUrl":"http:\/\/dafinoo.eu\/mirmar\/wp-content\/uploads\/2021\/03\/160_1.jpeg","width":277,"height":182},{"@type":"BreadcrumbList","@id":"http:\/\/dafinoo.eu\/mirmar\/obchod\/zvaracka-buddy-tig-160\/#breadcrumb","itemListElement":[{"@type":"ListItem","position":1,"name":"Domovsk\u00e1 str\u00e1nka","item":"http:\/\/dafinoo.eu\/mirmar\/"},{"@type":"ListItem","position":2,"name":"Obchod","item":"http:\/\/dafinoo.eu\/mirmar\/obchod\/"},{"@type":"ListItem","position":3,"name":"Esab zv\u00e1ra\u010dka BUDDY TIG 160"}]},{"@type":"WebSite","@id":"http:\/\/dafinoo.eu\/mirmar\/#website","url":"http:\/\/dafinoo.eu\/mirmar\/","name":"MIR-MAR","description":"Eshop s n\u00e1rad\u00edm","publisher":{"@id":"http:\/\/dafinoo.eu\/mirmar\/#organization"},"potentialAction":[{"@type":"SearchAction","target":{"@type":"EntryPoint","urlTemplate":"http:\/\/dafinoo.eu\/mirmar\/?s={search_term_string}"},"query-input":{"@type":"PropertyValueSpecification","valueRequired":true,"valueName":"search_term_string"}}],"inLanguage":"sk-SK"},{"@type":"Organization","@id":"http:\/\/dafinoo.eu\/mirmar\/#organization","name":"MIR-MAR","url":"http:\/\/dafinoo.eu\/mirmar\/","logo":{"@type":"ImageObject","inLanguage":"sk-SK","@id":"http:\/\/dafinoo.eu\/mirmar\/#\/schema\/logo\/image\/","url":"http:\/\/dafinoo.eu\/mirmar\/wp-content\/uploads\/2021\/03\/mirmar_logo.png","contentUrl":"http:\/\/dafinoo.eu\/mirmar\/wp-content\/uploads\/2021\/03\/mirmar_logo.png","width":256,"height":60,"caption":"MIR-MAR"},"image":{"@id":"http:\/\/dafinoo.eu\/mirmar\/#\/schema\/logo\/image\/"},"sameAs":["https:\/\/facebook.com\/mirmareshop"]}]}},"_links":{"self":[{"href":"http:\/\/dafinoo.eu\/mirmar\/wp-json\/wp\/v2\/product\/37858","targetHints":{"allow":["GET"]}}],"collection":[{"href":"http:\/\/dafinoo.eu\/mirmar\/wp-json\/wp\/v2\/product"}],"about":[{"href":"http:\/\/dafinoo.eu\/mirmar\/wp-json\/wp\/v2\/types\/product"}],"replies":[{"embeddable":true,"href":"http:\/\/dafinoo.eu\/mirmar\/wp-json\/wp\/v2\/comments?post=37858"}],"wp:featuredmedia":[{"embeddable":true,"href":"http:\/\/dafinoo.eu\/mirmar\/wp-json\/wp\/v2\/media\/37859"}],"wp:attachment":[{"href":"http:\/\/dafinoo.eu\/mirmar\/wp-json\/wp\/v2\/media?parent=37858"}],"wp:term":[{"taxonomy":"product_cat","embeddable":true,"href":"http:\/\/dafinoo.eu\/mirmar\/wp-json\/wp\/v2\/product_cat?post=37858"},{"taxonomy":"product_tag","embeddable":true,"href":"http:\/\/dafinoo.eu\/mirmar\/wp-json\/wp\/v2\/product_tag?post=37858"}],"curies":[{"name":"wp","href":"https:\/\/api.w.org\/{rel}","templated":true}]}}