{"id":38432,"date":"2021-03-15T17:30:39","date_gmt":"2021-03-15T16:30:39","guid":{"rendered":"http:\/\/dafinoo.eu\/mirmar\/product\/priklepovy-vrtak-sds-plus-nemesis-16-210-150-b-133-78\/"},"modified":"2021-04-21T14:49:45","modified_gmt":"2021-04-21T12:49:45","slug":"priklepovy-vrtak-sds-plus-nemesis-16-210-150-b-133-78","status":"publish","type":"product","link":"http:\/\/dafinoo.eu\/mirmar\/obchod\/priklepovy-vrtak-sds-plus-nemesis-16-210-150-b-133-78\/","title":{"rendered":"Makita Pr\u00edklepov\u00fd vrt\u00e1k SDS &#8211; Plus NEMESIS 16\/210\/150 B- 133 78"},"content":{"rendered":"<p>Jednodielny karbidov\u00fd \u0161tvorbrit\u00fd hrot je zasaden\u00fd do tela vrt\u00e1ka, \u010do zabezpe\u010duje trval\u00e9, vysokokvalitn\u00e9 spojenie.<\/p>\n<p>Hrot s \u013eahk\u00fdm centrovan\u00edm je dokonal\u00fd na presn\u00e9 v\u0155tanie, zabra\u0148uje posunu na za\u010diatku v\u0155tania a odstra\u0148uje nutnos\u0165 predv\u0155tania. Vrt\u00e1k pracuje s minimom vibr\u00e1ci\u00ed a vylu\u010duje mo\u017enos\u0165 zaseknutia sa pri v\u0155tan\u00ed do \u017eelezobet\u00f3nu. V\u010faka \u0161tvordr\u00e1\u017ekovej \u0161pir\u00e1le, je v\u0155tacia z\u00e1\u0165a\u017e rozlo\u017een\u00e1 po celej d\u013a\u017eke vrt\u00e1ku a zabezpe\u010duje dokonal\u00fd odvod prachu z v\u0155tan\u00e9ho miesta. <\/p>\n<p>V\u00fdhodou \u0161tvorbrit\u00fdch vrt\u00e1kov je presn\u00e9 a r\u00fdchle v\u0155tanie, pomal\u0161ie opotrebenie, optim\u00e1lne v\u0155tanie cez armat\u00faru (\u017eelezobet\u00f3n) a v neposlednom rade odvod prachu v\u010faka \u0161tyrom kan\u00e1likom na samotnom vrt\u00e1ku.<\/p>\n<p>&#8211; \u0161tvorbrit\u00fd vrt\u00e1k SDS PLUS<br \/>\n&#8211; odolnej\u0161\u00ed proti opotrebovaniu<br \/>\n&#8211; r\u00fdchle a presn\u00e9 v\u0155tanie<br \/>\n&#8211; optim\u00e1lne v\u0155tanie cez \u017eelezobet\u00f3n<br \/>\n&#8211; \u0161tyri kan\u00e1liky na odvod prachu<\/p>\n","protected":false},"excerpt":{"rendered":"<p>Priemer \t16 mm<br \/>\nPracovn\u00e1 d\u013a\u017eka \t150 mm<br \/>\nCelkov\u00e1 d\u013a\u017eka \t210 mm<\/p>\n","protected":false},"featured_media":38433,"comment_status":"closed","ping_status":"open","template":"","meta":{"_lmt_disableupdate":"","_lmt_disable":""},"product_cat":[3051,3369],"product_tag":[],"class_list":{"0":"post-38432","1":"product","2":"type-product","3":"status-publish","4":"has-post-thumbnail","6":"product_cat-makita","7":"product_cat-makita-prislusenstvo","8":"ts_product_brand-makita","10":"first","11":"instock","12":"taxable","13":"shipping-taxable","14":"purchasable","15":"product-type-simple"},"yoast_head":"<!-- This site is optimized with the Yoast SEO plugin v27.3 - https:\/\/yoast.com\/product\/yoast-seo-wordpress\/ -->\n<title>Makita Pr\u00edklepov\u00fd vrt\u00e1k SDS - Plus NEMESIS 16\/210\/150 B- 133 78 - MIR-MAR<\/title>\n<meta name=\"robots\" content=\"index, follow, max-snippet:-1, max-image-preview:large, max-video-preview:-1\" \/>\n<link rel=\"canonical\" href=\"http:\/\/dafinoo.eu\/mirmar\/obchod\/priklepovy-vrtak-sds-plus-nemesis-16-210-150-b-133-78\/\" \/>\n<meta property=\"og:locale\" content=\"sk_SK\" \/>\n<meta property=\"og:type\" content=\"article\" \/>\n<meta property=\"og:title\" content=\"Makita Pr\u00edklepov\u00fd vrt\u00e1k SDS - Plus NEMESIS 16\/210\/150 B- 133 78 - MIR-MAR\" \/>\n<meta property=\"og:description\" content=\"Priemer 16 mm Pracovn\u00e1 d\u013a\u017eka 150 mm Celkov\u00e1 d\u013a\u017eka 210 mm\" \/>\n<meta property=\"og:url\" content=\"http:\/\/dafinoo.eu\/mirmar\/obchod\/priklepovy-vrtak-sds-plus-nemesis-16-210-150-b-133-78\/\" \/>\n<meta property=\"og:site_name\" content=\"MIR-MAR\" \/>\n<meta property=\"article:publisher\" content=\"https:\/\/facebook.com\/mirmareshop\" \/>\n<meta property=\"article:modified_time\" content=\"2021-04-21T12:49:45+00:00\" \/>\n<meta property=\"og:image\" content=\"https:\/\/i0.wp.com\/www.mirmar.sk\/wp-content\/uploads\/2021\/03\/1_3_93_1.jpg?fit=290%2C290&ssl=1\" \/>\n\t<meta property=\"og:image:width\" content=\"290\" \/>\n\t<meta property=\"og:image:height\" content=\"290\" \/>\n\t<meta property=\"og:image:type\" content=\"image\/jpeg\" \/>\n<meta name=\"twitter:label1\" content=\"Predpokladan\u00fd \u010das \u010d\u00edtania\" \/>\n\t<meta name=\"twitter:data1\" content=\"1 min\u00fata\" \/>\n<script type=\"application\/ld+json\" class=\"yoast-schema-graph\">{\"@context\":\"https:\\\/\\\/schema.org\",\"@graph\":[{\"@type\":\"WebPage\",\"@id\":\"http:\\\/\\\/dafinoo.eu\\\/mirmar\\\/obchod\\\/priklepovy-vrtak-sds-plus-nemesis-16-210-150-b-133-78\\\/\",\"url\":\"http:\\\/\\\/dafinoo.eu\\\/mirmar\\\/obchod\\\/priklepovy-vrtak-sds-plus-nemesis-16-210-150-b-133-78\\\/\",\"name\":\"Makita Pr\u00edklepov\u00fd vrt\u00e1k SDS - Plus NEMESIS 16\\\/210\\\/150 B- 133 78 - MIR-MAR\",\"isPartOf\":{\"@id\":\"http:\\\/\\\/dafinoo.eu\\\/mirmar\\\/#website\"},\"primaryImageOfPage\":{\"@id\":\"http:\\\/\\\/dafinoo.eu\\\/mirmar\\\/obchod\\\/priklepovy-vrtak-sds-plus-nemesis-16-210-150-b-133-78\\\/#primaryimage\"},\"image\":{\"@id\":\"http:\\\/\\\/dafinoo.eu\\\/mirmar\\\/obchod\\\/priklepovy-vrtak-sds-plus-nemesis-16-210-150-b-133-78\\\/#primaryimage\"},\"thumbnailUrl\":\"http:\\\/\\\/dafinoo.eu\\\/mirmar\\\/wp-content\\\/uploads\\\/2021\\\/03\\\/1_3_93_1.jpg\",\"datePublished\":\"2021-03-15T16:30:39+00:00\",\"dateModified\":\"2021-04-21T12:49:45+00:00\",\"breadcrumb\":{\"@id\":\"http:\\\/\\\/dafinoo.eu\\\/mirmar\\\/obchod\\\/priklepovy-vrtak-sds-plus-nemesis-16-210-150-b-133-78\\\/#breadcrumb\"},\"inLanguage\":\"sk-SK\",\"potentialAction\":[{\"@type\":\"ReadAction\",\"target\":[\"http:\\\/\\\/dafinoo.eu\\\/mirmar\\\/obchod\\\/priklepovy-vrtak-sds-plus-nemesis-16-210-150-b-133-78\\\/\"]}]},{\"@type\":\"ImageObject\",\"inLanguage\":\"sk-SK\",\"@id\":\"http:\\\/\\\/dafinoo.eu\\\/mirmar\\\/obchod\\\/priklepovy-vrtak-sds-plus-nemesis-16-210-150-b-133-78\\\/#primaryimage\",\"url\":\"http:\\\/\\\/dafinoo.eu\\\/mirmar\\\/wp-content\\\/uploads\\\/2021\\\/03\\\/1_3_93_1.jpg\",\"contentUrl\":\"http:\\\/\\\/dafinoo.eu\\\/mirmar\\\/wp-content\\\/uploads\\\/2021\\\/03\\\/1_3_93_1.jpg\",\"width\":290,\"height\":290},{\"@type\":\"BreadcrumbList\",\"@id\":\"http:\\\/\\\/dafinoo.eu\\\/mirmar\\\/obchod\\\/priklepovy-vrtak-sds-plus-nemesis-16-210-150-b-133-78\\\/#breadcrumb\",\"itemListElement\":[{\"@type\":\"ListItem\",\"position\":1,\"name\":\"Domovsk\u00e1 str\u00e1nka\",\"item\":\"http:\\\/\\\/dafinoo.eu\\\/mirmar\\\/\"},{\"@type\":\"ListItem\",\"position\":2,\"name\":\"Obchod\",\"item\":\"http:\\\/\\\/dafinoo.eu\\\/mirmar\\\/obchod\\\/\"},{\"@type\":\"ListItem\",\"position\":3,\"name\":\"Makita Pr\u00edklepov\u00fd vrt\u00e1k SDS &#8211; Plus NEMESIS 16\\\/210\\\/150 B- 133 78\"}]},{\"@type\":\"WebSite\",\"@id\":\"http:\\\/\\\/dafinoo.eu\\\/mirmar\\\/#website\",\"url\":\"http:\\\/\\\/dafinoo.eu\\\/mirmar\\\/\",\"name\":\"MIR-MAR\",\"description\":\"Eshop s n\u00e1rad\u00edm\",\"publisher\":{\"@id\":\"http:\\\/\\\/dafinoo.eu\\\/mirmar\\\/#organization\"},\"potentialAction\":[{\"@type\":\"SearchAction\",\"target\":{\"@type\":\"EntryPoint\",\"urlTemplate\":\"http:\\\/\\\/dafinoo.eu\\\/mirmar\\\/?s={search_term_string}\"},\"query-input\":{\"@type\":\"PropertyValueSpecification\",\"valueRequired\":true,\"valueName\":\"search_term_string\"}}],\"inLanguage\":\"sk-SK\"},{\"@type\":\"Organization\",\"@id\":\"http:\\\/\\\/dafinoo.eu\\\/mirmar\\\/#organization\",\"name\":\"MIR-MAR\",\"url\":\"http:\\\/\\\/dafinoo.eu\\\/mirmar\\\/\",\"logo\":{\"@type\":\"ImageObject\",\"inLanguage\":\"sk-SK\",\"@id\":\"http:\\\/\\\/dafinoo.eu\\\/mirmar\\\/#\\\/schema\\\/logo\\\/image\\\/\",\"url\":\"http:\\\/\\\/dafinoo.eu\\\/mirmar\\\/wp-content\\\/uploads\\\/2021\\\/03\\\/mirmar_logo.png\",\"contentUrl\":\"http:\\\/\\\/dafinoo.eu\\\/mirmar\\\/wp-content\\\/uploads\\\/2021\\\/03\\\/mirmar_logo.png\",\"width\":256,\"height\":60,\"caption\":\"MIR-MAR\"},\"image\":{\"@id\":\"http:\\\/\\\/dafinoo.eu\\\/mirmar\\\/#\\\/schema\\\/logo\\\/image\\\/\"},\"sameAs\":[\"https:\\\/\\\/facebook.com\\\/mirmareshop\"]}]}<\/script>\n<!-- \/ Yoast SEO plugin. -->","yoast_head_json":{"title":"Makita Pr\u00edklepov\u00fd vrt\u00e1k SDS - Plus NEMESIS 16\/210\/150 B- 133 78 - MIR-MAR","robots":{"index":"index","follow":"follow","max-snippet":"max-snippet:-1","max-image-preview":"max-image-preview:large","max-video-preview":"max-video-preview:-1"},"canonical":"http:\/\/dafinoo.eu\/mirmar\/obchod\/priklepovy-vrtak-sds-plus-nemesis-16-210-150-b-133-78\/","og_locale":"sk_SK","og_type":"article","og_title":"Makita Pr\u00edklepov\u00fd vrt\u00e1k SDS - Plus NEMESIS 16\/210\/150 B- 133 78 - MIR-MAR","og_description":"Priemer 16 mm Pracovn\u00e1 d\u013a\u017eka 150 mm Celkov\u00e1 d\u013a\u017eka 210 mm","og_url":"http:\/\/dafinoo.eu\/mirmar\/obchod\/priklepovy-vrtak-sds-plus-nemesis-16-210-150-b-133-78\/","og_site_name":"MIR-MAR","article_publisher":"https:\/\/facebook.com\/mirmareshop","article_modified_time":"2021-04-21T12:49:45+00:00","og_image":[{"width":290,"height":290,"url":"https:\/\/i0.wp.com\/www.mirmar.sk\/wp-content\/uploads\/2021\/03\/1_3_93_1.jpg?fit=290%2C290&ssl=1","type":"image\/jpeg"}],"twitter_misc":{"Predpokladan\u00fd \u010das \u010d\u00edtania":"1 min\u00fata"},"schema":{"@context":"https:\/\/schema.org","@graph":[{"@type":"WebPage","@id":"http:\/\/dafinoo.eu\/mirmar\/obchod\/priklepovy-vrtak-sds-plus-nemesis-16-210-150-b-133-78\/","url":"http:\/\/dafinoo.eu\/mirmar\/obchod\/priklepovy-vrtak-sds-plus-nemesis-16-210-150-b-133-78\/","name":"Makita Pr\u00edklepov\u00fd vrt\u00e1k SDS - Plus NEMESIS 16\/210\/150 B- 133 78 - MIR-MAR","isPartOf":{"@id":"http:\/\/dafinoo.eu\/mirmar\/#website"},"primaryImageOfPage":{"@id":"http:\/\/dafinoo.eu\/mirmar\/obchod\/priklepovy-vrtak-sds-plus-nemesis-16-210-150-b-133-78\/#primaryimage"},"image":{"@id":"http:\/\/dafinoo.eu\/mirmar\/obchod\/priklepovy-vrtak-sds-plus-nemesis-16-210-150-b-133-78\/#primaryimage"},"thumbnailUrl":"http:\/\/dafinoo.eu\/mirmar\/wp-content\/uploads\/2021\/03\/1_3_93_1.jpg","datePublished":"2021-03-15T16:30:39+00:00","dateModified":"2021-04-21T12:49:45+00:00","breadcrumb":{"@id":"http:\/\/dafinoo.eu\/mirmar\/obchod\/priklepovy-vrtak-sds-plus-nemesis-16-210-150-b-133-78\/#breadcrumb"},"inLanguage":"sk-SK","potentialAction":[{"@type":"ReadAction","target":["http:\/\/dafinoo.eu\/mirmar\/obchod\/priklepovy-vrtak-sds-plus-nemesis-16-210-150-b-133-78\/"]}]},{"@type":"ImageObject","inLanguage":"sk-SK","@id":"http:\/\/dafinoo.eu\/mirmar\/obchod\/priklepovy-vrtak-sds-plus-nemesis-16-210-150-b-133-78\/#primaryimage","url":"http:\/\/dafinoo.eu\/mirmar\/wp-content\/uploads\/2021\/03\/1_3_93_1.jpg","contentUrl":"http:\/\/dafinoo.eu\/mirmar\/wp-content\/uploads\/2021\/03\/1_3_93_1.jpg","width":290,"height":290},{"@type":"BreadcrumbList","@id":"http:\/\/dafinoo.eu\/mirmar\/obchod\/priklepovy-vrtak-sds-plus-nemesis-16-210-150-b-133-78\/#breadcrumb","itemListElement":[{"@type":"ListItem","position":1,"name":"Domovsk\u00e1 str\u00e1nka","item":"http:\/\/dafinoo.eu\/mirmar\/"},{"@type":"ListItem","position":2,"name":"Obchod","item":"http:\/\/dafinoo.eu\/mirmar\/obchod\/"},{"@type":"ListItem","position":3,"name":"Makita Pr\u00edklepov\u00fd vrt\u00e1k SDS &#8211; Plus NEMESIS 16\/210\/150 B- 133 78"}]},{"@type":"WebSite","@id":"http:\/\/dafinoo.eu\/mirmar\/#website","url":"http:\/\/dafinoo.eu\/mirmar\/","name":"MIR-MAR","description":"Eshop s n\u00e1rad\u00edm","publisher":{"@id":"http:\/\/dafinoo.eu\/mirmar\/#organization"},"potentialAction":[{"@type":"SearchAction","target":{"@type":"EntryPoint","urlTemplate":"http:\/\/dafinoo.eu\/mirmar\/?s={search_term_string}"},"query-input":{"@type":"PropertyValueSpecification","valueRequired":true,"valueName":"search_term_string"}}],"inLanguage":"sk-SK"},{"@type":"Organization","@id":"http:\/\/dafinoo.eu\/mirmar\/#organization","name":"MIR-MAR","url":"http:\/\/dafinoo.eu\/mirmar\/","logo":{"@type":"ImageObject","inLanguage":"sk-SK","@id":"http:\/\/dafinoo.eu\/mirmar\/#\/schema\/logo\/image\/","url":"http:\/\/dafinoo.eu\/mirmar\/wp-content\/uploads\/2021\/03\/mirmar_logo.png","contentUrl":"http:\/\/dafinoo.eu\/mirmar\/wp-content\/uploads\/2021\/03\/mirmar_logo.png","width":256,"height":60,"caption":"MIR-MAR"},"image":{"@id":"http:\/\/dafinoo.eu\/mirmar\/#\/schema\/logo\/image\/"},"sameAs":["https:\/\/facebook.com\/mirmareshop"]}]}},"_links":{"self":[{"href":"http:\/\/dafinoo.eu\/mirmar\/wp-json\/wp\/v2\/product\/38432","targetHints":{"allow":["GET"]}}],"collection":[{"href":"http:\/\/dafinoo.eu\/mirmar\/wp-json\/wp\/v2\/product"}],"about":[{"href":"http:\/\/dafinoo.eu\/mirmar\/wp-json\/wp\/v2\/types\/product"}],"replies":[{"embeddable":true,"href":"http:\/\/dafinoo.eu\/mirmar\/wp-json\/wp\/v2\/comments?post=38432"}],"wp:featuredmedia":[{"embeddable":true,"href":"http:\/\/dafinoo.eu\/mirmar\/wp-json\/wp\/v2\/media\/38433"}],"wp:attachment":[{"href":"http:\/\/dafinoo.eu\/mirmar\/wp-json\/wp\/v2\/media?parent=38432"}],"wp:term":[{"taxonomy":"product_cat","embeddable":true,"href":"http:\/\/dafinoo.eu\/mirmar\/wp-json\/wp\/v2\/product_cat?post=38432"},{"taxonomy":"product_tag","embeddable":true,"href":"http:\/\/dafinoo.eu\/mirmar\/wp-json\/wp\/v2\/product_tag?post=38432"}],"curies":[{"name":"wp","href":"https:\/\/api.w.org\/{rel}","templated":true}]}}