{"id":38444,"date":"2021-03-15T17:30:47","date_gmt":"2021-03-15T16:30:47","guid":{"rendered":"http:\/\/dafinoo.eu\/mirmar\/product\/spicaty-sekac-sds-plus-so-sesthrannou-stopkou-makita-velkost-250mm-p-055-05\/"},"modified":"2021-04-19T19:48:26","modified_gmt":"2021-04-19T17:48:26","slug":"spicaty-sekac-sds-plus-so-sesthrannou-stopkou-makita-velkost-250mm-p-055-05","status":"publish","type":"product","link":"http:\/\/dafinoo.eu\/mirmar\/obchod\/spicaty-sekac-sds-plus-so-sesthrannou-stopkou-makita-velkost-250mm-p-055-05\/","title":{"rendered":"\u0160picat\u00fd sek\u00e1\u010d SDS-plus so \u0161es\u0165hrannou stopkou Makita &#8211; ve\u013ekos\u0165: 250mm P-055 05"},"content":{"rendered":"<p>\u0160picat\u00fd sek\u00e1\u010d SDS-plus so \u0161es\u0165hrannou stopkou Makita<\/p>\n","protected":false},"excerpt":{"rendered":"<p>&#8211; ve\u013ekos\u0165: 250 mm<br \/>\n&#8211; na najr\u00f4znej\u0161ie sekacie a asana\u010dn\u00e9 pr\u00e1ce v murive, bet\u00f3ne a uvo\u013enenom kameni<\/p>\n","protected":false},"featured_media":38445,"comment_status":"closed","ping_status":"open","template":"","meta":{"_lmt_disableupdate":"","_lmt_disable":""},"product_cat":[3051,3369],"product_tag":[],"class_list":{"0":"post-38444","1":"product","2":"type-product","3":"status-publish","4":"has-post-thumbnail","6":"product_cat-makita","7":"product_cat-makita-prislusenstvo","8":"ts_product_brand-makita","10":"first","11":"instock","12":"taxable","13":"shipping-taxable","14":"purchasable","15":"product-type-simple"},"yoast_head":"<!-- This site is optimized with the Yoast SEO plugin v27.3 - https:\/\/yoast.com\/product\/yoast-seo-wordpress\/ -->\n<title>\u0160picat\u00fd sek\u00e1\u010d SDS-plus so \u0161es\u0165hrannou stopkou Makita - ve\u013ekos\u0165: 250mm P-055 05 - MIR-MAR<\/title>\n<meta name=\"robots\" content=\"index, follow, max-snippet:-1, max-image-preview:large, max-video-preview:-1\" \/>\n<link rel=\"canonical\" href=\"http:\/\/dafinoo.eu\/mirmar\/obchod\/spicaty-sekac-sds-plus-so-sesthrannou-stopkou-makita-velkost-250mm-p-055-05\/\" \/>\n<meta property=\"og:locale\" content=\"sk_SK\" \/>\n<meta property=\"og:type\" content=\"article\" \/>\n<meta property=\"og:title\" content=\"\u0160picat\u00fd sek\u00e1\u010d SDS-plus so \u0161es\u0165hrannou stopkou Makita - ve\u013ekos\u0165: 250mm P-055 05 - MIR-MAR\" \/>\n<meta property=\"og:description\" content=\"- ve\u013ekos\u0165: 250 mm - na najr\u00f4znej\u0161ie sekacie a asana\u010dn\u00e9 pr\u00e1ce v murive, bet\u00f3ne a uvo\u013enenom kameni\" \/>\n<meta property=\"og:url\" content=\"http:\/\/dafinoo.eu\/mirmar\/obchod\/spicaty-sekac-sds-plus-so-sesthrannou-stopkou-makita-velkost-250mm-p-055-05\/\" \/>\n<meta property=\"og:site_name\" content=\"MIR-MAR\" \/>\n<meta property=\"article:publisher\" content=\"https:\/\/facebook.com\/mirmareshop\" \/>\n<meta property=\"article:modified_time\" content=\"2021-04-19T17:48:26+00:00\" \/>\n<meta property=\"og:image\" content=\"https:\/\/i1.wp.com\/www.mirmar.sk\/wp-content\/uploads\/2021\/03\/2_2_16_1.jpg?fit=290%2C290&ssl=1\" \/>\n\t<meta property=\"og:image:width\" content=\"290\" \/>\n\t<meta property=\"og:image:height\" content=\"290\" \/>\n\t<meta property=\"og:image:type\" content=\"image\/jpeg\" \/>\n<script type=\"application\/ld+json\" class=\"yoast-schema-graph\">{\"@context\":\"https:\\\/\\\/schema.org\",\"@graph\":[{\"@type\":\"WebPage\",\"@id\":\"http:\\\/\\\/dafinoo.eu\\\/mirmar\\\/obchod\\\/spicaty-sekac-sds-plus-so-sesthrannou-stopkou-makita-velkost-250mm-p-055-05\\\/\",\"url\":\"http:\\\/\\\/dafinoo.eu\\\/mirmar\\\/obchod\\\/spicaty-sekac-sds-plus-so-sesthrannou-stopkou-makita-velkost-250mm-p-055-05\\\/\",\"name\":\"\u0160picat\u00fd sek\u00e1\u010d SDS-plus so \u0161es\u0165hrannou stopkou Makita - ve\u013ekos\u0165: 250mm P-055 05 - MIR-MAR\",\"isPartOf\":{\"@id\":\"http:\\\/\\\/dafinoo.eu\\\/mirmar\\\/#website\"},\"primaryImageOfPage\":{\"@id\":\"http:\\\/\\\/dafinoo.eu\\\/mirmar\\\/obchod\\\/spicaty-sekac-sds-plus-so-sesthrannou-stopkou-makita-velkost-250mm-p-055-05\\\/#primaryimage\"},\"image\":{\"@id\":\"http:\\\/\\\/dafinoo.eu\\\/mirmar\\\/obchod\\\/spicaty-sekac-sds-plus-so-sesthrannou-stopkou-makita-velkost-250mm-p-055-05\\\/#primaryimage\"},\"thumbnailUrl\":\"http:\\\/\\\/dafinoo.eu\\\/mirmar\\\/wp-content\\\/uploads\\\/2021\\\/03\\\/2_2_16_1.jpg\",\"datePublished\":\"2021-03-15T16:30:47+00:00\",\"dateModified\":\"2021-04-19T17:48:26+00:00\",\"breadcrumb\":{\"@id\":\"http:\\\/\\\/dafinoo.eu\\\/mirmar\\\/obchod\\\/spicaty-sekac-sds-plus-so-sesthrannou-stopkou-makita-velkost-250mm-p-055-05\\\/#breadcrumb\"},\"inLanguage\":\"sk-SK\",\"potentialAction\":[{\"@type\":\"ReadAction\",\"target\":[\"http:\\\/\\\/dafinoo.eu\\\/mirmar\\\/obchod\\\/spicaty-sekac-sds-plus-so-sesthrannou-stopkou-makita-velkost-250mm-p-055-05\\\/\"]}]},{\"@type\":\"ImageObject\",\"inLanguage\":\"sk-SK\",\"@id\":\"http:\\\/\\\/dafinoo.eu\\\/mirmar\\\/obchod\\\/spicaty-sekac-sds-plus-so-sesthrannou-stopkou-makita-velkost-250mm-p-055-05\\\/#primaryimage\",\"url\":\"http:\\\/\\\/dafinoo.eu\\\/mirmar\\\/wp-content\\\/uploads\\\/2021\\\/03\\\/2_2_16_1.jpg\",\"contentUrl\":\"http:\\\/\\\/dafinoo.eu\\\/mirmar\\\/wp-content\\\/uploads\\\/2021\\\/03\\\/2_2_16_1.jpg\",\"width\":290,\"height\":290},{\"@type\":\"BreadcrumbList\",\"@id\":\"http:\\\/\\\/dafinoo.eu\\\/mirmar\\\/obchod\\\/spicaty-sekac-sds-plus-so-sesthrannou-stopkou-makita-velkost-250mm-p-055-05\\\/#breadcrumb\",\"itemListElement\":[{\"@type\":\"ListItem\",\"position\":1,\"name\":\"Domovsk\u00e1 str\u00e1nka\",\"item\":\"http:\\\/\\\/dafinoo.eu\\\/mirmar\\\/\"},{\"@type\":\"ListItem\",\"position\":2,\"name\":\"Obchod\",\"item\":\"http:\\\/\\\/dafinoo.eu\\\/mirmar\\\/obchod\\\/\"},{\"@type\":\"ListItem\",\"position\":3,\"name\":\"\u0160picat\u00fd sek\u00e1\u010d SDS-plus so \u0161es\u0165hrannou stopkou Makita &#8211; ve\u013ekos\u0165: 250mm P-055 05\"}]},{\"@type\":\"WebSite\",\"@id\":\"http:\\\/\\\/dafinoo.eu\\\/mirmar\\\/#website\",\"url\":\"http:\\\/\\\/dafinoo.eu\\\/mirmar\\\/\",\"name\":\"MIR-MAR\",\"description\":\"Eshop s n\u00e1rad\u00edm\",\"publisher\":{\"@id\":\"http:\\\/\\\/dafinoo.eu\\\/mirmar\\\/#organization\"},\"potentialAction\":[{\"@type\":\"SearchAction\",\"target\":{\"@type\":\"EntryPoint\",\"urlTemplate\":\"http:\\\/\\\/dafinoo.eu\\\/mirmar\\\/?s={search_term_string}\"},\"query-input\":{\"@type\":\"PropertyValueSpecification\",\"valueRequired\":true,\"valueName\":\"search_term_string\"}}],\"inLanguage\":\"sk-SK\"},{\"@type\":\"Organization\",\"@id\":\"http:\\\/\\\/dafinoo.eu\\\/mirmar\\\/#organization\",\"name\":\"MIR-MAR\",\"url\":\"http:\\\/\\\/dafinoo.eu\\\/mirmar\\\/\",\"logo\":{\"@type\":\"ImageObject\",\"inLanguage\":\"sk-SK\",\"@id\":\"http:\\\/\\\/dafinoo.eu\\\/mirmar\\\/#\\\/schema\\\/logo\\\/image\\\/\",\"url\":\"http:\\\/\\\/dafinoo.eu\\\/mirmar\\\/wp-content\\\/uploads\\\/2021\\\/03\\\/mirmar_logo.png\",\"contentUrl\":\"http:\\\/\\\/dafinoo.eu\\\/mirmar\\\/wp-content\\\/uploads\\\/2021\\\/03\\\/mirmar_logo.png\",\"width\":256,\"height\":60,\"caption\":\"MIR-MAR\"},\"image\":{\"@id\":\"http:\\\/\\\/dafinoo.eu\\\/mirmar\\\/#\\\/schema\\\/logo\\\/image\\\/\"},\"sameAs\":[\"https:\\\/\\\/facebook.com\\\/mirmareshop\"]}]}<\/script>\n<!-- \/ Yoast SEO plugin. -->","yoast_head_json":{"title":"\u0160picat\u00fd sek\u00e1\u010d SDS-plus so \u0161es\u0165hrannou stopkou Makita - ve\u013ekos\u0165: 250mm P-055 05 - MIR-MAR","robots":{"index":"index","follow":"follow","max-snippet":"max-snippet:-1","max-image-preview":"max-image-preview:large","max-video-preview":"max-video-preview:-1"},"canonical":"http:\/\/dafinoo.eu\/mirmar\/obchod\/spicaty-sekac-sds-plus-so-sesthrannou-stopkou-makita-velkost-250mm-p-055-05\/","og_locale":"sk_SK","og_type":"article","og_title":"\u0160picat\u00fd sek\u00e1\u010d SDS-plus so \u0161es\u0165hrannou stopkou Makita - ve\u013ekos\u0165: 250mm P-055 05 - MIR-MAR","og_description":"- ve\u013ekos\u0165: 250 mm - na najr\u00f4znej\u0161ie sekacie a asana\u010dn\u00e9 pr\u00e1ce v murive, bet\u00f3ne a uvo\u013enenom kameni","og_url":"http:\/\/dafinoo.eu\/mirmar\/obchod\/spicaty-sekac-sds-plus-so-sesthrannou-stopkou-makita-velkost-250mm-p-055-05\/","og_site_name":"MIR-MAR","article_publisher":"https:\/\/facebook.com\/mirmareshop","article_modified_time":"2021-04-19T17:48:26+00:00","og_image":[{"width":290,"height":290,"url":"https:\/\/i1.wp.com\/www.mirmar.sk\/wp-content\/uploads\/2021\/03\/2_2_16_1.jpg?fit=290%2C290&ssl=1","type":"image\/jpeg"}],"schema":{"@context":"https:\/\/schema.org","@graph":[{"@type":"WebPage","@id":"http:\/\/dafinoo.eu\/mirmar\/obchod\/spicaty-sekac-sds-plus-so-sesthrannou-stopkou-makita-velkost-250mm-p-055-05\/","url":"http:\/\/dafinoo.eu\/mirmar\/obchod\/spicaty-sekac-sds-plus-so-sesthrannou-stopkou-makita-velkost-250mm-p-055-05\/","name":"\u0160picat\u00fd sek\u00e1\u010d SDS-plus so \u0161es\u0165hrannou stopkou Makita - ve\u013ekos\u0165: 250mm P-055 05 - MIR-MAR","isPartOf":{"@id":"http:\/\/dafinoo.eu\/mirmar\/#website"},"primaryImageOfPage":{"@id":"http:\/\/dafinoo.eu\/mirmar\/obchod\/spicaty-sekac-sds-plus-so-sesthrannou-stopkou-makita-velkost-250mm-p-055-05\/#primaryimage"},"image":{"@id":"http:\/\/dafinoo.eu\/mirmar\/obchod\/spicaty-sekac-sds-plus-so-sesthrannou-stopkou-makita-velkost-250mm-p-055-05\/#primaryimage"},"thumbnailUrl":"http:\/\/dafinoo.eu\/mirmar\/wp-content\/uploads\/2021\/03\/2_2_16_1.jpg","datePublished":"2021-03-15T16:30:47+00:00","dateModified":"2021-04-19T17:48:26+00:00","breadcrumb":{"@id":"http:\/\/dafinoo.eu\/mirmar\/obchod\/spicaty-sekac-sds-plus-so-sesthrannou-stopkou-makita-velkost-250mm-p-055-05\/#breadcrumb"},"inLanguage":"sk-SK","potentialAction":[{"@type":"ReadAction","target":["http:\/\/dafinoo.eu\/mirmar\/obchod\/spicaty-sekac-sds-plus-so-sesthrannou-stopkou-makita-velkost-250mm-p-055-05\/"]}]},{"@type":"ImageObject","inLanguage":"sk-SK","@id":"http:\/\/dafinoo.eu\/mirmar\/obchod\/spicaty-sekac-sds-plus-so-sesthrannou-stopkou-makita-velkost-250mm-p-055-05\/#primaryimage","url":"http:\/\/dafinoo.eu\/mirmar\/wp-content\/uploads\/2021\/03\/2_2_16_1.jpg","contentUrl":"http:\/\/dafinoo.eu\/mirmar\/wp-content\/uploads\/2021\/03\/2_2_16_1.jpg","width":290,"height":290},{"@type":"BreadcrumbList","@id":"http:\/\/dafinoo.eu\/mirmar\/obchod\/spicaty-sekac-sds-plus-so-sesthrannou-stopkou-makita-velkost-250mm-p-055-05\/#breadcrumb","itemListElement":[{"@type":"ListItem","position":1,"name":"Domovsk\u00e1 str\u00e1nka","item":"http:\/\/dafinoo.eu\/mirmar\/"},{"@type":"ListItem","position":2,"name":"Obchod","item":"http:\/\/dafinoo.eu\/mirmar\/obchod\/"},{"@type":"ListItem","position":3,"name":"\u0160picat\u00fd sek\u00e1\u010d SDS-plus so \u0161es\u0165hrannou stopkou Makita &#8211; ve\u013ekos\u0165: 250mm P-055 05"}]},{"@type":"WebSite","@id":"http:\/\/dafinoo.eu\/mirmar\/#website","url":"http:\/\/dafinoo.eu\/mirmar\/","name":"MIR-MAR","description":"Eshop s n\u00e1rad\u00edm","publisher":{"@id":"http:\/\/dafinoo.eu\/mirmar\/#organization"},"potentialAction":[{"@type":"SearchAction","target":{"@type":"EntryPoint","urlTemplate":"http:\/\/dafinoo.eu\/mirmar\/?s={search_term_string}"},"query-input":{"@type":"PropertyValueSpecification","valueRequired":true,"valueName":"search_term_string"}}],"inLanguage":"sk-SK"},{"@type":"Organization","@id":"http:\/\/dafinoo.eu\/mirmar\/#organization","name":"MIR-MAR","url":"http:\/\/dafinoo.eu\/mirmar\/","logo":{"@type":"ImageObject","inLanguage":"sk-SK","@id":"http:\/\/dafinoo.eu\/mirmar\/#\/schema\/logo\/image\/","url":"http:\/\/dafinoo.eu\/mirmar\/wp-content\/uploads\/2021\/03\/mirmar_logo.png","contentUrl":"http:\/\/dafinoo.eu\/mirmar\/wp-content\/uploads\/2021\/03\/mirmar_logo.png","width":256,"height":60,"caption":"MIR-MAR"},"image":{"@id":"http:\/\/dafinoo.eu\/mirmar\/#\/schema\/logo\/image\/"},"sameAs":["https:\/\/facebook.com\/mirmareshop"]}]}},"_links":{"self":[{"href":"http:\/\/dafinoo.eu\/mirmar\/wp-json\/wp\/v2\/product\/38444","targetHints":{"allow":["GET"]}}],"collection":[{"href":"http:\/\/dafinoo.eu\/mirmar\/wp-json\/wp\/v2\/product"}],"about":[{"href":"http:\/\/dafinoo.eu\/mirmar\/wp-json\/wp\/v2\/types\/product"}],"replies":[{"embeddable":true,"href":"http:\/\/dafinoo.eu\/mirmar\/wp-json\/wp\/v2\/comments?post=38444"}],"wp:featuredmedia":[{"embeddable":true,"href":"http:\/\/dafinoo.eu\/mirmar\/wp-json\/wp\/v2\/media\/38445"}],"wp:attachment":[{"href":"http:\/\/dafinoo.eu\/mirmar\/wp-json\/wp\/v2\/media?parent=38444"}],"wp:term":[{"taxonomy":"product_cat","embeddable":true,"href":"http:\/\/dafinoo.eu\/mirmar\/wp-json\/wp\/v2\/product_cat?post=38444"},{"taxonomy":"product_tag","embeddable":true,"href":"http:\/\/dafinoo.eu\/mirmar\/wp-json\/wp\/v2\/product_tag?post=38444"}],"curies":[{"name":"wp","href":"https:\/\/api.w.org\/{rel}","templated":true}]}}