{"id":38478,"date":"2021-03-15T17:30:47","date_gmt":"2021-03-15T16:30:47","guid":{"rendered":"http:\/\/dafinoo.eu\/mirmar\/product\/sada-sekacov-a-vrtakov-makita-sds-plus-10-kusov-v-sade-d-211-91\/"},"modified":"2021-04-19T19:48:26","modified_gmt":"2021-04-19T17:48:26","slug":"sada-sekacov-a-vrtakov-makita-sds-plus-10-kusov-v-sade-d-211-91","status":"publish","type":"product","link":"http:\/\/dafinoo.eu\/mirmar\/obchod\/sada-sekacov-a-vrtakov-makita-sds-plus-10-kusov-v-sade-d-211-91\/","title":{"rendered":"Sada sek\u00e1\u010dov a vrt\u00e1kov Makita SDS-plus (10 kusov v sade) D-211 91"},"content":{"rendered":"<p>Sada sek\u00e1\u010dov a vrt\u00e1kov Makita SDS-plus<\/p>\n","protected":false},"excerpt":{"rendered":"<p>10-dielna sada<\/p>\n<p>    sek\u00e1\u010d \u0161pic 250 mm<br \/>\n    sek\u00e1\u010d ploch\u00fd 250 x 20 mm<br \/>\n    vrt\u00e1k 5,5 x 110 mm<br \/>\n    vrt\u00e1k 6 x 110 mm<br \/>\n    vrt\u00e1k 7 x 160 mm<br \/>\n    vrt\u00e1k 8 x 160 mm<br \/>\n    vrt\u00e1k 10 x 210 mm<br \/>\n    vrt\u00e1k 10 x 460 mm<br \/>\n    vrt\u00e1k 16 x 460 mm<br \/>\n    vrt\u00e1k 20 x 460 mm<\/p>\n","protected":false},"featured_media":38479,"comment_status":"closed","ping_status":"open","template":"","meta":{"_lmt_disableupdate":"","_lmt_disable":""},"product_cat":[3051,3369],"product_tag":[],"class_list":{"0":"post-38478","1":"product","2":"type-product","3":"status-publish","4":"has-post-thumbnail","6":"product_cat-makita","7":"product_cat-makita-prislusenstvo","8":"ts_product_brand-makita","10":"first","11":"instock","12":"taxable","13":"shipping-taxable","14":"purchasable","15":"product-type-simple"},"yoast_head":"<!-- This site is optimized with the Yoast SEO plugin v27.3 - https:\/\/yoast.com\/product\/yoast-seo-wordpress\/ -->\n<title>Sada sek\u00e1\u010dov a vrt\u00e1kov Makita SDS-plus (10 kusov v sade) D-211 91 - MIR-MAR<\/title>\n<meta name=\"robots\" content=\"index, follow, max-snippet:-1, max-image-preview:large, max-video-preview:-1\" \/>\n<link rel=\"canonical\" href=\"http:\/\/dafinoo.eu\/mirmar\/obchod\/sada-sekacov-a-vrtakov-makita-sds-plus-10-kusov-v-sade-d-211-91\/\" \/>\n<meta property=\"og:locale\" content=\"sk_SK\" \/>\n<meta property=\"og:type\" content=\"article\" \/>\n<meta property=\"og:title\" content=\"Sada sek\u00e1\u010dov a vrt\u00e1kov Makita SDS-plus (10 kusov v sade) D-211 91 - MIR-MAR\" \/>\n<meta property=\"og:description\" content=\"10-dielna sada   sek\u00e1\u010d \u0161pic 250 mm   sek\u00e1\u010d ploch\u00fd 250 x 20 mm   vrt\u00e1k 5,5 x 110 mm   vrt\u00e1k 6 x 110 mm   vrt\u00e1k 7 x 160 mm   vrt\u00e1k 8 x 160 mm   vrt\u00e1k 10 x 210 mm   vrt\u00e1k 10 x 460 mm   vrt\u00e1k 16 x 460 mm   vrt\u00e1k 20 x 460 mm\" \/>\n<meta property=\"og:url\" content=\"http:\/\/dafinoo.eu\/mirmar\/obchod\/sada-sekacov-a-vrtakov-makita-sds-plus-10-kusov-v-sade-d-211-91\/\" \/>\n<meta property=\"og:site_name\" content=\"MIR-MAR\" \/>\n<meta property=\"article:publisher\" content=\"https:\/\/facebook.com\/mirmareshop\" \/>\n<meta property=\"article:modified_time\" content=\"2021-04-19T17:48:26+00:00\" \/>\n<meta property=\"og:image\" content=\"https:\/\/i2.wp.com\/www.mirmar.sk\/wp-content\/uploads\/2021\/03\/7_2_32_1.jpg?fit=100%2C100&ssl=1\" \/>\n\t<meta property=\"og:image:width\" content=\"100\" \/>\n\t<meta property=\"og:image:height\" content=\"100\" \/>\n\t<meta property=\"og:image:type\" content=\"image\/jpeg\" \/>\n<script type=\"application\/ld+json\" class=\"yoast-schema-graph\">{\"@context\":\"https:\\\/\\\/schema.org\",\"@graph\":[{\"@type\":\"WebPage\",\"@id\":\"http:\\\/\\\/dafinoo.eu\\\/mirmar\\\/obchod\\\/sada-sekacov-a-vrtakov-makita-sds-plus-10-kusov-v-sade-d-211-91\\\/\",\"url\":\"http:\\\/\\\/dafinoo.eu\\\/mirmar\\\/obchod\\\/sada-sekacov-a-vrtakov-makita-sds-plus-10-kusov-v-sade-d-211-91\\\/\",\"name\":\"Sada sek\u00e1\u010dov a vrt\u00e1kov Makita SDS-plus (10 kusov v sade) D-211 91 - MIR-MAR\",\"isPartOf\":{\"@id\":\"http:\\\/\\\/dafinoo.eu\\\/mirmar\\\/#website\"},\"primaryImageOfPage\":{\"@id\":\"http:\\\/\\\/dafinoo.eu\\\/mirmar\\\/obchod\\\/sada-sekacov-a-vrtakov-makita-sds-plus-10-kusov-v-sade-d-211-91\\\/#primaryimage\"},\"image\":{\"@id\":\"http:\\\/\\\/dafinoo.eu\\\/mirmar\\\/obchod\\\/sada-sekacov-a-vrtakov-makita-sds-plus-10-kusov-v-sade-d-211-91\\\/#primaryimage\"},\"thumbnailUrl\":\"http:\\\/\\\/dafinoo.eu\\\/mirmar\\\/wp-content\\\/uploads\\\/2021\\\/03\\\/7_2_32_1.jpg\",\"datePublished\":\"2021-03-15T16:30:47+00:00\",\"dateModified\":\"2021-04-19T17:48:26+00:00\",\"breadcrumb\":{\"@id\":\"http:\\\/\\\/dafinoo.eu\\\/mirmar\\\/obchod\\\/sada-sekacov-a-vrtakov-makita-sds-plus-10-kusov-v-sade-d-211-91\\\/#breadcrumb\"},\"inLanguage\":\"sk-SK\",\"potentialAction\":[{\"@type\":\"ReadAction\",\"target\":[\"http:\\\/\\\/dafinoo.eu\\\/mirmar\\\/obchod\\\/sada-sekacov-a-vrtakov-makita-sds-plus-10-kusov-v-sade-d-211-91\\\/\"]}]},{\"@type\":\"ImageObject\",\"inLanguage\":\"sk-SK\",\"@id\":\"http:\\\/\\\/dafinoo.eu\\\/mirmar\\\/obchod\\\/sada-sekacov-a-vrtakov-makita-sds-plus-10-kusov-v-sade-d-211-91\\\/#primaryimage\",\"url\":\"http:\\\/\\\/dafinoo.eu\\\/mirmar\\\/wp-content\\\/uploads\\\/2021\\\/03\\\/7_2_32_1.jpg\",\"contentUrl\":\"http:\\\/\\\/dafinoo.eu\\\/mirmar\\\/wp-content\\\/uploads\\\/2021\\\/03\\\/7_2_32_1.jpg\",\"width\":100,\"height\":100},{\"@type\":\"BreadcrumbList\",\"@id\":\"http:\\\/\\\/dafinoo.eu\\\/mirmar\\\/obchod\\\/sada-sekacov-a-vrtakov-makita-sds-plus-10-kusov-v-sade-d-211-91\\\/#breadcrumb\",\"itemListElement\":[{\"@type\":\"ListItem\",\"position\":1,\"name\":\"Domovsk\u00e1 str\u00e1nka\",\"item\":\"http:\\\/\\\/dafinoo.eu\\\/mirmar\\\/\"},{\"@type\":\"ListItem\",\"position\":2,\"name\":\"Obchod\",\"item\":\"http:\\\/\\\/dafinoo.eu\\\/mirmar\\\/obchod\\\/\"},{\"@type\":\"ListItem\",\"position\":3,\"name\":\"Sada sek\u00e1\u010dov a vrt\u00e1kov Makita SDS-plus (10 kusov v sade) D-211 91\"}]},{\"@type\":\"WebSite\",\"@id\":\"http:\\\/\\\/dafinoo.eu\\\/mirmar\\\/#website\",\"url\":\"http:\\\/\\\/dafinoo.eu\\\/mirmar\\\/\",\"name\":\"MIR-MAR\",\"description\":\"Eshop s n\u00e1rad\u00edm\",\"publisher\":{\"@id\":\"http:\\\/\\\/dafinoo.eu\\\/mirmar\\\/#organization\"},\"potentialAction\":[{\"@type\":\"SearchAction\",\"target\":{\"@type\":\"EntryPoint\",\"urlTemplate\":\"http:\\\/\\\/dafinoo.eu\\\/mirmar\\\/?s={search_term_string}\"},\"query-input\":{\"@type\":\"PropertyValueSpecification\",\"valueRequired\":true,\"valueName\":\"search_term_string\"}}],\"inLanguage\":\"sk-SK\"},{\"@type\":\"Organization\",\"@id\":\"http:\\\/\\\/dafinoo.eu\\\/mirmar\\\/#organization\",\"name\":\"MIR-MAR\",\"url\":\"http:\\\/\\\/dafinoo.eu\\\/mirmar\\\/\",\"logo\":{\"@type\":\"ImageObject\",\"inLanguage\":\"sk-SK\",\"@id\":\"http:\\\/\\\/dafinoo.eu\\\/mirmar\\\/#\\\/schema\\\/logo\\\/image\\\/\",\"url\":\"http:\\\/\\\/dafinoo.eu\\\/mirmar\\\/wp-content\\\/uploads\\\/2021\\\/03\\\/mirmar_logo.png\",\"contentUrl\":\"http:\\\/\\\/dafinoo.eu\\\/mirmar\\\/wp-content\\\/uploads\\\/2021\\\/03\\\/mirmar_logo.png\",\"width\":256,\"height\":60,\"caption\":\"MIR-MAR\"},\"image\":{\"@id\":\"http:\\\/\\\/dafinoo.eu\\\/mirmar\\\/#\\\/schema\\\/logo\\\/image\\\/\"},\"sameAs\":[\"https:\\\/\\\/facebook.com\\\/mirmareshop\"]}]}<\/script>\n<!-- \/ Yoast SEO plugin. -->","yoast_head_json":{"title":"Sada sek\u00e1\u010dov a vrt\u00e1kov Makita SDS-plus (10 kusov v sade) D-211 91 - MIR-MAR","robots":{"index":"index","follow":"follow","max-snippet":"max-snippet:-1","max-image-preview":"max-image-preview:large","max-video-preview":"max-video-preview:-1"},"canonical":"http:\/\/dafinoo.eu\/mirmar\/obchod\/sada-sekacov-a-vrtakov-makita-sds-plus-10-kusov-v-sade-d-211-91\/","og_locale":"sk_SK","og_type":"article","og_title":"Sada sek\u00e1\u010dov a vrt\u00e1kov Makita SDS-plus (10 kusov v sade) D-211 91 - MIR-MAR","og_description":"10-dielna sada   sek\u00e1\u010d \u0161pic 250 mm   sek\u00e1\u010d ploch\u00fd 250 x 20 mm   vrt\u00e1k 5,5 x 110 mm   vrt\u00e1k 6 x 110 mm   vrt\u00e1k 7 x 160 mm   vrt\u00e1k 8 x 160 mm   vrt\u00e1k 10 x 210 mm   vrt\u00e1k 10 x 460 mm   vrt\u00e1k 16 x 460 mm   vrt\u00e1k 20 x 460 mm","og_url":"http:\/\/dafinoo.eu\/mirmar\/obchod\/sada-sekacov-a-vrtakov-makita-sds-plus-10-kusov-v-sade-d-211-91\/","og_site_name":"MIR-MAR","article_publisher":"https:\/\/facebook.com\/mirmareshop","article_modified_time":"2021-04-19T17:48:26+00:00","og_image":[{"width":100,"height":100,"url":"https:\/\/i2.wp.com\/www.mirmar.sk\/wp-content\/uploads\/2021\/03\/7_2_32_1.jpg?fit=100%2C100&ssl=1","type":"image\/jpeg"}],"schema":{"@context":"https:\/\/schema.org","@graph":[{"@type":"WebPage","@id":"http:\/\/dafinoo.eu\/mirmar\/obchod\/sada-sekacov-a-vrtakov-makita-sds-plus-10-kusov-v-sade-d-211-91\/","url":"http:\/\/dafinoo.eu\/mirmar\/obchod\/sada-sekacov-a-vrtakov-makita-sds-plus-10-kusov-v-sade-d-211-91\/","name":"Sada sek\u00e1\u010dov a vrt\u00e1kov Makita SDS-plus (10 kusov v sade) D-211 91 - MIR-MAR","isPartOf":{"@id":"http:\/\/dafinoo.eu\/mirmar\/#website"},"primaryImageOfPage":{"@id":"http:\/\/dafinoo.eu\/mirmar\/obchod\/sada-sekacov-a-vrtakov-makita-sds-plus-10-kusov-v-sade-d-211-91\/#primaryimage"},"image":{"@id":"http:\/\/dafinoo.eu\/mirmar\/obchod\/sada-sekacov-a-vrtakov-makita-sds-plus-10-kusov-v-sade-d-211-91\/#primaryimage"},"thumbnailUrl":"http:\/\/dafinoo.eu\/mirmar\/wp-content\/uploads\/2021\/03\/7_2_32_1.jpg","datePublished":"2021-03-15T16:30:47+00:00","dateModified":"2021-04-19T17:48:26+00:00","breadcrumb":{"@id":"http:\/\/dafinoo.eu\/mirmar\/obchod\/sada-sekacov-a-vrtakov-makita-sds-plus-10-kusov-v-sade-d-211-91\/#breadcrumb"},"inLanguage":"sk-SK","potentialAction":[{"@type":"ReadAction","target":["http:\/\/dafinoo.eu\/mirmar\/obchod\/sada-sekacov-a-vrtakov-makita-sds-plus-10-kusov-v-sade-d-211-91\/"]}]},{"@type":"ImageObject","inLanguage":"sk-SK","@id":"http:\/\/dafinoo.eu\/mirmar\/obchod\/sada-sekacov-a-vrtakov-makita-sds-plus-10-kusov-v-sade-d-211-91\/#primaryimage","url":"http:\/\/dafinoo.eu\/mirmar\/wp-content\/uploads\/2021\/03\/7_2_32_1.jpg","contentUrl":"http:\/\/dafinoo.eu\/mirmar\/wp-content\/uploads\/2021\/03\/7_2_32_1.jpg","width":100,"height":100},{"@type":"BreadcrumbList","@id":"http:\/\/dafinoo.eu\/mirmar\/obchod\/sada-sekacov-a-vrtakov-makita-sds-plus-10-kusov-v-sade-d-211-91\/#breadcrumb","itemListElement":[{"@type":"ListItem","position":1,"name":"Domovsk\u00e1 str\u00e1nka","item":"http:\/\/dafinoo.eu\/mirmar\/"},{"@type":"ListItem","position":2,"name":"Obchod","item":"http:\/\/dafinoo.eu\/mirmar\/obchod\/"},{"@type":"ListItem","position":3,"name":"Sada sek\u00e1\u010dov a vrt\u00e1kov Makita SDS-plus (10 kusov v sade) D-211 91"}]},{"@type":"WebSite","@id":"http:\/\/dafinoo.eu\/mirmar\/#website","url":"http:\/\/dafinoo.eu\/mirmar\/","name":"MIR-MAR","description":"Eshop s n\u00e1rad\u00edm","publisher":{"@id":"http:\/\/dafinoo.eu\/mirmar\/#organization"},"potentialAction":[{"@type":"SearchAction","target":{"@type":"EntryPoint","urlTemplate":"http:\/\/dafinoo.eu\/mirmar\/?s={search_term_string}"},"query-input":{"@type":"PropertyValueSpecification","valueRequired":true,"valueName":"search_term_string"}}],"inLanguage":"sk-SK"},{"@type":"Organization","@id":"http:\/\/dafinoo.eu\/mirmar\/#organization","name":"MIR-MAR","url":"http:\/\/dafinoo.eu\/mirmar\/","logo":{"@type":"ImageObject","inLanguage":"sk-SK","@id":"http:\/\/dafinoo.eu\/mirmar\/#\/schema\/logo\/image\/","url":"http:\/\/dafinoo.eu\/mirmar\/wp-content\/uploads\/2021\/03\/mirmar_logo.png","contentUrl":"http:\/\/dafinoo.eu\/mirmar\/wp-content\/uploads\/2021\/03\/mirmar_logo.png","width":256,"height":60,"caption":"MIR-MAR"},"image":{"@id":"http:\/\/dafinoo.eu\/mirmar\/#\/schema\/logo\/image\/"},"sameAs":["https:\/\/facebook.com\/mirmareshop"]}]}},"_links":{"self":[{"href":"http:\/\/dafinoo.eu\/mirmar\/wp-json\/wp\/v2\/product\/38478","targetHints":{"allow":["GET"]}}],"collection":[{"href":"http:\/\/dafinoo.eu\/mirmar\/wp-json\/wp\/v2\/product"}],"about":[{"href":"http:\/\/dafinoo.eu\/mirmar\/wp-json\/wp\/v2\/types\/product"}],"replies":[{"embeddable":true,"href":"http:\/\/dafinoo.eu\/mirmar\/wp-json\/wp\/v2\/comments?post=38478"}],"wp:featuredmedia":[{"embeddable":true,"href":"http:\/\/dafinoo.eu\/mirmar\/wp-json\/wp\/v2\/media\/38479"}],"wp:attachment":[{"href":"http:\/\/dafinoo.eu\/mirmar\/wp-json\/wp\/v2\/media?parent=38478"}],"wp:term":[{"taxonomy":"product_cat","embeddable":true,"href":"http:\/\/dafinoo.eu\/mirmar\/wp-json\/wp\/v2\/product_cat?post=38478"},{"taxonomy":"product_tag","embeddable":true,"href":"http:\/\/dafinoo.eu\/mirmar\/wp-json\/wp\/v2\/product_tag?post=38478"}],"curies":[{"name":"wp","href":"https:\/\/api.w.org\/{rel}","templated":true}]}}