{"id":38574,"date":"2021-03-15T17:31:18","date_gmt":"2021-03-15T16:31:18","guid":{"rendered":"http:\/\/dafinoo.eu\/mirmar\/product\/adapter-sds-plus-pre-vrtaciu-korunku-118mm-p-643-19\/"},"modified":"2021-04-21T14:48:23","modified_gmt":"2021-04-21T12:48:23","slug":"adapter-sds-plus-pre-vrtaciu-korunku-118mm-p-643-19","status":"publish","type":"product","link":"http:\/\/dafinoo.eu\/mirmar\/obchod\/adapter-sds-plus-pre-vrtaciu-korunku-118mm-p-643-19\/","title":{"rendered":"Makita Adapt\u00e9r SDS-Plus pre v\u0155taciu korunku 118mm P-643 19"},"content":{"rendered":"<p>V\u0155tacie korunky SDS-plus.<\/p>\n","protected":false},"excerpt":{"rendered":"<p>d\u013a\u017eka: 75mm<\/p>\n<p>\u013dahk\u00e1 kon\u0161trukcia t\u00fdchto v\u0155tac\u00edch koruniek v\u00fdrazne roz\u0161iruje spektrum vyu\u017eitia v\u0155tac\u00edch klad\u00edv SDS-PLUS. Hlavnou oblas\u0165ou ich vyu\u017eitia s\u00fa r\u00f4zne remeseln\u00edcke pr\u00e1ce a pr\u00e1ce v dome pri in\u0161tal\u00e1ci\u00e1ch do muriva a modern\u00fdch \u013eahk\u00fdch stavebn\u00fdch hm\u00f4t.<\/p>\n","protected":false},"featured_media":38575,"comment_status":"closed","ping_status":"open","template":"","meta":{"_lmt_disableupdate":"","_lmt_disable":""},"product_cat":[3051,3369],"product_tag":[],"class_list":{"0":"post-38574","1":"product","2":"type-product","3":"status-publish","4":"has-post-thumbnail","6":"product_cat-makita","7":"product_cat-makita-prislusenstvo","8":"ts_product_brand-makita","10":"first","11":"instock","12":"taxable","13":"shipping-taxable","14":"purchasable","15":"product-type-simple"},"yoast_head":"<!-- This site is optimized with the Yoast SEO plugin v27.3 - https:\/\/yoast.com\/product\/yoast-seo-wordpress\/ -->\n<title>Makita Adapt\u00e9r SDS-Plus pre v\u0155taciu korunku 118mm P-643 19 - MIR-MAR<\/title>\n<meta name=\"robots\" content=\"index, follow, max-snippet:-1, max-image-preview:large, max-video-preview:-1\" \/>\n<link rel=\"canonical\" href=\"http:\/\/dafinoo.eu\/mirmar\/obchod\/adapter-sds-plus-pre-vrtaciu-korunku-118mm-p-643-19\/\" \/>\n<meta property=\"og:locale\" content=\"sk_SK\" \/>\n<meta property=\"og:type\" content=\"article\" \/>\n<meta property=\"og:title\" content=\"Makita Adapt\u00e9r SDS-Plus pre v\u0155taciu korunku 118mm P-643 19 - MIR-MAR\" \/>\n<meta property=\"og:description\" content=\"d\u013a\u017eka: 75mm \u013dahk\u00e1 kon\u0161trukcia t\u00fdchto v\u0155tac\u00edch koruniek v\u00fdrazne roz\u0161iruje spektrum vyu\u017eitia v\u0155tac\u00edch klad\u00edv SDS-PLUS. Hlavnou oblas\u0165ou ich vyu\u017eitia s\u00fa r\u00f4zne remeseln\u00edcke pr\u00e1ce a pr\u00e1ce v dome pri in\u0161tal\u00e1ci\u00e1ch do muriva a modern\u00fdch \u013eahk\u00fdch stavebn\u00fdch hm\u00f4t.\" \/>\n<meta property=\"og:url\" content=\"http:\/\/dafinoo.eu\/mirmar\/obchod\/adapter-sds-plus-pre-vrtaciu-korunku-118mm-p-643-19\/\" \/>\n<meta property=\"og:site_name\" content=\"MIR-MAR\" \/>\n<meta property=\"article:publisher\" content=\"https:\/\/facebook.com\/mirmareshop\" \/>\n<meta property=\"article:modified_time\" content=\"2021-04-21T12:48:23+00:00\" \/>\n<meta property=\"og:image\" content=\"https:\/\/i0.wp.com\/www.mirmar.sk\/wp-content\/uploads\/2021\/03\/4_4_18_1.jpg?fit=735%2C277&ssl=1\" \/>\n\t<meta property=\"og:image:width\" content=\"735\" \/>\n\t<meta property=\"og:image:height\" content=\"277\" \/>\n\t<meta property=\"og:image:type\" content=\"image\/jpeg\" \/>\n<script type=\"application\/ld+json\" class=\"yoast-schema-graph\">{\"@context\":\"https:\\\/\\\/schema.org\",\"@graph\":[{\"@type\":\"WebPage\",\"@id\":\"http:\\\/\\\/dafinoo.eu\\\/mirmar\\\/obchod\\\/adapter-sds-plus-pre-vrtaciu-korunku-118mm-p-643-19\\\/\",\"url\":\"http:\\\/\\\/dafinoo.eu\\\/mirmar\\\/obchod\\\/adapter-sds-plus-pre-vrtaciu-korunku-118mm-p-643-19\\\/\",\"name\":\"Makita Adapt\u00e9r SDS-Plus pre v\u0155taciu korunku 118mm P-643 19 - MIR-MAR\",\"isPartOf\":{\"@id\":\"http:\\\/\\\/dafinoo.eu\\\/mirmar\\\/#website\"},\"primaryImageOfPage\":{\"@id\":\"http:\\\/\\\/dafinoo.eu\\\/mirmar\\\/obchod\\\/adapter-sds-plus-pre-vrtaciu-korunku-118mm-p-643-19\\\/#primaryimage\"},\"image\":{\"@id\":\"http:\\\/\\\/dafinoo.eu\\\/mirmar\\\/obchod\\\/adapter-sds-plus-pre-vrtaciu-korunku-118mm-p-643-19\\\/#primaryimage\"},\"thumbnailUrl\":\"http:\\\/\\\/dafinoo.eu\\\/mirmar\\\/wp-content\\\/uploads\\\/2021\\\/03\\\/4_4_18_1.jpg\",\"datePublished\":\"2021-03-15T16:31:18+00:00\",\"dateModified\":\"2021-04-21T12:48:23+00:00\",\"breadcrumb\":{\"@id\":\"http:\\\/\\\/dafinoo.eu\\\/mirmar\\\/obchod\\\/adapter-sds-plus-pre-vrtaciu-korunku-118mm-p-643-19\\\/#breadcrumb\"},\"inLanguage\":\"sk-SK\",\"potentialAction\":[{\"@type\":\"ReadAction\",\"target\":[\"http:\\\/\\\/dafinoo.eu\\\/mirmar\\\/obchod\\\/adapter-sds-plus-pre-vrtaciu-korunku-118mm-p-643-19\\\/\"]}]},{\"@type\":\"ImageObject\",\"inLanguage\":\"sk-SK\",\"@id\":\"http:\\\/\\\/dafinoo.eu\\\/mirmar\\\/obchod\\\/adapter-sds-plus-pre-vrtaciu-korunku-118mm-p-643-19\\\/#primaryimage\",\"url\":\"http:\\\/\\\/dafinoo.eu\\\/mirmar\\\/wp-content\\\/uploads\\\/2021\\\/03\\\/4_4_18_1.jpg\",\"contentUrl\":\"http:\\\/\\\/dafinoo.eu\\\/mirmar\\\/wp-content\\\/uploads\\\/2021\\\/03\\\/4_4_18_1.jpg\",\"width\":735,\"height\":277},{\"@type\":\"BreadcrumbList\",\"@id\":\"http:\\\/\\\/dafinoo.eu\\\/mirmar\\\/obchod\\\/adapter-sds-plus-pre-vrtaciu-korunku-118mm-p-643-19\\\/#breadcrumb\",\"itemListElement\":[{\"@type\":\"ListItem\",\"position\":1,\"name\":\"Domovsk\u00e1 str\u00e1nka\",\"item\":\"http:\\\/\\\/dafinoo.eu\\\/mirmar\\\/\"},{\"@type\":\"ListItem\",\"position\":2,\"name\":\"Obchod\",\"item\":\"http:\\\/\\\/dafinoo.eu\\\/mirmar\\\/obchod\\\/\"},{\"@type\":\"ListItem\",\"position\":3,\"name\":\"Makita Adapt\u00e9r SDS-Plus pre v\u0155taciu korunku 118mm P-643 19\"}]},{\"@type\":\"WebSite\",\"@id\":\"http:\\\/\\\/dafinoo.eu\\\/mirmar\\\/#website\",\"url\":\"http:\\\/\\\/dafinoo.eu\\\/mirmar\\\/\",\"name\":\"MIR-MAR\",\"description\":\"Eshop s n\u00e1rad\u00edm\",\"publisher\":{\"@id\":\"http:\\\/\\\/dafinoo.eu\\\/mirmar\\\/#organization\"},\"potentialAction\":[{\"@type\":\"SearchAction\",\"target\":{\"@type\":\"EntryPoint\",\"urlTemplate\":\"http:\\\/\\\/dafinoo.eu\\\/mirmar\\\/?s={search_term_string}\"},\"query-input\":{\"@type\":\"PropertyValueSpecification\",\"valueRequired\":true,\"valueName\":\"search_term_string\"}}],\"inLanguage\":\"sk-SK\"},{\"@type\":\"Organization\",\"@id\":\"http:\\\/\\\/dafinoo.eu\\\/mirmar\\\/#organization\",\"name\":\"MIR-MAR\",\"url\":\"http:\\\/\\\/dafinoo.eu\\\/mirmar\\\/\",\"logo\":{\"@type\":\"ImageObject\",\"inLanguage\":\"sk-SK\",\"@id\":\"http:\\\/\\\/dafinoo.eu\\\/mirmar\\\/#\\\/schema\\\/logo\\\/image\\\/\",\"url\":\"http:\\\/\\\/dafinoo.eu\\\/mirmar\\\/wp-content\\\/uploads\\\/2021\\\/03\\\/mirmar_logo.png\",\"contentUrl\":\"http:\\\/\\\/dafinoo.eu\\\/mirmar\\\/wp-content\\\/uploads\\\/2021\\\/03\\\/mirmar_logo.png\",\"width\":256,\"height\":60,\"caption\":\"MIR-MAR\"},\"image\":{\"@id\":\"http:\\\/\\\/dafinoo.eu\\\/mirmar\\\/#\\\/schema\\\/logo\\\/image\\\/\"},\"sameAs\":[\"https:\\\/\\\/facebook.com\\\/mirmareshop\"]}]}<\/script>\n<!-- \/ Yoast SEO plugin. -->","yoast_head_json":{"title":"Makita Adapt\u00e9r SDS-Plus pre v\u0155taciu korunku 118mm P-643 19 - MIR-MAR","robots":{"index":"index","follow":"follow","max-snippet":"max-snippet:-1","max-image-preview":"max-image-preview:large","max-video-preview":"max-video-preview:-1"},"canonical":"http:\/\/dafinoo.eu\/mirmar\/obchod\/adapter-sds-plus-pre-vrtaciu-korunku-118mm-p-643-19\/","og_locale":"sk_SK","og_type":"article","og_title":"Makita Adapt\u00e9r SDS-Plus pre v\u0155taciu korunku 118mm P-643 19 - MIR-MAR","og_description":"d\u013a\u017eka: 75mm \u013dahk\u00e1 kon\u0161trukcia t\u00fdchto v\u0155tac\u00edch koruniek v\u00fdrazne roz\u0161iruje spektrum vyu\u017eitia v\u0155tac\u00edch klad\u00edv SDS-PLUS. Hlavnou oblas\u0165ou ich vyu\u017eitia s\u00fa r\u00f4zne remeseln\u00edcke pr\u00e1ce a pr\u00e1ce v dome pri in\u0161tal\u00e1ci\u00e1ch do muriva a modern\u00fdch \u013eahk\u00fdch stavebn\u00fdch hm\u00f4t.","og_url":"http:\/\/dafinoo.eu\/mirmar\/obchod\/adapter-sds-plus-pre-vrtaciu-korunku-118mm-p-643-19\/","og_site_name":"MIR-MAR","article_publisher":"https:\/\/facebook.com\/mirmareshop","article_modified_time":"2021-04-21T12:48:23+00:00","og_image":[{"width":735,"height":277,"url":"https:\/\/i0.wp.com\/www.mirmar.sk\/wp-content\/uploads\/2021\/03\/4_4_18_1.jpg?fit=735%2C277&ssl=1","type":"image\/jpeg"}],"schema":{"@context":"https:\/\/schema.org","@graph":[{"@type":"WebPage","@id":"http:\/\/dafinoo.eu\/mirmar\/obchod\/adapter-sds-plus-pre-vrtaciu-korunku-118mm-p-643-19\/","url":"http:\/\/dafinoo.eu\/mirmar\/obchod\/adapter-sds-plus-pre-vrtaciu-korunku-118mm-p-643-19\/","name":"Makita Adapt\u00e9r SDS-Plus pre v\u0155taciu korunku 118mm P-643 19 - MIR-MAR","isPartOf":{"@id":"http:\/\/dafinoo.eu\/mirmar\/#website"},"primaryImageOfPage":{"@id":"http:\/\/dafinoo.eu\/mirmar\/obchod\/adapter-sds-plus-pre-vrtaciu-korunku-118mm-p-643-19\/#primaryimage"},"image":{"@id":"http:\/\/dafinoo.eu\/mirmar\/obchod\/adapter-sds-plus-pre-vrtaciu-korunku-118mm-p-643-19\/#primaryimage"},"thumbnailUrl":"http:\/\/dafinoo.eu\/mirmar\/wp-content\/uploads\/2021\/03\/4_4_18_1.jpg","datePublished":"2021-03-15T16:31:18+00:00","dateModified":"2021-04-21T12:48:23+00:00","breadcrumb":{"@id":"http:\/\/dafinoo.eu\/mirmar\/obchod\/adapter-sds-plus-pre-vrtaciu-korunku-118mm-p-643-19\/#breadcrumb"},"inLanguage":"sk-SK","potentialAction":[{"@type":"ReadAction","target":["http:\/\/dafinoo.eu\/mirmar\/obchod\/adapter-sds-plus-pre-vrtaciu-korunku-118mm-p-643-19\/"]}]},{"@type":"ImageObject","inLanguage":"sk-SK","@id":"http:\/\/dafinoo.eu\/mirmar\/obchod\/adapter-sds-plus-pre-vrtaciu-korunku-118mm-p-643-19\/#primaryimage","url":"http:\/\/dafinoo.eu\/mirmar\/wp-content\/uploads\/2021\/03\/4_4_18_1.jpg","contentUrl":"http:\/\/dafinoo.eu\/mirmar\/wp-content\/uploads\/2021\/03\/4_4_18_1.jpg","width":735,"height":277},{"@type":"BreadcrumbList","@id":"http:\/\/dafinoo.eu\/mirmar\/obchod\/adapter-sds-plus-pre-vrtaciu-korunku-118mm-p-643-19\/#breadcrumb","itemListElement":[{"@type":"ListItem","position":1,"name":"Domovsk\u00e1 str\u00e1nka","item":"http:\/\/dafinoo.eu\/mirmar\/"},{"@type":"ListItem","position":2,"name":"Obchod","item":"http:\/\/dafinoo.eu\/mirmar\/obchod\/"},{"@type":"ListItem","position":3,"name":"Makita Adapt\u00e9r SDS-Plus pre v\u0155taciu korunku 118mm P-643 19"}]},{"@type":"WebSite","@id":"http:\/\/dafinoo.eu\/mirmar\/#website","url":"http:\/\/dafinoo.eu\/mirmar\/","name":"MIR-MAR","description":"Eshop s n\u00e1rad\u00edm","publisher":{"@id":"http:\/\/dafinoo.eu\/mirmar\/#organization"},"potentialAction":[{"@type":"SearchAction","target":{"@type":"EntryPoint","urlTemplate":"http:\/\/dafinoo.eu\/mirmar\/?s={search_term_string}"},"query-input":{"@type":"PropertyValueSpecification","valueRequired":true,"valueName":"search_term_string"}}],"inLanguage":"sk-SK"},{"@type":"Organization","@id":"http:\/\/dafinoo.eu\/mirmar\/#organization","name":"MIR-MAR","url":"http:\/\/dafinoo.eu\/mirmar\/","logo":{"@type":"ImageObject","inLanguage":"sk-SK","@id":"http:\/\/dafinoo.eu\/mirmar\/#\/schema\/logo\/image\/","url":"http:\/\/dafinoo.eu\/mirmar\/wp-content\/uploads\/2021\/03\/mirmar_logo.png","contentUrl":"http:\/\/dafinoo.eu\/mirmar\/wp-content\/uploads\/2021\/03\/mirmar_logo.png","width":256,"height":60,"caption":"MIR-MAR"},"image":{"@id":"http:\/\/dafinoo.eu\/mirmar\/#\/schema\/logo\/image\/"},"sameAs":["https:\/\/facebook.com\/mirmareshop"]}]}},"_links":{"self":[{"href":"http:\/\/dafinoo.eu\/mirmar\/wp-json\/wp\/v2\/product\/38574","targetHints":{"allow":["GET"]}}],"collection":[{"href":"http:\/\/dafinoo.eu\/mirmar\/wp-json\/wp\/v2\/product"}],"about":[{"href":"http:\/\/dafinoo.eu\/mirmar\/wp-json\/wp\/v2\/types\/product"}],"replies":[{"embeddable":true,"href":"http:\/\/dafinoo.eu\/mirmar\/wp-json\/wp\/v2\/comments?post=38574"}],"wp:featuredmedia":[{"embeddable":true,"href":"http:\/\/dafinoo.eu\/mirmar\/wp-json\/wp\/v2\/media\/38575"}],"wp:attachment":[{"href":"http:\/\/dafinoo.eu\/mirmar\/wp-json\/wp\/v2\/media?parent=38574"}],"wp:term":[{"taxonomy":"product_cat","embeddable":true,"href":"http:\/\/dafinoo.eu\/mirmar\/wp-json\/wp\/v2\/product_cat?post=38574"},{"taxonomy":"product_tag","embeddable":true,"href":"http:\/\/dafinoo.eu\/mirmar\/wp-json\/wp\/v2\/product_tag?post=38574"}],"curies":[{"name":"wp","href":"https:\/\/api.w.org\/{rel}","templated":true}]}}