{"id":38598,"date":"2021-03-15T17:31:18","date_gmt":"2021-03-15T16:31:18","guid":{"rendered":"http:\/\/dafinoo.eu\/mirmar\/product\/priklepovy-vrtak-sds-max-centro-15-200-340-p-171-08\/"},"modified":"2021-04-21T14:48:10","modified_gmt":"2021-04-21T12:48:10","slug":"priklepovy-vrtak-sds-max-centro-15-200-340-p-171-08","status":"publish","type":"product","link":"http:\/\/dafinoo.eu\/mirmar\/obchod\/priklepovy-vrtak-sds-max-centro-15-200-340-p-171-08\/","title":{"rendered":"Makita Pr\u00edklepov\u00fd vrt\u00e1k SDS-max &#8211; Centro 15\/200\/340* P-171 08"},"content":{"rendered":"<p>Symetrick\u00e1 kon\u0161trukcia hlavy vrt\u00e1ka Centro so 4 ostriami v spojen\u00ed s novou geometriou platni\u010diek z tvrd\u00e9ho kovu s vystre\u010fovacou \u0161pi\u010dkou zaru\u010duje presn\u00e9 nav\u0155tavanie a centrick\u00e9 vedenie vo v\u0155tanej diere. V\u010faka \u0161ikmo prebiehaj\u00facej \u0161pir\u00e1le na odv\u00e1dzanie odv\u0155tavan\u00e9ho prachu sa odv\u0155tan\u00fd prach vo ve\u013ekoobjemovej \u0161pir\u00e1le odv\u00e1dza plynulej\u0161ie.Umo\u017e\u0148uje to dosahova\u0165 vy\u0161\u0161iu r\u00fdchlos\u0165 v\u0155tania pri v\u00fdrazne dlh\u0161ej \u017eivotnosti. Vrt\u00e1ky Centro sa vyr\u00e1baj\u00fa s pevnou \u0161pir\u00e1lou KVS so zosilnen\u00fdm jadrom. Umo\u017e\u0148uje to v\u00fdrazn\u00e9 zn\u00ed\u017eenie vibr\u00e1ci\u00ed. Emisia hlu\u010dnosti je neporovnate\u013ene ni\u017e\u0161ia, \u010do prispieva k ochrane \u010dloveka i n\u00e1radia. Dve pr\u00eddavn\u00e9 bo\u010dn\u00e9 ostria chr\u00e1nia vrt\u00e1k pri nav\u0155tan\u00ed oce\u013eovej armat\u00fary a zabra\u0148uj\u00fa jeho po\u0161kodeniu. Priemery 12 &#8211; 15 sa dod\u00e1vaj\u00fa s 2 ostriami * predv\u0155ta\u0165 dieru s kr\u00e1tkym vrt\u00e1kom rovnak\u00e9ho priemeru najmenej do h\u013abky 150 mm<\/p>\n","protected":false},"excerpt":{"rendered":"<p>Pr\u00edklepov\u00fd vrt\u00e1k Centro so 4 ostriami, s up\u00ednan\u00edm SDS-max<\/p>\n<p>Priemer 15 mm<br \/>\nPracovn\u00e1 d\u013a\u017eka 200 mm<br \/>\nCelkov\u00e1 d\u013a\u017eka 340* mm<\/p>\n","protected":false},"featured_media":38599,"comment_status":"closed","ping_status":"open","template":"","meta":{"_lmt_disableupdate":"","_lmt_disable":""},"product_cat":[3051,3369],"product_tag":[],"class_list":{"0":"post-38598","1":"product","2":"type-product","3":"status-publish","4":"has-post-thumbnail","6":"product_cat-makita","7":"product_cat-makita-prislusenstvo","8":"ts_product_brand-makita","10":"first","11":"instock","12":"taxable","13":"shipping-taxable","14":"purchasable","15":"product-type-simple"},"yoast_head":"<!-- This site is optimized with the Yoast SEO plugin v27.3 - https:\/\/yoast.com\/product\/yoast-seo-wordpress\/ -->\n<title>Makita Pr\u00edklepov\u00fd vrt\u00e1k SDS-max - Centro 15\/200\/340* P-171 08 - MIR-MAR<\/title>\n<meta name=\"robots\" content=\"index, follow, max-snippet:-1, max-image-preview:large, max-video-preview:-1\" \/>\n<link rel=\"canonical\" href=\"http:\/\/dafinoo.eu\/mirmar\/obchod\/priklepovy-vrtak-sds-max-centro-15-200-340-p-171-08\/\" \/>\n<meta property=\"og:locale\" content=\"sk_SK\" \/>\n<meta property=\"og:type\" content=\"article\" \/>\n<meta property=\"og:title\" content=\"Makita Pr\u00edklepov\u00fd vrt\u00e1k SDS-max - Centro 15\/200\/340* P-171 08 - MIR-MAR\" \/>\n<meta property=\"og:description\" content=\"Pr\u00edklepov\u00fd vrt\u00e1k Centro so 4 ostriami, s up\u00ednan\u00edm SDS-max Priemer 15 mm Pracovn\u00e1 d\u013a\u017eka 200 mm Celkov\u00e1 d\u013a\u017eka 340* mm\" \/>\n<meta property=\"og:url\" content=\"http:\/\/dafinoo.eu\/mirmar\/obchod\/priklepovy-vrtak-sds-max-centro-15-200-340-p-171-08\/\" \/>\n<meta property=\"og:site_name\" content=\"MIR-MAR\" \/>\n<meta property=\"article:publisher\" content=\"https:\/\/facebook.com\/mirmareshop\" \/>\n<meta property=\"article:modified_time\" content=\"2021-04-21T12:48:10+00:00\" \/>\n<meta property=\"og:image\" content=\"https:\/\/i0.wp.com\/www.mirmar.sk\/wp-content\/uploads\/2021\/03\/1_3_106_1.jpg?fit=290%2C290&ssl=1\" \/>\n\t<meta property=\"og:image:width\" content=\"290\" \/>\n\t<meta property=\"og:image:height\" content=\"290\" \/>\n\t<meta property=\"og:image:type\" content=\"image\/jpeg\" \/>\n<meta name=\"twitter:label1\" content=\"Predpokladan\u00fd \u010das \u010d\u00edtania\" \/>\n\t<meta name=\"twitter:data1\" content=\"1 min\u00fata\" \/>\n<script type=\"application\/ld+json\" class=\"yoast-schema-graph\">{\"@context\":\"https:\\\/\\\/schema.org\",\"@graph\":[{\"@type\":\"WebPage\",\"@id\":\"http:\\\/\\\/dafinoo.eu\\\/mirmar\\\/obchod\\\/priklepovy-vrtak-sds-max-centro-15-200-340-p-171-08\\\/\",\"url\":\"http:\\\/\\\/dafinoo.eu\\\/mirmar\\\/obchod\\\/priklepovy-vrtak-sds-max-centro-15-200-340-p-171-08\\\/\",\"name\":\"Makita Pr\u00edklepov\u00fd vrt\u00e1k SDS-max - Centro 15\\\/200\\\/340* P-171 08 - MIR-MAR\",\"isPartOf\":{\"@id\":\"http:\\\/\\\/dafinoo.eu\\\/mirmar\\\/#website\"},\"primaryImageOfPage\":{\"@id\":\"http:\\\/\\\/dafinoo.eu\\\/mirmar\\\/obchod\\\/priklepovy-vrtak-sds-max-centro-15-200-340-p-171-08\\\/#primaryimage\"},\"image\":{\"@id\":\"http:\\\/\\\/dafinoo.eu\\\/mirmar\\\/obchod\\\/priklepovy-vrtak-sds-max-centro-15-200-340-p-171-08\\\/#primaryimage\"},\"thumbnailUrl\":\"http:\\\/\\\/dafinoo.eu\\\/mirmar\\\/wp-content\\\/uploads\\\/2021\\\/03\\\/1_3_106_1.jpg\",\"datePublished\":\"2021-03-15T16:31:18+00:00\",\"dateModified\":\"2021-04-21T12:48:10+00:00\",\"breadcrumb\":{\"@id\":\"http:\\\/\\\/dafinoo.eu\\\/mirmar\\\/obchod\\\/priklepovy-vrtak-sds-max-centro-15-200-340-p-171-08\\\/#breadcrumb\"},\"inLanguage\":\"sk-SK\",\"potentialAction\":[{\"@type\":\"ReadAction\",\"target\":[\"http:\\\/\\\/dafinoo.eu\\\/mirmar\\\/obchod\\\/priklepovy-vrtak-sds-max-centro-15-200-340-p-171-08\\\/\"]}]},{\"@type\":\"ImageObject\",\"inLanguage\":\"sk-SK\",\"@id\":\"http:\\\/\\\/dafinoo.eu\\\/mirmar\\\/obchod\\\/priklepovy-vrtak-sds-max-centro-15-200-340-p-171-08\\\/#primaryimage\",\"url\":\"http:\\\/\\\/dafinoo.eu\\\/mirmar\\\/wp-content\\\/uploads\\\/2021\\\/03\\\/1_3_106_1.jpg\",\"contentUrl\":\"http:\\\/\\\/dafinoo.eu\\\/mirmar\\\/wp-content\\\/uploads\\\/2021\\\/03\\\/1_3_106_1.jpg\",\"width\":290,\"height\":290},{\"@type\":\"BreadcrumbList\",\"@id\":\"http:\\\/\\\/dafinoo.eu\\\/mirmar\\\/obchod\\\/priklepovy-vrtak-sds-max-centro-15-200-340-p-171-08\\\/#breadcrumb\",\"itemListElement\":[{\"@type\":\"ListItem\",\"position\":1,\"name\":\"Domovsk\u00e1 str\u00e1nka\",\"item\":\"http:\\\/\\\/dafinoo.eu\\\/mirmar\\\/\"},{\"@type\":\"ListItem\",\"position\":2,\"name\":\"Obchod\",\"item\":\"http:\\\/\\\/dafinoo.eu\\\/mirmar\\\/obchod\\\/\"},{\"@type\":\"ListItem\",\"position\":3,\"name\":\"Makita Pr\u00edklepov\u00fd vrt\u00e1k SDS-max &#8211; Centro 15\\\/200\\\/340* P-171 08\"}]},{\"@type\":\"WebSite\",\"@id\":\"http:\\\/\\\/dafinoo.eu\\\/mirmar\\\/#website\",\"url\":\"http:\\\/\\\/dafinoo.eu\\\/mirmar\\\/\",\"name\":\"MIR-MAR\",\"description\":\"Eshop s n\u00e1rad\u00edm\",\"publisher\":{\"@id\":\"http:\\\/\\\/dafinoo.eu\\\/mirmar\\\/#organization\"},\"potentialAction\":[{\"@type\":\"SearchAction\",\"target\":{\"@type\":\"EntryPoint\",\"urlTemplate\":\"http:\\\/\\\/dafinoo.eu\\\/mirmar\\\/?s={search_term_string}\"},\"query-input\":{\"@type\":\"PropertyValueSpecification\",\"valueRequired\":true,\"valueName\":\"search_term_string\"}}],\"inLanguage\":\"sk-SK\"},{\"@type\":\"Organization\",\"@id\":\"http:\\\/\\\/dafinoo.eu\\\/mirmar\\\/#organization\",\"name\":\"MIR-MAR\",\"url\":\"http:\\\/\\\/dafinoo.eu\\\/mirmar\\\/\",\"logo\":{\"@type\":\"ImageObject\",\"inLanguage\":\"sk-SK\",\"@id\":\"http:\\\/\\\/dafinoo.eu\\\/mirmar\\\/#\\\/schema\\\/logo\\\/image\\\/\",\"url\":\"http:\\\/\\\/dafinoo.eu\\\/mirmar\\\/wp-content\\\/uploads\\\/2021\\\/03\\\/mirmar_logo.png\",\"contentUrl\":\"http:\\\/\\\/dafinoo.eu\\\/mirmar\\\/wp-content\\\/uploads\\\/2021\\\/03\\\/mirmar_logo.png\",\"width\":256,\"height\":60,\"caption\":\"MIR-MAR\"},\"image\":{\"@id\":\"http:\\\/\\\/dafinoo.eu\\\/mirmar\\\/#\\\/schema\\\/logo\\\/image\\\/\"},\"sameAs\":[\"https:\\\/\\\/facebook.com\\\/mirmareshop\"]}]}<\/script>\n<!-- \/ Yoast SEO plugin. -->","yoast_head_json":{"title":"Makita Pr\u00edklepov\u00fd vrt\u00e1k SDS-max - Centro 15\/200\/340* P-171 08 - MIR-MAR","robots":{"index":"index","follow":"follow","max-snippet":"max-snippet:-1","max-image-preview":"max-image-preview:large","max-video-preview":"max-video-preview:-1"},"canonical":"http:\/\/dafinoo.eu\/mirmar\/obchod\/priklepovy-vrtak-sds-max-centro-15-200-340-p-171-08\/","og_locale":"sk_SK","og_type":"article","og_title":"Makita Pr\u00edklepov\u00fd vrt\u00e1k SDS-max - Centro 15\/200\/340* P-171 08 - MIR-MAR","og_description":"Pr\u00edklepov\u00fd vrt\u00e1k Centro so 4 ostriami, s up\u00ednan\u00edm SDS-max Priemer 15 mm Pracovn\u00e1 d\u013a\u017eka 200 mm Celkov\u00e1 d\u013a\u017eka 340* mm","og_url":"http:\/\/dafinoo.eu\/mirmar\/obchod\/priklepovy-vrtak-sds-max-centro-15-200-340-p-171-08\/","og_site_name":"MIR-MAR","article_publisher":"https:\/\/facebook.com\/mirmareshop","article_modified_time":"2021-04-21T12:48:10+00:00","og_image":[{"width":290,"height":290,"url":"https:\/\/i0.wp.com\/www.mirmar.sk\/wp-content\/uploads\/2021\/03\/1_3_106_1.jpg?fit=290%2C290&ssl=1","type":"image\/jpeg"}],"twitter_misc":{"Predpokladan\u00fd \u010das \u010d\u00edtania":"1 min\u00fata"},"schema":{"@context":"https:\/\/schema.org","@graph":[{"@type":"WebPage","@id":"http:\/\/dafinoo.eu\/mirmar\/obchod\/priklepovy-vrtak-sds-max-centro-15-200-340-p-171-08\/","url":"http:\/\/dafinoo.eu\/mirmar\/obchod\/priklepovy-vrtak-sds-max-centro-15-200-340-p-171-08\/","name":"Makita Pr\u00edklepov\u00fd vrt\u00e1k SDS-max - Centro 15\/200\/340* P-171 08 - MIR-MAR","isPartOf":{"@id":"http:\/\/dafinoo.eu\/mirmar\/#website"},"primaryImageOfPage":{"@id":"http:\/\/dafinoo.eu\/mirmar\/obchod\/priklepovy-vrtak-sds-max-centro-15-200-340-p-171-08\/#primaryimage"},"image":{"@id":"http:\/\/dafinoo.eu\/mirmar\/obchod\/priklepovy-vrtak-sds-max-centro-15-200-340-p-171-08\/#primaryimage"},"thumbnailUrl":"http:\/\/dafinoo.eu\/mirmar\/wp-content\/uploads\/2021\/03\/1_3_106_1.jpg","datePublished":"2021-03-15T16:31:18+00:00","dateModified":"2021-04-21T12:48:10+00:00","breadcrumb":{"@id":"http:\/\/dafinoo.eu\/mirmar\/obchod\/priklepovy-vrtak-sds-max-centro-15-200-340-p-171-08\/#breadcrumb"},"inLanguage":"sk-SK","potentialAction":[{"@type":"ReadAction","target":["http:\/\/dafinoo.eu\/mirmar\/obchod\/priklepovy-vrtak-sds-max-centro-15-200-340-p-171-08\/"]}]},{"@type":"ImageObject","inLanguage":"sk-SK","@id":"http:\/\/dafinoo.eu\/mirmar\/obchod\/priklepovy-vrtak-sds-max-centro-15-200-340-p-171-08\/#primaryimage","url":"http:\/\/dafinoo.eu\/mirmar\/wp-content\/uploads\/2021\/03\/1_3_106_1.jpg","contentUrl":"http:\/\/dafinoo.eu\/mirmar\/wp-content\/uploads\/2021\/03\/1_3_106_1.jpg","width":290,"height":290},{"@type":"BreadcrumbList","@id":"http:\/\/dafinoo.eu\/mirmar\/obchod\/priklepovy-vrtak-sds-max-centro-15-200-340-p-171-08\/#breadcrumb","itemListElement":[{"@type":"ListItem","position":1,"name":"Domovsk\u00e1 str\u00e1nka","item":"http:\/\/dafinoo.eu\/mirmar\/"},{"@type":"ListItem","position":2,"name":"Obchod","item":"http:\/\/dafinoo.eu\/mirmar\/obchod\/"},{"@type":"ListItem","position":3,"name":"Makita Pr\u00edklepov\u00fd vrt\u00e1k SDS-max &#8211; Centro 15\/200\/340* P-171 08"}]},{"@type":"WebSite","@id":"http:\/\/dafinoo.eu\/mirmar\/#website","url":"http:\/\/dafinoo.eu\/mirmar\/","name":"MIR-MAR","description":"Eshop s n\u00e1rad\u00edm","publisher":{"@id":"http:\/\/dafinoo.eu\/mirmar\/#organization"},"potentialAction":[{"@type":"SearchAction","target":{"@type":"EntryPoint","urlTemplate":"http:\/\/dafinoo.eu\/mirmar\/?s={search_term_string}"},"query-input":{"@type":"PropertyValueSpecification","valueRequired":true,"valueName":"search_term_string"}}],"inLanguage":"sk-SK"},{"@type":"Organization","@id":"http:\/\/dafinoo.eu\/mirmar\/#organization","name":"MIR-MAR","url":"http:\/\/dafinoo.eu\/mirmar\/","logo":{"@type":"ImageObject","inLanguage":"sk-SK","@id":"http:\/\/dafinoo.eu\/mirmar\/#\/schema\/logo\/image\/","url":"http:\/\/dafinoo.eu\/mirmar\/wp-content\/uploads\/2021\/03\/mirmar_logo.png","contentUrl":"http:\/\/dafinoo.eu\/mirmar\/wp-content\/uploads\/2021\/03\/mirmar_logo.png","width":256,"height":60,"caption":"MIR-MAR"},"image":{"@id":"http:\/\/dafinoo.eu\/mirmar\/#\/schema\/logo\/image\/"},"sameAs":["https:\/\/facebook.com\/mirmareshop"]}]}},"_links":{"self":[{"href":"http:\/\/dafinoo.eu\/mirmar\/wp-json\/wp\/v2\/product\/38598","targetHints":{"allow":["GET"]}}],"collection":[{"href":"http:\/\/dafinoo.eu\/mirmar\/wp-json\/wp\/v2\/product"}],"about":[{"href":"http:\/\/dafinoo.eu\/mirmar\/wp-json\/wp\/v2\/types\/product"}],"replies":[{"embeddable":true,"href":"http:\/\/dafinoo.eu\/mirmar\/wp-json\/wp\/v2\/comments?post=38598"}],"wp:featuredmedia":[{"embeddable":true,"href":"http:\/\/dafinoo.eu\/mirmar\/wp-json\/wp\/v2\/media\/38599"}],"wp:attachment":[{"href":"http:\/\/dafinoo.eu\/mirmar\/wp-json\/wp\/v2\/media?parent=38598"}],"wp:term":[{"taxonomy":"product_cat","embeddable":true,"href":"http:\/\/dafinoo.eu\/mirmar\/wp-json\/wp\/v2\/product_cat?post=38598"},{"taxonomy":"product_tag","embeddable":true,"href":"http:\/\/dafinoo.eu\/mirmar\/wp-json\/wp\/v2\/product_tag?post=38598"}],"curies":[{"name":"wp","href":"https:\/\/api.w.org\/{rel}","templated":true}]}}