{"id":38716,"date":"2021-03-15T17:31:47","date_gmt":"2021-03-15T16:31:47","guid":{"rendered":"http:\/\/dafinoo.eu\/mirmar\/product\/lopatkovy-sekac-sds-max-makita-100x400mm-p-237-21\/"},"modified":"2021-04-19T19:49:19","modified_gmt":"2021-04-19T17:49:19","slug":"lopatkovy-sekac-sds-max-makita-100x400mm-p-237-21","status":"publish","type":"product","link":"http:\/\/dafinoo.eu\/mirmar\/obchod\/lopatkovy-sekac-sds-max-makita-100x400mm-p-237-21\/","title":{"rendered":"Lopatkov\u00fd sek\u00e1\u010d SDS-max Makita (100x400mm) P-237 21"},"content":{"rendered":"<p>Sekacie n\u00e1stroje a pr\u00edslu\u0161enstvo SDS-max<\/p>\n","protected":false},"excerpt":{"rendered":"<p>&#8211; ve\u013ekos\u0165: 100 x 400 mm<br \/>\n&#8211; na v\u0161eobecn\u00e9 z\u00e1hradn\u00edcke a po\u013enohospod\u00e1rske pr\u00e1ce, na kopanie v hline, zhut\u0148ovanie \u0161trku a bet\u00f3nej ka\u0161e, na ve\u013ekoplo\u0161n\u00e9 v\u0161eobecn\u00e9 cest\u00e1rske pr\u00e1ce<\/p>\n","protected":false},"featured_media":38717,"comment_status":"closed","ping_status":"open","template":"","meta":{"_lmt_disableupdate":"","_lmt_disable":""},"product_cat":[3051,3369],"product_tag":[],"class_list":{"0":"post-38716","1":"product","2":"type-product","3":"status-publish","4":"has-post-thumbnail","6":"product_cat-makita","7":"product_cat-makita-prislusenstvo","8":"ts_product_brand-makita","10":"first","11":"instock","12":"taxable","13":"shipping-taxable","14":"purchasable","15":"product-type-simple"},"yoast_head":"<!-- This site is optimized with the Yoast SEO plugin v27.3 - https:\/\/yoast.com\/product\/yoast-seo-wordpress\/ -->\n<title>Lopatkov\u00fd sek\u00e1\u010d SDS-max Makita (100x400mm) P-237 21 - MIR-MAR<\/title>\n<meta name=\"robots\" content=\"index, follow, max-snippet:-1, max-image-preview:large, max-video-preview:-1\" \/>\n<link rel=\"canonical\" href=\"http:\/\/dafinoo.eu\/mirmar\/obchod\/lopatkovy-sekac-sds-max-makita-100x400mm-p-237-21\/\" \/>\n<meta property=\"og:locale\" content=\"sk_SK\" \/>\n<meta property=\"og:type\" content=\"article\" \/>\n<meta property=\"og:title\" content=\"Lopatkov\u00fd sek\u00e1\u010d SDS-max Makita (100x400mm) P-237 21 - MIR-MAR\" \/>\n<meta property=\"og:description\" content=\"- ve\u013ekos\u0165: 100 x 400 mm - na v\u0161eobecn\u00e9 z\u00e1hradn\u00edcke a po\u013enohospod\u00e1rske pr\u00e1ce, na kopanie v hline, zhut\u0148ovanie \u0161trku a bet\u00f3nej ka\u0161e, na ve\u013ekoplo\u0161n\u00e9 v\u0161eobecn\u00e9 cest\u00e1rske pr\u00e1ce\" \/>\n<meta property=\"og:url\" content=\"http:\/\/dafinoo.eu\/mirmar\/obchod\/lopatkovy-sekac-sds-max-makita-100x400mm-p-237-21\/\" \/>\n<meta property=\"og:site_name\" content=\"MIR-MAR\" \/>\n<meta property=\"article:publisher\" content=\"https:\/\/facebook.com\/mirmareshop\" \/>\n<meta property=\"article:modified_time\" content=\"2021-04-19T17:49:19+00:00\" \/>\n<meta property=\"og:image\" content=\"https:\/\/i2.wp.com\/www.mirmar.sk\/wp-content\/uploads\/2021\/03\/6_3_23_1.jpg?fit=604%2C340&ssl=1\" \/>\n\t<meta property=\"og:image:width\" content=\"604\" \/>\n\t<meta property=\"og:image:height\" content=\"340\" \/>\n\t<meta property=\"og:image:type\" content=\"image\/jpeg\" \/>\n<script type=\"application\/ld+json\" class=\"yoast-schema-graph\">{\"@context\":\"https:\\\/\\\/schema.org\",\"@graph\":[{\"@type\":\"WebPage\",\"@id\":\"http:\\\/\\\/dafinoo.eu\\\/mirmar\\\/obchod\\\/lopatkovy-sekac-sds-max-makita-100x400mm-p-237-21\\\/\",\"url\":\"http:\\\/\\\/dafinoo.eu\\\/mirmar\\\/obchod\\\/lopatkovy-sekac-sds-max-makita-100x400mm-p-237-21\\\/\",\"name\":\"Lopatkov\u00fd sek\u00e1\u010d SDS-max Makita (100x400mm) P-237 21 - MIR-MAR\",\"isPartOf\":{\"@id\":\"http:\\\/\\\/dafinoo.eu\\\/mirmar\\\/#website\"},\"primaryImageOfPage\":{\"@id\":\"http:\\\/\\\/dafinoo.eu\\\/mirmar\\\/obchod\\\/lopatkovy-sekac-sds-max-makita-100x400mm-p-237-21\\\/#primaryimage\"},\"image\":{\"@id\":\"http:\\\/\\\/dafinoo.eu\\\/mirmar\\\/obchod\\\/lopatkovy-sekac-sds-max-makita-100x400mm-p-237-21\\\/#primaryimage\"},\"thumbnailUrl\":\"http:\\\/\\\/dafinoo.eu\\\/mirmar\\\/wp-content\\\/uploads\\\/2021\\\/03\\\/6_3_23_1.jpg\",\"datePublished\":\"2021-03-15T16:31:47+00:00\",\"dateModified\":\"2021-04-19T17:49:19+00:00\",\"breadcrumb\":{\"@id\":\"http:\\\/\\\/dafinoo.eu\\\/mirmar\\\/obchod\\\/lopatkovy-sekac-sds-max-makita-100x400mm-p-237-21\\\/#breadcrumb\"},\"inLanguage\":\"sk-SK\",\"potentialAction\":[{\"@type\":\"ReadAction\",\"target\":[\"http:\\\/\\\/dafinoo.eu\\\/mirmar\\\/obchod\\\/lopatkovy-sekac-sds-max-makita-100x400mm-p-237-21\\\/\"]}]},{\"@type\":\"ImageObject\",\"inLanguage\":\"sk-SK\",\"@id\":\"http:\\\/\\\/dafinoo.eu\\\/mirmar\\\/obchod\\\/lopatkovy-sekac-sds-max-makita-100x400mm-p-237-21\\\/#primaryimage\",\"url\":\"http:\\\/\\\/dafinoo.eu\\\/mirmar\\\/wp-content\\\/uploads\\\/2021\\\/03\\\/6_3_23_1.jpg\",\"contentUrl\":\"http:\\\/\\\/dafinoo.eu\\\/mirmar\\\/wp-content\\\/uploads\\\/2021\\\/03\\\/6_3_23_1.jpg\",\"width\":604,\"height\":340},{\"@type\":\"BreadcrumbList\",\"@id\":\"http:\\\/\\\/dafinoo.eu\\\/mirmar\\\/obchod\\\/lopatkovy-sekac-sds-max-makita-100x400mm-p-237-21\\\/#breadcrumb\",\"itemListElement\":[{\"@type\":\"ListItem\",\"position\":1,\"name\":\"Domovsk\u00e1 str\u00e1nka\",\"item\":\"http:\\\/\\\/dafinoo.eu\\\/mirmar\\\/\"},{\"@type\":\"ListItem\",\"position\":2,\"name\":\"Obchod\",\"item\":\"http:\\\/\\\/dafinoo.eu\\\/mirmar\\\/obchod\\\/\"},{\"@type\":\"ListItem\",\"position\":3,\"name\":\"Lopatkov\u00fd sek\u00e1\u010d SDS-max Makita (100x400mm) P-237 21\"}]},{\"@type\":\"WebSite\",\"@id\":\"http:\\\/\\\/dafinoo.eu\\\/mirmar\\\/#website\",\"url\":\"http:\\\/\\\/dafinoo.eu\\\/mirmar\\\/\",\"name\":\"MIR-MAR\",\"description\":\"Eshop s n\u00e1rad\u00edm\",\"publisher\":{\"@id\":\"http:\\\/\\\/dafinoo.eu\\\/mirmar\\\/#organization\"},\"potentialAction\":[{\"@type\":\"SearchAction\",\"target\":{\"@type\":\"EntryPoint\",\"urlTemplate\":\"http:\\\/\\\/dafinoo.eu\\\/mirmar\\\/?s={search_term_string}\"},\"query-input\":{\"@type\":\"PropertyValueSpecification\",\"valueRequired\":true,\"valueName\":\"search_term_string\"}}],\"inLanguage\":\"sk-SK\"},{\"@type\":\"Organization\",\"@id\":\"http:\\\/\\\/dafinoo.eu\\\/mirmar\\\/#organization\",\"name\":\"MIR-MAR\",\"url\":\"http:\\\/\\\/dafinoo.eu\\\/mirmar\\\/\",\"logo\":{\"@type\":\"ImageObject\",\"inLanguage\":\"sk-SK\",\"@id\":\"http:\\\/\\\/dafinoo.eu\\\/mirmar\\\/#\\\/schema\\\/logo\\\/image\\\/\",\"url\":\"http:\\\/\\\/dafinoo.eu\\\/mirmar\\\/wp-content\\\/uploads\\\/2021\\\/03\\\/mirmar_logo.png\",\"contentUrl\":\"http:\\\/\\\/dafinoo.eu\\\/mirmar\\\/wp-content\\\/uploads\\\/2021\\\/03\\\/mirmar_logo.png\",\"width\":256,\"height\":60,\"caption\":\"MIR-MAR\"},\"image\":{\"@id\":\"http:\\\/\\\/dafinoo.eu\\\/mirmar\\\/#\\\/schema\\\/logo\\\/image\\\/\"},\"sameAs\":[\"https:\\\/\\\/facebook.com\\\/mirmareshop\"]}]}<\/script>\n<!-- \/ Yoast SEO plugin. -->","yoast_head_json":{"title":"Lopatkov\u00fd sek\u00e1\u010d SDS-max Makita (100x400mm) P-237 21 - MIR-MAR","robots":{"index":"index","follow":"follow","max-snippet":"max-snippet:-1","max-image-preview":"max-image-preview:large","max-video-preview":"max-video-preview:-1"},"canonical":"http:\/\/dafinoo.eu\/mirmar\/obchod\/lopatkovy-sekac-sds-max-makita-100x400mm-p-237-21\/","og_locale":"sk_SK","og_type":"article","og_title":"Lopatkov\u00fd sek\u00e1\u010d SDS-max Makita (100x400mm) P-237 21 - MIR-MAR","og_description":"- ve\u013ekos\u0165: 100 x 400 mm - na v\u0161eobecn\u00e9 z\u00e1hradn\u00edcke a po\u013enohospod\u00e1rske pr\u00e1ce, na kopanie v hline, zhut\u0148ovanie \u0161trku a bet\u00f3nej ka\u0161e, na ve\u013ekoplo\u0161n\u00e9 v\u0161eobecn\u00e9 cest\u00e1rske pr\u00e1ce","og_url":"http:\/\/dafinoo.eu\/mirmar\/obchod\/lopatkovy-sekac-sds-max-makita-100x400mm-p-237-21\/","og_site_name":"MIR-MAR","article_publisher":"https:\/\/facebook.com\/mirmareshop","article_modified_time":"2021-04-19T17:49:19+00:00","og_image":[{"width":604,"height":340,"url":"https:\/\/i2.wp.com\/www.mirmar.sk\/wp-content\/uploads\/2021\/03\/6_3_23_1.jpg?fit=604%2C340&ssl=1","type":"image\/jpeg"}],"schema":{"@context":"https:\/\/schema.org","@graph":[{"@type":"WebPage","@id":"http:\/\/dafinoo.eu\/mirmar\/obchod\/lopatkovy-sekac-sds-max-makita-100x400mm-p-237-21\/","url":"http:\/\/dafinoo.eu\/mirmar\/obchod\/lopatkovy-sekac-sds-max-makita-100x400mm-p-237-21\/","name":"Lopatkov\u00fd sek\u00e1\u010d SDS-max Makita (100x400mm) P-237 21 - MIR-MAR","isPartOf":{"@id":"http:\/\/dafinoo.eu\/mirmar\/#website"},"primaryImageOfPage":{"@id":"http:\/\/dafinoo.eu\/mirmar\/obchod\/lopatkovy-sekac-sds-max-makita-100x400mm-p-237-21\/#primaryimage"},"image":{"@id":"http:\/\/dafinoo.eu\/mirmar\/obchod\/lopatkovy-sekac-sds-max-makita-100x400mm-p-237-21\/#primaryimage"},"thumbnailUrl":"http:\/\/dafinoo.eu\/mirmar\/wp-content\/uploads\/2021\/03\/6_3_23_1.jpg","datePublished":"2021-03-15T16:31:47+00:00","dateModified":"2021-04-19T17:49:19+00:00","breadcrumb":{"@id":"http:\/\/dafinoo.eu\/mirmar\/obchod\/lopatkovy-sekac-sds-max-makita-100x400mm-p-237-21\/#breadcrumb"},"inLanguage":"sk-SK","potentialAction":[{"@type":"ReadAction","target":["http:\/\/dafinoo.eu\/mirmar\/obchod\/lopatkovy-sekac-sds-max-makita-100x400mm-p-237-21\/"]}]},{"@type":"ImageObject","inLanguage":"sk-SK","@id":"http:\/\/dafinoo.eu\/mirmar\/obchod\/lopatkovy-sekac-sds-max-makita-100x400mm-p-237-21\/#primaryimage","url":"http:\/\/dafinoo.eu\/mirmar\/wp-content\/uploads\/2021\/03\/6_3_23_1.jpg","contentUrl":"http:\/\/dafinoo.eu\/mirmar\/wp-content\/uploads\/2021\/03\/6_3_23_1.jpg","width":604,"height":340},{"@type":"BreadcrumbList","@id":"http:\/\/dafinoo.eu\/mirmar\/obchod\/lopatkovy-sekac-sds-max-makita-100x400mm-p-237-21\/#breadcrumb","itemListElement":[{"@type":"ListItem","position":1,"name":"Domovsk\u00e1 str\u00e1nka","item":"http:\/\/dafinoo.eu\/mirmar\/"},{"@type":"ListItem","position":2,"name":"Obchod","item":"http:\/\/dafinoo.eu\/mirmar\/obchod\/"},{"@type":"ListItem","position":3,"name":"Lopatkov\u00fd sek\u00e1\u010d SDS-max Makita (100x400mm) P-237 21"}]},{"@type":"WebSite","@id":"http:\/\/dafinoo.eu\/mirmar\/#website","url":"http:\/\/dafinoo.eu\/mirmar\/","name":"MIR-MAR","description":"Eshop s n\u00e1rad\u00edm","publisher":{"@id":"http:\/\/dafinoo.eu\/mirmar\/#organization"},"potentialAction":[{"@type":"SearchAction","target":{"@type":"EntryPoint","urlTemplate":"http:\/\/dafinoo.eu\/mirmar\/?s={search_term_string}"},"query-input":{"@type":"PropertyValueSpecification","valueRequired":true,"valueName":"search_term_string"}}],"inLanguage":"sk-SK"},{"@type":"Organization","@id":"http:\/\/dafinoo.eu\/mirmar\/#organization","name":"MIR-MAR","url":"http:\/\/dafinoo.eu\/mirmar\/","logo":{"@type":"ImageObject","inLanguage":"sk-SK","@id":"http:\/\/dafinoo.eu\/mirmar\/#\/schema\/logo\/image\/","url":"http:\/\/dafinoo.eu\/mirmar\/wp-content\/uploads\/2021\/03\/mirmar_logo.png","contentUrl":"http:\/\/dafinoo.eu\/mirmar\/wp-content\/uploads\/2021\/03\/mirmar_logo.png","width":256,"height":60,"caption":"MIR-MAR"},"image":{"@id":"http:\/\/dafinoo.eu\/mirmar\/#\/schema\/logo\/image\/"},"sameAs":["https:\/\/facebook.com\/mirmareshop"]}]}},"_links":{"self":[{"href":"http:\/\/dafinoo.eu\/mirmar\/wp-json\/wp\/v2\/product\/38716","targetHints":{"allow":["GET"]}}],"collection":[{"href":"http:\/\/dafinoo.eu\/mirmar\/wp-json\/wp\/v2\/product"}],"about":[{"href":"http:\/\/dafinoo.eu\/mirmar\/wp-json\/wp\/v2\/types\/product"}],"replies":[{"embeddable":true,"href":"http:\/\/dafinoo.eu\/mirmar\/wp-json\/wp\/v2\/comments?post=38716"}],"wp:featuredmedia":[{"embeddable":true,"href":"http:\/\/dafinoo.eu\/mirmar\/wp-json\/wp\/v2\/media\/38717"}],"wp:attachment":[{"href":"http:\/\/dafinoo.eu\/mirmar\/wp-json\/wp\/v2\/media?parent=38716"}],"wp:term":[{"taxonomy":"product_cat","embeddable":true,"href":"http:\/\/dafinoo.eu\/mirmar\/wp-json\/wp\/v2\/product_cat?post=38716"},{"taxonomy":"product_tag","embeddable":true,"href":"http:\/\/dafinoo.eu\/mirmar\/wp-json\/wp\/v2\/product_tag?post=38716"}],"curies":[{"name":"wp","href":"https:\/\/api.w.org\/{rel}","templated":true}]}}