{"id":38760,"date":"2021-03-15T17:32:04","date_gmt":"2021-03-15T16:32:04","guid":{"rendered":"http:\/\/dafinoo.eu\/mirmar\/product\/vrtacia-korunka-sds-max-jednodielna-o-150mm-550mm-p-260-10\/"},"modified":"2021-04-21T14:46:07","modified_gmt":"2021-04-21T12:46:07","slug":"vrtacia-korunka-sds-max-jednodielna-o-150mm-550mm-p-260-10","status":"publish","type":"product","link":"http:\/\/dafinoo.eu\/mirmar\/obchod\/vrtacia-korunka-sds-max-jednodielna-o-150mm-550mm-p-260-10\/","title":{"rendered":"Makita V\u0155tacia korunka SDS-max &#8220;jednodielna&#8221; \u00d8 150mm\/ 550mm P-260 10"},"content":{"rendered":"<p>V\u0155tacie korunky Makita s\u00fa ide\u00e1lne na v\u0155tanie do bet\u00f3nu, muriva a pr\u00edrodn\u00e9ho kame\u0148a.<br \/>\nVeniec korunky je osaden\u00fd symetricky usporiadan\u00fdmi , pevn\u00fdmi \u0161peci\u00e1lnymi zubami z tvrd\u00e9ho kovu. Priamy prenos energie pr\u00edklepu umo\u017e\u0148uje dosahova\u0165 r\u00fdchly postup v\u0155tania.<br \/>\n\u00da\u010dinn\u00e1 vonkaj\u0161ia dr\u00e1\u017eka v tvare \u0161pir\u00e1ly minimalizuje straty tren\u00edm, umo\u017e\u0148uje r\u00fdchly odsun odvratn\u00e9ho prachu a je z\u00e1rukou dlhej \u017eivotnosti.<\/p>\n","protected":false},"excerpt":{"rendered":"<p>Priemer: 150 mm<br \/>\nCelkov\u00e1 d\u013a\u017eka: 550 mm<\/p>\n","protected":false},"featured_media":38761,"comment_status":"closed","ping_status":"open","template":"","meta":{"_lmt_disableupdate":"","_lmt_disable":""},"product_cat":[3051,3369],"product_tag":[],"class_list":{"0":"post-38760","1":"product","2":"type-product","3":"status-publish","4":"has-post-thumbnail","6":"product_cat-makita","7":"product_cat-makita-prislusenstvo","8":"ts_product_brand-makita","10":"first","11":"instock","12":"taxable","13":"shipping-taxable","14":"purchasable","15":"product-type-simple"},"yoast_head":"<!-- This site is optimized with the Yoast SEO plugin v27.3 - https:\/\/yoast.com\/product\/yoast-seo-wordpress\/ -->\n<title>Makita V\u0155tacia korunka SDS-max &quot;jednodielna&quot; \u00d8 150mm\/ 550mm P-260 10 - MIR-MAR<\/title>\n<meta name=\"robots\" content=\"index, follow, max-snippet:-1, max-image-preview:large, max-video-preview:-1\" \/>\n<link rel=\"canonical\" href=\"http:\/\/dafinoo.eu\/mirmar\/obchod\/vrtacia-korunka-sds-max-jednodielna-o-150mm-550mm-p-260-10\/\" \/>\n<meta property=\"og:locale\" content=\"sk_SK\" \/>\n<meta property=\"og:type\" content=\"article\" \/>\n<meta property=\"og:title\" content=\"Makita V\u0155tacia korunka SDS-max &quot;jednodielna&quot; \u00d8 150mm\/ 550mm P-260 10 - MIR-MAR\" \/>\n<meta property=\"og:description\" content=\"Priemer: 150 mm Celkov\u00e1 d\u013a\u017eka: 550 mm\" \/>\n<meta property=\"og:url\" content=\"http:\/\/dafinoo.eu\/mirmar\/obchod\/vrtacia-korunka-sds-max-jednodielna-o-150mm-550mm-p-260-10\/\" \/>\n<meta property=\"og:site_name\" content=\"MIR-MAR\" \/>\n<meta property=\"article:publisher\" content=\"https:\/\/facebook.com\/mirmareshop\" \/>\n<meta property=\"article:modified_time\" content=\"2021-04-21T12:46:07+00:00\" \/>\n<meta property=\"og:image\" content=\"https:\/\/i1.wp.com\/www.mirmar.sk\/wp-content\/uploads\/2021\/03\/5_3_9_1.jpg?fit=250%2C250&ssl=1\" \/>\n\t<meta property=\"og:image:width\" content=\"250\" \/>\n\t<meta property=\"og:image:height\" content=\"250\" \/>\n\t<meta property=\"og:image:type\" content=\"image\/jpeg\" \/>\n<script type=\"application\/ld+json\" class=\"yoast-schema-graph\">{\"@context\":\"https:\\\/\\\/schema.org\",\"@graph\":[{\"@type\":\"WebPage\",\"@id\":\"http:\\\/\\\/dafinoo.eu\\\/mirmar\\\/obchod\\\/vrtacia-korunka-sds-max-jednodielna-o-150mm-550mm-p-260-10\\\/\",\"url\":\"http:\\\/\\\/dafinoo.eu\\\/mirmar\\\/obchod\\\/vrtacia-korunka-sds-max-jednodielna-o-150mm-550mm-p-260-10\\\/\",\"name\":\"Makita V\u0155tacia korunka SDS-max \\\"jednodielna\\\" \u00d8 150mm\\\/ 550mm P-260 10 - MIR-MAR\",\"isPartOf\":{\"@id\":\"http:\\\/\\\/dafinoo.eu\\\/mirmar\\\/#website\"},\"primaryImageOfPage\":{\"@id\":\"http:\\\/\\\/dafinoo.eu\\\/mirmar\\\/obchod\\\/vrtacia-korunka-sds-max-jednodielna-o-150mm-550mm-p-260-10\\\/#primaryimage\"},\"image\":{\"@id\":\"http:\\\/\\\/dafinoo.eu\\\/mirmar\\\/obchod\\\/vrtacia-korunka-sds-max-jednodielna-o-150mm-550mm-p-260-10\\\/#primaryimage\"},\"thumbnailUrl\":\"http:\\\/\\\/dafinoo.eu\\\/mirmar\\\/wp-content\\\/uploads\\\/2021\\\/03\\\/5_3_9_1.jpg\",\"datePublished\":\"2021-03-15T16:32:04+00:00\",\"dateModified\":\"2021-04-21T12:46:07+00:00\",\"breadcrumb\":{\"@id\":\"http:\\\/\\\/dafinoo.eu\\\/mirmar\\\/obchod\\\/vrtacia-korunka-sds-max-jednodielna-o-150mm-550mm-p-260-10\\\/#breadcrumb\"},\"inLanguage\":\"sk-SK\",\"potentialAction\":[{\"@type\":\"ReadAction\",\"target\":[\"http:\\\/\\\/dafinoo.eu\\\/mirmar\\\/obchod\\\/vrtacia-korunka-sds-max-jednodielna-o-150mm-550mm-p-260-10\\\/\"]}]},{\"@type\":\"ImageObject\",\"inLanguage\":\"sk-SK\",\"@id\":\"http:\\\/\\\/dafinoo.eu\\\/mirmar\\\/obchod\\\/vrtacia-korunka-sds-max-jednodielna-o-150mm-550mm-p-260-10\\\/#primaryimage\",\"url\":\"http:\\\/\\\/dafinoo.eu\\\/mirmar\\\/wp-content\\\/uploads\\\/2021\\\/03\\\/5_3_9_1.jpg\",\"contentUrl\":\"http:\\\/\\\/dafinoo.eu\\\/mirmar\\\/wp-content\\\/uploads\\\/2021\\\/03\\\/5_3_9_1.jpg\",\"width\":250,\"height\":250},{\"@type\":\"BreadcrumbList\",\"@id\":\"http:\\\/\\\/dafinoo.eu\\\/mirmar\\\/obchod\\\/vrtacia-korunka-sds-max-jednodielna-o-150mm-550mm-p-260-10\\\/#breadcrumb\",\"itemListElement\":[{\"@type\":\"ListItem\",\"position\":1,\"name\":\"Domovsk\u00e1 str\u00e1nka\",\"item\":\"http:\\\/\\\/dafinoo.eu\\\/mirmar\\\/\"},{\"@type\":\"ListItem\",\"position\":2,\"name\":\"Obchod\",\"item\":\"http:\\\/\\\/dafinoo.eu\\\/mirmar\\\/obchod\\\/\"},{\"@type\":\"ListItem\",\"position\":3,\"name\":\"Makita V\u0155tacia korunka SDS-max &#8220;jednodielna&#8221; \u00d8 150mm\\\/ 550mm P-260 10\"}]},{\"@type\":\"WebSite\",\"@id\":\"http:\\\/\\\/dafinoo.eu\\\/mirmar\\\/#website\",\"url\":\"http:\\\/\\\/dafinoo.eu\\\/mirmar\\\/\",\"name\":\"MIR-MAR\",\"description\":\"Eshop s n\u00e1rad\u00edm\",\"publisher\":{\"@id\":\"http:\\\/\\\/dafinoo.eu\\\/mirmar\\\/#organization\"},\"potentialAction\":[{\"@type\":\"SearchAction\",\"target\":{\"@type\":\"EntryPoint\",\"urlTemplate\":\"http:\\\/\\\/dafinoo.eu\\\/mirmar\\\/?s={search_term_string}\"},\"query-input\":{\"@type\":\"PropertyValueSpecification\",\"valueRequired\":true,\"valueName\":\"search_term_string\"}}],\"inLanguage\":\"sk-SK\"},{\"@type\":\"Organization\",\"@id\":\"http:\\\/\\\/dafinoo.eu\\\/mirmar\\\/#organization\",\"name\":\"MIR-MAR\",\"url\":\"http:\\\/\\\/dafinoo.eu\\\/mirmar\\\/\",\"logo\":{\"@type\":\"ImageObject\",\"inLanguage\":\"sk-SK\",\"@id\":\"http:\\\/\\\/dafinoo.eu\\\/mirmar\\\/#\\\/schema\\\/logo\\\/image\\\/\",\"url\":\"http:\\\/\\\/dafinoo.eu\\\/mirmar\\\/wp-content\\\/uploads\\\/2021\\\/03\\\/mirmar_logo.png\",\"contentUrl\":\"http:\\\/\\\/dafinoo.eu\\\/mirmar\\\/wp-content\\\/uploads\\\/2021\\\/03\\\/mirmar_logo.png\",\"width\":256,\"height\":60,\"caption\":\"MIR-MAR\"},\"image\":{\"@id\":\"http:\\\/\\\/dafinoo.eu\\\/mirmar\\\/#\\\/schema\\\/logo\\\/image\\\/\"},\"sameAs\":[\"https:\\\/\\\/facebook.com\\\/mirmareshop\"]}]}<\/script>\n<!-- \/ Yoast SEO plugin. -->","yoast_head_json":{"title":"Makita V\u0155tacia korunka SDS-max \"jednodielna\" \u00d8 150mm\/ 550mm P-260 10 - MIR-MAR","robots":{"index":"index","follow":"follow","max-snippet":"max-snippet:-1","max-image-preview":"max-image-preview:large","max-video-preview":"max-video-preview:-1"},"canonical":"http:\/\/dafinoo.eu\/mirmar\/obchod\/vrtacia-korunka-sds-max-jednodielna-o-150mm-550mm-p-260-10\/","og_locale":"sk_SK","og_type":"article","og_title":"Makita V\u0155tacia korunka SDS-max \"jednodielna\" \u00d8 150mm\/ 550mm P-260 10 - MIR-MAR","og_description":"Priemer: 150 mm Celkov\u00e1 d\u013a\u017eka: 550 mm","og_url":"http:\/\/dafinoo.eu\/mirmar\/obchod\/vrtacia-korunka-sds-max-jednodielna-o-150mm-550mm-p-260-10\/","og_site_name":"MIR-MAR","article_publisher":"https:\/\/facebook.com\/mirmareshop","article_modified_time":"2021-04-21T12:46:07+00:00","og_image":[{"width":250,"height":250,"url":"https:\/\/i1.wp.com\/www.mirmar.sk\/wp-content\/uploads\/2021\/03\/5_3_9_1.jpg?fit=250%2C250&ssl=1","type":"image\/jpeg"}],"schema":{"@context":"https:\/\/schema.org","@graph":[{"@type":"WebPage","@id":"http:\/\/dafinoo.eu\/mirmar\/obchod\/vrtacia-korunka-sds-max-jednodielna-o-150mm-550mm-p-260-10\/","url":"http:\/\/dafinoo.eu\/mirmar\/obchod\/vrtacia-korunka-sds-max-jednodielna-o-150mm-550mm-p-260-10\/","name":"Makita V\u0155tacia korunka SDS-max \"jednodielna\" \u00d8 150mm\/ 550mm P-260 10 - MIR-MAR","isPartOf":{"@id":"http:\/\/dafinoo.eu\/mirmar\/#website"},"primaryImageOfPage":{"@id":"http:\/\/dafinoo.eu\/mirmar\/obchod\/vrtacia-korunka-sds-max-jednodielna-o-150mm-550mm-p-260-10\/#primaryimage"},"image":{"@id":"http:\/\/dafinoo.eu\/mirmar\/obchod\/vrtacia-korunka-sds-max-jednodielna-o-150mm-550mm-p-260-10\/#primaryimage"},"thumbnailUrl":"http:\/\/dafinoo.eu\/mirmar\/wp-content\/uploads\/2021\/03\/5_3_9_1.jpg","datePublished":"2021-03-15T16:32:04+00:00","dateModified":"2021-04-21T12:46:07+00:00","breadcrumb":{"@id":"http:\/\/dafinoo.eu\/mirmar\/obchod\/vrtacia-korunka-sds-max-jednodielna-o-150mm-550mm-p-260-10\/#breadcrumb"},"inLanguage":"sk-SK","potentialAction":[{"@type":"ReadAction","target":["http:\/\/dafinoo.eu\/mirmar\/obchod\/vrtacia-korunka-sds-max-jednodielna-o-150mm-550mm-p-260-10\/"]}]},{"@type":"ImageObject","inLanguage":"sk-SK","@id":"http:\/\/dafinoo.eu\/mirmar\/obchod\/vrtacia-korunka-sds-max-jednodielna-o-150mm-550mm-p-260-10\/#primaryimage","url":"http:\/\/dafinoo.eu\/mirmar\/wp-content\/uploads\/2021\/03\/5_3_9_1.jpg","contentUrl":"http:\/\/dafinoo.eu\/mirmar\/wp-content\/uploads\/2021\/03\/5_3_9_1.jpg","width":250,"height":250},{"@type":"BreadcrumbList","@id":"http:\/\/dafinoo.eu\/mirmar\/obchod\/vrtacia-korunka-sds-max-jednodielna-o-150mm-550mm-p-260-10\/#breadcrumb","itemListElement":[{"@type":"ListItem","position":1,"name":"Domovsk\u00e1 str\u00e1nka","item":"http:\/\/dafinoo.eu\/mirmar\/"},{"@type":"ListItem","position":2,"name":"Obchod","item":"http:\/\/dafinoo.eu\/mirmar\/obchod\/"},{"@type":"ListItem","position":3,"name":"Makita V\u0155tacia korunka SDS-max &#8220;jednodielna&#8221; \u00d8 150mm\/ 550mm P-260 10"}]},{"@type":"WebSite","@id":"http:\/\/dafinoo.eu\/mirmar\/#website","url":"http:\/\/dafinoo.eu\/mirmar\/","name":"MIR-MAR","description":"Eshop s n\u00e1rad\u00edm","publisher":{"@id":"http:\/\/dafinoo.eu\/mirmar\/#organization"},"potentialAction":[{"@type":"SearchAction","target":{"@type":"EntryPoint","urlTemplate":"http:\/\/dafinoo.eu\/mirmar\/?s={search_term_string}"},"query-input":{"@type":"PropertyValueSpecification","valueRequired":true,"valueName":"search_term_string"}}],"inLanguage":"sk-SK"},{"@type":"Organization","@id":"http:\/\/dafinoo.eu\/mirmar\/#organization","name":"MIR-MAR","url":"http:\/\/dafinoo.eu\/mirmar\/","logo":{"@type":"ImageObject","inLanguage":"sk-SK","@id":"http:\/\/dafinoo.eu\/mirmar\/#\/schema\/logo\/image\/","url":"http:\/\/dafinoo.eu\/mirmar\/wp-content\/uploads\/2021\/03\/mirmar_logo.png","contentUrl":"http:\/\/dafinoo.eu\/mirmar\/wp-content\/uploads\/2021\/03\/mirmar_logo.png","width":256,"height":60,"caption":"MIR-MAR"},"image":{"@id":"http:\/\/dafinoo.eu\/mirmar\/#\/schema\/logo\/image\/"},"sameAs":["https:\/\/facebook.com\/mirmareshop"]}]}},"_links":{"self":[{"href":"http:\/\/dafinoo.eu\/mirmar\/wp-json\/wp\/v2\/product\/38760","targetHints":{"allow":["GET"]}}],"collection":[{"href":"http:\/\/dafinoo.eu\/mirmar\/wp-json\/wp\/v2\/product"}],"about":[{"href":"http:\/\/dafinoo.eu\/mirmar\/wp-json\/wp\/v2\/types\/product"}],"replies":[{"embeddable":true,"href":"http:\/\/dafinoo.eu\/mirmar\/wp-json\/wp\/v2\/comments?post=38760"}],"wp:featuredmedia":[{"embeddable":true,"href":"http:\/\/dafinoo.eu\/mirmar\/wp-json\/wp\/v2\/media\/38761"}],"wp:attachment":[{"href":"http:\/\/dafinoo.eu\/mirmar\/wp-json\/wp\/v2\/media?parent=38760"}],"wp:term":[{"taxonomy":"product_cat","embeddable":true,"href":"http:\/\/dafinoo.eu\/mirmar\/wp-json\/wp\/v2\/product_cat?post=38760"},{"taxonomy":"product_tag","embeddable":true,"href":"http:\/\/dafinoo.eu\/mirmar\/wp-json\/wp\/v2\/product_tag?post=38760"}],"curies":[{"name":"wp","href":"https:\/\/api.w.org\/{rel}","templated":true}]}}