{"id":38842,"date":"2021-03-15T17:32:21","date_gmt":"2021-03-15T16:32:21","guid":{"rendered":"http:\/\/dafinoo.eu\/mirmar\/product\/ah-3656\/"},"modified":"2022-06-10T11:28:03","modified_gmt":"2022-06-10T09:28:03","slug":"ah-3656","status":"publish","type":"product","link":"http:\/\/dafinoo.eu\/mirmar\/obchod\/ah-3656\/","title":{"rendered":"Dolmar AH-3656"},"content":{"rendered":"<p>Typ akumul\u00e1tora \tLi-Ion<br \/>\nD\u013a\u017eka li\u0161ty \t55 cm<br \/>\nVzdialenos\u0165 no\u017eov \t27,5 mm<br \/>\nNap\u00e4tie akumul\u00e1tora \t36 V<br \/>\nD\u013a\u017eka \t107 cm<br \/>\nKapacita akumul\u00e1tora \t2,2 Ah<br \/>\nDoba nab\u00edjania akumul\u00e1tora \t60 min.<br \/>\nMin. po\u010det zdvihov \t1000 \/min<br \/>\nMax. po\u010det zdvihov \t1800 \/min<br \/>\nHmotnos\u0165 \t5,1 kg<br \/>\nHladina akustick\u00e9ho tlaku \t85,1 dB(A)<br \/>\nHladina akustick\u00e9ho v\u00fdkonu \t93,1 dB(A)<br \/>\nHodnota vibr\u00e1ci\u00ed \t2,5 m\/s2<\/p>\n","protected":false},"excerpt":{"rendered":"<p>Optim\u00e1lne vyv\u00e1\u017een\u00fd dizajn zni\u017euje nam\u00e1hanie ramena a ruky. Rukov\u00e4\u0165 nastavite\u013en\u00e1 do 5-tich pol\u00f4h umo\u017e\u0148uje jednoduch\u00e9 zvisl\u00e9 a vodorovn\u00e9 rezy. Variabilne nastavite\u013en\u00e1 r\u00fdchlos\u0165 rezu pre mnohostrann\u00e9 pou\u017eitie. Syst\u00e9m pozvo\u013en\u00e9ho \u0161tartu SoftStart<\/p>\n","protected":false},"featured_media":38843,"comment_status":"closed","ping_status":"closed","template":"","meta":{"_lmt_disableupdate":"","_lmt_disable":""},"product_cat":[3158,3159,3184,3187],"product_tag":[],"class_list":{"0":"post-38842","1":"product","2":"type-product","3":"status-publish","4":"has-post-thumbnail","6":"product_cat-dolmar","7":"product_cat-dolmar-naradie","8":"product_cat-noznice-na-zivy-plot","9":"product_cat-akumulatorove-noznice-na-zivy-plot","10":"ts_product_brand-dolmar","12":"first","13":"instock","14":"taxable","15":"shipping-taxable","16":"purchasable","17":"product-type-simple"},"yoast_head":"<!-- This site is optimized with the Yoast SEO plugin v27.3 - https:\/\/yoast.com\/product\/yoast-seo-wordpress\/ -->\n<title>Dolmar AH-3656 - MIR-MAR<\/title>\n<meta name=\"robots\" content=\"index, follow, max-snippet:-1, max-image-preview:large, max-video-preview:-1\" \/>\n<link rel=\"canonical\" href=\"http:\/\/dafinoo.eu\/mirmar\/obchod\/ah-3656\/\" \/>\n<meta property=\"og:locale\" content=\"sk_SK\" \/>\n<meta property=\"og:type\" content=\"article\" \/>\n<meta property=\"og:title\" content=\"Dolmar AH-3656 - MIR-MAR\" \/>\n<meta property=\"og:description\" content=\"Optim\u00e1lne vyv\u00e1\u017een\u00fd dizajn zni\u017euje nam\u00e1hanie ramena a ruky. Rukov\u00e4\u0165 nastavite\u013en\u00e1 do 5-tich pol\u00f4h umo\u017e\u0148uje jednoduch\u00e9 zvisl\u00e9 a vodorovn\u00e9 rezy. Variabilne nastavite\u013en\u00e1 r\u00fdchlos\u0165 rezu pre mnohostrann\u00e9 pou\u017eitie. Syst\u00e9m pozvo\u013en\u00e9ho \u0161tartu SoftStart\" \/>\n<meta property=\"og:url\" content=\"http:\/\/dafinoo.eu\/mirmar\/obchod\/ah-3656\/\" \/>\n<meta property=\"og:site_name\" content=\"MIR-MAR\" \/>\n<meta property=\"article:publisher\" content=\"https:\/\/facebook.com\/mirmareshop\" \/>\n<meta property=\"article:modified_time\" content=\"2022-06-10T09:28:03+00:00\" \/>\n<meta property=\"og:image\" content=\"http:\/\/dafinoo.eu\/mirmar\/wp-content\/uploads\/2021\/03\/266_ah-3656_1.jpg\" \/>\n\t<meta property=\"og:image:width\" content=\"300\" \/>\n\t<meta property=\"og:image:height\" content=\"250\" \/>\n\t<meta property=\"og:image:type\" content=\"image\/jpeg\" \/>\n<script type=\"application\/ld+json\" class=\"yoast-schema-graph\">{\"@context\":\"https:\\\/\\\/schema.org\",\"@graph\":[{\"@type\":\"WebPage\",\"@id\":\"http:\\\/\\\/dafinoo.eu\\\/mirmar\\\/obchod\\\/ah-3656\\\/\",\"url\":\"http:\\\/\\\/dafinoo.eu\\\/mirmar\\\/obchod\\\/ah-3656\\\/\",\"name\":\"Dolmar AH-3656 - MIR-MAR\",\"isPartOf\":{\"@id\":\"http:\\\/\\\/dafinoo.eu\\\/mirmar\\\/#website\"},\"primaryImageOfPage\":{\"@id\":\"http:\\\/\\\/dafinoo.eu\\\/mirmar\\\/obchod\\\/ah-3656\\\/#primaryimage\"},\"image\":{\"@id\":\"http:\\\/\\\/dafinoo.eu\\\/mirmar\\\/obchod\\\/ah-3656\\\/#primaryimage\"},\"thumbnailUrl\":\"http:\\\/\\\/dafinoo.eu\\\/mirmar\\\/wp-content\\\/uploads\\\/2021\\\/03\\\/266_ah-3656_1.jpg\",\"datePublished\":\"2021-03-15T16:32:21+00:00\",\"dateModified\":\"2022-06-10T09:28:03+00:00\",\"breadcrumb\":{\"@id\":\"http:\\\/\\\/dafinoo.eu\\\/mirmar\\\/obchod\\\/ah-3656\\\/#breadcrumb\"},\"inLanguage\":\"sk-SK\",\"potentialAction\":[{\"@type\":\"ReadAction\",\"target\":[\"http:\\\/\\\/dafinoo.eu\\\/mirmar\\\/obchod\\\/ah-3656\\\/\"]}]},{\"@type\":\"ImageObject\",\"inLanguage\":\"sk-SK\",\"@id\":\"http:\\\/\\\/dafinoo.eu\\\/mirmar\\\/obchod\\\/ah-3656\\\/#primaryimage\",\"url\":\"http:\\\/\\\/dafinoo.eu\\\/mirmar\\\/wp-content\\\/uploads\\\/2021\\\/03\\\/266_ah-3656_1.jpg\",\"contentUrl\":\"http:\\\/\\\/dafinoo.eu\\\/mirmar\\\/wp-content\\\/uploads\\\/2021\\\/03\\\/266_ah-3656_1.jpg\",\"width\":300,\"height\":250},{\"@type\":\"BreadcrumbList\",\"@id\":\"http:\\\/\\\/dafinoo.eu\\\/mirmar\\\/obchod\\\/ah-3656\\\/#breadcrumb\",\"itemListElement\":[{\"@type\":\"ListItem\",\"position\":1,\"name\":\"Domovsk\u00e1 str\u00e1nka\",\"item\":\"http:\\\/\\\/dafinoo.eu\\\/mirmar\\\/\"},{\"@type\":\"ListItem\",\"position\":2,\"name\":\"Obchod\",\"item\":\"http:\\\/\\\/dafinoo.eu\\\/mirmar\\\/obchod\\\/\"},{\"@type\":\"ListItem\",\"position\":3,\"name\":\"Dolmar AH-3656\"}]},{\"@type\":\"WebSite\",\"@id\":\"http:\\\/\\\/dafinoo.eu\\\/mirmar\\\/#website\",\"url\":\"http:\\\/\\\/dafinoo.eu\\\/mirmar\\\/\",\"name\":\"MIR-MAR\",\"description\":\"Eshop s n\u00e1rad\u00edm\",\"publisher\":{\"@id\":\"http:\\\/\\\/dafinoo.eu\\\/mirmar\\\/#organization\"},\"potentialAction\":[{\"@type\":\"SearchAction\",\"target\":{\"@type\":\"EntryPoint\",\"urlTemplate\":\"http:\\\/\\\/dafinoo.eu\\\/mirmar\\\/?s={search_term_string}\"},\"query-input\":{\"@type\":\"PropertyValueSpecification\",\"valueRequired\":true,\"valueName\":\"search_term_string\"}}],\"inLanguage\":\"sk-SK\"},{\"@type\":\"Organization\",\"@id\":\"http:\\\/\\\/dafinoo.eu\\\/mirmar\\\/#organization\",\"name\":\"MIR-MAR\",\"url\":\"http:\\\/\\\/dafinoo.eu\\\/mirmar\\\/\",\"logo\":{\"@type\":\"ImageObject\",\"inLanguage\":\"sk-SK\",\"@id\":\"http:\\\/\\\/dafinoo.eu\\\/mirmar\\\/#\\\/schema\\\/logo\\\/image\\\/\",\"url\":\"http:\\\/\\\/dafinoo.eu\\\/mirmar\\\/wp-content\\\/uploads\\\/2021\\\/03\\\/mirmar_logo.png\",\"contentUrl\":\"http:\\\/\\\/dafinoo.eu\\\/mirmar\\\/wp-content\\\/uploads\\\/2021\\\/03\\\/mirmar_logo.png\",\"width\":256,\"height\":60,\"caption\":\"MIR-MAR\"},\"image\":{\"@id\":\"http:\\\/\\\/dafinoo.eu\\\/mirmar\\\/#\\\/schema\\\/logo\\\/image\\\/\"},\"sameAs\":[\"https:\\\/\\\/facebook.com\\\/mirmareshop\"]}]}<\/script>\n<!-- \/ Yoast SEO plugin. -->","yoast_head_json":{"title":"Dolmar AH-3656 - MIR-MAR","robots":{"index":"index","follow":"follow","max-snippet":"max-snippet:-1","max-image-preview":"max-image-preview:large","max-video-preview":"max-video-preview:-1"},"canonical":"http:\/\/dafinoo.eu\/mirmar\/obchod\/ah-3656\/","og_locale":"sk_SK","og_type":"article","og_title":"Dolmar AH-3656 - MIR-MAR","og_description":"Optim\u00e1lne vyv\u00e1\u017een\u00fd dizajn zni\u017euje nam\u00e1hanie ramena a ruky. Rukov\u00e4\u0165 nastavite\u013en\u00e1 do 5-tich pol\u00f4h umo\u017e\u0148uje jednoduch\u00e9 zvisl\u00e9 a vodorovn\u00e9 rezy. Variabilne nastavite\u013en\u00e1 r\u00fdchlos\u0165 rezu pre mnohostrann\u00e9 pou\u017eitie. Syst\u00e9m pozvo\u013en\u00e9ho \u0161tartu SoftStart","og_url":"http:\/\/dafinoo.eu\/mirmar\/obchod\/ah-3656\/","og_site_name":"MIR-MAR","article_publisher":"https:\/\/facebook.com\/mirmareshop","article_modified_time":"2022-06-10T09:28:03+00:00","og_image":[{"width":300,"height":250,"url":"http:\/\/dafinoo.eu\/mirmar\/wp-content\/uploads\/2021\/03\/266_ah-3656_1.jpg","type":"image\/jpeg"}],"schema":{"@context":"https:\/\/schema.org","@graph":[{"@type":"WebPage","@id":"http:\/\/dafinoo.eu\/mirmar\/obchod\/ah-3656\/","url":"http:\/\/dafinoo.eu\/mirmar\/obchod\/ah-3656\/","name":"Dolmar AH-3656 - MIR-MAR","isPartOf":{"@id":"http:\/\/dafinoo.eu\/mirmar\/#website"},"primaryImageOfPage":{"@id":"http:\/\/dafinoo.eu\/mirmar\/obchod\/ah-3656\/#primaryimage"},"image":{"@id":"http:\/\/dafinoo.eu\/mirmar\/obchod\/ah-3656\/#primaryimage"},"thumbnailUrl":"http:\/\/dafinoo.eu\/mirmar\/wp-content\/uploads\/2021\/03\/266_ah-3656_1.jpg","datePublished":"2021-03-15T16:32:21+00:00","dateModified":"2022-06-10T09:28:03+00:00","breadcrumb":{"@id":"http:\/\/dafinoo.eu\/mirmar\/obchod\/ah-3656\/#breadcrumb"},"inLanguage":"sk-SK","potentialAction":[{"@type":"ReadAction","target":["http:\/\/dafinoo.eu\/mirmar\/obchod\/ah-3656\/"]}]},{"@type":"ImageObject","inLanguage":"sk-SK","@id":"http:\/\/dafinoo.eu\/mirmar\/obchod\/ah-3656\/#primaryimage","url":"http:\/\/dafinoo.eu\/mirmar\/wp-content\/uploads\/2021\/03\/266_ah-3656_1.jpg","contentUrl":"http:\/\/dafinoo.eu\/mirmar\/wp-content\/uploads\/2021\/03\/266_ah-3656_1.jpg","width":300,"height":250},{"@type":"BreadcrumbList","@id":"http:\/\/dafinoo.eu\/mirmar\/obchod\/ah-3656\/#breadcrumb","itemListElement":[{"@type":"ListItem","position":1,"name":"Domovsk\u00e1 str\u00e1nka","item":"http:\/\/dafinoo.eu\/mirmar\/"},{"@type":"ListItem","position":2,"name":"Obchod","item":"http:\/\/dafinoo.eu\/mirmar\/obchod\/"},{"@type":"ListItem","position":3,"name":"Dolmar AH-3656"}]},{"@type":"WebSite","@id":"http:\/\/dafinoo.eu\/mirmar\/#website","url":"http:\/\/dafinoo.eu\/mirmar\/","name":"MIR-MAR","description":"Eshop s n\u00e1rad\u00edm","publisher":{"@id":"http:\/\/dafinoo.eu\/mirmar\/#organization"},"potentialAction":[{"@type":"SearchAction","target":{"@type":"EntryPoint","urlTemplate":"http:\/\/dafinoo.eu\/mirmar\/?s={search_term_string}"},"query-input":{"@type":"PropertyValueSpecification","valueRequired":true,"valueName":"search_term_string"}}],"inLanguage":"sk-SK"},{"@type":"Organization","@id":"http:\/\/dafinoo.eu\/mirmar\/#organization","name":"MIR-MAR","url":"http:\/\/dafinoo.eu\/mirmar\/","logo":{"@type":"ImageObject","inLanguage":"sk-SK","@id":"http:\/\/dafinoo.eu\/mirmar\/#\/schema\/logo\/image\/","url":"http:\/\/dafinoo.eu\/mirmar\/wp-content\/uploads\/2021\/03\/mirmar_logo.png","contentUrl":"http:\/\/dafinoo.eu\/mirmar\/wp-content\/uploads\/2021\/03\/mirmar_logo.png","width":256,"height":60,"caption":"MIR-MAR"},"image":{"@id":"http:\/\/dafinoo.eu\/mirmar\/#\/schema\/logo\/image\/"},"sameAs":["https:\/\/facebook.com\/mirmareshop"]}]}},"_links":{"self":[{"href":"http:\/\/dafinoo.eu\/mirmar\/wp-json\/wp\/v2\/product\/38842","targetHints":{"allow":["GET"]}}],"collection":[{"href":"http:\/\/dafinoo.eu\/mirmar\/wp-json\/wp\/v2\/product"}],"about":[{"href":"http:\/\/dafinoo.eu\/mirmar\/wp-json\/wp\/v2\/types\/product"}],"replies":[{"embeddable":true,"href":"http:\/\/dafinoo.eu\/mirmar\/wp-json\/wp\/v2\/comments?post=38842"}],"wp:featuredmedia":[{"embeddable":true,"href":"http:\/\/dafinoo.eu\/mirmar\/wp-json\/wp\/v2\/media\/38843"}],"wp:attachment":[{"href":"http:\/\/dafinoo.eu\/mirmar\/wp-json\/wp\/v2\/media?parent=38842"}],"wp:term":[{"taxonomy":"product_cat","embeddable":true,"href":"http:\/\/dafinoo.eu\/mirmar\/wp-json\/wp\/v2\/product_cat?post=38842"},{"taxonomy":"product_tag","embeddable":true,"href":"http:\/\/dafinoo.eu\/mirmar\/wp-json\/wp\/v2\/product_tag?post=38842"}],"curies":[{"name":"wp","href":"https:\/\/api.w.org\/{rel}","templated":true}]}}