{"id":38863,"date":"2021-03-15T17:32:21","date_gmt":"2021-03-15T16:32:21","guid":{"rendered":"http:\/\/dafinoo.eu\/mirmar\/product\/sada-stupnovitych-vrtakov-hss-co-tin-so-spiralovou-drazkou-p-700-29\/"},"modified":"2021-04-21T14:45:05","modified_gmt":"2021-04-21T12:45:05","slug":"sada-stupnovitych-vrtakov-hss-co-tin-so-spiralovou-drazkou-p-700-29","status":"publish","type":"product","link":"http:\/\/dafinoo.eu\/mirmar\/obchod\/sada-stupnovitych-vrtakov-hss-co-tin-so-spiralovou-drazkou-p-700-29\/","title":{"rendered":"Makita Sada stup\u0148ovit\u00fdch vrt\u00e1kov HSS-Co + TiN so \u0161pir\u00e1lovou dr\u00e1\u017ekou P-700 29"},"content":{"rendered":"<p>Na v\u0155tanie do legovan\u00fdch zliat\u00edn ocele, nehrdzavej\u00facej ocele, at\u010f.<\/p>\n","protected":false},"excerpt":{"rendered":"<p>Po\u010det stup\u0148ov: 4-12 \/ 4-20 \/ 4-30<\/p>\n<p>Materi\u00e1l: HSS-CO+TiAIN<\/p>\n<p>Priemer: 4-12 \/ 4-20 \/ 4-30<\/p>\n","protected":false},"featured_media":38864,"comment_status":"closed","ping_status":"open","template":"","meta":{"_lmt_disableupdate":"","_lmt_disable":""},"product_cat":[3051,3369],"product_tag":[],"class_list":{"0":"post-38863","1":"product","2":"type-product","3":"status-publish","4":"has-post-thumbnail","6":"product_cat-makita","7":"product_cat-makita-prislusenstvo","8":"ts_product_brand-makita","10":"first","11":"instock","12":"taxable","13":"shipping-taxable","14":"purchasable","15":"product-type-simple"},"yoast_head":"<!-- This site is optimized with the Yoast SEO plugin v27.3 - https:\/\/yoast.com\/product\/yoast-seo-wordpress\/ -->\n<title>Makita Sada stup\u0148ovit\u00fdch vrt\u00e1kov HSS-Co + TiN so \u0161pir\u00e1lovou dr\u00e1\u017ekou P-700 29 - MIR-MAR<\/title>\n<meta name=\"robots\" content=\"index, follow, max-snippet:-1, max-image-preview:large, max-video-preview:-1\" \/>\n<link rel=\"canonical\" href=\"http:\/\/dafinoo.eu\/mirmar\/obchod\/sada-stupnovitych-vrtakov-hss-co-tin-so-spiralovou-drazkou-p-700-29\/\" \/>\n<meta property=\"og:locale\" content=\"sk_SK\" \/>\n<meta property=\"og:type\" content=\"article\" \/>\n<meta property=\"og:title\" content=\"Makita Sada stup\u0148ovit\u00fdch vrt\u00e1kov HSS-Co + TiN so \u0161pir\u00e1lovou dr\u00e1\u017ekou P-700 29 - MIR-MAR\" \/>\n<meta property=\"og:description\" content=\"Po\u010det stup\u0148ov: 4-12 \/ 4-20 \/ 4-30 Materi\u00e1l: HSS-CO+TiAIN Priemer: 4-12 \/ 4-20 \/ 4-30\" \/>\n<meta property=\"og:url\" content=\"http:\/\/dafinoo.eu\/mirmar\/obchod\/sada-stupnovitych-vrtakov-hss-co-tin-so-spiralovou-drazkou-p-700-29\/\" \/>\n<meta property=\"og:site_name\" content=\"MIR-MAR\" \/>\n<meta property=\"article:publisher\" content=\"https:\/\/facebook.com\/mirmareshop\" \/>\n<meta property=\"article:modified_time\" content=\"2021-04-21T12:45:05+00:00\" \/>\n<meta property=\"og:image\" content=\"https:\/\/i0.wp.com\/www.mirmar.sk\/wp-content\/uploads\/2021\/03\/5_3_10_1.jpg?fit=174%2C290&ssl=1\" \/>\n\t<meta property=\"og:image:width\" content=\"174\" \/>\n\t<meta property=\"og:image:height\" content=\"290\" \/>\n\t<meta property=\"og:image:type\" content=\"image\/jpeg\" \/>\n<script type=\"application\/ld+json\" class=\"yoast-schema-graph\">{\"@context\":\"https:\\\/\\\/schema.org\",\"@graph\":[{\"@type\":\"WebPage\",\"@id\":\"http:\\\/\\\/dafinoo.eu\\\/mirmar\\\/obchod\\\/sada-stupnovitych-vrtakov-hss-co-tin-so-spiralovou-drazkou-p-700-29\\\/\",\"url\":\"http:\\\/\\\/dafinoo.eu\\\/mirmar\\\/obchod\\\/sada-stupnovitych-vrtakov-hss-co-tin-so-spiralovou-drazkou-p-700-29\\\/\",\"name\":\"Makita Sada stup\u0148ovit\u00fdch vrt\u00e1kov HSS-Co + TiN so \u0161pir\u00e1lovou dr\u00e1\u017ekou P-700 29 - MIR-MAR\",\"isPartOf\":{\"@id\":\"http:\\\/\\\/dafinoo.eu\\\/mirmar\\\/#website\"},\"primaryImageOfPage\":{\"@id\":\"http:\\\/\\\/dafinoo.eu\\\/mirmar\\\/obchod\\\/sada-stupnovitych-vrtakov-hss-co-tin-so-spiralovou-drazkou-p-700-29\\\/#primaryimage\"},\"image\":{\"@id\":\"http:\\\/\\\/dafinoo.eu\\\/mirmar\\\/obchod\\\/sada-stupnovitych-vrtakov-hss-co-tin-so-spiralovou-drazkou-p-700-29\\\/#primaryimage\"},\"thumbnailUrl\":\"http:\\\/\\\/dafinoo.eu\\\/mirmar\\\/wp-content\\\/uploads\\\/2021\\\/03\\\/5_3_10_1.jpg\",\"datePublished\":\"2021-03-15T16:32:21+00:00\",\"dateModified\":\"2021-04-21T12:45:05+00:00\",\"breadcrumb\":{\"@id\":\"http:\\\/\\\/dafinoo.eu\\\/mirmar\\\/obchod\\\/sada-stupnovitych-vrtakov-hss-co-tin-so-spiralovou-drazkou-p-700-29\\\/#breadcrumb\"},\"inLanguage\":\"sk-SK\",\"potentialAction\":[{\"@type\":\"ReadAction\",\"target\":[\"http:\\\/\\\/dafinoo.eu\\\/mirmar\\\/obchod\\\/sada-stupnovitych-vrtakov-hss-co-tin-so-spiralovou-drazkou-p-700-29\\\/\"]}]},{\"@type\":\"ImageObject\",\"inLanguage\":\"sk-SK\",\"@id\":\"http:\\\/\\\/dafinoo.eu\\\/mirmar\\\/obchod\\\/sada-stupnovitych-vrtakov-hss-co-tin-so-spiralovou-drazkou-p-700-29\\\/#primaryimage\",\"url\":\"http:\\\/\\\/dafinoo.eu\\\/mirmar\\\/wp-content\\\/uploads\\\/2021\\\/03\\\/5_3_10_1.jpg\",\"contentUrl\":\"http:\\\/\\\/dafinoo.eu\\\/mirmar\\\/wp-content\\\/uploads\\\/2021\\\/03\\\/5_3_10_1.jpg\",\"width\":174,\"height\":290},{\"@type\":\"BreadcrumbList\",\"@id\":\"http:\\\/\\\/dafinoo.eu\\\/mirmar\\\/obchod\\\/sada-stupnovitych-vrtakov-hss-co-tin-so-spiralovou-drazkou-p-700-29\\\/#breadcrumb\",\"itemListElement\":[{\"@type\":\"ListItem\",\"position\":1,\"name\":\"Domovsk\u00e1 str\u00e1nka\",\"item\":\"http:\\\/\\\/dafinoo.eu\\\/mirmar\\\/\"},{\"@type\":\"ListItem\",\"position\":2,\"name\":\"Obchod\",\"item\":\"http:\\\/\\\/dafinoo.eu\\\/mirmar\\\/obchod\\\/\"},{\"@type\":\"ListItem\",\"position\":3,\"name\":\"Makita Sada stup\u0148ovit\u00fdch vrt\u00e1kov HSS-Co + TiN so \u0161pir\u00e1lovou dr\u00e1\u017ekou P-700 29\"}]},{\"@type\":\"WebSite\",\"@id\":\"http:\\\/\\\/dafinoo.eu\\\/mirmar\\\/#website\",\"url\":\"http:\\\/\\\/dafinoo.eu\\\/mirmar\\\/\",\"name\":\"MIR-MAR\",\"description\":\"Eshop s n\u00e1rad\u00edm\",\"publisher\":{\"@id\":\"http:\\\/\\\/dafinoo.eu\\\/mirmar\\\/#organization\"},\"potentialAction\":[{\"@type\":\"SearchAction\",\"target\":{\"@type\":\"EntryPoint\",\"urlTemplate\":\"http:\\\/\\\/dafinoo.eu\\\/mirmar\\\/?s={search_term_string}\"},\"query-input\":{\"@type\":\"PropertyValueSpecification\",\"valueRequired\":true,\"valueName\":\"search_term_string\"}}],\"inLanguage\":\"sk-SK\"},{\"@type\":\"Organization\",\"@id\":\"http:\\\/\\\/dafinoo.eu\\\/mirmar\\\/#organization\",\"name\":\"MIR-MAR\",\"url\":\"http:\\\/\\\/dafinoo.eu\\\/mirmar\\\/\",\"logo\":{\"@type\":\"ImageObject\",\"inLanguage\":\"sk-SK\",\"@id\":\"http:\\\/\\\/dafinoo.eu\\\/mirmar\\\/#\\\/schema\\\/logo\\\/image\\\/\",\"url\":\"http:\\\/\\\/dafinoo.eu\\\/mirmar\\\/wp-content\\\/uploads\\\/2021\\\/03\\\/mirmar_logo.png\",\"contentUrl\":\"http:\\\/\\\/dafinoo.eu\\\/mirmar\\\/wp-content\\\/uploads\\\/2021\\\/03\\\/mirmar_logo.png\",\"width\":256,\"height\":60,\"caption\":\"MIR-MAR\"},\"image\":{\"@id\":\"http:\\\/\\\/dafinoo.eu\\\/mirmar\\\/#\\\/schema\\\/logo\\\/image\\\/\"},\"sameAs\":[\"https:\\\/\\\/facebook.com\\\/mirmareshop\"]}]}<\/script>\n<!-- \/ Yoast SEO plugin. -->","yoast_head_json":{"title":"Makita Sada stup\u0148ovit\u00fdch vrt\u00e1kov HSS-Co + TiN so \u0161pir\u00e1lovou dr\u00e1\u017ekou P-700 29 - MIR-MAR","robots":{"index":"index","follow":"follow","max-snippet":"max-snippet:-1","max-image-preview":"max-image-preview:large","max-video-preview":"max-video-preview:-1"},"canonical":"http:\/\/dafinoo.eu\/mirmar\/obchod\/sada-stupnovitych-vrtakov-hss-co-tin-so-spiralovou-drazkou-p-700-29\/","og_locale":"sk_SK","og_type":"article","og_title":"Makita Sada stup\u0148ovit\u00fdch vrt\u00e1kov HSS-Co + TiN so \u0161pir\u00e1lovou dr\u00e1\u017ekou P-700 29 - MIR-MAR","og_description":"Po\u010det stup\u0148ov: 4-12 \/ 4-20 \/ 4-30 Materi\u00e1l: HSS-CO+TiAIN Priemer: 4-12 \/ 4-20 \/ 4-30","og_url":"http:\/\/dafinoo.eu\/mirmar\/obchod\/sada-stupnovitych-vrtakov-hss-co-tin-so-spiralovou-drazkou-p-700-29\/","og_site_name":"MIR-MAR","article_publisher":"https:\/\/facebook.com\/mirmareshop","article_modified_time":"2021-04-21T12:45:05+00:00","og_image":[{"width":174,"height":290,"url":"https:\/\/i0.wp.com\/www.mirmar.sk\/wp-content\/uploads\/2021\/03\/5_3_10_1.jpg?fit=174%2C290&ssl=1","type":"image\/jpeg"}],"schema":{"@context":"https:\/\/schema.org","@graph":[{"@type":"WebPage","@id":"http:\/\/dafinoo.eu\/mirmar\/obchod\/sada-stupnovitych-vrtakov-hss-co-tin-so-spiralovou-drazkou-p-700-29\/","url":"http:\/\/dafinoo.eu\/mirmar\/obchod\/sada-stupnovitych-vrtakov-hss-co-tin-so-spiralovou-drazkou-p-700-29\/","name":"Makita Sada stup\u0148ovit\u00fdch vrt\u00e1kov HSS-Co + TiN so \u0161pir\u00e1lovou dr\u00e1\u017ekou P-700 29 - MIR-MAR","isPartOf":{"@id":"http:\/\/dafinoo.eu\/mirmar\/#website"},"primaryImageOfPage":{"@id":"http:\/\/dafinoo.eu\/mirmar\/obchod\/sada-stupnovitych-vrtakov-hss-co-tin-so-spiralovou-drazkou-p-700-29\/#primaryimage"},"image":{"@id":"http:\/\/dafinoo.eu\/mirmar\/obchod\/sada-stupnovitych-vrtakov-hss-co-tin-so-spiralovou-drazkou-p-700-29\/#primaryimage"},"thumbnailUrl":"http:\/\/dafinoo.eu\/mirmar\/wp-content\/uploads\/2021\/03\/5_3_10_1.jpg","datePublished":"2021-03-15T16:32:21+00:00","dateModified":"2021-04-21T12:45:05+00:00","breadcrumb":{"@id":"http:\/\/dafinoo.eu\/mirmar\/obchod\/sada-stupnovitych-vrtakov-hss-co-tin-so-spiralovou-drazkou-p-700-29\/#breadcrumb"},"inLanguage":"sk-SK","potentialAction":[{"@type":"ReadAction","target":["http:\/\/dafinoo.eu\/mirmar\/obchod\/sada-stupnovitych-vrtakov-hss-co-tin-so-spiralovou-drazkou-p-700-29\/"]}]},{"@type":"ImageObject","inLanguage":"sk-SK","@id":"http:\/\/dafinoo.eu\/mirmar\/obchod\/sada-stupnovitych-vrtakov-hss-co-tin-so-spiralovou-drazkou-p-700-29\/#primaryimage","url":"http:\/\/dafinoo.eu\/mirmar\/wp-content\/uploads\/2021\/03\/5_3_10_1.jpg","contentUrl":"http:\/\/dafinoo.eu\/mirmar\/wp-content\/uploads\/2021\/03\/5_3_10_1.jpg","width":174,"height":290},{"@type":"BreadcrumbList","@id":"http:\/\/dafinoo.eu\/mirmar\/obchod\/sada-stupnovitych-vrtakov-hss-co-tin-so-spiralovou-drazkou-p-700-29\/#breadcrumb","itemListElement":[{"@type":"ListItem","position":1,"name":"Domovsk\u00e1 str\u00e1nka","item":"http:\/\/dafinoo.eu\/mirmar\/"},{"@type":"ListItem","position":2,"name":"Obchod","item":"http:\/\/dafinoo.eu\/mirmar\/obchod\/"},{"@type":"ListItem","position":3,"name":"Makita Sada stup\u0148ovit\u00fdch vrt\u00e1kov HSS-Co + TiN so \u0161pir\u00e1lovou dr\u00e1\u017ekou P-700 29"}]},{"@type":"WebSite","@id":"http:\/\/dafinoo.eu\/mirmar\/#website","url":"http:\/\/dafinoo.eu\/mirmar\/","name":"MIR-MAR","description":"Eshop s n\u00e1rad\u00edm","publisher":{"@id":"http:\/\/dafinoo.eu\/mirmar\/#organization"},"potentialAction":[{"@type":"SearchAction","target":{"@type":"EntryPoint","urlTemplate":"http:\/\/dafinoo.eu\/mirmar\/?s={search_term_string}"},"query-input":{"@type":"PropertyValueSpecification","valueRequired":true,"valueName":"search_term_string"}}],"inLanguage":"sk-SK"},{"@type":"Organization","@id":"http:\/\/dafinoo.eu\/mirmar\/#organization","name":"MIR-MAR","url":"http:\/\/dafinoo.eu\/mirmar\/","logo":{"@type":"ImageObject","inLanguage":"sk-SK","@id":"http:\/\/dafinoo.eu\/mirmar\/#\/schema\/logo\/image\/","url":"http:\/\/dafinoo.eu\/mirmar\/wp-content\/uploads\/2021\/03\/mirmar_logo.png","contentUrl":"http:\/\/dafinoo.eu\/mirmar\/wp-content\/uploads\/2021\/03\/mirmar_logo.png","width":256,"height":60,"caption":"MIR-MAR"},"image":{"@id":"http:\/\/dafinoo.eu\/mirmar\/#\/schema\/logo\/image\/"},"sameAs":["https:\/\/facebook.com\/mirmareshop"]}]}},"_links":{"self":[{"href":"http:\/\/dafinoo.eu\/mirmar\/wp-json\/wp\/v2\/product\/38863","targetHints":{"allow":["GET"]}}],"collection":[{"href":"http:\/\/dafinoo.eu\/mirmar\/wp-json\/wp\/v2\/product"}],"about":[{"href":"http:\/\/dafinoo.eu\/mirmar\/wp-json\/wp\/v2\/types\/product"}],"replies":[{"embeddable":true,"href":"http:\/\/dafinoo.eu\/mirmar\/wp-json\/wp\/v2\/comments?post=38863"}],"wp:featuredmedia":[{"embeddable":true,"href":"http:\/\/dafinoo.eu\/mirmar\/wp-json\/wp\/v2\/media\/38864"}],"wp:attachment":[{"href":"http:\/\/dafinoo.eu\/mirmar\/wp-json\/wp\/v2\/media?parent=38863"}],"wp:term":[{"taxonomy":"product_cat","embeddable":true,"href":"http:\/\/dafinoo.eu\/mirmar\/wp-json\/wp\/v2\/product_cat?post=38863"},{"taxonomy":"product_tag","embeddable":true,"href":"http:\/\/dafinoo.eu\/mirmar\/wp-json\/wp\/v2\/product_tag?post=38863"}],"curies":[{"name":"wp","href":"https:\/\/api.w.org\/{rel}","templated":true}]}}