{"id":38975,"date":"2021-03-15T17:32:45","date_gmt":"2021-03-15T16:32:45","guid":{"rendered":"http:\/\/dafinoo.eu\/mirmar\/product\/vykruzovacia-korunka-bi-metal-o22-38mm-p-349-58\/"},"modified":"2021-04-21T14:43:34","modified_gmt":"2021-04-21T12:43:34","slug":"vykruzovacia-korunka-bi-metal-o22-38mm-p-349-58","status":"publish","type":"product","link":"http:\/\/dafinoo.eu\/mirmar\/obchod\/vykruzovacia-korunka-bi-metal-o22-38mm-p-349-58\/","title":{"rendered":"Makita Vykru\u017eovacia korunka Bi-metal \u00d822\/38mm P-349 58"},"content":{"rendered":"<p>Doporu\u010den\u00e9 pr\u00edslu\u0161enstvo :P-35156- adapt\u00e9r  6hran 1\/4&#8243; 14-30 mm, P-35190 &#8211; adapt\u00e9r  6hran 1\/4&#8243; 32-152 mm, P-35162 &#8211; adapt\u00e9r  6hran 1\/4&#8243; 32-152 mm, P-35178 &#8211; adapt\u00e9r SDS-Plus  14-30 mm, P-35184 &#8211; adapt\u00e9r SDS-Plus  14-30 mm, P-35209 &#8211; strediaci vrt\u00e1k 83 mm, P-35215 &#8211; strediaci vrt\u00e1k 102 mm<\/p>\n","protected":false},"excerpt":{"rendered":"<p>Zna\u010dka \tMakita<br \/>\nPriemer \t22 mm<\/p>\n<p>Maxim\u00e1lna r\u00fdchlos\u0165 v\u0155tania :<br \/>\noce\u013e 390<br \/>\ninox 195<br \/>\nzliatina 260<br \/>\nme\u010f 520<br \/>\nhlin\u00edk 585<\/p>\n<p>P\u00edla na kruhov\u00e9 otvory, vyroben\u00e1 zo  \u0161peci\u00e1lnej legovanej r\u00fdchloreznej ocele.<br \/>\n&#8211; Kombo zuboradie, rozlo\u017eenie zubov 4-6 zubov\/coll<br \/>\n&#8211; Max. h\u013abka rezu  je 38 mm<br \/>\n&#8211; Up\u00ednanie n\u00e1radia: SDS-plus alebo \u0161es\u0165hran<br \/>\n&#8211; HSS Bi-metal nastavite\u013en\u00e9 , zub 4-btpi s 5% obsahom kobaltu pre vysok\u00fa odolnos\u0165, predl\u017euje \u017eivotnos\u0165<\/p>\n<p>Pou\u017eitie:<br \/>\n&#8211; na nerezov\u00fa oce\u013e v\u00e4\u010d\u0161ej hr\u00fabky ako 1 mm<br \/>\n&#8211; na hlin\u00edk<br \/>\n&#8211; na farebn\u00e9 kovy<br \/>\n&#8211; na umel\u00e9 hmoty<br \/>\n&#8211; na opracovanie dreva<br \/>\n&#8211; na nav\u0155tavanie krab\u00edc, pre prestupy k\u00e1blov a trubiek<\/p>\n","protected":false},"featured_media":38976,"comment_status":"closed","ping_status":"open","template":"","meta":{"_lmt_disableupdate":"","_lmt_disable":""},"product_cat":[3051,3369],"product_tag":[],"class_list":{"0":"post-38975","1":"product","2":"type-product","3":"status-publish","4":"has-post-thumbnail","6":"product_cat-makita","7":"product_cat-makita-prislusenstvo","8":"ts_product_brand-makita","10":"first","11":"instock","12":"taxable","13":"shipping-taxable","14":"purchasable","15":"product-type-simple"},"yoast_head":"<!-- This site is optimized with the Yoast SEO plugin v27.3 - https:\/\/yoast.com\/product\/yoast-seo-wordpress\/ -->\n<title>Makita Vykru\u017eovacia korunka Bi-metal \u00d822\/38mm P-349 58 - MIR-MAR<\/title>\n<meta name=\"robots\" content=\"index, follow, max-snippet:-1, max-image-preview:large, max-video-preview:-1\" \/>\n<link rel=\"canonical\" href=\"http:\/\/dafinoo.eu\/mirmar\/obchod\/vykruzovacia-korunka-bi-metal-o22-38mm-p-349-58\/\" \/>\n<meta property=\"og:locale\" content=\"sk_SK\" \/>\n<meta property=\"og:type\" content=\"article\" \/>\n<meta property=\"og:title\" content=\"Makita Vykru\u017eovacia korunka Bi-metal \u00d822\/38mm P-349 58 - MIR-MAR\" \/>\n<meta property=\"og:description\" content=\"Zna\u010dka Makita Priemer 22 mm Maxim\u00e1lna r\u00fdchlos\u0165 v\u0155tania : oce\u013e 390     inox 195    zliatina 260 me\u010f 520 hlin\u00edk 585 P\u00edla na kruhov\u00e9 otvory, vyroben\u00e1 zo \u0161peci\u00e1lnej legovanej r\u00fdchloreznej ocele. - Kombo zuboradie, rozlo\u017eenie zubov 4-6 zubov\/coll - Max. h\u013abka rezu je 38 mm - Up\u00ednanie n\u00e1radia: SDS-plus alebo \u0161es\u0165hran - HSS Bi-metal nastavite\u013en\u00e9 , zub 4-btpi s 5% obsahom kobaltu pre vysok\u00fa odolnos\u0165, predl\u017euje \u017eivotnos\u0165 Pou\u017eitie: - na nerezov\u00fa oce\u013e v\u00e4\u010d\u0161ej hr\u00fabky ako 1 mm - na hlin\u00edk - na farebn\u00e9 kovy - na umel\u00e9 hmoty - na opracovanie dreva - na nav\u0155tavanie krab\u00edc, pre prestupy k\u00e1blov a trubiek\" \/>\n<meta property=\"og:url\" content=\"http:\/\/dafinoo.eu\/mirmar\/obchod\/vykruzovacia-korunka-bi-metal-o22-38mm-p-349-58\/\" \/>\n<meta property=\"og:site_name\" content=\"MIR-MAR\" \/>\n<meta property=\"article:publisher\" content=\"https:\/\/facebook.com\/mirmareshop\" \/>\n<meta property=\"article:modified_time\" content=\"2021-04-21T12:43:34+00:00\" \/>\n<meta property=\"og:image\" content=\"https:\/\/i0.wp.com\/www.mirmar.sk\/wp-content\/uploads\/2021\/03\/1_3_203_1.jpg?fit=290%2C290&ssl=1\" \/>\n\t<meta property=\"og:image:width\" content=\"290\" \/>\n\t<meta property=\"og:image:height\" content=\"290\" \/>\n\t<meta property=\"og:image:type\" content=\"image\/jpeg\" \/>\n<script type=\"application\/ld+json\" class=\"yoast-schema-graph\">{\"@context\":\"https:\\\/\\\/schema.org\",\"@graph\":[{\"@type\":\"WebPage\",\"@id\":\"http:\\\/\\\/dafinoo.eu\\\/mirmar\\\/obchod\\\/vykruzovacia-korunka-bi-metal-o22-38mm-p-349-58\\\/\",\"url\":\"http:\\\/\\\/dafinoo.eu\\\/mirmar\\\/obchod\\\/vykruzovacia-korunka-bi-metal-o22-38mm-p-349-58\\\/\",\"name\":\"Makita Vykru\u017eovacia korunka Bi-metal \u00d822\\\/38mm P-349 58 - MIR-MAR\",\"isPartOf\":{\"@id\":\"http:\\\/\\\/dafinoo.eu\\\/mirmar\\\/#website\"},\"primaryImageOfPage\":{\"@id\":\"http:\\\/\\\/dafinoo.eu\\\/mirmar\\\/obchod\\\/vykruzovacia-korunka-bi-metal-o22-38mm-p-349-58\\\/#primaryimage\"},\"image\":{\"@id\":\"http:\\\/\\\/dafinoo.eu\\\/mirmar\\\/obchod\\\/vykruzovacia-korunka-bi-metal-o22-38mm-p-349-58\\\/#primaryimage\"},\"thumbnailUrl\":\"http:\\\/\\\/dafinoo.eu\\\/mirmar\\\/wp-content\\\/uploads\\\/2021\\\/03\\\/1_3_203_1.jpg\",\"datePublished\":\"2021-03-15T16:32:45+00:00\",\"dateModified\":\"2021-04-21T12:43:34+00:00\",\"breadcrumb\":{\"@id\":\"http:\\\/\\\/dafinoo.eu\\\/mirmar\\\/obchod\\\/vykruzovacia-korunka-bi-metal-o22-38mm-p-349-58\\\/#breadcrumb\"},\"inLanguage\":\"sk-SK\",\"potentialAction\":[{\"@type\":\"ReadAction\",\"target\":[\"http:\\\/\\\/dafinoo.eu\\\/mirmar\\\/obchod\\\/vykruzovacia-korunka-bi-metal-o22-38mm-p-349-58\\\/\"]}]},{\"@type\":\"ImageObject\",\"inLanguage\":\"sk-SK\",\"@id\":\"http:\\\/\\\/dafinoo.eu\\\/mirmar\\\/obchod\\\/vykruzovacia-korunka-bi-metal-o22-38mm-p-349-58\\\/#primaryimage\",\"url\":\"http:\\\/\\\/dafinoo.eu\\\/mirmar\\\/wp-content\\\/uploads\\\/2021\\\/03\\\/1_3_203_1.jpg\",\"contentUrl\":\"http:\\\/\\\/dafinoo.eu\\\/mirmar\\\/wp-content\\\/uploads\\\/2021\\\/03\\\/1_3_203_1.jpg\",\"width\":290,\"height\":290},{\"@type\":\"BreadcrumbList\",\"@id\":\"http:\\\/\\\/dafinoo.eu\\\/mirmar\\\/obchod\\\/vykruzovacia-korunka-bi-metal-o22-38mm-p-349-58\\\/#breadcrumb\",\"itemListElement\":[{\"@type\":\"ListItem\",\"position\":1,\"name\":\"Domovsk\u00e1 str\u00e1nka\",\"item\":\"http:\\\/\\\/dafinoo.eu\\\/mirmar\\\/\"},{\"@type\":\"ListItem\",\"position\":2,\"name\":\"Obchod\",\"item\":\"http:\\\/\\\/dafinoo.eu\\\/mirmar\\\/obchod\\\/\"},{\"@type\":\"ListItem\",\"position\":3,\"name\":\"Makita Vykru\u017eovacia korunka Bi-metal \u00d822\\\/38mm P-349 58\"}]},{\"@type\":\"WebSite\",\"@id\":\"http:\\\/\\\/dafinoo.eu\\\/mirmar\\\/#website\",\"url\":\"http:\\\/\\\/dafinoo.eu\\\/mirmar\\\/\",\"name\":\"MIR-MAR\",\"description\":\"Eshop s n\u00e1rad\u00edm\",\"publisher\":{\"@id\":\"http:\\\/\\\/dafinoo.eu\\\/mirmar\\\/#organization\"},\"potentialAction\":[{\"@type\":\"SearchAction\",\"target\":{\"@type\":\"EntryPoint\",\"urlTemplate\":\"http:\\\/\\\/dafinoo.eu\\\/mirmar\\\/?s={search_term_string}\"},\"query-input\":{\"@type\":\"PropertyValueSpecification\",\"valueRequired\":true,\"valueName\":\"search_term_string\"}}],\"inLanguage\":\"sk-SK\"},{\"@type\":\"Organization\",\"@id\":\"http:\\\/\\\/dafinoo.eu\\\/mirmar\\\/#organization\",\"name\":\"MIR-MAR\",\"url\":\"http:\\\/\\\/dafinoo.eu\\\/mirmar\\\/\",\"logo\":{\"@type\":\"ImageObject\",\"inLanguage\":\"sk-SK\",\"@id\":\"http:\\\/\\\/dafinoo.eu\\\/mirmar\\\/#\\\/schema\\\/logo\\\/image\\\/\",\"url\":\"http:\\\/\\\/dafinoo.eu\\\/mirmar\\\/wp-content\\\/uploads\\\/2021\\\/03\\\/mirmar_logo.png\",\"contentUrl\":\"http:\\\/\\\/dafinoo.eu\\\/mirmar\\\/wp-content\\\/uploads\\\/2021\\\/03\\\/mirmar_logo.png\",\"width\":256,\"height\":60,\"caption\":\"MIR-MAR\"},\"image\":{\"@id\":\"http:\\\/\\\/dafinoo.eu\\\/mirmar\\\/#\\\/schema\\\/logo\\\/image\\\/\"},\"sameAs\":[\"https:\\\/\\\/facebook.com\\\/mirmareshop\"]}]}<\/script>\n<!-- \/ Yoast SEO plugin. -->","yoast_head_json":{"title":"Makita Vykru\u017eovacia korunka Bi-metal \u00d822\/38mm P-349 58 - MIR-MAR","robots":{"index":"index","follow":"follow","max-snippet":"max-snippet:-1","max-image-preview":"max-image-preview:large","max-video-preview":"max-video-preview:-1"},"canonical":"http:\/\/dafinoo.eu\/mirmar\/obchod\/vykruzovacia-korunka-bi-metal-o22-38mm-p-349-58\/","og_locale":"sk_SK","og_type":"article","og_title":"Makita Vykru\u017eovacia korunka Bi-metal \u00d822\/38mm P-349 58 - MIR-MAR","og_description":"Zna\u010dka Makita Priemer 22 mm Maxim\u00e1lna r\u00fdchlos\u0165 v\u0155tania : oce\u013e 390     inox 195    zliatina 260 me\u010f 520 hlin\u00edk 585 P\u00edla na kruhov\u00e9 otvory, vyroben\u00e1 zo \u0161peci\u00e1lnej legovanej r\u00fdchloreznej ocele. - Kombo zuboradie, rozlo\u017eenie zubov 4-6 zubov\/coll - Max. h\u013abka rezu je 38 mm - Up\u00ednanie n\u00e1radia: SDS-plus alebo \u0161es\u0165hran - HSS Bi-metal nastavite\u013en\u00e9 , zub 4-btpi s 5% obsahom kobaltu pre vysok\u00fa odolnos\u0165, predl\u017euje \u017eivotnos\u0165 Pou\u017eitie: - na nerezov\u00fa oce\u013e v\u00e4\u010d\u0161ej hr\u00fabky ako 1 mm - na hlin\u00edk - na farebn\u00e9 kovy - na umel\u00e9 hmoty - na opracovanie dreva - na nav\u0155tavanie krab\u00edc, pre prestupy k\u00e1blov a trubiek","og_url":"http:\/\/dafinoo.eu\/mirmar\/obchod\/vykruzovacia-korunka-bi-metal-o22-38mm-p-349-58\/","og_site_name":"MIR-MAR","article_publisher":"https:\/\/facebook.com\/mirmareshop","article_modified_time":"2021-04-21T12:43:34+00:00","og_image":[{"width":290,"height":290,"url":"https:\/\/i0.wp.com\/www.mirmar.sk\/wp-content\/uploads\/2021\/03\/1_3_203_1.jpg?fit=290%2C290&ssl=1","type":"image\/jpeg"}],"schema":{"@context":"https:\/\/schema.org","@graph":[{"@type":"WebPage","@id":"http:\/\/dafinoo.eu\/mirmar\/obchod\/vykruzovacia-korunka-bi-metal-o22-38mm-p-349-58\/","url":"http:\/\/dafinoo.eu\/mirmar\/obchod\/vykruzovacia-korunka-bi-metal-o22-38mm-p-349-58\/","name":"Makita Vykru\u017eovacia korunka Bi-metal \u00d822\/38mm P-349 58 - MIR-MAR","isPartOf":{"@id":"http:\/\/dafinoo.eu\/mirmar\/#website"},"primaryImageOfPage":{"@id":"http:\/\/dafinoo.eu\/mirmar\/obchod\/vykruzovacia-korunka-bi-metal-o22-38mm-p-349-58\/#primaryimage"},"image":{"@id":"http:\/\/dafinoo.eu\/mirmar\/obchod\/vykruzovacia-korunka-bi-metal-o22-38mm-p-349-58\/#primaryimage"},"thumbnailUrl":"http:\/\/dafinoo.eu\/mirmar\/wp-content\/uploads\/2021\/03\/1_3_203_1.jpg","datePublished":"2021-03-15T16:32:45+00:00","dateModified":"2021-04-21T12:43:34+00:00","breadcrumb":{"@id":"http:\/\/dafinoo.eu\/mirmar\/obchod\/vykruzovacia-korunka-bi-metal-o22-38mm-p-349-58\/#breadcrumb"},"inLanguage":"sk-SK","potentialAction":[{"@type":"ReadAction","target":["http:\/\/dafinoo.eu\/mirmar\/obchod\/vykruzovacia-korunka-bi-metal-o22-38mm-p-349-58\/"]}]},{"@type":"ImageObject","inLanguage":"sk-SK","@id":"http:\/\/dafinoo.eu\/mirmar\/obchod\/vykruzovacia-korunka-bi-metal-o22-38mm-p-349-58\/#primaryimage","url":"http:\/\/dafinoo.eu\/mirmar\/wp-content\/uploads\/2021\/03\/1_3_203_1.jpg","contentUrl":"http:\/\/dafinoo.eu\/mirmar\/wp-content\/uploads\/2021\/03\/1_3_203_1.jpg","width":290,"height":290},{"@type":"BreadcrumbList","@id":"http:\/\/dafinoo.eu\/mirmar\/obchod\/vykruzovacia-korunka-bi-metal-o22-38mm-p-349-58\/#breadcrumb","itemListElement":[{"@type":"ListItem","position":1,"name":"Domovsk\u00e1 str\u00e1nka","item":"http:\/\/dafinoo.eu\/mirmar\/"},{"@type":"ListItem","position":2,"name":"Obchod","item":"http:\/\/dafinoo.eu\/mirmar\/obchod\/"},{"@type":"ListItem","position":3,"name":"Makita Vykru\u017eovacia korunka Bi-metal \u00d822\/38mm P-349 58"}]},{"@type":"WebSite","@id":"http:\/\/dafinoo.eu\/mirmar\/#website","url":"http:\/\/dafinoo.eu\/mirmar\/","name":"MIR-MAR","description":"Eshop s n\u00e1rad\u00edm","publisher":{"@id":"http:\/\/dafinoo.eu\/mirmar\/#organization"},"potentialAction":[{"@type":"SearchAction","target":{"@type":"EntryPoint","urlTemplate":"http:\/\/dafinoo.eu\/mirmar\/?s={search_term_string}"},"query-input":{"@type":"PropertyValueSpecification","valueRequired":true,"valueName":"search_term_string"}}],"inLanguage":"sk-SK"},{"@type":"Organization","@id":"http:\/\/dafinoo.eu\/mirmar\/#organization","name":"MIR-MAR","url":"http:\/\/dafinoo.eu\/mirmar\/","logo":{"@type":"ImageObject","inLanguage":"sk-SK","@id":"http:\/\/dafinoo.eu\/mirmar\/#\/schema\/logo\/image\/","url":"http:\/\/dafinoo.eu\/mirmar\/wp-content\/uploads\/2021\/03\/mirmar_logo.png","contentUrl":"http:\/\/dafinoo.eu\/mirmar\/wp-content\/uploads\/2021\/03\/mirmar_logo.png","width":256,"height":60,"caption":"MIR-MAR"},"image":{"@id":"http:\/\/dafinoo.eu\/mirmar\/#\/schema\/logo\/image\/"},"sameAs":["https:\/\/facebook.com\/mirmareshop"]}]}},"_links":{"self":[{"href":"http:\/\/dafinoo.eu\/mirmar\/wp-json\/wp\/v2\/product\/38975","targetHints":{"allow":["GET"]}}],"collection":[{"href":"http:\/\/dafinoo.eu\/mirmar\/wp-json\/wp\/v2\/product"}],"about":[{"href":"http:\/\/dafinoo.eu\/mirmar\/wp-json\/wp\/v2\/types\/product"}],"replies":[{"embeddable":true,"href":"http:\/\/dafinoo.eu\/mirmar\/wp-json\/wp\/v2\/comments?post=38975"}],"wp:featuredmedia":[{"embeddable":true,"href":"http:\/\/dafinoo.eu\/mirmar\/wp-json\/wp\/v2\/media\/38976"}],"wp:attachment":[{"href":"http:\/\/dafinoo.eu\/mirmar\/wp-json\/wp\/v2\/media?parent=38975"}],"wp:term":[{"taxonomy":"product_cat","embeddable":true,"href":"http:\/\/dafinoo.eu\/mirmar\/wp-json\/wp\/v2\/product_cat?post=38975"},{"taxonomy":"product_tag","embeddable":true,"href":"http:\/\/dafinoo.eu\/mirmar\/wp-json\/wp\/v2\/product_tag?post=38975"}],"curies":[{"name":"wp","href":"https:\/\/api.w.org\/{rel}","templated":true}]}}