{"id":39115,"date":"2021-03-15T17:33:11","date_gmt":"2021-03-15T16:33:11","guid":{"rendered":"http:\/\/dafinoo.eu\/mirmar\/product\/diamantovy-vykruzovaci-vrtak-na-kachlicky-29-mm-p-700-57\/"},"modified":"2021-04-21T14:41:32","modified_gmt":"2021-04-21T12:41:32","slug":"diamantovy-vykruzovaci-vrtak-na-kachlicky-29-mm-p-700-57","status":"publish","type":"product","link":"http:\/\/dafinoo.eu\/mirmar\/obchod\/diamantovy-vykruzovaci-vrtak-na-kachlicky-29-mm-p-700-57\/","title":{"rendered":"Makita Diamantov\u00fd vykru\u017eovac\u00ed vrt\u00e1k na kachli\u010dky 29 mm P-700 57"},"content":{"rendered":"<p>Diamantov\u00fd vykru\u017eovac\u00ed vrt\u00e1k na kachli\u010dky 29 mm<\/p>\n","protected":false},"excerpt":{"rendered":"<p>Diamantov\u00e9 vrt\u00e1ky s\u00fa naj\u00fa\u010dinej\u0161\u00edm rie\u0161en\u00edm pre \u010dist\u00e9 a r\u00fdchle v\u0155tanie do v\u0161etk\u00fdch tvrd\u00fdch a odoln\u00fdch mater\u00e1lov ako s\u00fa dla\u017edice, \u017eula a pod.<\/p>\n<p>Pou\u017eitie na dla\u017eby:<\/p>\n<p>gres, glazovan\u00e9, lomov\u00fd kame\u0148, podlahov\u00e9, porcel\u00e1n<br \/>\numel\u00fd kame\u0148 tvrd\u00fd, zmes kame\u0148a, \u017eula<\/p>\n<p>Tieto vrt\u00e1ky s\u00fa zvl\u00e1\u0161\u0165 vhodn\u00e9 na v\u0155tanie \u010dist\u00fdch okr\u00fahlych dier bez \u0161krabancov. Na zaistenie dlhej \u017eivotnosti vrt\u00e1kov je na \u0161pici ve\u013emi kvalitn\u00e1 a mas\u00edvna diamantov\u00e1 vrstva. Opa\u010dn\u00e1 skrutkovnica dod\u00e1va chladiacu vodu priamo do diery a t\u00fdm zni\u017euje opotrebenie vrt\u00e1ku. V\u00fdsledky v\u0155tania a \u017eivotnos\u0165 s\u00fa omnoho lep\u0161ie ako pri \u0161tandartn\u00fdch TCT vrt\u00e1koch.<\/p>\n","protected":false},"featured_media":39116,"comment_status":"closed","ping_status":"open","template":"","meta":{"_lmt_disableupdate":"","_lmt_disable":""},"product_cat":[3051,3369],"product_tag":[],"class_list":{"0":"post-39115","1":"product","2":"type-product","3":"status-publish","4":"has-post-thumbnail","6":"product_cat-makita","7":"product_cat-makita-prislusenstvo","8":"ts_product_brand-makita","10":"first","11":"instock","12":"taxable","13":"shipping-taxable","14":"purchasable","15":"product-type-simple"},"yoast_head":"<!-- This site is optimized with the Yoast SEO plugin v27.3 - https:\/\/yoast.com\/product\/yoast-seo-wordpress\/ -->\n<title>Makita Diamantov\u00fd vykru\u017eovac\u00ed vrt\u00e1k na kachli\u010dky 29 mm P-700 57 - MIR-MAR<\/title>\n<meta name=\"robots\" content=\"index, follow, max-snippet:-1, max-image-preview:large, max-video-preview:-1\" \/>\n<link rel=\"canonical\" href=\"http:\/\/dafinoo.eu\/mirmar\/obchod\/diamantovy-vykruzovaci-vrtak-na-kachlicky-29-mm-p-700-57\/\" \/>\n<meta property=\"og:locale\" content=\"sk_SK\" \/>\n<meta property=\"og:type\" content=\"article\" \/>\n<meta property=\"og:title\" content=\"Makita Diamantov\u00fd vykru\u017eovac\u00ed vrt\u00e1k na kachli\u010dky 29 mm P-700 57 - MIR-MAR\" \/>\n<meta property=\"og:description\" content=\"Diamantov\u00e9 vrt\u00e1ky s\u00fa naj\u00fa\u010dinej\u0161\u00edm rie\u0161en\u00edm pre \u010dist\u00e9 a r\u00fdchle v\u0155tanie do v\u0161etk\u00fdch tvrd\u00fdch a odoln\u00fdch mater\u00e1lov ako s\u00fa dla\u017edice, \u017eula a pod. Pou\u017eitie na dla\u017eby: gres, glazovan\u00e9, lomov\u00fd kame\u0148, podlahov\u00e9, porcel\u00e1n umel\u00fd kame\u0148 tvrd\u00fd, zmes kame\u0148a, \u017eula Tieto vrt\u00e1ky s\u00fa zvl\u00e1\u0161\u0165 vhodn\u00e9 na v\u0155tanie \u010dist\u00fdch okr\u00fahlych dier bez \u0161krabancov. Na zaistenie dlhej \u017eivotnosti vrt\u00e1kov je na \u0161pici ve\u013emi kvalitn\u00e1 a mas\u00edvna diamantov\u00e1 vrstva. Opa\u010dn\u00e1 skrutkovnica dod\u00e1va chladiacu vodu priamo do diery a t\u00fdm zni\u017euje opotrebenie vrt\u00e1ku. V\u00fdsledky v\u0155tania a \u017eivotnos\u0165 s\u00fa omnoho lep\u0161ie ako pri \u0161tandartn\u00fdch TCT vrt\u00e1koch.\" \/>\n<meta property=\"og:url\" content=\"http:\/\/dafinoo.eu\/mirmar\/obchod\/diamantovy-vykruzovaci-vrtak-na-kachlicky-29-mm-p-700-57\/\" \/>\n<meta property=\"og:site_name\" content=\"MIR-MAR\" \/>\n<meta property=\"article:publisher\" content=\"https:\/\/facebook.com\/mirmareshop\" \/>\n<meta property=\"article:modified_time\" content=\"2021-04-21T12:41:32+00:00\" \/>\n<meta property=\"og:image\" content=\"https:\/\/i2.wp.com\/www.mirmar.sk\/wp-content\/uploads\/2021\/03\/7_5_12_1.jpg?fit=290%2C290&ssl=1\" \/>\n\t<meta property=\"og:image:width\" content=\"290\" \/>\n\t<meta property=\"og:image:height\" content=\"290\" \/>\n\t<meta property=\"og:image:type\" content=\"image\/jpeg\" \/>\n<script type=\"application\/ld+json\" class=\"yoast-schema-graph\">{\"@context\":\"https:\\\/\\\/schema.org\",\"@graph\":[{\"@type\":\"WebPage\",\"@id\":\"http:\\\/\\\/dafinoo.eu\\\/mirmar\\\/obchod\\\/diamantovy-vykruzovaci-vrtak-na-kachlicky-29-mm-p-700-57\\\/\",\"url\":\"http:\\\/\\\/dafinoo.eu\\\/mirmar\\\/obchod\\\/diamantovy-vykruzovaci-vrtak-na-kachlicky-29-mm-p-700-57\\\/\",\"name\":\"Makita Diamantov\u00fd vykru\u017eovac\u00ed vrt\u00e1k na kachli\u010dky 29 mm P-700 57 - MIR-MAR\",\"isPartOf\":{\"@id\":\"http:\\\/\\\/dafinoo.eu\\\/mirmar\\\/#website\"},\"primaryImageOfPage\":{\"@id\":\"http:\\\/\\\/dafinoo.eu\\\/mirmar\\\/obchod\\\/diamantovy-vykruzovaci-vrtak-na-kachlicky-29-mm-p-700-57\\\/#primaryimage\"},\"image\":{\"@id\":\"http:\\\/\\\/dafinoo.eu\\\/mirmar\\\/obchod\\\/diamantovy-vykruzovaci-vrtak-na-kachlicky-29-mm-p-700-57\\\/#primaryimage\"},\"thumbnailUrl\":\"http:\\\/\\\/dafinoo.eu\\\/mirmar\\\/wp-content\\\/uploads\\\/2021\\\/03\\\/7_5_12_1.jpg\",\"datePublished\":\"2021-03-15T16:33:11+00:00\",\"dateModified\":\"2021-04-21T12:41:32+00:00\",\"breadcrumb\":{\"@id\":\"http:\\\/\\\/dafinoo.eu\\\/mirmar\\\/obchod\\\/diamantovy-vykruzovaci-vrtak-na-kachlicky-29-mm-p-700-57\\\/#breadcrumb\"},\"inLanguage\":\"sk-SK\",\"potentialAction\":[{\"@type\":\"ReadAction\",\"target\":[\"http:\\\/\\\/dafinoo.eu\\\/mirmar\\\/obchod\\\/diamantovy-vykruzovaci-vrtak-na-kachlicky-29-mm-p-700-57\\\/\"]}]},{\"@type\":\"ImageObject\",\"inLanguage\":\"sk-SK\",\"@id\":\"http:\\\/\\\/dafinoo.eu\\\/mirmar\\\/obchod\\\/diamantovy-vykruzovaci-vrtak-na-kachlicky-29-mm-p-700-57\\\/#primaryimage\",\"url\":\"http:\\\/\\\/dafinoo.eu\\\/mirmar\\\/wp-content\\\/uploads\\\/2021\\\/03\\\/7_5_12_1.jpg\",\"contentUrl\":\"http:\\\/\\\/dafinoo.eu\\\/mirmar\\\/wp-content\\\/uploads\\\/2021\\\/03\\\/7_5_12_1.jpg\",\"width\":290,\"height\":290},{\"@type\":\"BreadcrumbList\",\"@id\":\"http:\\\/\\\/dafinoo.eu\\\/mirmar\\\/obchod\\\/diamantovy-vykruzovaci-vrtak-na-kachlicky-29-mm-p-700-57\\\/#breadcrumb\",\"itemListElement\":[{\"@type\":\"ListItem\",\"position\":1,\"name\":\"Domovsk\u00e1 str\u00e1nka\",\"item\":\"http:\\\/\\\/dafinoo.eu\\\/mirmar\\\/\"},{\"@type\":\"ListItem\",\"position\":2,\"name\":\"Obchod\",\"item\":\"http:\\\/\\\/dafinoo.eu\\\/mirmar\\\/obchod\\\/\"},{\"@type\":\"ListItem\",\"position\":3,\"name\":\"Makita Diamantov\u00fd vykru\u017eovac\u00ed vrt\u00e1k na kachli\u010dky 29 mm P-700 57\"}]},{\"@type\":\"WebSite\",\"@id\":\"http:\\\/\\\/dafinoo.eu\\\/mirmar\\\/#website\",\"url\":\"http:\\\/\\\/dafinoo.eu\\\/mirmar\\\/\",\"name\":\"MIR-MAR\",\"description\":\"Eshop s n\u00e1rad\u00edm\",\"publisher\":{\"@id\":\"http:\\\/\\\/dafinoo.eu\\\/mirmar\\\/#organization\"},\"potentialAction\":[{\"@type\":\"SearchAction\",\"target\":{\"@type\":\"EntryPoint\",\"urlTemplate\":\"http:\\\/\\\/dafinoo.eu\\\/mirmar\\\/?s={search_term_string}\"},\"query-input\":{\"@type\":\"PropertyValueSpecification\",\"valueRequired\":true,\"valueName\":\"search_term_string\"}}],\"inLanguage\":\"sk-SK\"},{\"@type\":\"Organization\",\"@id\":\"http:\\\/\\\/dafinoo.eu\\\/mirmar\\\/#organization\",\"name\":\"MIR-MAR\",\"url\":\"http:\\\/\\\/dafinoo.eu\\\/mirmar\\\/\",\"logo\":{\"@type\":\"ImageObject\",\"inLanguage\":\"sk-SK\",\"@id\":\"http:\\\/\\\/dafinoo.eu\\\/mirmar\\\/#\\\/schema\\\/logo\\\/image\\\/\",\"url\":\"http:\\\/\\\/dafinoo.eu\\\/mirmar\\\/wp-content\\\/uploads\\\/2021\\\/03\\\/mirmar_logo.png\",\"contentUrl\":\"http:\\\/\\\/dafinoo.eu\\\/mirmar\\\/wp-content\\\/uploads\\\/2021\\\/03\\\/mirmar_logo.png\",\"width\":256,\"height\":60,\"caption\":\"MIR-MAR\"},\"image\":{\"@id\":\"http:\\\/\\\/dafinoo.eu\\\/mirmar\\\/#\\\/schema\\\/logo\\\/image\\\/\"},\"sameAs\":[\"https:\\\/\\\/facebook.com\\\/mirmareshop\"]}]}<\/script>\n<!-- \/ Yoast SEO plugin. -->","yoast_head_json":{"title":"Makita Diamantov\u00fd vykru\u017eovac\u00ed vrt\u00e1k na kachli\u010dky 29 mm P-700 57 - MIR-MAR","robots":{"index":"index","follow":"follow","max-snippet":"max-snippet:-1","max-image-preview":"max-image-preview:large","max-video-preview":"max-video-preview:-1"},"canonical":"http:\/\/dafinoo.eu\/mirmar\/obchod\/diamantovy-vykruzovaci-vrtak-na-kachlicky-29-mm-p-700-57\/","og_locale":"sk_SK","og_type":"article","og_title":"Makita Diamantov\u00fd vykru\u017eovac\u00ed vrt\u00e1k na kachli\u010dky 29 mm P-700 57 - MIR-MAR","og_description":"Diamantov\u00e9 vrt\u00e1ky s\u00fa naj\u00fa\u010dinej\u0161\u00edm rie\u0161en\u00edm pre \u010dist\u00e9 a r\u00fdchle v\u0155tanie do v\u0161etk\u00fdch tvrd\u00fdch a odoln\u00fdch mater\u00e1lov ako s\u00fa dla\u017edice, \u017eula a pod. Pou\u017eitie na dla\u017eby: gres, glazovan\u00e9, lomov\u00fd kame\u0148, podlahov\u00e9, porcel\u00e1n umel\u00fd kame\u0148 tvrd\u00fd, zmes kame\u0148a, \u017eula Tieto vrt\u00e1ky s\u00fa zvl\u00e1\u0161\u0165 vhodn\u00e9 na v\u0155tanie \u010dist\u00fdch okr\u00fahlych dier bez \u0161krabancov. Na zaistenie dlhej \u017eivotnosti vrt\u00e1kov je na \u0161pici ve\u013emi kvalitn\u00e1 a mas\u00edvna diamantov\u00e1 vrstva. Opa\u010dn\u00e1 skrutkovnica dod\u00e1va chladiacu vodu priamo do diery a t\u00fdm zni\u017euje opotrebenie vrt\u00e1ku. V\u00fdsledky v\u0155tania a \u017eivotnos\u0165 s\u00fa omnoho lep\u0161ie ako pri \u0161tandartn\u00fdch TCT vrt\u00e1koch.","og_url":"http:\/\/dafinoo.eu\/mirmar\/obchod\/diamantovy-vykruzovaci-vrtak-na-kachlicky-29-mm-p-700-57\/","og_site_name":"MIR-MAR","article_publisher":"https:\/\/facebook.com\/mirmareshop","article_modified_time":"2021-04-21T12:41:32+00:00","og_image":[{"width":290,"height":290,"url":"https:\/\/i2.wp.com\/www.mirmar.sk\/wp-content\/uploads\/2021\/03\/7_5_12_1.jpg?fit=290%2C290&ssl=1","type":"image\/jpeg"}],"schema":{"@context":"https:\/\/schema.org","@graph":[{"@type":"WebPage","@id":"http:\/\/dafinoo.eu\/mirmar\/obchod\/diamantovy-vykruzovaci-vrtak-na-kachlicky-29-mm-p-700-57\/","url":"http:\/\/dafinoo.eu\/mirmar\/obchod\/diamantovy-vykruzovaci-vrtak-na-kachlicky-29-mm-p-700-57\/","name":"Makita Diamantov\u00fd vykru\u017eovac\u00ed vrt\u00e1k na kachli\u010dky 29 mm P-700 57 - MIR-MAR","isPartOf":{"@id":"http:\/\/dafinoo.eu\/mirmar\/#website"},"primaryImageOfPage":{"@id":"http:\/\/dafinoo.eu\/mirmar\/obchod\/diamantovy-vykruzovaci-vrtak-na-kachlicky-29-mm-p-700-57\/#primaryimage"},"image":{"@id":"http:\/\/dafinoo.eu\/mirmar\/obchod\/diamantovy-vykruzovaci-vrtak-na-kachlicky-29-mm-p-700-57\/#primaryimage"},"thumbnailUrl":"http:\/\/dafinoo.eu\/mirmar\/wp-content\/uploads\/2021\/03\/7_5_12_1.jpg","datePublished":"2021-03-15T16:33:11+00:00","dateModified":"2021-04-21T12:41:32+00:00","breadcrumb":{"@id":"http:\/\/dafinoo.eu\/mirmar\/obchod\/diamantovy-vykruzovaci-vrtak-na-kachlicky-29-mm-p-700-57\/#breadcrumb"},"inLanguage":"sk-SK","potentialAction":[{"@type":"ReadAction","target":["http:\/\/dafinoo.eu\/mirmar\/obchod\/diamantovy-vykruzovaci-vrtak-na-kachlicky-29-mm-p-700-57\/"]}]},{"@type":"ImageObject","inLanguage":"sk-SK","@id":"http:\/\/dafinoo.eu\/mirmar\/obchod\/diamantovy-vykruzovaci-vrtak-na-kachlicky-29-mm-p-700-57\/#primaryimage","url":"http:\/\/dafinoo.eu\/mirmar\/wp-content\/uploads\/2021\/03\/7_5_12_1.jpg","contentUrl":"http:\/\/dafinoo.eu\/mirmar\/wp-content\/uploads\/2021\/03\/7_5_12_1.jpg","width":290,"height":290},{"@type":"BreadcrumbList","@id":"http:\/\/dafinoo.eu\/mirmar\/obchod\/diamantovy-vykruzovaci-vrtak-na-kachlicky-29-mm-p-700-57\/#breadcrumb","itemListElement":[{"@type":"ListItem","position":1,"name":"Domovsk\u00e1 str\u00e1nka","item":"http:\/\/dafinoo.eu\/mirmar\/"},{"@type":"ListItem","position":2,"name":"Obchod","item":"http:\/\/dafinoo.eu\/mirmar\/obchod\/"},{"@type":"ListItem","position":3,"name":"Makita Diamantov\u00fd vykru\u017eovac\u00ed vrt\u00e1k na kachli\u010dky 29 mm P-700 57"}]},{"@type":"WebSite","@id":"http:\/\/dafinoo.eu\/mirmar\/#website","url":"http:\/\/dafinoo.eu\/mirmar\/","name":"MIR-MAR","description":"Eshop s n\u00e1rad\u00edm","publisher":{"@id":"http:\/\/dafinoo.eu\/mirmar\/#organization"},"potentialAction":[{"@type":"SearchAction","target":{"@type":"EntryPoint","urlTemplate":"http:\/\/dafinoo.eu\/mirmar\/?s={search_term_string}"},"query-input":{"@type":"PropertyValueSpecification","valueRequired":true,"valueName":"search_term_string"}}],"inLanguage":"sk-SK"},{"@type":"Organization","@id":"http:\/\/dafinoo.eu\/mirmar\/#organization","name":"MIR-MAR","url":"http:\/\/dafinoo.eu\/mirmar\/","logo":{"@type":"ImageObject","inLanguage":"sk-SK","@id":"http:\/\/dafinoo.eu\/mirmar\/#\/schema\/logo\/image\/","url":"http:\/\/dafinoo.eu\/mirmar\/wp-content\/uploads\/2021\/03\/mirmar_logo.png","contentUrl":"http:\/\/dafinoo.eu\/mirmar\/wp-content\/uploads\/2021\/03\/mirmar_logo.png","width":256,"height":60,"caption":"MIR-MAR"},"image":{"@id":"http:\/\/dafinoo.eu\/mirmar\/#\/schema\/logo\/image\/"},"sameAs":["https:\/\/facebook.com\/mirmareshop"]}]}},"_links":{"self":[{"href":"http:\/\/dafinoo.eu\/mirmar\/wp-json\/wp\/v2\/product\/39115","targetHints":{"allow":["GET"]}}],"collection":[{"href":"http:\/\/dafinoo.eu\/mirmar\/wp-json\/wp\/v2\/product"}],"about":[{"href":"http:\/\/dafinoo.eu\/mirmar\/wp-json\/wp\/v2\/types\/product"}],"replies":[{"embeddable":true,"href":"http:\/\/dafinoo.eu\/mirmar\/wp-json\/wp\/v2\/comments?post=39115"}],"wp:featuredmedia":[{"embeddable":true,"href":"http:\/\/dafinoo.eu\/mirmar\/wp-json\/wp\/v2\/media\/39116"}],"wp:attachment":[{"href":"http:\/\/dafinoo.eu\/mirmar\/wp-json\/wp\/v2\/media?parent=39115"}],"wp:term":[{"taxonomy":"product_cat","embeddable":true,"href":"http:\/\/dafinoo.eu\/mirmar\/wp-json\/wp\/v2\/product_cat?post=39115"},{"taxonomy":"product_tag","embeddable":true,"href":"http:\/\/dafinoo.eu\/mirmar\/wp-json\/wp\/v2\/product_tag?post=39115"}],"curies":[{"name":"wp","href":"https:\/\/api.w.org\/{rel}","templated":true}]}}