{"id":39360,"date":"2021-03-15T17:34:21","date_gmt":"2021-03-15T16:34:21","guid":{"rendered":"http:\/\/dafinoo.eu\/mirmar\/product\/priruba-pre-vrtaky-so-zavitom-so-6-otvormi-125-unc-p-416-60\/"},"modified":"2021-04-21T14:37:47","modified_gmt":"2021-04-21T12:37:47","slug":"priruba-pre-vrtaky-so-zavitom-so-6-otvormi-125-unc-p-416-60","status":"publish","type":"product","link":"http:\/\/dafinoo.eu\/mirmar\/obchod\/priruba-pre-vrtaky-so-zavitom-so-6-otvormi-125-unc-p-416-60\/","title":{"rendered":"Makita Pr\u00edruba pre vrt\u00e1ky so &#8220;z\u00e1vitom&#8221; so 6 otvormi 1,25&#8243; UNC P-416 60"},"content":{"rendered":"<p>Pr\u00edruba pre vrt\u00e1ky so &#8220;z\u00e1vitom&#8221;<\/p>\n","protected":false},"excerpt":{"rendered":"<p>Pr\u00edruba pre vrt\u00e1ky so &#8220;z\u00e1vitom&#8221; so 6 otvormi 1,25&#8243; UNC<\/p>\n","protected":false},"featured_media":0,"comment_status":"closed","ping_status":"open","template":"","meta":{"_lmt_disableupdate":"","_lmt_disable":""},"product_cat":[3051,3369],"product_tag":[],"class_list":{"0":"post-39360","1":"product","2":"type-product","3":"status-publish","5":"product_cat-makita","6":"product_cat-makita-prislusenstvo","7":"ts_product_brand-makita","9":"first","10":"instock","11":"taxable","12":"shipping-taxable","13":"purchasable","14":"product-type-simple"},"yoast_head":"<!-- This site is optimized with the Yoast SEO plugin v27.3 - https:\/\/yoast.com\/product\/yoast-seo-wordpress\/ -->\n<title>Makita Pr\u00edruba pre vrt\u00e1ky so &quot;z\u00e1vitom&quot; so 6 otvormi 1,25&quot; UNC P-416 60 - MIR-MAR<\/title>\n<meta name=\"robots\" content=\"index, follow, max-snippet:-1, max-image-preview:large, max-video-preview:-1\" \/>\n<link rel=\"canonical\" href=\"http:\/\/dafinoo.eu\/mirmar\/obchod\/priruba-pre-vrtaky-so-zavitom-so-6-otvormi-125-unc-p-416-60\/\" \/>\n<meta property=\"og:locale\" content=\"sk_SK\" \/>\n<meta property=\"og:type\" content=\"article\" \/>\n<meta property=\"og:title\" content=\"Makita Pr\u00edruba pre vrt\u00e1ky so &quot;z\u00e1vitom&quot; so 6 otvormi 1,25&quot; UNC P-416 60 - MIR-MAR\" \/>\n<meta property=\"og:description\" content=\"Pr\u00edruba pre vrt\u00e1ky so &quot;z\u00e1vitom&quot; so 6 otvormi 1,25&quot; UNC\" \/>\n<meta property=\"og:url\" content=\"http:\/\/dafinoo.eu\/mirmar\/obchod\/priruba-pre-vrtaky-so-zavitom-so-6-otvormi-125-unc-p-416-60\/\" \/>\n<meta property=\"og:site_name\" content=\"MIR-MAR\" \/>\n<meta property=\"article:publisher\" content=\"https:\/\/facebook.com\/mirmareshop\" \/>\n<meta property=\"article:modified_time\" content=\"2021-04-21T12:37:47+00:00\" \/>\n<meta property=\"og:image\" content=\"http:\/\/dafinoo.eu\/mirmar\/wp-content\/uploads\/2021\/03\/mirmar_logo.png\" \/>\n\t<meta property=\"og:image:width\" content=\"256\" \/>\n\t<meta property=\"og:image:height\" content=\"60\" \/>\n\t<meta property=\"og:image:type\" content=\"image\/png\" \/>\n<script type=\"application\/ld+json\" class=\"yoast-schema-graph\">{\"@context\":\"https:\\\/\\\/schema.org\",\"@graph\":[{\"@type\":\"WebPage\",\"@id\":\"http:\\\/\\\/dafinoo.eu\\\/mirmar\\\/obchod\\\/priruba-pre-vrtaky-so-zavitom-so-6-otvormi-125-unc-p-416-60\\\/\",\"url\":\"http:\\\/\\\/dafinoo.eu\\\/mirmar\\\/obchod\\\/priruba-pre-vrtaky-so-zavitom-so-6-otvormi-125-unc-p-416-60\\\/\",\"name\":\"Makita Pr\u00edruba pre vrt\u00e1ky so \\\"z\u00e1vitom\\\" so 6 otvormi 1,25\\\" UNC P-416 60 - MIR-MAR\",\"isPartOf\":{\"@id\":\"http:\\\/\\\/dafinoo.eu\\\/mirmar\\\/#website\"},\"datePublished\":\"2021-03-15T16:34:21+00:00\",\"dateModified\":\"2021-04-21T12:37:47+00:00\",\"breadcrumb\":{\"@id\":\"http:\\\/\\\/dafinoo.eu\\\/mirmar\\\/obchod\\\/priruba-pre-vrtaky-so-zavitom-so-6-otvormi-125-unc-p-416-60\\\/#breadcrumb\"},\"inLanguage\":\"sk-SK\",\"potentialAction\":[{\"@type\":\"ReadAction\",\"target\":[\"http:\\\/\\\/dafinoo.eu\\\/mirmar\\\/obchod\\\/priruba-pre-vrtaky-so-zavitom-so-6-otvormi-125-unc-p-416-60\\\/\"]}]},{\"@type\":\"BreadcrumbList\",\"@id\":\"http:\\\/\\\/dafinoo.eu\\\/mirmar\\\/obchod\\\/priruba-pre-vrtaky-so-zavitom-so-6-otvormi-125-unc-p-416-60\\\/#breadcrumb\",\"itemListElement\":[{\"@type\":\"ListItem\",\"position\":1,\"name\":\"Domovsk\u00e1 str\u00e1nka\",\"item\":\"http:\\\/\\\/dafinoo.eu\\\/mirmar\\\/\"},{\"@type\":\"ListItem\",\"position\":2,\"name\":\"Obchod\",\"item\":\"http:\\\/\\\/dafinoo.eu\\\/mirmar\\\/obchod\\\/\"},{\"@type\":\"ListItem\",\"position\":3,\"name\":\"Makita Pr\u00edruba pre vrt\u00e1ky so &#8220;z\u00e1vitom&#8221; so 6 otvormi 1,25&#8243; UNC P-416 60\"}]},{\"@type\":\"WebSite\",\"@id\":\"http:\\\/\\\/dafinoo.eu\\\/mirmar\\\/#website\",\"url\":\"http:\\\/\\\/dafinoo.eu\\\/mirmar\\\/\",\"name\":\"MIR-MAR\",\"description\":\"Eshop s n\u00e1rad\u00edm\",\"publisher\":{\"@id\":\"http:\\\/\\\/dafinoo.eu\\\/mirmar\\\/#organization\"},\"potentialAction\":[{\"@type\":\"SearchAction\",\"target\":{\"@type\":\"EntryPoint\",\"urlTemplate\":\"http:\\\/\\\/dafinoo.eu\\\/mirmar\\\/?s={search_term_string}\"},\"query-input\":{\"@type\":\"PropertyValueSpecification\",\"valueRequired\":true,\"valueName\":\"search_term_string\"}}],\"inLanguage\":\"sk-SK\"},{\"@type\":\"Organization\",\"@id\":\"http:\\\/\\\/dafinoo.eu\\\/mirmar\\\/#organization\",\"name\":\"MIR-MAR\",\"url\":\"http:\\\/\\\/dafinoo.eu\\\/mirmar\\\/\",\"logo\":{\"@type\":\"ImageObject\",\"inLanguage\":\"sk-SK\",\"@id\":\"http:\\\/\\\/dafinoo.eu\\\/mirmar\\\/#\\\/schema\\\/logo\\\/image\\\/\",\"url\":\"http:\\\/\\\/dafinoo.eu\\\/mirmar\\\/wp-content\\\/uploads\\\/2021\\\/03\\\/mirmar_logo.png\",\"contentUrl\":\"http:\\\/\\\/dafinoo.eu\\\/mirmar\\\/wp-content\\\/uploads\\\/2021\\\/03\\\/mirmar_logo.png\",\"width\":256,\"height\":60,\"caption\":\"MIR-MAR\"},\"image\":{\"@id\":\"http:\\\/\\\/dafinoo.eu\\\/mirmar\\\/#\\\/schema\\\/logo\\\/image\\\/\"},\"sameAs\":[\"https:\\\/\\\/facebook.com\\\/mirmareshop\"]}]}<\/script>\n<!-- \/ Yoast SEO plugin. -->","yoast_head_json":{"title":"Makita Pr\u00edruba pre vrt\u00e1ky so \"z\u00e1vitom\" so 6 otvormi 1,25\" UNC P-416 60 - MIR-MAR","robots":{"index":"index","follow":"follow","max-snippet":"max-snippet:-1","max-image-preview":"max-image-preview:large","max-video-preview":"max-video-preview:-1"},"canonical":"http:\/\/dafinoo.eu\/mirmar\/obchod\/priruba-pre-vrtaky-so-zavitom-so-6-otvormi-125-unc-p-416-60\/","og_locale":"sk_SK","og_type":"article","og_title":"Makita Pr\u00edruba pre vrt\u00e1ky so \"z\u00e1vitom\" so 6 otvormi 1,25\" UNC P-416 60 - MIR-MAR","og_description":"Pr\u00edruba pre vrt\u00e1ky so \"z\u00e1vitom\" so 6 otvormi 1,25\" UNC","og_url":"http:\/\/dafinoo.eu\/mirmar\/obchod\/priruba-pre-vrtaky-so-zavitom-so-6-otvormi-125-unc-p-416-60\/","og_site_name":"MIR-MAR","article_publisher":"https:\/\/facebook.com\/mirmareshop","article_modified_time":"2021-04-21T12:37:47+00:00","og_image":[{"width":256,"height":60,"url":"http:\/\/dafinoo.eu\/mirmar\/wp-content\/uploads\/2021\/03\/mirmar_logo.png","type":"image\/png"}],"schema":{"@context":"https:\/\/schema.org","@graph":[{"@type":"WebPage","@id":"http:\/\/dafinoo.eu\/mirmar\/obchod\/priruba-pre-vrtaky-so-zavitom-so-6-otvormi-125-unc-p-416-60\/","url":"http:\/\/dafinoo.eu\/mirmar\/obchod\/priruba-pre-vrtaky-so-zavitom-so-6-otvormi-125-unc-p-416-60\/","name":"Makita Pr\u00edruba pre vrt\u00e1ky so \"z\u00e1vitom\" so 6 otvormi 1,25\" UNC P-416 60 - MIR-MAR","isPartOf":{"@id":"http:\/\/dafinoo.eu\/mirmar\/#website"},"datePublished":"2021-03-15T16:34:21+00:00","dateModified":"2021-04-21T12:37:47+00:00","breadcrumb":{"@id":"http:\/\/dafinoo.eu\/mirmar\/obchod\/priruba-pre-vrtaky-so-zavitom-so-6-otvormi-125-unc-p-416-60\/#breadcrumb"},"inLanguage":"sk-SK","potentialAction":[{"@type":"ReadAction","target":["http:\/\/dafinoo.eu\/mirmar\/obchod\/priruba-pre-vrtaky-so-zavitom-so-6-otvormi-125-unc-p-416-60\/"]}]},{"@type":"BreadcrumbList","@id":"http:\/\/dafinoo.eu\/mirmar\/obchod\/priruba-pre-vrtaky-so-zavitom-so-6-otvormi-125-unc-p-416-60\/#breadcrumb","itemListElement":[{"@type":"ListItem","position":1,"name":"Domovsk\u00e1 str\u00e1nka","item":"http:\/\/dafinoo.eu\/mirmar\/"},{"@type":"ListItem","position":2,"name":"Obchod","item":"http:\/\/dafinoo.eu\/mirmar\/obchod\/"},{"@type":"ListItem","position":3,"name":"Makita Pr\u00edruba pre vrt\u00e1ky so &#8220;z\u00e1vitom&#8221; so 6 otvormi 1,25&#8243; UNC P-416 60"}]},{"@type":"WebSite","@id":"http:\/\/dafinoo.eu\/mirmar\/#website","url":"http:\/\/dafinoo.eu\/mirmar\/","name":"MIR-MAR","description":"Eshop s n\u00e1rad\u00edm","publisher":{"@id":"http:\/\/dafinoo.eu\/mirmar\/#organization"},"potentialAction":[{"@type":"SearchAction","target":{"@type":"EntryPoint","urlTemplate":"http:\/\/dafinoo.eu\/mirmar\/?s={search_term_string}"},"query-input":{"@type":"PropertyValueSpecification","valueRequired":true,"valueName":"search_term_string"}}],"inLanguage":"sk-SK"},{"@type":"Organization","@id":"http:\/\/dafinoo.eu\/mirmar\/#organization","name":"MIR-MAR","url":"http:\/\/dafinoo.eu\/mirmar\/","logo":{"@type":"ImageObject","inLanguage":"sk-SK","@id":"http:\/\/dafinoo.eu\/mirmar\/#\/schema\/logo\/image\/","url":"http:\/\/dafinoo.eu\/mirmar\/wp-content\/uploads\/2021\/03\/mirmar_logo.png","contentUrl":"http:\/\/dafinoo.eu\/mirmar\/wp-content\/uploads\/2021\/03\/mirmar_logo.png","width":256,"height":60,"caption":"MIR-MAR"},"image":{"@id":"http:\/\/dafinoo.eu\/mirmar\/#\/schema\/logo\/image\/"},"sameAs":["https:\/\/facebook.com\/mirmareshop"]}]}},"_links":{"self":[{"href":"http:\/\/dafinoo.eu\/mirmar\/wp-json\/wp\/v2\/product\/39360","targetHints":{"allow":["GET"]}}],"collection":[{"href":"http:\/\/dafinoo.eu\/mirmar\/wp-json\/wp\/v2\/product"}],"about":[{"href":"http:\/\/dafinoo.eu\/mirmar\/wp-json\/wp\/v2\/types\/product"}],"replies":[{"embeddable":true,"href":"http:\/\/dafinoo.eu\/mirmar\/wp-json\/wp\/v2\/comments?post=39360"}],"wp:attachment":[{"href":"http:\/\/dafinoo.eu\/mirmar\/wp-json\/wp\/v2\/media?parent=39360"}],"wp:term":[{"taxonomy":"product_cat","embeddable":true,"href":"http:\/\/dafinoo.eu\/mirmar\/wp-json\/wp\/v2\/product_cat?post=39360"},{"taxonomy":"product_tag","embeddable":true,"href":"http:\/\/dafinoo.eu\/mirmar\/wp-json\/wp\/v2\/product_tag?post=39360"}],"curies":[{"name":"wp","href":"https:\/\/api.w.org\/{rel}","templated":true}]}}