{"id":39436,"date":"2021-03-15T17:34:37","date_gmt":"2021-03-15T16:34:37","guid":{"rendered":"http:\/\/dafinoo.eu\/mirmar\/product\/diamantovy-rezny-kotuc-turbo-na-rezanie-nasucho-230mm-uhlove-brusky-a-889-67\/"},"modified":"2021-04-21T14:36:26","modified_gmt":"2021-04-21T12:36:26","slug":"diamantovy-rezny-kotuc-turbo-na-rezanie-nasucho-230mm-uhlove-brusky-a-889-67","status":"publish","type":"product","link":"http:\/\/dafinoo.eu\/mirmar\/obchod\/diamantovy-rezny-kotuc-turbo-na-rezanie-nasucho-230mm-uhlove-brusky-a-889-67\/","title":{"rendered":"Makita Diamantov\u00fd rezn\u00fd kot\u00fa\u010d Turbo na rezanie nasucho (230mm uhlov\u00e9 br\u00fasky) A-889 67"},"content":{"rendered":"<p>So zvlnen\u00fdmi segmentami pre lep\u0161\u00ed v\u00fdsledok rezu a vy\u0161\u0161iu odolnos\u0165 vo\u010di teplote.<\/p>\n","protected":false},"excerpt":{"rendered":"<p>Zna\u010dka \tMakita<br \/>\nPriemer (min.\/max.) \t230 mm<br \/>\nPriemer otvoru \t22,23 mm<br \/>\nHr\u00fabka \t2,4 mm<br \/>\nV\u00fd\u0161ka \t7,0 mm<\/p>\n","protected":false},"featured_media":39437,"comment_status":"closed","ping_status":"open","template":"","meta":{"_lmt_disableupdate":"","_lmt_disable":""},"product_cat":[3051,3369],"product_tag":[],"class_list":{"0":"post-39436","1":"product","2":"type-product","3":"status-publish","4":"has-post-thumbnail","6":"product_cat-makita","7":"product_cat-makita-prislusenstvo","8":"ts_product_brand-makita","10":"first","11":"instock","12":"taxable","13":"shipping-taxable","14":"purchasable","15":"product-type-simple"},"yoast_head":"<!-- This site is optimized with the Yoast SEO plugin v27.3 - https:\/\/yoast.com\/product\/yoast-seo-wordpress\/ -->\n<title>Makita Diamantov\u00fd rezn\u00fd kot\u00fa\u010d Turbo na rezanie nasucho (230mm uhlov\u00e9 br\u00fasky) A-889 67 - MIR-MAR<\/title>\n<meta name=\"robots\" content=\"index, follow, max-snippet:-1, max-image-preview:large, max-video-preview:-1\" \/>\n<link rel=\"canonical\" href=\"http:\/\/dafinoo.eu\/mirmar\/obchod\/diamantovy-rezny-kotuc-turbo-na-rezanie-nasucho-230mm-uhlove-brusky-a-889-67\/\" \/>\n<meta property=\"og:locale\" content=\"sk_SK\" \/>\n<meta property=\"og:type\" content=\"article\" \/>\n<meta property=\"og:title\" content=\"Makita Diamantov\u00fd rezn\u00fd kot\u00fa\u010d Turbo na rezanie nasucho (230mm uhlov\u00e9 br\u00fasky) A-889 67 - MIR-MAR\" \/>\n<meta property=\"og:description\" content=\"Zna\u010dka Makita Priemer (min.\/max.) 230 mm Priemer otvoru 22,23 mm Hr\u00fabka 2,4 mm V\u00fd\u0161ka 7,0 mm\" \/>\n<meta property=\"og:url\" content=\"http:\/\/dafinoo.eu\/mirmar\/obchod\/diamantovy-rezny-kotuc-turbo-na-rezanie-nasucho-230mm-uhlove-brusky-a-889-67\/\" \/>\n<meta property=\"og:site_name\" content=\"MIR-MAR\" \/>\n<meta property=\"article:publisher\" content=\"https:\/\/facebook.com\/mirmareshop\" \/>\n<meta property=\"article:modified_time\" content=\"2021-04-21T12:36:26+00:00\" \/>\n<meta property=\"og:image\" content=\"https:\/\/i1.wp.com\/www.mirmar.sk\/wp-content\/uploads\/2021\/03\/1_3_264_1.jpg?fit=290%2C290&ssl=1\" \/>\n\t<meta property=\"og:image:width\" content=\"290\" \/>\n\t<meta property=\"og:image:height\" content=\"290\" \/>\n\t<meta property=\"og:image:type\" content=\"image\/jpeg\" \/>\n<script type=\"application\/ld+json\" class=\"yoast-schema-graph\">{\"@context\":\"https:\\\/\\\/schema.org\",\"@graph\":[{\"@type\":\"WebPage\",\"@id\":\"http:\\\/\\\/dafinoo.eu\\\/mirmar\\\/obchod\\\/diamantovy-rezny-kotuc-turbo-na-rezanie-nasucho-230mm-uhlove-brusky-a-889-67\\\/\",\"url\":\"http:\\\/\\\/dafinoo.eu\\\/mirmar\\\/obchod\\\/diamantovy-rezny-kotuc-turbo-na-rezanie-nasucho-230mm-uhlove-brusky-a-889-67\\\/\",\"name\":\"Makita Diamantov\u00fd rezn\u00fd kot\u00fa\u010d Turbo na rezanie nasucho (230mm uhlov\u00e9 br\u00fasky) A-889 67 - MIR-MAR\",\"isPartOf\":{\"@id\":\"http:\\\/\\\/dafinoo.eu\\\/mirmar\\\/#website\"},\"primaryImageOfPage\":{\"@id\":\"http:\\\/\\\/dafinoo.eu\\\/mirmar\\\/obchod\\\/diamantovy-rezny-kotuc-turbo-na-rezanie-nasucho-230mm-uhlove-brusky-a-889-67\\\/#primaryimage\"},\"image\":{\"@id\":\"http:\\\/\\\/dafinoo.eu\\\/mirmar\\\/obchod\\\/diamantovy-rezny-kotuc-turbo-na-rezanie-nasucho-230mm-uhlove-brusky-a-889-67\\\/#primaryimage\"},\"thumbnailUrl\":\"http:\\\/\\\/dafinoo.eu\\\/mirmar\\\/wp-content\\\/uploads\\\/2021\\\/03\\\/1_3_264_1.jpg\",\"datePublished\":\"2021-03-15T16:34:37+00:00\",\"dateModified\":\"2021-04-21T12:36:26+00:00\",\"breadcrumb\":{\"@id\":\"http:\\\/\\\/dafinoo.eu\\\/mirmar\\\/obchod\\\/diamantovy-rezny-kotuc-turbo-na-rezanie-nasucho-230mm-uhlove-brusky-a-889-67\\\/#breadcrumb\"},\"inLanguage\":\"sk-SK\",\"potentialAction\":[{\"@type\":\"ReadAction\",\"target\":[\"http:\\\/\\\/dafinoo.eu\\\/mirmar\\\/obchod\\\/diamantovy-rezny-kotuc-turbo-na-rezanie-nasucho-230mm-uhlove-brusky-a-889-67\\\/\"]}]},{\"@type\":\"ImageObject\",\"inLanguage\":\"sk-SK\",\"@id\":\"http:\\\/\\\/dafinoo.eu\\\/mirmar\\\/obchod\\\/diamantovy-rezny-kotuc-turbo-na-rezanie-nasucho-230mm-uhlove-brusky-a-889-67\\\/#primaryimage\",\"url\":\"http:\\\/\\\/dafinoo.eu\\\/mirmar\\\/wp-content\\\/uploads\\\/2021\\\/03\\\/1_3_264_1.jpg\",\"contentUrl\":\"http:\\\/\\\/dafinoo.eu\\\/mirmar\\\/wp-content\\\/uploads\\\/2021\\\/03\\\/1_3_264_1.jpg\",\"width\":290,\"height\":290},{\"@type\":\"BreadcrumbList\",\"@id\":\"http:\\\/\\\/dafinoo.eu\\\/mirmar\\\/obchod\\\/diamantovy-rezny-kotuc-turbo-na-rezanie-nasucho-230mm-uhlove-brusky-a-889-67\\\/#breadcrumb\",\"itemListElement\":[{\"@type\":\"ListItem\",\"position\":1,\"name\":\"Domovsk\u00e1 str\u00e1nka\",\"item\":\"http:\\\/\\\/dafinoo.eu\\\/mirmar\\\/\"},{\"@type\":\"ListItem\",\"position\":2,\"name\":\"Obchod\",\"item\":\"http:\\\/\\\/dafinoo.eu\\\/mirmar\\\/obchod\\\/\"},{\"@type\":\"ListItem\",\"position\":3,\"name\":\"Makita Diamantov\u00fd rezn\u00fd kot\u00fa\u010d Turbo na rezanie nasucho (230mm uhlov\u00e9 br\u00fasky) A-889 67\"}]},{\"@type\":\"WebSite\",\"@id\":\"http:\\\/\\\/dafinoo.eu\\\/mirmar\\\/#website\",\"url\":\"http:\\\/\\\/dafinoo.eu\\\/mirmar\\\/\",\"name\":\"MIR-MAR\",\"description\":\"Eshop s n\u00e1rad\u00edm\",\"publisher\":{\"@id\":\"http:\\\/\\\/dafinoo.eu\\\/mirmar\\\/#organization\"},\"potentialAction\":[{\"@type\":\"SearchAction\",\"target\":{\"@type\":\"EntryPoint\",\"urlTemplate\":\"http:\\\/\\\/dafinoo.eu\\\/mirmar\\\/?s={search_term_string}\"},\"query-input\":{\"@type\":\"PropertyValueSpecification\",\"valueRequired\":true,\"valueName\":\"search_term_string\"}}],\"inLanguage\":\"sk-SK\"},{\"@type\":\"Organization\",\"@id\":\"http:\\\/\\\/dafinoo.eu\\\/mirmar\\\/#organization\",\"name\":\"MIR-MAR\",\"url\":\"http:\\\/\\\/dafinoo.eu\\\/mirmar\\\/\",\"logo\":{\"@type\":\"ImageObject\",\"inLanguage\":\"sk-SK\",\"@id\":\"http:\\\/\\\/dafinoo.eu\\\/mirmar\\\/#\\\/schema\\\/logo\\\/image\\\/\",\"url\":\"http:\\\/\\\/dafinoo.eu\\\/mirmar\\\/wp-content\\\/uploads\\\/2021\\\/03\\\/mirmar_logo.png\",\"contentUrl\":\"http:\\\/\\\/dafinoo.eu\\\/mirmar\\\/wp-content\\\/uploads\\\/2021\\\/03\\\/mirmar_logo.png\",\"width\":256,\"height\":60,\"caption\":\"MIR-MAR\"},\"image\":{\"@id\":\"http:\\\/\\\/dafinoo.eu\\\/mirmar\\\/#\\\/schema\\\/logo\\\/image\\\/\"},\"sameAs\":[\"https:\\\/\\\/facebook.com\\\/mirmareshop\"]}]}<\/script>\n<!-- \/ Yoast SEO plugin. -->","yoast_head_json":{"title":"Makita Diamantov\u00fd rezn\u00fd kot\u00fa\u010d Turbo na rezanie nasucho (230mm uhlov\u00e9 br\u00fasky) A-889 67 - MIR-MAR","robots":{"index":"index","follow":"follow","max-snippet":"max-snippet:-1","max-image-preview":"max-image-preview:large","max-video-preview":"max-video-preview:-1"},"canonical":"http:\/\/dafinoo.eu\/mirmar\/obchod\/diamantovy-rezny-kotuc-turbo-na-rezanie-nasucho-230mm-uhlove-brusky-a-889-67\/","og_locale":"sk_SK","og_type":"article","og_title":"Makita Diamantov\u00fd rezn\u00fd kot\u00fa\u010d Turbo na rezanie nasucho (230mm uhlov\u00e9 br\u00fasky) A-889 67 - MIR-MAR","og_description":"Zna\u010dka Makita Priemer (min.\/max.) 230 mm Priemer otvoru 22,23 mm Hr\u00fabka 2,4 mm V\u00fd\u0161ka 7,0 mm","og_url":"http:\/\/dafinoo.eu\/mirmar\/obchod\/diamantovy-rezny-kotuc-turbo-na-rezanie-nasucho-230mm-uhlove-brusky-a-889-67\/","og_site_name":"MIR-MAR","article_publisher":"https:\/\/facebook.com\/mirmareshop","article_modified_time":"2021-04-21T12:36:26+00:00","og_image":[{"width":290,"height":290,"url":"https:\/\/i1.wp.com\/www.mirmar.sk\/wp-content\/uploads\/2021\/03\/1_3_264_1.jpg?fit=290%2C290&ssl=1","type":"image\/jpeg"}],"schema":{"@context":"https:\/\/schema.org","@graph":[{"@type":"WebPage","@id":"http:\/\/dafinoo.eu\/mirmar\/obchod\/diamantovy-rezny-kotuc-turbo-na-rezanie-nasucho-230mm-uhlove-brusky-a-889-67\/","url":"http:\/\/dafinoo.eu\/mirmar\/obchod\/diamantovy-rezny-kotuc-turbo-na-rezanie-nasucho-230mm-uhlove-brusky-a-889-67\/","name":"Makita Diamantov\u00fd rezn\u00fd kot\u00fa\u010d Turbo na rezanie nasucho (230mm uhlov\u00e9 br\u00fasky) A-889 67 - MIR-MAR","isPartOf":{"@id":"http:\/\/dafinoo.eu\/mirmar\/#website"},"primaryImageOfPage":{"@id":"http:\/\/dafinoo.eu\/mirmar\/obchod\/diamantovy-rezny-kotuc-turbo-na-rezanie-nasucho-230mm-uhlove-brusky-a-889-67\/#primaryimage"},"image":{"@id":"http:\/\/dafinoo.eu\/mirmar\/obchod\/diamantovy-rezny-kotuc-turbo-na-rezanie-nasucho-230mm-uhlove-brusky-a-889-67\/#primaryimage"},"thumbnailUrl":"http:\/\/dafinoo.eu\/mirmar\/wp-content\/uploads\/2021\/03\/1_3_264_1.jpg","datePublished":"2021-03-15T16:34:37+00:00","dateModified":"2021-04-21T12:36:26+00:00","breadcrumb":{"@id":"http:\/\/dafinoo.eu\/mirmar\/obchod\/diamantovy-rezny-kotuc-turbo-na-rezanie-nasucho-230mm-uhlove-brusky-a-889-67\/#breadcrumb"},"inLanguage":"sk-SK","potentialAction":[{"@type":"ReadAction","target":["http:\/\/dafinoo.eu\/mirmar\/obchod\/diamantovy-rezny-kotuc-turbo-na-rezanie-nasucho-230mm-uhlove-brusky-a-889-67\/"]}]},{"@type":"ImageObject","inLanguage":"sk-SK","@id":"http:\/\/dafinoo.eu\/mirmar\/obchod\/diamantovy-rezny-kotuc-turbo-na-rezanie-nasucho-230mm-uhlove-brusky-a-889-67\/#primaryimage","url":"http:\/\/dafinoo.eu\/mirmar\/wp-content\/uploads\/2021\/03\/1_3_264_1.jpg","contentUrl":"http:\/\/dafinoo.eu\/mirmar\/wp-content\/uploads\/2021\/03\/1_3_264_1.jpg","width":290,"height":290},{"@type":"BreadcrumbList","@id":"http:\/\/dafinoo.eu\/mirmar\/obchod\/diamantovy-rezny-kotuc-turbo-na-rezanie-nasucho-230mm-uhlove-brusky-a-889-67\/#breadcrumb","itemListElement":[{"@type":"ListItem","position":1,"name":"Domovsk\u00e1 str\u00e1nka","item":"http:\/\/dafinoo.eu\/mirmar\/"},{"@type":"ListItem","position":2,"name":"Obchod","item":"http:\/\/dafinoo.eu\/mirmar\/obchod\/"},{"@type":"ListItem","position":3,"name":"Makita Diamantov\u00fd rezn\u00fd kot\u00fa\u010d Turbo na rezanie nasucho (230mm uhlov\u00e9 br\u00fasky) A-889 67"}]},{"@type":"WebSite","@id":"http:\/\/dafinoo.eu\/mirmar\/#website","url":"http:\/\/dafinoo.eu\/mirmar\/","name":"MIR-MAR","description":"Eshop s n\u00e1rad\u00edm","publisher":{"@id":"http:\/\/dafinoo.eu\/mirmar\/#organization"},"potentialAction":[{"@type":"SearchAction","target":{"@type":"EntryPoint","urlTemplate":"http:\/\/dafinoo.eu\/mirmar\/?s={search_term_string}"},"query-input":{"@type":"PropertyValueSpecification","valueRequired":true,"valueName":"search_term_string"}}],"inLanguage":"sk-SK"},{"@type":"Organization","@id":"http:\/\/dafinoo.eu\/mirmar\/#organization","name":"MIR-MAR","url":"http:\/\/dafinoo.eu\/mirmar\/","logo":{"@type":"ImageObject","inLanguage":"sk-SK","@id":"http:\/\/dafinoo.eu\/mirmar\/#\/schema\/logo\/image\/","url":"http:\/\/dafinoo.eu\/mirmar\/wp-content\/uploads\/2021\/03\/mirmar_logo.png","contentUrl":"http:\/\/dafinoo.eu\/mirmar\/wp-content\/uploads\/2021\/03\/mirmar_logo.png","width":256,"height":60,"caption":"MIR-MAR"},"image":{"@id":"http:\/\/dafinoo.eu\/mirmar\/#\/schema\/logo\/image\/"},"sameAs":["https:\/\/facebook.com\/mirmareshop"]}]}},"_links":{"self":[{"href":"http:\/\/dafinoo.eu\/mirmar\/wp-json\/wp\/v2\/product\/39436","targetHints":{"allow":["GET"]}}],"collection":[{"href":"http:\/\/dafinoo.eu\/mirmar\/wp-json\/wp\/v2\/product"}],"about":[{"href":"http:\/\/dafinoo.eu\/mirmar\/wp-json\/wp\/v2\/types\/product"}],"replies":[{"embeddable":true,"href":"http:\/\/dafinoo.eu\/mirmar\/wp-json\/wp\/v2\/comments?post=39436"}],"wp:featuredmedia":[{"embeddable":true,"href":"http:\/\/dafinoo.eu\/mirmar\/wp-json\/wp\/v2\/media\/39437"}],"wp:attachment":[{"href":"http:\/\/dafinoo.eu\/mirmar\/wp-json\/wp\/v2\/media?parent=39436"}],"wp:term":[{"taxonomy":"product_cat","embeddable":true,"href":"http:\/\/dafinoo.eu\/mirmar\/wp-json\/wp\/v2\/product_cat?post=39436"},{"taxonomy":"product_tag","embeddable":true,"href":"http:\/\/dafinoo.eu\/mirmar\/wp-json\/wp\/v2\/product_tag?post=39436"}],"curies":[{"name":"wp","href":"https:\/\/api.w.org\/{rel}","templated":true}]}}