{"id":39484,"date":"2021-03-15T17:34:45","date_gmt":"2021-03-15T16:34:45","guid":{"rendered":"http:\/\/dafinoo.eu\/mirmar\/product\/segmentovany-diamantovy-rezny-kotuc-na-rezanie-nasucho-125mm-uhlove-brusky-a-027-05\/"},"modified":"2021-04-21T14:35:39","modified_gmt":"2021-04-21T12:35:39","slug":"segmentovany-diamantovy-rezny-kotuc-na-rezanie-nasucho-125mm-uhlove-brusky-a-027-05","status":"publish","type":"product","link":"http:\/\/dafinoo.eu\/mirmar\/obchod\/segmentovany-diamantovy-rezny-kotuc-na-rezanie-nasucho-125mm-uhlove-brusky-a-027-05\/","title":{"rendered":"Makita Segmentovan\u00fd diamantov\u00fd rezn\u00fd kot\u00fa\u010d na rezanie nasucho (125mm uhlov\u00e9 br\u00fasky) A-027 05"},"content":{"rendered":"<p>S ve\u013emi hrub\u00fdmi segmentami na odstra\u0148ovanie malty zo \u0161k\u00e1r.<br \/>\nVhodn\u00fd aj na dr\u00e1\u017ekovanie do \u017euly.<br \/>\nNa pou\u017e\u00edvanie s uhlov\u00fdmi br\u00faskami do max. 12 400 min\u02c9\u00b9<\/p>\n","protected":false},"excerpt":{"rendered":"<p>Zna\u010dka \tMakita<br \/>\nPriemer (min.\/max.) \t125 mm<br \/>\nPriemer otvoru \t22,23 mm<br \/>\nHr\u00fabka \t4,5 mm<br \/>\nV\u00fd\u0161ka \t8,0 mm<\/p>\n","protected":false},"featured_media":39485,"comment_status":"closed","ping_status":"open","template":"","meta":{"_lmt_disableupdate":"","_lmt_disable":""},"product_cat":[3051,3369],"product_tag":[],"class_list":{"0":"post-39484","1":"product","2":"type-product","3":"status-publish","4":"has-post-thumbnail","6":"product_cat-makita","7":"product_cat-makita-prislusenstvo","8":"ts_product_brand-makita","10":"first","11":"instock","12":"taxable","13":"shipping-taxable","14":"purchasable","15":"product-type-simple"},"yoast_head":"<!-- This site is optimized with the Yoast SEO plugin v27.3 - https:\/\/yoast.com\/product\/yoast-seo-wordpress\/ -->\n<title>Makita Segmentovan\u00fd diamantov\u00fd rezn\u00fd kot\u00fa\u010d na rezanie nasucho (125mm uhlov\u00e9 br\u00fasky) A-027 05 - MIR-MAR<\/title>\n<meta name=\"robots\" content=\"index, follow, max-snippet:-1, max-image-preview:large, max-video-preview:-1\" \/>\n<link rel=\"canonical\" href=\"http:\/\/dafinoo.eu\/mirmar\/obchod\/segmentovany-diamantovy-rezny-kotuc-na-rezanie-nasucho-125mm-uhlove-brusky-a-027-05\/\" \/>\n<meta property=\"og:locale\" content=\"sk_SK\" \/>\n<meta property=\"og:type\" content=\"article\" \/>\n<meta property=\"og:title\" content=\"Makita Segmentovan\u00fd diamantov\u00fd rezn\u00fd kot\u00fa\u010d na rezanie nasucho (125mm uhlov\u00e9 br\u00fasky) A-027 05 - MIR-MAR\" \/>\n<meta property=\"og:description\" content=\"Zna\u010dka Makita Priemer (min.\/max.) 125 mm Priemer otvoru 22,23 mm Hr\u00fabka 4,5 mm V\u00fd\u0161ka 8,0 mm\" \/>\n<meta property=\"og:url\" content=\"http:\/\/dafinoo.eu\/mirmar\/obchod\/segmentovany-diamantovy-rezny-kotuc-na-rezanie-nasucho-125mm-uhlove-brusky-a-027-05\/\" \/>\n<meta property=\"og:site_name\" content=\"MIR-MAR\" \/>\n<meta property=\"article:publisher\" content=\"https:\/\/facebook.com\/mirmareshop\" \/>\n<meta property=\"article:modified_time\" content=\"2021-04-21T12:35:39+00:00\" \/>\n<meta property=\"og:image\" content=\"https:\/\/i0.wp.com\/www.mirmar.sk\/wp-content\/uploads\/2021\/03\/5_3_21_1.jpg?fit=227%2C227&ssl=1\" \/>\n\t<meta property=\"og:image:width\" content=\"227\" \/>\n\t<meta property=\"og:image:height\" content=\"227\" \/>\n\t<meta property=\"og:image:type\" content=\"image\/jpeg\" \/>\n<script type=\"application\/ld+json\" class=\"yoast-schema-graph\">{\"@context\":\"https:\\\/\\\/schema.org\",\"@graph\":[{\"@type\":\"WebPage\",\"@id\":\"http:\\\/\\\/dafinoo.eu\\\/mirmar\\\/obchod\\\/segmentovany-diamantovy-rezny-kotuc-na-rezanie-nasucho-125mm-uhlove-brusky-a-027-05\\\/\",\"url\":\"http:\\\/\\\/dafinoo.eu\\\/mirmar\\\/obchod\\\/segmentovany-diamantovy-rezny-kotuc-na-rezanie-nasucho-125mm-uhlove-brusky-a-027-05\\\/\",\"name\":\"Makita Segmentovan\u00fd diamantov\u00fd rezn\u00fd kot\u00fa\u010d na rezanie nasucho (125mm uhlov\u00e9 br\u00fasky) A-027 05 - MIR-MAR\",\"isPartOf\":{\"@id\":\"http:\\\/\\\/dafinoo.eu\\\/mirmar\\\/#website\"},\"primaryImageOfPage\":{\"@id\":\"http:\\\/\\\/dafinoo.eu\\\/mirmar\\\/obchod\\\/segmentovany-diamantovy-rezny-kotuc-na-rezanie-nasucho-125mm-uhlove-brusky-a-027-05\\\/#primaryimage\"},\"image\":{\"@id\":\"http:\\\/\\\/dafinoo.eu\\\/mirmar\\\/obchod\\\/segmentovany-diamantovy-rezny-kotuc-na-rezanie-nasucho-125mm-uhlove-brusky-a-027-05\\\/#primaryimage\"},\"thumbnailUrl\":\"http:\\\/\\\/dafinoo.eu\\\/mirmar\\\/wp-content\\\/uploads\\\/2021\\\/03\\\/5_3_21_1.jpg\",\"datePublished\":\"2021-03-15T16:34:45+00:00\",\"dateModified\":\"2021-04-21T12:35:39+00:00\",\"breadcrumb\":{\"@id\":\"http:\\\/\\\/dafinoo.eu\\\/mirmar\\\/obchod\\\/segmentovany-diamantovy-rezny-kotuc-na-rezanie-nasucho-125mm-uhlove-brusky-a-027-05\\\/#breadcrumb\"},\"inLanguage\":\"sk-SK\",\"potentialAction\":[{\"@type\":\"ReadAction\",\"target\":[\"http:\\\/\\\/dafinoo.eu\\\/mirmar\\\/obchod\\\/segmentovany-diamantovy-rezny-kotuc-na-rezanie-nasucho-125mm-uhlove-brusky-a-027-05\\\/\"]}]},{\"@type\":\"ImageObject\",\"inLanguage\":\"sk-SK\",\"@id\":\"http:\\\/\\\/dafinoo.eu\\\/mirmar\\\/obchod\\\/segmentovany-diamantovy-rezny-kotuc-na-rezanie-nasucho-125mm-uhlove-brusky-a-027-05\\\/#primaryimage\",\"url\":\"http:\\\/\\\/dafinoo.eu\\\/mirmar\\\/wp-content\\\/uploads\\\/2021\\\/03\\\/5_3_21_1.jpg\",\"contentUrl\":\"http:\\\/\\\/dafinoo.eu\\\/mirmar\\\/wp-content\\\/uploads\\\/2021\\\/03\\\/5_3_21_1.jpg\",\"width\":227,\"height\":227},{\"@type\":\"BreadcrumbList\",\"@id\":\"http:\\\/\\\/dafinoo.eu\\\/mirmar\\\/obchod\\\/segmentovany-diamantovy-rezny-kotuc-na-rezanie-nasucho-125mm-uhlove-brusky-a-027-05\\\/#breadcrumb\",\"itemListElement\":[{\"@type\":\"ListItem\",\"position\":1,\"name\":\"Domovsk\u00e1 str\u00e1nka\",\"item\":\"http:\\\/\\\/dafinoo.eu\\\/mirmar\\\/\"},{\"@type\":\"ListItem\",\"position\":2,\"name\":\"Obchod\",\"item\":\"http:\\\/\\\/dafinoo.eu\\\/mirmar\\\/obchod\\\/\"},{\"@type\":\"ListItem\",\"position\":3,\"name\":\"Makita Segmentovan\u00fd diamantov\u00fd rezn\u00fd kot\u00fa\u010d na rezanie nasucho (125mm uhlov\u00e9 br\u00fasky) A-027 05\"}]},{\"@type\":\"WebSite\",\"@id\":\"http:\\\/\\\/dafinoo.eu\\\/mirmar\\\/#website\",\"url\":\"http:\\\/\\\/dafinoo.eu\\\/mirmar\\\/\",\"name\":\"MIR-MAR\",\"description\":\"Eshop s n\u00e1rad\u00edm\",\"publisher\":{\"@id\":\"http:\\\/\\\/dafinoo.eu\\\/mirmar\\\/#organization\"},\"potentialAction\":[{\"@type\":\"SearchAction\",\"target\":{\"@type\":\"EntryPoint\",\"urlTemplate\":\"http:\\\/\\\/dafinoo.eu\\\/mirmar\\\/?s={search_term_string}\"},\"query-input\":{\"@type\":\"PropertyValueSpecification\",\"valueRequired\":true,\"valueName\":\"search_term_string\"}}],\"inLanguage\":\"sk-SK\"},{\"@type\":\"Organization\",\"@id\":\"http:\\\/\\\/dafinoo.eu\\\/mirmar\\\/#organization\",\"name\":\"MIR-MAR\",\"url\":\"http:\\\/\\\/dafinoo.eu\\\/mirmar\\\/\",\"logo\":{\"@type\":\"ImageObject\",\"inLanguage\":\"sk-SK\",\"@id\":\"http:\\\/\\\/dafinoo.eu\\\/mirmar\\\/#\\\/schema\\\/logo\\\/image\\\/\",\"url\":\"http:\\\/\\\/dafinoo.eu\\\/mirmar\\\/wp-content\\\/uploads\\\/2021\\\/03\\\/mirmar_logo.png\",\"contentUrl\":\"http:\\\/\\\/dafinoo.eu\\\/mirmar\\\/wp-content\\\/uploads\\\/2021\\\/03\\\/mirmar_logo.png\",\"width\":256,\"height\":60,\"caption\":\"MIR-MAR\"},\"image\":{\"@id\":\"http:\\\/\\\/dafinoo.eu\\\/mirmar\\\/#\\\/schema\\\/logo\\\/image\\\/\"},\"sameAs\":[\"https:\\\/\\\/facebook.com\\\/mirmareshop\"]}]}<\/script>\n<!-- \/ Yoast SEO plugin. -->","yoast_head_json":{"title":"Makita Segmentovan\u00fd diamantov\u00fd rezn\u00fd kot\u00fa\u010d na rezanie nasucho (125mm uhlov\u00e9 br\u00fasky) A-027 05 - MIR-MAR","robots":{"index":"index","follow":"follow","max-snippet":"max-snippet:-1","max-image-preview":"max-image-preview:large","max-video-preview":"max-video-preview:-1"},"canonical":"http:\/\/dafinoo.eu\/mirmar\/obchod\/segmentovany-diamantovy-rezny-kotuc-na-rezanie-nasucho-125mm-uhlove-brusky-a-027-05\/","og_locale":"sk_SK","og_type":"article","og_title":"Makita Segmentovan\u00fd diamantov\u00fd rezn\u00fd kot\u00fa\u010d na rezanie nasucho (125mm uhlov\u00e9 br\u00fasky) A-027 05 - MIR-MAR","og_description":"Zna\u010dka Makita Priemer (min.\/max.) 125 mm Priemer otvoru 22,23 mm Hr\u00fabka 4,5 mm V\u00fd\u0161ka 8,0 mm","og_url":"http:\/\/dafinoo.eu\/mirmar\/obchod\/segmentovany-diamantovy-rezny-kotuc-na-rezanie-nasucho-125mm-uhlove-brusky-a-027-05\/","og_site_name":"MIR-MAR","article_publisher":"https:\/\/facebook.com\/mirmareshop","article_modified_time":"2021-04-21T12:35:39+00:00","og_image":[{"width":227,"height":227,"url":"https:\/\/i0.wp.com\/www.mirmar.sk\/wp-content\/uploads\/2021\/03\/5_3_21_1.jpg?fit=227%2C227&ssl=1","type":"image\/jpeg"}],"schema":{"@context":"https:\/\/schema.org","@graph":[{"@type":"WebPage","@id":"http:\/\/dafinoo.eu\/mirmar\/obchod\/segmentovany-diamantovy-rezny-kotuc-na-rezanie-nasucho-125mm-uhlove-brusky-a-027-05\/","url":"http:\/\/dafinoo.eu\/mirmar\/obchod\/segmentovany-diamantovy-rezny-kotuc-na-rezanie-nasucho-125mm-uhlove-brusky-a-027-05\/","name":"Makita Segmentovan\u00fd diamantov\u00fd rezn\u00fd kot\u00fa\u010d na rezanie nasucho (125mm uhlov\u00e9 br\u00fasky) A-027 05 - MIR-MAR","isPartOf":{"@id":"http:\/\/dafinoo.eu\/mirmar\/#website"},"primaryImageOfPage":{"@id":"http:\/\/dafinoo.eu\/mirmar\/obchod\/segmentovany-diamantovy-rezny-kotuc-na-rezanie-nasucho-125mm-uhlove-brusky-a-027-05\/#primaryimage"},"image":{"@id":"http:\/\/dafinoo.eu\/mirmar\/obchod\/segmentovany-diamantovy-rezny-kotuc-na-rezanie-nasucho-125mm-uhlove-brusky-a-027-05\/#primaryimage"},"thumbnailUrl":"http:\/\/dafinoo.eu\/mirmar\/wp-content\/uploads\/2021\/03\/5_3_21_1.jpg","datePublished":"2021-03-15T16:34:45+00:00","dateModified":"2021-04-21T12:35:39+00:00","breadcrumb":{"@id":"http:\/\/dafinoo.eu\/mirmar\/obchod\/segmentovany-diamantovy-rezny-kotuc-na-rezanie-nasucho-125mm-uhlove-brusky-a-027-05\/#breadcrumb"},"inLanguage":"sk-SK","potentialAction":[{"@type":"ReadAction","target":["http:\/\/dafinoo.eu\/mirmar\/obchod\/segmentovany-diamantovy-rezny-kotuc-na-rezanie-nasucho-125mm-uhlove-brusky-a-027-05\/"]}]},{"@type":"ImageObject","inLanguage":"sk-SK","@id":"http:\/\/dafinoo.eu\/mirmar\/obchod\/segmentovany-diamantovy-rezny-kotuc-na-rezanie-nasucho-125mm-uhlove-brusky-a-027-05\/#primaryimage","url":"http:\/\/dafinoo.eu\/mirmar\/wp-content\/uploads\/2021\/03\/5_3_21_1.jpg","contentUrl":"http:\/\/dafinoo.eu\/mirmar\/wp-content\/uploads\/2021\/03\/5_3_21_1.jpg","width":227,"height":227},{"@type":"BreadcrumbList","@id":"http:\/\/dafinoo.eu\/mirmar\/obchod\/segmentovany-diamantovy-rezny-kotuc-na-rezanie-nasucho-125mm-uhlove-brusky-a-027-05\/#breadcrumb","itemListElement":[{"@type":"ListItem","position":1,"name":"Domovsk\u00e1 str\u00e1nka","item":"http:\/\/dafinoo.eu\/mirmar\/"},{"@type":"ListItem","position":2,"name":"Obchod","item":"http:\/\/dafinoo.eu\/mirmar\/obchod\/"},{"@type":"ListItem","position":3,"name":"Makita Segmentovan\u00fd diamantov\u00fd rezn\u00fd kot\u00fa\u010d na rezanie nasucho (125mm uhlov\u00e9 br\u00fasky) A-027 05"}]},{"@type":"WebSite","@id":"http:\/\/dafinoo.eu\/mirmar\/#website","url":"http:\/\/dafinoo.eu\/mirmar\/","name":"MIR-MAR","description":"Eshop s n\u00e1rad\u00edm","publisher":{"@id":"http:\/\/dafinoo.eu\/mirmar\/#organization"},"potentialAction":[{"@type":"SearchAction","target":{"@type":"EntryPoint","urlTemplate":"http:\/\/dafinoo.eu\/mirmar\/?s={search_term_string}"},"query-input":{"@type":"PropertyValueSpecification","valueRequired":true,"valueName":"search_term_string"}}],"inLanguage":"sk-SK"},{"@type":"Organization","@id":"http:\/\/dafinoo.eu\/mirmar\/#organization","name":"MIR-MAR","url":"http:\/\/dafinoo.eu\/mirmar\/","logo":{"@type":"ImageObject","inLanguage":"sk-SK","@id":"http:\/\/dafinoo.eu\/mirmar\/#\/schema\/logo\/image\/","url":"http:\/\/dafinoo.eu\/mirmar\/wp-content\/uploads\/2021\/03\/mirmar_logo.png","contentUrl":"http:\/\/dafinoo.eu\/mirmar\/wp-content\/uploads\/2021\/03\/mirmar_logo.png","width":256,"height":60,"caption":"MIR-MAR"},"image":{"@id":"http:\/\/dafinoo.eu\/mirmar\/#\/schema\/logo\/image\/"},"sameAs":["https:\/\/facebook.com\/mirmareshop"]}]}},"_links":{"self":[{"href":"http:\/\/dafinoo.eu\/mirmar\/wp-json\/wp\/v2\/product\/39484","targetHints":{"allow":["GET"]}}],"collection":[{"href":"http:\/\/dafinoo.eu\/mirmar\/wp-json\/wp\/v2\/product"}],"about":[{"href":"http:\/\/dafinoo.eu\/mirmar\/wp-json\/wp\/v2\/types\/product"}],"replies":[{"embeddable":true,"href":"http:\/\/dafinoo.eu\/mirmar\/wp-json\/wp\/v2\/comments?post=39484"}],"wp:featuredmedia":[{"embeddable":true,"href":"http:\/\/dafinoo.eu\/mirmar\/wp-json\/wp\/v2\/media\/39485"}],"wp:attachment":[{"href":"http:\/\/dafinoo.eu\/mirmar\/wp-json\/wp\/v2\/media?parent=39484"}],"wp:term":[{"taxonomy":"product_cat","embeddable":true,"href":"http:\/\/dafinoo.eu\/mirmar\/wp-json\/wp\/v2\/product_cat?post=39484"},{"taxonomy":"product_tag","embeddable":true,"href":"http:\/\/dafinoo.eu\/mirmar\/wp-json\/wp\/v2\/product_tag?post=39484"}],"curies":[{"name":"wp","href":"https:\/\/api.w.org\/{rel}","templated":true}]}}